{"id":13589,"date":"2025-03-14T12:20:56","date_gmt":"2025-03-14T10:20:56","guid":{"rendered":"https:\/\/www.zoko.ro\/?page_id=13589"},"modified":"2025-03-14T12:22:22","modified_gmt":"2025-03-14T10:22:22","slug":"livrare-si-retur","status":"publish","type":"page","link":"https:\/\/www.zoko.ro\/en\/livrare-si-retur\/","title":{"rendered":"Livrare si retur"},"content":{"rendered":"<div data-elementor-type=\"wp-page\" data-elementor-id=\"13589\" class=\"elementor elementor-13589\" data-elementor-post-type=\"page\">\n\t\t\t\t<div class=\"wd-negative-gap elementor-element elementor-element-a12005d e-flex e-con-boxed e-con e-parent\" data-id=\"a12005d\" data-element_type=\"container\" data-e-type=\"container\">\n\t\t\t\t\t<div class=\"e-con-inner\">\n\t\t<div class=\"wd-sticky-container-lg elementor-element elementor-element-54c159d e-con-full wd-col-offcanvas-md-sm wd-col-offcanvas-sm e-flex wd-alignment-left e-con e-child\" data-id=\"54c159d\" data-element_type=\"container\" data-e-type=\"container\">\n\t\t\t\t<div class=\"elementor-element elementor-element-7181350 elementor-widget elementor-widget-wd_mega_menu\" data-id=\"7181350\" data-element_type=\"widget\" data-e-type=\"widget\" data-widget_type=\"wd_mega_menu.default\">\n\t\t\t\t<div class=\"elementor-widget-container\">\n\t\t\t\t\t\t\t<div class=\"wd-menu widget_nav_mega_menu\">\n\t\t\t\t\t\t<ul id=\"menu-sidebar\" class=\"menu wd-nav wd-nav-vertical wd-design-simple wd-gap-l\"><li id=\"menu-item-13633\" class=\"menu-item menu-item-type-post_type menu-item-object-page menu-item-13633 item-level-0 menu-simple-dropdown wd-event-hover\" ><a href=\"https:\/\/www.zoko.ro\/en\/livrare-si-retur\/\" class=\"woodmart-nav-link\"><span class=\"nav-link-text\">Livrare si retur<\/span><\/a><\/li>\n<li id=\"menu-item-13632\" class=\"menu-item menu-item-type-post_type menu-item-object-page menu-item-13632 item-level-0 menu-simple-dropdown wd-event-hover\" ><a href=\"https:\/\/www.zoko.ro\/en\/garantia-produselor\/\" class=\"woodmart-nav-link\"><span class=\"nav-link-text\">Garantia produselor<\/span><\/a><\/li>\n<li id=\"menu-item-13634\" class=\"menu-item menu-item-type-post_type menu-item-object-page menu-item-13634 item-level-0 menu-simple-dropdown wd-event-hover\" ><a href=\"https:\/\/www.zoko.ro\/en\/urmareste-comanda\/\" class=\"woodmart-nav-link\"><span class=\"nav-link-text\">Urm\u0103re\u0219te comanda<\/span><\/a><\/li>\n<li id=\"menu-item-13631\" class=\"menu-item menu-item-type-post_type menu-item-object-page menu-item-13631 item-level-0 menu-simple-dropdown wd-event-hover\" ><a href=\"https:\/\/www.zoko.ro\/en\/contact\/\" class=\"woodmart-nav-link\"><span class=\"nav-link-text\">Contact<\/span><\/a><\/li>\n<\/ul>\t\t<\/div>\n\t\t\t\t\t\t<\/div>\n\t\t\t\t<\/div>\n\t\t\t\t<\/div>\n\t\t<div class=\"elementor-element elementor-element-e831859 e-con-full wd-col-content-md-sm wd-col-content-sm e-flex e-con e-child\" data-id=\"e831859\" data-element_type=\"container\" data-e-type=\"container\">\n\t\t<div class=\"elementor-element elementor-element-fe25b8c e-con-full e-flex e-con e-child\" data-id=\"fe25b8c\" data-element_type=\"container\" data-e-type=\"container\">\n\t\t<div class=\"elementor-element elementor-element-b49114b e-con-full e-flex e-con e-child\" data-id=\"b49114b\" data-element_type=\"container\" data-e-type=\"container\">\n\t\t\t\t<div class=\"elementor-element elementor-element-d5ab9e5 wd-width-100 elementor-widget elementor-widget-wd_title\" data-id=\"d5ab9e5\" data-element_type=\"widget\" data-e-type=\"widget\" data-widget_type=\"wd_title.default\">\n\t\t\t\t<div class=\"elementor-widget-container\">\n\t\t\t\t\t\t\t<div class=\"title-wrapper wd-set-mb reset-last-child wd-title-color-default wd-title-style-default wd-title-size-default text-left\">\n\n\t\t\t\n\t\t\t<div class=\"liner-continer\">\n\t\t\t\t<h4 class=\"woodmart-title-container title wd-fontsize-l\">Livrare \u0219i retur<\/h4> \n\t\t\t\t\t\t\t<\/div>\n\n\t\t\t\t\t\t\t<div class=\"title-after_title reset-last-child wd-fontsize-xs\">\n\t\t\t\t\t<p><b>COMAND\u0102<\/b><\/p><p>Produsul poate fi comandat direct de pe website.<\/p><p><b>PLAT\u0102<\/b><\/p><p>Plata se poate face ramburs, cu cardul online sau prin virament bancar, cu trimiterea confirm\u0103rii c\u0103tre noi.<\/p><p><b>LIVRARE<\/b><\/p><p>Produsele comandate se livreaza prin:<br>Servicii de curierat rapid cu timpul de livrare 24-48 ore \u0219i 19.99 lei plat\u0103 ramburs sau easybox 13.99 lei. \u00cen func\u021bie de greutatea coletului, suma perceput\u0103 pentru transport poate suferi anumite modific\u0103ri.<\/p><p>Deteriorarea coletelor \u00een timpul transportului<br>\u00cen timpul manipul\u0103rii \u015fi livr\u0103rii coletelor, pot interveni situa\u0163ii \u00een care integritatea coletelor este afectat\u0103.<br>V\u0103 rug\u0103m s\u0103 verifica\u0163i integritatea coletului \u00eenainte de a accepta \u015fi de a semna pentru primirea lui. \u00cen cazul \u00een care observa\u0163i o deteriorare a ambalajului, v\u0103 rug\u0103m s\u0103 solicita\u0163i agentului s\u0103 \u00eentocmeasc\u0103 un proces verbal. Este singura modalitate prin care se pot solicita desp\u0103gubiri firmei de curierat pentru deteriorarea coletelor \u00een timpul transportului.<\/p><p>Reclama\u0163iile ulterioare nu sunt acceptate de firmele de curierat.<\/p><p>*Termenele de livrare sunt cele declarate \u0219i asumate de curier. Termenele curg din momentul confirm\u0103rii expedierii produselor comandate.<\/p><p><b>POLITICA DE RETUR<\/b><\/p><p>Te-ai razgandit si vrei sa returnezi total sau partial o comanda? Ai 14 zile drept de retur<\/p><p>zoko.ro certifica si garanteaza calitatea produselor comercializate. Ne dorim ca daca te-ai razgandit sau produsul nu s-a ridicat la asteptarile tale sa il poti returna foarte simplu. Acesta este motivul pentru care am conceput o procedura de retur simpla, clara si rapida.<\/p><p>O comanda poate fi returnata integral sau partial.<br>Urmatoarele mentiuni privind returul produselor sunt valabile atat pentru persoane fizice, cat si pentru persoane juridice, pentru comenzile online expediate prin curier.<\/p><p><b>Cum returnez un produs?<\/b><\/p><p>In 4 pasi simpli. Iata care sunt acestia:<\/p><p>1. Completezi acest Formularul de retur si in felul acesta ne anunti ca vrei sa returnezi unul sau mai multe produse din comanda.<\/p><p>2. Apoi il trimiti prin curierat rapid la noi (nu cu Posta!). <br>Tu vei plati transportul prin curierat rapid inspre noi iar noi iti rambursam banii pe livrarea initiala. Legea spune ca in cazul unui retur o livrare este achiatata de catre client si una de catre vanzator.<\/p><p>Atentie 1: Produsul trebuie sa contina toate componentele, sa fie in ambalajul original, cu instructiunile cu care a venit (daca este cazul), ambalat corespunzator pentru transport, trebuie sa fie in conditii perfecte pentru a putea fi revandut. In caz contrar, daca produsul nu se returneaza in stare perfecta, vom opri 50% din valoarea sa.<\/p><p>Atentie 2: Pachetul va fi trimis fara ramburs, pentru ca el ajunge in depozitul nostru, unde nu exista caserie sa se achite catre curier.<\/p><p>3. Trimite pe adresa: SC GONGA SHOP SRL,Str Nicolae Titulescu,nr 16,Agigea,Constanta<\/p><p><b>Pe documentul de transport te rugam sa completezi si numarul de telefon de la depozit: 0787766000<\/b><\/p><p>4. Coletul a ajuns la noi, il verificam, te anuntam ca este totul in regula si Iti facem plata. Dupa ce vom receptiona coletul, iti vom trimite o notificare email\/ telefon si iti vom efectua plata aferenta returului.<br>Iti vom returna contravaloarea produsului + taxele de transport dus (daca ai platit transportul initial, cand ai plasat comanda), in termen de 14 zile calendaristice, in perioada aglomerata.<br>Nota: Daca produsul returnat se afla intr-o stare in care nu mai poate fi vandut ca si nou, iti va fi solicitata contravaloarea readucerii acestuia in stadiul initial (daca este posibil) sau pentru a acoperi diferenta de pret rezultata din vanzarea produsului la mana a doua. Daca nu esti de acord cu aceasta taxa iti va fi reexpediat produsul, pe cheltuiala ta. Acesta clauza se aplica conf. O.G. 34\/2014, in cazul achizitionarii de produse din acest site folosind tehnicile de comunicare la distanta, aplicandu-se definitiile cuprinse in O.G. 34\/2014 art. 2 lit.e.<\/p><p>5 Beneficii ale procesului de retur la zoko.ro<br>\u00b7 Simplu. Am simplificat lucrurile pentru tine: completezi formularul, predai coletul la curier si astepti banii. Asta e tot. Nu gasesti factura de achizitie? Nu conteaza. In continuare poti returna produsul daca asa doresti. Nu iti cerem explicatii obositoare si nici nu facem presiuni asupra ta. Pur si simplu iti respectam decizia.<br>\u00b7 Transparent. Fara surprize neplacute sau neintelegeri. Cunosti de la inceput cum decurge intreg procesul de retur, cand si cum vei primi banii. In plus, te tinem la curent cu statusul de retur, prin notificari pe telefon si email.<br>\u00b7 Comod. Impachetezi produsul si il expediezi prin curier (poti opta pentru orice firma de curierat rapid, dar nu trimite cu Posta Romana). Tu vei plati transportul inspre noi, iar ulterior, noi iti vom returna banii pe produs + transport dus (daca l-ai platit inital, cand ai plasat comanda). Ai cumparat usor si rapid. Returnezi in aceeasi maniera - fara stres si fara timp pierdut.<br>\u00b7 Rapid. Banii se ramburseaza in termen de circa 14 zile de la sosirea coletului in deposit.in contul bancar completat de catre tine in Formularul de retur<\/p><p>8. Ce produse nu pot fi returnate?<br>Nu pot fi acceptate inapoi urmatoarele tipuri de produse:<br>\u00b7 puzzle-uri desfacute<br>\u00b7 produse comestibile<br>\u00b7 vouchere<br>\u00b7 produse intime sau de igiena<br>\u00b7 cadouri de tip DIY (Do It Yourself)<br>\u00b7 obiecte de bucatarie utilizate<br>\u00b7 ambalajele cadou<br>\u00b7 epilatoare, produse pentru slabit, plasturi, obiecte de masaj si orice alte produse care intra in contact cu pielea prin folosire<br>\u00b7 piese vestimentare purtate sau desigilate (chiar daca nu au fost folosite): pijamale, halate, sosete, top reglabil. Mai ales in aceasta perioada a pandemiei, cand tinem la sanatatea noastra si a celor din jur, dorim sa evitam situatiile neplacute. De aceea, piesele vestimentare purtate pe piele - pijamale, top reglabil, sosete, halate ,costume,masti- nu pot fi acceptate retur. De fapt, produsele de igiena (care prin folosire intra in contact cu pielea) se pot returna doar daca sunt sigilate. Daca au fost desigilate (indiferent daca au fost sau nu folosite) nu se pot returna din motive de protectie a sanatatii si motive de igiena.<\/p><p><b>Important:<\/b><\/p><p>Nu taiati ambalajul original si nu lipiti etichete sau scotch pe acesta.<\/p><p>Daca produsele returnate au fost insotite de eventuale bonusuri\/ cadouri, trebuie returnate si acestea. In caz contrar, valoarea acestora se scade din valoarea returului.<\/p><p>Daca s-au achizitionat mai multe produse de acelasi fel si se doreste returul pe toate, te rugam sa te asiguri ca doar unul a fost desigilat. Returul celorlalte produse se accepta doar daca sunt sigilate.<\/p><p>Produsele aduse in stoc in urma unei comenzi speciale ferme si a efectuarii platii in avans, nu pot fi returnate.<\/p><p>Produsele folosite nu se pot returna! <br>Produsele se pot inlocui daca dupa folosinta au fost defecte.<\/p><p>Va multumim pentru intelegere.<\/p><p><b>Retine!<\/b><\/p><p>La zoko.ro ai 14 zile la dispozitie sa renunti la achizitie, daca produsul nu te multumeste in totalitate.<br>Toate articolele returnate vor fi nefolosite si in ambalajul original, exact cum au fost receptionate la achizitie.<\/p><p>Intrebari sau detalii suplimentare?<\/p><p>Daca ai nevoie de ajutor sau intrebarea ta legata de procesul de returnare nu si-a gasit raspuns pe aceasta pagina, te rugam sa ne contactezi telefonic la 0787766000 sau pe email contact@zoko.ro . Vom fi bucurosi sa discutam cu tine.<\/p>\t\t\t\t<\/div>\n\t\t\t\t\t<\/div>\n\t\t\t\t\t\t<\/div>\n\t\t\t\t<\/div>\n\t\t\t\t<\/div>\n\t\t\t\t<\/div>\n\t\t\t\t<\/div>\n\t\t\t\t\t<\/div>\n\t\t\t\t<\/div>\n\t\t\t\t<\/div>","protected":false},"excerpt":{"rendered":"<p>Urm\u0103re\u0219te comanda About Us FAQs Our Partners Work With Us Contact Livrare \u0219i retur COMAND\u0102 Produsul poate fi comandat direct<\/p>","protected":false},"author":1,"featured_media":0,"parent":0,"menu_order":0,"comment_status":"closed","ping_status":"closed","template":"","meta":{"footnotes":""},"class_list":["post-13589","page","type-page","status-publish","hentry"],"yoast_head":"<!-- This site is optimized with the Yoast SEO plugin v27.2 - https:\/\/yoast.com\/product\/yoast-seo-wordpress\/ -->\n<title>Livrare si retur | ZOKO<\/title>\n<meta name=\"robots\" content=\"index, follow, max-snippet:-1, max-image-preview:large, max-video-preview:-1\" \/>\n<link rel=\"canonical\" href=\"https:\/\/www.zoko.ro\/en\/livrare-si-retur\/\" \/>\n<meta property=\"og:locale\" content=\"en_GB\" \/>\n<meta property=\"og:type\" content=\"article\" \/>\n<meta property=\"og:title\" content=\"Livrare si retur | ZOKO\" \/>\n<meta property=\"og:description\" content=\"Urm\u0103re\u0219te comanda About Us FAQs Our Partners Work With Us Contact Livrare \u0219i retur COMAND\u0102 Produsul poate fi comandat direct\" \/>\n<meta property=\"og:url\" content=\"https:\/\/www.zoko.ro\/en\/livrare-si-retur\/\" \/>\n<meta property=\"og:site_name\" content=\"ZOKO\" \/>\n<meta property=\"article:publisher\" content=\"https:\/\/www.facebook.com\/profile.php?id=61584344135075\" \/>\n<meta property=\"article:modified_time\" content=\"2025-03-14T10:22:22+00:00\" \/>\n<meta name=\"twitter:card\" content=\"summary_large_image\" \/>\n<meta name=\"twitter:label1\" content=\"Estimated reading time\" \/>\n\t<meta name=\"twitter:data1\" content=\"6 minutes\" \/>\n<script type=\"application\/ld+json\" class=\"yoast-schema-graph\">{\"@context\":\"https:\/\/schema.org\",\"@graph\":[{\"@type\":\"WebPage\",\"@id\":\"https:\/\/www.zoko.ro\/livrare-si-retur\/\",\"url\":\"https:\/\/www.zoko.ro\/livrare-si-retur\/\",\"name\":\"Livrare si retur | ZOKO\",\"isPartOf\":{\"@id\":\"https:\/\/www.zoko.ro\/#website\"},\"datePublished\":\"2025-03-14T10:20:56+00:00\",\"dateModified\":\"2025-03-14T10:22:22+00:00\",\"breadcrumb\":{\"@id\":\"https:\/\/www.zoko.ro\/livrare-si-retur\/#breadcrumb\"},\"inLanguage\":\"en-GB\",\"potentialAction\":[{\"@type\":\"ReadAction\",\"target\":[\"https:\/\/www.zoko.ro\/livrare-si-retur\/\"]}]},{\"@type\":\"BreadcrumbList\",\"@id\":\"https:\/\/www.zoko.ro\/livrare-si-retur\/#breadcrumb\",\"itemListElement\":[{\"@type\":\"ListItem\",\"position\":1,\"name\":\"Home\",\"item\":\"https:\/\/www.zoko.ro\/\"},{\"@type\":\"ListItem\",\"position\":2,\"name\":\"Livrare si retur\"}]},{\"@type\":\"WebSite\",\"@id\":\"https:\/\/www.zoko.ro\/#website\",\"url\":\"https:\/\/www.zoko.ro\/\",\"name\":\"ZOKO.ro\",\"description\":\"Cump\u0103r\u0103 inteligent\",\"publisher\":{\"@id\":\"https:\/\/www.zoko.ro\/#organization\"},\"potentialAction\":[{\"@type\":\"SearchAction\",\"target\":{\"@type\":\"EntryPoint\",\"urlTemplate\":\"https:\/\/www.zoko.ro\/?s={search_term_string}\"},\"query-input\":{\"@type\":\"PropertyValueSpecification\",\"valueRequired\":true,\"valueName\":\"search_term_string\"}}],\"inLanguage\":\"en-GB\"},{\"@type\":\"Organization\",\"@id\":\"https:\/\/www.zoko.ro\/#organization\",\"name\":\"ZOKO\",\"url\":\"https:\/\/www.zoko.ro\/\",\"logo\":{\"@type\":\"ImageObject\",\"inLanguage\":\"en-GB\",\"@id\":\"https:\/\/www.zoko.ro\/#\/schema\/logo\/image\/\",\"url\":\"https:\/\/www.zoko.ro\/wp-content\/uploads\/2025\/03\/logo1.svg\",\"contentUrl\":\"https:\/\/www.zoko.ro\/wp-content\/uploads\/2025\/03\/logo1.svg\",\"width\":799,\"height\":216,\"caption\":\"ZOKO\"},\"image\":{\"@id\":\"https:\/\/www.zoko.ro\/#\/schema\/logo\/image\/\"},\"sameAs\":[\"https:\/\/www.facebook.com\/profile.php?id=61584344135075\"]}]}<\/script>\n<!-- \/ Yoast SEO plugin. -->","yoast_head_json":{"title":"Livrare si retur | ZOKO","robots":{"index":"index","follow":"follow","max-snippet":"max-snippet:-1","max-image-preview":"max-image-preview:large","max-video-preview":"max-video-preview:-1"},"canonical":"https:\/\/www.zoko.ro\/en\/livrare-si-retur\/","og_locale":"en_GB","og_type":"article","og_title":"Livrare si retur | ZOKO","og_description":"Urm\u0103re\u0219te comanda About Us FAQs Our Partners Work With Us Contact Livrare \u0219i retur COMAND\u0102 Produsul poate fi comandat direct","og_url":"https:\/\/www.zoko.ro\/en\/livrare-si-retur\/","og_site_name":"ZOKO","article_publisher":"https:\/\/www.facebook.com\/profile.php?id=61584344135075","article_modified_time":"2025-03-14T10:22:22+00:00","twitter_card":"summary_large_image","twitter_misc":{"Estimated reading time":"6 minutes"},"schema":{"@context":"https:\/\/schema.org","@graph":[{"@type":"WebPage","@id":"https:\/\/www.zoko.ro\/livrare-si-retur\/","url":"https:\/\/www.zoko.ro\/livrare-si-retur\/","name":"Livrare si retur | ZOKO","isPartOf":{"@id":"https:\/\/www.zoko.ro\/#website"},"datePublished":"2025-03-14T10:20:56+00:00","dateModified":"2025-03-14T10:22:22+00:00","breadcrumb":{"@id":"https:\/\/www.zoko.ro\/livrare-si-retur\/#breadcrumb"},"inLanguage":"en-GB","potentialAction":[{"@type":"ReadAction","target":["https:\/\/www.zoko.ro\/livrare-si-retur\/"]}]},{"@type":"BreadcrumbList","@id":"https:\/\/www.zoko.ro\/livrare-si-retur\/#breadcrumb","itemListElement":[{"@type":"ListItem","position":1,"name":"Home","item":"https:\/\/www.zoko.ro\/"},{"@type":"ListItem","position":2,"name":"Livrare si retur"}]},{"@type":"WebSite","@id":"https:\/\/www.zoko.ro\/#website","url":"https:\/\/www.zoko.ro\/","name":"ZOKO.ro","description":"Cump\u0103r\u0103 inteligent","publisher":{"@id":"https:\/\/www.zoko.ro\/#organization"},"potentialAction":[{"@type":"SearchAction","target":{"@type":"EntryPoint","urlTemplate":"https:\/\/www.zoko.ro\/?s={search_term_string}"},"query-input":{"@type":"PropertyValueSpecification","valueRequired":true,"valueName":"search_term_string"}}],"inLanguage":"en-GB"},{"@type":"Organization","@id":"https:\/\/www.zoko.ro\/#organization","name":"ZOKO","url":"https:\/\/www.zoko.ro\/","logo":{"@type":"ImageObject","inLanguage":"en-GB","@id":"https:\/\/www.zoko.ro\/#\/schema\/logo\/image\/","url":"https:\/\/www.zoko.ro\/wp-content\/uploads\/2025\/03\/logo1.svg","contentUrl":"https:\/\/www.zoko.ro\/wp-content\/uploads\/2025\/03\/logo1.svg","width":799,"height":216,"caption":"ZOKO"},"image":{"@id":"https:\/\/www.zoko.ro\/#\/schema\/logo\/image\/"},"sameAs":["https:\/\/www.facebook.com\/profile.php?id=61584344135075"]}]}},"_links":{"self":[{"href":"https:\/\/www.zoko.ro\/en\/wp-json\/wp\/v2\/pages\/13589","targetHints":{"allow":["GET"]}}],"collection":[{"href":"https:\/\/www.zoko.ro\/en\/wp-json\/wp\/v2\/pages"}],"about":[{"href":"https:\/\/www.zoko.ro\/en\/wp-json\/wp\/v2\/types\/page"}],"author":[{"embeddable":true,"href":"https:\/\/www.zoko.ro\/en\/wp-json\/wp\/v2\/users\/1"}],"replies":[{"embeddable":true,"href":"https:\/\/www.zoko.ro\/en\/wp-json\/wp\/v2\/comments?post=13589"}],"version-history":[{"count":4,"href":"https:\/\/www.zoko.ro\/en\/wp-json\/wp\/v2\/pages\/13589\/revisions"}],"predecessor-version":[{"id":13593,"href":"https:\/\/www.zoko.ro\/en\/wp-json\/wp\/v2\/pages\/13589\/revisions\/13593"}],"wp:attachment":[{"href":"https:\/\/www.zoko.ro\/en\/wp-json\/wp\/v2\/media?parent=13589"}],"curies":[{"name":"wp","href":"https:\/\/api.w.org\/{rel}","templated":true}]}}