{"id":10077,"date":"2026-04-28T23:31:01","date_gmt":"2026-04-28T21:31:01","guid":{"rendered":"https:\/\/www.zoko.ro\/p\/geanta-universala-pentru-periuta-de-dinti-gonga-2\/"},"modified":"2026-04-28T23:31:01","modified_gmt":"2026-04-28T21:31:01","slug":"geanta-universala-pentru-periuta-de-dinti-gonga-2","status":"publish","type":"product","link":"https:\/\/www.zoko.ro\/en\/p\/geanta-universala-pentru-periuta-de-dinti-gonga-2\/","title":{"rendered":"Geanta universala pentru periuta de dinti, Gonga\u00ae"},"content":{"rendered":"<p><strong>Culoare:<\/strong> Roz<\/p>\n<p>Geanta universala de voiaj pentru periute de dinti electrice Oral-B. Va g\u0103zdui cu succes o perie \u0219i 2 capete. Se potrive\u0219te cu majoritatea periu\u021belor de din\u021bi Oral-B. Dimensiunea compact\u0103 v\u0103 permite s\u0103 lua\u021bi convenabil periu\u021ba de din\u021bi cu dvs. \u00een c\u0103l\u0103torie, f\u0103r\u0103 riscul de a o deteriora.<\/p>\n<\/p>\n<p>Caracteristicile \u0219i specifica\u021biile produsului:<\/p>\n<\/p>\n<p>&#8211; Material: Plastic\u00a0<\/p>\n<p>&#8211; Dimensiuni: 21 cm x 7 cm x 4,5 cm<\/p>\n<p>&#8211; \u00cenchidere convenabil\u0103 cu caps\u0103<\/p>","protected":false},"excerpt":{"rendered":"<p>Culoare: Roz Geanta universala de voiaj pentru periute de dinti electrice Oral-B. Va g\u0103zdui cu succes o perie \u0219i 2<\/p>","protected":false},"featured_media":10079,"comment_status":"open","ping_status":"open","template":"","meta":[],"product_brand":[],"product_cat":[99,120,114],"product_tag":[104],"class_list":{"0":"post-10077","1":"product","2":"type-product","3":"status-publish","4":"has-post-thumbnail","6":"product_cat-acasa","7":"product_cat-igiena-dentara","8":"product_cat-ingrijire-personala-cosmetice","9":"product_tag-in-stoc","10":"pa_culoare-roz","12":"first","13":"instock","14":"sale","15":"purchasable","16":"product-type-simple"},"yoast_head":"<!-- This site is optimized with the Yoast SEO plugin v27.2 - https:\/\/yoast.com\/product\/yoast-seo-wordpress\/ -->\n<title>Geanta universala pentru periuta de dinti, Gonga\u00ae | ZOKO<\/title>\n<meta name=\"robots\" content=\"index, follow, max-snippet:-1, max-image-preview:large, max-video-preview:-1\" \/>\n<link rel=\"canonical\" href=\"https:\/\/www.zoko.ro\/en\/p\/geanta-universala-pentru-periuta-de-dinti-gonga-2\/\" \/>\n<meta property=\"og:locale\" content=\"en_GB\" \/>\n<meta property=\"og:type\" content=\"article\" \/>\n<meta property=\"og:title\" content=\"Geanta universala pentru periuta de dinti, Gonga\u00ae | ZOKO\" \/>\n<meta property=\"og:description\" content=\"Culoare: Roz Geanta universala de voiaj pentru periute de dinti electrice Oral-B. Va g\u0103zdui cu succes o perie \u0219i 2\" \/>\n<meta property=\"og:url\" content=\"https:\/\/www.zoko.ro\/en\/p\/geanta-universala-pentru-periuta-de-dinti-gonga-2\/\" \/>\n<meta property=\"og:site_name\" content=\"ZOKO\" \/>\n<meta property=\"article:publisher\" content=\"https:\/\/www.facebook.com\/profile.php?id=61584344135075\" \/>\n<meta property=\"og:image\" content=\"https:\/\/www.zoko.ro\/wp-content\/uploads\/2025\/03\/geanta-universala-pentru-perituta-de-dinti-gonga-2.jpg\" \/>\n\t<meta property=\"og:image:width\" content=\"800\" \/>\n\t<meta property=\"og:image:height\" content=\"800\" \/>\n\t<meta property=\"og:image:type\" content=\"image\/jpeg\" \/>\n<meta name=\"twitter:card\" content=\"summary_large_image\" \/>\n<script type=\"application\/ld+json\" class=\"yoast-schema-graph\">{\"@context\":\"https:\/\/schema.org\",\"@graph\":[{\"@type\":\"WebPage\",\"@id\":\"https:\/\/www.zoko.ro\/p\/geanta-universala-pentru-periuta-de-dinti-gonga-2\/\",\"url\":\"https:\/\/www.zoko.ro\/p\/geanta-universala-pentru-periuta-de-dinti-gonga-2\/\",\"name\":\"Geanta universala pentru periuta de dinti, Gonga\u00ae | ZOKO\",\"isPartOf\":{\"@id\":\"https:\/\/www.zoko.ro\/#website\"},\"primaryImageOfPage\":{\"@id\":\"https:\/\/www.zoko.ro\/p\/geanta-universala-pentru-periuta-de-dinti-gonga-2\/#primaryimage\"},\"image\":{\"@id\":\"https:\/\/www.zoko.ro\/p\/geanta-universala-pentru-periuta-de-dinti-gonga-2\/#primaryimage\"},\"thumbnailUrl\":\"https:\/\/www.zoko.ro\/wp-content\/uploads\/2025\/03\/geanta-universala-pentru-perituta-de-dinti-gonga-2.jpg\",\"datePublished\":\"2026-04-28T21:31:01+00:00\",\"breadcrumb\":{\"@id\":\"https:\/\/www.zoko.ro\/p\/geanta-universala-pentru-periuta-de-dinti-gonga-2\/#breadcrumb\"},\"inLanguage\":\"en-GB\",\"potentialAction\":[{\"@type\":\"ReadAction\",\"target\":[\"https:\/\/www.zoko.ro\/p\/geanta-universala-pentru-periuta-de-dinti-gonga-2\/\"]}]},{\"@type\":\"ImageObject\",\"inLanguage\":\"en-GB\",\"@id\":\"https:\/\/www.zoko.ro\/p\/geanta-universala-pentru-periuta-de-dinti-gonga-2\/#primaryimage\",\"url\":\"https:\/\/www.zoko.ro\/wp-content\/uploads\/2025\/03\/geanta-universala-pentru-perituta-de-dinti-gonga-2.jpg\",\"contentUrl\":\"https:\/\/www.zoko.ro\/wp-content\/uploads\/2025\/03\/geanta-universala-pentru-perituta-de-dinti-gonga-2.jpg\",\"width\":800,\"height\":800},{\"@type\":\"BreadcrumbList\",\"@id\":\"https:\/\/www.zoko.ro\/p\/geanta-universala-pentru-periuta-de-dinti-gonga-2\/#breadcrumb\",\"itemListElement\":[{\"@type\":\"ListItem\",\"position\":1,\"name\":\"Home\",\"item\":\"https:\/\/www.zoko.ro\/\"},{\"@type\":\"ListItem\",\"position\":2,\"name\":\"Magazin\",\"item\":\"https:\/\/www.zoko.ro\/magazin\/\"},{\"@type\":\"ListItem\",\"position\":3,\"name\":\"Geanta universala pentru periuta de dinti, Gonga\u00ae\"}]},{\"@type\":\"WebSite\",\"@id\":\"https:\/\/www.zoko.ro\/#website\",\"url\":\"https:\/\/www.zoko.ro\/\",\"name\":\"ZOKO.ro\",\"description\":\"Cump\u0103r\u0103 inteligent\",\"publisher\":{\"@id\":\"https:\/\/www.zoko.ro\/#organization\"},\"potentialAction\":[{\"@type\":\"SearchAction\",\"target\":{\"@type\":\"EntryPoint\",\"urlTemplate\":\"https:\/\/www.zoko.ro\/?s={search_term_string}\"},\"query-input\":{\"@type\":\"PropertyValueSpecification\",\"valueRequired\":true,\"valueName\":\"search_term_string\"}}],\"inLanguage\":\"en-GB\"},{\"@type\":\"Organization\",\"@id\":\"https:\/\/www.zoko.ro\/#organization\",\"name\":\"ZOKO\",\"url\":\"https:\/\/www.zoko.ro\/\",\"logo\":{\"@type\":\"ImageObject\",\"inLanguage\":\"en-GB\",\"@id\":\"https:\/\/www.zoko.ro\/#\/schema\/logo\/image\/\",\"url\":\"https:\/\/www.zoko.ro\/wp-content\/uploads\/2025\/03\/logo1.svg\",\"contentUrl\":\"https:\/\/www.zoko.ro\/wp-content\/uploads\/2025\/03\/logo1.svg\",\"width\":799,\"height\":216,\"caption\":\"ZOKO\"},\"image\":{\"@id\":\"https:\/\/www.zoko.ro\/#\/schema\/logo\/image\/\"},\"sameAs\":[\"https:\/\/www.facebook.com\/profile.php?id=61584344135075\"]}]}<\/script>\n<!-- \/ Yoast SEO plugin. -->","yoast_head_json":{"title":"Geanta universala pentru periuta de dinti, Gonga\u00ae | ZOKO","robots":{"index":"index","follow":"follow","max-snippet":"max-snippet:-1","max-image-preview":"max-image-preview:large","max-video-preview":"max-video-preview:-1"},"canonical":"https:\/\/www.zoko.ro\/en\/p\/geanta-universala-pentru-periuta-de-dinti-gonga-2\/","og_locale":"en_GB","og_type":"article","og_title":"Geanta universala pentru periuta de dinti, Gonga\u00ae | ZOKO","og_description":"Culoare: Roz Geanta universala de voiaj pentru periute de dinti electrice Oral-B. Va g\u0103zdui cu succes o perie \u0219i 2","og_url":"https:\/\/www.zoko.ro\/en\/p\/geanta-universala-pentru-periuta-de-dinti-gonga-2\/","og_site_name":"ZOKO","article_publisher":"https:\/\/www.facebook.com\/profile.php?id=61584344135075","og_image":[{"width":800,"height":800,"url":"https:\/\/www.zoko.ro\/wp-content\/uploads\/2025\/03\/geanta-universala-pentru-perituta-de-dinti-gonga-2.jpg","type":"image\/jpeg"}],"twitter_card":"summary_large_image","schema":{"@context":"https:\/\/schema.org","@graph":[{"@type":"WebPage","@id":"https:\/\/www.zoko.ro\/p\/geanta-universala-pentru-periuta-de-dinti-gonga-2\/","url":"https:\/\/www.zoko.ro\/p\/geanta-universala-pentru-periuta-de-dinti-gonga-2\/","name":"Geanta universala pentru periuta de dinti, Gonga\u00ae | ZOKO","isPartOf":{"@id":"https:\/\/www.zoko.ro\/#website"},"primaryImageOfPage":{"@id":"https:\/\/www.zoko.ro\/p\/geanta-universala-pentru-periuta-de-dinti-gonga-2\/#primaryimage"},"image":{"@id":"https:\/\/www.zoko.ro\/p\/geanta-universala-pentru-periuta-de-dinti-gonga-2\/#primaryimage"},"thumbnailUrl":"https:\/\/www.zoko.ro\/wp-content\/uploads\/2025\/03\/geanta-universala-pentru-perituta-de-dinti-gonga-2.jpg","datePublished":"2026-04-28T21:31:01+00:00","breadcrumb":{"@id":"https:\/\/www.zoko.ro\/p\/geanta-universala-pentru-periuta-de-dinti-gonga-2\/#breadcrumb"},"inLanguage":"en-GB","potentialAction":[{"@type":"ReadAction","target":["https:\/\/www.zoko.ro\/p\/geanta-universala-pentru-periuta-de-dinti-gonga-2\/"]}]},{"@type":"ImageObject","inLanguage":"en-GB","@id":"https:\/\/www.zoko.ro\/p\/geanta-universala-pentru-periuta-de-dinti-gonga-2\/#primaryimage","url":"https:\/\/www.zoko.ro\/wp-content\/uploads\/2025\/03\/geanta-universala-pentru-perituta-de-dinti-gonga-2.jpg","contentUrl":"https:\/\/www.zoko.ro\/wp-content\/uploads\/2025\/03\/geanta-universala-pentru-perituta-de-dinti-gonga-2.jpg","width":800,"height":800},{"@type":"BreadcrumbList","@id":"https:\/\/www.zoko.ro\/p\/geanta-universala-pentru-periuta-de-dinti-gonga-2\/#breadcrumb","itemListElement":[{"@type":"ListItem","position":1,"name":"Home","item":"https:\/\/www.zoko.ro\/"},{"@type":"ListItem","position":2,"name":"Magazin","item":"https:\/\/www.zoko.ro\/magazin\/"},{"@type":"ListItem","position":3,"name":"Geanta universala pentru periuta de dinti, Gonga\u00ae"}]},{"@type":"WebSite","@id":"https:\/\/www.zoko.ro\/#website","url":"https:\/\/www.zoko.ro\/","name":"ZOKO.ro","description":"Cump\u0103r\u0103 inteligent","publisher":{"@id":"https:\/\/www.zoko.ro\/#organization"},"potentialAction":[{"@type":"SearchAction","target":{"@type":"EntryPoint","urlTemplate":"https:\/\/www.zoko.ro\/?s={search_term_string}"},"query-input":{"@type":"PropertyValueSpecification","valueRequired":true,"valueName":"search_term_string"}}],"inLanguage":"en-GB"},{"@type":"Organization","@id":"https:\/\/www.zoko.ro\/#organization","name":"ZOKO","url":"https:\/\/www.zoko.ro\/","logo":{"@type":"ImageObject","inLanguage":"en-GB","@id":"https:\/\/www.zoko.ro\/#\/schema\/logo\/image\/","url":"https:\/\/www.zoko.ro\/wp-content\/uploads\/2025\/03\/logo1.svg","contentUrl":"https:\/\/www.zoko.ro\/wp-content\/uploads\/2025\/03\/logo1.svg","width":799,"height":216,"caption":"ZOKO"},"image":{"@id":"https:\/\/www.zoko.ro\/#\/schema\/logo\/image\/"},"sameAs":["https:\/\/www.facebook.com\/profile.php?id=61584344135075"]}]}},"_links":{"self":[{"href":"https:\/\/www.zoko.ro\/en\/wp-json\/wp\/v2\/product\/10077","targetHints":{"allow":["GET"]}}],"collection":[{"href":"https:\/\/www.zoko.ro\/en\/wp-json\/wp\/v2\/product"}],"about":[{"href":"https:\/\/www.zoko.ro\/en\/wp-json\/wp\/v2\/types\/product"}],"replies":[{"embeddable":true,"href":"https:\/\/www.zoko.ro\/en\/wp-json\/wp\/v2\/comments?post=10077"}],"version-history":[{"count":1,"href":"https:\/\/www.zoko.ro\/en\/wp-json\/wp\/v2\/product\/10077\/revisions"}],"predecessor-version":[{"id":10078,"href":"https:\/\/www.zoko.ro\/en\/wp-json\/wp\/v2\/product\/10077\/revisions\/10078"}],"wp:featuredmedia":[{"embeddable":true,"href":"https:\/\/www.zoko.ro\/en\/wp-json\/wp\/v2\/media\/10079"}],"wp:attachment":[{"href":"https:\/\/www.zoko.ro\/en\/wp-json\/wp\/v2\/media?parent=10077"}],"wp:term":[{"taxonomy":"product_brand","embeddable":true,"href":"https:\/\/www.zoko.ro\/en\/wp-json\/wp\/v2\/product_brand?post=10077"},{"taxonomy":"product_cat","embeddable":true,"href":"https:\/\/www.zoko.ro\/en\/wp-json\/wp\/v2\/product_cat?post=10077"},{"taxonomy":"product_tag","embeddable":true,"href":"https:\/\/www.zoko.ro\/en\/wp-json\/wp\/v2\/product_tag?post=10077"}],"curies":[{"name":"wp","href":"https:\/\/api.w.org\/{rel}","templated":true}]}}