{"id":10102,"date":"2026-04-28T23:32:02","date_gmt":"2026-04-28T21:32:02","guid":{"rendered":"https:\/\/www.zoko.ro\/p\/set-organizator-turistic-3-genti-transparente-gonga\/"},"modified":"2026-04-28T23:32:02","modified_gmt":"2026-04-28T21:32:02","slug":"set-organizator-turistic-3-genti-transparente-gonga","status":"publish","type":"product","link":"https:\/\/www.zoko.ro\/en\/p\/set-organizator-turistic-3-genti-transparente-gonga\/","title":{"rendered":"Set organizator turistic, 3 genti transparente, Gonga\u00ae"},"content":{"rendered":"<p>Organizator turistic convenabil format din 3 genti. Este o modalitate excelent\u0103 de a v\u0103 men\u021bine \u00een ordine produsele cosmetice de zi cu zi. Sunt grozave \u0219i pentru c\u0103l\u0103torii, g\u0103zduind cu u\u0219urin\u021b\u0103 cele mai importante produse cosmetice \u0219i alte accesorii mici de acest tip, precum, spre exemplu, ruj, pudr\u0103, be\u021bi\u0219oare sau pensule.\u00a0<\/p>\n<\/p>\n<p>Datorit\u0103 designului inteligent, pute\u021bi depozita cu u\u0219urin\u021b\u0103 lenjerie \u0219i haine \u00een ele. Totul se potrive\u0219te cu u\u0219urin\u021b\u0103 \u00een bagajul de m\u00e2n\u0103 \u0219i nu va ocupa at\u00e2t de mult spa\u021biu.\u00a0<\/p>\n<\/p>\n<p>Elementele de fixare cu fermoar fac mult mai dificil\u0103 pierderea obiectelor mici \u0219i, \u00een acela\u0219i timp, le men\u021bin \u00een ordine. Cel mai mare element al setului are un m\u00e2ner confortabil, datorit\u0103 c\u0103ruia este convenabil de transportat.<\/p>\n<\/p>\n<p>Caracteristicile si specificatiile produsului:<\/p>\n<\/p>\n<p>&#8211; Material: Poliester\u00a0<\/p>\n<p>&#8211; Culoare: Transparent\u00a0<\/p>\n<p>&#8211; Numar genti: 3<\/p>\n<p>&#8211; Dimensiuni genti:<\/p>\n<p>Geanta\u00a0 L: 22 cm x 30 cm x 10 cm<\/p>\n<p>Geanta M: 20 cm x 24 cm x 5 cm<\/p>\n<p>Geanta S: 14 cm x 18 cm x 4 cm<\/p>","protected":false},"excerpt":{"rendered":"<p>Organizator turistic convenabil format din 3 genti. Este o modalitate excelent\u0103 de a v\u0103 men\u021bine \u00een ordine produsele cosmetice de<\/p>","protected":false},"featured_media":10104,"comment_status":"open","ping_status":"open","template":"","meta":[],"product_brand":[],"product_cat":[99,115,114],"product_tag":[],"class_list":{"0":"post-10102","1":"product","2":"type-product","3":"status-publish","4":"has-post-thumbnail","6":"product_cat-acasa","7":"product_cat-aparate-accesorii-ingrijire-personala","8":"product_cat-ingrijire-personala-cosmetice","10":"first","11":"outofstock","12":"sale","13":"purchasable","14":"product-type-simple"},"yoast_head":"<!-- This site is optimized with the Yoast SEO plugin v27.2 - https:\/\/yoast.com\/product\/yoast-seo-wordpress\/ -->\n<title>Set organizator turistic, 3 genti transparente, Gonga\u00ae | ZOKO<\/title>\n<meta name=\"robots\" content=\"index, follow, max-snippet:-1, max-image-preview:large, max-video-preview:-1\" \/>\n<link rel=\"canonical\" href=\"https:\/\/www.zoko.ro\/en\/p\/set-organizator-turistic-3-genti-transparente-gonga\/\" \/>\n<meta property=\"og:locale\" content=\"en_GB\" \/>\n<meta property=\"og:type\" content=\"article\" \/>\n<meta property=\"og:title\" content=\"Set organizator turistic, 3 genti transparente, Gonga\u00ae | ZOKO\" \/>\n<meta property=\"og:description\" content=\"Organizator turistic convenabil format din 3 genti. Este o modalitate excelent\u0103 de a v\u0103 men\u021bine \u00een ordine produsele cosmetice de\" \/>\n<meta property=\"og:url\" content=\"https:\/\/www.zoko.ro\/en\/p\/set-organizator-turistic-3-genti-transparente-gonga\/\" \/>\n<meta property=\"og:site_name\" content=\"ZOKO\" \/>\n<meta property=\"article:publisher\" content=\"https:\/\/www.facebook.com\/profile.php?id=61584344135075\" \/>\n<meta property=\"og:image\" content=\"https:\/\/www.zoko.ro\/wp-content\/uploads\/2025\/03\/set-organizator-turistic-3-genti-transparente-gonga.jpg\" \/>\n\t<meta property=\"og:image:width\" content=\"800\" \/>\n\t<meta property=\"og:image:height\" content=\"800\" \/>\n\t<meta property=\"og:image:type\" content=\"image\/jpeg\" \/>\n<meta name=\"twitter:card\" content=\"summary_large_image\" \/>\n<meta name=\"twitter:label1\" content=\"Estimated reading time\" \/>\n\t<meta name=\"twitter:data1\" content=\"1 minute\" \/>\n<script type=\"application\/ld+json\" class=\"yoast-schema-graph\">{\"@context\":\"https:\/\/schema.org\",\"@graph\":[{\"@type\":\"WebPage\",\"@id\":\"https:\/\/www.zoko.ro\/p\/set-organizator-turistic-3-genti-transparente-gonga\/\",\"url\":\"https:\/\/www.zoko.ro\/p\/set-organizator-turistic-3-genti-transparente-gonga\/\",\"name\":\"Set organizator turistic, 3 genti transparente, Gonga\u00ae | ZOKO\",\"isPartOf\":{\"@id\":\"https:\/\/www.zoko.ro\/#website\"},\"primaryImageOfPage\":{\"@id\":\"https:\/\/www.zoko.ro\/p\/set-organizator-turistic-3-genti-transparente-gonga\/#primaryimage\"},\"image\":{\"@id\":\"https:\/\/www.zoko.ro\/p\/set-organizator-turistic-3-genti-transparente-gonga\/#primaryimage\"},\"thumbnailUrl\":\"https:\/\/www.zoko.ro\/wp-content\/uploads\/2025\/03\/set-organizator-turistic-3-genti-transparente-gonga.jpg\",\"datePublished\":\"2026-04-28T21:32:02+00:00\",\"breadcrumb\":{\"@id\":\"https:\/\/www.zoko.ro\/p\/set-organizator-turistic-3-genti-transparente-gonga\/#breadcrumb\"},\"inLanguage\":\"en-GB\",\"potentialAction\":[{\"@type\":\"ReadAction\",\"target\":[\"https:\/\/www.zoko.ro\/p\/set-organizator-turistic-3-genti-transparente-gonga\/\"]}]},{\"@type\":\"ImageObject\",\"inLanguage\":\"en-GB\",\"@id\":\"https:\/\/www.zoko.ro\/p\/set-organizator-turistic-3-genti-transparente-gonga\/#primaryimage\",\"url\":\"https:\/\/www.zoko.ro\/wp-content\/uploads\/2025\/03\/set-organizator-turistic-3-genti-transparente-gonga.jpg\",\"contentUrl\":\"https:\/\/www.zoko.ro\/wp-content\/uploads\/2025\/03\/set-organizator-turistic-3-genti-transparente-gonga.jpg\",\"width\":800,\"height\":800},{\"@type\":\"BreadcrumbList\",\"@id\":\"https:\/\/www.zoko.ro\/p\/set-organizator-turistic-3-genti-transparente-gonga\/#breadcrumb\",\"itemListElement\":[{\"@type\":\"ListItem\",\"position\":1,\"name\":\"Home\",\"item\":\"https:\/\/www.zoko.ro\/\"},{\"@type\":\"ListItem\",\"position\":2,\"name\":\"Magazin\",\"item\":\"https:\/\/www.zoko.ro\/magazin\/\"},{\"@type\":\"ListItem\",\"position\":3,\"name\":\"Set organizator turistic, 3 genti transparente, Gonga\u00ae\"}]},{\"@type\":\"WebSite\",\"@id\":\"https:\/\/www.zoko.ro\/#website\",\"url\":\"https:\/\/www.zoko.ro\/\",\"name\":\"ZOKO.ro\",\"description\":\"Cump\u0103r\u0103 inteligent\",\"publisher\":{\"@id\":\"https:\/\/www.zoko.ro\/#organization\"},\"potentialAction\":[{\"@type\":\"SearchAction\",\"target\":{\"@type\":\"EntryPoint\",\"urlTemplate\":\"https:\/\/www.zoko.ro\/?s={search_term_string}\"},\"query-input\":{\"@type\":\"PropertyValueSpecification\",\"valueRequired\":true,\"valueName\":\"search_term_string\"}}],\"inLanguage\":\"en-GB\"},{\"@type\":\"Organization\",\"@id\":\"https:\/\/www.zoko.ro\/#organization\",\"name\":\"ZOKO\",\"url\":\"https:\/\/www.zoko.ro\/\",\"logo\":{\"@type\":\"ImageObject\",\"inLanguage\":\"en-GB\",\"@id\":\"https:\/\/www.zoko.ro\/#\/schema\/logo\/image\/\",\"url\":\"https:\/\/www.zoko.ro\/wp-content\/uploads\/2025\/03\/logo1.svg\",\"contentUrl\":\"https:\/\/www.zoko.ro\/wp-content\/uploads\/2025\/03\/logo1.svg\",\"width\":799,\"height\":216,\"caption\":\"ZOKO\"},\"image\":{\"@id\":\"https:\/\/www.zoko.ro\/#\/schema\/logo\/image\/\"},\"sameAs\":[\"https:\/\/www.facebook.com\/profile.php?id=61584344135075\"]}]}<\/script>\n<!-- \/ Yoast SEO plugin. -->","yoast_head_json":{"title":"Set organizator turistic, 3 genti transparente, Gonga\u00ae | ZOKO","robots":{"index":"index","follow":"follow","max-snippet":"max-snippet:-1","max-image-preview":"max-image-preview:large","max-video-preview":"max-video-preview:-1"},"canonical":"https:\/\/www.zoko.ro\/en\/p\/set-organizator-turistic-3-genti-transparente-gonga\/","og_locale":"en_GB","og_type":"article","og_title":"Set organizator turistic, 3 genti transparente, Gonga\u00ae | ZOKO","og_description":"Organizator turistic convenabil format din 3 genti. Este o modalitate excelent\u0103 de a v\u0103 men\u021bine \u00een ordine produsele cosmetice de","og_url":"https:\/\/www.zoko.ro\/en\/p\/set-organizator-turistic-3-genti-transparente-gonga\/","og_site_name":"ZOKO","article_publisher":"https:\/\/www.facebook.com\/profile.php?id=61584344135075","og_image":[{"width":800,"height":800,"url":"https:\/\/www.zoko.ro\/wp-content\/uploads\/2025\/03\/set-organizator-turistic-3-genti-transparente-gonga.jpg","type":"image\/jpeg"}],"twitter_card":"summary_large_image","twitter_misc":{"Estimated reading time":"1 minute"},"schema":{"@context":"https:\/\/schema.org","@graph":[{"@type":"WebPage","@id":"https:\/\/www.zoko.ro\/p\/set-organizator-turistic-3-genti-transparente-gonga\/","url":"https:\/\/www.zoko.ro\/p\/set-organizator-turistic-3-genti-transparente-gonga\/","name":"Set organizator turistic, 3 genti transparente, Gonga\u00ae | ZOKO","isPartOf":{"@id":"https:\/\/www.zoko.ro\/#website"},"primaryImageOfPage":{"@id":"https:\/\/www.zoko.ro\/p\/set-organizator-turistic-3-genti-transparente-gonga\/#primaryimage"},"image":{"@id":"https:\/\/www.zoko.ro\/p\/set-organizator-turistic-3-genti-transparente-gonga\/#primaryimage"},"thumbnailUrl":"https:\/\/www.zoko.ro\/wp-content\/uploads\/2025\/03\/set-organizator-turistic-3-genti-transparente-gonga.jpg","datePublished":"2026-04-28T21:32:02+00:00","breadcrumb":{"@id":"https:\/\/www.zoko.ro\/p\/set-organizator-turistic-3-genti-transparente-gonga\/#breadcrumb"},"inLanguage":"en-GB","potentialAction":[{"@type":"ReadAction","target":["https:\/\/www.zoko.ro\/p\/set-organizator-turistic-3-genti-transparente-gonga\/"]}]},{"@type":"ImageObject","inLanguage":"en-GB","@id":"https:\/\/www.zoko.ro\/p\/set-organizator-turistic-3-genti-transparente-gonga\/#primaryimage","url":"https:\/\/www.zoko.ro\/wp-content\/uploads\/2025\/03\/set-organizator-turistic-3-genti-transparente-gonga.jpg","contentUrl":"https:\/\/www.zoko.ro\/wp-content\/uploads\/2025\/03\/set-organizator-turistic-3-genti-transparente-gonga.jpg","width":800,"height":800},{"@type":"BreadcrumbList","@id":"https:\/\/www.zoko.ro\/p\/set-organizator-turistic-3-genti-transparente-gonga\/#breadcrumb","itemListElement":[{"@type":"ListItem","position":1,"name":"Home","item":"https:\/\/www.zoko.ro\/"},{"@type":"ListItem","position":2,"name":"Magazin","item":"https:\/\/www.zoko.ro\/magazin\/"},{"@type":"ListItem","position":3,"name":"Set organizator turistic, 3 genti transparente, Gonga\u00ae"}]},{"@type":"WebSite","@id":"https:\/\/www.zoko.ro\/#website","url":"https:\/\/www.zoko.ro\/","name":"ZOKO.ro","description":"Cump\u0103r\u0103 inteligent","publisher":{"@id":"https:\/\/www.zoko.ro\/#organization"},"potentialAction":[{"@type":"SearchAction","target":{"@type":"EntryPoint","urlTemplate":"https:\/\/www.zoko.ro\/?s={search_term_string}"},"query-input":{"@type":"PropertyValueSpecification","valueRequired":true,"valueName":"search_term_string"}}],"inLanguage":"en-GB"},{"@type":"Organization","@id":"https:\/\/www.zoko.ro\/#organization","name":"ZOKO","url":"https:\/\/www.zoko.ro\/","logo":{"@type":"ImageObject","inLanguage":"en-GB","@id":"https:\/\/www.zoko.ro\/#\/schema\/logo\/image\/","url":"https:\/\/www.zoko.ro\/wp-content\/uploads\/2025\/03\/logo1.svg","contentUrl":"https:\/\/www.zoko.ro\/wp-content\/uploads\/2025\/03\/logo1.svg","width":799,"height":216,"caption":"ZOKO"},"image":{"@id":"https:\/\/www.zoko.ro\/#\/schema\/logo\/image\/"},"sameAs":["https:\/\/www.facebook.com\/profile.php?id=61584344135075"]}]}},"_links":{"self":[{"href":"https:\/\/www.zoko.ro\/en\/wp-json\/wp\/v2\/product\/10102","targetHints":{"allow":["GET"]}}],"collection":[{"href":"https:\/\/www.zoko.ro\/en\/wp-json\/wp\/v2\/product"}],"about":[{"href":"https:\/\/www.zoko.ro\/en\/wp-json\/wp\/v2\/types\/product"}],"replies":[{"embeddable":true,"href":"https:\/\/www.zoko.ro\/en\/wp-json\/wp\/v2\/comments?post=10102"}],"version-history":[{"count":1,"href":"https:\/\/www.zoko.ro\/en\/wp-json\/wp\/v2\/product\/10102\/revisions"}],"predecessor-version":[{"id":10103,"href":"https:\/\/www.zoko.ro\/en\/wp-json\/wp\/v2\/product\/10102\/revisions\/10103"}],"wp:featuredmedia":[{"embeddable":true,"href":"https:\/\/www.zoko.ro\/en\/wp-json\/wp\/v2\/media\/10104"}],"wp:attachment":[{"href":"https:\/\/www.zoko.ro\/en\/wp-json\/wp\/v2\/media?parent=10102"}],"wp:term":[{"taxonomy":"product_brand","embeddable":true,"href":"https:\/\/www.zoko.ro\/en\/wp-json\/wp\/v2\/product_brand?post=10102"},{"taxonomy":"product_cat","embeddable":true,"href":"https:\/\/www.zoko.ro\/en\/wp-json\/wp\/v2\/product_cat?post=10102"},{"taxonomy":"product_tag","embeddable":true,"href":"https:\/\/www.zoko.ro\/en\/wp-json\/wp\/v2\/product_tag?post=10102"}],"curies":[{"name":"wp","href":"https:\/\/api.w.org\/{rel}","templated":true}]}}