{"id":10121,"date":"2026-04-28T23:32:09","date_gmt":"2026-04-28T21:32:09","guid":{"rendered":"https:\/\/www.zoko.ro\/p\/cantar-electronic-de-bucatarie-pana-la-10-kg-gonga\/"},"modified":"2026-04-28T23:32:09","modified_gmt":"2026-04-28T21:32:09","slug":"cantar-electronic-de-bucatarie-pana-la-10-kg-gonga","status":"publish","type":"product","link":"https:\/\/www.zoko.ro\/en\/p\/cantar-electronic-de-bucatarie-pana-la-10-kg-gonga\/","title":{"rendered":"Cantar electronic de bucatarie, pana la 10 kg, Gonga\u00ae"},"content":{"rendered":"<p><strong>Culoare:<\/strong> Alb<\/p>\n<p>Cantar electronic de bucatarie cu o precizie de 1g. C\u00e2ntarul are un orificiu practic pe spate care v\u0103 permite s\u0103 \u00eel ag\u0103\u021ba\u021bi pe perete, de exemplu, atunci c\u00e2nd nu este utilizat. Dimensiunile compacte ale c\u00e2ntarului fac ca acesta s\u0103 nu ocupe mult spa\u021biu \u0219i s\u0103 se potriveasc\u0103 perfect cu orice interior.\u00a0\u00a0<\/p>\n<\/p>\n<p>C\u00e2ntarul are un afi\u0219aj clar, func\u021bie de oprire automat\u0103 &#8211; intr\u0103 \u00een modul de repaus, economisind energie.\u00a0\u00a0<\/p>\n<\/p>\n<p>Picioarele din cauciuc, antiderapante\u00a0 asigur\u0103 stabilitate \u0219i nu zg\u00e2rie suprafa\u021ba. Greutatea containerului deductibila &#8211; functie tara.\u00a0<\/p>\n<\/p>\n<p>Caracteristicile si specificatiile produsului:<\/p>\n<\/p>\n<p>&#8211; Material: Plastic<\/p>\n<p>&#8211; Culoare: Alb<\/p>\n<p>&#8211; Sarcina maxima: 10 kg<\/p>\n<p>&#8211; Precizie de c\u00e2nt\u0103rire: p\u00e2n\u0103 la 1 g<\/p>\n<p>&#8211; Unit\u0103\u021bi de c\u00e2nt\u0103rire: g \/ oz<\/p>\n<p>&#8211; Alimentare: 2 x baterii AA (incluse)<\/p>\n<p>&#8211; Dimensiuni (latime \/ lungime \/ inaltime \/ diametru camp de cantarire): 14\/24 \/ 4&#215;14.5cm<\/p>\n<p>&#8211; Greutate produs: 270 g<\/p>","protected":false},"excerpt":{"rendered":"<p>Culoare: Alb Cantar electronic de bucatarie cu o precizie de 1g. C\u00e2ntarul are un orificiu practic pe spate care v\u0103<\/p>","protected":false},"featured_media":10123,"comment_status":"open","ping_status":"open","template":"","meta":[],"product_brand":[],"product_cat":[99,107,100,131],"product_tag":[104],"class_list":{"0":"post-10121","1":"product","2":"type-product","3":"status-publish","4":"has-post-thumbnail","6":"product_cat-acasa","7":"product_cat-bucatarie-si-servire","8":"product_cat-casa-gradina","9":"product_cat-ustensile-gatit","10":"product_tag-in-stoc","11":"pa_culoare-alb","13":"first","14":"instock","15":"sale","16":"purchasable","17":"product-type-simple"},"yoast_head":"<!-- This site is optimized with the Yoast SEO plugin v27.2 - https:\/\/yoast.com\/product\/yoast-seo-wordpress\/ -->\n<title>Cantar electronic de bucatarie, pana la 10 kg, Gonga\u00ae | ZOKO<\/title>\n<meta name=\"robots\" content=\"index, follow, max-snippet:-1, max-image-preview:large, max-video-preview:-1\" \/>\n<link rel=\"canonical\" href=\"https:\/\/www.zoko.ro\/en\/p\/cantar-electronic-de-bucatarie-pana-la-10-kg-gonga\/\" \/>\n<meta property=\"og:locale\" content=\"en_GB\" \/>\n<meta property=\"og:type\" content=\"article\" \/>\n<meta property=\"og:title\" content=\"Cantar electronic de bucatarie, pana la 10 kg, Gonga\u00ae | ZOKO\" \/>\n<meta property=\"og:description\" content=\"Culoare: Alb Cantar electronic de bucatarie cu o precizie de 1g. C\u00e2ntarul are un orificiu practic pe spate care v\u0103\" \/>\n<meta property=\"og:url\" content=\"https:\/\/www.zoko.ro\/en\/p\/cantar-electronic-de-bucatarie-pana-la-10-kg-gonga\/\" \/>\n<meta property=\"og:site_name\" content=\"ZOKO\" \/>\n<meta property=\"article:publisher\" content=\"https:\/\/www.facebook.com\/profile.php?id=61584344135075\" \/>\n<meta property=\"og:image\" content=\"https:\/\/www.zoko.ro\/wp-content\/uploads\/2025\/03\/cantar-electronic-de-bucatarie-pana-la-10-kg-gonga.jpg\" \/>\n\t<meta property=\"og:image:width\" content=\"800\" \/>\n\t<meta property=\"og:image:height\" content=\"800\" \/>\n\t<meta property=\"og:image:type\" content=\"image\/jpeg\" \/>\n<meta name=\"twitter:card\" content=\"summary_large_image\" \/>\n<meta name=\"twitter:label1\" content=\"Estimated reading time\" \/>\n\t<meta name=\"twitter:data1\" content=\"1 minute\" \/>\n<script type=\"application\/ld+json\" class=\"yoast-schema-graph\">{\"@context\":\"https:\/\/schema.org\",\"@graph\":[{\"@type\":\"WebPage\",\"@id\":\"https:\/\/www.zoko.ro\/p\/cantar-electronic-de-bucatarie-pana-la-10-kg-gonga\/\",\"url\":\"https:\/\/www.zoko.ro\/p\/cantar-electronic-de-bucatarie-pana-la-10-kg-gonga\/\",\"name\":\"Cantar electronic de bucatarie, pana la 10 kg, Gonga\u00ae | ZOKO\",\"isPartOf\":{\"@id\":\"https:\/\/www.zoko.ro\/#website\"},\"primaryImageOfPage\":{\"@id\":\"https:\/\/www.zoko.ro\/p\/cantar-electronic-de-bucatarie-pana-la-10-kg-gonga\/#primaryimage\"},\"image\":{\"@id\":\"https:\/\/www.zoko.ro\/p\/cantar-electronic-de-bucatarie-pana-la-10-kg-gonga\/#primaryimage\"},\"thumbnailUrl\":\"https:\/\/www.zoko.ro\/wp-content\/uploads\/2025\/03\/cantar-electronic-de-bucatarie-pana-la-10-kg-gonga.jpg\",\"datePublished\":\"2026-04-28T21:32:09+00:00\",\"breadcrumb\":{\"@id\":\"https:\/\/www.zoko.ro\/p\/cantar-electronic-de-bucatarie-pana-la-10-kg-gonga\/#breadcrumb\"},\"inLanguage\":\"en-GB\",\"potentialAction\":[{\"@type\":\"ReadAction\",\"target\":[\"https:\/\/www.zoko.ro\/p\/cantar-electronic-de-bucatarie-pana-la-10-kg-gonga\/\"]}]},{\"@type\":\"ImageObject\",\"inLanguage\":\"en-GB\",\"@id\":\"https:\/\/www.zoko.ro\/p\/cantar-electronic-de-bucatarie-pana-la-10-kg-gonga\/#primaryimage\",\"url\":\"https:\/\/www.zoko.ro\/wp-content\/uploads\/2025\/03\/cantar-electronic-de-bucatarie-pana-la-10-kg-gonga.jpg\",\"contentUrl\":\"https:\/\/www.zoko.ro\/wp-content\/uploads\/2025\/03\/cantar-electronic-de-bucatarie-pana-la-10-kg-gonga.jpg\",\"width\":800,\"height\":800},{\"@type\":\"BreadcrumbList\",\"@id\":\"https:\/\/www.zoko.ro\/p\/cantar-electronic-de-bucatarie-pana-la-10-kg-gonga\/#breadcrumb\",\"itemListElement\":[{\"@type\":\"ListItem\",\"position\":1,\"name\":\"Home\",\"item\":\"https:\/\/www.zoko.ro\/\"},{\"@type\":\"ListItem\",\"position\":2,\"name\":\"Magazin\",\"item\":\"https:\/\/www.zoko.ro\/magazin\/\"},{\"@type\":\"ListItem\",\"position\":3,\"name\":\"Cantar electronic de bucatarie, pana la 10 kg, Gonga\u00ae\"}]},{\"@type\":\"WebSite\",\"@id\":\"https:\/\/www.zoko.ro\/#website\",\"url\":\"https:\/\/www.zoko.ro\/\",\"name\":\"ZOKO.ro\",\"description\":\"Cump\u0103r\u0103 inteligent\",\"publisher\":{\"@id\":\"https:\/\/www.zoko.ro\/#organization\"},\"potentialAction\":[{\"@type\":\"SearchAction\",\"target\":{\"@type\":\"EntryPoint\",\"urlTemplate\":\"https:\/\/www.zoko.ro\/?s={search_term_string}\"},\"query-input\":{\"@type\":\"PropertyValueSpecification\",\"valueRequired\":true,\"valueName\":\"search_term_string\"}}],\"inLanguage\":\"en-GB\"},{\"@type\":\"Organization\",\"@id\":\"https:\/\/www.zoko.ro\/#organization\",\"name\":\"ZOKO\",\"url\":\"https:\/\/www.zoko.ro\/\",\"logo\":{\"@type\":\"ImageObject\",\"inLanguage\":\"en-GB\",\"@id\":\"https:\/\/www.zoko.ro\/#\/schema\/logo\/image\/\",\"url\":\"https:\/\/www.zoko.ro\/wp-content\/uploads\/2025\/03\/logo1.svg\",\"contentUrl\":\"https:\/\/www.zoko.ro\/wp-content\/uploads\/2025\/03\/logo1.svg\",\"width\":799,\"height\":216,\"caption\":\"ZOKO\"},\"image\":{\"@id\":\"https:\/\/www.zoko.ro\/#\/schema\/logo\/image\/\"},\"sameAs\":[\"https:\/\/www.facebook.com\/profile.php?id=61584344135075\"]}]}<\/script>\n<!-- \/ Yoast SEO plugin. -->","yoast_head_json":{"title":"Cantar electronic de bucatarie, pana la 10 kg, Gonga\u00ae | ZOKO","robots":{"index":"index","follow":"follow","max-snippet":"max-snippet:-1","max-image-preview":"max-image-preview:large","max-video-preview":"max-video-preview:-1"},"canonical":"https:\/\/www.zoko.ro\/en\/p\/cantar-electronic-de-bucatarie-pana-la-10-kg-gonga\/","og_locale":"en_GB","og_type":"article","og_title":"Cantar electronic de bucatarie, pana la 10 kg, Gonga\u00ae | ZOKO","og_description":"Culoare: Alb Cantar electronic de bucatarie cu o precizie de 1g. C\u00e2ntarul are un orificiu practic pe spate care v\u0103","og_url":"https:\/\/www.zoko.ro\/en\/p\/cantar-electronic-de-bucatarie-pana-la-10-kg-gonga\/","og_site_name":"ZOKO","article_publisher":"https:\/\/www.facebook.com\/profile.php?id=61584344135075","og_image":[{"width":800,"height":800,"url":"https:\/\/www.zoko.ro\/wp-content\/uploads\/2025\/03\/cantar-electronic-de-bucatarie-pana-la-10-kg-gonga.jpg","type":"image\/jpeg"}],"twitter_card":"summary_large_image","twitter_misc":{"Estimated reading time":"1 minute"},"schema":{"@context":"https:\/\/schema.org","@graph":[{"@type":"WebPage","@id":"https:\/\/www.zoko.ro\/p\/cantar-electronic-de-bucatarie-pana-la-10-kg-gonga\/","url":"https:\/\/www.zoko.ro\/p\/cantar-electronic-de-bucatarie-pana-la-10-kg-gonga\/","name":"Cantar electronic de bucatarie, pana la 10 kg, Gonga\u00ae | ZOKO","isPartOf":{"@id":"https:\/\/www.zoko.ro\/#website"},"primaryImageOfPage":{"@id":"https:\/\/www.zoko.ro\/p\/cantar-electronic-de-bucatarie-pana-la-10-kg-gonga\/#primaryimage"},"image":{"@id":"https:\/\/www.zoko.ro\/p\/cantar-electronic-de-bucatarie-pana-la-10-kg-gonga\/#primaryimage"},"thumbnailUrl":"https:\/\/www.zoko.ro\/wp-content\/uploads\/2025\/03\/cantar-electronic-de-bucatarie-pana-la-10-kg-gonga.jpg","datePublished":"2026-04-28T21:32:09+00:00","breadcrumb":{"@id":"https:\/\/www.zoko.ro\/p\/cantar-electronic-de-bucatarie-pana-la-10-kg-gonga\/#breadcrumb"},"inLanguage":"en-GB","potentialAction":[{"@type":"ReadAction","target":["https:\/\/www.zoko.ro\/p\/cantar-electronic-de-bucatarie-pana-la-10-kg-gonga\/"]}]},{"@type":"ImageObject","inLanguage":"en-GB","@id":"https:\/\/www.zoko.ro\/p\/cantar-electronic-de-bucatarie-pana-la-10-kg-gonga\/#primaryimage","url":"https:\/\/www.zoko.ro\/wp-content\/uploads\/2025\/03\/cantar-electronic-de-bucatarie-pana-la-10-kg-gonga.jpg","contentUrl":"https:\/\/www.zoko.ro\/wp-content\/uploads\/2025\/03\/cantar-electronic-de-bucatarie-pana-la-10-kg-gonga.jpg","width":800,"height":800},{"@type":"BreadcrumbList","@id":"https:\/\/www.zoko.ro\/p\/cantar-electronic-de-bucatarie-pana-la-10-kg-gonga\/#breadcrumb","itemListElement":[{"@type":"ListItem","position":1,"name":"Home","item":"https:\/\/www.zoko.ro\/"},{"@type":"ListItem","position":2,"name":"Magazin","item":"https:\/\/www.zoko.ro\/magazin\/"},{"@type":"ListItem","position":3,"name":"Cantar electronic de bucatarie, pana la 10 kg, Gonga\u00ae"}]},{"@type":"WebSite","@id":"https:\/\/www.zoko.ro\/#website","url":"https:\/\/www.zoko.ro\/","name":"ZOKO.ro","description":"Cump\u0103r\u0103 inteligent","publisher":{"@id":"https:\/\/www.zoko.ro\/#organization"},"potentialAction":[{"@type":"SearchAction","target":{"@type":"EntryPoint","urlTemplate":"https:\/\/www.zoko.ro\/?s={search_term_string}"},"query-input":{"@type":"PropertyValueSpecification","valueRequired":true,"valueName":"search_term_string"}}],"inLanguage":"en-GB"},{"@type":"Organization","@id":"https:\/\/www.zoko.ro\/#organization","name":"ZOKO","url":"https:\/\/www.zoko.ro\/","logo":{"@type":"ImageObject","inLanguage":"en-GB","@id":"https:\/\/www.zoko.ro\/#\/schema\/logo\/image\/","url":"https:\/\/www.zoko.ro\/wp-content\/uploads\/2025\/03\/logo1.svg","contentUrl":"https:\/\/www.zoko.ro\/wp-content\/uploads\/2025\/03\/logo1.svg","width":799,"height":216,"caption":"ZOKO"},"image":{"@id":"https:\/\/www.zoko.ro\/#\/schema\/logo\/image\/"},"sameAs":["https:\/\/www.facebook.com\/profile.php?id=61584344135075"]}]}},"_links":{"self":[{"href":"https:\/\/www.zoko.ro\/en\/wp-json\/wp\/v2\/product\/10121","targetHints":{"allow":["GET"]}}],"collection":[{"href":"https:\/\/www.zoko.ro\/en\/wp-json\/wp\/v2\/product"}],"about":[{"href":"https:\/\/www.zoko.ro\/en\/wp-json\/wp\/v2\/types\/product"}],"replies":[{"embeddable":true,"href":"https:\/\/www.zoko.ro\/en\/wp-json\/wp\/v2\/comments?post=10121"}],"version-history":[{"count":1,"href":"https:\/\/www.zoko.ro\/en\/wp-json\/wp\/v2\/product\/10121\/revisions"}],"predecessor-version":[{"id":10122,"href":"https:\/\/www.zoko.ro\/en\/wp-json\/wp\/v2\/product\/10121\/revisions\/10122"}],"wp:featuredmedia":[{"embeddable":true,"href":"https:\/\/www.zoko.ro\/en\/wp-json\/wp\/v2\/media\/10123"}],"wp:attachment":[{"href":"https:\/\/www.zoko.ro\/en\/wp-json\/wp\/v2\/media?parent=10121"}],"wp:term":[{"taxonomy":"product_brand","embeddable":true,"href":"https:\/\/www.zoko.ro\/en\/wp-json\/wp\/v2\/product_brand?post=10121"},{"taxonomy":"product_cat","embeddable":true,"href":"https:\/\/www.zoko.ro\/en\/wp-json\/wp\/v2\/product_cat?post=10121"},{"taxonomy":"product_tag","embeddable":true,"href":"https:\/\/www.zoko.ro\/en\/wp-json\/wp\/v2\/product_tag?post=10121"}],"curies":[{"name":"wp","href":"https:\/\/api.w.org\/{rel}","templated":true}]}}