{"id":10233,"date":"2026-04-28T23:32:16","date_gmt":"2026-04-28T21:32:16","guid":{"rendered":"https:\/\/www.zoko.ro\/p\/masuta-de-cafea-blat-rotund-loft-45-x-45-x-40-cm-negru\/"},"modified":"2026-04-28T23:32:16","modified_gmt":"2026-04-28T21:32:16","slug":"masuta-de-cafea-blat-rotund-loft-45-x-45-x-40-cm-negru","status":"publish","type":"product","link":"https:\/\/www.zoko.ro\/en\/p\/masuta-de-cafea-blat-rotund-loft-45-x-45-x-40-cm-negru\/","title":{"rendered":"Masuta de cafea, blat rotund, Loft 45 x 45 x 40 cm, negru"},"content":{"rendered":"<p><strong>Culoare:<\/strong> Negru<\/p>\n<p>Masuta de cafea rotunda realizata in stil industrial\/loft cu atentie la fiecare detaliu, chiar si la cel mai mic. Baza masutei este din picioare de lemn, \u00een timp ce blatul este din MDF, caracterizat prin rezisten\u021b\u0103 ridicat\u0103 la deterior\u0103ri mecanice,. In plus, este extrem de rezistenta la zg\u00e2rieturi, lovituri \u0219i temperaturi ridicate!<\/p>\n<\/p>\n<p>Aceast\u0103 m\u0103su\u021b\u0103 de cafea rotund\u0103 va oferi interiorului camerei un aspect modern. Masuta, \u00een afar\u0103 de func\u021bia unei mese obi\u0219nuite, poate ac\u021biona \u0219i ca o cutie de depozitare, iar partea de deasupra este detasabila.<\/p>\n<\/p>\n<p>Caracteristicile si specificatiile produsului:<\/p>\n<\/p>\n<p>&#8211; Dimensiuni: 45 x 45 x 40 cm<\/p>","protected":false},"excerpt":{"rendered":"<p>Culoare: Negru Masuta de cafea rotunda realizata in stil industrial\/loft cu atentie la fiecare detaliu, chiar si la cel mai<\/p>","protected":false},"featured_media":10235,"comment_status":"open","ping_status":"open","template":"","meta":[],"product_brand":[],"product_cat":[99,100,125],"product_tag":[104],"class_list":{"0":"post-10233","1":"product","2":"type-product","3":"status-publish","4":"has-post-thumbnail","6":"product_cat-acasa","7":"product_cat-casa-gradina","8":"product_cat-decoratiuni","9":"product_tag-in-stoc","10":"pa_culoare-negru","12":"first","13":"instock","14":"sale","15":"purchasable","16":"product-type-simple"},"yoast_head":"<!-- This site is optimized with the Yoast SEO plugin v27.2 - https:\/\/yoast.com\/product\/yoast-seo-wordpress\/ -->\n<title>Masuta de cafea, blat rotund, Loft 45 x 45 x 40 cm, negru | ZOKO<\/title>\n<meta name=\"robots\" content=\"index, follow, max-snippet:-1, max-image-preview:large, max-video-preview:-1\" \/>\n<link rel=\"canonical\" href=\"https:\/\/www.zoko.ro\/en\/p\/masuta-de-cafea-blat-rotund-loft-45-x-45-x-40-cm-negru\/\" \/>\n<meta property=\"og:locale\" content=\"en_GB\" \/>\n<meta property=\"og:type\" content=\"article\" \/>\n<meta property=\"og:title\" content=\"Masuta de cafea, blat rotund, Loft 45 x 45 x 40 cm, negru | ZOKO\" \/>\n<meta property=\"og:description\" content=\"Culoare: Negru Masuta de cafea rotunda realizata in stil industrial\/loft cu atentie la fiecare detaliu, chiar si la cel mai\" \/>\n<meta property=\"og:url\" content=\"https:\/\/www.zoko.ro\/en\/p\/masuta-de-cafea-blat-rotund-loft-45-x-45-x-40-cm-negru\/\" \/>\n<meta property=\"og:site_name\" content=\"ZOKO\" \/>\n<meta property=\"article:publisher\" content=\"https:\/\/www.facebook.com\/profile.php?id=61584344135075\" \/>\n<meta property=\"og:image\" content=\"https:\/\/www.zoko.ro\/wp-content\/uploads\/2025\/03\/masuta-de-cafea-blat-rotund-loft-45-x-45-x-40-cm-negru.jpg\" \/>\n\t<meta property=\"og:image:width\" content=\"800\" \/>\n\t<meta property=\"og:image:height\" content=\"800\" \/>\n\t<meta property=\"og:image:type\" content=\"image\/jpeg\" \/>\n<meta name=\"twitter:card\" content=\"summary_large_image\" \/>\n<meta name=\"twitter:label1\" content=\"Estimated reading time\" \/>\n\t<meta name=\"twitter:data1\" content=\"1 minute\" \/>\n<script type=\"application\/ld+json\" class=\"yoast-schema-graph\">{\"@context\":\"https:\/\/schema.org\",\"@graph\":[{\"@type\":\"WebPage\",\"@id\":\"https:\/\/www.zoko.ro\/p\/masuta-de-cafea-blat-rotund-loft-45-x-45-x-40-cm-negru\/\",\"url\":\"https:\/\/www.zoko.ro\/p\/masuta-de-cafea-blat-rotund-loft-45-x-45-x-40-cm-negru\/\",\"name\":\"Masuta de cafea, blat rotund, Loft 45 x 45 x 40 cm, negru | ZOKO\",\"isPartOf\":{\"@id\":\"https:\/\/www.zoko.ro\/#website\"},\"primaryImageOfPage\":{\"@id\":\"https:\/\/www.zoko.ro\/p\/masuta-de-cafea-blat-rotund-loft-45-x-45-x-40-cm-negru\/#primaryimage\"},\"image\":{\"@id\":\"https:\/\/www.zoko.ro\/p\/masuta-de-cafea-blat-rotund-loft-45-x-45-x-40-cm-negru\/#primaryimage\"},\"thumbnailUrl\":\"https:\/\/www.zoko.ro\/wp-content\/uploads\/2025\/03\/masuta-de-cafea-blat-rotund-loft-45-x-45-x-40-cm-negru.jpg\",\"datePublished\":\"2026-04-28T21:32:16+00:00\",\"breadcrumb\":{\"@id\":\"https:\/\/www.zoko.ro\/p\/masuta-de-cafea-blat-rotund-loft-45-x-45-x-40-cm-negru\/#breadcrumb\"},\"inLanguage\":\"en-GB\",\"potentialAction\":[{\"@type\":\"ReadAction\",\"target\":[\"https:\/\/www.zoko.ro\/p\/masuta-de-cafea-blat-rotund-loft-45-x-45-x-40-cm-negru\/\"]}]},{\"@type\":\"ImageObject\",\"inLanguage\":\"en-GB\",\"@id\":\"https:\/\/www.zoko.ro\/p\/masuta-de-cafea-blat-rotund-loft-45-x-45-x-40-cm-negru\/#primaryimage\",\"url\":\"https:\/\/www.zoko.ro\/wp-content\/uploads\/2025\/03\/masuta-de-cafea-blat-rotund-loft-45-x-45-x-40-cm-negru.jpg\",\"contentUrl\":\"https:\/\/www.zoko.ro\/wp-content\/uploads\/2025\/03\/masuta-de-cafea-blat-rotund-loft-45-x-45-x-40-cm-negru.jpg\",\"width\":800,\"height\":800},{\"@type\":\"BreadcrumbList\",\"@id\":\"https:\/\/www.zoko.ro\/p\/masuta-de-cafea-blat-rotund-loft-45-x-45-x-40-cm-negru\/#breadcrumb\",\"itemListElement\":[{\"@type\":\"ListItem\",\"position\":1,\"name\":\"Home\",\"item\":\"https:\/\/www.zoko.ro\/\"},{\"@type\":\"ListItem\",\"position\":2,\"name\":\"Magazin\",\"item\":\"https:\/\/www.zoko.ro\/magazin\/\"},{\"@type\":\"ListItem\",\"position\":3,\"name\":\"Masuta de cafea, blat rotund, Loft 45 x 45 x 40 cm, negru\"}]},{\"@type\":\"WebSite\",\"@id\":\"https:\/\/www.zoko.ro\/#website\",\"url\":\"https:\/\/www.zoko.ro\/\",\"name\":\"ZOKO.ro\",\"description\":\"Cump\u0103r\u0103 inteligent\",\"publisher\":{\"@id\":\"https:\/\/www.zoko.ro\/#organization\"},\"potentialAction\":[{\"@type\":\"SearchAction\",\"target\":{\"@type\":\"EntryPoint\",\"urlTemplate\":\"https:\/\/www.zoko.ro\/?s={search_term_string}\"},\"query-input\":{\"@type\":\"PropertyValueSpecification\",\"valueRequired\":true,\"valueName\":\"search_term_string\"}}],\"inLanguage\":\"en-GB\"},{\"@type\":\"Organization\",\"@id\":\"https:\/\/www.zoko.ro\/#organization\",\"name\":\"ZOKO\",\"url\":\"https:\/\/www.zoko.ro\/\",\"logo\":{\"@type\":\"ImageObject\",\"inLanguage\":\"en-GB\",\"@id\":\"https:\/\/www.zoko.ro\/#\/schema\/logo\/image\/\",\"url\":\"https:\/\/www.zoko.ro\/wp-content\/uploads\/2025\/03\/logo1.svg\",\"contentUrl\":\"https:\/\/www.zoko.ro\/wp-content\/uploads\/2025\/03\/logo1.svg\",\"width\":799,\"height\":216,\"caption\":\"ZOKO\"},\"image\":{\"@id\":\"https:\/\/www.zoko.ro\/#\/schema\/logo\/image\/\"},\"sameAs\":[\"https:\/\/www.facebook.com\/profile.php?id=61584344135075\"]}]}<\/script>\n<!-- \/ Yoast SEO plugin. -->","yoast_head_json":{"title":"Masuta de cafea, blat rotund, Loft 45 x 45 x 40 cm, negru | ZOKO","robots":{"index":"index","follow":"follow","max-snippet":"max-snippet:-1","max-image-preview":"max-image-preview:large","max-video-preview":"max-video-preview:-1"},"canonical":"https:\/\/www.zoko.ro\/en\/p\/masuta-de-cafea-blat-rotund-loft-45-x-45-x-40-cm-negru\/","og_locale":"en_GB","og_type":"article","og_title":"Masuta de cafea, blat rotund, Loft 45 x 45 x 40 cm, negru | ZOKO","og_description":"Culoare: Negru Masuta de cafea rotunda realizata in stil industrial\/loft cu atentie la fiecare detaliu, chiar si la cel mai","og_url":"https:\/\/www.zoko.ro\/en\/p\/masuta-de-cafea-blat-rotund-loft-45-x-45-x-40-cm-negru\/","og_site_name":"ZOKO","article_publisher":"https:\/\/www.facebook.com\/profile.php?id=61584344135075","og_image":[{"width":800,"height":800,"url":"https:\/\/www.zoko.ro\/wp-content\/uploads\/2025\/03\/masuta-de-cafea-blat-rotund-loft-45-x-45-x-40-cm-negru.jpg","type":"image\/jpeg"}],"twitter_card":"summary_large_image","twitter_misc":{"Estimated reading time":"1 minute"},"schema":{"@context":"https:\/\/schema.org","@graph":[{"@type":"WebPage","@id":"https:\/\/www.zoko.ro\/p\/masuta-de-cafea-blat-rotund-loft-45-x-45-x-40-cm-negru\/","url":"https:\/\/www.zoko.ro\/p\/masuta-de-cafea-blat-rotund-loft-45-x-45-x-40-cm-negru\/","name":"Masuta de cafea, blat rotund, Loft 45 x 45 x 40 cm, negru | ZOKO","isPartOf":{"@id":"https:\/\/www.zoko.ro\/#website"},"primaryImageOfPage":{"@id":"https:\/\/www.zoko.ro\/p\/masuta-de-cafea-blat-rotund-loft-45-x-45-x-40-cm-negru\/#primaryimage"},"image":{"@id":"https:\/\/www.zoko.ro\/p\/masuta-de-cafea-blat-rotund-loft-45-x-45-x-40-cm-negru\/#primaryimage"},"thumbnailUrl":"https:\/\/www.zoko.ro\/wp-content\/uploads\/2025\/03\/masuta-de-cafea-blat-rotund-loft-45-x-45-x-40-cm-negru.jpg","datePublished":"2026-04-28T21:32:16+00:00","breadcrumb":{"@id":"https:\/\/www.zoko.ro\/p\/masuta-de-cafea-blat-rotund-loft-45-x-45-x-40-cm-negru\/#breadcrumb"},"inLanguage":"en-GB","potentialAction":[{"@type":"ReadAction","target":["https:\/\/www.zoko.ro\/p\/masuta-de-cafea-blat-rotund-loft-45-x-45-x-40-cm-negru\/"]}]},{"@type":"ImageObject","inLanguage":"en-GB","@id":"https:\/\/www.zoko.ro\/p\/masuta-de-cafea-blat-rotund-loft-45-x-45-x-40-cm-negru\/#primaryimage","url":"https:\/\/www.zoko.ro\/wp-content\/uploads\/2025\/03\/masuta-de-cafea-blat-rotund-loft-45-x-45-x-40-cm-negru.jpg","contentUrl":"https:\/\/www.zoko.ro\/wp-content\/uploads\/2025\/03\/masuta-de-cafea-blat-rotund-loft-45-x-45-x-40-cm-negru.jpg","width":800,"height":800},{"@type":"BreadcrumbList","@id":"https:\/\/www.zoko.ro\/p\/masuta-de-cafea-blat-rotund-loft-45-x-45-x-40-cm-negru\/#breadcrumb","itemListElement":[{"@type":"ListItem","position":1,"name":"Home","item":"https:\/\/www.zoko.ro\/"},{"@type":"ListItem","position":2,"name":"Magazin","item":"https:\/\/www.zoko.ro\/magazin\/"},{"@type":"ListItem","position":3,"name":"Masuta de cafea, blat rotund, Loft 45 x 45 x 40 cm, negru"}]},{"@type":"WebSite","@id":"https:\/\/www.zoko.ro\/#website","url":"https:\/\/www.zoko.ro\/","name":"ZOKO.ro","description":"Cump\u0103r\u0103 inteligent","publisher":{"@id":"https:\/\/www.zoko.ro\/#organization"},"potentialAction":[{"@type":"SearchAction","target":{"@type":"EntryPoint","urlTemplate":"https:\/\/www.zoko.ro\/?s={search_term_string}"},"query-input":{"@type":"PropertyValueSpecification","valueRequired":true,"valueName":"search_term_string"}}],"inLanguage":"en-GB"},{"@type":"Organization","@id":"https:\/\/www.zoko.ro\/#organization","name":"ZOKO","url":"https:\/\/www.zoko.ro\/","logo":{"@type":"ImageObject","inLanguage":"en-GB","@id":"https:\/\/www.zoko.ro\/#\/schema\/logo\/image\/","url":"https:\/\/www.zoko.ro\/wp-content\/uploads\/2025\/03\/logo1.svg","contentUrl":"https:\/\/www.zoko.ro\/wp-content\/uploads\/2025\/03\/logo1.svg","width":799,"height":216,"caption":"ZOKO"},"image":{"@id":"https:\/\/www.zoko.ro\/#\/schema\/logo\/image\/"},"sameAs":["https:\/\/www.facebook.com\/profile.php?id=61584344135075"]}]}},"_links":{"self":[{"href":"https:\/\/www.zoko.ro\/en\/wp-json\/wp\/v2\/product\/10233","targetHints":{"allow":["GET"]}}],"collection":[{"href":"https:\/\/www.zoko.ro\/en\/wp-json\/wp\/v2\/product"}],"about":[{"href":"https:\/\/www.zoko.ro\/en\/wp-json\/wp\/v2\/types\/product"}],"replies":[{"embeddable":true,"href":"https:\/\/www.zoko.ro\/en\/wp-json\/wp\/v2\/comments?post=10233"}],"version-history":[{"count":1,"href":"https:\/\/www.zoko.ro\/en\/wp-json\/wp\/v2\/product\/10233\/revisions"}],"predecessor-version":[{"id":10234,"href":"https:\/\/www.zoko.ro\/en\/wp-json\/wp\/v2\/product\/10233\/revisions\/10234"}],"wp:featuredmedia":[{"embeddable":true,"href":"https:\/\/www.zoko.ro\/en\/wp-json\/wp\/v2\/media\/10235"}],"wp:attachment":[{"href":"https:\/\/www.zoko.ro\/en\/wp-json\/wp\/v2\/media?parent=10233"}],"wp:term":[{"taxonomy":"product_brand","embeddable":true,"href":"https:\/\/www.zoko.ro\/en\/wp-json\/wp\/v2\/product_brand?post=10233"},{"taxonomy":"product_cat","embeddable":true,"href":"https:\/\/www.zoko.ro\/en\/wp-json\/wp\/v2\/product_cat?post=10233"},{"taxonomy":"product_tag","embeddable":true,"href":"https:\/\/www.zoko.ro\/en\/wp-json\/wp\/v2\/product_tag?post=10233"}],"curies":[{"name":"wp","href":"https:\/\/api.w.org\/{rel}","templated":true}]}}