{"id":10245,"date":"2026-04-28T23:32:16","date_gmt":"2026-04-28T21:32:16","guid":{"rendered":"https:\/\/www.zoko.ro\/p\/lampa-led-din-lemn-reglabila-cu-cap-in-forma-de-proiector-gonga\/"},"modified":"2026-04-28T23:32:16","modified_gmt":"2026-04-28T21:32:16","slug":"lampa-led-din-lemn-reglabila-cu-cap-in-forma-de-proiector-gonga","status":"publish","type":"product","link":"https:\/\/www.zoko.ro\/en\/p\/lampa-led-din-lemn-reglabila-cu-cap-in-forma-de-proiector-gonga\/","title":{"rendered":"Lamp\u0103 led, din lemn, reglabil\u0103, cu cap in forma de proiector, Gonga\u00ae"},"content":{"rendered":"<p><strong>Culoare:<\/strong> Crem<\/p>\n<p>Lampa de birou ROBOT LED nu iti lumineaz\u0103 doar camera, ci \u0219i ziua. Datorit\u0103 picioarelor mobile \u0219i capului flexibil, lampa din lemn \u00ee\u0219i asum\u0103 o varietate de pozi\u021bii. Acest lucru face ca lampa de pe raft s\u0103 atrag\u0103 atentia tuturor, indiferent dac\u0103 este aprins\u0103 sau oprit\u0103. Lampa decorativ\u0103 va func\u021biona pe un birou sau noptier\u0103, ca lamp\u0103 pentru hol sau ca lamp\u0103 de veghe.<\/p>\n<\/p>\n<p>Dimensiuni:<\/p>\n<\/p>\n<p>&#8211; Dimensiuni lampa H x L x A: aproximativ 40 x 14 x 25 cm<\/p>\n<p>&#8211; Dimensiuni reflector H x L x A: aproximativ 14 x 14 x 8 cm<\/p>\n<p>&#8211; Lungimea cablului de alimentare: aproximativ 170 cm<\/p>\n<\/p>\n<p>Caracteristicile si specificatiile produsului:<\/p>\n<\/p>\n<p>&#8211; Putere LED: 6W<\/p>\n<p>&#8211; Culoare luminii: 3000K<\/p>\n<p>&#8211; Luminozitate: 255 lumeni<\/p>\n<p>&#8211; Durata de viata: aproximativ 30.000 ore<\/p>\n<p>-Tensiune: 110-240V<\/p>","protected":false},"excerpt":{"rendered":"<p>Culoare: Crem Lampa de birou ROBOT LED nu iti lumineaz\u0103 doar camera, ci \u0219i ziua. Datorit\u0103 picioarelor mobile \u0219i capului<\/p>","protected":false},"featured_media":10247,"comment_status":"open","ping_status":"open","template":"","meta":[],"product_brand":[],"product_cat":[99,100,112],"product_tag":[104],"class_list":{"0":"post-10245","1":"product","2":"type-product","3":"status-publish","4":"has-post-thumbnail","6":"product_cat-acasa","7":"product_cat-casa-gradina","8":"product_cat-iluminat-electrice","9":"product_tag-in-stoc","10":"pa_culoare-crem","12":"first","13":"instock","14":"sale","15":"purchasable","16":"product-type-simple"},"yoast_head":"<!-- This site is optimized with the Yoast SEO plugin v27.2 - https:\/\/yoast.com\/product\/yoast-seo-wordpress\/ -->\n<title>Lamp\u0103 led, din lemn, reglabil\u0103, cu cap in forma de proiector, Gonga\u00ae | ZOKO<\/title>\n<meta name=\"robots\" content=\"index, follow, max-snippet:-1, max-image-preview:large, max-video-preview:-1\" \/>\n<link rel=\"canonical\" href=\"https:\/\/www.zoko.ro\/en\/p\/lampa-led-din-lemn-reglabila-cu-cap-in-forma-de-proiector-gonga\/\" \/>\n<meta property=\"og:locale\" content=\"en_GB\" \/>\n<meta property=\"og:type\" content=\"article\" \/>\n<meta property=\"og:title\" content=\"Lamp\u0103 led, din lemn, reglabil\u0103, cu cap in forma de proiector, Gonga\u00ae | ZOKO\" \/>\n<meta property=\"og:description\" content=\"Culoare: Crem Lampa de birou ROBOT LED nu iti lumineaz\u0103 doar camera, ci \u0219i ziua. Datorit\u0103 picioarelor mobile \u0219i capului\" \/>\n<meta property=\"og:url\" content=\"https:\/\/www.zoko.ro\/en\/p\/lampa-led-din-lemn-reglabila-cu-cap-in-forma-de-proiector-gonga\/\" \/>\n<meta property=\"og:site_name\" content=\"ZOKO\" \/>\n<meta property=\"article:publisher\" content=\"https:\/\/www.facebook.com\/profile.php?id=61584344135075\" \/>\n<meta property=\"og:image\" content=\"https:\/\/www.zoko.ro\/wp-content\/uploads\/2025\/03\/lampa-led-din-lemn-reglabila-cu-cap-in-forma-de-proiector-gonga.jpg\" \/>\n\t<meta property=\"og:image:width\" content=\"800\" \/>\n\t<meta property=\"og:image:height\" content=\"800\" \/>\n\t<meta property=\"og:image:type\" content=\"image\/jpeg\" \/>\n<meta name=\"twitter:card\" content=\"summary_large_image\" \/>\n<meta name=\"twitter:label1\" content=\"Estimated reading time\" \/>\n\t<meta name=\"twitter:data1\" content=\"1 minute\" \/>\n<script type=\"application\/ld+json\" class=\"yoast-schema-graph\">{\"@context\":\"https:\/\/schema.org\",\"@graph\":[{\"@type\":\"WebPage\",\"@id\":\"https:\/\/www.zoko.ro\/p\/lampa-led-din-lemn-reglabila-cu-cap-in-forma-de-proiector-gonga\/\",\"url\":\"https:\/\/www.zoko.ro\/p\/lampa-led-din-lemn-reglabila-cu-cap-in-forma-de-proiector-gonga\/\",\"name\":\"Lamp\u0103 led, din lemn, reglabil\u0103, cu cap in forma de proiector, Gonga\u00ae | ZOKO\",\"isPartOf\":{\"@id\":\"https:\/\/www.zoko.ro\/#website\"},\"primaryImageOfPage\":{\"@id\":\"https:\/\/www.zoko.ro\/p\/lampa-led-din-lemn-reglabila-cu-cap-in-forma-de-proiector-gonga\/#primaryimage\"},\"image\":{\"@id\":\"https:\/\/www.zoko.ro\/p\/lampa-led-din-lemn-reglabila-cu-cap-in-forma-de-proiector-gonga\/#primaryimage\"},\"thumbnailUrl\":\"https:\/\/www.zoko.ro\/wp-content\/uploads\/2025\/03\/lampa-led-din-lemn-reglabila-cu-cap-in-forma-de-proiector-gonga.jpg\",\"datePublished\":\"2026-04-28T21:32:16+00:00\",\"breadcrumb\":{\"@id\":\"https:\/\/www.zoko.ro\/p\/lampa-led-din-lemn-reglabila-cu-cap-in-forma-de-proiector-gonga\/#breadcrumb\"},\"inLanguage\":\"en-GB\",\"potentialAction\":[{\"@type\":\"ReadAction\",\"target\":[\"https:\/\/www.zoko.ro\/p\/lampa-led-din-lemn-reglabila-cu-cap-in-forma-de-proiector-gonga\/\"]}]},{\"@type\":\"ImageObject\",\"inLanguage\":\"en-GB\",\"@id\":\"https:\/\/www.zoko.ro\/p\/lampa-led-din-lemn-reglabila-cu-cap-in-forma-de-proiector-gonga\/#primaryimage\",\"url\":\"https:\/\/www.zoko.ro\/wp-content\/uploads\/2025\/03\/lampa-led-din-lemn-reglabila-cu-cap-in-forma-de-proiector-gonga.jpg\",\"contentUrl\":\"https:\/\/www.zoko.ro\/wp-content\/uploads\/2025\/03\/lampa-led-din-lemn-reglabila-cu-cap-in-forma-de-proiector-gonga.jpg\",\"width\":800,\"height\":800},{\"@type\":\"BreadcrumbList\",\"@id\":\"https:\/\/www.zoko.ro\/p\/lampa-led-din-lemn-reglabila-cu-cap-in-forma-de-proiector-gonga\/#breadcrumb\",\"itemListElement\":[{\"@type\":\"ListItem\",\"position\":1,\"name\":\"Home\",\"item\":\"https:\/\/www.zoko.ro\/\"},{\"@type\":\"ListItem\",\"position\":2,\"name\":\"Magazin\",\"item\":\"https:\/\/www.zoko.ro\/magazin\/\"},{\"@type\":\"ListItem\",\"position\":3,\"name\":\"Lamp\u0103 led, din lemn, reglabil\u0103, cu cap in forma de proiector, Gonga\u00ae\"}]},{\"@type\":\"WebSite\",\"@id\":\"https:\/\/www.zoko.ro\/#website\",\"url\":\"https:\/\/www.zoko.ro\/\",\"name\":\"ZOKO.ro\",\"description\":\"Cump\u0103r\u0103 inteligent\",\"publisher\":{\"@id\":\"https:\/\/www.zoko.ro\/#organization\"},\"potentialAction\":[{\"@type\":\"SearchAction\",\"target\":{\"@type\":\"EntryPoint\",\"urlTemplate\":\"https:\/\/www.zoko.ro\/?s={search_term_string}\"},\"query-input\":{\"@type\":\"PropertyValueSpecification\",\"valueRequired\":true,\"valueName\":\"search_term_string\"}}],\"inLanguage\":\"en-GB\"},{\"@type\":\"Organization\",\"@id\":\"https:\/\/www.zoko.ro\/#organization\",\"name\":\"ZOKO\",\"url\":\"https:\/\/www.zoko.ro\/\",\"logo\":{\"@type\":\"ImageObject\",\"inLanguage\":\"en-GB\",\"@id\":\"https:\/\/www.zoko.ro\/#\/schema\/logo\/image\/\",\"url\":\"https:\/\/www.zoko.ro\/wp-content\/uploads\/2025\/03\/logo1.svg\",\"contentUrl\":\"https:\/\/www.zoko.ro\/wp-content\/uploads\/2025\/03\/logo1.svg\",\"width\":799,\"height\":216,\"caption\":\"ZOKO\"},\"image\":{\"@id\":\"https:\/\/www.zoko.ro\/#\/schema\/logo\/image\/\"},\"sameAs\":[\"https:\/\/www.facebook.com\/profile.php?id=61584344135075\"]}]}<\/script>\n<!-- \/ Yoast SEO plugin. -->","yoast_head_json":{"title":"Lamp\u0103 led, din lemn, reglabil\u0103, cu cap in forma de proiector, Gonga\u00ae | ZOKO","robots":{"index":"index","follow":"follow","max-snippet":"max-snippet:-1","max-image-preview":"max-image-preview:large","max-video-preview":"max-video-preview:-1"},"canonical":"https:\/\/www.zoko.ro\/en\/p\/lampa-led-din-lemn-reglabila-cu-cap-in-forma-de-proiector-gonga\/","og_locale":"en_GB","og_type":"article","og_title":"Lamp\u0103 led, din lemn, reglabil\u0103, cu cap in forma de proiector, Gonga\u00ae | ZOKO","og_description":"Culoare: Crem Lampa de birou ROBOT LED nu iti lumineaz\u0103 doar camera, ci \u0219i ziua. Datorit\u0103 picioarelor mobile \u0219i capului","og_url":"https:\/\/www.zoko.ro\/en\/p\/lampa-led-din-lemn-reglabila-cu-cap-in-forma-de-proiector-gonga\/","og_site_name":"ZOKO","article_publisher":"https:\/\/www.facebook.com\/profile.php?id=61584344135075","og_image":[{"width":800,"height":800,"url":"https:\/\/www.zoko.ro\/wp-content\/uploads\/2025\/03\/lampa-led-din-lemn-reglabila-cu-cap-in-forma-de-proiector-gonga.jpg","type":"image\/jpeg"}],"twitter_card":"summary_large_image","twitter_misc":{"Estimated reading time":"1 minute"},"schema":{"@context":"https:\/\/schema.org","@graph":[{"@type":"WebPage","@id":"https:\/\/www.zoko.ro\/p\/lampa-led-din-lemn-reglabila-cu-cap-in-forma-de-proiector-gonga\/","url":"https:\/\/www.zoko.ro\/p\/lampa-led-din-lemn-reglabila-cu-cap-in-forma-de-proiector-gonga\/","name":"Lamp\u0103 led, din lemn, reglabil\u0103, cu cap in forma de proiector, Gonga\u00ae | ZOKO","isPartOf":{"@id":"https:\/\/www.zoko.ro\/#website"},"primaryImageOfPage":{"@id":"https:\/\/www.zoko.ro\/p\/lampa-led-din-lemn-reglabila-cu-cap-in-forma-de-proiector-gonga\/#primaryimage"},"image":{"@id":"https:\/\/www.zoko.ro\/p\/lampa-led-din-lemn-reglabila-cu-cap-in-forma-de-proiector-gonga\/#primaryimage"},"thumbnailUrl":"https:\/\/www.zoko.ro\/wp-content\/uploads\/2025\/03\/lampa-led-din-lemn-reglabila-cu-cap-in-forma-de-proiector-gonga.jpg","datePublished":"2026-04-28T21:32:16+00:00","breadcrumb":{"@id":"https:\/\/www.zoko.ro\/p\/lampa-led-din-lemn-reglabila-cu-cap-in-forma-de-proiector-gonga\/#breadcrumb"},"inLanguage":"en-GB","potentialAction":[{"@type":"ReadAction","target":["https:\/\/www.zoko.ro\/p\/lampa-led-din-lemn-reglabila-cu-cap-in-forma-de-proiector-gonga\/"]}]},{"@type":"ImageObject","inLanguage":"en-GB","@id":"https:\/\/www.zoko.ro\/p\/lampa-led-din-lemn-reglabila-cu-cap-in-forma-de-proiector-gonga\/#primaryimage","url":"https:\/\/www.zoko.ro\/wp-content\/uploads\/2025\/03\/lampa-led-din-lemn-reglabila-cu-cap-in-forma-de-proiector-gonga.jpg","contentUrl":"https:\/\/www.zoko.ro\/wp-content\/uploads\/2025\/03\/lampa-led-din-lemn-reglabila-cu-cap-in-forma-de-proiector-gonga.jpg","width":800,"height":800},{"@type":"BreadcrumbList","@id":"https:\/\/www.zoko.ro\/p\/lampa-led-din-lemn-reglabila-cu-cap-in-forma-de-proiector-gonga\/#breadcrumb","itemListElement":[{"@type":"ListItem","position":1,"name":"Home","item":"https:\/\/www.zoko.ro\/"},{"@type":"ListItem","position":2,"name":"Magazin","item":"https:\/\/www.zoko.ro\/magazin\/"},{"@type":"ListItem","position":3,"name":"Lamp\u0103 led, din lemn, reglabil\u0103, cu cap in forma de proiector, Gonga\u00ae"}]},{"@type":"WebSite","@id":"https:\/\/www.zoko.ro\/#website","url":"https:\/\/www.zoko.ro\/","name":"ZOKO.ro","description":"Cump\u0103r\u0103 inteligent","publisher":{"@id":"https:\/\/www.zoko.ro\/#organization"},"potentialAction":[{"@type":"SearchAction","target":{"@type":"EntryPoint","urlTemplate":"https:\/\/www.zoko.ro\/?s={search_term_string}"},"query-input":{"@type":"PropertyValueSpecification","valueRequired":true,"valueName":"search_term_string"}}],"inLanguage":"en-GB"},{"@type":"Organization","@id":"https:\/\/www.zoko.ro\/#organization","name":"ZOKO","url":"https:\/\/www.zoko.ro\/","logo":{"@type":"ImageObject","inLanguage":"en-GB","@id":"https:\/\/www.zoko.ro\/#\/schema\/logo\/image\/","url":"https:\/\/www.zoko.ro\/wp-content\/uploads\/2025\/03\/logo1.svg","contentUrl":"https:\/\/www.zoko.ro\/wp-content\/uploads\/2025\/03\/logo1.svg","width":799,"height":216,"caption":"ZOKO"},"image":{"@id":"https:\/\/www.zoko.ro\/#\/schema\/logo\/image\/"},"sameAs":["https:\/\/www.facebook.com\/profile.php?id=61584344135075"]}]}},"_links":{"self":[{"href":"https:\/\/www.zoko.ro\/en\/wp-json\/wp\/v2\/product\/10245","targetHints":{"allow":["GET"]}}],"collection":[{"href":"https:\/\/www.zoko.ro\/en\/wp-json\/wp\/v2\/product"}],"about":[{"href":"https:\/\/www.zoko.ro\/en\/wp-json\/wp\/v2\/types\/product"}],"replies":[{"embeddable":true,"href":"https:\/\/www.zoko.ro\/en\/wp-json\/wp\/v2\/comments?post=10245"}],"version-history":[{"count":1,"href":"https:\/\/www.zoko.ro\/en\/wp-json\/wp\/v2\/product\/10245\/revisions"}],"predecessor-version":[{"id":10246,"href":"https:\/\/www.zoko.ro\/en\/wp-json\/wp\/v2\/product\/10245\/revisions\/10246"}],"wp:featuredmedia":[{"embeddable":true,"href":"https:\/\/www.zoko.ro\/en\/wp-json\/wp\/v2\/media\/10247"}],"wp:attachment":[{"href":"https:\/\/www.zoko.ro\/en\/wp-json\/wp\/v2\/media?parent=10245"}],"wp:term":[{"taxonomy":"product_brand","embeddable":true,"href":"https:\/\/www.zoko.ro\/en\/wp-json\/wp\/v2\/product_brand?post=10245"},{"taxonomy":"product_cat","embeddable":true,"href":"https:\/\/www.zoko.ro\/en\/wp-json\/wp\/v2\/product_cat?post=10245"},{"taxonomy":"product_tag","embeddable":true,"href":"https:\/\/www.zoko.ro\/en\/wp-json\/wp\/v2\/product_tag?post=10245"}],"curies":[{"name":"wp","href":"https:\/\/api.w.org\/{rel}","templated":true}]}}