{"id":10371,"date":"2026-04-28T23:32:26","date_gmt":"2026-04-28T21:32:26","guid":{"rendered":"https:\/\/www.zoko.ro\/p\/set-10-buc-lampa-led-pentru-oglinda-usb-gonga\/"},"modified":"2026-04-28T23:32:26","modified_gmt":"2026-04-28T21:32:26","slug":"set-10-buc-lampa-led-pentru-oglinda-usb-gonga","status":"publish","type":"product","link":"https:\/\/www.zoko.ro\/en\/p\/set-10-buc-lampa-led-pentru-oglinda-usb-gonga\/","title":{"rendered":"Set 10 buc lampa led pentru oglinda, usb, Gonga\u00ae"},"content":{"rendered":"<p><strong>Culoare:<\/strong> Alb<\/p>\n<p>Set 10 buc lampa led pentru oglinda, ce pot fi dispuse liber pe orice suprafata sau suspendate in conformitate cu asteptarile referitoare la decorul dorit. Design frumos combinat cu performan\u021be practice!\u00a0<\/p>\n<\/p>\n<p>Folosirea plasticului \u00een loc de sticl\u0103 face ca l\u0103mpile sa nu se sparga \u0219i vor oferi o perioada lunga de utilizare. L\u0103mpile pot fi conectate at\u00e2t la re\u021bea, c\u00e2t \u0219i la computer, \u00een func\u021bie de preferin\u021bele utilizatorului.<\/p>\n<\/p>\n<p>Un cablu de alimentare durabil \u0219i transparent permite \u00eentregului set s\u0103 at\u00e2rne liber atunci c\u00e2nd sunt realizate design-uri suspendate. Un set de l\u0103mpi str\u0103lucitoare, sferice, cu o lungime de p\u00e2n\u0103 la 4,5 m, ceea ce permite preg\u0103tirea unor compozi\u021bii spa\u021biale impresionante. Diametrul fiec\u0103reia dintre lampieste de 4,5 cm, datorit\u0103 c\u0103ruia sunt extrem de subtile, dar \u00een acela\u0219i timp vizibile.\u00a0<\/p>\n<\/p>\n<p>Specificatii:<\/p>\n<\/p>\n<p>&#8211; Material: Plastic<\/p>\n<p>&#8211; Niveluri de intensitate: 11<\/p>\n<p>&#8211; Num\u0103rul total de moduri: 30<\/p>\n<p>&#8211; Alimentat prin USB<\/p>\n<p>&#8211; Putere: 12W<\/p>\n<p>&#8211; Tensiune: 5V<\/p>\n<p>&#8211; Lungime total\u0103 a cablului: 4,5 m\u00a0<\/p>\n<p>&#8211; Lungimea cablului reglabil \u00eentre l\u0103mpi: p\u00e2n\u0103 la 25 cm<\/p>\n<p>&#8211; Dimensiuni lampa (latime\/inaltime): 4,5 x 5 cm<\/p>","protected":false},"excerpt":{"rendered":"<p>Culoare: Alb Set 10 buc lampa led pentru oglinda, ce pot fi dispuse liber pe orice suprafata sau suspendate in<\/p>","protected":false},"featured_media":10373,"comment_status":"open","ping_status":"open","template":"","meta":[],"product_brand":[],"product_cat":[99,100],"product_tag":[104],"class_list":{"0":"post-10371","1":"product","2":"type-product","3":"status-publish","4":"has-post-thumbnail","6":"product_cat-acasa","7":"product_cat-casa-gradina","8":"product_tag-in-stoc","9":"pa_culoare-alb","11":"first","12":"instock","13":"sale","14":"purchasable","15":"product-type-simple"},"yoast_head":"<!-- This site is optimized with the Yoast SEO plugin v27.2 - https:\/\/yoast.com\/product\/yoast-seo-wordpress\/ -->\n<title>Set 10 buc lampa led pentru oglinda, usb, Gonga\u00ae | ZOKO<\/title>\n<meta name=\"robots\" content=\"index, follow, max-snippet:-1, max-image-preview:large, max-video-preview:-1\" \/>\n<link rel=\"canonical\" href=\"https:\/\/www.zoko.ro\/en\/p\/set-10-buc-lampa-led-pentru-oglinda-usb-gonga\/\" \/>\n<meta property=\"og:locale\" content=\"en_GB\" \/>\n<meta property=\"og:type\" content=\"article\" \/>\n<meta property=\"og:title\" content=\"Set 10 buc lampa led pentru oglinda, usb, Gonga\u00ae | ZOKO\" \/>\n<meta property=\"og:description\" content=\"Culoare: Alb Set 10 buc lampa led pentru oglinda, ce pot fi dispuse liber pe orice suprafata sau suspendate in\" \/>\n<meta property=\"og:url\" content=\"https:\/\/www.zoko.ro\/en\/p\/set-10-buc-lampa-led-pentru-oglinda-usb-gonga\/\" \/>\n<meta property=\"og:site_name\" content=\"ZOKO\" \/>\n<meta property=\"article:publisher\" content=\"https:\/\/www.facebook.com\/profile.php?id=61584344135075\" \/>\n<meta property=\"og:image\" content=\"https:\/\/www.zoko.ro\/wp-content\/uploads\/2025\/03\/set-10-buc-lampa-led-pentru-oglinda-usb-gonga.jpg\" \/>\n\t<meta property=\"og:image:width\" content=\"800\" \/>\n\t<meta property=\"og:image:height\" content=\"800\" \/>\n\t<meta property=\"og:image:type\" content=\"image\/jpeg\" \/>\n<meta name=\"twitter:card\" content=\"summary_large_image\" \/>\n<meta name=\"twitter:label1\" content=\"Estimated reading time\" \/>\n\t<meta name=\"twitter:data1\" content=\"1 minute\" \/>\n<script type=\"application\/ld+json\" class=\"yoast-schema-graph\">{\"@context\":\"https:\/\/schema.org\",\"@graph\":[{\"@type\":\"WebPage\",\"@id\":\"https:\/\/www.zoko.ro\/p\/set-10-buc-lampa-led-pentru-oglinda-usb-gonga\/\",\"url\":\"https:\/\/www.zoko.ro\/p\/set-10-buc-lampa-led-pentru-oglinda-usb-gonga\/\",\"name\":\"Set 10 buc lampa led pentru oglinda, usb, Gonga\u00ae | ZOKO\",\"isPartOf\":{\"@id\":\"https:\/\/www.zoko.ro\/#website\"},\"primaryImageOfPage\":{\"@id\":\"https:\/\/www.zoko.ro\/p\/set-10-buc-lampa-led-pentru-oglinda-usb-gonga\/#primaryimage\"},\"image\":{\"@id\":\"https:\/\/www.zoko.ro\/p\/set-10-buc-lampa-led-pentru-oglinda-usb-gonga\/#primaryimage\"},\"thumbnailUrl\":\"https:\/\/www.zoko.ro\/wp-content\/uploads\/2025\/03\/set-10-buc-lampa-led-pentru-oglinda-usb-gonga.jpg\",\"datePublished\":\"2026-04-28T21:32:26+00:00\",\"breadcrumb\":{\"@id\":\"https:\/\/www.zoko.ro\/p\/set-10-buc-lampa-led-pentru-oglinda-usb-gonga\/#breadcrumb\"},\"inLanguage\":\"en-GB\",\"potentialAction\":[{\"@type\":\"ReadAction\",\"target\":[\"https:\/\/www.zoko.ro\/p\/set-10-buc-lampa-led-pentru-oglinda-usb-gonga\/\"]}]},{\"@type\":\"ImageObject\",\"inLanguage\":\"en-GB\",\"@id\":\"https:\/\/www.zoko.ro\/p\/set-10-buc-lampa-led-pentru-oglinda-usb-gonga\/#primaryimage\",\"url\":\"https:\/\/www.zoko.ro\/wp-content\/uploads\/2025\/03\/set-10-buc-lampa-led-pentru-oglinda-usb-gonga.jpg\",\"contentUrl\":\"https:\/\/www.zoko.ro\/wp-content\/uploads\/2025\/03\/set-10-buc-lampa-led-pentru-oglinda-usb-gonga.jpg\",\"width\":800,\"height\":800},{\"@type\":\"BreadcrumbList\",\"@id\":\"https:\/\/www.zoko.ro\/p\/set-10-buc-lampa-led-pentru-oglinda-usb-gonga\/#breadcrumb\",\"itemListElement\":[{\"@type\":\"ListItem\",\"position\":1,\"name\":\"Home\",\"item\":\"https:\/\/www.zoko.ro\/\"},{\"@type\":\"ListItem\",\"position\":2,\"name\":\"Magazin\",\"item\":\"https:\/\/www.zoko.ro\/magazin\/\"},{\"@type\":\"ListItem\",\"position\":3,\"name\":\"Set 10 buc lampa led pentru oglinda, usb, Gonga\u00ae\"}]},{\"@type\":\"WebSite\",\"@id\":\"https:\/\/www.zoko.ro\/#website\",\"url\":\"https:\/\/www.zoko.ro\/\",\"name\":\"ZOKO.ro\",\"description\":\"Cump\u0103r\u0103 inteligent\",\"publisher\":{\"@id\":\"https:\/\/www.zoko.ro\/#organization\"},\"potentialAction\":[{\"@type\":\"SearchAction\",\"target\":{\"@type\":\"EntryPoint\",\"urlTemplate\":\"https:\/\/www.zoko.ro\/?s={search_term_string}\"},\"query-input\":{\"@type\":\"PropertyValueSpecification\",\"valueRequired\":true,\"valueName\":\"search_term_string\"}}],\"inLanguage\":\"en-GB\"},{\"@type\":\"Organization\",\"@id\":\"https:\/\/www.zoko.ro\/#organization\",\"name\":\"ZOKO\",\"url\":\"https:\/\/www.zoko.ro\/\",\"logo\":{\"@type\":\"ImageObject\",\"inLanguage\":\"en-GB\",\"@id\":\"https:\/\/www.zoko.ro\/#\/schema\/logo\/image\/\",\"url\":\"https:\/\/www.zoko.ro\/wp-content\/uploads\/2025\/03\/logo1.svg\",\"contentUrl\":\"https:\/\/www.zoko.ro\/wp-content\/uploads\/2025\/03\/logo1.svg\",\"width\":799,\"height\":216,\"caption\":\"ZOKO\"},\"image\":{\"@id\":\"https:\/\/www.zoko.ro\/#\/schema\/logo\/image\/\"},\"sameAs\":[\"https:\/\/www.facebook.com\/profile.php?id=61584344135075\"]}]}<\/script>\n<!-- \/ Yoast SEO plugin. -->","yoast_head_json":{"title":"Set 10 buc lampa led pentru oglinda, usb, Gonga\u00ae | ZOKO","robots":{"index":"index","follow":"follow","max-snippet":"max-snippet:-1","max-image-preview":"max-image-preview:large","max-video-preview":"max-video-preview:-1"},"canonical":"https:\/\/www.zoko.ro\/en\/p\/set-10-buc-lampa-led-pentru-oglinda-usb-gonga\/","og_locale":"en_GB","og_type":"article","og_title":"Set 10 buc lampa led pentru oglinda, usb, Gonga\u00ae | ZOKO","og_description":"Culoare: Alb Set 10 buc lampa led pentru oglinda, ce pot fi dispuse liber pe orice suprafata sau suspendate in","og_url":"https:\/\/www.zoko.ro\/en\/p\/set-10-buc-lampa-led-pentru-oglinda-usb-gonga\/","og_site_name":"ZOKO","article_publisher":"https:\/\/www.facebook.com\/profile.php?id=61584344135075","og_image":[{"width":800,"height":800,"url":"https:\/\/www.zoko.ro\/wp-content\/uploads\/2025\/03\/set-10-buc-lampa-led-pentru-oglinda-usb-gonga.jpg","type":"image\/jpeg"}],"twitter_card":"summary_large_image","twitter_misc":{"Estimated reading time":"1 minute"},"schema":{"@context":"https:\/\/schema.org","@graph":[{"@type":"WebPage","@id":"https:\/\/www.zoko.ro\/p\/set-10-buc-lampa-led-pentru-oglinda-usb-gonga\/","url":"https:\/\/www.zoko.ro\/p\/set-10-buc-lampa-led-pentru-oglinda-usb-gonga\/","name":"Set 10 buc lampa led pentru oglinda, usb, Gonga\u00ae | ZOKO","isPartOf":{"@id":"https:\/\/www.zoko.ro\/#website"},"primaryImageOfPage":{"@id":"https:\/\/www.zoko.ro\/p\/set-10-buc-lampa-led-pentru-oglinda-usb-gonga\/#primaryimage"},"image":{"@id":"https:\/\/www.zoko.ro\/p\/set-10-buc-lampa-led-pentru-oglinda-usb-gonga\/#primaryimage"},"thumbnailUrl":"https:\/\/www.zoko.ro\/wp-content\/uploads\/2025\/03\/set-10-buc-lampa-led-pentru-oglinda-usb-gonga.jpg","datePublished":"2026-04-28T21:32:26+00:00","breadcrumb":{"@id":"https:\/\/www.zoko.ro\/p\/set-10-buc-lampa-led-pentru-oglinda-usb-gonga\/#breadcrumb"},"inLanguage":"en-GB","potentialAction":[{"@type":"ReadAction","target":["https:\/\/www.zoko.ro\/p\/set-10-buc-lampa-led-pentru-oglinda-usb-gonga\/"]}]},{"@type":"ImageObject","inLanguage":"en-GB","@id":"https:\/\/www.zoko.ro\/p\/set-10-buc-lampa-led-pentru-oglinda-usb-gonga\/#primaryimage","url":"https:\/\/www.zoko.ro\/wp-content\/uploads\/2025\/03\/set-10-buc-lampa-led-pentru-oglinda-usb-gonga.jpg","contentUrl":"https:\/\/www.zoko.ro\/wp-content\/uploads\/2025\/03\/set-10-buc-lampa-led-pentru-oglinda-usb-gonga.jpg","width":800,"height":800},{"@type":"BreadcrumbList","@id":"https:\/\/www.zoko.ro\/p\/set-10-buc-lampa-led-pentru-oglinda-usb-gonga\/#breadcrumb","itemListElement":[{"@type":"ListItem","position":1,"name":"Home","item":"https:\/\/www.zoko.ro\/"},{"@type":"ListItem","position":2,"name":"Magazin","item":"https:\/\/www.zoko.ro\/magazin\/"},{"@type":"ListItem","position":3,"name":"Set 10 buc lampa led pentru oglinda, usb, Gonga\u00ae"}]},{"@type":"WebSite","@id":"https:\/\/www.zoko.ro\/#website","url":"https:\/\/www.zoko.ro\/","name":"ZOKO.ro","description":"Cump\u0103r\u0103 inteligent","publisher":{"@id":"https:\/\/www.zoko.ro\/#organization"},"potentialAction":[{"@type":"SearchAction","target":{"@type":"EntryPoint","urlTemplate":"https:\/\/www.zoko.ro\/?s={search_term_string}"},"query-input":{"@type":"PropertyValueSpecification","valueRequired":true,"valueName":"search_term_string"}}],"inLanguage":"en-GB"},{"@type":"Organization","@id":"https:\/\/www.zoko.ro\/#organization","name":"ZOKO","url":"https:\/\/www.zoko.ro\/","logo":{"@type":"ImageObject","inLanguage":"en-GB","@id":"https:\/\/www.zoko.ro\/#\/schema\/logo\/image\/","url":"https:\/\/www.zoko.ro\/wp-content\/uploads\/2025\/03\/logo1.svg","contentUrl":"https:\/\/www.zoko.ro\/wp-content\/uploads\/2025\/03\/logo1.svg","width":799,"height":216,"caption":"ZOKO"},"image":{"@id":"https:\/\/www.zoko.ro\/#\/schema\/logo\/image\/"},"sameAs":["https:\/\/www.facebook.com\/profile.php?id=61584344135075"]}]}},"_links":{"self":[{"href":"https:\/\/www.zoko.ro\/en\/wp-json\/wp\/v2\/product\/10371","targetHints":{"allow":["GET"]}}],"collection":[{"href":"https:\/\/www.zoko.ro\/en\/wp-json\/wp\/v2\/product"}],"about":[{"href":"https:\/\/www.zoko.ro\/en\/wp-json\/wp\/v2\/types\/product"}],"replies":[{"embeddable":true,"href":"https:\/\/www.zoko.ro\/en\/wp-json\/wp\/v2\/comments?post=10371"}],"version-history":[{"count":1,"href":"https:\/\/www.zoko.ro\/en\/wp-json\/wp\/v2\/product\/10371\/revisions"}],"predecessor-version":[{"id":10372,"href":"https:\/\/www.zoko.ro\/en\/wp-json\/wp\/v2\/product\/10371\/revisions\/10372"}],"wp:featuredmedia":[{"embeddable":true,"href":"https:\/\/www.zoko.ro\/en\/wp-json\/wp\/v2\/media\/10373"}],"wp:attachment":[{"href":"https:\/\/www.zoko.ro\/en\/wp-json\/wp\/v2\/media?parent=10371"}],"wp:term":[{"taxonomy":"product_brand","embeddable":true,"href":"https:\/\/www.zoko.ro\/en\/wp-json\/wp\/v2\/product_brand?post=10371"},{"taxonomy":"product_cat","embeddable":true,"href":"https:\/\/www.zoko.ro\/en\/wp-json\/wp\/v2\/product_cat?post=10371"},{"taxonomy":"product_tag","embeddable":true,"href":"https:\/\/www.zoko.ro\/en\/wp-json\/wp\/v2\/product_tag?post=10371"}],"curies":[{"name":"wp","href":"https:\/\/api.w.org\/{rel}","templated":true}]}}