{"id":10431,"date":"2026-04-28T23:32:29","date_gmt":"2026-04-28T21:32:29","guid":{"rendered":"https:\/\/www.zoko.ro\/p\/cutie-rotativa-pentru-ceasuri-10-compartimente-4-rotative-si-6-fixe-gonga\/"},"modified":"2026-04-28T23:32:29","modified_gmt":"2026-04-28T21:32:29","slug":"cutie-rotativa-pentru-ceasuri-10-compartimente-4-rotative-si-6-fixe-gonga","status":"publish","type":"product","link":"https:\/\/www.zoko.ro\/en\/p\/cutie-rotativa-pentru-ceasuri-10-compartimente-4-rotative-si-6-fixe-gonga\/","title":{"rendered":"Cutie Rotativa Pentru Ceasuri, 10 compartimente, 4 rotative si 6 fixe, Gonga\u00ae"},"content":{"rendered":"<p><strong>Culoare:<\/strong> Negru<\/p>\n<p>Ceasurile automate nu necesit\u0103 mult\u0103 grij\u0103 din partea utilizatorului \u00een ceea ce prive\u0219te \u00eentre\u021binerea continu\u0103 a mecanismului. Purt\u00e2nd ceasul zilnic \u0219i prin mi\u0219c\u0103rile m\u00e2inii proprietarului, rotorul, care se mi\u0219c\u0103 de obicei \u00een ambele direc\u021bii, \u00eenf\u0103\u0219oar\u0103 automat arcul de antrenare, datorit\u0103 c\u0103ruia ceasul poate indica timpul practic continuu \u0219i f\u0103r\u0103 a fi nevoie de bobinaj manual.<\/p>\n<\/p>\n<p>Ce se \u00eent\u00e2mpl\u0103 dac\u0103 avem mai multe ceasuri automate \u0219i nu le putem purta \u00een fiecare zi?<\/p>\n<\/p>\n<p>\u00centr-o astfel de situa\u021bie, solu\u021bia perfect\u0103 pentru a men\u021bine ceasurile \u00een continu\u0103 mi\u0219care, chiar dac\u0103 acesta nu este purtat, este o cutie rotativa.<\/p>\n<\/p>\n<p>Cutia rotativa pentru ceasuri este un dispozitiv folosit pentru depozitarea ceasurilor echipate cu tensiune automata. Ceasurile din cutie sunt setate \u00een mod constant \u00eentr-o mi\u0219care circular\u0103 similar\u0103 cu mi\u0219carea \u00eencheieturii m\u00e2inii umane.<\/p>\n<\/p>\n<p>Mul\u021bumit\u0103 acestei cutii rotative, chiar \u0219i dup\u0103 mult timp \u00een care nu purta\u021bi ceasul preferat, acesta va func\u021biona perfect!<\/p>\n<\/p>\n<p>Cutia rotativa pentru ceasuri este acoperita cu piele ecologic\u0103 elegant\u0103. Motorul care a fost \u00eencorporat \u00een carcas\u0103 este foarte silentios.<\/p>\n<\/p>\n<p>Pernele pentru ceasuri au fost dotate cu o suprapunere suplimentar\u0103, astfel \u00eenc\u00e2t se va potrivi cu orice model de ceas, indiferent de lungimea curelei.<\/p>\n<\/p>\n<p>Ciclul de rota\u021bie este de 2 minute \u00eentr-un sens, pauz\u0103 &#8211; 6 minute , apoi 2 minute \u00een cel\u0103lalt sens, pauz\u0103 &#8211; 6 minute. Aceste cicluri se vor repeta p\u00e2n\u0103 c\u00e2nd dispozitivul este oprit folosind butonul situat pe spatele carcasei.<\/p>\n<\/p>\n<p>Fiecare cutie rotativa are un buton de activare separat.<\/p>\n<\/p>\n<p>Cutia are 6 locuri suplimentare pentru alte ceasuri. Fiecare dintre compartimente este echipat cu o pern\u0103 de ceas.<\/p>\n<\/p>\n<p>Compartimentele au capacitatea de a se mi\u0219ca, a\u0219a c\u0103 orice model de ceas se va potrivi acolo.<\/p>","protected":false},"excerpt":{"rendered":"<p>Culoare: Negru Ceasurile automate nu necesit\u0103 mult\u0103 grij\u0103 din partea utilizatorului \u00een ceea ce prive\u0219te \u00eentre\u021binerea continu\u0103 a mecanismului. Purt\u00e2nd<\/p>","protected":false},"featured_media":10433,"comment_status":"open","ping_status":"open","template":"","meta":[],"product_brand":[],"product_cat":[99,106],"product_tag":[104],"class_list":{"0":"post-10431","1":"product","2":"type-product","3":"status-publish","4":"has-post-thumbnail","6":"product_cat-acasa","7":"product_cat-fashion-accesorii","8":"product_tag-in-stoc","9":"pa_culoare-negru","11":"first","12":"instock","13":"sale","14":"purchasable","15":"product-type-simple"},"yoast_head":"<!-- This site is optimized with the Yoast SEO plugin v27.2 - https:\/\/yoast.com\/product\/yoast-seo-wordpress\/ -->\n<title>Cutie Rotativa Pentru Ceasuri, 10 compartimente, 4 rotative si 6 fixe, Gonga\u00ae | ZOKO<\/title>\n<meta name=\"robots\" content=\"index, follow, max-snippet:-1, max-image-preview:large, max-video-preview:-1\" \/>\n<link rel=\"canonical\" href=\"https:\/\/www.zoko.ro\/en\/p\/cutie-rotativa-pentru-ceasuri-10-compartimente-4-rotative-si-6-fixe-gonga\/\" \/>\n<meta property=\"og:locale\" content=\"en_GB\" \/>\n<meta property=\"og:type\" content=\"article\" \/>\n<meta property=\"og:title\" content=\"Cutie Rotativa Pentru Ceasuri, 10 compartimente, 4 rotative si 6 fixe, Gonga\u00ae | ZOKO\" \/>\n<meta property=\"og:description\" content=\"Culoare: Negru Ceasurile automate nu necesit\u0103 mult\u0103 grij\u0103 din partea utilizatorului \u00een ceea ce prive\u0219te \u00eentre\u021binerea continu\u0103 a mecanismului. Purt\u00e2nd\" \/>\n<meta property=\"og:url\" content=\"https:\/\/www.zoko.ro\/en\/p\/cutie-rotativa-pentru-ceasuri-10-compartimente-4-rotative-si-6-fixe-gonga\/\" \/>\n<meta property=\"og:site_name\" content=\"ZOKO\" \/>\n<meta property=\"article:publisher\" content=\"https:\/\/www.facebook.com\/profile.php?id=61584344135075\" \/>\n<meta property=\"og:image\" content=\"https:\/\/www.zoko.ro\/wp-content\/uploads\/2025\/03\/cutie-rotativa-pentru-ceasuri-10-compartimente-4-rotative-si-6-fixe-gonga.jpg\" \/>\n\t<meta property=\"og:image:width\" content=\"800\" \/>\n\t<meta property=\"og:image:height\" content=\"800\" \/>\n\t<meta property=\"og:image:type\" content=\"image\/jpeg\" \/>\n<meta name=\"twitter:card\" content=\"summary_large_image\" \/>\n<meta name=\"twitter:label1\" content=\"Estimated reading time\" \/>\n\t<meta name=\"twitter:data1\" content=\"1 minute\" \/>\n<script type=\"application\/ld+json\" class=\"yoast-schema-graph\">{\"@context\":\"https:\/\/schema.org\",\"@graph\":[{\"@type\":\"WebPage\",\"@id\":\"https:\/\/www.zoko.ro\/p\/cutie-rotativa-pentru-ceasuri-10-compartimente-4-rotative-si-6-fixe-gonga\/\",\"url\":\"https:\/\/www.zoko.ro\/p\/cutie-rotativa-pentru-ceasuri-10-compartimente-4-rotative-si-6-fixe-gonga\/\",\"name\":\"Cutie Rotativa Pentru Ceasuri, 10 compartimente, 4 rotative si 6 fixe, Gonga\u00ae | ZOKO\",\"isPartOf\":{\"@id\":\"https:\/\/www.zoko.ro\/#website\"},\"primaryImageOfPage\":{\"@id\":\"https:\/\/www.zoko.ro\/p\/cutie-rotativa-pentru-ceasuri-10-compartimente-4-rotative-si-6-fixe-gonga\/#primaryimage\"},\"image\":{\"@id\":\"https:\/\/www.zoko.ro\/p\/cutie-rotativa-pentru-ceasuri-10-compartimente-4-rotative-si-6-fixe-gonga\/#primaryimage\"},\"thumbnailUrl\":\"https:\/\/www.zoko.ro\/wp-content\/uploads\/2025\/03\/cutie-rotativa-pentru-ceasuri-10-compartimente-4-rotative-si-6-fixe-gonga.jpg\",\"datePublished\":\"2026-04-28T21:32:29+00:00\",\"breadcrumb\":{\"@id\":\"https:\/\/www.zoko.ro\/p\/cutie-rotativa-pentru-ceasuri-10-compartimente-4-rotative-si-6-fixe-gonga\/#breadcrumb\"},\"inLanguage\":\"en-GB\",\"potentialAction\":[{\"@type\":\"ReadAction\",\"target\":[\"https:\/\/www.zoko.ro\/p\/cutie-rotativa-pentru-ceasuri-10-compartimente-4-rotative-si-6-fixe-gonga\/\"]}]},{\"@type\":\"ImageObject\",\"inLanguage\":\"en-GB\",\"@id\":\"https:\/\/www.zoko.ro\/p\/cutie-rotativa-pentru-ceasuri-10-compartimente-4-rotative-si-6-fixe-gonga\/#primaryimage\",\"url\":\"https:\/\/www.zoko.ro\/wp-content\/uploads\/2025\/03\/cutie-rotativa-pentru-ceasuri-10-compartimente-4-rotative-si-6-fixe-gonga.jpg\",\"contentUrl\":\"https:\/\/www.zoko.ro\/wp-content\/uploads\/2025\/03\/cutie-rotativa-pentru-ceasuri-10-compartimente-4-rotative-si-6-fixe-gonga.jpg\",\"width\":800,\"height\":800},{\"@type\":\"BreadcrumbList\",\"@id\":\"https:\/\/www.zoko.ro\/p\/cutie-rotativa-pentru-ceasuri-10-compartimente-4-rotative-si-6-fixe-gonga\/#breadcrumb\",\"itemListElement\":[{\"@type\":\"ListItem\",\"position\":1,\"name\":\"Home\",\"item\":\"https:\/\/www.zoko.ro\/\"},{\"@type\":\"ListItem\",\"position\":2,\"name\":\"Magazin\",\"item\":\"https:\/\/www.zoko.ro\/magazin\/\"},{\"@type\":\"ListItem\",\"position\":3,\"name\":\"Cutie Rotativa Pentru Ceasuri, 10 compartimente, 4 rotative si 6 fixe, Gonga\u00ae\"}]},{\"@type\":\"WebSite\",\"@id\":\"https:\/\/www.zoko.ro\/#website\",\"url\":\"https:\/\/www.zoko.ro\/\",\"name\":\"ZOKO.ro\",\"description\":\"Cump\u0103r\u0103 inteligent\",\"publisher\":{\"@id\":\"https:\/\/www.zoko.ro\/#organization\"},\"potentialAction\":[{\"@type\":\"SearchAction\",\"target\":{\"@type\":\"EntryPoint\",\"urlTemplate\":\"https:\/\/www.zoko.ro\/?s={search_term_string}\"},\"query-input\":{\"@type\":\"PropertyValueSpecification\",\"valueRequired\":true,\"valueName\":\"search_term_string\"}}],\"inLanguage\":\"en-GB\"},{\"@type\":\"Organization\",\"@id\":\"https:\/\/www.zoko.ro\/#organization\",\"name\":\"ZOKO\",\"url\":\"https:\/\/www.zoko.ro\/\",\"logo\":{\"@type\":\"ImageObject\",\"inLanguage\":\"en-GB\",\"@id\":\"https:\/\/www.zoko.ro\/#\/schema\/logo\/image\/\",\"url\":\"https:\/\/www.zoko.ro\/wp-content\/uploads\/2025\/03\/logo1.svg\",\"contentUrl\":\"https:\/\/www.zoko.ro\/wp-content\/uploads\/2025\/03\/logo1.svg\",\"width\":799,\"height\":216,\"caption\":\"ZOKO\"},\"image\":{\"@id\":\"https:\/\/www.zoko.ro\/#\/schema\/logo\/image\/\"},\"sameAs\":[\"https:\/\/www.facebook.com\/profile.php?id=61584344135075\"]}]}<\/script>\n<!-- \/ Yoast SEO plugin. -->","yoast_head_json":{"title":"Cutie Rotativa Pentru Ceasuri, 10 compartimente, 4 rotative si 6 fixe, Gonga\u00ae | ZOKO","robots":{"index":"index","follow":"follow","max-snippet":"max-snippet:-1","max-image-preview":"max-image-preview:large","max-video-preview":"max-video-preview:-1"},"canonical":"https:\/\/www.zoko.ro\/en\/p\/cutie-rotativa-pentru-ceasuri-10-compartimente-4-rotative-si-6-fixe-gonga\/","og_locale":"en_GB","og_type":"article","og_title":"Cutie Rotativa Pentru Ceasuri, 10 compartimente, 4 rotative si 6 fixe, Gonga\u00ae | ZOKO","og_description":"Culoare: Negru Ceasurile automate nu necesit\u0103 mult\u0103 grij\u0103 din partea utilizatorului \u00een ceea ce prive\u0219te \u00eentre\u021binerea continu\u0103 a mecanismului. Purt\u00e2nd","og_url":"https:\/\/www.zoko.ro\/en\/p\/cutie-rotativa-pentru-ceasuri-10-compartimente-4-rotative-si-6-fixe-gonga\/","og_site_name":"ZOKO","article_publisher":"https:\/\/www.facebook.com\/profile.php?id=61584344135075","og_image":[{"width":800,"height":800,"url":"https:\/\/www.zoko.ro\/wp-content\/uploads\/2025\/03\/cutie-rotativa-pentru-ceasuri-10-compartimente-4-rotative-si-6-fixe-gonga.jpg","type":"image\/jpeg"}],"twitter_card":"summary_large_image","twitter_misc":{"Estimated reading time":"1 minute"},"schema":{"@context":"https:\/\/schema.org","@graph":[{"@type":"WebPage","@id":"https:\/\/www.zoko.ro\/p\/cutie-rotativa-pentru-ceasuri-10-compartimente-4-rotative-si-6-fixe-gonga\/","url":"https:\/\/www.zoko.ro\/p\/cutie-rotativa-pentru-ceasuri-10-compartimente-4-rotative-si-6-fixe-gonga\/","name":"Cutie Rotativa Pentru Ceasuri, 10 compartimente, 4 rotative si 6 fixe, Gonga\u00ae | ZOKO","isPartOf":{"@id":"https:\/\/www.zoko.ro\/#website"},"primaryImageOfPage":{"@id":"https:\/\/www.zoko.ro\/p\/cutie-rotativa-pentru-ceasuri-10-compartimente-4-rotative-si-6-fixe-gonga\/#primaryimage"},"image":{"@id":"https:\/\/www.zoko.ro\/p\/cutie-rotativa-pentru-ceasuri-10-compartimente-4-rotative-si-6-fixe-gonga\/#primaryimage"},"thumbnailUrl":"https:\/\/www.zoko.ro\/wp-content\/uploads\/2025\/03\/cutie-rotativa-pentru-ceasuri-10-compartimente-4-rotative-si-6-fixe-gonga.jpg","datePublished":"2026-04-28T21:32:29+00:00","breadcrumb":{"@id":"https:\/\/www.zoko.ro\/p\/cutie-rotativa-pentru-ceasuri-10-compartimente-4-rotative-si-6-fixe-gonga\/#breadcrumb"},"inLanguage":"en-GB","potentialAction":[{"@type":"ReadAction","target":["https:\/\/www.zoko.ro\/p\/cutie-rotativa-pentru-ceasuri-10-compartimente-4-rotative-si-6-fixe-gonga\/"]}]},{"@type":"ImageObject","inLanguage":"en-GB","@id":"https:\/\/www.zoko.ro\/p\/cutie-rotativa-pentru-ceasuri-10-compartimente-4-rotative-si-6-fixe-gonga\/#primaryimage","url":"https:\/\/www.zoko.ro\/wp-content\/uploads\/2025\/03\/cutie-rotativa-pentru-ceasuri-10-compartimente-4-rotative-si-6-fixe-gonga.jpg","contentUrl":"https:\/\/www.zoko.ro\/wp-content\/uploads\/2025\/03\/cutie-rotativa-pentru-ceasuri-10-compartimente-4-rotative-si-6-fixe-gonga.jpg","width":800,"height":800},{"@type":"BreadcrumbList","@id":"https:\/\/www.zoko.ro\/p\/cutie-rotativa-pentru-ceasuri-10-compartimente-4-rotative-si-6-fixe-gonga\/#breadcrumb","itemListElement":[{"@type":"ListItem","position":1,"name":"Home","item":"https:\/\/www.zoko.ro\/"},{"@type":"ListItem","position":2,"name":"Magazin","item":"https:\/\/www.zoko.ro\/magazin\/"},{"@type":"ListItem","position":3,"name":"Cutie Rotativa Pentru Ceasuri, 10 compartimente, 4 rotative si 6 fixe, Gonga\u00ae"}]},{"@type":"WebSite","@id":"https:\/\/www.zoko.ro\/#website","url":"https:\/\/www.zoko.ro\/","name":"ZOKO.ro","description":"Cump\u0103r\u0103 inteligent","publisher":{"@id":"https:\/\/www.zoko.ro\/#organization"},"potentialAction":[{"@type":"SearchAction","target":{"@type":"EntryPoint","urlTemplate":"https:\/\/www.zoko.ro\/?s={search_term_string}"},"query-input":{"@type":"PropertyValueSpecification","valueRequired":true,"valueName":"search_term_string"}}],"inLanguage":"en-GB"},{"@type":"Organization","@id":"https:\/\/www.zoko.ro\/#organization","name":"ZOKO","url":"https:\/\/www.zoko.ro\/","logo":{"@type":"ImageObject","inLanguage":"en-GB","@id":"https:\/\/www.zoko.ro\/#\/schema\/logo\/image\/","url":"https:\/\/www.zoko.ro\/wp-content\/uploads\/2025\/03\/logo1.svg","contentUrl":"https:\/\/www.zoko.ro\/wp-content\/uploads\/2025\/03\/logo1.svg","width":799,"height":216,"caption":"ZOKO"},"image":{"@id":"https:\/\/www.zoko.ro\/#\/schema\/logo\/image\/"},"sameAs":["https:\/\/www.facebook.com\/profile.php?id=61584344135075"]}]}},"_links":{"self":[{"href":"https:\/\/www.zoko.ro\/en\/wp-json\/wp\/v2\/product\/10431","targetHints":{"allow":["GET"]}}],"collection":[{"href":"https:\/\/www.zoko.ro\/en\/wp-json\/wp\/v2\/product"}],"about":[{"href":"https:\/\/www.zoko.ro\/en\/wp-json\/wp\/v2\/types\/product"}],"replies":[{"embeddable":true,"href":"https:\/\/www.zoko.ro\/en\/wp-json\/wp\/v2\/comments?post=10431"}],"version-history":[{"count":1,"href":"https:\/\/www.zoko.ro\/en\/wp-json\/wp\/v2\/product\/10431\/revisions"}],"predecessor-version":[{"id":10432,"href":"https:\/\/www.zoko.ro\/en\/wp-json\/wp\/v2\/product\/10431\/revisions\/10432"}],"wp:featuredmedia":[{"embeddable":true,"href":"https:\/\/www.zoko.ro\/en\/wp-json\/wp\/v2\/media\/10433"}],"wp:attachment":[{"href":"https:\/\/www.zoko.ro\/en\/wp-json\/wp\/v2\/media?parent=10431"}],"wp:term":[{"taxonomy":"product_brand","embeddable":true,"href":"https:\/\/www.zoko.ro\/en\/wp-json\/wp\/v2\/product_brand?post=10431"},{"taxonomy":"product_cat","embeddable":true,"href":"https:\/\/www.zoko.ro\/en\/wp-json\/wp\/v2\/product_cat?post=10431"},{"taxonomy":"product_tag","embeddable":true,"href":"https:\/\/www.zoko.ro\/en\/wp-json\/wp\/v2\/product_tag?post=10431"}],"curies":[{"name":"wp","href":"https:\/\/api.w.org\/{rel}","templated":true}]}}