{"id":10449,"date":"2026-04-28T23:32:31","date_gmt":"2026-04-28T21:32:31","guid":{"rendered":"https:\/\/www.zoko.ro\/p\/mini-scaun-pliabil-de-buzunar-27x21x18-cm-gonga\/"},"modified":"2026-04-28T23:32:31","modified_gmt":"2026-04-28T21:32:31","slug":"mini-scaun-pliabil-de-buzunar-27x21x18-cm-gonga","status":"publish","type":"product","link":"https:\/\/www.zoko.ro\/en\/p\/mini-scaun-pliabil-de-buzunar-27x21x18-cm-gonga\/","title":{"rendered":"Mini scaun pliabil de buzunar 27x21x18 cm, Gonga\u00ae"},"content":{"rendered":"<p><strong>Culoare:<\/strong> Albastru<\/p>\n<p>Mini scaun pliabil de buzunar este compact, u\u0219or \u0219i pliabil, un lucru grozav pentru toate activit\u0103\u021bile \u00een aer liber, cum ar fi pescuitul, drume\u021biile, campingul, la un concert \u00een aer liber.<\/p>\n<\/p>\n<p>\u00cel po\u021bi lua cu tine oriunde, chiar \u0219i \u00een buzunar datorit\u0103 dimensiunilor mici \u0219i greut\u0103\u021bii reduse (din aliaj de aluminiu). Este \u00een acela\u0219i timp durabil \u0219i suport\u0103 o greutate de p\u00e2n\u0103 la 100 kg. U\u0219or \u0219i rapid de asamblat, datorita cauciucului flexibil din interiorul tuburilor.\u00a0<\/p>\n<\/p>\n<p>Dimensiuni (cm): 27 x 21 x 18 cm<\/p>","protected":false},"excerpt":{"rendered":"<p>Culoare: Albastru Mini scaun pliabil de buzunar este compact, u\u0219or \u0219i pliabil, un lucru grozav pentru toate activit\u0103\u021bile \u00een aer<\/p>","protected":false},"featured_media":10451,"comment_status":"open","ping_status":"open","template":"","meta":[],"product_brand":[],"product_cat":[99,144,102],"product_tag":[104],"class_list":{"0":"post-10449","1":"product","2":"type-product","3":"status-publish","4":"has-post-thumbnail","6":"product_cat-acasa","7":"product_cat-accesorii-pescuit","8":"product_cat-sport-activitati-in-aer-liber","9":"product_tag-in-stoc","10":"pa_culoare-albastru","12":"first","13":"instock","14":"sale","15":"purchasable","16":"product-type-simple"},"yoast_head":"<!-- This site is optimized with the Yoast SEO plugin v27.2 - https:\/\/yoast.com\/product\/yoast-seo-wordpress\/ -->\n<title>Mini scaun pliabil de buzunar 27x21x18 cm, Gonga\u00ae | ZOKO<\/title>\n<meta name=\"robots\" content=\"index, follow, max-snippet:-1, max-image-preview:large, max-video-preview:-1\" \/>\n<link rel=\"canonical\" href=\"https:\/\/www.zoko.ro\/en\/p\/mini-scaun-pliabil-de-buzunar-27x21x18-cm-gonga\/\" \/>\n<meta property=\"og:locale\" content=\"en_GB\" \/>\n<meta property=\"og:type\" content=\"article\" \/>\n<meta property=\"og:title\" content=\"Mini scaun pliabil de buzunar 27x21x18 cm, Gonga\u00ae | ZOKO\" \/>\n<meta property=\"og:description\" content=\"Culoare: Albastru Mini scaun pliabil de buzunar este compact, u\u0219or \u0219i pliabil, un lucru grozav pentru toate activit\u0103\u021bile \u00een aer\" \/>\n<meta property=\"og:url\" content=\"https:\/\/www.zoko.ro\/en\/p\/mini-scaun-pliabil-de-buzunar-27x21x18-cm-gonga\/\" \/>\n<meta property=\"og:site_name\" content=\"ZOKO\" \/>\n<meta property=\"article:publisher\" content=\"https:\/\/www.facebook.com\/profile.php?id=61584344135075\" \/>\n<meta property=\"og:image\" content=\"https:\/\/www.zoko.ro\/wp-content\/uploads\/2025\/03\/mini-scaun-pliabil-de-buzunar-27x21x18-cm-gonga.jpg\" \/>\n\t<meta property=\"og:image:width\" content=\"800\" \/>\n\t<meta property=\"og:image:height\" content=\"800\" \/>\n\t<meta property=\"og:image:type\" content=\"image\/jpeg\" \/>\n<meta name=\"twitter:card\" content=\"summary_large_image\" \/>\n<script type=\"application\/ld+json\" class=\"yoast-schema-graph\">{\"@context\":\"https:\/\/schema.org\",\"@graph\":[{\"@type\":\"WebPage\",\"@id\":\"https:\/\/www.zoko.ro\/p\/mini-scaun-pliabil-de-buzunar-27x21x18-cm-gonga\/\",\"url\":\"https:\/\/www.zoko.ro\/p\/mini-scaun-pliabil-de-buzunar-27x21x18-cm-gonga\/\",\"name\":\"Mini scaun pliabil de buzunar 27x21x18 cm, Gonga\u00ae | ZOKO\",\"isPartOf\":{\"@id\":\"https:\/\/www.zoko.ro\/#website\"},\"primaryImageOfPage\":{\"@id\":\"https:\/\/www.zoko.ro\/p\/mini-scaun-pliabil-de-buzunar-27x21x18-cm-gonga\/#primaryimage\"},\"image\":{\"@id\":\"https:\/\/www.zoko.ro\/p\/mini-scaun-pliabil-de-buzunar-27x21x18-cm-gonga\/#primaryimage\"},\"thumbnailUrl\":\"https:\/\/www.zoko.ro\/wp-content\/uploads\/2025\/03\/mini-scaun-pliabil-de-buzunar-27x21x18-cm-gonga.jpg\",\"datePublished\":\"2026-04-28T21:32:31+00:00\",\"breadcrumb\":{\"@id\":\"https:\/\/www.zoko.ro\/p\/mini-scaun-pliabil-de-buzunar-27x21x18-cm-gonga\/#breadcrumb\"},\"inLanguage\":\"en-GB\",\"potentialAction\":[{\"@type\":\"ReadAction\",\"target\":[\"https:\/\/www.zoko.ro\/p\/mini-scaun-pliabil-de-buzunar-27x21x18-cm-gonga\/\"]}]},{\"@type\":\"ImageObject\",\"inLanguage\":\"en-GB\",\"@id\":\"https:\/\/www.zoko.ro\/p\/mini-scaun-pliabil-de-buzunar-27x21x18-cm-gonga\/#primaryimage\",\"url\":\"https:\/\/www.zoko.ro\/wp-content\/uploads\/2025\/03\/mini-scaun-pliabil-de-buzunar-27x21x18-cm-gonga.jpg\",\"contentUrl\":\"https:\/\/www.zoko.ro\/wp-content\/uploads\/2025\/03\/mini-scaun-pliabil-de-buzunar-27x21x18-cm-gonga.jpg\",\"width\":800,\"height\":800},{\"@type\":\"BreadcrumbList\",\"@id\":\"https:\/\/www.zoko.ro\/p\/mini-scaun-pliabil-de-buzunar-27x21x18-cm-gonga\/#breadcrumb\",\"itemListElement\":[{\"@type\":\"ListItem\",\"position\":1,\"name\":\"Home\",\"item\":\"https:\/\/www.zoko.ro\/\"},{\"@type\":\"ListItem\",\"position\":2,\"name\":\"Magazin\",\"item\":\"https:\/\/www.zoko.ro\/magazin\/\"},{\"@type\":\"ListItem\",\"position\":3,\"name\":\"Mini scaun pliabil de buzunar 27x21x18 cm, Gonga\u00ae\"}]},{\"@type\":\"WebSite\",\"@id\":\"https:\/\/www.zoko.ro\/#website\",\"url\":\"https:\/\/www.zoko.ro\/\",\"name\":\"ZOKO.ro\",\"description\":\"Cump\u0103r\u0103 inteligent\",\"publisher\":{\"@id\":\"https:\/\/www.zoko.ro\/#organization\"},\"potentialAction\":[{\"@type\":\"SearchAction\",\"target\":{\"@type\":\"EntryPoint\",\"urlTemplate\":\"https:\/\/www.zoko.ro\/?s={search_term_string}\"},\"query-input\":{\"@type\":\"PropertyValueSpecification\",\"valueRequired\":true,\"valueName\":\"search_term_string\"}}],\"inLanguage\":\"en-GB\"},{\"@type\":\"Organization\",\"@id\":\"https:\/\/www.zoko.ro\/#organization\",\"name\":\"ZOKO\",\"url\":\"https:\/\/www.zoko.ro\/\",\"logo\":{\"@type\":\"ImageObject\",\"inLanguage\":\"en-GB\",\"@id\":\"https:\/\/www.zoko.ro\/#\/schema\/logo\/image\/\",\"url\":\"https:\/\/www.zoko.ro\/wp-content\/uploads\/2025\/03\/logo1.svg\",\"contentUrl\":\"https:\/\/www.zoko.ro\/wp-content\/uploads\/2025\/03\/logo1.svg\",\"width\":799,\"height\":216,\"caption\":\"ZOKO\"},\"image\":{\"@id\":\"https:\/\/www.zoko.ro\/#\/schema\/logo\/image\/\"},\"sameAs\":[\"https:\/\/www.facebook.com\/profile.php?id=61584344135075\"]}]}<\/script>\n<!-- \/ Yoast SEO plugin. -->","yoast_head_json":{"title":"Mini scaun pliabil de buzunar 27x21x18 cm, Gonga\u00ae | ZOKO","robots":{"index":"index","follow":"follow","max-snippet":"max-snippet:-1","max-image-preview":"max-image-preview:large","max-video-preview":"max-video-preview:-1"},"canonical":"https:\/\/www.zoko.ro\/en\/p\/mini-scaun-pliabil-de-buzunar-27x21x18-cm-gonga\/","og_locale":"en_GB","og_type":"article","og_title":"Mini scaun pliabil de buzunar 27x21x18 cm, Gonga\u00ae | ZOKO","og_description":"Culoare: Albastru Mini scaun pliabil de buzunar este compact, u\u0219or \u0219i pliabil, un lucru grozav pentru toate activit\u0103\u021bile \u00een aer","og_url":"https:\/\/www.zoko.ro\/en\/p\/mini-scaun-pliabil-de-buzunar-27x21x18-cm-gonga\/","og_site_name":"ZOKO","article_publisher":"https:\/\/www.facebook.com\/profile.php?id=61584344135075","og_image":[{"width":800,"height":800,"url":"https:\/\/www.zoko.ro\/wp-content\/uploads\/2025\/03\/mini-scaun-pliabil-de-buzunar-27x21x18-cm-gonga.jpg","type":"image\/jpeg"}],"twitter_card":"summary_large_image","schema":{"@context":"https:\/\/schema.org","@graph":[{"@type":"WebPage","@id":"https:\/\/www.zoko.ro\/p\/mini-scaun-pliabil-de-buzunar-27x21x18-cm-gonga\/","url":"https:\/\/www.zoko.ro\/p\/mini-scaun-pliabil-de-buzunar-27x21x18-cm-gonga\/","name":"Mini scaun pliabil de buzunar 27x21x18 cm, Gonga\u00ae | ZOKO","isPartOf":{"@id":"https:\/\/www.zoko.ro\/#website"},"primaryImageOfPage":{"@id":"https:\/\/www.zoko.ro\/p\/mini-scaun-pliabil-de-buzunar-27x21x18-cm-gonga\/#primaryimage"},"image":{"@id":"https:\/\/www.zoko.ro\/p\/mini-scaun-pliabil-de-buzunar-27x21x18-cm-gonga\/#primaryimage"},"thumbnailUrl":"https:\/\/www.zoko.ro\/wp-content\/uploads\/2025\/03\/mini-scaun-pliabil-de-buzunar-27x21x18-cm-gonga.jpg","datePublished":"2026-04-28T21:32:31+00:00","breadcrumb":{"@id":"https:\/\/www.zoko.ro\/p\/mini-scaun-pliabil-de-buzunar-27x21x18-cm-gonga\/#breadcrumb"},"inLanguage":"en-GB","potentialAction":[{"@type":"ReadAction","target":["https:\/\/www.zoko.ro\/p\/mini-scaun-pliabil-de-buzunar-27x21x18-cm-gonga\/"]}]},{"@type":"ImageObject","inLanguage":"en-GB","@id":"https:\/\/www.zoko.ro\/p\/mini-scaun-pliabil-de-buzunar-27x21x18-cm-gonga\/#primaryimage","url":"https:\/\/www.zoko.ro\/wp-content\/uploads\/2025\/03\/mini-scaun-pliabil-de-buzunar-27x21x18-cm-gonga.jpg","contentUrl":"https:\/\/www.zoko.ro\/wp-content\/uploads\/2025\/03\/mini-scaun-pliabil-de-buzunar-27x21x18-cm-gonga.jpg","width":800,"height":800},{"@type":"BreadcrumbList","@id":"https:\/\/www.zoko.ro\/p\/mini-scaun-pliabil-de-buzunar-27x21x18-cm-gonga\/#breadcrumb","itemListElement":[{"@type":"ListItem","position":1,"name":"Home","item":"https:\/\/www.zoko.ro\/"},{"@type":"ListItem","position":2,"name":"Magazin","item":"https:\/\/www.zoko.ro\/magazin\/"},{"@type":"ListItem","position":3,"name":"Mini scaun pliabil de buzunar 27x21x18 cm, Gonga\u00ae"}]},{"@type":"WebSite","@id":"https:\/\/www.zoko.ro\/#website","url":"https:\/\/www.zoko.ro\/","name":"ZOKO.ro","description":"Cump\u0103r\u0103 inteligent","publisher":{"@id":"https:\/\/www.zoko.ro\/#organization"},"potentialAction":[{"@type":"SearchAction","target":{"@type":"EntryPoint","urlTemplate":"https:\/\/www.zoko.ro\/?s={search_term_string}"},"query-input":{"@type":"PropertyValueSpecification","valueRequired":true,"valueName":"search_term_string"}}],"inLanguage":"en-GB"},{"@type":"Organization","@id":"https:\/\/www.zoko.ro\/#organization","name":"ZOKO","url":"https:\/\/www.zoko.ro\/","logo":{"@type":"ImageObject","inLanguage":"en-GB","@id":"https:\/\/www.zoko.ro\/#\/schema\/logo\/image\/","url":"https:\/\/www.zoko.ro\/wp-content\/uploads\/2025\/03\/logo1.svg","contentUrl":"https:\/\/www.zoko.ro\/wp-content\/uploads\/2025\/03\/logo1.svg","width":799,"height":216,"caption":"ZOKO"},"image":{"@id":"https:\/\/www.zoko.ro\/#\/schema\/logo\/image\/"},"sameAs":["https:\/\/www.facebook.com\/profile.php?id=61584344135075"]}]}},"_links":{"self":[{"href":"https:\/\/www.zoko.ro\/en\/wp-json\/wp\/v2\/product\/10449","targetHints":{"allow":["GET"]}}],"collection":[{"href":"https:\/\/www.zoko.ro\/en\/wp-json\/wp\/v2\/product"}],"about":[{"href":"https:\/\/www.zoko.ro\/en\/wp-json\/wp\/v2\/types\/product"}],"replies":[{"embeddable":true,"href":"https:\/\/www.zoko.ro\/en\/wp-json\/wp\/v2\/comments?post=10449"}],"version-history":[{"count":1,"href":"https:\/\/www.zoko.ro\/en\/wp-json\/wp\/v2\/product\/10449\/revisions"}],"predecessor-version":[{"id":10450,"href":"https:\/\/www.zoko.ro\/en\/wp-json\/wp\/v2\/product\/10449\/revisions\/10450"}],"wp:featuredmedia":[{"embeddable":true,"href":"https:\/\/www.zoko.ro\/en\/wp-json\/wp\/v2\/media\/10451"}],"wp:attachment":[{"href":"https:\/\/www.zoko.ro\/en\/wp-json\/wp\/v2\/media?parent=10449"}],"wp:term":[{"taxonomy":"product_brand","embeddable":true,"href":"https:\/\/www.zoko.ro\/en\/wp-json\/wp\/v2\/product_brand?post=10449"},{"taxonomy":"product_cat","embeddable":true,"href":"https:\/\/www.zoko.ro\/en\/wp-json\/wp\/v2\/product_cat?post=10449"},{"taxonomy":"product_tag","embeddable":true,"href":"https:\/\/www.zoko.ro\/en\/wp-json\/wp\/v2\/product_tag?post=10449"}],"curies":[{"name":"wp","href":"https:\/\/api.w.org\/{rel}","templated":true}]}}