{"id":10460,"date":"2026-04-28T23:32:32","date_gmt":"2026-04-28T21:32:32","guid":{"rendered":"https:\/\/www.zoko.ro\/p\/suport-cartofi-pentru-cuptorul-cu-microundegonga\/"},"modified":"2026-04-28T23:32:32","modified_gmt":"2026-04-28T21:32:32","slug":"suport-cartofi-pentru-cuptorul-cu-microundegonga","status":"publish","type":"product","link":"https:\/\/www.zoko.ro\/en\/p\/suport-cartofi-pentru-cuptorul-cu-microundegonga\/","title":{"rendered":"Suport cartofi pentru cuptorul cu microunde,Gonga\u00ae"},"content":{"rendered":"<p><strong>Culoare:<\/strong> Alb<\/p>\n<p><strong>Suport pentru cuptorul cu microune<\/strong>, ce este o metod\u0103 u\u0219oar\u0103 \u0219i economisire de timp de a g\u0103ti cartofi copti.\u00a0<\/p>\n<\/p>\n<p><strong>Instruc\u021biuni:<\/strong><\/p>\n<\/p>\n<p>1. Sp\u0103la\u021bi \u00eenainte de utilizare.<\/p>\n<p>2. Fixati cartofii pe suport<\/p>\n<p>3. Pune\u021bi \u00een cuptorul cu microunde \u0219i g\u0103ti\u021bi la putere maxim\u0103, verific\u00e2nd regulat prin str\u0103pungerea cu furculi\u021ba p\u00e2n\u0103 c\u00e2nd se \u00eenmoaie\u00a0 cartofii<\/p>\n<p>5. Deoarece toate cuptorul cu microunde variaz\u0103 \u00een putere, timpul de g\u0103tire poate fi diferit, dar pentru patru cartofi de m\u0103rime medie, l\u0103sa\u021bi 12-15 minute.<\/p>\n<\/p>\n<p>\u00a0<strong>Aten\u0163ie:<\/strong><\/p>\n<\/p>\n<p>1. Nu este potrivit pentru utilizarea sub surse directe de c\u0103ldur\u0103<\/p>\n<p>2. Poate deveni fierbinte \u00een cuptorul cu microunde, folosi\u021bi manusi de protectie c\u00e2nd \u00eendep\u0103rta\u021bi alimentele de pe suport.<\/p>","protected":false},"excerpt":{"rendered":"<p>Culoare: Alb Suport pentru cuptorul cu microune, ce este o metod\u0103 u\u0219oar\u0103 \u0219i economisire de timp de a g\u0103ti cartofi<\/p>","protected":false},"featured_media":10462,"comment_status":"open","ping_status":"open","template":"","meta":[],"product_brand":[],"product_cat":[99,107,100,131],"product_tag":[104],"class_list":{"0":"post-10460","1":"product","2":"type-product","3":"status-publish","4":"has-post-thumbnail","6":"product_cat-acasa","7":"product_cat-bucatarie-si-servire","8":"product_cat-casa-gradina","9":"product_cat-ustensile-gatit","10":"product_tag-in-stoc","11":"pa_culoare-alb","13":"first","14":"instock","15":"sale","16":"purchasable","17":"product-type-simple"},"yoast_head":"<!-- This site is optimized with the Yoast SEO plugin v27.2 - https:\/\/yoast.com\/product\/yoast-seo-wordpress\/ -->\n<title>Suport cartofi pentru cuptorul cu microunde,Gonga\u00ae | ZOKO<\/title>\n<meta name=\"robots\" content=\"index, follow, max-snippet:-1, max-image-preview:large, max-video-preview:-1\" \/>\n<link rel=\"canonical\" href=\"https:\/\/www.zoko.ro\/en\/p\/suport-cartofi-pentru-cuptorul-cu-microundegonga\/\" \/>\n<meta property=\"og:locale\" content=\"en_GB\" \/>\n<meta property=\"og:type\" content=\"article\" \/>\n<meta property=\"og:title\" content=\"Suport cartofi pentru cuptorul cu microunde,Gonga\u00ae | ZOKO\" \/>\n<meta property=\"og:description\" content=\"Culoare: Alb Suport pentru cuptorul cu microune, ce este o metod\u0103 u\u0219oar\u0103 \u0219i economisire de timp de a g\u0103ti cartofi\" \/>\n<meta property=\"og:url\" content=\"https:\/\/www.zoko.ro\/en\/p\/suport-cartofi-pentru-cuptorul-cu-microundegonga\/\" \/>\n<meta property=\"og:site_name\" content=\"ZOKO\" \/>\n<meta property=\"article:publisher\" content=\"https:\/\/www.facebook.com\/profile.php?id=61584344135075\" \/>\n<meta property=\"og:image\" content=\"https:\/\/www.zoko.ro\/wp-content\/uploads\/2025\/03\/suport-pentru-cuptorul-cu-microune-cartofi-gonga.jpg\" \/>\n\t<meta property=\"og:image:width\" content=\"800\" \/>\n\t<meta property=\"og:image:height\" content=\"800\" \/>\n\t<meta property=\"og:image:type\" content=\"image\/jpeg\" \/>\n<meta name=\"twitter:card\" content=\"summary_large_image\" \/>\n<meta name=\"twitter:label1\" content=\"Estimated reading time\" \/>\n\t<meta name=\"twitter:data1\" content=\"1 minute\" \/>\n<script type=\"application\/ld+json\" class=\"yoast-schema-graph\">{\"@context\":\"https:\/\/schema.org\",\"@graph\":[{\"@type\":\"WebPage\",\"@id\":\"https:\/\/www.zoko.ro\/p\/suport-cartofi-pentru-cuptorul-cu-microundegonga\/\",\"url\":\"https:\/\/www.zoko.ro\/p\/suport-cartofi-pentru-cuptorul-cu-microundegonga\/\",\"name\":\"Suport cartofi pentru cuptorul cu microunde,Gonga\u00ae | ZOKO\",\"isPartOf\":{\"@id\":\"https:\/\/www.zoko.ro\/#website\"},\"primaryImageOfPage\":{\"@id\":\"https:\/\/www.zoko.ro\/p\/suport-cartofi-pentru-cuptorul-cu-microundegonga\/#primaryimage\"},\"image\":{\"@id\":\"https:\/\/www.zoko.ro\/p\/suport-cartofi-pentru-cuptorul-cu-microundegonga\/#primaryimage\"},\"thumbnailUrl\":\"https:\/\/www.zoko.ro\/wp-content\/uploads\/2025\/03\/suport-pentru-cuptorul-cu-microune-cartofi-gonga.jpg\",\"datePublished\":\"2026-04-28T21:32:32+00:00\",\"breadcrumb\":{\"@id\":\"https:\/\/www.zoko.ro\/p\/suport-cartofi-pentru-cuptorul-cu-microundegonga\/#breadcrumb\"},\"inLanguage\":\"en-GB\",\"potentialAction\":[{\"@type\":\"ReadAction\",\"target\":[\"https:\/\/www.zoko.ro\/p\/suport-cartofi-pentru-cuptorul-cu-microundegonga\/\"]}]},{\"@type\":\"ImageObject\",\"inLanguage\":\"en-GB\",\"@id\":\"https:\/\/www.zoko.ro\/p\/suport-cartofi-pentru-cuptorul-cu-microundegonga\/#primaryimage\",\"url\":\"https:\/\/www.zoko.ro\/wp-content\/uploads\/2025\/03\/suport-pentru-cuptorul-cu-microune-cartofi-gonga.jpg\",\"contentUrl\":\"https:\/\/www.zoko.ro\/wp-content\/uploads\/2025\/03\/suport-pentru-cuptorul-cu-microune-cartofi-gonga.jpg\",\"width\":800,\"height\":800},{\"@type\":\"BreadcrumbList\",\"@id\":\"https:\/\/www.zoko.ro\/p\/suport-cartofi-pentru-cuptorul-cu-microundegonga\/#breadcrumb\",\"itemListElement\":[{\"@type\":\"ListItem\",\"position\":1,\"name\":\"Home\",\"item\":\"https:\/\/www.zoko.ro\/\"},{\"@type\":\"ListItem\",\"position\":2,\"name\":\"Magazin\",\"item\":\"https:\/\/www.zoko.ro\/magazin\/\"},{\"@type\":\"ListItem\",\"position\":3,\"name\":\"Suport cartofi pentru cuptorul cu microunde,Gonga\u00ae\"}]},{\"@type\":\"WebSite\",\"@id\":\"https:\/\/www.zoko.ro\/#website\",\"url\":\"https:\/\/www.zoko.ro\/\",\"name\":\"ZOKO.ro\",\"description\":\"Cump\u0103r\u0103 inteligent\",\"publisher\":{\"@id\":\"https:\/\/www.zoko.ro\/#organization\"},\"potentialAction\":[{\"@type\":\"SearchAction\",\"target\":{\"@type\":\"EntryPoint\",\"urlTemplate\":\"https:\/\/www.zoko.ro\/?s={search_term_string}\"},\"query-input\":{\"@type\":\"PropertyValueSpecification\",\"valueRequired\":true,\"valueName\":\"search_term_string\"}}],\"inLanguage\":\"en-GB\"},{\"@type\":\"Organization\",\"@id\":\"https:\/\/www.zoko.ro\/#organization\",\"name\":\"ZOKO\",\"url\":\"https:\/\/www.zoko.ro\/\",\"logo\":{\"@type\":\"ImageObject\",\"inLanguage\":\"en-GB\",\"@id\":\"https:\/\/www.zoko.ro\/#\/schema\/logo\/image\/\",\"url\":\"https:\/\/www.zoko.ro\/wp-content\/uploads\/2025\/03\/logo1.svg\",\"contentUrl\":\"https:\/\/www.zoko.ro\/wp-content\/uploads\/2025\/03\/logo1.svg\",\"width\":799,\"height\":216,\"caption\":\"ZOKO\"},\"image\":{\"@id\":\"https:\/\/www.zoko.ro\/#\/schema\/logo\/image\/\"},\"sameAs\":[\"https:\/\/www.facebook.com\/profile.php?id=61584344135075\"]}]}<\/script>\n<!-- \/ Yoast SEO plugin. -->","yoast_head_json":{"title":"Suport cartofi pentru cuptorul cu microunde,Gonga\u00ae | ZOKO","robots":{"index":"index","follow":"follow","max-snippet":"max-snippet:-1","max-image-preview":"max-image-preview:large","max-video-preview":"max-video-preview:-1"},"canonical":"https:\/\/www.zoko.ro\/en\/p\/suport-cartofi-pentru-cuptorul-cu-microundegonga\/","og_locale":"en_GB","og_type":"article","og_title":"Suport cartofi pentru cuptorul cu microunde,Gonga\u00ae | ZOKO","og_description":"Culoare: Alb Suport pentru cuptorul cu microune, ce este o metod\u0103 u\u0219oar\u0103 \u0219i economisire de timp de a g\u0103ti cartofi","og_url":"https:\/\/www.zoko.ro\/en\/p\/suport-cartofi-pentru-cuptorul-cu-microundegonga\/","og_site_name":"ZOKO","article_publisher":"https:\/\/www.facebook.com\/profile.php?id=61584344135075","og_image":[{"width":800,"height":800,"url":"https:\/\/www.zoko.ro\/wp-content\/uploads\/2025\/03\/suport-pentru-cuptorul-cu-microune-cartofi-gonga.jpg","type":"image\/jpeg"}],"twitter_card":"summary_large_image","twitter_misc":{"Estimated reading time":"1 minute"},"schema":{"@context":"https:\/\/schema.org","@graph":[{"@type":"WebPage","@id":"https:\/\/www.zoko.ro\/p\/suport-cartofi-pentru-cuptorul-cu-microundegonga\/","url":"https:\/\/www.zoko.ro\/p\/suport-cartofi-pentru-cuptorul-cu-microundegonga\/","name":"Suport cartofi pentru cuptorul cu microunde,Gonga\u00ae | ZOKO","isPartOf":{"@id":"https:\/\/www.zoko.ro\/#website"},"primaryImageOfPage":{"@id":"https:\/\/www.zoko.ro\/p\/suport-cartofi-pentru-cuptorul-cu-microundegonga\/#primaryimage"},"image":{"@id":"https:\/\/www.zoko.ro\/p\/suport-cartofi-pentru-cuptorul-cu-microundegonga\/#primaryimage"},"thumbnailUrl":"https:\/\/www.zoko.ro\/wp-content\/uploads\/2025\/03\/suport-pentru-cuptorul-cu-microune-cartofi-gonga.jpg","datePublished":"2026-04-28T21:32:32+00:00","breadcrumb":{"@id":"https:\/\/www.zoko.ro\/p\/suport-cartofi-pentru-cuptorul-cu-microundegonga\/#breadcrumb"},"inLanguage":"en-GB","potentialAction":[{"@type":"ReadAction","target":["https:\/\/www.zoko.ro\/p\/suport-cartofi-pentru-cuptorul-cu-microundegonga\/"]}]},{"@type":"ImageObject","inLanguage":"en-GB","@id":"https:\/\/www.zoko.ro\/p\/suport-cartofi-pentru-cuptorul-cu-microundegonga\/#primaryimage","url":"https:\/\/www.zoko.ro\/wp-content\/uploads\/2025\/03\/suport-pentru-cuptorul-cu-microune-cartofi-gonga.jpg","contentUrl":"https:\/\/www.zoko.ro\/wp-content\/uploads\/2025\/03\/suport-pentru-cuptorul-cu-microune-cartofi-gonga.jpg","width":800,"height":800},{"@type":"BreadcrumbList","@id":"https:\/\/www.zoko.ro\/p\/suport-cartofi-pentru-cuptorul-cu-microundegonga\/#breadcrumb","itemListElement":[{"@type":"ListItem","position":1,"name":"Home","item":"https:\/\/www.zoko.ro\/"},{"@type":"ListItem","position":2,"name":"Magazin","item":"https:\/\/www.zoko.ro\/magazin\/"},{"@type":"ListItem","position":3,"name":"Suport cartofi pentru cuptorul cu microunde,Gonga\u00ae"}]},{"@type":"WebSite","@id":"https:\/\/www.zoko.ro\/#website","url":"https:\/\/www.zoko.ro\/","name":"ZOKO.ro","description":"Cump\u0103r\u0103 inteligent","publisher":{"@id":"https:\/\/www.zoko.ro\/#organization"},"potentialAction":[{"@type":"SearchAction","target":{"@type":"EntryPoint","urlTemplate":"https:\/\/www.zoko.ro\/?s={search_term_string}"},"query-input":{"@type":"PropertyValueSpecification","valueRequired":true,"valueName":"search_term_string"}}],"inLanguage":"en-GB"},{"@type":"Organization","@id":"https:\/\/www.zoko.ro\/#organization","name":"ZOKO","url":"https:\/\/www.zoko.ro\/","logo":{"@type":"ImageObject","inLanguage":"en-GB","@id":"https:\/\/www.zoko.ro\/#\/schema\/logo\/image\/","url":"https:\/\/www.zoko.ro\/wp-content\/uploads\/2025\/03\/logo1.svg","contentUrl":"https:\/\/www.zoko.ro\/wp-content\/uploads\/2025\/03\/logo1.svg","width":799,"height":216,"caption":"ZOKO"},"image":{"@id":"https:\/\/www.zoko.ro\/#\/schema\/logo\/image\/"},"sameAs":["https:\/\/www.facebook.com\/profile.php?id=61584344135075"]}]}},"_links":{"self":[{"href":"https:\/\/www.zoko.ro\/en\/wp-json\/wp\/v2\/product\/10460","targetHints":{"allow":["GET"]}}],"collection":[{"href":"https:\/\/www.zoko.ro\/en\/wp-json\/wp\/v2\/product"}],"about":[{"href":"https:\/\/www.zoko.ro\/en\/wp-json\/wp\/v2\/types\/product"}],"replies":[{"embeddable":true,"href":"https:\/\/www.zoko.ro\/en\/wp-json\/wp\/v2\/comments?post=10460"}],"version-history":[{"count":1,"href":"https:\/\/www.zoko.ro\/en\/wp-json\/wp\/v2\/product\/10460\/revisions"}],"predecessor-version":[{"id":10461,"href":"https:\/\/www.zoko.ro\/en\/wp-json\/wp\/v2\/product\/10460\/revisions\/10461"}],"wp:featuredmedia":[{"embeddable":true,"href":"https:\/\/www.zoko.ro\/en\/wp-json\/wp\/v2\/media\/10462"}],"wp:attachment":[{"href":"https:\/\/www.zoko.ro\/en\/wp-json\/wp\/v2\/media?parent=10460"}],"wp:term":[{"taxonomy":"product_brand","embeddable":true,"href":"https:\/\/www.zoko.ro\/en\/wp-json\/wp\/v2\/product_brand?post=10460"},{"taxonomy":"product_cat","embeddable":true,"href":"https:\/\/www.zoko.ro\/en\/wp-json\/wp\/v2\/product_cat?post=10460"},{"taxonomy":"product_tag","embeddable":true,"href":"https:\/\/www.zoko.ro\/en\/wp-json\/wp\/v2\/product_tag?post=10460"}],"curies":[{"name":"wp","href":"https:\/\/api.w.org\/{rel}","templated":true}]}}