{"id":10567,"date":"2026-04-28T23:32:38","date_gmt":"2026-04-28T21:32:38","guid":{"rendered":"https:\/\/www.zoko.ro\/p\/incalzitor-dublu-de-biberoane-sterilizator-multifunctional-pentru-sticle-bebelusi-si-suzete-cu-display-led-gonga\/"},"modified":"2026-04-28T23:32:38","modified_gmt":"2026-04-28T21:32:38","slug":"incalzitor-dublu-de-biberoane-sterilizator-multifunctional-pentru-sticle-bebelusi-si-suzete-cu-display-led-gonga","status":"publish","type":"product","link":"https:\/\/www.zoko.ro\/en\/p\/incalzitor-dublu-de-biberoane-sterilizator-multifunctional-pentru-sticle-bebelusi-si-suzete-cu-display-led-gonga\/","title":{"rendered":"Incalzitor dublu de biberoane, sterilizator multifunctional pentru sticle bebelusi si suzete, cu display LED, Gonga\u00ae"},"content":{"rendered":"<p><strong>Culoare:<\/strong> Alb<\/p>\n<p>Un \u00eenc\u0103lzitor\u00a0 de sticle de \u00eenalt\u0103 calitate\u00a0 \u0219i, desigur, un\u00a0 \u00a0sterilizator\u00a0 pentru\u00a0 cea mai \u00eenalt\u0103 protec\u021bie \u00eempotriva bacteriilor.<\/p>\n<\/p>\n<p>Func\u021bionare simpl\u0103 \u0219i intuitiv\u0103\u00a0 datorit\u0103 ecranului clar care arat\u0103 temperatura \u00eenc\u0103lzitorului de biberoane. Pute\u021bi regla cu u\u0219urin\u021b\u0103 temperatura \u0219i timpul \u00een sterilizatorul de sticle.<\/p>\n<\/p>\n<p>\u00cenc\u0103lzitorul de biberoane poate \u00eenc\u0103lzi m\u00e2ncarea \u0219i laptele pentru bebelu\u0219i, poate steriliza biberoanele \u0219i poate\u00a0 dezghe\u021ba\u00a0 laptele matern inghetat. De asemenea, previne pierderea nutrien\u021bilor.<\/p>\n<\/p>\n<p>\u00cenc\u0103lzitorul de biberoane pentru lapte matern se opre\u0219te automat dup\u0103 opt minute.<\/p>\n<\/p>\n<p>Dispozitivul este proiectat astfel \u00eenc\u00e2t circula\u021bia apei creat\u0103 \u00een interiorul rezervorului sub influen\u021ba punctului de fierbere ridicat\u00a0 elimin\u0103 eficient to\u021bi germenii.<\/p>\n<\/p>\n<p>Caracteristicile produsului<\/p>\n<\/p>\n<p>&#8211; v\u0103 permite s\u0103 \u00eenc\u0103lzi\u021bi lapte, alimente,<\/p>\n<p>&#8211; sterilizarea sticlelor \u0219i accesoriilor<\/p>\n<p>&#8211; se potrive\u0219te tuturor tipurilor de sticle, inclusiv cele cu g\u00e2t larg<\/p>\n<p>&#8211; poate \u00eenc\u0103lzi sticle de sticl\u0103 \u0219i plastic, borcane pentru alimente<\/p>\n<p>&#8211; are termostat incorporat<\/p>","protected":false},"excerpt":{"rendered":"<p>Culoare: Alb Un \u00eenc\u0103lzitor\u00a0 de sticle de \u00eenalt\u0103 calitate\u00a0 \u0219i, desigur, un\u00a0 \u00a0sterilizator\u00a0 pentru\u00a0 cea mai \u00eenalt\u0103 protec\u021bie \u00eempotriva bacteriilor.<\/p>","protected":false},"featured_media":10569,"comment_status":"open","ping_status":"open","template":"","meta":[],"product_brand":[],"product_cat":[99,100],"product_tag":[104],"class_list":{"0":"post-10567","1":"product","2":"type-product","3":"status-publish","4":"has-post-thumbnail","6":"product_cat-acasa","7":"product_cat-casa-gradina","8":"product_tag-in-stoc","9":"pa_culoare-alb","11":"first","12":"instock","13":"sale","14":"purchasable","15":"product-type-simple"},"yoast_head":"<!-- This site is optimized with the Yoast SEO plugin v27.2 - https:\/\/yoast.com\/product\/yoast-seo-wordpress\/ -->\n<title>Incalzitor dublu de biberoane, sterilizator multifunctional pentru sticle bebelusi si suzete, cu display LED, Gonga\u00ae | ZOKO<\/title>\n<meta name=\"robots\" content=\"index, follow, max-snippet:-1, max-image-preview:large, max-video-preview:-1\" \/>\n<link rel=\"canonical\" href=\"https:\/\/www.zoko.ro\/en\/p\/incalzitor-dublu-de-biberoane-sterilizator-multifunctional-pentru-sticle-bebelusi-si-suzete-cu-display-led-gonga\/\" \/>\n<meta property=\"og:locale\" content=\"en_GB\" \/>\n<meta property=\"og:type\" content=\"article\" \/>\n<meta property=\"og:title\" content=\"Incalzitor dublu de biberoane, sterilizator multifunctional pentru sticle bebelusi si suzete, cu display LED, Gonga\u00ae | ZOKO\" \/>\n<meta property=\"og:description\" content=\"Culoare: Alb Un \u00eenc\u0103lzitor\u00a0 de sticle de \u00eenalt\u0103 calitate\u00a0 \u0219i, desigur, un\u00a0 \u00a0sterilizator\u00a0 pentru\u00a0 cea mai \u00eenalt\u0103 protec\u021bie \u00eempotriva bacteriilor.\" \/>\n<meta property=\"og:url\" content=\"https:\/\/www.zoko.ro\/en\/p\/incalzitor-dublu-de-biberoane-sterilizator-multifunctional-pentru-sticle-bebelusi-si-suzete-cu-display-led-gonga\/\" \/>\n<meta property=\"og:site_name\" content=\"ZOKO\" \/>\n<meta property=\"article:publisher\" content=\"https:\/\/www.facebook.com\/profile.php?id=61584344135075\" \/>\n<meta property=\"og:image\" content=\"https:\/\/www.zoko.ro\/wp-content\/uploads\/2025\/03\/incalzitor-dublu-de-biberoane-sterilizator-multifunctional-pentru-sticle-bebelusi-si-suzete-cu-display-led.jpg\" \/>\n\t<meta property=\"og:image:width\" content=\"800\" \/>\n\t<meta property=\"og:image:height\" content=\"800\" \/>\n\t<meta property=\"og:image:type\" content=\"image\/jpeg\" \/>\n<meta name=\"twitter:card\" content=\"summary_large_image\" \/>\n<meta name=\"twitter:label1\" content=\"Estimated reading time\" \/>\n\t<meta name=\"twitter:data1\" content=\"1 minute\" \/>\n<script type=\"application\/ld+json\" class=\"yoast-schema-graph\">{\"@context\":\"https:\/\/schema.org\",\"@graph\":[{\"@type\":\"WebPage\",\"@id\":\"https:\/\/www.zoko.ro\/p\/incalzitor-dublu-de-biberoane-sterilizator-multifunctional-pentru-sticle-bebelusi-si-suzete-cu-display-led-gonga\/\",\"url\":\"https:\/\/www.zoko.ro\/p\/incalzitor-dublu-de-biberoane-sterilizator-multifunctional-pentru-sticle-bebelusi-si-suzete-cu-display-led-gonga\/\",\"name\":\"Incalzitor dublu de biberoane, sterilizator multifunctional pentru sticle bebelusi si suzete, cu display LED, Gonga\u00ae | ZOKO\",\"isPartOf\":{\"@id\":\"https:\/\/www.zoko.ro\/#website\"},\"primaryImageOfPage\":{\"@id\":\"https:\/\/www.zoko.ro\/p\/incalzitor-dublu-de-biberoane-sterilizator-multifunctional-pentru-sticle-bebelusi-si-suzete-cu-display-led-gonga\/#primaryimage\"},\"image\":{\"@id\":\"https:\/\/www.zoko.ro\/p\/incalzitor-dublu-de-biberoane-sterilizator-multifunctional-pentru-sticle-bebelusi-si-suzete-cu-display-led-gonga\/#primaryimage\"},\"thumbnailUrl\":\"https:\/\/www.zoko.ro\/wp-content\/uploads\/2025\/03\/incalzitor-dublu-de-biberoane-sterilizator-multifunctional-pentru-sticle-bebelusi-si-suzete-cu-display-led.jpg\",\"datePublished\":\"2026-04-28T21:32:38+00:00\",\"breadcrumb\":{\"@id\":\"https:\/\/www.zoko.ro\/p\/incalzitor-dublu-de-biberoane-sterilizator-multifunctional-pentru-sticle-bebelusi-si-suzete-cu-display-led-gonga\/#breadcrumb\"},\"inLanguage\":\"en-GB\",\"potentialAction\":[{\"@type\":\"ReadAction\",\"target\":[\"https:\/\/www.zoko.ro\/p\/incalzitor-dublu-de-biberoane-sterilizator-multifunctional-pentru-sticle-bebelusi-si-suzete-cu-display-led-gonga\/\"]}]},{\"@type\":\"ImageObject\",\"inLanguage\":\"en-GB\",\"@id\":\"https:\/\/www.zoko.ro\/p\/incalzitor-dublu-de-biberoane-sterilizator-multifunctional-pentru-sticle-bebelusi-si-suzete-cu-display-led-gonga\/#primaryimage\",\"url\":\"https:\/\/www.zoko.ro\/wp-content\/uploads\/2025\/03\/incalzitor-dublu-de-biberoane-sterilizator-multifunctional-pentru-sticle-bebelusi-si-suzete-cu-display-led.jpg\",\"contentUrl\":\"https:\/\/www.zoko.ro\/wp-content\/uploads\/2025\/03\/incalzitor-dublu-de-biberoane-sterilizator-multifunctional-pentru-sticle-bebelusi-si-suzete-cu-display-led.jpg\",\"width\":800,\"height\":800},{\"@type\":\"BreadcrumbList\",\"@id\":\"https:\/\/www.zoko.ro\/p\/incalzitor-dublu-de-biberoane-sterilizator-multifunctional-pentru-sticle-bebelusi-si-suzete-cu-display-led-gonga\/#breadcrumb\",\"itemListElement\":[{\"@type\":\"ListItem\",\"position\":1,\"name\":\"Home\",\"item\":\"https:\/\/www.zoko.ro\/\"},{\"@type\":\"ListItem\",\"position\":2,\"name\":\"Magazin\",\"item\":\"https:\/\/www.zoko.ro\/magazin\/\"},{\"@type\":\"ListItem\",\"position\":3,\"name\":\"Incalzitor dublu de biberoane, sterilizator multifunctional pentru sticle bebelusi si suzete, cu display LED, Gonga\u00ae\"}]},{\"@type\":\"WebSite\",\"@id\":\"https:\/\/www.zoko.ro\/#website\",\"url\":\"https:\/\/www.zoko.ro\/\",\"name\":\"ZOKO.ro\",\"description\":\"Cump\u0103r\u0103 inteligent\",\"publisher\":{\"@id\":\"https:\/\/www.zoko.ro\/#organization\"},\"potentialAction\":[{\"@type\":\"SearchAction\",\"target\":{\"@type\":\"EntryPoint\",\"urlTemplate\":\"https:\/\/www.zoko.ro\/?s={search_term_string}\"},\"query-input\":{\"@type\":\"PropertyValueSpecification\",\"valueRequired\":true,\"valueName\":\"search_term_string\"}}],\"inLanguage\":\"en-GB\"},{\"@type\":\"Organization\",\"@id\":\"https:\/\/www.zoko.ro\/#organization\",\"name\":\"ZOKO\",\"url\":\"https:\/\/www.zoko.ro\/\",\"logo\":{\"@type\":\"ImageObject\",\"inLanguage\":\"en-GB\",\"@id\":\"https:\/\/www.zoko.ro\/#\/schema\/logo\/image\/\",\"url\":\"https:\/\/www.zoko.ro\/wp-content\/uploads\/2025\/03\/logo1.svg\",\"contentUrl\":\"https:\/\/www.zoko.ro\/wp-content\/uploads\/2025\/03\/logo1.svg\",\"width\":799,\"height\":216,\"caption\":\"ZOKO\"},\"image\":{\"@id\":\"https:\/\/www.zoko.ro\/#\/schema\/logo\/image\/\"},\"sameAs\":[\"https:\/\/www.facebook.com\/profile.php?id=61584344135075\"]}]}<\/script>\n<!-- \/ Yoast SEO plugin. -->","yoast_head_json":{"title":"Incalzitor dublu de biberoane, sterilizator multifunctional pentru sticle bebelusi si suzete, cu display LED, Gonga\u00ae | ZOKO","robots":{"index":"index","follow":"follow","max-snippet":"max-snippet:-1","max-image-preview":"max-image-preview:large","max-video-preview":"max-video-preview:-1"},"canonical":"https:\/\/www.zoko.ro\/en\/p\/incalzitor-dublu-de-biberoane-sterilizator-multifunctional-pentru-sticle-bebelusi-si-suzete-cu-display-led-gonga\/","og_locale":"en_GB","og_type":"article","og_title":"Incalzitor dublu de biberoane, sterilizator multifunctional pentru sticle bebelusi si suzete, cu display LED, Gonga\u00ae | ZOKO","og_description":"Culoare: Alb Un \u00eenc\u0103lzitor\u00a0 de sticle de \u00eenalt\u0103 calitate\u00a0 \u0219i, desigur, un\u00a0 \u00a0sterilizator\u00a0 pentru\u00a0 cea mai \u00eenalt\u0103 protec\u021bie \u00eempotriva bacteriilor.","og_url":"https:\/\/www.zoko.ro\/en\/p\/incalzitor-dublu-de-biberoane-sterilizator-multifunctional-pentru-sticle-bebelusi-si-suzete-cu-display-led-gonga\/","og_site_name":"ZOKO","article_publisher":"https:\/\/www.facebook.com\/profile.php?id=61584344135075","og_image":[{"width":800,"height":800,"url":"https:\/\/www.zoko.ro\/wp-content\/uploads\/2025\/03\/incalzitor-dublu-de-biberoane-sterilizator-multifunctional-pentru-sticle-bebelusi-si-suzete-cu-display-led.jpg","type":"image\/jpeg"}],"twitter_card":"summary_large_image","twitter_misc":{"Estimated reading time":"1 minute"},"schema":{"@context":"https:\/\/schema.org","@graph":[{"@type":"WebPage","@id":"https:\/\/www.zoko.ro\/p\/incalzitor-dublu-de-biberoane-sterilizator-multifunctional-pentru-sticle-bebelusi-si-suzete-cu-display-led-gonga\/","url":"https:\/\/www.zoko.ro\/p\/incalzitor-dublu-de-biberoane-sterilizator-multifunctional-pentru-sticle-bebelusi-si-suzete-cu-display-led-gonga\/","name":"Incalzitor dublu de biberoane, sterilizator multifunctional pentru sticle bebelusi si suzete, cu display LED, Gonga\u00ae | ZOKO","isPartOf":{"@id":"https:\/\/www.zoko.ro\/#website"},"primaryImageOfPage":{"@id":"https:\/\/www.zoko.ro\/p\/incalzitor-dublu-de-biberoane-sterilizator-multifunctional-pentru-sticle-bebelusi-si-suzete-cu-display-led-gonga\/#primaryimage"},"image":{"@id":"https:\/\/www.zoko.ro\/p\/incalzitor-dublu-de-biberoane-sterilizator-multifunctional-pentru-sticle-bebelusi-si-suzete-cu-display-led-gonga\/#primaryimage"},"thumbnailUrl":"https:\/\/www.zoko.ro\/wp-content\/uploads\/2025\/03\/incalzitor-dublu-de-biberoane-sterilizator-multifunctional-pentru-sticle-bebelusi-si-suzete-cu-display-led.jpg","datePublished":"2026-04-28T21:32:38+00:00","breadcrumb":{"@id":"https:\/\/www.zoko.ro\/p\/incalzitor-dublu-de-biberoane-sterilizator-multifunctional-pentru-sticle-bebelusi-si-suzete-cu-display-led-gonga\/#breadcrumb"},"inLanguage":"en-GB","potentialAction":[{"@type":"ReadAction","target":["https:\/\/www.zoko.ro\/p\/incalzitor-dublu-de-biberoane-sterilizator-multifunctional-pentru-sticle-bebelusi-si-suzete-cu-display-led-gonga\/"]}]},{"@type":"ImageObject","inLanguage":"en-GB","@id":"https:\/\/www.zoko.ro\/p\/incalzitor-dublu-de-biberoane-sterilizator-multifunctional-pentru-sticle-bebelusi-si-suzete-cu-display-led-gonga\/#primaryimage","url":"https:\/\/www.zoko.ro\/wp-content\/uploads\/2025\/03\/incalzitor-dublu-de-biberoane-sterilizator-multifunctional-pentru-sticle-bebelusi-si-suzete-cu-display-led.jpg","contentUrl":"https:\/\/www.zoko.ro\/wp-content\/uploads\/2025\/03\/incalzitor-dublu-de-biberoane-sterilizator-multifunctional-pentru-sticle-bebelusi-si-suzete-cu-display-led.jpg","width":800,"height":800},{"@type":"BreadcrumbList","@id":"https:\/\/www.zoko.ro\/p\/incalzitor-dublu-de-biberoane-sterilizator-multifunctional-pentru-sticle-bebelusi-si-suzete-cu-display-led-gonga\/#breadcrumb","itemListElement":[{"@type":"ListItem","position":1,"name":"Home","item":"https:\/\/www.zoko.ro\/"},{"@type":"ListItem","position":2,"name":"Magazin","item":"https:\/\/www.zoko.ro\/magazin\/"},{"@type":"ListItem","position":3,"name":"Incalzitor dublu de biberoane, sterilizator multifunctional pentru sticle bebelusi si suzete, cu display LED, Gonga\u00ae"}]},{"@type":"WebSite","@id":"https:\/\/www.zoko.ro\/#website","url":"https:\/\/www.zoko.ro\/","name":"ZOKO.ro","description":"Cump\u0103r\u0103 inteligent","publisher":{"@id":"https:\/\/www.zoko.ro\/#organization"},"potentialAction":[{"@type":"SearchAction","target":{"@type":"EntryPoint","urlTemplate":"https:\/\/www.zoko.ro\/?s={search_term_string}"},"query-input":{"@type":"PropertyValueSpecification","valueRequired":true,"valueName":"search_term_string"}}],"inLanguage":"en-GB"},{"@type":"Organization","@id":"https:\/\/www.zoko.ro\/#organization","name":"ZOKO","url":"https:\/\/www.zoko.ro\/","logo":{"@type":"ImageObject","inLanguage":"en-GB","@id":"https:\/\/www.zoko.ro\/#\/schema\/logo\/image\/","url":"https:\/\/www.zoko.ro\/wp-content\/uploads\/2025\/03\/logo1.svg","contentUrl":"https:\/\/www.zoko.ro\/wp-content\/uploads\/2025\/03\/logo1.svg","width":799,"height":216,"caption":"ZOKO"},"image":{"@id":"https:\/\/www.zoko.ro\/#\/schema\/logo\/image\/"},"sameAs":["https:\/\/www.facebook.com\/profile.php?id=61584344135075"]}]}},"_links":{"self":[{"href":"https:\/\/www.zoko.ro\/en\/wp-json\/wp\/v2\/product\/10567","targetHints":{"allow":["GET"]}}],"collection":[{"href":"https:\/\/www.zoko.ro\/en\/wp-json\/wp\/v2\/product"}],"about":[{"href":"https:\/\/www.zoko.ro\/en\/wp-json\/wp\/v2\/types\/product"}],"replies":[{"embeddable":true,"href":"https:\/\/www.zoko.ro\/en\/wp-json\/wp\/v2\/comments?post=10567"}],"version-history":[{"count":1,"href":"https:\/\/www.zoko.ro\/en\/wp-json\/wp\/v2\/product\/10567\/revisions"}],"predecessor-version":[{"id":10568,"href":"https:\/\/www.zoko.ro\/en\/wp-json\/wp\/v2\/product\/10567\/revisions\/10568"}],"wp:featuredmedia":[{"embeddable":true,"href":"https:\/\/www.zoko.ro\/en\/wp-json\/wp\/v2\/media\/10569"}],"wp:attachment":[{"href":"https:\/\/www.zoko.ro\/en\/wp-json\/wp\/v2\/media?parent=10567"}],"wp:term":[{"taxonomy":"product_brand","embeddable":true,"href":"https:\/\/www.zoko.ro\/en\/wp-json\/wp\/v2\/product_brand?post=10567"},{"taxonomy":"product_cat","embeddable":true,"href":"https:\/\/www.zoko.ro\/en\/wp-json\/wp\/v2\/product_cat?post=10567"},{"taxonomy":"product_tag","embeddable":true,"href":"https:\/\/www.zoko.ro\/en\/wp-json\/wp\/v2\/product_tag?post=10567"}],"curies":[{"name":"wp","href":"https:\/\/api.w.org\/{rel}","templated":true}]}}