{"id":10728,"date":"2026-04-28T23:32:47","date_gmt":"2026-04-28T21:32:47","guid":{"rendered":"https:\/\/www.zoko.ro\/p\/caiet-de-notite-rezistent-la-apa-impermeabil-gonga\/"},"modified":"2026-04-28T23:32:47","modified_gmt":"2026-04-28T21:32:47","slug":"caiet-de-notite-rezistent-la-apa-impermeabil-gonga","status":"publish","type":"product","link":"https:\/\/www.zoko.ro\/en\/p\/caiet-de-notite-rezistent-la-apa-impermeabil-gonga\/","title":{"rendered":"Caiet de notite, rezistent la apa, impermeabil, Gonga\u00ae"},"content":{"rendered":"<p><strong>Culoare:<\/strong> Verde<\/p>\n<p>Caiet impermeabil, potrivit pentru orice vreme.<\/p>\n<\/p>\n<p>96 de pagini rezistente la ap\u0103 care nu isi vor schimba calitatea c\u00e2nd sunt umede \u0219i vor respinge apa, transpira\u021bia, gr\u0103simea, noroiul.<\/p>\n<\/p>\n<p>Un accesoriu bine de luat pentru activit\u0103\u021bi \u00een aer liber precum drume\u021bii, camping, v\u00e2n\u0103toare \u0219i pescuit, caiac sau rafting.<\/p>\n<\/p>\n<p>Se poate scrie cu pix, creion sau marker normal sau gel.\u00a0<\/p>\n<\/p>\n<p>Dup\u0103 o expunere mai lung\u0103 la ap\u0103, paginile se pot umezi, dar notitele r\u0103m\u00e2n clare, iar paginile se usuc\u0103 destul de repede.<\/p>\n<\/p>\n<p>Cu spiral\u0103 metalic\u0103 pentru schimbarea \u0219i scoaterea u\u0219oar\u0103 a paginilor.<\/p>\n<\/p>\n<p>Dimensiune \u0219i form\u0103 la \u00eendem\u00e2n\u0103, se potrive\u0219te \u00eentr-un buzunar.<\/p>\n<\/p>\n<p>Paginile sunt, \u00een ciuda suprafe\u021bei impermeabile, foarte inflamabile, at\u00e2t de utile la aprinderea focului.<\/p>\n<\/p>\n<p><strong>Specificatii:<\/strong><\/p>\n<\/p>\n<p>&#8211; Dimensiuni: 13&#215;7,5&#215;0,4<\/p>\n<p>&#8211; Greutate: 65 g\u00a0<\/p>\n<p>&#8211; Numar pagini: 96<\/p>\n<p>&#8211; Culoare: Verde<\/p>","protected":false},"excerpt":{"rendered":"<p>Culoare: Verde Caiet impermeabil, potrivit pentru orice vreme. 96 de pagini rezistente la ap\u0103 care nu isi vor schimba calitatea<\/p>","protected":false},"featured_media":10730,"comment_status":"open","ping_status":"open","template":"","meta":[],"product_brand":[],"product_cat":[99,117,100],"product_tag":[104],"class_list":{"0":"post-10728","1":"product","2":"type-product","3":"status-publish","4":"has-post-thumbnail","6":"product_cat-acasa","7":"product_cat-articole-si-accesorii-birou","8":"product_cat-casa-gradina","9":"product_tag-in-stoc","10":"pa_culoare-verde","12":"first","13":"instock","14":"sale","15":"purchasable","16":"product-type-simple"},"yoast_head":"<!-- This site is optimized with the Yoast SEO plugin v27.2 - https:\/\/yoast.com\/product\/yoast-seo-wordpress\/ -->\n<title>Caiet de notite, rezistent la apa, impermeabil, Gonga\u00ae | ZOKO<\/title>\n<meta name=\"robots\" content=\"index, follow, max-snippet:-1, max-image-preview:large, max-video-preview:-1\" \/>\n<link rel=\"canonical\" href=\"https:\/\/www.zoko.ro\/en\/p\/caiet-de-notite-rezistent-la-apa-impermeabil-gonga\/\" \/>\n<meta property=\"og:locale\" content=\"en_GB\" \/>\n<meta property=\"og:type\" content=\"article\" \/>\n<meta property=\"og:title\" content=\"Caiet de notite, rezistent la apa, impermeabil, Gonga\u00ae | ZOKO\" \/>\n<meta property=\"og:description\" content=\"Culoare: Verde Caiet impermeabil, potrivit pentru orice vreme. 96 de pagini rezistente la ap\u0103 care nu isi vor schimba calitatea\" \/>\n<meta property=\"og:url\" content=\"https:\/\/www.zoko.ro\/en\/p\/caiet-de-notite-rezistent-la-apa-impermeabil-gonga\/\" \/>\n<meta property=\"og:site_name\" content=\"ZOKO\" \/>\n<meta property=\"article:publisher\" content=\"https:\/\/www.facebook.com\/profile.php?id=61584344135075\" \/>\n<meta property=\"og:image\" content=\"https:\/\/www.zoko.ro\/wp-content\/uploads\/2025\/03\/caiet-de-notite-rezistent-la-apa-impermeabil-gonga.jpg\" \/>\n\t<meta property=\"og:image:width\" content=\"800\" \/>\n\t<meta property=\"og:image:height\" content=\"800\" \/>\n\t<meta property=\"og:image:type\" content=\"image\/jpeg\" \/>\n<meta name=\"twitter:card\" content=\"summary_large_image\" \/>\n<meta name=\"twitter:label1\" content=\"Estimated reading time\" \/>\n\t<meta name=\"twitter:data1\" content=\"1 minute\" \/>\n<script type=\"application\/ld+json\" class=\"yoast-schema-graph\">{\"@context\":\"https:\/\/schema.org\",\"@graph\":[{\"@type\":\"WebPage\",\"@id\":\"https:\/\/www.zoko.ro\/p\/caiet-de-notite-rezistent-la-apa-impermeabil-gonga\/\",\"url\":\"https:\/\/www.zoko.ro\/p\/caiet-de-notite-rezistent-la-apa-impermeabil-gonga\/\",\"name\":\"Caiet de notite, rezistent la apa, impermeabil, Gonga\u00ae | ZOKO\",\"isPartOf\":{\"@id\":\"https:\/\/www.zoko.ro\/#website\"},\"primaryImageOfPage\":{\"@id\":\"https:\/\/www.zoko.ro\/p\/caiet-de-notite-rezistent-la-apa-impermeabil-gonga\/#primaryimage\"},\"image\":{\"@id\":\"https:\/\/www.zoko.ro\/p\/caiet-de-notite-rezistent-la-apa-impermeabil-gonga\/#primaryimage\"},\"thumbnailUrl\":\"https:\/\/www.zoko.ro\/wp-content\/uploads\/2025\/03\/caiet-de-notite-rezistent-la-apa-impermeabil-gonga.jpg\",\"datePublished\":\"2026-04-28T21:32:47+00:00\",\"breadcrumb\":{\"@id\":\"https:\/\/www.zoko.ro\/p\/caiet-de-notite-rezistent-la-apa-impermeabil-gonga\/#breadcrumb\"},\"inLanguage\":\"en-GB\",\"potentialAction\":[{\"@type\":\"ReadAction\",\"target\":[\"https:\/\/www.zoko.ro\/p\/caiet-de-notite-rezistent-la-apa-impermeabil-gonga\/\"]}]},{\"@type\":\"ImageObject\",\"inLanguage\":\"en-GB\",\"@id\":\"https:\/\/www.zoko.ro\/p\/caiet-de-notite-rezistent-la-apa-impermeabil-gonga\/#primaryimage\",\"url\":\"https:\/\/www.zoko.ro\/wp-content\/uploads\/2025\/03\/caiet-de-notite-rezistent-la-apa-impermeabil-gonga.jpg\",\"contentUrl\":\"https:\/\/www.zoko.ro\/wp-content\/uploads\/2025\/03\/caiet-de-notite-rezistent-la-apa-impermeabil-gonga.jpg\",\"width\":800,\"height\":800},{\"@type\":\"BreadcrumbList\",\"@id\":\"https:\/\/www.zoko.ro\/p\/caiet-de-notite-rezistent-la-apa-impermeabil-gonga\/#breadcrumb\",\"itemListElement\":[{\"@type\":\"ListItem\",\"position\":1,\"name\":\"Home\",\"item\":\"https:\/\/www.zoko.ro\/\"},{\"@type\":\"ListItem\",\"position\":2,\"name\":\"Magazin\",\"item\":\"https:\/\/www.zoko.ro\/magazin\/\"},{\"@type\":\"ListItem\",\"position\":3,\"name\":\"Caiet de notite, rezistent la apa, impermeabil, Gonga\u00ae\"}]},{\"@type\":\"WebSite\",\"@id\":\"https:\/\/www.zoko.ro\/#website\",\"url\":\"https:\/\/www.zoko.ro\/\",\"name\":\"ZOKO.ro\",\"description\":\"Cump\u0103r\u0103 inteligent\",\"publisher\":{\"@id\":\"https:\/\/www.zoko.ro\/#organization\"},\"potentialAction\":[{\"@type\":\"SearchAction\",\"target\":{\"@type\":\"EntryPoint\",\"urlTemplate\":\"https:\/\/www.zoko.ro\/?s={search_term_string}\"},\"query-input\":{\"@type\":\"PropertyValueSpecification\",\"valueRequired\":true,\"valueName\":\"search_term_string\"}}],\"inLanguage\":\"en-GB\"},{\"@type\":\"Organization\",\"@id\":\"https:\/\/www.zoko.ro\/#organization\",\"name\":\"ZOKO\",\"url\":\"https:\/\/www.zoko.ro\/\",\"logo\":{\"@type\":\"ImageObject\",\"inLanguage\":\"en-GB\",\"@id\":\"https:\/\/www.zoko.ro\/#\/schema\/logo\/image\/\",\"url\":\"https:\/\/www.zoko.ro\/wp-content\/uploads\/2025\/03\/logo1.svg\",\"contentUrl\":\"https:\/\/www.zoko.ro\/wp-content\/uploads\/2025\/03\/logo1.svg\",\"width\":799,\"height\":216,\"caption\":\"ZOKO\"},\"image\":{\"@id\":\"https:\/\/www.zoko.ro\/#\/schema\/logo\/image\/\"},\"sameAs\":[\"https:\/\/www.facebook.com\/profile.php?id=61584344135075\"]}]}<\/script>\n<!-- \/ Yoast SEO plugin. -->","yoast_head_json":{"title":"Caiet de notite, rezistent la apa, impermeabil, Gonga\u00ae | ZOKO","robots":{"index":"index","follow":"follow","max-snippet":"max-snippet:-1","max-image-preview":"max-image-preview:large","max-video-preview":"max-video-preview:-1"},"canonical":"https:\/\/www.zoko.ro\/en\/p\/caiet-de-notite-rezistent-la-apa-impermeabil-gonga\/","og_locale":"en_GB","og_type":"article","og_title":"Caiet de notite, rezistent la apa, impermeabil, Gonga\u00ae | ZOKO","og_description":"Culoare: Verde Caiet impermeabil, potrivit pentru orice vreme. 96 de pagini rezistente la ap\u0103 care nu isi vor schimba calitatea","og_url":"https:\/\/www.zoko.ro\/en\/p\/caiet-de-notite-rezistent-la-apa-impermeabil-gonga\/","og_site_name":"ZOKO","article_publisher":"https:\/\/www.facebook.com\/profile.php?id=61584344135075","og_image":[{"width":800,"height":800,"url":"https:\/\/www.zoko.ro\/wp-content\/uploads\/2025\/03\/caiet-de-notite-rezistent-la-apa-impermeabil-gonga.jpg","type":"image\/jpeg"}],"twitter_card":"summary_large_image","twitter_misc":{"Estimated reading time":"1 minute"},"schema":{"@context":"https:\/\/schema.org","@graph":[{"@type":"WebPage","@id":"https:\/\/www.zoko.ro\/p\/caiet-de-notite-rezistent-la-apa-impermeabil-gonga\/","url":"https:\/\/www.zoko.ro\/p\/caiet-de-notite-rezistent-la-apa-impermeabil-gonga\/","name":"Caiet de notite, rezistent la apa, impermeabil, Gonga\u00ae | ZOKO","isPartOf":{"@id":"https:\/\/www.zoko.ro\/#website"},"primaryImageOfPage":{"@id":"https:\/\/www.zoko.ro\/p\/caiet-de-notite-rezistent-la-apa-impermeabil-gonga\/#primaryimage"},"image":{"@id":"https:\/\/www.zoko.ro\/p\/caiet-de-notite-rezistent-la-apa-impermeabil-gonga\/#primaryimage"},"thumbnailUrl":"https:\/\/www.zoko.ro\/wp-content\/uploads\/2025\/03\/caiet-de-notite-rezistent-la-apa-impermeabil-gonga.jpg","datePublished":"2026-04-28T21:32:47+00:00","breadcrumb":{"@id":"https:\/\/www.zoko.ro\/p\/caiet-de-notite-rezistent-la-apa-impermeabil-gonga\/#breadcrumb"},"inLanguage":"en-GB","potentialAction":[{"@type":"ReadAction","target":["https:\/\/www.zoko.ro\/p\/caiet-de-notite-rezistent-la-apa-impermeabil-gonga\/"]}]},{"@type":"ImageObject","inLanguage":"en-GB","@id":"https:\/\/www.zoko.ro\/p\/caiet-de-notite-rezistent-la-apa-impermeabil-gonga\/#primaryimage","url":"https:\/\/www.zoko.ro\/wp-content\/uploads\/2025\/03\/caiet-de-notite-rezistent-la-apa-impermeabil-gonga.jpg","contentUrl":"https:\/\/www.zoko.ro\/wp-content\/uploads\/2025\/03\/caiet-de-notite-rezistent-la-apa-impermeabil-gonga.jpg","width":800,"height":800},{"@type":"BreadcrumbList","@id":"https:\/\/www.zoko.ro\/p\/caiet-de-notite-rezistent-la-apa-impermeabil-gonga\/#breadcrumb","itemListElement":[{"@type":"ListItem","position":1,"name":"Home","item":"https:\/\/www.zoko.ro\/"},{"@type":"ListItem","position":2,"name":"Magazin","item":"https:\/\/www.zoko.ro\/magazin\/"},{"@type":"ListItem","position":3,"name":"Caiet de notite, rezistent la apa, impermeabil, Gonga\u00ae"}]},{"@type":"WebSite","@id":"https:\/\/www.zoko.ro\/#website","url":"https:\/\/www.zoko.ro\/","name":"ZOKO.ro","description":"Cump\u0103r\u0103 inteligent","publisher":{"@id":"https:\/\/www.zoko.ro\/#organization"},"potentialAction":[{"@type":"SearchAction","target":{"@type":"EntryPoint","urlTemplate":"https:\/\/www.zoko.ro\/?s={search_term_string}"},"query-input":{"@type":"PropertyValueSpecification","valueRequired":true,"valueName":"search_term_string"}}],"inLanguage":"en-GB"},{"@type":"Organization","@id":"https:\/\/www.zoko.ro\/#organization","name":"ZOKO","url":"https:\/\/www.zoko.ro\/","logo":{"@type":"ImageObject","inLanguage":"en-GB","@id":"https:\/\/www.zoko.ro\/#\/schema\/logo\/image\/","url":"https:\/\/www.zoko.ro\/wp-content\/uploads\/2025\/03\/logo1.svg","contentUrl":"https:\/\/www.zoko.ro\/wp-content\/uploads\/2025\/03\/logo1.svg","width":799,"height":216,"caption":"ZOKO"},"image":{"@id":"https:\/\/www.zoko.ro\/#\/schema\/logo\/image\/"},"sameAs":["https:\/\/www.facebook.com\/profile.php?id=61584344135075"]}]}},"_links":{"self":[{"href":"https:\/\/www.zoko.ro\/en\/wp-json\/wp\/v2\/product\/10728","targetHints":{"allow":["GET"]}}],"collection":[{"href":"https:\/\/www.zoko.ro\/en\/wp-json\/wp\/v2\/product"}],"about":[{"href":"https:\/\/www.zoko.ro\/en\/wp-json\/wp\/v2\/types\/product"}],"replies":[{"embeddable":true,"href":"https:\/\/www.zoko.ro\/en\/wp-json\/wp\/v2\/comments?post=10728"}],"version-history":[{"count":1,"href":"https:\/\/www.zoko.ro\/en\/wp-json\/wp\/v2\/product\/10728\/revisions"}],"predecessor-version":[{"id":10729,"href":"https:\/\/www.zoko.ro\/en\/wp-json\/wp\/v2\/product\/10728\/revisions\/10729"}],"wp:featuredmedia":[{"embeddable":true,"href":"https:\/\/www.zoko.ro\/en\/wp-json\/wp\/v2\/media\/10730"}],"wp:attachment":[{"href":"https:\/\/www.zoko.ro\/en\/wp-json\/wp\/v2\/media?parent=10728"}],"wp:term":[{"taxonomy":"product_brand","embeddable":true,"href":"https:\/\/www.zoko.ro\/en\/wp-json\/wp\/v2\/product_brand?post=10728"},{"taxonomy":"product_cat","embeddable":true,"href":"https:\/\/www.zoko.ro\/en\/wp-json\/wp\/v2\/product_cat?post=10728"},{"taxonomy":"product_tag","embeddable":true,"href":"https:\/\/www.zoko.ro\/en\/wp-json\/wp\/v2\/product_tag?post=10728"}],"curies":[{"name":"wp","href":"https:\/\/api.w.org\/{rel}","templated":true}]}}