{"id":10736,"date":"2026-04-28T23:32:48","date_gmt":"2026-04-28T21:32:48","guid":{"rendered":"https:\/\/www.zoko.ro\/p\/antifurt-pentru-bicicleta-motocicleta-cu-cheie-gonga\/"},"modified":"2026-04-28T23:32:48","modified_gmt":"2026-04-28T21:32:48","slug":"antifurt-pentru-bicicleta-motocicleta-cu-cheie-gonga","status":"publish","type":"product","link":"https:\/\/www.zoko.ro\/en\/p\/antifurt-pentru-bicicleta-motocicleta-cu-cheie-gonga\/","title":{"rendered":"Antifurt pentru bicicleta\/motocicleta, cu cheie, Gonga\u00ae"},"content":{"rendered":"<p><strong>Culoare:<\/strong> Negru<\/p>\n<p>Cert este c\u0103 fiecare proprietar de biciclete este \u00eengrijorat de vehiculul s\u0103u \u0219i ar prefera ca acesta s\u0103 nu cad\u0103 pe m\u00e2ini gre\u0219ite. De aceea, merit\u0103 s\u0103 oferi\u021bi tuturor posesorilor de biciclete un produs care va descuraja efectiv orice ho\u021b \u0219i va garanta siguran\u021ba.<\/p>\n<p>Un antifurt solid pentru o biciclet\u0103 cu cheie este o protec\u021bie perfect\u0103 pentru un vehicul l\u0103sat la \u0219coal\u0103, magazin sau bloc.<\/p>\n<p>Un lan\u021b metalic acoperit cu material textil va fi bl\u00e2nd pe orice biciclet\u0103 &#8211; nu este nevoie s\u0103 v\u0103 face\u021bi griji cu privire la zg\u00e2rieturi sau dezlipirea vopselei. Bicicleta va ar\u0103ta mereu impecabil. \u0218i cel mai important &#8211; nu va c\u0103dea niciodat\u0103 \u00een m\u00e2ini gre\u0219ite!<\/p>\n<p>Lungimea total\u0103 a dispozitivului de fixare: 90 cm<\/p>\n<\/p>\n<p>Inclus:<\/p>\n<\/p>\n<p>&#8211; 1x Antifurt<\/p>\n<p>&#8211; 2x Chei<\/p>","protected":false},"excerpt":{"rendered":"<p>Culoare: Negru Cert este c\u0103 fiecare proprietar de biciclete este \u00eengrijorat de vehiculul s\u0103u \u0219i ar prefera ca acesta s\u0103<\/p>","protected":false},"featured_media":10738,"comment_status":"open","ping_status":"open","template":"","meta":[],"product_brand":[],"product_cat":[99,143,102],"product_tag":[104],"class_list":{"0":"post-10736","1":"product","2":"type-product","3":"status-publish","4":"has-post-thumbnail","6":"product_cat-acasa","7":"product_cat-biciclete-accesorii","8":"product_cat-sport-activitati-in-aer-liber","9":"product_tag-in-stoc","10":"pa_culoare-negru","12":"first","13":"instock","14":"sale","15":"purchasable","16":"product-type-simple"},"yoast_head":"<!-- This site is optimized with the Yoast SEO plugin v27.2 - https:\/\/yoast.com\/product\/yoast-seo-wordpress\/ -->\n<title>Antifurt pentru bicicleta\/motocicleta, cu cheie, Gonga\u00ae | ZOKO<\/title>\n<meta name=\"robots\" content=\"index, follow, max-snippet:-1, max-image-preview:large, max-video-preview:-1\" \/>\n<link rel=\"canonical\" href=\"https:\/\/www.zoko.ro\/en\/p\/antifurt-pentru-bicicleta-motocicleta-cu-cheie-gonga\/\" \/>\n<meta property=\"og:locale\" content=\"en_GB\" \/>\n<meta property=\"og:type\" content=\"article\" \/>\n<meta property=\"og:title\" content=\"Antifurt pentru bicicleta\/motocicleta, cu cheie, Gonga\u00ae | ZOKO\" \/>\n<meta property=\"og:description\" content=\"Culoare: Negru Cert este c\u0103 fiecare proprietar de biciclete este \u00eengrijorat de vehiculul s\u0103u \u0219i ar prefera ca acesta s\u0103\" \/>\n<meta property=\"og:url\" content=\"https:\/\/www.zoko.ro\/en\/p\/antifurt-pentru-bicicleta-motocicleta-cu-cheie-gonga\/\" \/>\n<meta property=\"og:site_name\" content=\"ZOKO\" \/>\n<meta property=\"article:publisher\" content=\"https:\/\/www.facebook.com\/profile.php?id=61584344135075\" \/>\n<meta property=\"og:image\" content=\"https:\/\/www.zoko.ro\/wp-content\/uploads\/2025\/03\/antifurt-pentru-bicicletamotocicleta-cu-cheie-gonga.jpg\" \/>\n\t<meta property=\"og:image:width\" content=\"800\" \/>\n\t<meta property=\"og:image:height\" content=\"800\" \/>\n\t<meta property=\"og:image:type\" content=\"image\/jpeg\" \/>\n<meta name=\"twitter:card\" content=\"summary_large_image\" \/>\n<meta name=\"twitter:label1\" content=\"Estimated reading time\" \/>\n\t<meta name=\"twitter:data1\" content=\"1 minute\" \/>\n<script type=\"application\/ld+json\" class=\"yoast-schema-graph\">{\"@context\":\"https:\/\/schema.org\",\"@graph\":[{\"@type\":\"WebPage\",\"@id\":\"https:\/\/www.zoko.ro\/p\/antifurt-pentru-bicicleta-motocicleta-cu-cheie-gonga\/\",\"url\":\"https:\/\/www.zoko.ro\/p\/antifurt-pentru-bicicleta-motocicleta-cu-cheie-gonga\/\",\"name\":\"Antifurt pentru bicicleta\/motocicleta, cu cheie, Gonga\u00ae | ZOKO\",\"isPartOf\":{\"@id\":\"https:\/\/www.zoko.ro\/#website\"},\"primaryImageOfPage\":{\"@id\":\"https:\/\/www.zoko.ro\/p\/antifurt-pentru-bicicleta-motocicleta-cu-cheie-gonga\/#primaryimage\"},\"image\":{\"@id\":\"https:\/\/www.zoko.ro\/p\/antifurt-pentru-bicicleta-motocicleta-cu-cheie-gonga\/#primaryimage\"},\"thumbnailUrl\":\"https:\/\/www.zoko.ro\/wp-content\/uploads\/2025\/03\/antifurt-pentru-bicicletamotocicleta-cu-cheie-gonga.jpg\",\"datePublished\":\"2026-04-28T21:32:48+00:00\",\"breadcrumb\":{\"@id\":\"https:\/\/www.zoko.ro\/p\/antifurt-pentru-bicicleta-motocicleta-cu-cheie-gonga\/#breadcrumb\"},\"inLanguage\":\"en-GB\",\"potentialAction\":[{\"@type\":\"ReadAction\",\"target\":[\"https:\/\/www.zoko.ro\/p\/antifurt-pentru-bicicleta-motocicleta-cu-cheie-gonga\/\"]}]},{\"@type\":\"ImageObject\",\"inLanguage\":\"en-GB\",\"@id\":\"https:\/\/www.zoko.ro\/p\/antifurt-pentru-bicicleta-motocicleta-cu-cheie-gonga\/#primaryimage\",\"url\":\"https:\/\/www.zoko.ro\/wp-content\/uploads\/2025\/03\/antifurt-pentru-bicicletamotocicleta-cu-cheie-gonga.jpg\",\"contentUrl\":\"https:\/\/www.zoko.ro\/wp-content\/uploads\/2025\/03\/antifurt-pentru-bicicletamotocicleta-cu-cheie-gonga.jpg\",\"width\":800,\"height\":800},{\"@type\":\"BreadcrumbList\",\"@id\":\"https:\/\/www.zoko.ro\/p\/antifurt-pentru-bicicleta-motocicleta-cu-cheie-gonga\/#breadcrumb\",\"itemListElement\":[{\"@type\":\"ListItem\",\"position\":1,\"name\":\"Home\",\"item\":\"https:\/\/www.zoko.ro\/\"},{\"@type\":\"ListItem\",\"position\":2,\"name\":\"Magazin\",\"item\":\"https:\/\/www.zoko.ro\/magazin\/\"},{\"@type\":\"ListItem\",\"position\":3,\"name\":\"Antifurt pentru bicicleta\/motocicleta, cu cheie, Gonga\u00ae\"}]},{\"@type\":\"WebSite\",\"@id\":\"https:\/\/www.zoko.ro\/#website\",\"url\":\"https:\/\/www.zoko.ro\/\",\"name\":\"ZOKO.ro\",\"description\":\"Cump\u0103r\u0103 inteligent\",\"publisher\":{\"@id\":\"https:\/\/www.zoko.ro\/#organization\"},\"potentialAction\":[{\"@type\":\"SearchAction\",\"target\":{\"@type\":\"EntryPoint\",\"urlTemplate\":\"https:\/\/www.zoko.ro\/?s={search_term_string}\"},\"query-input\":{\"@type\":\"PropertyValueSpecification\",\"valueRequired\":true,\"valueName\":\"search_term_string\"}}],\"inLanguage\":\"en-GB\"},{\"@type\":\"Organization\",\"@id\":\"https:\/\/www.zoko.ro\/#organization\",\"name\":\"ZOKO\",\"url\":\"https:\/\/www.zoko.ro\/\",\"logo\":{\"@type\":\"ImageObject\",\"inLanguage\":\"en-GB\",\"@id\":\"https:\/\/www.zoko.ro\/#\/schema\/logo\/image\/\",\"url\":\"https:\/\/www.zoko.ro\/wp-content\/uploads\/2025\/03\/logo1.svg\",\"contentUrl\":\"https:\/\/www.zoko.ro\/wp-content\/uploads\/2025\/03\/logo1.svg\",\"width\":799,\"height\":216,\"caption\":\"ZOKO\"},\"image\":{\"@id\":\"https:\/\/www.zoko.ro\/#\/schema\/logo\/image\/\"},\"sameAs\":[\"https:\/\/www.facebook.com\/profile.php?id=61584344135075\"]}]}<\/script>\n<!-- \/ Yoast SEO plugin. -->","yoast_head_json":{"title":"Antifurt pentru bicicleta\/motocicleta, cu cheie, Gonga\u00ae | ZOKO","robots":{"index":"index","follow":"follow","max-snippet":"max-snippet:-1","max-image-preview":"max-image-preview:large","max-video-preview":"max-video-preview:-1"},"canonical":"https:\/\/www.zoko.ro\/en\/p\/antifurt-pentru-bicicleta-motocicleta-cu-cheie-gonga\/","og_locale":"en_GB","og_type":"article","og_title":"Antifurt pentru bicicleta\/motocicleta, cu cheie, Gonga\u00ae | ZOKO","og_description":"Culoare: Negru Cert este c\u0103 fiecare proprietar de biciclete este \u00eengrijorat de vehiculul s\u0103u \u0219i ar prefera ca acesta s\u0103","og_url":"https:\/\/www.zoko.ro\/en\/p\/antifurt-pentru-bicicleta-motocicleta-cu-cheie-gonga\/","og_site_name":"ZOKO","article_publisher":"https:\/\/www.facebook.com\/profile.php?id=61584344135075","og_image":[{"width":800,"height":800,"url":"https:\/\/www.zoko.ro\/wp-content\/uploads\/2025\/03\/antifurt-pentru-bicicletamotocicleta-cu-cheie-gonga.jpg","type":"image\/jpeg"}],"twitter_card":"summary_large_image","twitter_misc":{"Estimated reading time":"1 minute"},"schema":{"@context":"https:\/\/schema.org","@graph":[{"@type":"WebPage","@id":"https:\/\/www.zoko.ro\/p\/antifurt-pentru-bicicleta-motocicleta-cu-cheie-gonga\/","url":"https:\/\/www.zoko.ro\/p\/antifurt-pentru-bicicleta-motocicleta-cu-cheie-gonga\/","name":"Antifurt pentru bicicleta\/motocicleta, cu cheie, Gonga\u00ae | ZOKO","isPartOf":{"@id":"https:\/\/www.zoko.ro\/#website"},"primaryImageOfPage":{"@id":"https:\/\/www.zoko.ro\/p\/antifurt-pentru-bicicleta-motocicleta-cu-cheie-gonga\/#primaryimage"},"image":{"@id":"https:\/\/www.zoko.ro\/p\/antifurt-pentru-bicicleta-motocicleta-cu-cheie-gonga\/#primaryimage"},"thumbnailUrl":"https:\/\/www.zoko.ro\/wp-content\/uploads\/2025\/03\/antifurt-pentru-bicicletamotocicleta-cu-cheie-gonga.jpg","datePublished":"2026-04-28T21:32:48+00:00","breadcrumb":{"@id":"https:\/\/www.zoko.ro\/p\/antifurt-pentru-bicicleta-motocicleta-cu-cheie-gonga\/#breadcrumb"},"inLanguage":"en-GB","potentialAction":[{"@type":"ReadAction","target":["https:\/\/www.zoko.ro\/p\/antifurt-pentru-bicicleta-motocicleta-cu-cheie-gonga\/"]}]},{"@type":"ImageObject","inLanguage":"en-GB","@id":"https:\/\/www.zoko.ro\/p\/antifurt-pentru-bicicleta-motocicleta-cu-cheie-gonga\/#primaryimage","url":"https:\/\/www.zoko.ro\/wp-content\/uploads\/2025\/03\/antifurt-pentru-bicicletamotocicleta-cu-cheie-gonga.jpg","contentUrl":"https:\/\/www.zoko.ro\/wp-content\/uploads\/2025\/03\/antifurt-pentru-bicicletamotocicleta-cu-cheie-gonga.jpg","width":800,"height":800},{"@type":"BreadcrumbList","@id":"https:\/\/www.zoko.ro\/p\/antifurt-pentru-bicicleta-motocicleta-cu-cheie-gonga\/#breadcrumb","itemListElement":[{"@type":"ListItem","position":1,"name":"Home","item":"https:\/\/www.zoko.ro\/"},{"@type":"ListItem","position":2,"name":"Magazin","item":"https:\/\/www.zoko.ro\/magazin\/"},{"@type":"ListItem","position":3,"name":"Antifurt pentru bicicleta\/motocicleta, cu cheie, Gonga\u00ae"}]},{"@type":"WebSite","@id":"https:\/\/www.zoko.ro\/#website","url":"https:\/\/www.zoko.ro\/","name":"ZOKO.ro","description":"Cump\u0103r\u0103 inteligent","publisher":{"@id":"https:\/\/www.zoko.ro\/#organization"},"potentialAction":[{"@type":"SearchAction","target":{"@type":"EntryPoint","urlTemplate":"https:\/\/www.zoko.ro\/?s={search_term_string}"},"query-input":{"@type":"PropertyValueSpecification","valueRequired":true,"valueName":"search_term_string"}}],"inLanguage":"en-GB"},{"@type":"Organization","@id":"https:\/\/www.zoko.ro\/#organization","name":"ZOKO","url":"https:\/\/www.zoko.ro\/","logo":{"@type":"ImageObject","inLanguage":"en-GB","@id":"https:\/\/www.zoko.ro\/#\/schema\/logo\/image\/","url":"https:\/\/www.zoko.ro\/wp-content\/uploads\/2025\/03\/logo1.svg","contentUrl":"https:\/\/www.zoko.ro\/wp-content\/uploads\/2025\/03\/logo1.svg","width":799,"height":216,"caption":"ZOKO"},"image":{"@id":"https:\/\/www.zoko.ro\/#\/schema\/logo\/image\/"},"sameAs":["https:\/\/www.facebook.com\/profile.php?id=61584344135075"]}]}},"_links":{"self":[{"href":"https:\/\/www.zoko.ro\/en\/wp-json\/wp\/v2\/product\/10736","targetHints":{"allow":["GET"]}}],"collection":[{"href":"https:\/\/www.zoko.ro\/en\/wp-json\/wp\/v2\/product"}],"about":[{"href":"https:\/\/www.zoko.ro\/en\/wp-json\/wp\/v2\/types\/product"}],"replies":[{"embeddable":true,"href":"https:\/\/www.zoko.ro\/en\/wp-json\/wp\/v2\/comments?post=10736"}],"version-history":[{"count":1,"href":"https:\/\/www.zoko.ro\/en\/wp-json\/wp\/v2\/product\/10736\/revisions"}],"predecessor-version":[{"id":10737,"href":"https:\/\/www.zoko.ro\/en\/wp-json\/wp\/v2\/product\/10736\/revisions\/10737"}],"wp:featuredmedia":[{"embeddable":true,"href":"https:\/\/www.zoko.ro\/en\/wp-json\/wp\/v2\/media\/10738"}],"wp:attachment":[{"href":"https:\/\/www.zoko.ro\/en\/wp-json\/wp\/v2\/media?parent=10736"}],"wp:term":[{"taxonomy":"product_brand","embeddable":true,"href":"https:\/\/www.zoko.ro\/en\/wp-json\/wp\/v2\/product_brand?post=10736"},{"taxonomy":"product_cat","embeddable":true,"href":"https:\/\/www.zoko.ro\/en\/wp-json\/wp\/v2\/product_cat?post=10736"},{"taxonomy":"product_tag","embeddable":true,"href":"https:\/\/www.zoko.ro\/en\/wp-json\/wp\/v2\/product_tag?post=10736"}],"curies":[{"name":"wp","href":"https:\/\/api.w.org\/{rel}","templated":true}]}}