{"id":11884,"date":"2026-04-28T23:34:49","date_gmt":"2026-04-28T21:34:49","guid":{"rendered":"https:\/\/www.zoko.ro\/p\/organizator-pentru-frigider-sau-raft-extensibil-gonga\/"},"modified":"2026-04-28T23:34:49","modified_gmt":"2026-04-28T21:34:49","slug":"organizator-pentru-frigider-sau-raft-extensibil-gonga","status":"publish","type":"product","link":"https:\/\/www.zoko.ro\/en\/p\/organizator-pentru-frigider-sau-raft-extensibil-gonga\/","title":{"rendered":"Organizator pentru frigider sau raft Extensibil, Gonga\u00ae"},"content":{"rendered":"<p><strong>Culoare:<\/strong> Alb<\/p>\n<p class=\"p1\" style=\"margin:0px;font-size:12px;line-height:normal;font-family:'Helvetica Neue';\"><b>Organizatorul frigorific extensibil este conceput pentru a v\u0103 ajuta s\u0103 organiza\u021bi eficient spa\u021biul din frigider. Este fabricat din plastic de \u00eenalt\u0103 calitate, care este rezistent la uzur\u0103 \u0219i la temperaturi sc\u0103zute.<\/p>\n<p>Organizatorul are o form\u0103 extensibil\u0103, care v\u0103 permite s\u0103 \u00eel adapta\u021bi la dimensiunea rafturilor din frigider.<\/p>\n<p>Organizatorul frigorific extensibil v\u0103 permite s\u0103 depozita\u021bi alimentele \u00een mod convenabil \u0219i organizat. Are o serie de compartimente, care v\u0103 permit s\u0103 separa\u021bi alimentele dup\u0103 tip sau categorie. Acest lucru v\u0103 ajut\u0103 s\u0103 g\u0103si\u021bi rapid ceea ce c\u0103uta\u021bi \u0219i s\u0103 evita\u021bi dezordinea.<\/p>\n<p><\/b><\/p>\n<ul class=\"ul1\" style=\"font-size:medium;\">\n<li class=\"li1\" style=\"margin:0px;font-size:12px;line-height:normal;font-family:'Helvetica Neue';\"><span class=\"s1\" style=\"font-size:10px;line-height:normal;font-family:Menlo;\"><\/span>Extensibil, se poate ajusta in functie de dimensiunea bunurilor dumneavoastra.<\/li>\n<li class=\"li1\" style=\"margin:0px;font-size:12px;line-height:normal;font-family:'Helvetica Neue';\"><span class=\"s1\" style=\"font-size:10px;line-height:normal;font-family:Menlo;\"><\/span>Rezistent la uzura<\/li>\n<li class=\"li1\" style=\"margin:0px;font-size:12px;line-height:normal;font-family:'Helvetica Neue';\"><span class=\"s1\" style=\"font-size:10px;line-height:normal;font-family:Menlo;\"><\/span>Potrivit pentru rafturile frigiderului.<\/li>\n<li class=\"li1\" style=\"margin:0px;font-size:12px;line-height:normal;font-family:'Helvetica Neue';\"><span class=\"s1\" style=\"font-size:10px;line-height:normal;font-family:Menlo;\"><\/span>Se poate utiliza si pentru polite de raft.<\/li>\n<li class=\"li1\" style=\"margin:0px;font-size:12px;line-height:normal;font-family:'Helvetica Neue';\"><span class=\"s1\" style=\"font-size:10px;line-height:normal;font-family:Menlo;\"><\/span>Utilizarea acestui organizator ajuta la economisirea spatiului din frigider sau din dulap.<\/li>\n<li class=\"li1\" style=\"margin:0px;font-size:12px;line-height:normal;font-family:'Helvetica Neue';\"><span class=\"s1\" style=\"font-size:10px;line-height:normal;font-family:Menlo;\"><\/span>Acesta se extinde pe o lungime de la 20 la 28 cm<\/li>\n<\/ul>","protected":false},"excerpt":{"rendered":"<p>Culoare: Alb Organizatorul frigorific extensibil este conceput pentru a v\u0103 ajuta s\u0103 organiza\u021bi eficient spa\u021biul din frigider. Este fabricat din<\/p>","protected":false},"featured_media":11886,"comment_status":"open","ping_status":"open","template":"","meta":[],"product_brand":[],"product_cat":[99,107,100],"product_tag":[104],"class_list":{"0":"post-11884","1":"product","2":"type-product","3":"status-publish","4":"has-post-thumbnail","6":"product_cat-acasa","7":"product_cat-bucatarie-si-servire","8":"product_cat-casa-gradina","9":"product_tag-in-stoc","10":"pa_culoare-alb","12":"first","13":"instock","14":"sale","15":"purchasable","16":"product-type-simple"},"yoast_head":"<!-- This site is optimized with the Yoast SEO plugin v27.2 - https:\/\/yoast.com\/product\/yoast-seo-wordpress\/ -->\n<title>Organizator pentru frigider sau raft Extensibil, Gonga\u00ae | ZOKO<\/title>\n<meta name=\"robots\" content=\"index, follow, max-snippet:-1, max-image-preview:large, max-video-preview:-1\" \/>\n<link rel=\"canonical\" href=\"https:\/\/www.zoko.ro\/en\/p\/organizator-pentru-frigider-sau-raft-extensibil-gonga\/\" \/>\n<meta property=\"og:locale\" content=\"en_GB\" \/>\n<meta property=\"og:type\" content=\"article\" \/>\n<meta property=\"og:title\" content=\"Organizator pentru frigider sau raft Extensibil, Gonga\u00ae | ZOKO\" \/>\n<meta property=\"og:description\" content=\"Culoare: Alb Organizatorul frigorific extensibil este conceput pentru a v\u0103 ajuta s\u0103 organiza\u021bi eficient spa\u021biul din frigider. Este fabricat din\" \/>\n<meta property=\"og:url\" content=\"https:\/\/www.zoko.ro\/en\/p\/organizator-pentru-frigider-sau-raft-extensibil-gonga\/\" \/>\n<meta property=\"og:site_name\" content=\"ZOKO\" \/>\n<meta property=\"article:publisher\" content=\"https:\/\/www.facebook.com\/profile.php?id=61584344135075\" \/>\n<meta property=\"og:image\" content=\"https:\/\/www.zoko.ro\/wp-content\/uploads\/2025\/03\/organizator-pentru-frigider-sau-raft-extensibil-gonga.jpg\" \/>\n\t<meta property=\"og:image:width\" content=\"1197\" \/>\n\t<meta property=\"og:image:height\" content=\"1200\" \/>\n\t<meta property=\"og:image:type\" content=\"image\/jpeg\" \/>\n<meta name=\"twitter:card\" content=\"summary_large_image\" \/>\n<meta name=\"twitter:label1\" content=\"Estimated reading time\" \/>\n\t<meta name=\"twitter:data1\" content=\"1 minute\" \/>\n<script type=\"application\/ld+json\" class=\"yoast-schema-graph\">{\"@context\":\"https:\/\/schema.org\",\"@graph\":[{\"@type\":\"WebPage\",\"@id\":\"https:\/\/www.zoko.ro\/p\/organizator-pentru-frigider-sau-raft-extensibil-gonga\/\",\"url\":\"https:\/\/www.zoko.ro\/p\/organizator-pentru-frigider-sau-raft-extensibil-gonga\/\",\"name\":\"Organizator pentru frigider sau raft Extensibil, Gonga\u00ae | ZOKO\",\"isPartOf\":{\"@id\":\"https:\/\/www.zoko.ro\/#website\"},\"primaryImageOfPage\":{\"@id\":\"https:\/\/www.zoko.ro\/p\/organizator-pentru-frigider-sau-raft-extensibil-gonga\/#primaryimage\"},\"image\":{\"@id\":\"https:\/\/www.zoko.ro\/p\/organizator-pentru-frigider-sau-raft-extensibil-gonga\/#primaryimage\"},\"thumbnailUrl\":\"https:\/\/www.zoko.ro\/wp-content\/uploads\/2025\/03\/organizator-pentru-frigider-sau-raft-extensibil-gonga.jpg\",\"datePublished\":\"2026-04-28T21:34:49+00:00\",\"breadcrumb\":{\"@id\":\"https:\/\/www.zoko.ro\/p\/organizator-pentru-frigider-sau-raft-extensibil-gonga\/#breadcrumb\"},\"inLanguage\":\"en-GB\",\"potentialAction\":[{\"@type\":\"ReadAction\",\"target\":[\"https:\/\/www.zoko.ro\/p\/organizator-pentru-frigider-sau-raft-extensibil-gonga\/\"]}]},{\"@type\":\"ImageObject\",\"inLanguage\":\"en-GB\",\"@id\":\"https:\/\/www.zoko.ro\/p\/organizator-pentru-frigider-sau-raft-extensibil-gonga\/#primaryimage\",\"url\":\"https:\/\/www.zoko.ro\/wp-content\/uploads\/2025\/03\/organizator-pentru-frigider-sau-raft-extensibil-gonga.jpg\",\"contentUrl\":\"https:\/\/www.zoko.ro\/wp-content\/uploads\/2025\/03\/organizator-pentru-frigider-sau-raft-extensibil-gonga.jpg\",\"width\":1197,\"height\":1200},{\"@type\":\"BreadcrumbList\",\"@id\":\"https:\/\/www.zoko.ro\/p\/organizator-pentru-frigider-sau-raft-extensibil-gonga\/#breadcrumb\",\"itemListElement\":[{\"@type\":\"ListItem\",\"position\":1,\"name\":\"Home\",\"item\":\"https:\/\/www.zoko.ro\/\"},{\"@type\":\"ListItem\",\"position\":2,\"name\":\"Magazin\",\"item\":\"https:\/\/www.zoko.ro\/magazin\/\"},{\"@type\":\"ListItem\",\"position\":3,\"name\":\"Organizator pentru frigider sau raft Extensibil, Gonga\u00ae\"}]},{\"@type\":\"WebSite\",\"@id\":\"https:\/\/www.zoko.ro\/#website\",\"url\":\"https:\/\/www.zoko.ro\/\",\"name\":\"ZOKO.ro\",\"description\":\"Cump\u0103r\u0103 inteligent\",\"publisher\":{\"@id\":\"https:\/\/www.zoko.ro\/#organization\"},\"potentialAction\":[{\"@type\":\"SearchAction\",\"target\":{\"@type\":\"EntryPoint\",\"urlTemplate\":\"https:\/\/www.zoko.ro\/?s={search_term_string}\"},\"query-input\":{\"@type\":\"PropertyValueSpecification\",\"valueRequired\":true,\"valueName\":\"search_term_string\"}}],\"inLanguage\":\"en-GB\"},{\"@type\":\"Organization\",\"@id\":\"https:\/\/www.zoko.ro\/#organization\",\"name\":\"ZOKO\",\"url\":\"https:\/\/www.zoko.ro\/\",\"logo\":{\"@type\":\"ImageObject\",\"inLanguage\":\"en-GB\",\"@id\":\"https:\/\/www.zoko.ro\/#\/schema\/logo\/image\/\",\"url\":\"https:\/\/www.zoko.ro\/wp-content\/uploads\/2025\/03\/logo1.svg\",\"contentUrl\":\"https:\/\/www.zoko.ro\/wp-content\/uploads\/2025\/03\/logo1.svg\",\"width\":799,\"height\":216,\"caption\":\"ZOKO\"},\"image\":{\"@id\":\"https:\/\/www.zoko.ro\/#\/schema\/logo\/image\/\"},\"sameAs\":[\"https:\/\/www.facebook.com\/profile.php?id=61584344135075\"]}]}<\/script>\n<!-- \/ Yoast SEO plugin. -->","yoast_head_json":{"title":"Organizator pentru frigider sau raft Extensibil, Gonga\u00ae | ZOKO","robots":{"index":"index","follow":"follow","max-snippet":"max-snippet:-1","max-image-preview":"max-image-preview:large","max-video-preview":"max-video-preview:-1"},"canonical":"https:\/\/www.zoko.ro\/en\/p\/organizator-pentru-frigider-sau-raft-extensibil-gonga\/","og_locale":"en_GB","og_type":"article","og_title":"Organizator pentru frigider sau raft Extensibil, Gonga\u00ae | ZOKO","og_description":"Culoare: Alb Organizatorul frigorific extensibil este conceput pentru a v\u0103 ajuta s\u0103 organiza\u021bi eficient spa\u021biul din frigider. Este fabricat din","og_url":"https:\/\/www.zoko.ro\/en\/p\/organizator-pentru-frigider-sau-raft-extensibil-gonga\/","og_site_name":"ZOKO","article_publisher":"https:\/\/www.facebook.com\/profile.php?id=61584344135075","og_image":[{"width":1197,"height":1200,"url":"https:\/\/www.zoko.ro\/wp-content\/uploads\/2025\/03\/organizator-pentru-frigider-sau-raft-extensibil-gonga.jpg","type":"image\/jpeg"}],"twitter_card":"summary_large_image","twitter_misc":{"Estimated reading time":"1 minute"},"schema":{"@context":"https:\/\/schema.org","@graph":[{"@type":"WebPage","@id":"https:\/\/www.zoko.ro\/p\/organizator-pentru-frigider-sau-raft-extensibil-gonga\/","url":"https:\/\/www.zoko.ro\/p\/organizator-pentru-frigider-sau-raft-extensibil-gonga\/","name":"Organizator pentru frigider sau raft Extensibil, Gonga\u00ae | ZOKO","isPartOf":{"@id":"https:\/\/www.zoko.ro\/#website"},"primaryImageOfPage":{"@id":"https:\/\/www.zoko.ro\/p\/organizator-pentru-frigider-sau-raft-extensibil-gonga\/#primaryimage"},"image":{"@id":"https:\/\/www.zoko.ro\/p\/organizator-pentru-frigider-sau-raft-extensibil-gonga\/#primaryimage"},"thumbnailUrl":"https:\/\/www.zoko.ro\/wp-content\/uploads\/2025\/03\/organizator-pentru-frigider-sau-raft-extensibil-gonga.jpg","datePublished":"2026-04-28T21:34:49+00:00","breadcrumb":{"@id":"https:\/\/www.zoko.ro\/p\/organizator-pentru-frigider-sau-raft-extensibil-gonga\/#breadcrumb"},"inLanguage":"en-GB","potentialAction":[{"@type":"ReadAction","target":["https:\/\/www.zoko.ro\/p\/organizator-pentru-frigider-sau-raft-extensibil-gonga\/"]}]},{"@type":"ImageObject","inLanguage":"en-GB","@id":"https:\/\/www.zoko.ro\/p\/organizator-pentru-frigider-sau-raft-extensibil-gonga\/#primaryimage","url":"https:\/\/www.zoko.ro\/wp-content\/uploads\/2025\/03\/organizator-pentru-frigider-sau-raft-extensibil-gonga.jpg","contentUrl":"https:\/\/www.zoko.ro\/wp-content\/uploads\/2025\/03\/organizator-pentru-frigider-sau-raft-extensibil-gonga.jpg","width":1197,"height":1200},{"@type":"BreadcrumbList","@id":"https:\/\/www.zoko.ro\/p\/organizator-pentru-frigider-sau-raft-extensibil-gonga\/#breadcrumb","itemListElement":[{"@type":"ListItem","position":1,"name":"Home","item":"https:\/\/www.zoko.ro\/"},{"@type":"ListItem","position":2,"name":"Magazin","item":"https:\/\/www.zoko.ro\/magazin\/"},{"@type":"ListItem","position":3,"name":"Organizator pentru frigider sau raft Extensibil, Gonga\u00ae"}]},{"@type":"WebSite","@id":"https:\/\/www.zoko.ro\/#website","url":"https:\/\/www.zoko.ro\/","name":"ZOKO.ro","description":"Cump\u0103r\u0103 inteligent","publisher":{"@id":"https:\/\/www.zoko.ro\/#organization"},"potentialAction":[{"@type":"SearchAction","target":{"@type":"EntryPoint","urlTemplate":"https:\/\/www.zoko.ro\/?s={search_term_string}"},"query-input":{"@type":"PropertyValueSpecification","valueRequired":true,"valueName":"search_term_string"}}],"inLanguage":"en-GB"},{"@type":"Organization","@id":"https:\/\/www.zoko.ro\/#organization","name":"ZOKO","url":"https:\/\/www.zoko.ro\/","logo":{"@type":"ImageObject","inLanguage":"en-GB","@id":"https:\/\/www.zoko.ro\/#\/schema\/logo\/image\/","url":"https:\/\/www.zoko.ro\/wp-content\/uploads\/2025\/03\/logo1.svg","contentUrl":"https:\/\/www.zoko.ro\/wp-content\/uploads\/2025\/03\/logo1.svg","width":799,"height":216,"caption":"ZOKO"},"image":{"@id":"https:\/\/www.zoko.ro\/#\/schema\/logo\/image\/"},"sameAs":["https:\/\/www.facebook.com\/profile.php?id=61584344135075"]}]}},"_links":{"self":[{"href":"https:\/\/www.zoko.ro\/en\/wp-json\/wp\/v2\/product\/11884","targetHints":{"allow":["GET"]}}],"collection":[{"href":"https:\/\/www.zoko.ro\/en\/wp-json\/wp\/v2\/product"}],"about":[{"href":"https:\/\/www.zoko.ro\/en\/wp-json\/wp\/v2\/types\/product"}],"replies":[{"embeddable":true,"href":"https:\/\/www.zoko.ro\/en\/wp-json\/wp\/v2\/comments?post=11884"}],"version-history":[{"count":1,"href":"https:\/\/www.zoko.ro\/en\/wp-json\/wp\/v2\/product\/11884\/revisions"}],"predecessor-version":[{"id":11885,"href":"https:\/\/www.zoko.ro\/en\/wp-json\/wp\/v2\/product\/11884\/revisions\/11885"}],"wp:featuredmedia":[{"embeddable":true,"href":"https:\/\/www.zoko.ro\/en\/wp-json\/wp\/v2\/media\/11886"}],"wp:attachment":[{"href":"https:\/\/www.zoko.ro\/en\/wp-json\/wp\/v2\/media?parent=11884"}],"wp:term":[{"taxonomy":"product_brand","embeddable":true,"href":"https:\/\/www.zoko.ro\/en\/wp-json\/wp\/v2\/product_brand?post=11884"},{"taxonomy":"product_cat","embeddable":true,"href":"https:\/\/www.zoko.ro\/en\/wp-json\/wp\/v2\/product_cat?post=11884"},{"taxonomy":"product_tag","embeddable":true,"href":"https:\/\/www.zoko.ro\/en\/wp-json\/wp\/v2\/product_tag?post=11884"}],"curies":[{"name":"wp","href":"https:\/\/api.w.org\/{rel}","templated":true}]}}