{"id":11935,"date":"2026-04-28T23:34:56","date_gmt":"2026-04-28T21:34:56","guid":{"rendered":"https:\/\/www.zoko.ro\/p\/set-2-sosete-hidratante-pentru-picioare-gonga\/"},"modified":"2026-04-28T23:34:56","modified_gmt":"2026-04-28T21:34:56","slug":"set-2-sosete-hidratante-pentru-picioare-gonga","status":"publish","type":"product","link":"https:\/\/www.zoko.ro\/en\/p\/set-2-sosete-hidratante-pentru-picioare-gonga\/","title":{"rendered":"Set 2 sosete hidratante, pentru picioare, Gonga\u00ae"},"content":{"rendered":"<p><strong>Culoare:<\/strong> Alb<\/p>\n<p>\u0218osete hidratante ce vor face ca picioarele tale s\u0103 devin\u0103 netede \u0219i moi la atingere \u00een doar c\u00e2teva zile.<\/p>\n<\/p>\n<p><strong>Caracteristici \u0219i specifica\u021bii ale produsului:<\/strong><\/p>\n<\/p>\n<ul>\n<li>Masca hidratant\u0103 are un efect similar cu o pedichiur\u0103 complet\u0103 \u0219i un peeling, hidrat\u00e2nd eficient epiderma uscat\u0103.<\/li>\n<li>Foarte u\u0219or de utilizat \u0219i potrivit\u0103 at\u00e2t pentru femei, c\u00e2t \u0219i pentru b\u0103rba\u021bi.<\/li>\n<li>Pentru men\u021binerea efectului de picioare netede, masca poate fi repetat\u0103 la fiecare 30 de zile.<\/li>\n<li>Cantitate: 2 buc\u0103\u021bi (1 pereche)<\/li>\n<li>Ambalare: folie<\/li>\n<\/ul>\n<p><strong>Instruc\u021biuni de utilizare:<\/strong><\/p>\n<\/p>\n<ol>\n<li>Deschide\u021bi ambalajul sigilat.<\/li>\n<li>Pune\u021bi m\u0103\u0219tile pe picioare.<\/li>\n<li>\u00cembr\u0103ca\u021bi \u0219osete de bumbac deasupra, astfel \u00eenc\u00e2t m\u0103\u0219tile s\u0103 se potriveasc\u0103 perfect pe piele, permi\u021b\u00e2ndu-v\u0103 s\u0103 mi\u0219ca\u021bi liber picioarele.<\/li>\n<li>L\u0103sa\u021bi m\u0103\u0219tile pe picioare timp de 45-60 de minute.<\/li>\n<li>Dup\u0103 acest interval, \u00eendep\u0103rta\u021bi m\u0103\u0219tile \u0219i cl\u0103ti\u021bi bine picioarele cu ap\u0103 curat\u0103, f\u0103r\u0103 a folosi agen\u021bi de cur\u0103\u021bare. Evita\u021bi utilizarea r\u0103z\u0103toarelor sau a pietrelor ponce!<\/li>\n<li>\u00centre a 4-a \u0219i a 7-a zi, pielea grosier\u0103 \u00eencepe s\u0103 se desprind\u0103.<\/li>\n<\/ol>","protected":false},"excerpt":{"rendered":"<p>Culoare: Alb \u0218osete hidratante ce vor face ca picioarele tale s\u0103 devin\u0103 netede \u0219i moi la atingere \u00een doar c\u00e2teva<\/p>","protected":false},"featured_media":11937,"comment_status":"open","ping_status":"open","template":"","meta":[],"product_brand":[],"product_cat":[99,118,114],"product_tag":[104],"class_list":{"0":"post-11935","1":"product","2":"type-product","3":"status-publish","4":"has-post-thumbnail","6":"product_cat-acasa","7":"product_cat-cosmetice-produse-ingrijire-personala","8":"product_cat-ingrijire-personala-cosmetice","9":"product_tag-in-stoc","10":"pa_culoare-alb","12":"first","13":"instock","14":"sale","15":"purchasable","16":"product-type-simple"},"yoast_head":"<!-- This site is optimized with the Yoast SEO plugin v27.2 - https:\/\/yoast.com\/product\/yoast-seo-wordpress\/ -->\n<title>Set 2 sosete hidratante, pentru picioare, Gonga\u00ae | ZOKO<\/title>\n<meta name=\"robots\" content=\"index, follow, max-snippet:-1, max-image-preview:large, max-video-preview:-1\" \/>\n<link rel=\"canonical\" href=\"https:\/\/www.zoko.ro\/en\/p\/set-2-sosete-hidratante-pentru-picioare-gonga\/\" \/>\n<meta property=\"og:locale\" content=\"en_GB\" \/>\n<meta property=\"og:type\" content=\"article\" \/>\n<meta property=\"og:title\" content=\"Set 2 sosete hidratante, pentru picioare, Gonga\u00ae | ZOKO\" \/>\n<meta property=\"og:description\" content=\"Culoare: Alb \u0218osete hidratante ce vor face ca picioarele tale s\u0103 devin\u0103 netede \u0219i moi la atingere \u00een doar c\u00e2teva\" \/>\n<meta property=\"og:url\" content=\"https:\/\/www.zoko.ro\/en\/p\/set-2-sosete-hidratante-pentru-picioare-gonga\/\" \/>\n<meta property=\"og:site_name\" content=\"ZOKO\" \/>\n<meta property=\"article:publisher\" content=\"https:\/\/www.facebook.com\/profile.php?id=61584344135075\" \/>\n<meta property=\"og:image\" content=\"https:\/\/www.zoko.ro\/wp-content\/uploads\/2025\/03\/set-2-sosete-hidratante-pentru-picioare-gonga.jpg\" \/>\n\t<meta property=\"og:image:width\" content=\"1191\" \/>\n\t<meta property=\"og:image:height\" content=\"1200\" \/>\n\t<meta property=\"og:image:type\" content=\"image\/jpeg\" \/>\n<meta name=\"twitter:card\" content=\"summary_large_image\" \/>\n<meta name=\"twitter:label1\" content=\"Estimated reading time\" \/>\n\t<meta name=\"twitter:data1\" content=\"1 minute\" \/>\n<script type=\"application\/ld+json\" class=\"yoast-schema-graph\">{\"@context\":\"https:\/\/schema.org\",\"@graph\":[{\"@type\":\"WebPage\",\"@id\":\"https:\/\/www.zoko.ro\/p\/set-2-sosete-hidratante-pentru-picioare-gonga\/\",\"url\":\"https:\/\/www.zoko.ro\/p\/set-2-sosete-hidratante-pentru-picioare-gonga\/\",\"name\":\"Set 2 sosete hidratante, pentru picioare, Gonga\u00ae | ZOKO\",\"isPartOf\":{\"@id\":\"https:\/\/www.zoko.ro\/#website\"},\"primaryImageOfPage\":{\"@id\":\"https:\/\/www.zoko.ro\/p\/set-2-sosete-hidratante-pentru-picioare-gonga\/#primaryimage\"},\"image\":{\"@id\":\"https:\/\/www.zoko.ro\/p\/set-2-sosete-hidratante-pentru-picioare-gonga\/#primaryimage\"},\"thumbnailUrl\":\"https:\/\/www.zoko.ro\/wp-content\/uploads\/2025\/03\/set-2-sosete-hidratante-pentru-picioare-gonga.jpg\",\"datePublished\":\"2026-04-28T21:34:56+00:00\",\"breadcrumb\":{\"@id\":\"https:\/\/www.zoko.ro\/p\/set-2-sosete-hidratante-pentru-picioare-gonga\/#breadcrumb\"},\"inLanguage\":\"en-GB\",\"potentialAction\":[{\"@type\":\"ReadAction\",\"target\":[\"https:\/\/www.zoko.ro\/p\/set-2-sosete-hidratante-pentru-picioare-gonga\/\"]}]},{\"@type\":\"ImageObject\",\"inLanguage\":\"en-GB\",\"@id\":\"https:\/\/www.zoko.ro\/p\/set-2-sosete-hidratante-pentru-picioare-gonga\/#primaryimage\",\"url\":\"https:\/\/www.zoko.ro\/wp-content\/uploads\/2025\/03\/set-2-sosete-hidratante-pentru-picioare-gonga.jpg\",\"contentUrl\":\"https:\/\/www.zoko.ro\/wp-content\/uploads\/2025\/03\/set-2-sosete-hidratante-pentru-picioare-gonga.jpg\",\"width\":1191,\"height\":1200},{\"@type\":\"BreadcrumbList\",\"@id\":\"https:\/\/www.zoko.ro\/p\/set-2-sosete-hidratante-pentru-picioare-gonga\/#breadcrumb\",\"itemListElement\":[{\"@type\":\"ListItem\",\"position\":1,\"name\":\"Home\",\"item\":\"https:\/\/www.zoko.ro\/\"},{\"@type\":\"ListItem\",\"position\":2,\"name\":\"Magazin\",\"item\":\"https:\/\/www.zoko.ro\/magazin\/\"},{\"@type\":\"ListItem\",\"position\":3,\"name\":\"Set 2 sosete hidratante, pentru picioare, Gonga\u00ae\"}]},{\"@type\":\"WebSite\",\"@id\":\"https:\/\/www.zoko.ro\/#website\",\"url\":\"https:\/\/www.zoko.ro\/\",\"name\":\"ZOKO.ro\",\"description\":\"Cump\u0103r\u0103 inteligent\",\"publisher\":{\"@id\":\"https:\/\/www.zoko.ro\/#organization\"},\"potentialAction\":[{\"@type\":\"SearchAction\",\"target\":{\"@type\":\"EntryPoint\",\"urlTemplate\":\"https:\/\/www.zoko.ro\/?s={search_term_string}\"},\"query-input\":{\"@type\":\"PropertyValueSpecification\",\"valueRequired\":true,\"valueName\":\"search_term_string\"}}],\"inLanguage\":\"en-GB\"},{\"@type\":\"Organization\",\"@id\":\"https:\/\/www.zoko.ro\/#organization\",\"name\":\"ZOKO\",\"url\":\"https:\/\/www.zoko.ro\/\",\"logo\":{\"@type\":\"ImageObject\",\"inLanguage\":\"en-GB\",\"@id\":\"https:\/\/www.zoko.ro\/#\/schema\/logo\/image\/\",\"url\":\"https:\/\/www.zoko.ro\/wp-content\/uploads\/2025\/03\/logo1.svg\",\"contentUrl\":\"https:\/\/www.zoko.ro\/wp-content\/uploads\/2025\/03\/logo1.svg\",\"width\":799,\"height\":216,\"caption\":\"ZOKO\"},\"image\":{\"@id\":\"https:\/\/www.zoko.ro\/#\/schema\/logo\/image\/\"},\"sameAs\":[\"https:\/\/www.facebook.com\/profile.php?id=61584344135075\"]}]}<\/script>\n<!-- \/ Yoast SEO plugin. -->","yoast_head_json":{"title":"Set 2 sosete hidratante, pentru picioare, Gonga\u00ae | ZOKO","robots":{"index":"index","follow":"follow","max-snippet":"max-snippet:-1","max-image-preview":"max-image-preview:large","max-video-preview":"max-video-preview:-1"},"canonical":"https:\/\/www.zoko.ro\/en\/p\/set-2-sosete-hidratante-pentru-picioare-gonga\/","og_locale":"en_GB","og_type":"article","og_title":"Set 2 sosete hidratante, pentru picioare, Gonga\u00ae | ZOKO","og_description":"Culoare: Alb \u0218osete hidratante ce vor face ca picioarele tale s\u0103 devin\u0103 netede \u0219i moi la atingere \u00een doar c\u00e2teva","og_url":"https:\/\/www.zoko.ro\/en\/p\/set-2-sosete-hidratante-pentru-picioare-gonga\/","og_site_name":"ZOKO","article_publisher":"https:\/\/www.facebook.com\/profile.php?id=61584344135075","og_image":[{"width":1191,"height":1200,"url":"https:\/\/www.zoko.ro\/wp-content\/uploads\/2025\/03\/set-2-sosete-hidratante-pentru-picioare-gonga.jpg","type":"image\/jpeg"}],"twitter_card":"summary_large_image","twitter_misc":{"Estimated reading time":"1 minute"},"schema":{"@context":"https:\/\/schema.org","@graph":[{"@type":"WebPage","@id":"https:\/\/www.zoko.ro\/p\/set-2-sosete-hidratante-pentru-picioare-gonga\/","url":"https:\/\/www.zoko.ro\/p\/set-2-sosete-hidratante-pentru-picioare-gonga\/","name":"Set 2 sosete hidratante, pentru picioare, Gonga\u00ae | ZOKO","isPartOf":{"@id":"https:\/\/www.zoko.ro\/#website"},"primaryImageOfPage":{"@id":"https:\/\/www.zoko.ro\/p\/set-2-sosete-hidratante-pentru-picioare-gonga\/#primaryimage"},"image":{"@id":"https:\/\/www.zoko.ro\/p\/set-2-sosete-hidratante-pentru-picioare-gonga\/#primaryimage"},"thumbnailUrl":"https:\/\/www.zoko.ro\/wp-content\/uploads\/2025\/03\/set-2-sosete-hidratante-pentru-picioare-gonga.jpg","datePublished":"2026-04-28T21:34:56+00:00","breadcrumb":{"@id":"https:\/\/www.zoko.ro\/p\/set-2-sosete-hidratante-pentru-picioare-gonga\/#breadcrumb"},"inLanguage":"en-GB","potentialAction":[{"@type":"ReadAction","target":["https:\/\/www.zoko.ro\/p\/set-2-sosete-hidratante-pentru-picioare-gonga\/"]}]},{"@type":"ImageObject","inLanguage":"en-GB","@id":"https:\/\/www.zoko.ro\/p\/set-2-sosete-hidratante-pentru-picioare-gonga\/#primaryimage","url":"https:\/\/www.zoko.ro\/wp-content\/uploads\/2025\/03\/set-2-sosete-hidratante-pentru-picioare-gonga.jpg","contentUrl":"https:\/\/www.zoko.ro\/wp-content\/uploads\/2025\/03\/set-2-sosete-hidratante-pentru-picioare-gonga.jpg","width":1191,"height":1200},{"@type":"BreadcrumbList","@id":"https:\/\/www.zoko.ro\/p\/set-2-sosete-hidratante-pentru-picioare-gonga\/#breadcrumb","itemListElement":[{"@type":"ListItem","position":1,"name":"Home","item":"https:\/\/www.zoko.ro\/"},{"@type":"ListItem","position":2,"name":"Magazin","item":"https:\/\/www.zoko.ro\/magazin\/"},{"@type":"ListItem","position":3,"name":"Set 2 sosete hidratante, pentru picioare, Gonga\u00ae"}]},{"@type":"WebSite","@id":"https:\/\/www.zoko.ro\/#website","url":"https:\/\/www.zoko.ro\/","name":"ZOKO.ro","description":"Cump\u0103r\u0103 inteligent","publisher":{"@id":"https:\/\/www.zoko.ro\/#organization"},"potentialAction":[{"@type":"SearchAction","target":{"@type":"EntryPoint","urlTemplate":"https:\/\/www.zoko.ro\/?s={search_term_string}"},"query-input":{"@type":"PropertyValueSpecification","valueRequired":true,"valueName":"search_term_string"}}],"inLanguage":"en-GB"},{"@type":"Organization","@id":"https:\/\/www.zoko.ro\/#organization","name":"ZOKO","url":"https:\/\/www.zoko.ro\/","logo":{"@type":"ImageObject","inLanguage":"en-GB","@id":"https:\/\/www.zoko.ro\/#\/schema\/logo\/image\/","url":"https:\/\/www.zoko.ro\/wp-content\/uploads\/2025\/03\/logo1.svg","contentUrl":"https:\/\/www.zoko.ro\/wp-content\/uploads\/2025\/03\/logo1.svg","width":799,"height":216,"caption":"ZOKO"},"image":{"@id":"https:\/\/www.zoko.ro\/#\/schema\/logo\/image\/"},"sameAs":["https:\/\/www.facebook.com\/profile.php?id=61584344135075"]}]}},"_links":{"self":[{"href":"https:\/\/www.zoko.ro\/en\/wp-json\/wp\/v2\/product\/11935","targetHints":{"allow":["GET"]}}],"collection":[{"href":"https:\/\/www.zoko.ro\/en\/wp-json\/wp\/v2\/product"}],"about":[{"href":"https:\/\/www.zoko.ro\/en\/wp-json\/wp\/v2\/types\/product"}],"replies":[{"embeddable":true,"href":"https:\/\/www.zoko.ro\/en\/wp-json\/wp\/v2\/comments?post=11935"}],"version-history":[{"count":1,"href":"https:\/\/www.zoko.ro\/en\/wp-json\/wp\/v2\/product\/11935\/revisions"}],"predecessor-version":[{"id":11936,"href":"https:\/\/www.zoko.ro\/en\/wp-json\/wp\/v2\/product\/11935\/revisions\/11936"}],"wp:featuredmedia":[{"embeddable":true,"href":"https:\/\/www.zoko.ro\/en\/wp-json\/wp\/v2\/media\/11937"}],"wp:attachment":[{"href":"https:\/\/www.zoko.ro\/en\/wp-json\/wp\/v2\/media?parent=11935"}],"wp:term":[{"taxonomy":"product_brand","embeddable":true,"href":"https:\/\/www.zoko.ro\/en\/wp-json\/wp\/v2\/product_brand?post=11935"},{"taxonomy":"product_cat","embeddable":true,"href":"https:\/\/www.zoko.ro\/en\/wp-json\/wp\/v2\/product_cat?post=11935"},{"taxonomy":"product_tag","embeddable":true,"href":"https:\/\/www.zoko.ro\/en\/wp-json\/wp\/v2\/product_tag?post=11935"}],"curies":[{"name":"wp","href":"https:\/\/api.w.org\/{rel}","templated":true}]}}