{"id":11949,"date":"2026-04-28T23:34:56","date_gmt":"2026-04-28T21:34:56","guid":{"rendered":"https:\/\/www.zoko.ro\/p\/perie-cu-recipient-pentru-detergent-si-solutii-de-curatat-pentru-spalat-covoare-si-suprafete-multiple-11-5-x-5-5-cm-gonga\/"},"modified":"2026-04-28T23:34:56","modified_gmt":"2026-04-28T21:34:56","slug":"perie-cu-recipient-pentru-detergent-si-solutii-de-curatat-pentru-spalat-covoare-si-suprafete-multiple-11-5-x-5-5-cm-gonga","status":"publish","type":"product","link":"https:\/\/www.zoko.ro\/en\/p\/perie-cu-recipient-pentru-detergent-si-solutii-de-curatat-pentru-spalat-covoare-si-suprafete-multiple-11-5-x-5-5-cm-gonga\/","title":{"rendered":"Perie cu recipient pentru detergent si solutii de curatat pentru spalat covoare si suprafete multiple, 11.5 x 5.5 cm, Gonga\u00ae"},"content":{"rendered":"<p><strong>Culoare:<\/strong> Albastru<\/p>\n<p>Perie practic\u0103 pentru cur\u0103\u021barea umed\u0103 a suprafe\u021belor<\/p>\n<p>Aceast\u0103 perie este conceput\u0103 pentru cur\u0103\u021barea umed\u0103 a suprafe\u021belor, fiind echipat\u0103 cu un recipient suplimentar pentru lichid sau detergent. Perii densi faciliteaz\u0103 \u00eendep\u0103rtarea murd\u0103riei \u00eenc\u0103p\u0103\u021b\u00e2nate. Distribuirea lichidului se face rapid \u0219i convenabil printr-un buton din silicon. De asemenea, un \u0219nur suplimentar permite ag\u0103\u021barea periei oriunde.<\/p>\n<\/p>\n<p><strong>Caracteristici \u0219i specifica\u021bii ale produsului:<\/strong><\/p>\n<\/p>\n<ul>\n<li>Perie practic\u0103 pentru cur\u0103\u021barea umed\u0103 a suprafe\u021belor.<\/li>\n<li>Echipat\u0103 cu un recipient suplimentar pentru lichid sau detergent.<\/li>\n<li>Perii densi faciliteaz\u0103 cur\u0103\u021barea murd\u0103riei \u00eenc\u0103p\u0103\u021b\u00e2nate.<\/li>\n<li>Mod convenabil de a distribui lichidul printr-un buton din silicon.<\/li>\n<li>Snur suplimentar pentru ag\u0103\u021barea periei oriunde.<\/li>\n<li>Material: plastic + silicon\u00a0<\/li>\n<li>Dimensiuni: 12 cm x 5,5 cm x 5,8 cm<\/li>\n<li>Culoare: albastru<\/li>\n<li>Ambalare: folie<\/li>\n<\/ul>","protected":false},"excerpt":{"rendered":"<p>Culoare: Albastru Perie practic\u0103 pentru cur\u0103\u021barea umed\u0103 a suprafe\u021belor Aceast\u0103 perie este conceput\u0103 pentru cur\u0103\u021barea umed\u0103 a suprafe\u021belor, fiind echipat\u0103<\/p>","protected":false},"featured_media":11951,"comment_status":"open","ping_status":"open","template":"","meta":[],"product_brand":[],"product_cat":[99,100,105,159],"product_tag":[],"class_list":{"0":"post-11949","1":"product","2":"type-product","3":"status-publish","4":"has-post-thumbnail","6":"product_cat-acasa","7":"product_cat-casa-gradina","8":"product_cat-curatenie-intretinere-casa","9":"product_cat-mopuri-si-accesorii","10":"pa_culoare-albastru","12":"first","13":"outofstock","14":"sale","15":"purchasable","16":"product-type-simple"},"yoast_head":"<!-- This site is optimized with the Yoast SEO plugin v27.2 - https:\/\/yoast.com\/product\/yoast-seo-wordpress\/ -->\n<title>Perie cu recipient pentru detergent si solutii de curatat pentru spalat covoare si suprafete multiple, 11.5 x 5.5 cm, Gonga\u00ae | ZOKO<\/title>\n<meta name=\"robots\" content=\"index, follow, max-snippet:-1, max-image-preview:large, max-video-preview:-1\" \/>\n<link rel=\"canonical\" href=\"https:\/\/www.zoko.ro\/en\/p\/perie-cu-recipient-pentru-detergent-si-solutii-de-curatat-pentru-spalat-covoare-si-suprafete-multiple-11-5-x-5-5-cm-gonga\/\" \/>\n<meta property=\"og:locale\" content=\"en_GB\" \/>\n<meta property=\"og:type\" content=\"article\" \/>\n<meta property=\"og:title\" content=\"Perie cu recipient pentru detergent si solutii de curatat pentru spalat covoare si suprafete multiple, 11.5 x 5.5 cm, Gonga\u00ae | ZOKO\" \/>\n<meta property=\"og:description\" content=\"Culoare: Albastru Perie practic\u0103 pentru cur\u0103\u021barea umed\u0103 a suprafe\u021belor Aceast\u0103 perie este conceput\u0103 pentru cur\u0103\u021barea umed\u0103 a suprafe\u021belor, fiind echipat\u0103\" \/>\n<meta property=\"og:url\" content=\"https:\/\/www.zoko.ro\/en\/p\/perie-cu-recipient-pentru-detergent-si-solutii-de-curatat-pentru-spalat-covoare-si-suprafete-multiple-11-5-x-5-5-cm-gonga\/\" \/>\n<meta property=\"og:site_name\" content=\"ZOKO\" \/>\n<meta property=\"article:publisher\" content=\"https:\/\/www.facebook.com\/profile.php?id=61584344135075\" \/>\n<meta property=\"og:image\" content=\"https:\/\/www.zoko.ro\/wp-content\/uploads\/2025\/03\/perie-cu-recipient-pentru-detergent-si-solutii-de-curatat-pentru-spalat-covoare-si-suprafete-multiple-115-x-55-cm-gonga.jpg\" \/>\n\t<meta property=\"og:image:width\" content=\"1200\" \/>\n\t<meta property=\"og:image:height\" content=\"1135\" \/>\n\t<meta property=\"og:image:type\" content=\"image\/jpeg\" \/>\n<meta name=\"twitter:card\" content=\"summary_large_image\" \/>\n<meta name=\"twitter:label1\" content=\"Estimated reading time\" \/>\n\t<meta name=\"twitter:data1\" content=\"1 minute\" \/>\n<script type=\"application\/ld+json\" class=\"yoast-schema-graph\">{\"@context\":\"https:\/\/schema.org\",\"@graph\":[{\"@type\":\"WebPage\",\"@id\":\"https:\/\/www.zoko.ro\/p\/perie-cu-recipient-pentru-detergent-si-solutii-de-curatat-pentru-spalat-covoare-si-suprafete-multiple-11-5-x-5-5-cm-gonga\/\",\"url\":\"https:\/\/www.zoko.ro\/p\/perie-cu-recipient-pentru-detergent-si-solutii-de-curatat-pentru-spalat-covoare-si-suprafete-multiple-11-5-x-5-5-cm-gonga\/\",\"name\":\"Perie cu recipient pentru detergent si solutii de curatat pentru spalat covoare si suprafete multiple, 11.5 x 5.5 cm, Gonga\u00ae | ZOKO\",\"isPartOf\":{\"@id\":\"https:\/\/www.zoko.ro\/#website\"},\"primaryImageOfPage\":{\"@id\":\"https:\/\/www.zoko.ro\/p\/perie-cu-recipient-pentru-detergent-si-solutii-de-curatat-pentru-spalat-covoare-si-suprafete-multiple-11-5-x-5-5-cm-gonga\/#primaryimage\"},\"image\":{\"@id\":\"https:\/\/www.zoko.ro\/p\/perie-cu-recipient-pentru-detergent-si-solutii-de-curatat-pentru-spalat-covoare-si-suprafete-multiple-11-5-x-5-5-cm-gonga\/#primaryimage\"},\"thumbnailUrl\":\"https:\/\/www.zoko.ro\/wp-content\/uploads\/2025\/03\/perie-cu-recipient-pentru-detergent-si-solutii-de-curatat-pentru-spalat-covoare-si-suprafete-multiple-115-x-55-cm-gonga.jpg\",\"datePublished\":\"2026-04-28T21:34:56+00:00\",\"breadcrumb\":{\"@id\":\"https:\/\/www.zoko.ro\/p\/perie-cu-recipient-pentru-detergent-si-solutii-de-curatat-pentru-spalat-covoare-si-suprafete-multiple-11-5-x-5-5-cm-gonga\/#breadcrumb\"},\"inLanguage\":\"en-GB\",\"potentialAction\":[{\"@type\":\"ReadAction\",\"target\":[\"https:\/\/www.zoko.ro\/p\/perie-cu-recipient-pentru-detergent-si-solutii-de-curatat-pentru-spalat-covoare-si-suprafete-multiple-11-5-x-5-5-cm-gonga\/\"]}]},{\"@type\":\"ImageObject\",\"inLanguage\":\"en-GB\",\"@id\":\"https:\/\/www.zoko.ro\/p\/perie-cu-recipient-pentru-detergent-si-solutii-de-curatat-pentru-spalat-covoare-si-suprafete-multiple-11-5-x-5-5-cm-gonga\/#primaryimage\",\"url\":\"https:\/\/www.zoko.ro\/wp-content\/uploads\/2025\/03\/perie-cu-recipient-pentru-detergent-si-solutii-de-curatat-pentru-spalat-covoare-si-suprafete-multiple-115-x-55-cm-gonga.jpg\",\"contentUrl\":\"https:\/\/www.zoko.ro\/wp-content\/uploads\/2025\/03\/perie-cu-recipient-pentru-detergent-si-solutii-de-curatat-pentru-spalat-covoare-si-suprafete-multiple-115-x-55-cm-gonga.jpg\",\"width\":1200,\"height\":1135},{\"@type\":\"BreadcrumbList\",\"@id\":\"https:\/\/www.zoko.ro\/p\/perie-cu-recipient-pentru-detergent-si-solutii-de-curatat-pentru-spalat-covoare-si-suprafete-multiple-11-5-x-5-5-cm-gonga\/#breadcrumb\",\"itemListElement\":[{\"@type\":\"ListItem\",\"position\":1,\"name\":\"Home\",\"item\":\"https:\/\/www.zoko.ro\/\"},{\"@type\":\"ListItem\",\"position\":2,\"name\":\"Magazin\",\"item\":\"https:\/\/www.zoko.ro\/magazin\/\"},{\"@type\":\"ListItem\",\"position\":3,\"name\":\"Perie cu recipient pentru detergent si solutii de curatat pentru spalat covoare si suprafete multiple, 11.5 x 5.5 cm, Gonga\u00ae\"}]},{\"@type\":\"WebSite\",\"@id\":\"https:\/\/www.zoko.ro\/#website\",\"url\":\"https:\/\/www.zoko.ro\/\",\"name\":\"ZOKO.ro\",\"description\":\"Cump\u0103r\u0103 inteligent\",\"publisher\":{\"@id\":\"https:\/\/www.zoko.ro\/#organization\"},\"potentialAction\":[{\"@type\":\"SearchAction\",\"target\":{\"@type\":\"EntryPoint\",\"urlTemplate\":\"https:\/\/www.zoko.ro\/?s={search_term_string}\"},\"query-input\":{\"@type\":\"PropertyValueSpecification\",\"valueRequired\":true,\"valueName\":\"search_term_string\"}}],\"inLanguage\":\"en-GB\"},{\"@type\":\"Organization\",\"@id\":\"https:\/\/www.zoko.ro\/#organization\",\"name\":\"ZOKO\",\"url\":\"https:\/\/www.zoko.ro\/\",\"logo\":{\"@type\":\"ImageObject\",\"inLanguage\":\"en-GB\",\"@id\":\"https:\/\/www.zoko.ro\/#\/schema\/logo\/image\/\",\"url\":\"https:\/\/www.zoko.ro\/wp-content\/uploads\/2025\/03\/logo1.svg\",\"contentUrl\":\"https:\/\/www.zoko.ro\/wp-content\/uploads\/2025\/03\/logo1.svg\",\"width\":799,\"height\":216,\"caption\":\"ZOKO\"},\"image\":{\"@id\":\"https:\/\/www.zoko.ro\/#\/schema\/logo\/image\/\"},\"sameAs\":[\"https:\/\/www.facebook.com\/profile.php?id=61584344135075\"]}]}<\/script>\n<!-- \/ Yoast SEO plugin. -->","yoast_head_json":{"title":"Perie cu recipient pentru detergent si solutii de curatat pentru spalat covoare si suprafete multiple, 11.5 x 5.5 cm, Gonga\u00ae | ZOKO","robots":{"index":"index","follow":"follow","max-snippet":"max-snippet:-1","max-image-preview":"max-image-preview:large","max-video-preview":"max-video-preview:-1"},"canonical":"https:\/\/www.zoko.ro\/en\/p\/perie-cu-recipient-pentru-detergent-si-solutii-de-curatat-pentru-spalat-covoare-si-suprafete-multiple-11-5-x-5-5-cm-gonga\/","og_locale":"en_GB","og_type":"article","og_title":"Perie cu recipient pentru detergent si solutii de curatat pentru spalat covoare si suprafete multiple, 11.5 x 5.5 cm, Gonga\u00ae | ZOKO","og_description":"Culoare: Albastru Perie practic\u0103 pentru cur\u0103\u021barea umed\u0103 a suprafe\u021belor Aceast\u0103 perie este conceput\u0103 pentru cur\u0103\u021barea umed\u0103 a suprafe\u021belor, fiind echipat\u0103","og_url":"https:\/\/www.zoko.ro\/en\/p\/perie-cu-recipient-pentru-detergent-si-solutii-de-curatat-pentru-spalat-covoare-si-suprafete-multiple-11-5-x-5-5-cm-gonga\/","og_site_name":"ZOKO","article_publisher":"https:\/\/www.facebook.com\/profile.php?id=61584344135075","og_image":[{"width":1200,"height":1135,"url":"https:\/\/www.zoko.ro\/wp-content\/uploads\/2025\/03\/perie-cu-recipient-pentru-detergent-si-solutii-de-curatat-pentru-spalat-covoare-si-suprafete-multiple-115-x-55-cm-gonga.jpg","type":"image\/jpeg"}],"twitter_card":"summary_large_image","twitter_misc":{"Estimated reading time":"1 minute"},"schema":{"@context":"https:\/\/schema.org","@graph":[{"@type":"WebPage","@id":"https:\/\/www.zoko.ro\/p\/perie-cu-recipient-pentru-detergent-si-solutii-de-curatat-pentru-spalat-covoare-si-suprafete-multiple-11-5-x-5-5-cm-gonga\/","url":"https:\/\/www.zoko.ro\/p\/perie-cu-recipient-pentru-detergent-si-solutii-de-curatat-pentru-spalat-covoare-si-suprafete-multiple-11-5-x-5-5-cm-gonga\/","name":"Perie cu recipient pentru detergent si solutii de curatat pentru spalat covoare si suprafete multiple, 11.5 x 5.5 cm, Gonga\u00ae | ZOKO","isPartOf":{"@id":"https:\/\/www.zoko.ro\/#website"},"primaryImageOfPage":{"@id":"https:\/\/www.zoko.ro\/p\/perie-cu-recipient-pentru-detergent-si-solutii-de-curatat-pentru-spalat-covoare-si-suprafete-multiple-11-5-x-5-5-cm-gonga\/#primaryimage"},"image":{"@id":"https:\/\/www.zoko.ro\/p\/perie-cu-recipient-pentru-detergent-si-solutii-de-curatat-pentru-spalat-covoare-si-suprafete-multiple-11-5-x-5-5-cm-gonga\/#primaryimage"},"thumbnailUrl":"https:\/\/www.zoko.ro\/wp-content\/uploads\/2025\/03\/perie-cu-recipient-pentru-detergent-si-solutii-de-curatat-pentru-spalat-covoare-si-suprafete-multiple-115-x-55-cm-gonga.jpg","datePublished":"2026-04-28T21:34:56+00:00","breadcrumb":{"@id":"https:\/\/www.zoko.ro\/p\/perie-cu-recipient-pentru-detergent-si-solutii-de-curatat-pentru-spalat-covoare-si-suprafete-multiple-11-5-x-5-5-cm-gonga\/#breadcrumb"},"inLanguage":"en-GB","potentialAction":[{"@type":"ReadAction","target":["https:\/\/www.zoko.ro\/p\/perie-cu-recipient-pentru-detergent-si-solutii-de-curatat-pentru-spalat-covoare-si-suprafete-multiple-11-5-x-5-5-cm-gonga\/"]}]},{"@type":"ImageObject","inLanguage":"en-GB","@id":"https:\/\/www.zoko.ro\/p\/perie-cu-recipient-pentru-detergent-si-solutii-de-curatat-pentru-spalat-covoare-si-suprafete-multiple-11-5-x-5-5-cm-gonga\/#primaryimage","url":"https:\/\/www.zoko.ro\/wp-content\/uploads\/2025\/03\/perie-cu-recipient-pentru-detergent-si-solutii-de-curatat-pentru-spalat-covoare-si-suprafete-multiple-115-x-55-cm-gonga.jpg","contentUrl":"https:\/\/www.zoko.ro\/wp-content\/uploads\/2025\/03\/perie-cu-recipient-pentru-detergent-si-solutii-de-curatat-pentru-spalat-covoare-si-suprafete-multiple-115-x-55-cm-gonga.jpg","width":1200,"height":1135},{"@type":"BreadcrumbList","@id":"https:\/\/www.zoko.ro\/p\/perie-cu-recipient-pentru-detergent-si-solutii-de-curatat-pentru-spalat-covoare-si-suprafete-multiple-11-5-x-5-5-cm-gonga\/#breadcrumb","itemListElement":[{"@type":"ListItem","position":1,"name":"Home","item":"https:\/\/www.zoko.ro\/"},{"@type":"ListItem","position":2,"name":"Magazin","item":"https:\/\/www.zoko.ro\/magazin\/"},{"@type":"ListItem","position":3,"name":"Perie cu recipient pentru detergent si solutii de curatat pentru spalat covoare si suprafete multiple, 11.5 x 5.5 cm, Gonga\u00ae"}]},{"@type":"WebSite","@id":"https:\/\/www.zoko.ro\/#website","url":"https:\/\/www.zoko.ro\/","name":"ZOKO.ro","description":"Cump\u0103r\u0103 inteligent","publisher":{"@id":"https:\/\/www.zoko.ro\/#organization"},"potentialAction":[{"@type":"SearchAction","target":{"@type":"EntryPoint","urlTemplate":"https:\/\/www.zoko.ro\/?s={search_term_string}"},"query-input":{"@type":"PropertyValueSpecification","valueRequired":true,"valueName":"search_term_string"}}],"inLanguage":"en-GB"},{"@type":"Organization","@id":"https:\/\/www.zoko.ro\/#organization","name":"ZOKO","url":"https:\/\/www.zoko.ro\/","logo":{"@type":"ImageObject","inLanguage":"en-GB","@id":"https:\/\/www.zoko.ro\/#\/schema\/logo\/image\/","url":"https:\/\/www.zoko.ro\/wp-content\/uploads\/2025\/03\/logo1.svg","contentUrl":"https:\/\/www.zoko.ro\/wp-content\/uploads\/2025\/03\/logo1.svg","width":799,"height":216,"caption":"ZOKO"},"image":{"@id":"https:\/\/www.zoko.ro\/#\/schema\/logo\/image\/"},"sameAs":["https:\/\/www.facebook.com\/profile.php?id=61584344135075"]}]}},"_links":{"self":[{"href":"https:\/\/www.zoko.ro\/en\/wp-json\/wp\/v2\/product\/11949","targetHints":{"allow":["GET"]}}],"collection":[{"href":"https:\/\/www.zoko.ro\/en\/wp-json\/wp\/v2\/product"}],"about":[{"href":"https:\/\/www.zoko.ro\/en\/wp-json\/wp\/v2\/types\/product"}],"replies":[{"embeddable":true,"href":"https:\/\/www.zoko.ro\/en\/wp-json\/wp\/v2\/comments?post=11949"}],"version-history":[{"count":1,"href":"https:\/\/www.zoko.ro\/en\/wp-json\/wp\/v2\/product\/11949\/revisions"}],"predecessor-version":[{"id":11950,"href":"https:\/\/www.zoko.ro\/en\/wp-json\/wp\/v2\/product\/11949\/revisions\/11950"}],"wp:featuredmedia":[{"embeddable":true,"href":"https:\/\/www.zoko.ro\/en\/wp-json\/wp\/v2\/media\/11951"}],"wp:attachment":[{"href":"https:\/\/www.zoko.ro\/en\/wp-json\/wp\/v2\/media?parent=11949"}],"wp:term":[{"taxonomy":"product_brand","embeddable":true,"href":"https:\/\/www.zoko.ro\/en\/wp-json\/wp\/v2\/product_brand?post=11949"},{"taxonomy":"product_cat","embeddable":true,"href":"https:\/\/www.zoko.ro\/en\/wp-json\/wp\/v2\/product_cat?post=11949"},{"taxonomy":"product_tag","embeddable":true,"href":"https:\/\/www.zoko.ro\/en\/wp-json\/wp\/v2\/product_tag?post=11949"}],"curies":[{"name":"wp","href":"https:\/\/api.w.org\/{rel}","templated":true}]}}