{"id":11966,"date":"2026-04-28T23:34:57","date_gmt":"2026-04-28T21:34:57","guid":{"rendered":"https:\/\/www.zoko.ro\/p\/cleste-multifunctional-pliabil-6-in-1-gonga\/"},"modified":"2026-04-28T23:34:57","modified_gmt":"2026-04-28T21:34:57","slug":"cleste-multifunctional-pliabil-6-in-1-gonga","status":"publish","type":"product","link":"https:\/\/www.zoko.ro\/en\/p\/cleste-multifunctional-pliabil-6-in-1-gonga\/","title":{"rendered":"Cleste multifunctional, pliabil 6 in 1, Gonga\u00ae"},"content":{"rendered":"<p><strong>Culoare:<\/strong> Rosu<\/p>\n<p>Unealt\u0103 multifunc\u021bional\u0103 compact\u0103 6 \u00een 1 cu multiple posibilit\u0103\u021bi!<\/p>\n<\/p>\n<p>Aceast\u0103 unealt\u0103 multifunc\u021bional\u0103 6 \u00een 1 este esen\u021bial\u0103 \u00een orice situa\u021bie de urgen\u021b\u0103 \u0219i o po\u021bi avea mereu la tine! Fabricat\u0103 din o\u021bel inoxidabil de \u00eenalt\u0103 duritate, este echipat\u0103 cu cele mai utile unelte din via\u021ba de zi cu zi, toate ambalate \u00eentr-o carcas\u0103 solid\u0103 din o\u021bel. Instrumentul include \u0219i o lantern\u0103 integrat\u0103 pentru iluminarea convenabil\u0103 a spa\u021biului de lucru. De asemenea, dispune de un breloc suplimentar, astfel \u00eenc\u00e2t o po\u021bi ata\u0219a la haine sau la chei, fiind la \u00eendem\u00e2n\u0103 oric\u00e2nd ai nevoie.<\/p>\n<p>Setul include \u0219i o carcas\u0103 de protec\u021bie! Este cadoul perfect pentru orice b\u0103rbat!<\/p>\n<p>Deschide o bere, taie o felie de p\u00e2ine, planteaz\u0103 un copac sau construie\u0219te o cas\u0103 cu aceast\u0103 unealt\u0103 mic\u0103, care se potrive\u0219te perfect \u00een buzunarul pantalonilor!<\/p>\n<\/p>\n<p><strong>Caracteristici \u0219i specifica\u021bii ale produsului:<\/strong><\/p>\n<\/p>\n<ul>\n<li>Un instrument fiabil \u0219i versatil, potrivit pentru numeroase aplica\u021bii \u2013 acas\u0103, la serviciu, \u00een c\u0103l\u0103torii sau \u00een excursii.<\/li>\n<li>Con\u021bine o serie de unelte utile, indispensabile \u00een excursii, tabere, camping sau alte activit\u0103\u021bi \u00een aer liber.<\/li>\n<li>Fabricat din o\u021bel inoxidabil de \u00eenalt\u0103 duritate, ce asigur\u0103 o durabilitate excelent\u0103.<\/li>\n<li>C\u00e2nd este pliat, ocup\u0103 pu\u021bin spa\u021biu, fiind u\u0219or de transportat \u00een buzunar, rucsac sau torpedoul ma\u0219inii.<\/li>\n<li>Cadou ideal pentru b\u0103rba\u021bi, livrat \u00eentr-o cutie practic\u0103 de depozitare!<\/li>\n<\/ul>\n<p><strong>Specifica\u021bii:<\/strong><\/p>\n<\/p>\n<p>&#8211; Dimensiuni (pliat): 7,3 cm x 3 cm x 1,3 cm<\/p>\n<p>&#8211; Lungime (deschis): 14 cm<\/p>\n<p>&#8211; Culoare: ro\u0219u<\/p>","protected":false},"excerpt":{"rendered":"<p>Culoare: Rosu Unealt\u0103 multifunc\u021bional\u0103 compact\u0103 6 \u00een 1 cu multiple posibilit\u0103\u021bi! Aceast\u0103 unealt\u0103 multifunc\u021bional\u0103 6 \u00een 1 este esen\u021bial\u0103 \u00een<\/p>","protected":false},"featured_media":11968,"comment_status":"open","ping_status":"open","template":"","meta":[],"product_brand":[],"product_cat":[99,111,102],"product_tag":[104],"class_list":{"0":"post-11966","1":"product","2":"type-product","3":"status-publish","4":"has-post-thumbnail","6":"product_cat-acasa","7":"product_cat-camping-si-drumetii","8":"product_cat-sport-activitati-in-aer-liber","9":"product_tag-in-stoc","10":"pa_culoare-rosu","12":"first","13":"instock","14":"sale","15":"purchasable","16":"product-type-simple"},"yoast_head":"<!-- This site is optimized with the Yoast SEO plugin v27.2 - https:\/\/yoast.com\/product\/yoast-seo-wordpress\/ -->\n<title>Cleste multifunctional, pliabil 6 in 1, Gonga\u00ae | ZOKO<\/title>\n<meta name=\"robots\" content=\"index, follow, max-snippet:-1, max-image-preview:large, max-video-preview:-1\" \/>\n<link rel=\"canonical\" href=\"https:\/\/www.zoko.ro\/en\/p\/cleste-multifunctional-pliabil-6-in-1-gonga\/\" \/>\n<meta property=\"og:locale\" content=\"en_GB\" \/>\n<meta property=\"og:type\" content=\"article\" \/>\n<meta property=\"og:title\" content=\"Cleste multifunctional, pliabil 6 in 1, Gonga\u00ae | ZOKO\" \/>\n<meta property=\"og:description\" content=\"Culoare: Rosu Unealt\u0103 multifunc\u021bional\u0103 compact\u0103 6 \u00een 1 cu multiple posibilit\u0103\u021bi! Aceast\u0103 unealt\u0103 multifunc\u021bional\u0103 6 \u00een 1 este esen\u021bial\u0103 \u00een\" \/>\n<meta property=\"og:url\" content=\"https:\/\/www.zoko.ro\/en\/p\/cleste-multifunctional-pliabil-6-in-1-gonga\/\" \/>\n<meta property=\"og:site_name\" content=\"ZOKO\" \/>\n<meta property=\"article:publisher\" content=\"https:\/\/www.facebook.com\/profile.php?id=61584344135075\" \/>\n<meta property=\"og:image\" content=\"https:\/\/www.zoko.ro\/wp-content\/uploads\/2025\/03\/cleste-multifunctional-pliabil-6-in-1-gonga.jpg\" \/>\n\t<meta property=\"og:image:width\" content=\"1200\" \/>\n\t<meta property=\"og:image:height\" content=\"1104\" \/>\n\t<meta property=\"og:image:type\" content=\"image\/jpeg\" \/>\n<meta name=\"twitter:card\" content=\"summary_large_image\" \/>\n<meta name=\"twitter:label1\" content=\"Estimated reading time\" \/>\n\t<meta name=\"twitter:data1\" content=\"1 minute\" \/>\n<script type=\"application\/ld+json\" class=\"yoast-schema-graph\">{\"@context\":\"https:\/\/schema.org\",\"@graph\":[{\"@type\":\"WebPage\",\"@id\":\"https:\/\/www.zoko.ro\/p\/cleste-multifunctional-pliabil-6-in-1-gonga\/\",\"url\":\"https:\/\/www.zoko.ro\/p\/cleste-multifunctional-pliabil-6-in-1-gonga\/\",\"name\":\"Cleste multifunctional, pliabil 6 in 1, Gonga\u00ae | ZOKO\",\"isPartOf\":{\"@id\":\"https:\/\/www.zoko.ro\/#website\"},\"primaryImageOfPage\":{\"@id\":\"https:\/\/www.zoko.ro\/p\/cleste-multifunctional-pliabil-6-in-1-gonga\/#primaryimage\"},\"image\":{\"@id\":\"https:\/\/www.zoko.ro\/p\/cleste-multifunctional-pliabil-6-in-1-gonga\/#primaryimage\"},\"thumbnailUrl\":\"https:\/\/www.zoko.ro\/wp-content\/uploads\/2025\/03\/cleste-multifunctional-pliabil-6-in-1-gonga.jpg\",\"datePublished\":\"2026-04-28T21:34:57+00:00\",\"breadcrumb\":{\"@id\":\"https:\/\/www.zoko.ro\/p\/cleste-multifunctional-pliabil-6-in-1-gonga\/#breadcrumb\"},\"inLanguage\":\"en-GB\",\"potentialAction\":[{\"@type\":\"ReadAction\",\"target\":[\"https:\/\/www.zoko.ro\/p\/cleste-multifunctional-pliabil-6-in-1-gonga\/\"]}]},{\"@type\":\"ImageObject\",\"inLanguage\":\"en-GB\",\"@id\":\"https:\/\/www.zoko.ro\/p\/cleste-multifunctional-pliabil-6-in-1-gonga\/#primaryimage\",\"url\":\"https:\/\/www.zoko.ro\/wp-content\/uploads\/2025\/03\/cleste-multifunctional-pliabil-6-in-1-gonga.jpg\",\"contentUrl\":\"https:\/\/www.zoko.ro\/wp-content\/uploads\/2025\/03\/cleste-multifunctional-pliabil-6-in-1-gonga.jpg\",\"width\":1200,\"height\":1104},{\"@type\":\"BreadcrumbList\",\"@id\":\"https:\/\/www.zoko.ro\/p\/cleste-multifunctional-pliabil-6-in-1-gonga\/#breadcrumb\",\"itemListElement\":[{\"@type\":\"ListItem\",\"position\":1,\"name\":\"Home\",\"item\":\"https:\/\/www.zoko.ro\/\"},{\"@type\":\"ListItem\",\"position\":2,\"name\":\"Magazin\",\"item\":\"https:\/\/www.zoko.ro\/magazin\/\"},{\"@type\":\"ListItem\",\"position\":3,\"name\":\"Cleste multifunctional, pliabil 6 in 1, Gonga\u00ae\"}]},{\"@type\":\"WebSite\",\"@id\":\"https:\/\/www.zoko.ro\/#website\",\"url\":\"https:\/\/www.zoko.ro\/\",\"name\":\"ZOKO.ro\",\"description\":\"Cump\u0103r\u0103 inteligent\",\"publisher\":{\"@id\":\"https:\/\/www.zoko.ro\/#organization\"},\"potentialAction\":[{\"@type\":\"SearchAction\",\"target\":{\"@type\":\"EntryPoint\",\"urlTemplate\":\"https:\/\/www.zoko.ro\/?s={search_term_string}\"},\"query-input\":{\"@type\":\"PropertyValueSpecification\",\"valueRequired\":true,\"valueName\":\"search_term_string\"}}],\"inLanguage\":\"en-GB\"},{\"@type\":\"Organization\",\"@id\":\"https:\/\/www.zoko.ro\/#organization\",\"name\":\"ZOKO\",\"url\":\"https:\/\/www.zoko.ro\/\",\"logo\":{\"@type\":\"ImageObject\",\"inLanguage\":\"en-GB\",\"@id\":\"https:\/\/www.zoko.ro\/#\/schema\/logo\/image\/\",\"url\":\"https:\/\/www.zoko.ro\/wp-content\/uploads\/2025\/03\/logo1.svg\",\"contentUrl\":\"https:\/\/www.zoko.ro\/wp-content\/uploads\/2025\/03\/logo1.svg\",\"width\":799,\"height\":216,\"caption\":\"ZOKO\"},\"image\":{\"@id\":\"https:\/\/www.zoko.ro\/#\/schema\/logo\/image\/\"},\"sameAs\":[\"https:\/\/www.facebook.com\/profile.php?id=61584344135075\"]}]}<\/script>\n<!-- \/ Yoast SEO plugin. -->","yoast_head_json":{"title":"Cleste multifunctional, pliabil 6 in 1, Gonga\u00ae | ZOKO","robots":{"index":"index","follow":"follow","max-snippet":"max-snippet:-1","max-image-preview":"max-image-preview:large","max-video-preview":"max-video-preview:-1"},"canonical":"https:\/\/www.zoko.ro\/en\/p\/cleste-multifunctional-pliabil-6-in-1-gonga\/","og_locale":"en_GB","og_type":"article","og_title":"Cleste multifunctional, pliabil 6 in 1, Gonga\u00ae | ZOKO","og_description":"Culoare: Rosu Unealt\u0103 multifunc\u021bional\u0103 compact\u0103 6 \u00een 1 cu multiple posibilit\u0103\u021bi! Aceast\u0103 unealt\u0103 multifunc\u021bional\u0103 6 \u00een 1 este esen\u021bial\u0103 \u00een","og_url":"https:\/\/www.zoko.ro\/en\/p\/cleste-multifunctional-pliabil-6-in-1-gonga\/","og_site_name":"ZOKO","article_publisher":"https:\/\/www.facebook.com\/profile.php?id=61584344135075","og_image":[{"width":1200,"height":1104,"url":"https:\/\/www.zoko.ro\/wp-content\/uploads\/2025\/03\/cleste-multifunctional-pliabil-6-in-1-gonga.jpg","type":"image\/jpeg"}],"twitter_card":"summary_large_image","twitter_misc":{"Estimated reading time":"1 minute"},"schema":{"@context":"https:\/\/schema.org","@graph":[{"@type":"WebPage","@id":"https:\/\/www.zoko.ro\/p\/cleste-multifunctional-pliabil-6-in-1-gonga\/","url":"https:\/\/www.zoko.ro\/p\/cleste-multifunctional-pliabil-6-in-1-gonga\/","name":"Cleste multifunctional, pliabil 6 in 1, Gonga\u00ae | ZOKO","isPartOf":{"@id":"https:\/\/www.zoko.ro\/#website"},"primaryImageOfPage":{"@id":"https:\/\/www.zoko.ro\/p\/cleste-multifunctional-pliabil-6-in-1-gonga\/#primaryimage"},"image":{"@id":"https:\/\/www.zoko.ro\/p\/cleste-multifunctional-pliabil-6-in-1-gonga\/#primaryimage"},"thumbnailUrl":"https:\/\/www.zoko.ro\/wp-content\/uploads\/2025\/03\/cleste-multifunctional-pliabil-6-in-1-gonga.jpg","datePublished":"2026-04-28T21:34:57+00:00","breadcrumb":{"@id":"https:\/\/www.zoko.ro\/p\/cleste-multifunctional-pliabil-6-in-1-gonga\/#breadcrumb"},"inLanguage":"en-GB","potentialAction":[{"@type":"ReadAction","target":["https:\/\/www.zoko.ro\/p\/cleste-multifunctional-pliabil-6-in-1-gonga\/"]}]},{"@type":"ImageObject","inLanguage":"en-GB","@id":"https:\/\/www.zoko.ro\/p\/cleste-multifunctional-pliabil-6-in-1-gonga\/#primaryimage","url":"https:\/\/www.zoko.ro\/wp-content\/uploads\/2025\/03\/cleste-multifunctional-pliabil-6-in-1-gonga.jpg","contentUrl":"https:\/\/www.zoko.ro\/wp-content\/uploads\/2025\/03\/cleste-multifunctional-pliabil-6-in-1-gonga.jpg","width":1200,"height":1104},{"@type":"BreadcrumbList","@id":"https:\/\/www.zoko.ro\/p\/cleste-multifunctional-pliabil-6-in-1-gonga\/#breadcrumb","itemListElement":[{"@type":"ListItem","position":1,"name":"Home","item":"https:\/\/www.zoko.ro\/"},{"@type":"ListItem","position":2,"name":"Magazin","item":"https:\/\/www.zoko.ro\/magazin\/"},{"@type":"ListItem","position":3,"name":"Cleste multifunctional, pliabil 6 in 1, Gonga\u00ae"}]},{"@type":"WebSite","@id":"https:\/\/www.zoko.ro\/#website","url":"https:\/\/www.zoko.ro\/","name":"ZOKO.ro","description":"Cump\u0103r\u0103 inteligent","publisher":{"@id":"https:\/\/www.zoko.ro\/#organization"},"potentialAction":[{"@type":"SearchAction","target":{"@type":"EntryPoint","urlTemplate":"https:\/\/www.zoko.ro\/?s={search_term_string}"},"query-input":{"@type":"PropertyValueSpecification","valueRequired":true,"valueName":"search_term_string"}}],"inLanguage":"en-GB"},{"@type":"Organization","@id":"https:\/\/www.zoko.ro\/#organization","name":"ZOKO","url":"https:\/\/www.zoko.ro\/","logo":{"@type":"ImageObject","inLanguage":"en-GB","@id":"https:\/\/www.zoko.ro\/#\/schema\/logo\/image\/","url":"https:\/\/www.zoko.ro\/wp-content\/uploads\/2025\/03\/logo1.svg","contentUrl":"https:\/\/www.zoko.ro\/wp-content\/uploads\/2025\/03\/logo1.svg","width":799,"height":216,"caption":"ZOKO"},"image":{"@id":"https:\/\/www.zoko.ro\/#\/schema\/logo\/image\/"},"sameAs":["https:\/\/www.facebook.com\/profile.php?id=61584344135075"]}]}},"_links":{"self":[{"href":"https:\/\/www.zoko.ro\/en\/wp-json\/wp\/v2\/product\/11966","targetHints":{"allow":["GET"]}}],"collection":[{"href":"https:\/\/www.zoko.ro\/en\/wp-json\/wp\/v2\/product"}],"about":[{"href":"https:\/\/www.zoko.ro\/en\/wp-json\/wp\/v2\/types\/product"}],"replies":[{"embeddable":true,"href":"https:\/\/www.zoko.ro\/en\/wp-json\/wp\/v2\/comments?post=11966"}],"version-history":[{"count":1,"href":"https:\/\/www.zoko.ro\/en\/wp-json\/wp\/v2\/product\/11966\/revisions"}],"predecessor-version":[{"id":11967,"href":"https:\/\/www.zoko.ro\/en\/wp-json\/wp\/v2\/product\/11966\/revisions\/11967"}],"wp:featuredmedia":[{"embeddable":true,"href":"https:\/\/www.zoko.ro\/en\/wp-json\/wp\/v2\/media\/11968"}],"wp:attachment":[{"href":"https:\/\/www.zoko.ro\/en\/wp-json\/wp\/v2\/media?parent=11966"}],"wp:term":[{"taxonomy":"product_brand","embeddable":true,"href":"https:\/\/www.zoko.ro\/en\/wp-json\/wp\/v2\/product_brand?post=11966"},{"taxonomy":"product_cat","embeddable":true,"href":"https:\/\/www.zoko.ro\/en\/wp-json\/wp\/v2\/product_cat?post=11966"},{"taxonomy":"product_tag","embeddable":true,"href":"https:\/\/www.zoko.ro\/en\/wp-json\/wp\/v2\/product_tag?post=11966"}],"curies":[{"name":"wp","href":"https:\/\/api.w.org\/{rel}","templated":true}]}}