{"id":11979,"date":"2026-04-28T23:34:58","date_gmt":"2026-04-28T21:34:58","guid":{"rendered":"https:\/\/www.zoko.ro\/p\/covoras-intrare-textil-model-ren-de-craciun-58-x-38-cm-gonga\/"},"modified":"2026-04-28T23:34:58","modified_gmt":"2026-04-28T21:34:58","slug":"covoras-intrare-textil-model-ren-de-craciun-58-x-38-cm-gonga","status":"publish","type":"product","link":"https:\/\/www.zoko.ro\/en\/p\/covoras-intrare-textil-model-ren-de-craciun-58-x-38-cm-gonga\/","title":{"rendered":"Covoras intrare textil, model ren de Craciun, 58 x 38 cm, Gonga\u00ae"},"content":{"rendered":"<p><strong>Culoare:<\/strong> Maro<\/p>\n<p>Pre\u0219 exterior pentru u\u0219a de la intrare cu motiv de Cr\u0103ciun<\/p>\n<p>Acest pre\u0219 pentru u\u0219a de la intrare are un motiv festiv de Cr\u0103ciun \u0219i este fabricat dintr-un material u\u0219or \u0219i absorbant (\u021bes\u0103tur\u0103 de poliester), care absoarbe eficient umezeala. Partea inferioar\u0103 este realizat\u0103 din PVC \u0219i este prev\u0103zut\u0103 cu \u0219tifturi suplimentare pentru a fi antiderapant. Construit pentru a rezista la condi\u021bii meteorologice dificile \u0219i la ap\u0103, pre\u0219ul adun\u0103 eficient murd\u0103ria uscat\u0103 \u0219i umed\u0103 datorit\u0103 texturii sale aspre. Este u\u0219or de cur\u0103\u021bat, pur \u0219i simplu \u00eentorc\u00e2ndu-l \u0219i agit\u0103-l ca pe un pre\u0219 clasic. Stratul superior moale \u00eel face potrivit \u0219i pentru uz casnic.<\/p>\n<\/p>\n<p><strong>Caracteristici ale produsului:<\/strong><\/p>\n<\/p>\n<ul>\n<li>Pre\u0219 exterior pentru u\u0219a de la intrare cu motiv de Cr\u0103ciun.<\/li>\n<li>Fabricat din material u\u0219or \u0219i absorbant (\u021bes\u0103tur\u0103 de poliester), care absoarbe eficient umezeala.<\/li>\n<li>Partea de jos din PVC, cu \u0219tifturi suplimentare pentru propriet\u0103\u021bi antiderapante.<\/li>\n<li>Rezistent la condi\u021bii meteorologice dificile \u0219i la ap\u0103.<\/li>\n<li>Adun\u0103 eficient murd\u0103ria uscat\u0103 \u0219i umed\u0103 datorit\u0103 texturii sale aspre.<\/li>\n<li>U\u0219or de cur\u0103\u021bat \u2013 \u00eentoarce\u021bi-l \u0219i agita\u021bi-l ca pe un pre\u0219 clasic.<\/li>\n<li>Stratul superior moale \u00eel face potrivit \u0219i pentru uz casnic.<\/li>\n<\/ul>\n<p><strong><\/strong><\/p>\n<p><strong>Specifica\u021bii:<\/strong><\/p>\n<\/p>\n<p>&#8211; Material (stratul superior): poliester<\/p>\n<p>&#8211; Material (partea de jos): cauciuc (PVC)<\/p>\n<p>&#8211; Form\u0103: dreptunghiular\u0103<\/p>\n<p>&#8211; Lungime: 60 cm<\/p>\n<p>&#8211; L\u0103\u021bime: 40 cm<\/p>","protected":false},"excerpt":{"rendered":"<p>Culoare: Maro Pre\u0219 exterior pentru u\u0219a de la intrare cu motiv de Cr\u0103ciun Acest pre\u0219 pentru u\u0219a de la intrare<\/p>","protected":false},"featured_media":11981,"comment_status":"open","ping_status":"open","template":"","meta":[],"product_brand":[],"product_cat":[99,153,100,125],"product_tag":[104],"class_list":{"0":"post-11979","1":"product","2":"type-product","3":"status-publish","4":"has-post-thumbnail","6":"product_cat-acasa","7":"product_cat-accesorii-si-decoratiuni-craciun","8":"product_cat-casa-gradina","9":"product_cat-decoratiuni","10":"product_tag-in-stoc","11":"pa_culoare-maro","13":"first","14":"instock","15":"sale","16":"purchasable","17":"product-type-simple"},"yoast_head":"<!-- This site is optimized with the Yoast SEO plugin v27.2 - https:\/\/yoast.com\/product\/yoast-seo-wordpress\/ -->\n<title>Covoras intrare textil, model ren de Craciun, 58 x 38 cm, Gonga\u00ae | ZOKO<\/title>\n<meta name=\"robots\" content=\"index, follow, max-snippet:-1, max-image-preview:large, max-video-preview:-1\" \/>\n<link rel=\"canonical\" href=\"https:\/\/www.zoko.ro\/en\/p\/covoras-intrare-textil-model-ren-de-craciun-58-x-38-cm-gonga\/\" \/>\n<meta property=\"og:locale\" content=\"en_GB\" \/>\n<meta property=\"og:type\" content=\"article\" \/>\n<meta property=\"og:title\" content=\"Covoras intrare textil, model ren de Craciun, 58 x 38 cm, Gonga\u00ae | ZOKO\" \/>\n<meta property=\"og:description\" content=\"Culoare: Maro Pre\u0219 exterior pentru u\u0219a de la intrare cu motiv de Cr\u0103ciun Acest pre\u0219 pentru u\u0219a de la intrare\" \/>\n<meta property=\"og:url\" content=\"https:\/\/www.zoko.ro\/en\/p\/covoras-intrare-textil-model-ren-de-craciun-58-x-38-cm-gonga\/\" \/>\n<meta property=\"og:site_name\" content=\"ZOKO\" \/>\n<meta property=\"article:publisher\" content=\"https:\/\/www.facebook.com\/profile.php?id=61584344135075\" \/>\n<meta property=\"og:image\" content=\"https:\/\/www.zoko.ro\/wp-content\/uploads\/2025\/03\/covoras-intrare-textil-model-ren-de-craciun-58-x-38-cm-gonga.jpg\" \/>\n\t<meta property=\"og:image:width\" content=\"1200\" \/>\n\t<meta property=\"og:image:height\" content=\"1195\" \/>\n\t<meta property=\"og:image:type\" content=\"image\/jpeg\" \/>\n<meta name=\"twitter:card\" content=\"summary_large_image\" \/>\n<meta name=\"twitter:label1\" content=\"Estimated reading time\" \/>\n\t<meta name=\"twitter:data1\" content=\"1 minute\" \/>\n<script type=\"application\/ld+json\" class=\"yoast-schema-graph\">{\"@context\":\"https:\/\/schema.org\",\"@graph\":[{\"@type\":\"WebPage\",\"@id\":\"https:\/\/www.zoko.ro\/p\/covoras-intrare-textil-model-ren-de-craciun-58-x-38-cm-gonga\/\",\"url\":\"https:\/\/www.zoko.ro\/p\/covoras-intrare-textil-model-ren-de-craciun-58-x-38-cm-gonga\/\",\"name\":\"Covoras intrare textil, model ren de Craciun, 58 x 38 cm, Gonga\u00ae | ZOKO\",\"isPartOf\":{\"@id\":\"https:\/\/www.zoko.ro\/#website\"},\"primaryImageOfPage\":{\"@id\":\"https:\/\/www.zoko.ro\/p\/covoras-intrare-textil-model-ren-de-craciun-58-x-38-cm-gonga\/#primaryimage\"},\"image\":{\"@id\":\"https:\/\/www.zoko.ro\/p\/covoras-intrare-textil-model-ren-de-craciun-58-x-38-cm-gonga\/#primaryimage\"},\"thumbnailUrl\":\"https:\/\/www.zoko.ro\/wp-content\/uploads\/2025\/03\/covoras-intrare-textil-model-ren-de-craciun-58-x-38-cm-gonga.jpg\",\"datePublished\":\"2026-04-28T21:34:58+00:00\",\"breadcrumb\":{\"@id\":\"https:\/\/www.zoko.ro\/p\/covoras-intrare-textil-model-ren-de-craciun-58-x-38-cm-gonga\/#breadcrumb\"},\"inLanguage\":\"en-GB\",\"potentialAction\":[{\"@type\":\"ReadAction\",\"target\":[\"https:\/\/www.zoko.ro\/p\/covoras-intrare-textil-model-ren-de-craciun-58-x-38-cm-gonga\/\"]}]},{\"@type\":\"ImageObject\",\"inLanguage\":\"en-GB\",\"@id\":\"https:\/\/www.zoko.ro\/p\/covoras-intrare-textil-model-ren-de-craciun-58-x-38-cm-gonga\/#primaryimage\",\"url\":\"https:\/\/www.zoko.ro\/wp-content\/uploads\/2025\/03\/covoras-intrare-textil-model-ren-de-craciun-58-x-38-cm-gonga.jpg\",\"contentUrl\":\"https:\/\/www.zoko.ro\/wp-content\/uploads\/2025\/03\/covoras-intrare-textil-model-ren-de-craciun-58-x-38-cm-gonga.jpg\",\"width\":1200,\"height\":1195},{\"@type\":\"BreadcrumbList\",\"@id\":\"https:\/\/www.zoko.ro\/p\/covoras-intrare-textil-model-ren-de-craciun-58-x-38-cm-gonga\/#breadcrumb\",\"itemListElement\":[{\"@type\":\"ListItem\",\"position\":1,\"name\":\"Home\",\"item\":\"https:\/\/www.zoko.ro\/\"},{\"@type\":\"ListItem\",\"position\":2,\"name\":\"Magazin\",\"item\":\"https:\/\/www.zoko.ro\/magazin\/\"},{\"@type\":\"ListItem\",\"position\":3,\"name\":\"Covoras intrare textil, model ren de Craciun, 58 x 38 cm, Gonga\u00ae\"}]},{\"@type\":\"WebSite\",\"@id\":\"https:\/\/www.zoko.ro\/#website\",\"url\":\"https:\/\/www.zoko.ro\/\",\"name\":\"ZOKO.ro\",\"description\":\"Cump\u0103r\u0103 inteligent\",\"publisher\":{\"@id\":\"https:\/\/www.zoko.ro\/#organization\"},\"potentialAction\":[{\"@type\":\"SearchAction\",\"target\":{\"@type\":\"EntryPoint\",\"urlTemplate\":\"https:\/\/www.zoko.ro\/?s={search_term_string}\"},\"query-input\":{\"@type\":\"PropertyValueSpecification\",\"valueRequired\":true,\"valueName\":\"search_term_string\"}}],\"inLanguage\":\"en-GB\"},{\"@type\":\"Organization\",\"@id\":\"https:\/\/www.zoko.ro\/#organization\",\"name\":\"ZOKO\",\"url\":\"https:\/\/www.zoko.ro\/\",\"logo\":{\"@type\":\"ImageObject\",\"inLanguage\":\"en-GB\",\"@id\":\"https:\/\/www.zoko.ro\/#\/schema\/logo\/image\/\",\"url\":\"https:\/\/www.zoko.ro\/wp-content\/uploads\/2025\/03\/logo1.svg\",\"contentUrl\":\"https:\/\/www.zoko.ro\/wp-content\/uploads\/2025\/03\/logo1.svg\",\"width\":799,\"height\":216,\"caption\":\"ZOKO\"},\"image\":{\"@id\":\"https:\/\/www.zoko.ro\/#\/schema\/logo\/image\/\"},\"sameAs\":[\"https:\/\/www.facebook.com\/profile.php?id=61584344135075\"]}]}<\/script>\n<!-- \/ Yoast SEO plugin. -->","yoast_head_json":{"title":"Covoras intrare textil, model ren de Craciun, 58 x 38 cm, Gonga\u00ae | ZOKO","robots":{"index":"index","follow":"follow","max-snippet":"max-snippet:-1","max-image-preview":"max-image-preview:large","max-video-preview":"max-video-preview:-1"},"canonical":"https:\/\/www.zoko.ro\/en\/p\/covoras-intrare-textil-model-ren-de-craciun-58-x-38-cm-gonga\/","og_locale":"en_GB","og_type":"article","og_title":"Covoras intrare textil, model ren de Craciun, 58 x 38 cm, Gonga\u00ae | ZOKO","og_description":"Culoare: Maro Pre\u0219 exterior pentru u\u0219a de la intrare cu motiv de Cr\u0103ciun Acest pre\u0219 pentru u\u0219a de la intrare","og_url":"https:\/\/www.zoko.ro\/en\/p\/covoras-intrare-textil-model-ren-de-craciun-58-x-38-cm-gonga\/","og_site_name":"ZOKO","article_publisher":"https:\/\/www.facebook.com\/profile.php?id=61584344135075","og_image":[{"width":1200,"height":1195,"url":"https:\/\/www.zoko.ro\/wp-content\/uploads\/2025\/03\/covoras-intrare-textil-model-ren-de-craciun-58-x-38-cm-gonga.jpg","type":"image\/jpeg"}],"twitter_card":"summary_large_image","twitter_misc":{"Estimated reading time":"1 minute"},"schema":{"@context":"https:\/\/schema.org","@graph":[{"@type":"WebPage","@id":"https:\/\/www.zoko.ro\/p\/covoras-intrare-textil-model-ren-de-craciun-58-x-38-cm-gonga\/","url":"https:\/\/www.zoko.ro\/p\/covoras-intrare-textil-model-ren-de-craciun-58-x-38-cm-gonga\/","name":"Covoras intrare textil, model ren de Craciun, 58 x 38 cm, Gonga\u00ae | ZOKO","isPartOf":{"@id":"https:\/\/www.zoko.ro\/#website"},"primaryImageOfPage":{"@id":"https:\/\/www.zoko.ro\/p\/covoras-intrare-textil-model-ren-de-craciun-58-x-38-cm-gonga\/#primaryimage"},"image":{"@id":"https:\/\/www.zoko.ro\/p\/covoras-intrare-textil-model-ren-de-craciun-58-x-38-cm-gonga\/#primaryimage"},"thumbnailUrl":"https:\/\/www.zoko.ro\/wp-content\/uploads\/2025\/03\/covoras-intrare-textil-model-ren-de-craciun-58-x-38-cm-gonga.jpg","datePublished":"2026-04-28T21:34:58+00:00","breadcrumb":{"@id":"https:\/\/www.zoko.ro\/p\/covoras-intrare-textil-model-ren-de-craciun-58-x-38-cm-gonga\/#breadcrumb"},"inLanguage":"en-GB","potentialAction":[{"@type":"ReadAction","target":["https:\/\/www.zoko.ro\/p\/covoras-intrare-textil-model-ren-de-craciun-58-x-38-cm-gonga\/"]}]},{"@type":"ImageObject","inLanguage":"en-GB","@id":"https:\/\/www.zoko.ro\/p\/covoras-intrare-textil-model-ren-de-craciun-58-x-38-cm-gonga\/#primaryimage","url":"https:\/\/www.zoko.ro\/wp-content\/uploads\/2025\/03\/covoras-intrare-textil-model-ren-de-craciun-58-x-38-cm-gonga.jpg","contentUrl":"https:\/\/www.zoko.ro\/wp-content\/uploads\/2025\/03\/covoras-intrare-textil-model-ren-de-craciun-58-x-38-cm-gonga.jpg","width":1200,"height":1195},{"@type":"BreadcrumbList","@id":"https:\/\/www.zoko.ro\/p\/covoras-intrare-textil-model-ren-de-craciun-58-x-38-cm-gonga\/#breadcrumb","itemListElement":[{"@type":"ListItem","position":1,"name":"Home","item":"https:\/\/www.zoko.ro\/"},{"@type":"ListItem","position":2,"name":"Magazin","item":"https:\/\/www.zoko.ro\/magazin\/"},{"@type":"ListItem","position":3,"name":"Covoras intrare textil, model ren de Craciun, 58 x 38 cm, Gonga\u00ae"}]},{"@type":"WebSite","@id":"https:\/\/www.zoko.ro\/#website","url":"https:\/\/www.zoko.ro\/","name":"ZOKO.ro","description":"Cump\u0103r\u0103 inteligent","publisher":{"@id":"https:\/\/www.zoko.ro\/#organization"},"potentialAction":[{"@type":"SearchAction","target":{"@type":"EntryPoint","urlTemplate":"https:\/\/www.zoko.ro\/?s={search_term_string}"},"query-input":{"@type":"PropertyValueSpecification","valueRequired":true,"valueName":"search_term_string"}}],"inLanguage":"en-GB"},{"@type":"Organization","@id":"https:\/\/www.zoko.ro\/#organization","name":"ZOKO","url":"https:\/\/www.zoko.ro\/","logo":{"@type":"ImageObject","inLanguage":"en-GB","@id":"https:\/\/www.zoko.ro\/#\/schema\/logo\/image\/","url":"https:\/\/www.zoko.ro\/wp-content\/uploads\/2025\/03\/logo1.svg","contentUrl":"https:\/\/www.zoko.ro\/wp-content\/uploads\/2025\/03\/logo1.svg","width":799,"height":216,"caption":"ZOKO"},"image":{"@id":"https:\/\/www.zoko.ro\/#\/schema\/logo\/image\/"},"sameAs":["https:\/\/www.facebook.com\/profile.php?id=61584344135075"]}]}},"_links":{"self":[{"href":"https:\/\/www.zoko.ro\/en\/wp-json\/wp\/v2\/product\/11979","targetHints":{"allow":["GET"]}}],"collection":[{"href":"https:\/\/www.zoko.ro\/en\/wp-json\/wp\/v2\/product"}],"about":[{"href":"https:\/\/www.zoko.ro\/en\/wp-json\/wp\/v2\/types\/product"}],"replies":[{"embeddable":true,"href":"https:\/\/www.zoko.ro\/en\/wp-json\/wp\/v2\/comments?post=11979"}],"version-history":[{"count":1,"href":"https:\/\/www.zoko.ro\/en\/wp-json\/wp\/v2\/product\/11979\/revisions"}],"predecessor-version":[{"id":11980,"href":"https:\/\/www.zoko.ro\/en\/wp-json\/wp\/v2\/product\/11979\/revisions\/11980"}],"wp:featuredmedia":[{"embeddable":true,"href":"https:\/\/www.zoko.ro\/en\/wp-json\/wp\/v2\/media\/11981"}],"wp:attachment":[{"href":"https:\/\/www.zoko.ro\/en\/wp-json\/wp\/v2\/media?parent=11979"}],"wp:term":[{"taxonomy":"product_brand","embeddable":true,"href":"https:\/\/www.zoko.ro\/en\/wp-json\/wp\/v2\/product_brand?post=11979"},{"taxonomy":"product_cat","embeddable":true,"href":"https:\/\/www.zoko.ro\/en\/wp-json\/wp\/v2\/product_cat?post=11979"},{"taxonomy":"product_tag","embeddable":true,"href":"https:\/\/www.zoko.ro\/en\/wp-json\/wp\/v2\/product_tag?post=11979"}],"curies":[{"name":"wp","href":"https:\/\/api.w.org\/{rel}","templated":true}]}}