{"id":12002,"date":"2026-04-28T23:34:58","date_gmt":"2026-04-28T21:34:58","guid":{"rendered":"https:\/\/www.zoko.ro\/p\/stabilizator-pentru-glezna-si-picior-produs-de-reabilitare-pentru-picior-marime-universala-gonga\/"},"modified":"2026-04-28T23:34:59","modified_gmt":"2026-04-28T21:34:59","slug":"stabilizator-pentru-glezna-si-picior-produs-de-reabilitare-pentru-picior-marime-universala-gonga","status":"publish","type":"product","link":"https:\/\/www.zoko.ro\/en\/p\/stabilizator-pentru-glezna-si-picior-produs-de-reabilitare-pentru-picior-marime-universala-gonga\/","title":{"rendered":"Stabilizator pentru glezna si picior, produs de reabilitare pentru picior, marime universala, Gonga\u00ae"},"content":{"rendered":"<p><strong>Culoare:<\/strong> Verde<\/p>\n<p>Stabilizator practic pentru glezn\u0103 \u2013 protec\u021bie \u0219i confort \u00een timpul activit\u0103\u021bilor sportive<\/p>\n<p>Acest stabilizator pentru glezn\u0103 ofer\u0103 protec\u021bie eficient\u0103 \u00eempotriva r\u0103nilor \u00een timpul activit\u0103\u021bilor sportive. Fabricat dintr-un material u\u0219or \u0219i respirabil, acesta asigur\u0103 confort maxim. Designul s\u0103u flexibil \u0219i sistemul de \u00eenchidere cu velcro permit o fixare optim\u0103 \u0219i o potrivire perfect\u0103 pe glezn\u0103.<\/p>\n<\/p>\n<p><strong>Caracteristici ale produsului:<\/strong><\/p>\n<\/p>\n<ul>\n<li>Protec\u021bie eficient\u0103: sus\u021bine \u0219i protejeaz\u0103 articula\u021bia gleznei, reduc\u00e2nd riscul de accident\u0103ri.<\/li>\n<li>Material respirabil: realizat dintr-un material u\u0219or \u0219i aerisit, ideal pentru utilizare \u00eendelungat\u0103.<\/li>\n<li>Sistem de \u00eenchidere cu velcro: permite reglarea presiunii \u0219i asigur\u0103 o fixare confortabil\u0103.<\/li>\n<li>Flexibilitate ridicat\u0103: banda elastic\u0103 se adapteaz\u0103 perfect formei gleznei.<\/li>\n<\/ul>\n<p><strong>Specifica\u021bii:<\/strong><\/p>\n<\/p>\n<p>&#8211; Material: nylon<\/p>\n<p>&#8211; Lungime: 32 cm<\/p>\n<p>&#8211; L\u0103\u021bime (partea inferioar\u0103): 15,5 cm<\/p>\n<p>&#8211; Culoare: negru cu accente verzi<\/p>","protected":false},"excerpt":{"rendered":"<p>Culoare: Verde Stabilizator practic pentru glezn\u0103 \u2013 protec\u021bie \u0219i confort \u00een timpul activit\u0103\u021bilor sportive Acest stabilizator pentru glezn\u0103 ofer\u0103 protec\u021bie<\/p>","protected":false},"featured_media":12004,"comment_status":"open","ping_status":"open","template":"","meta":[],"product_brand":[],"product_cat":[99,115,114],"product_tag":[104],"class_list":{"0":"post-12002","1":"product","2":"type-product","3":"status-publish","4":"has-post-thumbnail","6":"product_cat-acasa","7":"product_cat-aparate-accesorii-ingrijire-personala","8":"product_cat-ingrijire-personala-cosmetice","9":"product_tag-in-stoc","10":"pa_culoare-verde","12":"first","13":"instock","14":"sale","15":"purchasable","16":"product-type-simple"},"yoast_head":"<!-- This site is optimized with the Yoast SEO plugin v27.2 - https:\/\/yoast.com\/product\/yoast-seo-wordpress\/ -->\n<title>Stabilizator pentru glezna si picior, produs de reabilitare pentru picior, marime universala, Gonga\u00ae | ZOKO<\/title>\n<meta name=\"robots\" content=\"index, follow, max-snippet:-1, max-image-preview:large, max-video-preview:-1\" \/>\n<link rel=\"canonical\" href=\"https:\/\/www.zoko.ro\/en\/p\/stabilizator-pentru-glezna-si-picior-produs-de-reabilitare-pentru-picior-marime-universala-gonga\/\" \/>\n<meta property=\"og:locale\" content=\"en_GB\" \/>\n<meta property=\"og:type\" content=\"article\" \/>\n<meta property=\"og:title\" content=\"Stabilizator pentru glezna si picior, produs de reabilitare pentru picior, marime universala, Gonga\u00ae | ZOKO\" \/>\n<meta property=\"og:description\" content=\"Culoare: Verde Stabilizator practic pentru glezn\u0103 \u2013 protec\u021bie \u0219i confort \u00een timpul activit\u0103\u021bilor sportive Acest stabilizator pentru glezn\u0103 ofer\u0103 protec\u021bie\" \/>\n<meta property=\"og:url\" content=\"https:\/\/www.zoko.ro\/en\/p\/stabilizator-pentru-glezna-si-picior-produs-de-reabilitare-pentru-picior-marime-universala-gonga\/\" \/>\n<meta property=\"og:site_name\" content=\"ZOKO\" \/>\n<meta property=\"article:publisher\" content=\"https:\/\/www.facebook.com\/profile.php?id=61584344135075\" \/>\n<meta property=\"article:modified_time\" content=\"2026-04-28T21:34:59+00:00\" \/>\n<meta property=\"og:image\" content=\"https:\/\/www.zoko.ro\/wp-content\/uploads\/2025\/03\/stabilizator-pentru-glezna-si-picior-produs-de-reabilitare-pentru-picior-marime-universala-gonga.jpg\" \/>\n\t<meta property=\"og:image:width\" content=\"1200\" \/>\n\t<meta property=\"og:image:height\" content=\"882\" \/>\n\t<meta property=\"og:image:type\" content=\"image\/jpeg\" \/>\n<meta name=\"twitter:card\" content=\"summary_large_image\" \/>\n<meta name=\"twitter:label1\" content=\"Estimated reading time\" \/>\n\t<meta name=\"twitter:data1\" content=\"1 minute\" \/>\n<script type=\"application\/ld+json\" class=\"yoast-schema-graph\">{\"@context\":\"https:\/\/schema.org\",\"@graph\":[{\"@type\":\"WebPage\",\"@id\":\"https:\/\/www.zoko.ro\/p\/stabilizator-pentru-glezna-si-picior-produs-de-reabilitare-pentru-picior-marime-universala-gonga\/\",\"url\":\"https:\/\/www.zoko.ro\/p\/stabilizator-pentru-glezna-si-picior-produs-de-reabilitare-pentru-picior-marime-universala-gonga\/\",\"name\":\"Stabilizator pentru glezna si picior, produs de reabilitare pentru picior, marime universala, Gonga\u00ae | ZOKO\",\"isPartOf\":{\"@id\":\"https:\/\/www.zoko.ro\/#website\"},\"primaryImageOfPage\":{\"@id\":\"https:\/\/www.zoko.ro\/p\/stabilizator-pentru-glezna-si-picior-produs-de-reabilitare-pentru-picior-marime-universala-gonga\/#primaryimage\"},\"image\":{\"@id\":\"https:\/\/www.zoko.ro\/p\/stabilizator-pentru-glezna-si-picior-produs-de-reabilitare-pentru-picior-marime-universala-gonga\/#primaryimage\"},\"thumbnailUrl\":\"https:\/\/www.zoko.ro\/wp-content\/uploads\/2025\/03\/stabilizator-pentru-glezna-si-picior-produs-de-reabilitare-pentru-picior-marime-universala-gonga.jpg\",\"datePublished\":\"2026-04-28T21:34:58+00:00\",\"dateModified\":\"2026-04-28T21:34:59+00:00\",\"breadcrumb\":{\"@id\":\"https:\/\/www.zoko.ro\/p\/stabilizator-pentru-glezna-si-picior-produs-de-reabilitare-pentru-picior-marime-universala-gonga\/#breadcrumb\"},\"inLanguage\":\"en-GB\",\"potentialAction\":[{\"@type\":\"ReadAction\",\"target\":[\"https:\/\/www.zoko.ro\/p\/stabilizator-pentru-glezna-si-picior-produs-de-reabilitare-pentru-picior-marime-universala-gonga\/\"]}]},{\"@type\":\"ImageObject\",\"inLanguage\":\"en-GB\",\"@id\":\"https:\/\/www.zoko.ro\/p\/stabilizator-pentru-glezna-si-picior-produs-de-reabilitare-pentru-picior-marime-universala-gonga\/#primaryimage\",\"url\":\"https:\/\/www.zoko.ro\/wp-content\/uploads\/2025\/03\/stabilizator-pentru-glezna-si-picior-produs-de-reabilitare-pentru-picior-marime-universala-gonga.jpg\",\"contentUrl\":\"https:\/\/www.zoko.ro\/wp-content\/uploads\/2025\/03\/stabilizator-pentru-glezna-si-picior-produs-de-reabilitare-pentru-picior-marime-universala-gonga.jpg\",\"width\":1200,\"height\":882},{\"@type\":\"BreadcrumbList\",\"@id\":\"https:\/\/www.zoko.ro\/p\/stabilizator-pentru-glezna-si-picior-produs-de-reabilitare-pentru-picior-marime-universala-gonga\/#breadcrumb\",\"itemListElement\":[{\"@type\":\"ListItem\",\"position\":1,\"name\":\"Home\",\"item\":\"https:\/\/www.zoko.ro\/\"},{\"@type\":\"ListItem\",\"position\":2,\"name\":\"Magazin\",\"item\":\"https:\/\/www.zoko.ro\/magazin\/\"},{\"@type\":\"ListItem\",\"position\":3,\"name\":\"Stabilizator pentru glezna si picior, produs de reabilitare pentru picior, marime universala, Gonga\u00ae\"}]},{\"@type\":\"WebSite\",\"@id\":\"https:\/\/www.zoko.ro\/#website\",\"url\":\"https:\/\/www.zoko.ro\/\",\"name\":\"ZOKO.ro\",\"description\":\"Cump\u0103r\u0103 inteligent\",\"publisher\":{\"@id\":\"https:\/\/www.zoko.ro\/#organization\"},\"potentialAction\":[{\"@type\":\"SearchAction\",\"target\":{\"@type\":\"EntryPoint\",\"urlTemplate\":\"https:\/\/www.zoko.ro\/?s={search_term_string}\"},\"query-input\":{\"@type\":\"PropertyValueSpecification\",\"valueRequired\":true,\"valueName\":\"search_term_string\"}}],\"inLanguage\":\"en-GB\"},{\"@type\":\"Organization\",\"@id\":\"https:\/\/www.zoko.ro\/#organization\",\"name\":\"ZOKO\",\"url\":\"https:\/\/www.zoko.ro\/\",\"logo\":{\"@type\":\"ImageObject\",\"inLanguage\":\"en-GB\",\"@id\":\"https:\/\/www.zoko.ro\/#\/schema\/logo\/image\/\",\"url\":\"https:\/\/www.zoko.ro\/wp-content\/uploads\/2025\/03\/logo1.svg\",\"contentUrl\":\"https:\/\/www.zoko.ro\/wp-content\/uploads\/2025\/03\/logo1.svg\",\"width\":799,\"height\":216,\"caption\":\"ZOKO\"},\"image\":{\"@id\":\"https:\/\/www.zoko.ro\/#\/schema\/logo\/image\/\"},\"sameAs\":[\"https:\/\/www.facebook.com\/profile.php?id=61584344135075\"]}]}<\/script>\n<!-- \/ Yoast SEO plugin. -->","yoast_head_json":{"title":"Stabilizator pentru glezna si picior, produs de reabilitare pentru picior, marime universala, Gonga\u00ae | ZOKO","robots":{"index":"index","follow":"follow","max-snippet":"max-snippet:-1","max-image-preview":"max-image-preview:large","max-video-preview":"max-video-preview:-1"},"canonical":"https:\/\/www.zoko.ro\/en\/p\/stabilizator-pentru-glezna-si-picior-produs-de-reabilitare-pentru-picior-marime-universala-gonga\/","og_locale":"en_GB","og_type":"article","og_title":"Stabilizator pentru glezna si picior, produs de reabilitare pentru picior, marime universala, Gonga\u00ae | ZOKO","og_description":"Culoare: Verde Stabilizator practic pentru glezn\u0103 \u2013 protec\u021bie \u0219i confort \u00een timpul activit\u0103\u021bilor sportive Acest stabilizator pentru glezn\u0103 ofer\u0103 protec\u021bie","og_url":"https:\/\/www.zoko.ro\/en\/p\/stabilizator-pentru-glezna-si-picior-produs-de-reabilitare-pentru-picior-marime-universala-gonga\/","og_site_name":"ZOKO","article_publisher":"https:\/\/www.facebook.com\/profile.php?id=61584344135075","article_modified_time":"2026-04-28T21:34:59+00:00","og_image":[{"width":1200,"height":882,"url":"https:\/\/www.zoko.ro\/wp-content\/uploads\/2025\/03\/stabilizator-pentru-glezna-si-picior-produs-de-reabilitare-pentru-picior-marime-universala-gonga.jpg","type":"image\/jpeg"}],"twitter_card":"summary_large_image","twitter_misc":{"Estimated reading time":"1 minute"},"schema":{"@context":"https:\/\/schema.org","@graph":[{"@type":"WebPage","@id":"https:\/\/www.zoko.ro\/p\/stabilizator-pentru-glezna-si-picior-produs-de-reabilitare-pentru-picior-marime-universala-gonga\/","url":"https:\/\/www.zoko.ro\/p\/stabilizator-pentru-glezna-si-picior-produs-de-reabilitare-pentru-picior-marime-universala-gonga\/","name":"Stabilizator pentru glezna si picior, produs de reabilitare pentru picior, marime universala, Gonga\u00ae | ZOKO","isPartOf":{"@id":"https:\/\/www.zoko.ro\/#website"},"primaryImageOfPage":{"@id":"https:\/\/www.zoko.ro\/p\/stabilizator-pentru-glezna-si-picior-produs-de-reabilitare-pentru-picior-marime-universala-gonga\/#primaryimage"},"image":{"@id":"https:\/\/www.zoko.ro\/p\/stabilizator-pentru-glezna-si-picior-produs-de-reabilitare-pentru-picior-marime-universala-gonga\/#primaryimage"},"thumbnailUrl":"https:\/\/www.zoko.ro\/wp-content\/uploads\/2025\/03\/stabilizator-pentru-glezna-si-picior-produs-de-reabilitare-pentru-picior-marime-universala-gonga.jpg","datePublished":"2026-04-28T21:34:58+00:00","dateModified":"2026-04-28T21:34:59+00:00","breadcrumb":{"@id":"https:\/\/www.zoko.ro\/p\/stabilizator-pentru-glezna-si-picior-produs-de-reabilitare-pentru-picior-marime-universala-gonga\/#breadcrumb"},"inLanguage":"en-GB","potentialAction":[{"@type":"ReadAction","target":["https:\/\/www.zoko.ro\/p\/stabilizator-pentru-glezna-si-picior-produs-de-reabilitare-pentru-picior-marime-universala-gonga\/"]}]},{"@type":"ImageObject","inLanguage":"en-GB","@id":"https:\/\/www.zoko.ro\/p\/stabilizator-pentru-glezna-si-picior-produs-de-reabilitare-pentru-picior-marime-universala-gonga\/#primaryimage","url":"https:\/\/www.zoko.ro\/wp-content\/uploads\/2025\/03\/stabilizator-pentru-glezna-si-picior-produs-de-reabilitare-pentru-picior-marime-universala-gonga.jpg","contentUrl":"https:\/\/www.zoko.ro\/wp-content\/uploads\/2025\/03\/stabilizator-pentru-glezna-si-picior-produs-de-reabilitare-pentru-picior-marime-universala-gonga.jpg","width":1200,"height":882},{"@type":"BreadcrumbList","@id":"https:\/\/www.zoko.ro\/p\/stabilizator-pentru-glezna-si-picior-produs-de-reabilitare-pentru-picior-marime-universala-gonga\/#breadcrumb","itemListElement":[{"@type":"ListItem","position":1,"name":"Home","item":"https:\/\/www.zoko.ro\/"},{"@type":"ListItem","position":2,"name":"Magazin","item":"https:\/\/www.zoko.ro\/magazin\/"},{"@type":"ListItem","position":3,"name":"Stabilizator pentru glezna si picior, produs de reabilitare pentru picior, marime universala, Gonga\u00ae"}]},{"@type":"WebSite","@id":"https:\/\/www.zoko.ro\/#website","url":"https:\/\/www.zoko.ro\/","name":"ZOKO.ro","description":"Cump\u0103r\u0103 inteligent","publisher":{"@id":"https:\/\/www.zoko.ro\/#organization"},"potentialAction":[{"@type":"SearchAction","target":{"@type":"EntryPoint","urlTemplate":"https:\/\/www.zoko.ro\/?s={search_term_string}"},"query-input":{"@type":"PropertyValueSpecification","valueRequired":true,"valueName":"search_term_string"}}],"inLanguage":"en-GB"},{"@type":"Organization","@id":"https:\/\/www.zoko.ro\/#organization","name":"ZOKO","url":"https:\/\/www.zoko.ro\/","logo":{"@type":"ImageObject","inLanguage":"en-GB","@id":"https:\/\/www.zoko.ro\/#\/schema\/logo\/image\/","url":"https:\/\/www.zoko.ro\/wp-content\/uploads\/2025\/03\/logo1.svg","contentUrl":"https:\/\/www.zoko.ro\/wp-content\/uploads\/2025\/03\/logo1.svg","width":799,"height":216,"caption":"ZOKO"},"image":{"@id":"https:\/\/www.zoko.ro\/#\/schema\/logo\/image\/"},"sameAs":["https:\/\/www.facebook.com\/profile.php?id=61584344135075"]}]}},"_links":{"self":[{"href":"https:\/\/www.zoko.ro\/en\/wp-json\/wp\/v2\/product\/12002","targetHints":{"allow":["GET"]}}],"collection":[{"href":"https:\/\/www.zoko.ro\/en\/wp-json\/wp\/v2\/product"}],"about":[{"href":"https:\/\/www.zoko.ro\/en\/wp-json\/wp\/v2\/types\/product"}],"replies":[{"embeddable":true,"href":"https:\/\/www.zoko.ro\/en\/wp-json\/wp\/v2\/comments?post=12002"}],"version-history":[{"count":1,"href":"https:\/\/www.zoko.ro\/en\/wp-json\/wp\/v2\/product\/12002\/revisions"}],"predecessor-version":[{"id":12003,"href":"https:\/\/www.zoko.ro\/en\/wp-json\/wp\/v2\/product\/12002\/revisions\/12003"}],"wp:featuredmedia":[{"embeddable":true,"href":"https:\/\/www.zoko.ro\/en\/wp-json\/wp\/v2\/media\/12004"}],"wp:attachment":[{"href":"https:\/\/www.zoko.ro\/en\/wp-json\/wp\/v2\/media?parent=12002"}],"wp:term":[{"taxonomy":"product_brand","embeddable":true,"href":"https:\/\/www.zoko.ro\/en\/wp-json\/wp\/v2\/product_brand?post=12002"},{"taxonomy":"product_cat","embeddable":true,"href":"https:\/\/www.zoko.ro\/en\/wp-json\/wp\/v2\/product_cat?post=12002"},{"taxonomy":"product_tag","embeddable":true,"href":"https:\/\/www.zoko.ro\/en\/wp-json\/wp\/v2\/product_tag?post=12002"}],"curies":[{"name":"wp","href":"https:\/\/api.w.org\/{rel}","templated":true}]}}