{"id":12038,"date":"2026-04-28T23:35:00","date_gmt":"2026-04-28T21:35:00","guid":{"rendered":"https:\/\/www.zoko.ro\/p\/casti-pentru-urechi-calduroase-de-iarna-marime-universala-gonga\/"},"modified":"2026-04-28T23:35:01","modified_gmt":"2026-04-28T21:35:01","slug":"casti-pentru-urechi-calduroase-de-iarna-marime-universala-gonga","status":"publish","type":"product","link":"https:\/\/www.zoko.ro\/en\/p\/casti-pentru-urechi-calduroase-de-iarna-marime-universala-gonga\/","title":{"rendered":"C\u0103\u0219ti pentru urechi, c\u0103lduroase de iarn\u0103, m\u0103rime universal\u0103, Gonga\u00ae"},"content":{"rendered":"<p><strong>Culoare:<\/strong> Negru<\/p>\n<p>C\u0103\u0219tile pentru urechi, c\u0103lduroase de iarn\u0103, ofer\u0103 protec\u021bie ideal\u0103 \u00eempotriva frigului, fiind un accesoriu confortabil \u0219i elegant. Designul lor modern \u0219i m\u0103rimea universal\u0103 le fac potrivite pentru orice stil \u0219i dimensiune, asigur\u00e2nd o potrivire perfect\u0103.<\/p>\n<p>Fabricate din materiale moi \u0219i pl\u0103cute la atingere, aceste c\u0103\u0219ti sunt partenerul perfect pentru zilele reci de iarn\u0103.<\/p>\n<\/p>\n<p>Specificatii:<\/p>\n<\/p>\n<p>&#8211; Material: Poliester<\/p>\n<p>&#8211; Marime: Universala<\/p>\n<p>&#8211; Sezon: Toamna-Iarna<\/p>","protected":false},"excerpt":{"rendered":"<p>Culoare: Negru C\u0103\u0219tile pentru urechi, c\u0103lduroase de iarn\u0103, ofer\u0103 protec\u021bie ideal\u0103 \u00eempotriva frigului, fiind un accesoriu confortabil \u0219i elegant. Designul<\/p>","protected":false},"featured_media":12040,"comment_status":"open","ping_status":"open","template":"","meta":[],"product_brand":[],"product_cat":[99,106,169],"product_tag":[104],"class_list":{"0":"post-12038","1":"product","2":"type-product","3":"status-publish","4":"has-post-thumbnail","6":"product_cat-acasa","7":"product_cat-fashion-accesorii","8":"product_cat-palarii","9":"product_tag-in-stoc","10":"pa_culoare-negru","12":"first","13":"instock","14":"sale","15":"purchasable","16":"product-type-simple"},"yoast_head":"<!-- This site is optimized with the Yoast SEO plugin v27.2 - https:\/\/yoast.com\/product\/yoast-seo-wordpress\/ -->\n<title>C\u0103\u0219ti pentru urechi, c\u0103lduroase de iarn\u0103, m\u0103rime universal\u0103, Gonga\u00ae | ZOKO<\/title>\n<meta name=\"robots\" content=\"index, follow, max-snippet:-1, max-image-preview:large, max-video-preview:-1\" \/>\n<link rel=\"canonical\" href=\"https:\/\/www.zoko.ro\/en\/p\/casti-pentru-urechi-calduroase-de-iarna-marime-universala-gonga\/\" \/>\n<meta property=\"og:locale\" content=\"en_GB\" \/>\n<meta property=\"og:type\" content=\"article\" \/>\n<meta property=\"og:title\" content=\"C\u0103\u0219ti pentru urechi, c\u0103lduroase de iarn\u0103, m\u0103rime universal\u0103, Gonga\u00ae | ZOKO\" \/>\n<meta property=\"og:description\" content=\"Culoare: Negru C\u0103\u0219tile pentru urechi, c\u0103lduroase de iarn\u0103, ofer\u0103 protec\u021bie ideal\u0103 \u00eempotriva frigului, fiind un accesoriu confortabil \u0219i elegant. Designul\" \/>\n<meta property=\"og:url\" content=\"https:\/\/www.zoko.ro\/en\/p\/casti-pentru-urechi-calduroase-de-iarna-marime-universala-gonga\/\" \/>\n<meta property=\"og:site_name\" content=\"ZOKO\" \/>\n<meta property=\"article:publisher\" content=\"https:\/\/www.facebook.com\/profile.php?id=61584344135075\" \/>\n<meta property=\"article:modified_time\" content=\"2026-04-28T21:35:01+00:00\" \/>\n<meta property=\"og:image\" content=\"https:\/\/www.zoko.ro\/wp-content\/uploads\/2025\/03\/cati-calduroase-de-iarna-gonga.jpg\" \/>\n\t<meta property=\"og:image:width\" content=\"1200\" \/>\n\t<meta property=\"og:image:height\" content=\"1200\" \/>\n\t<meta property=\"og:image:type\" content=\"image\/jpeg\" \/>\n<meta name=\"twitter:card\" content=\"summary_large_image\" \/>\n<script type=\"application\/ld+json\" class=\"yoast-schema-graph\">{\"@context\":\"https:\/\/schema.org\",\"@graph\":[{\"@type\":\"WebPage\",\"@id\":\"https:\/\/www.zoko.ro\/p\/casti-pentru-urechi-calduroase-de-iarna-marime-universala-gonga\/\",\"url\":\"https:\/\/www.zoko.ro\/p\/casti-pentru-urechi-calduroase-de-iarna-marime-universala-gonga\/\",\"name\":\"C\u0103\u0219ti pentru urechi, c\u0103lduroase de iarn\u0103, m\u0103rime universal\u0103, Gonga\u00ae | ZOKO\",\"isPartOf\":{\"@id\":\"https:\/\/www.zoko.ro\/#website\"},\"primaryImageOfPage\":{\"@id\":\"https:\/\/www.zoko.ro\/p\/casti-pentru-urechi-calduroase-de-iarna-marime-universala-gonga\/#primaryimage\"},\"image\":{\"@id\":\"https:\/\/www.zoko.ro\/p\/casti-pentru-urechi-calduroase-de-iarna-marime-universala-gonga\/#primaryimage\"},\"thumbnailUrl\":\"https:\/\/www.zoko.ro\/wp-content\/uploads\/2025\/03\/cati-calduroase-de-iarna-gonga.jpg\",\"datePublished\":\"2026-04-28T21:35:00+00:00\",\"dateModified\":\"2026-04-28T21:35:01+00:00\",\"breadcrumb\":{\"@id\":\"https:\/\/www.zoko.ro\/p\/casti-pentru-urechi-calduroase-de-iarna-marime-universala-gonga\/#breadcrumb\"},\"inLanguage\":\"en-GB\",\"potentialAction\":[{\"@type\":\"ReadAction\",\"target\":[\"https:\/\/www.zoko.ro\/p\/casti-pentru-urechi-calduroase-de-iarna-marime-universala-gonga\/\"]}]},{\"@type\":\"ImageObject\",\"inLanguage\":\"en-GB\",\"@id\":\"https:\/\/www.zoko.ro\/p\/casti-pentru-urechi-calduroase-de-iarna-marime-universala-gonga\/#primaryimage\",\"url\":\"https:\/\/www.zoko.ro\/wp-content\/uploads\/2025\/03\/cati-calduroase-de-iarna-gonga.jpg\",\"contentUrl\":\"https:\/\/www.zoko.ro\/wp-content\/uploads\/2025\/03\/cati-calduroase-de-iarna-gonga.jpg\",\"width\":1200,\"height\":1200},{\"@type\":\"BreadcrumbList\",\"@id\":\"https:\/\/www.zoko.ro\/p\/casti-pentru-urechi-calduroase-de-iarna-marime-universala-gonga\/#breadcrumb\",\"itemListElement\":[{\"@type\":\"ListItem\",\"position\":1,\"name\":\"Home\",\"item\":\"https:\/\/www.zoko.ro\/\"},{\"@type\":\"ListItem\",\"position\":2,\"name\":\"Magazin\",\"item\":\"https:\/\/www.zoko.ro\/magazin\/\"},{\"@type\":\"ListItem\",\"position\":3,\"name\":\"C\u0103\u0219ti pentru urechi, c\u0103lduroase de iarn\u0103, m\u0103rime universal\u0103, Gonga\u00ae\"}]},{\"@type\":\"WebSite\",\"@id\":\"https:\/\/www.zoko.ro\/#website\",\"url\":\"https:\/\/www.zoko.ro\/\",\"name\":\"ZOKO.ro\",\"description\":\"Cump\u0103r\u0103 inteligent\",\"publisher\":{\"@id\":\"https:\/\/www.zoko.ro\/#organization\"},\"potentialAction\":[{\"@type\":\"SearchAction\",\"target\":{\"@type\":\"EntryPoint\",\"urlTemplate\":\"https:\/\/www.zoko.ro\/?s={search_term_string}\"},\"query-input\":{\"@type\":\"PropertyValueSpecification\",\"valueRequired\":true,\"valueName\":\"search_term_string\"}}],\"inLanguage\":\"en-GB\"},{\"@type\":\"Organization\",\"@id\":\"https:\/\/www.zoko.ro\/#organization\",\"name\":\"ZOKO\",\"url\":\"https:\/\/www.zoko.ro\/\",\"logo\":{\"@type\":\"ImageObject\",\"inLanguage\":\"en-GB\",\"@id\":\"https:\/\/www.zoko.ro\/#\/schema\/logo\/image\/\",\"url\":\"https:\/\/www.zoko.ro\/wp-content\/uploads\/2025\/03\/logo1.svg\",\"contentUrl\":\"https:\/\/www.zoko.ro\/wp-content\/uploads\/2025\/03\/logo1.svg\",\"width\":799,\"height\":216,\"caption\":\"ZOKO\"},\"image\":{\"@id\":\"https:\/\/www.zoko.ro\/#\/schema\/logo\/image\/\"},\"sameAs\":[\"https:\/\/www.facebook.com\/profile.php?id=61584344135075\"]}]}<\/script>\n<!-- \/ Yoast SEO plugin. -->","yoast_head_json":{"title":"C\u0103\u0219ti pentru urechi, c\u0103lduroase de iarn\u0103, m\u0103rime universal\u0103, Gonga\u00ae | ZOKO","robots":{"index":"index","follow":"follow","max-snippet":"max-snippet:-1","max-image-preview":"max-image-preview:large","max-video-preview":"max-video-preview:-1"},"canonical":"https:\/\/www.zoko.ro\/en\/p\/casti-pentru-urechi-calduroase-de-iarna-marime-universala-gonga\/","og_locale":"en_GB","og_type":"article","og_title":"C\u0103\u0219ti pentru urechi, c\u0103lduroase de iarn\u0103, m\u0103rime universal\u0103, Gonga\u00ae | ZOKO","og_description":"Culoare: Negru C\u0103\u0219tile pentru urechi, c\u0103lduroase de iarn\u0103, ofer\u0103 protec\u021bie ideal\u0103 \u00eempotriva frigului, fiind un accesoriu confortabil \u0219i elegant. Designul","og_url":"https:\/\/www.zoko.ro\/en\/p\/casti-pentru-urechi-calduroase-de-iarna-marime-universala-gonga\/","og_site_name":"ZOKO","article_publisher":"https:\/\/www.facebook.com\/profile.php?id=61584344135075","article_modified_time":"2026-04-28T21:35:01+00:00","og_image":[{"width":1200,"height":1200,"url":"https:\/\/www.zoko.ro\/wp-content\/uploads\/2025\/03\/cati-calduroase-de-iarna-gonga.jpg","type":"image\/jpeg"}],"twitter_card":"summary_large_image","schema":{"@context":"https:\/\/schema.org","@graph":[{"@type":"WebPage","@id":"https:\/\/www.zoko.ro\/p\/casti-pentru-urechi-calduroase-de-iarna-marime-universala-gonga\/","url":"https:\/\/www.zoko.ro\/p\/casti-pentru-urechi-calduroase-de-iarna-marime-universala-gonga\/","name":"C\u0103\u0219ti pentru urechi, c\u0103lduroase de iarn\u0103, m\u0103rime universal\u0103, Gonga\u00ae | ZOKO","isPartOf":{"@id":"https:\/\/www.zoko.ro\/#website"},"primaryImageOfPage":{"@id":"https:\/\/www.zoko.ro\/p\/casti-pentru-urechi-calduroase-de-iarna-marime-universala-gonga\/#primaryimage"},"image":{"@id":"https:\/\/www.zoko.ro\/p\/casti-pentru-urechi-calduroase-de-iarna-marime-universala-gonga\/#primaryimage"},"thumbnailUrl":"https:\/\/www.zoko.ro\/wp-content\/uploads\/2025\/03\/cati-calduroase-de-iarna-gonga.jpg","datePublished":"2026-04-28T21:35:00+00:00","dateModified":"2026-04-28T21:35:01+00:00","breadcrumb":{"@id":"https:\/\/www.zoko.ro\/p\/casti-pentru-urechi-calduroase-de-iarna-marime-universala-gonga\/#breadcrumb"},"inLanguage":"en-GB","potentialAction":[{"@type":"ReadAction","target":["https:\/\/www.zoko.ro\/p\/casti-pentru-urechi-calduroase-de-iarna-marime-universala-gonga\/"]}]},{"@type":"ImageObject","inLanguage":"en-GB","@id":"https:\/\/www.zoko.ro\/p\/casti-pentru-urechi-calduroase-de-iarna-marime-universala-gonga\/#primaryimage","url":"https:\/\/www.zoko.ro\/wp-content\/uploads\/2025\/03\/cati-calduroase-de-iarna-gonga.jpg","contentUrl":"https:\/\/www.zoko.ro\/wp-content\/uploads\/2025\/03\/cati-calduroase-de-iarna-gonga.jpg","width":1200,"height":1200},{"@type":"BreadcrumbList","@id":"https:\/\/www.zoko.ro\/p\/casti-pentru-urechi-calduroase-de-iarna-marime-universala-gonga\/#breadcrumb","itemListElement":[{"@type":"ListItem","position":1,"name":"Home","item":"https:\/\/www.zoko.ro\/"},{"@type":"ListItem","position":2,"name":"Magazin","item":"https:\/\/www.zoko.ro\/magazin\/"},{"@type":"ListItem","position":3,"name":"C\u0103\u0219ti pentru urechi, c\u0103lduroase de iarn\u0103, m\u0103rime universal\u0103, Gonga\u00ae"}]},{"@type":"WebSite","@id":"https:\/\/www.zoko.ro\/#website","url":"https:\/\/www.zoko.ro\/","name":"ZOKO.ro","description":"Cump\u0103r\u0103 inteligent","publisher":{"@id":"https:\/\/www.zoko.ro\/#organization"},"potentialAction":[{"@type":"SearchAction","target":{"@type":"EntryPoint","urlTemplate":"https:\/\/www.zoko.ro\/?s={search_term_string}"},"query-input":{"@type":"PropertyValueSpecification","valueRequired":true,"valueName":"search_term_string"}}],"inLanguage":"en-GB"},{"@type":"Organization","@id":"https:\/\/www.zoko.ro\/#organization","name":"ZOKO","url":"https:\/\/www.zoko.ro\/","logo":{"@type":"ImageObject","inLanguage":"en-GB","@id":"https:\/\/www.zoko.ro\/#\/schema\/logo\/image\/","url":"https:\/\/www.zoko.ro\/wp-content\/uploads\/2025\/03\/logo1.svg","contentUrl":"https:\/\/www.zoko.ro\/wp-content\/uploads\/2025\/03\/logo1.svg","width":799,"height":216,"caption":"ZOKO"},"image":{"@id":"https:\/\/www.zoko.ro\/#\/schema\/logo\/image\/"},"sameAs":["https:\/\/www.facebook.com\/profile.php?id=61584344135075"]}]}},"_links":{"self":[{"href":"https:\/\/www.zoko.ro\/en\/wp-json\/wp\/v2\/product\/12038","targetHints":{"allow":["GET"]}}],"collection":[{"href":"https:\/\/www.zoko.ro\/en\/wp-json\/wp\/v2\/product"}],"about":[{"href":"https:\/\/www.zoko.ro\/en\/wp-json\/wp\/v2\/types\/product"}],"replies":[{"embeddable":true,"href":"https:\/\/www.zoko.ro\/en\/wp-json\/wp\/v2\/comments?post=12038"}],"version-history":[{"count":1,"href":"https:\/\/www.zoko.ro\/en\/wp-json\/wp\/v2\/product\/12038\/revisions"}],"predecessor-version":[{"id":12039,"href":"https:\/\/www.zoko.ro\/en\/wp-json\/wp\/v2\/product\/12038\/revisions\/12039"}],"wp:featuredmedia":[{"embeddable":true,"href":"https:\/\/www.zoko.ro\/en\/wp-json\/wp\/v2\/media\/12040"}],"wp:attachment":[{"href":"https:\/\/www.zoko.ro\/en\/wp-json\/wp\/v2\/media?parent=12038"}],"wp:term":[{"taxonomy":"product_brand","embeddable":true,"href":"https:\/\/www.zoko.ro\/en\/wp-json\/wp\/v2\/product_brand?post=12038"},{"taxonomy":"product_cat","embeddable":true,"href":"https:\/\/www.zoko.ro\/en\/wp-json\/wp\/v2\/product_cat?post=12038"},{"taxonomy":"product_tag","embeddable":true,"href":"https:\/\/www.zoko.ro\/en\/wp-json\/wp\/v2\/product_tag?post=12038"}],"curies":[{"name":"wp","href":"https:\/\/api.w.org\/{rel}","templated":true}]}}