{"id":12057,"date":"2026-04-28T23:35:01","date_gmt":"2026-04-28T21:35:01","guid":{"rendered":"https:\/\/www.zoko.ro\/p\/patura-tip-hanorac-cu-maneci-gluga-si-buzunar-captusita-cu-blana-gonga-2\/"},"modified":"2026-04-28T23:35:01","modified_gmt":"2026-04-28T21:35:01","slug":"patura-tip-hanorac-cu-maneci-gluga-si-buzunar-captusita-cu-blana-gonga-2","status":"publish","type":"product","link":"https:\/\/www.zoko.ro\/en\/p\/patura-tip-hanorac-cu-maneci-gluga-si-buzunar-captusita-cu-blana-gonga-2\/","title":{"rendered":"Patura tip hanorac, cu maneci, gluga si buzunar, captusita cu blana, Gonga\u00ae"},"content":{"rendered":"<p><strong>Culoare:<\/strong> Albastru<\/p>\n<p>P\u0103tura tip hanorac este combina\u021bia perfect\u0103 de confort \u0219i func\u021bionalitate pentru zilele reci. Echipat\u0103 cu m\u00e2neci, glug\u0103 \u0219i un buzunar generos, ofer\u0103 libertate de mi\u0219care \u0219i c\u0103ldur\u0103 maxim\u0103.<\/p>\n<p>C\u0103ptu\u0219it\u0103 cu blan\u0103 moale, aceast\u0103 p\u0103tur\u0103-\u00eembr\u0103c\u0103minte este ideal\u0103 pentru momentele de relaxare acas\u0103 sau pentru activit\u0103\u021bi \u00een aer liber.<\/p>\n<p>Stilul practic \u0219i materialele premium asigur\u0103 un confort de neegalat!<\/p>\n<\/p>\n<p><strong>Specificatii:<\/strong><\/p>\n<\/p>\n<p>&#8211; Material: Fleece<\/p>\n<p>&#8211; Dimensiune: Universala<\/p>","protected":false},"excerpt":{"rendered":"<p>Culoare: Albastru P\u0103tura tip hanorac este combina\u021bia perfect\u0103 de confort \u0219i func\u021bionalitate pentru zilele reci. Echipat\u0103 cu m\u00e2neci, glug\u0103 \u0219i<\/p>","protected":false},"featured_media":12059,"comment_status":"open","ping_status":"open","template":"","meta":[],"product_brand":[],"product_cat":[99,106,132],"product_tag":[104],"class_list":{"0":"post-12057","1":"product","2":"type-product","3":"status-publish","4":"has-post-thumbnail","6":"product_cat-acasa","7":"product_cat-fashion-accesorii","8":"product_cat-pijamale","9":"product_tag-in-stoc","10":"pa_culoare-albastru","12":"first","13":"instock","14":"sale","15":"purchasable","16":"product-type-simple"},"yoast_head":"<!-- This site is optimized with the Yoast SEO plugin v27.2 - https:\/\/yoast.com\/product\/yoast-seo-wordpress\/ -->\n<title>Patura tip hanorac, cu maneci, gluga si buzunar, captusita cu blana, Gonga\u00ae | ZOKO<\/title>\n<meta name=\"robots\" content=\"index, follow, max-snippet:-1, max-image-preview:large, max-video-preview:-1\" \/>\n<link rel=\"canonical\" href=\"https:\/\/www.zoko.ro\/en\/p\/patura-tip-hanorac-cu-maneci-gluga-si-buzunar-captusita-cu-blana-gonga-2\/\" \/>\n<meta property=\"og:locale\" content=\"en_GB\" \/>\n<meta property=\"og:type\" content=\"article\" \/>\n<meta property=\"og:title\" content=\"Patura tip hanorac, cu maneci, gluga si buzunar, captusita cu blana, Gonga\u00ae | ZOKO\" \/>\n<meta property=\"og:description\" content=\"Culoare: Albastru P\u0103tura tip hanorac este combina\u021bia perfect\u0103 de confort \u0219i func\u021bionalitate pentru zilele reci. Echipat\u0103 cu m\u00e2neci, glug\u0103 \u0219i\" \/>\n<meta property=\"og:url\" content=\"https:\/\/www.zoko.ro\/en\/p\/patura-tip-hanorac-cu-maneci-gluga-si-buzunar-captusita-cu-blana-gonga-2\/\" \/>\n<meta property=\"og:site_name\" content=\"ZOKO\" \/>\n<meta property=\"article:publisher\" content=\"https:\/\/www.facebook.com\/profile.php?id=61584344135075\" \/>\n<meta property=\"og:image\" content=\"https:\/\/www.zoko.ro\/wp-content\/uploads\/2025\/03\/patura-tip-hanorac-cu-maneci-gluga-si-buzunar-captusita-cu-blana-gonga-8.jpg\" \/>\n\t<meta property=\"og:image:width\" content=\"1200\" \/>\n\t<meta property=\"og:image:height\" content=\"1195\" \/>\n\t<meta property=\"og:image:type\" content=\"image\/jpeg\" \/>\n<meta name=\"twitter:card\" content=\"summary_large_image\" \/>\n<script type=\"application\/ld+json\" class=\"yoast-schema-graph\">{\"@context\":\"https:\/\/schema.org\",\"@graph\":[{\"@type\":\"WebPage\",\"@id\":\"https:\/\/www.zoko.ro\/p\/patura-tip-hanorac-cu-maneci-gluga-si-buzunar-captusita-cu-blana-gonga-2\/\",\"url\":\"https:\/\/www.zoko.ro\/p\/patura-tip-hanorac-cu-maneci-gluga-si-buzunar-captusita-cu-blana-gonga-2\/\",\"name\":\"Patura tip hanorac, cu maneci, gluga si buzunar, captusita cu blana, Gonga\u00ae | ZOKO\",\"isPartOf\":{\"@id\":\"https:\/\/www.zoko.ro\/#website\"},\"primaryImageOfPage\":{\"@id\":\"https:\/\/www.zoko.ro\/p\/patura-tip-hanorac-cu-maneci-gluga-si-buzunar-captusita-cu-blana-gonga-2\/#primaryimage\"},\"image\":{\"@id\":\"https:\/\/www.zoko.ro\/p\/patura-tip-hanorac-cu-maneci-gluga-si-buzunar-captusita-cu-blana-gonga-2\/#primaryimage\"},\"thumbnailUrl\":\"https:\/\/www.zoko.ro\/wp-content\/uploads\/2025\/03\/patura-tip-hanorac-cu-maneci-gluga-si-buzunar-captusita-cu-blana-gonga-8.jpg\",\"datePublished\":\"2026-04-28T21:35:01+00:00\",\"breadcrumb\":{\"@id\":\"https:\/\/www.zoko.ro\/p\/patura-tip-hanorac-cu-maneci-gluga-si-buzunar-captusita-cu-blana-gonga-2\/#breadcrumb\"},\"inLanguage\":\"en-GB\",\"potentialAction\":[{\"@type\":\"ReadAction\",\"target\":[\"https:\/\/www.zoko.ro\/p\/patura-tip-hanorac-cu-maneci-gluga-si-buzunar-captusita-cu-blana-gonga-2\/\"]}]},{\"@type\":\"ImageObject\",\"inLanguage\":\"en-GB\",\"@id\":\"https:\/\/www.zoko.ro\/p\/patura-tip-hanorac-cu-maneci-gluga-si-buzunar-captusita-cu-blana-gonga-2\/#primaryimage\",\"url\":\"https:\/\/www.zoko.ro\/wp-content\/uploads\/2025\/03\/patura-tip-hanorac-cu-maneci-gluga-si-buzunar-captusita-cu-blana-gonga-8.jpg\",\"contentUrl\":\"https:\/\/www.zoko.ro\/wp-content\/uploads\/2025\/03\/patura-tip-hanorac-cu-maneci-gluga-si-buzunar-captusita-cu-blana-gonga-8.jpg\",\"width\":1200,\"height\":1195},{\"@type\":\"BreadcrumbList\",\"@id\":\"https:\/\/www.zoko.ro\/p\/patura-tip-hanorac-cu-maneci-gluga-si-buzunar-captusita-cu-blana-gonga-2\/#breadcrumb\",\"itemListElement\":[{\"@type\":\"ListItem\",\"position\":1,\"name\":\"Home\",\"item\":\"https:\/\/www.zoko.ro\/\"},{\"@type\":\"ListItem\",\"position\":2,\"name\":\"Magazin\",\"item\":\"https:\/\/www.zoko.ro\/magazin\/\"},{\"@type\":\"ListItem\",\"position\":3,\"name\":\"Patura tip hanorac, cu maneci, gluga si buzunar, captusita cu blana, Gonga\u00ae\"}]},{\"@type\":\"WebSite\",\"@id\":\"https:\/\/www.zoko.ro\/#website\",\"url\":\"https:\/\/www.zoko.ro\/\",\"name\":\"ZOKO.ro\",\"description\":\"Cump\u0103r\u0103 inteligent\",\"publisher\":{\"@id\":\"https:\/\/www.zoko.ro\/#organization\"},\"potentialAction\":[{\"@type\":\"SearchAction\",\"target\":{\"@type\":\"EntryPoint\",\"urlTemplate\":\"https:\/\/www.zoko.ro\/?s={search_term_string}\"},\"query-input\":{\"@type\":\"PropertyValueSpecification\",\"valueRequired\":true,\"valueName\":\"search_term_string\"}}],\"inLanguage\":\"en-GB\"},{\"@type\":\"Organization\",\"@id\":\"https:\/\/www.zoko.ro\/#organization\",\"name\":\"ZOKO\",\"url\":\"https:\/\/www.zoko.ro\/\",\"logo\":{\"@type\":\"ImageObject\",\"inLanguage\":\"en-GB\",\"@id\":\"https:\/\/www.zoko.ro\/#\/schema\/logo\/image\/\",\"url\":\"https:\/\/www.zoko.ro\/wp-content\/uploads\/2025\/03\/logo1.svg\",\"contentUrl\":\"https:\/\/www.zoko.ro\/wp-content\/uploads\/2025\/03\/logo1.svg\",\"width\":799,\"height\":216,\"caption\":\"ZOKO\"},\"image\":{\"@id\":\"https:\/\/www.zoko.ro\/#\/schema\/logo\/image\/\"},\"sameAs\":[\"https:\/\/www.facebook.com\/profile.php?id=61584344135075\"]}]}<\/script>\n<!-- \/ Yoast SEO plugin. -->","yoast_head_json":{"title":"Patura tip hanorac, cu maneci, gluga si buzunar, captusita cu blana, Gonga\u00ae | ZOKO","robots":{"index":"index","follow":"follow","max-snippet":"max-snippet:-1","max-image-preview":"max-image-preview:large","max-video-preview":"max-video-preview:-1"},"canonical":"https:\/\/www.zoko.ro\/en\/p\/patura-tip-hanorac-cu-maneci-gluga-si-buzunar-captusita-cu-blana-gonga-2\/","og_locale":"en_GB","og_type":"article","og_title":"Patura tip hanorac, cu maneci, gluga si buzunar, captusita cu blana, Gonga\u00ae | ZOKO","og_description":"Culoare: Albastru P\u0103tura tip hanorac este combina\u021bia perfect\u0103 de confort \u0219i func\u021bionalitate pentru zilele reci. Echipat\u0103 cu m\u00e2neci, glug\u0103 \u0219i","og_url":"https:\/\/www.zoko.ro\/en\/p\/patura-tip-hanorac-cu-maneci-gluga-si-buzunar-captusita-cu-blana-gonga-2\/","og_site_name":"ZOKO","article_publisher":"https:\/\/www.facebook.com\/profile.php?id=61584344135075","og_image":[{"width":1200,"height":1195,"url":"https:\/\/www.zoko.ro\/wp-content\/uploads\/2025\/03\/patura-tip-hanorac-cu-maneci-gluga-si-buzunar-captusita-cu-blana-gonga-8.jpg","type":"image\/jpeg"}],"twitter_card":"summary_large_image","schema":{"@context":"https:\/\/schema.org","@graph":[{"@type":"WebPage","@id":"https:\/\/www.zoko.ro\/p\/patura-tip-hanorac-cu-maneci-gluga-si-buzunar-captusita-cu-blana-gonga-2\/","url":"https:\/\/www.zoko.ro\/p\/patura-tip-hanorac-cu-maneci-gluga-si-buzunar-captusita-cu-blana-gonga-2\/","name":"Patura tip hanorac, cu maneci, gluga si buzunar, captusita cu blana, Gonga\u00ae | ZOKO","isPartOf":{"@id":"https:\/\/www.zoko.ro\/#website"},"primaryImageOfPage":{"@id":"https:\/\/www.zoko.ro\/p\/patura-tip-hanorac-cu-maneci-gluga-si-buzunar-captusita-cu-blana-gonga-2\/#primaryimage"},"image":{"@id":"https:\/\/www.zoko.ro\/p\/patura-tip-hanorac-cu-maneci-gluga-si-buzunar-captusita-cu-blana-gonga-2\/#primaryimage"},"thumbnailUrl":"https:\/\/www.zoko.ro\/wp-content\/uploads\/2025\/03\/patura-tip-hanorac-cu-maneci-gluga-si-buzunar-captusita-cu-blana-gonga-8.jpg","datePublished":"2026-04-28T21:35:01+00:00","breadcrumb":{"@id":"https:\/\/www.zoko.ro\/p\/patura-tip-hanorac-cu-maneci-gluga-si-buzunar-captusita-cu-blana-gonga-2\/#breadcrumb"},"inLanguage":"en-GB","potentialAction":[{"@type":"ReadAction","target":["https:\/\/www.zoko.ro\/p\/patura-tip-hanorac-cu-maneci-gluga-si-buzunar-captusita-cu-blana-gonga-2\/"]}]},{"@type":"ImageObject","inLanguage":"en-GB","@id":"https:\/\/www.zoko.ro\/p\/patura-tip-hanorac-cu-maneci-gluga-si-buzunar-captusita-cu-blana-gonga-2\/#primaryimage","url":"https:\/\/www.zoko.ro\/wp-content\/uploads\/2025\/03\/patura-tip-hanorac-cu-maneci-gluga-si-buzunar-captusita-cu-blana-gonga-8.jpg","contentUrl":"https:\/\/www.zoko.ro\/wp-content\/uploads\/2025\/03\/patura-tip-hanorac-cu-maneci-gluga-si-buzunar-captusita-cu-blana-gonga-8.jpg","width":1200,"height":1195},{"@type":"BreadcrumbList","@id":"https:\/\/www.zoko.ro\/p\/patura-tip-hanorac-cu-maneci-gluga-si-buzunar-captusita-cu-blana-gonga-2\/#breadcrumb","itemListElement":[{"@type":"ListItem","position":1,"name":"Home","item":"https:\/\/www.zoko.ro\/"},{"@type":"ListItem","position":2,"name":"Magazin","item":"https:\/\/www.zoko.ro\/magazin\/"},{"@type":"ListItem","position":3,"name":"Patura tip hanorac, cu maneci, gluga si buzunar, captusita cu blana, Gonga\u00ae"}]},{"@type":"WebSite","@id":"https:\/\/www.zoko.ro\/#website","url":"https:\/\/www.zoko.ro\/","name":"ZOKO.ro","description":"Cump\u0103r\u0103 inteligent","publisher":{"@id":"https:\/\/www.zoko.ro\/#organization"},"potentialAction":[{"@type":"SearchAction","target":{"@type":"EntryPoint","urlTemplate":"https:\/\/www.zoko.ro\/?s={search_term_string}"},"query-input":{"@type":"PropertyValueSpecification","valueRequired":true,"valueName":"search_term_string"}}],"inLanguage":"en-GB"},{"@type":"Organization","@id":"https:\/\/www.zoko.ro\/#organization","name":"ZOKO","url":"https:\/\/www.zoko.ro\/","logo":{"@type":"ImageObject","inLanguage":"en-GB","@id":"https:\/\/www.zoko.ro\/#\/schema\/logo\/image\/","url":"https:\/\/www.zoko.ro\/wp-content\/uploads\/2025\/03\/logo1.svg","contentUrl":"https:\/\/www.zoko.ro\/wp-content\/uploads\/2025\/03\/logo1.svg","width":799,"height":216,"caption":"ZOKO"},"image":{"@id":"https:\/\/www.zoko.ro\/#\/schema\/logo\/image\/"},"sameAs":["https:\/\/www.facebook.com\/profile.php?id=61584344135075"]}]}},"_links":{"self":[{"href":"https:\/\/www.zoko.ro\/en\/wp-json\/wp\/v2\/product\/12057","targetHints":{"allow":["GET"]}}],"collection":[{"href":"https:\/\/www.zoko.ro\/en\/wp-json\/wp\/v2\/product"}],"about":[{"href":"https:\/\/www.zoko.ro\/en\/wp-json\/wp\/v2\/types\/product"}],"replies":[{"embeddable":true,"href":"https:\/\/www.zoko.ro\/en\/wp-json\/wp\/v2\/comments?post=12057"}],"version-history":[{"count":1,"href":"https:\/\/www.zoko.ro\/en\/wp-json\/wp\/v2\/product\/12057\/revisions"}],"predecessor-version":[{"id":12058,"href":"https:\/\/www.zoko.ro\/en\/wp-json\/wp\/v2\/product\/12057\/revisions\/12058"}],"wp:featuredmedia":[{"embeddable":true,"href":"https:\/\/www.zoko.ro\/en\/wp-json\/wp\/v2\/media\/12059"}],"wp:attachment":[{"href":"https:\/\/www.zoko.ro\/en\/wp-json\/wp\/v2\/media?parent=12057"}],"wp:term":[{"taxonomy":"product_brand","embeddable":true,"href":"https:\/\/www.zoko.ro\/en\/wp-json\/wp\/v2\/product_brand?post=12057"},{"taxonomy":"product_cat","embeddable":true,"href":"https:\/\/www.zoko.ro\/en\/wp-json\/wp\/v2\/product_cat?post=12057"},{"taxonomy":"product_tag","embeddable":true,"href":"https:\/\/www.zoko.ro\/en\/wp-json\/wp\/v2\/product_tag?post=12057"}],"curies":[{"name":"wp","href":"https:\/\/api.w.org\/{rel}","templated":true}]}}