{"id":12113,"date":"2026-04-28T23:36:04","date_gmt":"2026-04-28T21:36:04","guid":{"rendered":"https:\/\/www.zoko.ro\/p\/set-dopurile-de-urechi-reutilizabilegonga\/"},"modified":"2026-04-28T23:36:04","modified_gmt":"2026-04-28T21:36:04","slug":"set-dopurile-de-urechi-reutilizabilegonga","status":"publish","type":"product","link":"https:\/\/www.zoko.ro\/en\/p\/set-dopurile-de-urechi-reutilizabilegonga\/","title":{"rendered":"Set dopurile de urechi reutilizabile,Gonga\u00ae"},"content":{"rendered":"<p><strong>Culoare:<\/strong> Negru<\/p>\n<p>Aceste dopuri de urechi reutilizabile sunt solu\u021bia ideal\u0103 pentru a-\u021bi proteja auzul de zgomotul excesiv. Fie c\u0103 lucrezi \u00een industrie, construc\u021bii, participi la concerte sau pur \u0219i simplu dore\u0219ti lini\u0219te acas\u0103 pentru un somn odihnitor sau lectura unei c\u0103r\u021bi, dopurile sunt create pentru a oferi confort \u0219i siguran\u021b\u0103.<\/p>\n<p><strong>Caracteristici principale:<\/strong><\/p>\n<ul>\n<li>Form\u0103 ergonomic\u0103: Designul faciliteaz\u0103 introducerea \u0219i \u00eendep\u0103rtarea dopurilor, fiind potrivit pentru orice utilizator.<\/li>\n<li>Confort sporit: Presiunea minim\u0103 exercitat\u0103 asigur\u0103 utilizare \u00eendelungat\u0103 f\u0103r\u0103 disconfort sau irita\u021bii.<\/li>\n<li>Adaptabilitate universal\u0103: Construc\u021bia conic\u0103 se potrive\u0219te diferitelor forme \u0219i dimensiuni ale canalului urechii.<\/li>\n<li>Marcaje utile: Indicatorii \u201eL\u201d \u0219i \u201eR\u201d simplific\u0103 pozi\u021bionarea pe urechea corespunz\u0103toare.<\/li>\n<li>M\u00e2ner practic: Permite \u00eendep\u0103rtarea rapid\u0103 \u0219i u\u0219oar\u0103 a dopurilor.<\/li>\n<\/ul>\n<p><strong>Not\u0103:<\/strong><\/p>\n<p>Setul include o pereche (2 buc\u0103\u021bi) de dopuri de urechi.<\/p>\n<p>Perfecte pentru utiliz\u0103ri diverse, aceste dopuri ergonomice asigur\u0103 o experien\u021b\u0103 pl\u0103cut\u0103 \u0219i eficient\u0103 \u00een orice situa\u021bie!<\/p>\n<\/p>\n<p><strong>Specifica\u021bii:<\/strong><\/p>\n<p>&#8211; Material: Silicon TPE, moale \u0219i durabil<\/p>\n<p>&#8211; Ad\u00e2ncime dop: 14 mm<\/p>\n<p>&#8211; Dimensiuni exterioare: 17 mm x 22 mm<\/p>\n<p>&#8211; Culoare: Negru<\/p>","protected":false},"excerpt":{"rendered":"<p>Culoare: Negru Aceste dopuri de urechi reutilizabile sunt solu\u021bia ideal\u0103 pentru a-\u021bi proteja auzul de zgomotul excesiv. Fie c\u0103 lucrezi<\/p>","protected":false},"featured_media":12115,"comment_status":"open","ping_status":"open","template":"","meta":[],"product_brand":[],"product_cat":[99,115,172,114],"product_tag":[104],"class_list":{"0":"post-12113","1":"product","2":"type-product","3":"status-publish","4":"has-post-thumbnail","6":"product_cat-acasa","7":"product_cat-aparate-accesorii-ingrijire-personala","8":"product_cat-dopuri-pentru-urechi","9":"product_cat-ingrijire-personala-cosmetice","10":"product_tag-in-stoc","11":"pa_culoare-negru","13":"first","14":"instock","15":"sale","16":"purchasable","17":"product-type-simple"},"yoast_head":"<!-- This site is optimized with the Yoast SEO plugin v27.2 - https:\/\/yoast.com\/product\/yoast-seo-wordpress\/ -->\n<title>Set dopurile de urechi reutilizabile,Gonga\u00ae | ZOKO<\/title>\n<meta name=\"robots\" content=\"index, follow, max-snippet:-1, max-image-preview:large, max-video-preview:-1\" \/>\n<link rel=\"canonical\" href=\"https:\/\/www.zoko.ro\/en\/p\/set-dopurile-de-urechi-reutilizabilegonga\/\" \/>\n<meta property=\"og:locale\" content=\"en_GB\" \/>\n<meta property=\"og:type\" content=\"article\" \/>\n<meta property=\"og:title\" content=\"Set dopurile de urechi reutilizabile,Gonga\u00ae | ZOKO\" \/>\n<meta property=\"og:description\" content=\"Culoare: Negru Aceste dopuri de urechi reutilizabile sunt solu\u021bia ideal\u0103 pentru a-\u021bi proteja auzul de zgomotul excesiv. Fie c\u0103 lucrezi\" \/>\n<meta property=\"og:url\" content=\"https:\/\/www.zoko.ro\/en\/p\/set-dopurile-de-urechi-reutilizabilegonga\/\" \/>\n<meta property=\"og:site_name\" content=\"ZOKO\" \/>\n<meta property=\"article:publisher\" content=\"https:\/\/www.facebook.com\/profile.php?id=61584344135075\" \/>\n<meta property=\"og:image\" content=\"https:\/\/www.zoko.ro\/wp-content\/uploads\/2025\/03\/set-dopurile-de-urechi-reutilizabilegonga.jpg\" \/>\n\t<meta property=\"og:image:width\" content=\"1200\" \/>\n\t<meta property=\"og:image:height\" content=\"1195\" \/>\n\t<meta property=\"og:image:type\" content=\"image\/jpeg\" \/>\n<meta name=\"twitter:card\" content=\"summary_large_image\" \/>\n<meta name=\"twitter:label1\" content=\"Estimated reading time\" \/>\n\t<meta name=\"twitter:data1\" content=\"1 minute\" \/>\n<script type=\"application\/ld+json\" class=\"yoast-schema-graph\">{\"@context\":\"https:\/\/schema.org\",\"@graph\":[{\"@type\":\"WebPage\",\"@id\":\"https:\/\/www.zoko.ro\/p\/set-dopurile-de-urechi-reutilizabilegonga\/\",\"url\":\"https:\/\/www.zoko.ro\/p\/set-dopurile-de-urechi-reutilizabilegonga\/\",\"name\":\"Set dopurile de urechi reutilizabile,Gonga\u00ae | ZOKO\",\"isPartOf\":{\"@id\":\"https:\/\/www.zoko.ro\/#website\"},\"primaryImageOfPage\":{\"@id\":\"https:\/\/www.zoko.ro\/p\/set-dopurile-de-urechi-reutilizabilegonga\/#primaryimage\"},\"image\":{\"@id\":\"https:\/\/www.zoko.ro\/p\/set-dopurile-de-urechi-reutilizabilegonga\/#primaryimage\"},\"thumbnailUrl\":\"https:\/\/www.zoko.ro\/wp-content\/uploads\/2025\/03\/set-dopurile-de-urechi-reutilizabilegonga.jpg\",\"datePublished\":\"2026-04-28T21:36:04+00:00\",\"breadcrumb\":{\"@id\":\"https:\/\/www.zoko.ro\/p\/set-dopurile-de-urechi-reutilizabilegonga\/#breadcrumb\"},\"inLanguage\":\"en-GB\",\"potentialAction\":[{\"@type\":\"ReadAction\",\"target\":[\"https:\/\/www.zoko.ro\/p\/set-dopurile-de-urechi-reutilizabilegonga\/\"]}]},{\"@type\":\"ImageObject\",\"inLanguage\":\"en-GB\",\"@id\":\"https:\/\/www.zoko.ro\/p\/set-dopurile-de-urechi-reutilizabilegonga\/#primaryimage\",\"url\":\"https:\/\/www.zoko.ro\/wp-content\/uploads\/2025\/03\/set-dopurile-de-urechi-reutilizabilegonga.jpg\",\"contentUrl\":\"https:\/\/www.zoko.ro\/wp-content\/uploads\/2025\/03\/set-dopurile-de-urechi-reutilizabilegonga.jpg\",\"width\":1200,\"height\":1195},{\"@type\":\"BreadcrumbList\",\"@id\":\"https:\/\/www.zoko.ro\/p\/set-dopurile-de-urechi-reutilizabilegonga\/#breadcrumb\",\"itemListElement\":[{\"@type\":\"ListItem\",\"position\":1,\"name\":\"Home\",\"item\":\"https:\/\/www.zoko.ro\/\"},{\"@type\":\"ListItem\",\"position\":2,\"name\":\"Magazin\",\"item\":\"https:\/\/www.zoko.ro\/magazin\/\"},{\"@type\":\"ListItem\",\"position\":3,\"name\":\"Set dopurile de urechi reutilizabile,Gonga\u00ae\"}]},{\"@type\":\"WebSite\",\"@id\":\"https:\/\/www.zoko.ro\/#website\",\"url\":\"https:\/\/www.zoko.ro\/\",\"name\":\"ZOKO.ro\",\"description\":\"Cump\u0103r\u0103 inteligent\",\"publisher\":{\"@id\":\"https:\/\/www.zoko.ro\/#organization\"},\"potentialAction\":[{\"@type\":\"SearchAction\",\"target\":{\"@type\":\"EntryPoint\",\"urlTemplate\":\"https:\/\/www.zoko.ro\/?s={search_term_string}\"},\"query-input\":{\"@type\":\"PropertyValueSpecification\",\"valueRequired\":true,\"valueName\":\"search_term_string\"}}],\"inLanguage\":\"en-GB\"},{\"@type\":\"Organization\",\"@id\":\"https:\/\/www.zoko.ro\/#organization\",\"name\":\"ZOKO\",\"url\":\"https:\/\/www.zoko.ro\/\",\"logo\":{\"@type\":\"ImageObject\",\"inLanguage\":\"en-GB\",\"@id\":\"https:\/\/www.zoko.ro\/#\/schema\/logo\/image\/\",\"url\":\"https:\/\/www.zoko.ro\/wp-content\/uploads\/2025\/03\/logo1.svg\",\"contentUrl\":\"https:\/\/www.zoko.ro\/wp-content\/uploads\/2025\/03\/logo1.svg\",\"width\":799,\"height\":216,\"caption\":\"ZOKO\"},\"image\":{\"@id\":\"https:\/\/www.zoko.ro\/#\/schema\/logo\/image\/\"},\"sameAs\":[\"https:\/\/www.facebook.com\/profile.php?id=61584344135075\"]}]}<\/script>\n<!-- \/ Yoast SEO plugin. -->","yoast_head_json":{"title":"Set dopurile de urechi reutilizabile,Gonga\u00ae | ZOKO","robots":{"index":"index","follow":"follow","max-snippet":"max-snippet:-1","max-image-preview":"max-image-preview:large","max-video-preview":"max-video-preview:-1"},"canonical":"https:\/\/www.zoko.ro\/en\/p\/set-dopurile-de-urechi-reutilizabilegonga\/","og_locale":"en_GB","og_type":"article","og_title":"Set dopurile de urechi reutilizabile,Gonga\u00ae | ZOKO","og_description":"Culoare: Negru Aceste dopuri de urechi reutilizabile sunt solu\u021bia ideal\u0103 pentru a-\u021bi proteja auzul de zgomotul excesiv. Fie c\u0103 lucrezi","og_url":"https:\/\/www.zoko.ro\/en\/p\/set-dopurile-de-urechi-reutilizabilegonga\/","og_site_name":"ZOKO","article_publisher":"https:\/\/www.facebook.com\/profile.php?id=61584344135075","og_image":[{"width":1200,"height":1195,"url":"https:\/\/www.zoko.ro\/wp-content\/uploads\/2025\/03\/set-dopurile-de-urechi-reutilizabilegonga.jpg","type":"image\/jpeg"}],"twitter_card":"summary_large_image","twitter_misc":{"Estimated reading time":"1 minute"},"schema":{"@context":"https:\/\/schema.org","@graph":[{"@type":"WebPage","@id":"https:\/\/www.zoko.ro\/p\/set-dopurile-de-urechi-reutilizabilegonga\/","url":"https:\/\/www.zoko.ro\/p\/set-dopurile-de-urechi-reutilizabilegonga\/","name":"Set dopurile de urechi reutilizabile,Gonga\u00ae | ZOKO","isPartOf":{"@id":"https:\/\/www.zoko.ro\/#website"},"primaryImageOfPage":{"@id":"https:\/\/www.zoko.ro\/p\/set-dopurile-de-urechi-reutilizabilegonga\/#primaryimage"},"image":{"@id":"https:\/\/www.zoko.ro\/p\/set-dopurile-de-urechi-reutilizabilegonga\/#primaryimage"},"thumbnailUrl":"https:\/\/www.zoko.ro\/wp-content\/uploads\/2025\/03\/set-dopurile-de-urechi-reutilizabilegonga.jpg","datePublished":"2026-04-28T21:36:04+00:00","breadcrumb":{"@id":"https:\/\/www.zoko.ro\/p\/set-dopurile-de-urechi-reutilizabilegonga\/#breadcrumb"},"inLanguage":"en-GB","potentialAction":[{"@type":"ReadAction","target":["https:\/\/www.zoko.ro\/p\/set-dopurile-de-urechi-reutilizabilegonga\/"]}]},{"@type":"ImageObject","inLanguage":"en-GB","@id":"https:\/\/www.zoko.ro\/p\/set-dopurile-de-urechi-reutilizabilegonga\/#primaryimage","url":"https:\/\/www.zoko.ro\/wp-content\/uploads\/2025\/03\/set-dopurile-de-urechi-reutilizabilegonga.jpg","contentUrl":"https:\/\/www.zoko.ro\/wp-content\/uploads\/2025\/03\/set-dopurile-de-urechi-reutilizabilegonga.jpg","width":1200,"height":1195},{"@type":"BreadcrumbList","@id":"https:\/\/www.zoko.ro\/p\/set-dopurile-de-urechi-reutilizabilegonga\/#breadcrumb","itemListElement":[{"@type":"ListItem","position":1,"name":"Home","item":"https:\/\/www.zoko.ro\/"},{"@type":"ListItem","position":2,"name":"Magazin","item":"https:\/\/www.zoko.ro\/magazin\/"},{"@type":"ListItem","position":3,"name":"Set dopurile de urechi reutilizabile,Gonga\u00ae"}]},{"@type":"WebSite","@id":"https:\/\/www.zoko.ro\/#website","url":"https:\/\/www.zoko.ro\/","name":"ZOKO.ro","description":"Cump\u0103r\u0103 inteligent","publisher":{"@id":"https:\/\/www.zoko.ro\/#organization"},"potentialAction":[{"@type":"SearchAction","target":{"@type":"EntryPoint","urlTemplate":"https:\/\/www.zoko.ro\/?s={search_term_string}"},"query-input":{"@type":"PropertyValueSpecification","valueRequired":true,"valueName":"search_term_string"}}],"inLanguage":"en-GB"},{"@type":"Organization","@id":"https:\/\/www.zoko.ro\/#organization","name":"ZOKO","url":"https:\/\/www.zoko.ro\/","logo":{"@type":"ImageObject","inLanguage":"en-GB","@id":"https:\/\/www.zoko.ro\/#\/schema\/logo\/image\/","url":"https:\/\/www.zoko.ro\/wp-content\/uploads\/2025\/03\/logo1.svg","contentUrl":"https:\/\/www.zoko.ro\/wp-content\/uploads\/2025\/03\/logo1.svg","width":799,"height":216,"caption":"ZOKO"},"image":{"@id":"https:\/\/www.zoko.ro\/#\/schema\/logo\/image\/"},"sameAs":["https:\/\/www.facebook.com\/profile.php?id=61584344135075"]}]}},"_links":{"self":[{"href":"https:\/\/www.zoko.ro\/en\/wp-json\/wp\/v2\/product\/12113","targetHints":{"allow":["GET"]}}],"collection":[{"href":"https:\/\/www.zoko.ro\/en\/wp-json\/wp\/v2\/product"}],"about":[{"href":"https:\/\/www.zoko.ro\/en\/wp-json\/wp\/v2\/types\/product"}],"replies":[{"embeddable":true,"href":"https:\/\/www.zoko.ro\/en\/wp-json\/wp\/v2\/comments?post=12113"}],"version-history":[{"count":1,"href":"https:\/\/www.zoko.ro\/en\/wp-json\/wp\/v2\/product\/12113\/revisions"}],"predecessor-version":[{"id":12114,"href":"https:\/\/www.zoko.ro\/en\/wp-json\/wp\/v2\/product\/12113\/revisions\/12114"}],"wp:featuredmedia":[{"embeddable":true,"href":"https:\/\/www.zoko.ro\/en\/wp-json\/wp\/v2\/media\/12115"}],"wp:attachment":[{"href":"https:\/\/www.zoko.ro\/en\/wp-json\/wp\/v2\/media?parent=12113"}],"wp:term":[{"taxonomy":"product_brand","embeddable":true,"href":"https:\/\/www.zoko.ro\/en\/wp-json\/wp\/v2\/product_brand?post=12113"},{"taxonomy":"product_cat","embeddable":true,"href":"https:\/\/www.zoko.ro\/en\/wp-json\/wp\/v2\/product_cat?post=12113"},{"taxonomy":"product_tag","embeddable":true,"href":"https:\/\/www.zoko.ro\/en\/wp-json\/wp\/v2\/product_tag?post=12113"}],"curies":[{"name":"wp","href":"https:\/\/api.w.org\/{rel}","templated":true}]}}