{"id":12122,"date":"2026-04-28T23:36:04","date_gmt":"2026-04-28T21:36:04","guid":{"rendered":"https:\/\/www.zoko.ro\/p\/set-2-branturi-pentru-calcai-din-poliester-3mmgonga\/"},"modified":"2026-04-28T23:36:04","modified_gmt":"2026-04-28T21:36:04","slug":"set-2-branturi-pentru-calcai-din-poliester-3mmgonga","status":"publish","type":"product","link":"https:\/\/www.zoko.ro\/en\/p\/set-2-branturi-pentru-calcai-din-poliester-3mmgonga\/","title":{"rendered":"Set 2 branturi pentru calcai din poliester, 3mm,Gonga\u00ae"},"content":{"rendered":"<p><strong>Culoare:<\/strong> Crem<\/p>\n<p>Acest set de bran\u021buri pentru c\u0103lc\u00e2i, realizate din spum\u0103 moale \u0219i acoperite cu material textil, ofer\u0103 protec\u021bie excelent\u0103 \u00eempotriva abraziunilor \u0219i amortizare eficient\u0103 \u00een timpul mersului. Designul ergonomic \u0219i prinderea cu band\u0103 autoadeziv\u0103 asigur\u0103 confort \u0219i stabilitate, fiind ideale pentru orice tip de \u00eenc\u0103l\u021b\u0103minte, inclusiv pantofi cu toc.<\/p>\n<p><strong>Caracteristici principale:<\/strong><\/p>\n<ul>\n<li>Protec\u021bie \u0219i amortizare: Bran\u021burile de 3 mm grosime reduc frecarea \u0219i protejeaz\u0103 c\u0103lc\u00e2iul \u00een timpul utiliz\u0103rii prelungite.<\/li>\n<li>Material de calitate: Realizate din spum\u0103 moale 4D \u0219i acoperite cu poliester, pentru un confort sporit.<\/li>\n<li>Prindere autoadeziv\u0103: U\u0219or de montat \u0219i stabil, f\u0103r\u0103 alunecare.<\/li>\n<li>Versatilitate: Potrivite pentru pantofi de dam\u0103, \u00eenc\u0103l\u021b\u0103minte cu toc \u00eenalt sau alte tipuri de pantofi.<\/li>\n<\/ul>\n<p><strong>Con\u021binutul pachetului:<\/strong><\/p>\n<ul>\n<li>1 pereche de bran\u021buri pentru c\u0103lc\u00e2i (2 buc\u0103\u021bi)<\/li>\n<\/ul>\n<p>Perfecte pentru un plus de confort \u0219i protec\u021bie, aceste bran\u021buri sunt alegerea ideal\u0103 pentru a transforma orice \u00eenc\u0103l\u021b\u0103minte \u00eentr-o experien\u021b\u0103 mai pl\u0103cut\u0103!<\/p>\n<\/p>\n<p><strong>Specifica\u021bii:<\/strong><\/p>\n<p>&#8211; Material: Spum\u0103 4D + poliester<\/p>\n<p>&#8211; Grosime: 3 mm<\/p>\n<p>&#8211; Dimensiuni:<\/p>\n<p>L\u0103\u021bime: 10,3 cm<\/p>\n<p>\u00cen\u0103l\u021bime: 3,5 cm<\/p>\n<p>&#8211; Culoare: Crem<\/p>","protected":false},"excerpt":{"rendered":"<p>Culoare: Crem Acest set de bran\u021buri pentru c\u0103lc\u00e2i, realizate din spum\u0103 moale \u0219i acoperite cu material textil, ofer\u0103 protec\u021bie excelent\u0103<\/p>","protected":false},"featured_media":12124,"comment_status":"open","ping_status":"open","template":"","meta":[],"product_brand":[],"product_cat":[99,115,114],"product_tag":[104],"class_list":{"0":"post-12122","1":"product","2":"type-product","3":"status-publish","4":"has-post-thumbnail","6":"product_cat-acasa","7":"product_cat-aparate-accesorii-ingrijire-personala","8":"product_cat-ingrijire-personala-cosmetice","9":"product_tag-in-stoc","10":"pa_culoare-crem","12":"first","13":"instock","14":"sale","15":"purchasable","16":"product-type-simple"},"yoast_head":"<!-- This site is optimized with the Yoast SEO plugin v27.2 - https:\/\/yoast.com\/product\/yoast-seo-wordpress\/ -->\n<title>Set 2 branturi pentru calcai din poliester, 3mm,Gonga\u00ae | ZOKO<\/title>\n<meta name=\"robots\" content=\"index, follow, max-snippet:-1, max-image-preview:large, max-video-preview:-1\" \/>\n<link rel=\"canonical\" href=\"https:\/\/www.zoko.ro\/en\/p\/set-2-branturi-pentru-calcai-din-poliester-3mmgonga\/\" \/>\n<meta property=\"og:locale\" content=\"en_GB\" \/>\n<meta property=\"og:type\" content=\"article\" \/>\n<meta property=\"og:title\" content=\"Set 2 branturi pentru calcai din poliester, 3mm,Gonga\u00ae | ZOKO\" \/>\n<meta property=\"og:description\" content=\"Culoare: Crem Acest set de bran\u021buri pentru c\u0103lc\u00e2i, realizate din spum\u0103 moale \u0219i acoperite cu material textil, ofer\u0103 protec\u021bie excelent\u0103\" \/>\n<meta property=\"og:url\" content=\"https:\/\/www.zoko.ro\/en\/p\/set-2-branturi-pentru-calcai-din-poliester-3mmgonga\/\" \/>\n<meta property=\"og:site_name\" content=\"ZOKO\" \/>\n<meta property=\"article:publisher\" content=\"https:\/\/www.facebook.com\/profile.php?id=61584344135075\" \/>\n<meta property=\"og:image\" content=\"https:\/\/www.zoko.ro\/wp-content\/uploads\/2025\/03\/set-2-branturi-pentru-calcai-din-poliester-3mmgonga.jpg\" \/>\n\t<meta property=\"og:image:width\" content=\"1200\" \/>\n\t<meta property=\"og:image:height\" content=\"1108\" \/>\n\t<meta property=\"og:image:type\" content=\"image\/jpeg\" \/>\n<meta name=\"twitter:card\" content=\"summary_large_image\" \/>\n<meta name=\"twitter:label1\" content=\"Estimated reading time\" \/>\n\t<meta name=\"twitter:data1\" content=\"1 minute\" \/>\n<script type=\"application\/ld+json\" class=\"yoast-schema-graph\">{\"@context\":\"https:\/\/schema.org\",\"@graph\":[{\"@type\":\"WebPage\",\"@id\":\"https:\/\/www.zoko.ro\/p\/set-2-branturi-pentru-calcai-din-poliester-3mmgonga\/\",\"url\":\"https:\/\/www.zoko.ro\/p\/set-2-branturi-pentru-calcai-din-poliester-3mmgonga\/\",\"name\":\"Set 2 branturi pentru calcai din poliester, 3mm,Gonga\u00ae | ZOKO\",\"isPartOf\":{\"@id\":\"https:\/\/www.zoko.ro\/#website\"},\"primaryImageOfPage\":{\"@id\":\"https:\/\/www.zoko.ro\/p\/set-2-branturi-pentru-calcai-din-poliester-3mmgonga\/#primaryimage\"},\"image\":{\"@id\":\"https:\/\/www.zoko.ro\/p\/set-2-branturi-pentru-calcai-din-poliester-3mmgonga\/#primaryimage\"},\"thumbnailUrl\":\"https:\/\/www.zoko.ro\/wp-content\/uploads\/2025\/03\/set-2-branturi-pentru-calcai-din-poliester-3mmgonga.jpg\",\"datePublished\":\"2026-04-28T21:36:04+00:00\",\"breadcrumb\":{\"@id\":\"https:\/\/www.zoko.ro\/p\/set-2-branturi-pentru-calcai-din-poliester-3mmgonga\/#breadcrumb\"},\"inLanguage\":\"en-GB\",\"potentialAction\":[{\"@type\":\"ReadAction\",\"target\":[\"https:\/\/www.zoko.ro\/p\/set-2-branturi-pentru-calcai-din-poliester-3mmgonga\/\"]}]},{\"@type\":\"ImageObject\",\"inLanguage\":\"en-GB\",\"@id\":\"https:\/\/www.zoko.ro\/p\/set-2-branturi-pentru-calcai-din-poliester-3mmgonga\/#primaryimage\",\"url\":\"https:\/\/www.zoko.ro\/wp-content\/uploads\/2025\/03\/set-2-branturi-pentru-calcai-din-poliester-3mmgonga.jpg\",\"contentUrl\":\"https:\/\/www.zoko.ro\/wp-content\/uploads\/2025\/03\/set-2-branturi-pentru-calcai-din-poliester-3mmgonga.jpg\",\"width\":1200,\"height\":1108},{\"@type\":\"BreadcrumbList\",\"@id\":\"https:\/\/www.zoko.ro\/p\/set-2-branturi-pentru-calcai-din-poliester-3mmgonga\/#breadcrumb\",\"itemListElement\":[{\"@type\":\"ListItem\",\"position\":1,\"name\":\"Home\",\"item\":\"https:\/\/www.zoko.ro\/\"},{\"@type\":\"ListItem\",\"position\":2,\"name\":\"Magazin\",\"item\":\"https:\/\/www.zoko.ro\/magazin\/\"},{\"@type\":\"ListItem\",\"position\":3,\"name\":\"Set 2 branturi pentru calcai din poliester, 3mm,Gonga\u00ae\"}]},{\"@type\":\"WebSite\",\"@id\":\"https:\/\/www.zoko.ro\/#website\",\"url\":\"https:\/\/www.zoko.ro\/\",\"name\":\"ZOKO.ro\",\"description\":\"Cump\u0103r\u0103 inteligent\",\"publisher\":{\"@id\":\"https:\/\/www.zoko.ro\/#organization\"},\"potentialAction\":[{\"@type\":\"SearchAction\",\"target\":{\"@type\":\"EntryPoint\",\"urlTemplate\":\"https:\/\/www.zoko.ro\/?s={search_term_string}\"},\"query-input\":{\"@type\":\"PropertyValueSpecification\",\"valueRequired\":true,\"valueName\":\"search_term_string\"}}],\"inLanguage\":\"en-GB\"},{\"@type\":\"Organization\",\"@id\":\"https:\/\/www.zoko.ro\/#organization\",\"name\":\"ZOKO\",\"url\":\"https:\/\/www.zoko.ro\/\",\"logo\":{\"@type\":\"ImageObject\",\"inLanguage\":\"en-GB\",\"@id\":\"https:\/\/www.zoko.ro\/#\/schema\/logo\/image\/\",\"url\":\"https:\/\/www.zoko.ro\/wp-content\/uploads\/2025\/03\/logo1.svg\",\"contentUrl\":\"https:\/\/www.zoko.ro\/wp-content\/uploads\/2025\/03\/logo1.svg\",\"width\":799,\"height\":216,\"caption\":\"ZOKO\"},\"image\":{\"@id\":\"https:\/\/www.zoko.ro\/#\/schema\/logo\/image\/\"},\"sameAs\":[\"https:\/\/www.facebook.com\/profile.php?id=61584344135075\"]}]}<\/script>\n<!-- \/ Yoast SEO plugin. -->","yoast_head_json":{"title":"Set 2 branturi pentru calcai din poliester, 3mm,Gonga\u00ae | ZOKO","robots":{"index":"index","follow":"follow","max-snippet":"max-snippet:-1","max-image-preview":"max-image-preview:large","max-video-preview":"max-video-preview:-1"},"canonical":"https:\/\/www.zoko.ro\/en\/p\/set-2-branturi-pentru-calcai-din-poliester-3mmgonga\/","og_locale":"en_GB","og_type":"article","og_title":"Set 2 branturi pentru calcai din poliester, 3mm,Gonga\u00ae | ZOKO","og_description":"Culoare: Crem Acest set de bran\u021buri pentru c\u0103lc\u00e2i, realizate din spum\u0103 moale \u0219i acoperite cu material textil, ofer\u0103 protec\u021bie excelent\u0103","og_url":"https:\/\/www.zoko.ro\/en\/p\/set-2-branturi-pentru-calcai-din-poliester-3mmgonga\/","og_site_name":"ZOKO","article_publisher":"https:\/\/www.facebook.com\/profile.php?id=61584344135075","og_image":[{"width":1200,"height":1108,"url":"https:\/\/www.zoko.ro\/wp-content\/uploads\/2025\/03\/set-2-branturi-pentru-calcai-din-poliester-3mmgonga.jpg","type":"image\/jpeg"}],"twitter_card":"summary_large_image","twitter_misc":{"Estimated reading time":"1 minute"},"schema":{"@context":"https:\/\/schema.org","@graph":[{"@type":"WebPage","@id":"https:\/\/www.zoko.ro\/p\/set-2-branturi-pentru-calcai-din-poliester-3mmgonga\/","url":"https:\/\/www.zoko.ro\/p\/set-2-branturi-pentru-calcai-din-poliester-3mmgonga\/","name":"Set 2 branturi pentru calcai din poliester, 3mm,Gonga\u00ae | ZOKO","isPartOf":{"@id":"https:\/\/www.zoko.ro\/#website"},"primaryImageOfPage":{"@id":"https:\/\/www.zoko.ro\/p\/set-2-branturi-pentru-calcai-din-poliester-3mmgonga\/#primaryimage"},"image":{"@id":"https:\/\/www.zoko.ro\/p\/set-2-branturi-pentru-calcai-din-poliester-3mmgonga\/#primaryimage"},"thumbnailUrl":"https:\/\/www.zoko.ro\/wp-content\/uploads\/2025\/03\/set-2-branturi-pentru-calcai-din-poliester-3mmgonga.jpg","datePublished":"2026-04-28T21:36:04+00:00","breadcrumb":{"@id":"https:\/\/www.zoko.ro\/p\/set-2-branturi-pentru-calcai-din-poliester-3mmgonga\/#breadcrumb"},"inLanguage":"en-GB","potentialAction":[{"@type":"ReadAction","target":["https:\/\/www.zoko.ro\/p\/set-2-branturi-pentru-calcai-din-poliester-3mmgonga\/"]}]},{"@type":"ImageObject","inLanguage":"en-GB","@id":"https:\/\/www.zoko.ro\/p\/set-2-branturi-pentru-calcai-din-poliester-3mmgonga\/#primaryimage","url":"https:\/\/www.zoko.ro\/wp-content\/uploads\/2025\/03\/set-2-branturi-pentru-calcai-din-poliester-3mmgonga.jpg","contentUrl":"https:\/\/www.zoko.ro\/wp-content\/uploads\/2025\/03\/set-2-branturi-pentru-calcai-din-poliester-3mmgonga.jpg","width":1200,"height":1108},{"@type":"BreadcrumbList","@id":"https:\/\/www.zoko.ro\/p\/set-2-branturi-pentru-calcai-din-poliester-3mmgonga\/#breadcrumb","itemListElement":[{"@type":"ListItem","position":1,"name":"Home","item":"https:\/\/www.zoko.ro\/"},{"@type":"ListItem","position":2,"name":"Magazin","item":"https:\/\/www.zoko.ro\/magazin\/"},{"@type":"ListItem","position":3,"name":"Set 2 branturi pentru calcai din poliester, 3mm,Gonga\u00ae"}]},{"@type":"WebSite","@id":"https:\/\/www.zoko.ro\/#website","url":"https:\/\/www.zoko.ro\/","name":"ZOKO.ro","description":"Cump\u0103r\u0103 inteligent","publisher":{"@id":"https:\/\/www.zoko.ro\/#organization"},"potentialAction":[{"@type":"SearchAction","target":{"@type":"EntryPoint","urlTemplate":"https:\/\/www.zoko.ro\/?s={search_term_string}"},"query-input":{"@type":"PropertyValueSpecification","valueRequired":true,"valueName":"search_term_string"}}],"inLanguage":"en-GB"},{"@type":"Organization","@id":"https:\/\/www.zoko.ro\/#organization","name":"ZOKO","url":"https:\/\/www.zoko.ro\/","logo":{"@type":"ImageObject","inLanguage":"en-GB","@id":"https:\/\/www.zoko.ro\/#\/schema\/logo\/image\/","url":"https:\/\/www.zoko.ro\/wp-content\/uploads\/2025\/03\/logo1.svg","contentUrl":"https:\/\/www.zoko.ro\/wp-content\/uploads\/2025\/03\/logo1.svg","width":799,"height":216,"caption":"ZOKO"},"image":{"@id":"https:\/\/www.zoko.ro\/#\/schema\/logo\/image\/"},"sameAs":["https:\/\/www.facebook.com\/profile.php?id=61584344135075"]}]}},"_links":{"self":[{"href":"https:\/\/www.zoko.ro\/en\/wp-json\/wp\/v2\/product\/12122","targetHints":{"allow":["GET"]}}],"collection":[{"href":"https:\/\/www.zoko.ro\/en\/wp-json\/wp\/v2\/product"}],"about":[{"href":"https:\/\/www.zoko.ro\/en\/wp-json\/wp\/v2\/types\/product"}],"replies":[{"embeddable":true,"href":"https:\/\/www.zoko.ro\/en\/wp-json\/wp\/v2\/comments?post=12122"}],"version-history":[{"count":1,"href":"https:\/\/www.zoko.ro\/en\/wp-json\/wp\/v2\/product\/12122\/revisions"}],"predecessor-version":[{"id":12123,"href":"https:\/\/www.zoko.ro\/en\/wp-json\/wp\/v2\/product\/12122\/revisions\/12123"}],"wp:featuredmedia":[{"embeddable":true,"href":"https:\/\/www.zoko.ro\/en\/wp-json\/wp\/v2\/media\/12124"}],"wp:attachment":[{"href":"https:\/\/www.zoko.ro\/en\/wp-json\/wp\/v2\/media?parent=12122"}],"wp:term":[{"taxonomy":"product_brand","embeddable":true,"href":"https:\/\/www.zoko.ro\/en\/wp-json\/wp\/v2\/product_brand?post=12122"},{"taxonomy":"product_cat","embeddable":true,"href":"https:\/\/www.zoko.ro\/en\/wp-json\/wp\/v2\/product_cat?post=12122"},{"taxonomy":"product_tag","embeddable":true,"href":"https:\/\/www.zoko.ro\/en\/wp-json\/wp\/v2\/product_tag?post=12122"}],"curies":[{"name":"wp","href":"https:\/\/api.w.org\/{rel}","templated":true}]}}