{"id":12128,"date":"2026-04-28T23:36:05","date_gmt":"2026-04-28T21:36:05","guid":{"rendered":"https:\/\/www.zoko.ro\/p\/lampa-led-de-camping-pliabilagonga\/"},"modified":"2026-04-28T23:36:05","modified_gmt":"2026-04-28T21:36:05","slug":"lampa-led-de-camping-pliabilagonga","status":"publish","type":"product","link":"https:\/\/www.zoko.ro\/en\/p\/lampa-led-de-camping-pliabilagonga\/","title":{"rendered":"Lampa LED de camping ,pliabila,Gonga\u00ae"},"content":{"rendered":"<p><strong>Culoare:<\/strong> Verde<\/p>\n<p>Lampa LED de camping este o solu\u021bie excelent\u0103 pentru a ilumina spa\u021biile f\u0103r\u0103 acces la o surs\u0103 de curent electric. Func\u021bioneaz\u0103 pe baza a 3 baterii AA, oferind o lumin\u0103 puternic\u0103, economisitoare de energie, f\u0103r\u0103 cabluri. Datorit\u0103 suportului \u00eencorporat, aceasta poate fi ag\u0103\u021bat\u0103 cu u\u0219urin\u021b\u0103 \u00een cort sau \u00een alte loca\u021bii, iar designul pliabil o face u\u0219or de transportat \u0219i depozitat.<\/p>\n<p><strong>Caracteristici principale:<\/strong><\/p>\n<ul>\n<li>Func\u021bionare pe baterii: Alimentat\u0103 cu 3 baterii AA (nu sunt incluse), fiind ideal\u0103 pentru utilizare \u00een locuri f\u0103r\u0103 alimentare electric\u0103.<\/li>\n<li>Iluminare eficient\u0103: Echipat\u0103 cu LED-uri durabile \u0219i luminoase, cu o putere de 5W \u0219i un flux luminos de 60 lm.<\/li>\n<li>Versatilitate: Suportul integrat permite ag\u0103\u021barea \u00een diverse locuri, oferind flexibilitate maxim\u0103.<\/li>\n<li>Moduri de operare multiple: Trei set\u0103ri de iluminare: 100%, 50% \u0219i SOS, adaptate nevoilor tale.<\/li>\n<li>Design compact: Lampa poate fi pliat\u0103, ocup\u00e2nd foarte pu\u021bin spa\u021biu, fiind u\u0219or de transportat.<\/li>\n<\/ul>\n<p>Aceast\u0103 lamp\u0103 LED este ideal\u0103 pentru camping, drume\u021bii sau alte activit\u0103\u021bi \u00een aer liber, oferind o combina\u021bie perfect\u0103 \u00eentre portabilitate \u0219i func\u021bionalitate!<\/p>\n<\/p>\n<p><strong>Specifica\u021bii:<\/strong><\/p>\n<p>&#8211; Material: Plastic (PP)<\/p>\n<p>&#8211; Alimentare: 3x baterii AA de 1,5 V (bateriile nu sunt incluse)<\/p>\n<p>&#8211; Putere: 5W<\/p>\n<p>&#8211; Surs\u0103 de lumin\u0103: LED<\/p>\n<p>&#8211; Culoare lumin\u0103: Alb rece<\/p>\n<p>&#8211; Flux luminos: 60 lm<\/p>\n<p>&#8211; Moduri de operare: 100% \/ 50% \/ SOS<\/p>\n<p>&#8211; Dimensiuni:<\/p>\n<p>Diametru: 8,5 cm<\/p>\n<p>\u00cen\u0103l\u021bime: 13 cm<\/p>\n<p>&#8211; Culoare: Verde<\/p>","protected":false},"excerpt":{"rendered":"<p>Culoare: Verde Lampa LED de camping este o solu\u021bie excelent\u0103 pentru a ilumina spa\u021biile f\u0103r\u0103 acces la o surs\u0103 de<\/p>","protected":false},"featured_media":12130,"comment_status":"open","ping_status":"open","template":"","meta":[],"product_brand":[],"product_cat":[99,111,102],"product_tag":[104],"class_list":{"0":"post-12128","1":"product","2":"type-product","3":"status-publish","4":"has-post-thumbnail","6":"product_cat-acasa","7":"product_cat-camping-si-drumetii","8":"product_cat-sport-activitati-in-aer-liber","9":"product_tag-in-stoc","10":"pa_culoare-verde","12":"first","13":"instock","14":"sale","15":"purchasable","16":"product-type-simple"},"yoast_head":"<!-- This site is optimized with the Yoast SEO plugin v27.2 - https:\/\/yoast.com\/product\/yoast-seo-wordpress\/ -->\n<title>Lampa LED de camping ,pliabila,Gonga\u00ae | ZOKO<\/title>\n<meta name=\"robots\" content=\"index, follow, max-snippet:-1, max-image-preview:large, max-video-preview:-1\" \/>\n<link rel=\"canonical\" href=\"https:\/\/www.zoko.ro\/en\/p\/lampa-led-de-camping-pliabilagonga\/\" \/>\n<meta property=\"og:locale\" content=\"en_GB\" \/>\n<meta property=\"og:type\" content=\"article\" \/>\n<meta property=\"og:title\" content=\"Lampa LED de camping ,pliabila,Gonga\u00ae | ZOKO\" \/>\n<meta property=\"og:description\" content=\"Culoare: Verde Lampa LED de camping este o solu\u021bie excelent\u0103 pentru a ilumina spa\u021biile f\u0103r\u0103 acces la o surs\u0103 de\" \/>\n<meta property=\"og:url\" content=\"https:\/\/www.zoko.ro\/en\/p\/lampa-led-de-camping-pliabilagonga\/\" \/>\n<meta property=\"og:site_name\" content=\"ZOKO\" \/>\n<meta property=\"article:publisher\" content=\"https:\/\/www.facebook.com\/profile.php?id=61584344135075\" \/>\n<meta property=\"og:image\" content=\"https:\/\/www.zoko.ro\/wp-content\/uploads\/2025\/03\/lampa-led-de-camping-pliabilagonga.jpg\" \/>\n\t<meta property=\"og:image:width\" content=\"1200\" \/>\n\t<meta property=\"og:image:height\" content=\"1199\" \/>\n\t<meta property=\"og:image:type\" content=\"image\/jpeg\" \/>\n<meta name=\"twitter:card\" content=\"summary_large_image\" \/>\n<meta name=\"twitter:label1\" content=\"Estimated reading time\" \/>\n\t<meta name=\"twitter:data1\" content=\"1 minute\" \/>\n<script type=\"application\/ld+json\" class=\"yoast-schema-graph\">{\"@context\":\"https:\/\/schema.org\",\"@graph\":[{\"@type\":\"WebPage\",\"@id\":\"https:\/\/www.zoko.ro\/p\/lampa-led-de-camping-pliabilagonga\/\",\"url\":\"https:\/\/www.zoko.ro\/p\/lampa-led-de-camping-pliabilagonga\/\",\"name\":\"Lampa LED de camping ,pliabila,Gonga\u00ae | ZOKO\",\"isPartOf\":{\"@id\":\"https:\/\/www.zoko.ro\/#website\"},\"primaryImageOfPage\":{\"@id\":\"https:\/\/www.zoko.ro\/p\/lampa-led-de-camping-pliabilagonga\/#primaryimage\"},\"image\":{\"@id\":\"https:\/\/www.zoko.ro\/p\/lampa-led-de-camping-pliabilagonga\/#primaryimage\"},\"thumbnailUrl\":\"https:\/\/www.zoko.ro\/wp-content\/uploads\/2025\/03\/lampa-led-de-camping-pliabilagonga.jpg\",\"datePublished\":\"2026-04-28T21:36:05+00:00\",\"breadcrumb\":{\"@id\":\"https:\/\/www.zoko.ro\/p\/lampa-led-de-camping-pliabilagonga\/#breadcrumb\"},\"inLanguage\":\"en-GB\",\"potentialAction\":[{\"@type\":\"ReadAction\",\"target\":[\"https:\/\/www.zoko.ro\/p\/lampa-led-de-camping-pliabilagonga\/\"]}]},{\"@type\":\"ImageObject\",\"inLanguage\":\"en-GB\",\"@id\":\"https:\/\/www.zoko.ro\/p\/lampa-led-de-camping-pliabilagonga\/#primaryimage\",\"url\":\"https:\/\/www.zoko.ro\/wp-content\/uploads\/2025\/03\/lampa-led-de-camping-pliabilagonga.jpg\",\"contentUrl\":\"https:\/\/www.zoko.ro\/wp-content\/uploads\/2025\/03\/lampa-led-de-camping-pliabilagonga.jpg\",\"width\":1200,\"height\":1199},{\"@type\":\"BreadcrumbList\",\"@id\":\"https:\/\/www.zoko.ro\/p\/lampa-led-de-camping-pliabilagonga\/#breadcrumb\",\"itemListElement\":[{\"@type\":\"ListItem\",\"position\":1,\"name\":\"Home\",\"item\":\"https:\/\/www.zoko.ro\/\"},{\"@type\":\"ListItem\",\"position\":2,\"name\":\"Magazin\",\"item\":\"https:\/\/www.zoko.ro\/magazin\/\"},{\"@type\":\"ListItem\",\"position\":3,\"name\":\"Lampa LED de camping ,pliabila,Gonga\u00ae\"}]},{\"@type\":\"WebSite\",\"@id\":\"https:\/\/www.zoko.ro\/#website\",\"url\":\"https:\/\/www.zoko.ro\/\",\"name\":\"ZOKO.ro\",\"description\":\"Cump\u0103r\u0103 inteligent\",\"publisher\":{\"@id\":\"https:\/\/www.zoko.ro\/#organization\"},\"potentialAction\":[{\"@type\":\"SearchAction\",\"target\":{\"@type\":\"EntryPoint\",\"urlTemplate\":\"https:\/\/www.zoko.ro\/?s={search_term_string}\"},\"query-input\":{\"@type\":\"PropertyValueSpecification\",\"valueRequired\":true,\"valueName\":\"search_term_string\"}}],\"inLanguage\":\"en-GB\"},{\"@type\":\"Organization\",\"@id\":\"https:\/\/www.zoko.ro\/#organization\",\"name\":\"ZOKO\",\"url\":\"https:\/\/www.zoko.ro\/\",\"logo\":{\"@type\":\"ImageObject\",\"inLanguage\":\"en-GB\",\"@id\":\"https:\/\/www.zoko.ro\/#\/schema\/logo\/image\/\",\"url\":\"https:\/\/www.zoko.ro\/wp-content\/uploads\/2025\/03\/logo1.svg\",\"contentUrl\":\"https:\/\/www.zoko.ro\/wp-content\/uploads\/2025\/03\/logo1.svg\",\"width\":799,\"height\":216,\"caption\":\"ZOKO\"},\"image\":{\"@id\":\"https:\/\/www.zoko.ro\/#\/schema\/logo\/image\/\"},\"sameAs\":[\"https:\/\/www.facebook.com\/profile.php?id=61584344135075\"]}]}<\/script>\n<!-- \/ Yoast SEO plugin. -->","yoast_head_json":{"title":"Lampa LED de camping ,pliabila,Gonga\u00ae | ZOKO","robots":{"index":"index","follow":"follow","max-snippet":"max-snippet:-1","max-image-preview":"max-image-preview:large","max-video-preview":"max-video-preview:-1"},"canonical":"https:\/\/www.zoko.ro\/en\/p\/lampa-led-de-camping-pliabilagonga\/","og_locale":"en_GB","og_type":"article","og_title":"Lampa LED de camping ,pliabila,Gonga\u00ae | ZOKO","og_description":"Culoare: Verde Lampa LED de camping este o solu\u021bie excelent\u0103 pentru a ilumina spa\u021biile f\u0103r\u0103 acces la o surs\u0103 de","og_url":"https:\/\/www.zoko.ro\/en\/p\/lampa-led-de-camping-pliabilagonga\/","og_site_name":"ZOKO","article_publisher":"https:\/\/www.facebook.com\/profile.php?id=61584344135075","og_image":[{"width":1200,"height":1199,"url":"https:\/\/www.zoko.ro\/wp-content\/uploads\/2025\/03\/lampa-led-de-camping-pliabilagonga.jpg","type":"image\/jpeg"}],"twitter_card":"summary_large_image","twitter_misc":{"Estimated reading time":"1 minute"},"schema":{"@context":"https:\/\/schema.org","@graph":[{"@type":"WebPage","@id":"https:\/\/www.zoko.ro\/p\/lampa-led-de-camping-pliabilagonga\/","url":"https:\/\/www.zoko.ro\/p\/lampa-led-de-camping-pliabilagonga\/","name":"Lampa LED de camping ,pliabila,Gonga\u00ae | ZOKO","isPartOf":{"@id":"https:\/\/www.zoko.ro\/#website"},"primaryImageOfPage":{"@id":"https:\/\/www.zoko.ro\/p\/lampa-led-de-camping-pliabilagonga\/#primaryimage"},"image":{"@id":"https:\/\/www.zoko.ro\/p\/lampa-led-de-camping-pliabilagonga\/#primaryimage"},"thumbnailUrl":"https:\/\/www.zoko.ro\/wp-content\/uploads\/2025\/03\/lampa-led-de-camping-pliabilagonga.jpg","datePublished":"2026-04-28T21:36:05+00:00","breadcrumb":{"@id":"https:\/\/www.zoko.ro\/p\/lampa-led-de-camping-pliabilagonga\/#breadcrumb"},"inLanguage":"en-GB","potentialAction":[{"@type":"ReadAction","target":["https:\/\/www.zoko.ro\/p\/lampa-led-de-camping-pliabilagonga\/"]}]},{"@type":"ImageObject","inLanguage":"en-GB","@id":"https:\/\/www.zoko.ro\/p\/lampa-led-de-camping-pliabilagonga\/#primaryimage","url":"https:\/\/www.zoko.ro\/wp-content\/uploads\/2025\/03\/lampa-led-de-camping-pliabilagonga.jpg","contentUrl":"https:\/\/www.zoko.ro\/wp-content\/uploads\/2025\/03\/lampa-led-de-camping-pliabilagonga.jpg","width":1200,"height":1199},{"@type":"BreadcrumbList","@id":"https:\/\/www.zoko.ro\/p\/lampa-led-de-camping-pliabilagonga\/#breadcrumb","itemListElement":[{"@type":"ListItem","position":1,"name":"Home","item":"https:\/\/www.zoko.ro\/"},{"@type":"ListItem","position":2,"name":"Magazin","item":"https:\/\/www.zoko.ro\/magazin\/"},{"@type":"ListItem","position":3,"name":"Lampa LED de camping ,pliabila,Gonga\u00ae"}]},{"@type":"WebSite","@id":"https:\/\/www.zoko.ro\/#website","url":"https:\/\/www.zoko.ro\/","name":"ZOKO.ro","description":"Cump\u0103r\u0103 inteligent","publisher":{"@id":"https:\/\/www.zoko.ro\/#organization"},"potentialAction":[{"@type":"SearchAction","target":{"@type":"EntryPoint","urlTemplate":"https:\/\/www.zoko.ro\/?s={search_term_string}"},"query-input":{"@type":"PropertyValueSpecification","valueRequired":true,"valueName":"search_term_string"}}],"inLanguage":"en-GB"},{"@type":"Organization","@id":"https:\/\/www.zoko.ro\/#organization","name":"ZOKO","url":"https:\/\/www.zoko.ro\/","logo":{"@type":"ImageObject","inLanguage":"en-GB","@id":"https:\/\/www.zoko.ro\/#\/schema\/logo\/image\/","url":"https:\/\/www.zoko.ro\/wp-content\/uploads\/2025\/03\/logo1.svg","contentUrl":"https:\/\/www.zoko.ro\/wp-content\/uploads\/2025\/03\/logo1.svg","width":799,"height":216,"caption":"ZOKO"},"image":{"@id":"https:\/\/www.zoko.ro\/#\/schema\/logo\/image\/"},"sameAs":["https:\/\/www.facebook.com\/profile.php?id=61584344135075"]}]}},"_links":{"self":[{"href":"https:\/\/www.zoko.ro\/en\/wp-json\/wp\/v2\/product\/12128","targetHints":{"allow":["GET"]}}],"collection":[{"href":"https:\/\/www.zoko.ro\/en\/wp-json\/wp\/v2\/product"}],"about":[{"href":"https:\/\/www.zoko.ro\/en\/wp-json\/wp\/v2\/types\/product"}],"replies":[{"embeddable":true,"href":"https:\/\/www.zoko.ro\/en\/wp-json\/wp\/v2\/comments?post=12128"}],"version-history":[{"count":1,"href":"https:\/\/www.zoko.ro\/en\/wp-json\/wp\/v2\/product\/12128\/revisions"}],"predecessor-version":[{"id":12129,"href":"https:\/\/www.zoko.ro\/en\/wp-json\/wp\/v2\/product\/12128\/revisions\/12129"}],"wp:featuredmedia":[{"embeddable":true,"href":"https:\/\/www.zoko.ro\/en\/wp-json\/wp\/v2\/media\/12130"}],"wp:attachment":[{"href":"https:\/\/www.zoko.ro\/en\/wp-json\/wp\/v2\/media?parent=12128"}],"wp:term":[{"taxonomy":"product_brand","embeddable":true,"href":"https:\/\/www.zoko.ro\/en\/wp-json\/wp\/v2\/product_brand?post=12128"},{"taxonomy":"product_cat","embeddable":true,"href":"https:\/\/www.zoko.ro\/en\/wp-json\/wp\/v2\/product_cat?post=12128"},{"taxonomy":"product_tag","embeddable":true,"href":"https:\/\/www.zoko.ro\/en\/wp-json\/wp\/v2\/product_tag?post=12128"}],"curies":[{"name":"wp","href":"https:\/\/api.w.org\/{rel}","templated":true}]}}