{"id":12137,"date":"2026-04-28T23:36:05","date_gmt":"2026-04-28T21:36:05","guid":{"rendered":"https:\/\/www.zoko.ro\/p\/lanterna-uvputernica-cu-51-ledurigonga\/"},"modified":"2026-04-28T23:36:05","modified_gmt":"2026-04-28T21:36:05","slug":"lanterna-uvputernica-cu-51-ledurigonga","status":"publish","type":"product","link":"https:\/\/www.zoko.ro\/en\/p\/lanterna-uvputernica-cu-51-ledurigonga\/","title":{"rendered":"Lanterna UV,puternica cu 51 leduri,Gonga\u00ae"},"content":{"rendered":"<p><strong>Culoare:<\/strong> Negru<\/p>\n<p>Lanterna tactic\u0103 cu LED-uri UV, av\u00e2nd o lungime de und\u0103 de 395 nm, este un instrument indispensabil pentru diverse aplica\u021bii. Fie c\u0103 ai nevoie s\u0103 \u00eent\u0103re\u0219ti lacuri, s\u0103 verifici autenticitatea bancnotelor sau s\u0103 detectezi scurgeri \u00een sistemele de aer condi\u021bionat, aceast\u0103 lantern\u0103 \u00ee\u021bi ofer\u0103 solu\u021bia perfect\u0103.<\/p>\n<p>Datorit\u0103 construc\u021biei robuste, este rezistent\u0103 la ap\u0103 \u0219i \u0219ocuri, iar designul ergonomic \u0219i materialele de calitate asigur\u0103 o utilizare comod\u0103 \u0219i durabil\u0103.<\/p>\n<p><strong>Caracteristici principale:<\/strong><\/p>\n<ul>\n<li>LED-uri UV performante: 51 de LED-uri puternice cu lungimea de und\u0103 de 395 nm.<\/li>\n<li>Multiple utiliz\u0103ri: Ideal\u0103 pentru \u00eent\u0103rirea lacurilor, verificarea bancnotelor \u0219i testarea etan\u0219eit\u0103\u021bii sistemelor de aer condi\u021bionat.<\/li>\n<li>Rezisten\u021b\u0103 extrem\u0103: Carcas\u0103 din aluminiu ranforsat, rezistent\u0103 la c\u0103deri de la c\u00e2\u021biva metri.<\/li>\n<li>Protec\u021bie \u00eempotriva prafului \u0219i umezelii: Comutator cauciucat \u0219i design impermeabil (IPX4).<\/li>\n<li>Economisire de energie: Diodele LED asigur\u0103 consum redus de energie.<\/li>\n<\/ul>\n<p>Aceast\u0103 lantern\u0103 UV compact\u0103 \u0219i rezistent\u0103 este partenerul ideal pentru activit\u0103\u021bile tale, combin\u00e2nd performan\u021ba ridicat\u0103 cu un design robust \u0219i portabil.<\/p>\n<p><strong><\/strong><\/p>\n<p><strong>Specifica\u021bii:<\/strong><\/p>\n<p>&#8211; Material: Aluminiu<\/p>\n<p>&#8211; Alimentare: 3x baterii AA (bateriile nu sunt incluse)<\/p>\n<p>&#8211; Num\u0103r de diode: 51 LED-uri UV<\/p>\n<p>&#8211; Lungime de und\u0103: 395 nm<\/p>\n<p>&#8211; Func\u021bii suplimentare: \u0218nur pentru ata\u0219are, suprafa\u021b\u0103 anti-alunecare<\/p>\n<p>&#8211; Impermeabilitate: Standard IPX4<\/p>\n<p>&#8211; Dimensiuni:<\/p>\n<p>Lungime: 14,5 cm<\/p>\n<p>Diametru: 5,5 cm (fa\u021b\u0103) \/ 3,3 cm (m\u00e2ner)<\/p>\n<p>&#8211; Culoare: Negru<\/p>","protected":false},"excerpt":{"rendered":"<p>Culoare: Negru Lanterna tactic\u0103 cu LED-uri UV, av\u00e2nd o lungime de und\u0103 de 395 nm, este un instrument indispensabil pentru<\/p>","protected":false},"featured_media":12139,"comment_status":"open","ping_status":"open","template":"","meta":[],"product_brand":[],"product_cat":[99,100,112,157],"product_tag":[104],"class_list":{"0":"post-12137","1":"product","2":"type-product","3":"status-publish","4":"has-post-thumbnail","6":"product_cat-acasa","7":"product_cat-casa-gradina","8":"product_cat-iluminat-electrice","9":"product_cat-lanterne","10":"product_tag-in-stoc","11":"pa_culoare-negru","13":"first","14":"instock","15":"sale","16":"purchasable","17":"product-type-simple"},"yoast_head":"<!-- This site is optimized with the Yoast SEO plugin v27.2 - https:\/\/yoast.com\/product\/yoast-seo-wordpress\/ -->\n<title>Lanterna UV,puternica cu 51 leduri,Gonga\u00ae | ZOKO<\/title>\n<meta name=\"robots\" content=\"index, follow, max-snippet:-1, max-image-preview:large, max-video-preview:-1\" \/>\n<link rel=\"canonical\" href=\"https:\/\/www.zoko.ro\/en\/p\/lanterna-uvputernica-cu-51-ledurigonga\/\" \/>\n<meta property=\"og:locale\" content=\"en_GB\" \/>\n<meta property=\"og:type\" content=\"article\" \/>\n<meta property=\"og:title\" content=\"Lanterna UV,puternica cu 51 leduri,Gonga\u00ae | ZOKO\" \/>\n<meta property=\"og:description\" content=\"Culoare: Negru Lanterna tactic\u0103 cu LED-uri UV, av\u00e2nd o lungime de und\u0103 de 395 nm, este un instrument indispensabil pentru\" \/>\n<meta property=\"og:url\" content=\"https:\/\/www.zoko.ro\/en\/p\/lanterna-uvputernica-cu-51-ledurigonga\/\" \/>\n<meta property=\"og:site_name\" content=\"ZOKO\" \/>\n<meta property=\"article:publisher\" content=\"https:\/\/www.facebook.com\/profile.php?id=61584344135075\" \/>\n<meta property=\"og:image\" content=\"https:\/\/www.zoko.ro\/wp-content\/uploads\/2025\/03\/lanterna-uvputernica-cu-51-ledurigonga.jpg\" \/>\n\t<meta property=\"og:image:width\" content=\"1200\" \/>\n\t<meta property=\"og:image:height\" content=\"1200\" \/>\n\t<meta property=\"og:image:type\" content=\"image\/jpeg\" \/>\n<meta name=\"twitter:card\" content=\"summary_large_image\" \/>\n<meta name=\"twitter:label1\" content=\"Estimated reading time\" \/>\n\t<meta name=\"twitter:data1\" content=\"1 minute\" \/>\n<script type=\"application\/ld+json\" class=\"yoast-schema-graph\">{\"@context\":\"https:\/\/schema.org\",\"@graph\":[{\"@type\":\"WebPage\",\"@id\":\"https:\/\/www.zoko.ro\/p\/lanterna-uvputernica-cu-51-ledurigonga\/\",\"url\":\"https:\/\/www.zoko.ro\/p\/lanterna-uvputernica-cu-51-ledurigonga\/\",\"name\":\"Lanterna UV,puternica cu 51 leduri,Gonga\u00ae | ZOKO\",\"isPartOf\":{\"@id\":\"https:\/\/www.zoko.ro\/#website\"},\"primaryImageOfPage\":{\"@id\":\"https:\/\/www.zoko.ro\/p\/lanterna-uvputernica-cu-51-ledurigonga\/#primaryimage\"},\"image\":{\"@id\":\"https:\/\/www.zoko.ro\/p\/lanterna-uvputernica-cu-51-ledurigonga\/#primaryimage\"},\"thumbnailUrl\":\"https:\/\/www.zoko.ro\/wp-content\/uploads\/2025\/03\/lanterna-uvputernica-cu-51-ledurigonga.jpg\",\"datePublished\":\"2026-04-28T21:36:05+00:00\",\"breadcrumb\":{\"@id\":\"https:\/\/www.zoko.ro\/p\/lanterna-uvputernica-cu-51-ledurigonga\/#breadcrumb\"},\"inLanguage\":\"en-GB\",\"potentialAction\":[{\"@type\":\"ReadAction\",\"target\":[\"https:\/\/www.zoko.ro\/p\/lanterna-uvputernica-cu-51-ledurigonga\/\"]}]},{\"@type\":\"ImageObject\",\"inLanguage\":\"en-GB\",\"@id\":\"https:\/\/www.zoko.ro\/p\/lanterna-uvputernica-cu-51-ledurigonga\/#primaryimage\",\"url\":\"https:\/\/www.zoko.ro\/wp-content\/uploads\/2025\/03\/lanterna-uvputernica-cu-51-ledurigonga.jpg\",\"contentUrl\":\"https:\/\/www.zoko.ro\/wp-content\/uploads\/2025\/03\/lanterna-uvputernica-cu-51-ledurigonga.jpg\",\"width\":1200,\"height\":1200},{\"@type\":\"BreadcrumbList\",\"@id\":\"https:\/\/www.zoko.ro\/p\/lanterna-uvputernica-cu-51-ledurigonga\/#breadcrumb\",\"itemListElement\":[{\"@type\":\"ListItem\",\"position\":1,\"name\":\"Home\",\"item\":\"https:\/\/www.zoko.ro\/\"},{\"@type\":\"ListItem\",\"position\":2,\"name\":\"Magazin\",\"item\":\"https:\/\/www.zoko.ro\/magazin\/\"},{\"@type\":\"ListItem\",\"position\":3,\"name\":\"Lanterna UV,puternica cu 51 leduri,Gonga\u00ae\"}]},{\"@type\":\"WebSite\",\"@id\":\"https:\/\/www.zoko.ro\/#website\",\"url\":\"https:\/\/www.zoko.ro\/\",\"name\":\"ZOKO.ro\",\"description\":\"Cump\u0103r\u0103 inteligent\",\"publisher\":{\"@id\":\"https:\/\/www.zoko.ro\/#organization\"},\"potentialAction\":[{\"@type\":\"SearchAction\",\"target\":{\"@type\":\"EntryPoint\",\"urlTemplate\":\"https:\/\/www.zoko.ro\/?s={search_term_string}\"},\"query-input\":{\"@type\":\"PropertyValueSpecification\",\"valueRequired\":true,\"valueName\":\"search_term_string\"}}],\"inLanguage\":\"en-GB\"},{\"@type\":\"Organization\",\"@id\":\"https:\/\/www.zoko.ro\/#organization\",\"name\":\"ZOKO\",\"url\":\"https:\/\/www.zoko.ro\/\",\"logo\":{\"@type\":\"ImageObject\",\"inLanguage\":\"en-GB\",\"@id\":\"https:\/\/www.zoko.ro\/#\/schema\/logo\/image\/\",\"url\":\"https:\/\/www.zoko.ro\/wp-content\/uploads\/2025\/03\/logo1.svg\",\"contentUrl\":\"https:\/\/www.zoko.ro\/wp-content\/uploads\/2025\/03\/logo1.svg\",\"width\":799,\"height\":216,\"caption\":\"ZOKO\"},\"image\":{\"@id\":\"https:\/\/www.zoko.ro\/#\/schema\/logo\/image\/\"},\"sameAs\":[\"https:\/\/www.facebook.com\/profile.php?id=61584344135075\"]}]}<\/script>\n<!-- \/ Yoast SEO plugin. -->","yoast_head_json":{"title":"Lanterna UV,puternica cu 51 leduri,Gonga\u00ae | ZOKO","robots":{"index":"index","follow":"follow","max-snippet":"max-snippet:-1","max-image-preview":"max-image-preview:large","max-video-preview":"max-video-preview:-1"},"canonical":"https:\/\/www.zoko.ro\/en\/p\/lanterna-uvputernica-cu-51-ledurigonga\/","og_locale":"en_GB","og_type":"article","og_title":"Lanterna UV,puternica cu 51 leduri,Gonga\u00ae | ZOKO","og_description":"Culoare: Negru Lanterna tactic\u0103 cu LED-uri UV, av\u00e2nd o lungime de und\u0103 de 395 nm, este un instrument indispensabil pentru","og_url":"https:\/\/www.zoko.ro\/en\/p\/lanterna-uvputernica-cu-51-ledurigonga\/","og_site_name":"ZOKO","article_publisher":"https:\/\/www.facebook.com\/profile.php?id=61584344135075","og_image":[{"width":1200,"height":1200,"url":"https:\/\/www.zoko.ro\/wp-content\/uploads\/2025\/03\/lanterna-uvputernica-cu-51-ledurigonga.jpg","type":"image\/jpeg"}],"twitter_card":"summary_large_image","twitter_misc":{"Estimated reading time":"1 minute"},"schema":{"@context":"https:\/\/schema.org","@graph":[{"@type":"WebPage","@id":"https:\/\/www.zoko.ro\/p\/lanterna-uvputernica-cu-51-ledurigonga\/","url":"https:\/\/www.zoko.ro\/p\/lanterna-uvputernica-cu-51-ledurigonga\/","name":"Lanterna UV,puternica cu 51 leduri,Gonga\u00ae | ZOKO","isPartOf":{"@id":"https:\/\/www.zoko.ro\/#website"},"primaryImageOfPage":{"@id":"https:\/\/www.zoko.ro\/p\/lanterna-uvputernica-cu-51-ledurigonga\/#primaryimage"},"image":{"@id":"https:\/\/www.zoko.ro\/p\/lanterna-uvputernica-cu-51-ledurigonga\/#primaryimage"},"thumbnailUrl":"https:\/\/www.zoko.ro\/wp-content\/uploads\/2025\/03\/lanterna-uvputernica-cu-51-ledurigonga.jpg","datePublished":"2026-04-28T21:36:05+00:00","breadcrumb":{"@id":"https:\/\/www.zoko.ro\/p\/lanterna-uvputernica-cu-51-ledurigonga\/#breadcrumb"},"inLanguage":"en-GB","potentialAction":[{"@type":"ReadAction","target":["https:\/\/www.zoko.ro\/p\/lanterna-uvputernica-cu-51-ledurigonga\/"]}]},{"@type":"ImageObject","inLanguage":"en-GB","@id":"https:\/\/www.zoko.ro\/p\/lanterna-uvputernica-cu-51-ledurigonga\/#primaryimage","url":"https:\/\/www.zoko.ro\/wp-content\/uploads\/2025\/03\/lanterna-uvputernica-cu-51-ledurigonga.jpg","contentUrl":"https:\/\/www.zoko.ro\/wp-content\/uploads\/2025\/03\/lanterna-uvputernica-cu-51-ledurigonga.jpg","width":1200,"height":1200},{"@type":"BreadcrumbList","@id":"https:\/\/www.zoko.ro\/p\/lanterna-uvputernica-cu-51-ledurigonga\/#breadcrumb","itemListElement":[{"@type":"ListItem","position":1,"name":"Home","item":"https:\/\/www.zoko.ro\/"},{"@type":"ListItem","position":2,"name":"Magazin","item":"https:\/\/www.zoko.ro\/magazin\/"},{"@type":"ListItem","position":3,"name":"Lanterna UV,puternica cu 51 leduri,Gonga\u00ae"}]},{"@type":"WebSite","@id":"https:\/\/www.zoko.ro\/#website","url":"https:\/\/www.zoko.ro\/","name":"ZOKO.ro","description":"Cump\u0103r\u0103 inteligent","publisher":{"@id":"https:\/\/www.zoko.ro\/#organization"},"potentialAction":[{"@type":"SearchAction","target":{"@type":"EntryPoint","urlTemplate":"https:\/\/www.zoko.ro\/?s={search_term_string}"},"query-input":{"@type":"PropertyValueSpecification","valueRequired":true,"valueName":"search_term_string"}}],"inLanguage":"en-GB"},{"@type":"Organization","@id":"https:\/\/www.zoko.ro\/#organization","name":"ZOKO","url":"https:\/\/www.zoko.ro\/","logo":{"@type":"ImageObject","inLanguage":"en-GB","@id":"https:\/\/www.zoko.ro\/#\/schema\/logo\/image\/","url":"https:\/\/www.zoko.ro\/wp-content\/uploads\/2025\/03\/logo1.svg","contentUrl":"https:\/\/www.zoko.ro\/wp-content\/uploads\/2025\/03\/logo1.svg","width":799,"height":216,"caption":"ZOKO"},"image":{"@id":"https:\/\/www.zoko.ro\/#\/schema\/logo\/image\/"},"sameAs":["https:\/\/www.facebook.com\/profile.php?id=61584344135075"]}]}},"_links":{"self":[{"href":"https:\/\/www.zoko.ro\/en\/wp-json\/wp\/v2\/product\/12137","targetHints":{"allow":["GET"]}}],"collection":[{"href":"https:\/\/www.zoko.ro\/en\/wp-json\/wp\/v2\/product"}],"about":[{"href":"https:\/\/www.zoko.ro\/en\/wp-json\/wp\/v2\/types\/product"}],"replies":[{"embeddable":true,"href":"https:\/\/www.zoko.ro\/en\/wp-json\/wp\/v2\/comments?post=12137"}],"version-history":[{"count":1,"href":"https:\/\/www.zoko.ro\/en\/wp-json\/wp\/v2\/product\/12137\/revisions"}],"predecessor-version":[{"id":12138,"href":"https:\/\/www.zoko.ro\/en\/wp-json\/wp\/v2\/product\/12137\/revisions\/12138"}],"wp:featuredmedia":[{"embeddable":true,"href":"https:\/\/www.zoko.ro\/en\/wp-json\/wp\/v2\/media\/12139"}],"wp:attachment":[{"href":"https:\/\/www.zoko.ro\/en\/wp-json\/wp\/v2\/media?parent=12137"}],"wp:term":[{"taxonomy":"product_brand","embeddable":true,"href":"https:\/\/www.zoko.ro\/en\/wp-json\/wp\/v2\/product_brand?post=12137"},{"taxonomy":"product_cat","embeddable":true,"href":"https:\/\/www.zoko.ro\/en\/wp-json\/wp\/v2\/product_cat?post=12137"},{"taxonomy":"product_tag","embeddable":true,"href":"https:\/\/www.zoko.ro\/en\/wp-json\/wp\/v2\/product_tag?post=12137"}],"curies":[{"name":"wp","href":"https:\/\/api.w.org\/{rel}","templated":true}]}}