{"id":12154,"date":"2026-04-28T23:36:05","date_gmt":"2026-04-28T21:36:05","guid":{"rendered":"https:\/\/www.zoko.ro\/p\/organizator-de-condimente-cu-suport-rotativ18-recipientegonga\/"},"modified":"2026-04-28T23:36:05","modified_gmt":"2026-04-28T21:36:05","slug":"organizator-de-condimente-cu-suport-rotativ18-recipientegonga","status":"publish","type":"product","link":"https:\/\/www.zoko.ro\/en\/p\/organizator-de-condimente-cu-suport-rotativ18-recipientegonga\/","title":{"rendered":"Organizator de condimente cu suport rotativ,18 recipiente,Gonga\u00ae"},"content":{"rendered":"<p><strong>Culoare:<\/strong> Negru<\/p>\n<p><video width=\"300\" height=\"150\" controls=\"\"><source src=\"https:\/\/youtube.com\/shorts\/gOVMTbbIPco?feature=share\"><\/source><\/video><\/p>\n<p>Un organizator elegant \u0219i practic, ideal pentru a p\u0103stra condimentele la \u00eendem\u00e2n\u0103 pe blatul din buc\u0103t\u0103rie. Finisajul negru mat ofer\u0103 un aspect modern \u0219i sofisticat, iar designul rotativ asigur\u0103 acces u\u0219or la toate recipientele.<\/p>\n<p><strong>Caracteristici principale:<\/strong><\/p>\n<ul>\n<li>Design elegant: Organizatorul are un finisaj negru mat, ideal pentru orice buc\u0103t\u0103rie modern\u0103.<\/li>\n<li>Func\u021bionalitate rotativ\u0103: Permite acces rapid \u0219i u\u0219or la condimente, f\u0103r\u0103 efort.<\/li>\n<li>Capace cu \u0219urub: Fiecare recipient este prev\u0103zut cu un capac practic pentru p\u0103strarea prospe\u021bimii.<\/li>\n<li>Materiale sigure: Fabricat din sticl\u0103 \u0219i plastic durabil, adecvat pentru utilizarea alimentar\u0103.<\/li>\n<\/ul>\n<p><strong>Con\u021binutul pachetului:<\/strong><\/p>\n<ul>\n<li>Organizator rotativ de condimente.<\/li>\n<li>18 recipiente din sticl\u0103 cu capace cu \u0219urub.<\/li>\n<\/ul>\n<p><strong>Avantaje:<\/strong><\/p>\n<p>Organizatorul este construit din materiale durabile \u0219i sigure pentru contactul cu alimentele, asigur\u00e2nd p\u0103strarea condimentelelor \u00een condi\u021bii optime. Designul compact \u0219i rotativ \u00eel face perfect pentru a economisi spa\u021biu \u0219i a men\u021bine ordinea \u00een buc\u0103t\u0103rie.<\/p>\n<\/p>\n<p><strong>Specifica\u021bii:<\/strong><\/p>\n<p>&#8211; Material: Sticl\u0103 \u0219i plastic.<\/p>\n<p>&#8211; Culoare: Negru mat.<\/p>\n<p>&#8211; Dimensiuni recipient: 9,5 cm x 4,3 cm.<\/p>\n<p>&#8211; Dimensiuni organizator: 26 cm x 22,5 cm x 34,5 cm.<\/p>\n<p>&#8211; Dimensiuni pachet: 28 cm x 27,5 cm x 13,3 cm.<\/p>","protected":false},"excerpt":{"rendered":"<p>Culoare: Negru Un organizator elegant \u0219i practic, ideal pentru a p\u0103stra condimentele la \u00eendem\u00e2n\u0103 pe blatul din buc\u0103t\u0103rie. Finisajul negru<\/p>","protected":false},"featured_media":12156,"comment_status":"open","ping_status":"open","template":"","meta":[],"product_brand":[],"product_cat":[99,107,100,128],"product_tag":[104],"class_list":{"0":"post-12154","1":"product","2":"type-product","3":"status-publish","4":"has-post-thumbnail","6":"product_cat-acasa","7":"product_cat-bucatarie-si-servire","8":"product_cat-casa-gradina","9":"product_cat-rasnite-si-dozatoare-condimente","10":"product_tag-in-stoc","11":"pa_culoare-negru","13":"first","14":"instock","15":"sale","16":"purchasable","17":"product-type-simple"},"yoast_head":"<!-- This site is optimized with the Yoast SEO plugin v27.2 - https:\/\/yoast.com\/product\/yoast-seo-wordpress\/ -->\n<title>Organizator de condimente cu suport rotativ,18 recipiente,Gonga\u00ae | ZOKO<\/title>\n<meta name=\"robots\" content=\"index, follow, max-snippet:-1, max-image-preview:large, max-video-preview:-1\" \/>\n<link rel=\"canonical\" href=\"https:\/\/www.zoko.ro\/en\/p\/organizator-de-condimente-cu-suport-rotativ18-recipientegonga\/\" \/>\n<meta property=\"og:locale\" content=\"en_GB\" \/>\n<meta property=\"og:type\" content=\"article\" \/>\n<meta property=\"og:title\" content=\"Organizator de condimente cu suport rotativ,18 recipiente,Gonga\u00ae | ZOKO\" \/>\n<meta property=\"og:description\" content=\"Culoare: Negru Un organizator elegant \u0219i practic, ideal pentru a p\u0103stra condimentele la \u00eendem\u00e2n\u0103 pe blatul din buc\u0103t\u0103rie. Finisajul negru\" \/>\n<meta property=\"og:url\" content=\"https:\/\/www.zoko.ro\/en\/p\/organizator-de-condimente-cu-suport-rotativ18-recipientegonga\/\" \/>\n<meta property=\"og:site_name\" content=\"ZOKO\" \/>\n<meta property=\"article:publisher\" content=\"https:\/\/www.facebook.com\/profile.php?id=61584344135075\" \/>\n<meta property=\"og:image\" content=\"https:\/\/www.zoko.ro\/wp-content\/uploads\/2025\/03\/organizator-de-condimente-cu-suport-rotativ18-recipientegonga.jpg\" \/>\n\t<meta property=\"og:image:width\" content=\"1024\" \/>\n\t<meta property=\"og:image:height\" content=\"1024\" \/>\n\t<meta property=\"og:image:type\" content=\"image\/jpeg\" \/>\n<meta name=\"twitter:card\" content=\"summary_large_image\" \/>\n<meta name=\"twitter:label1\" content=\"Estimated reading time\" \/>\n\t<meta name=\"twitter:data1\" content=\"1 minute\" \/>\n<script type=\"application\/ld+json\" class=\"yoast-schema-graph\">{\"@context\":\"https:\/\/schema.org\",\"@graph\":[{\"@type\":\"WebPage\",\"@id\":\"https:\/\/www.zoko.ro\/p\/organizator-de-condimente-cu-suport-rotativ18-recipientegonga\/\",\"url\":\"https:\/\/www.zoko.ro\/p\/organizator-de-condimente-cu-suport-rotativ18-recipientegonga\/\",\"name\":\"Organizator de condimente cu suport rotativ,18 recipiente,Gonga\u00ae | ZOKO\",\"isPartOf\":{\"@id\":\"https:\/\/www.zoko.ro\/#website\"},\"primaryImageOfPage\":{\"@id\":\"https:\/\/www.zoko.ro\/p\/organizator-de-condimente-cu-suport-rotativ18-recipientegonga\/#primaryimage\"},\"image\":{\"@id\":\"https:\/\/www.zoko.ro\/p\/organizator-de-condimente-cu-suport-rotativ18-recipientegonga\/#primaryimage\"},\"thumbnailUrl\":\"https:\/\/www.zoko.ro\/wp-content\/uploads\/2025\/03\/organizator-de-condimente-cu-suport-rotativ18-recipientegonga.jpg\",\"datePublished\":\"2026-04-28T21:36:05+00:00\",\"breadcrumb\":{\"@id\":\"https:\/\/www.zoko.ro\/p\/organizator-de-condimente-cu-suport-rotativ18-recipientegonga\/#breadcrumb\"},\"inLanguage\":\"en-GB\",\"potentialAction\":[{\"@type\":\"ReadAction\",\"target\":[\"https:\/\/www.zoko.ro\/p\/organizator-de-condimente-cu-suport-rotativ18-recipientegonga\/\"]}]},{\"@type\":\"ImageObject\",\"inLanguage\":\"en-GB\",\"@id\":\"https:\/\/www.zoko.ro\/p\/organizator-de-condimente-cu-suport-rotativ18-recipientegonga\/#primaryimage\",\"url\":\"https:\/\/www.zoko.ro\/wp-content\/uploads\/2025\/03\/organizator-de-condimente-cu-suport-rotativ18-recipientegonga.jpg\",\"contentUrl\":\"https:\/\/www.zoko.ro\/wp-content\/uploads\/2025\/03\/organizator-de-condimente-cu-suport-rotativ18-recipientegonga.jpg\",\"width\":1024,\"height\":1024},{\"@type\":\"BreadcrumbList\",\"@id\":\"https:\/\/www.zoko.ro\/p\/organizator-de-condimente-cu-suport-rotativ18-recipientegonga\/#breadcrumb\",\"itemListElement\":[{\"@type\":\"ListItem\",\"position\":1,\"name\":\"Home\",\"item\":\"https:\/\/www.zoko.ro\/\"},{\"@type\":\"ListItem\",\"position\":2,\"name\":\"Magazin\",\"item\":\"https:\/\/www.zoko.ro\/magazin\/\"},{\"@type\":\"ListItem\",\"position\":3,\"name\":\"Organizator de condimente cu suport rotativ,18 recipiente,Gonga\u00ae\"}]},{\"@type\":\"WebSite\",\"@id\":\"https:\/\/www.zoko.ro\/#website\",\"url\":\"https:\/\/www.zoko.ro\/\",\"name\":\"ZOKO.ro\",\"description\":\"Cump\u0103r\u0103 inteligent\",\"publisher\":{\"@id\":\"https:\/\/www.zoko.ro\/#organization\"},\"potentialAction\":[{\"@type\":\"SearchAction\",\"target\":{\"@type\":\"EntryPoint\",\"urlTemplate\":\"https:\/\/www.zoko.ro\/?s={search_term_string}\"},\"query-input\":{\"@type\":\"PropertyValueSpecification\",\"valueRequired\":true,\"valueName\":\"search_term_string\"}}],\"inLanguage\":\"en-GB\"},{\"@type\":\"Organization\",\"@id\":\"https:\/\/www.zoko.ro\/#organization\",\"name\":\"ZOKO\",\"url\":\"https:\/\/www.zoko.ro\/\",\"logo\":{\"@type\":\"ImageObject\",\"inLanguage\":\"en-GB\",\"@id\":\"https:\/\/www.zoko.ro\/#\/schema\/logo\/image\/\",\"url\":\"https:\/\/www.zoko.ro\/wp-content\/uploads\/2025\/03\/logo1.svg\",\"contentUrl\":\"https:\/\/www.zoko.ro\/wp-content\/uploads\/2025\/03\/logo1.svg\",\"width\":799,\"height\":216,\"caption\":\"ZOKO\"},\"image\":{\"@id\":\"https:\/\/www.zoko.ro\/#\/schema\/logo\/image\/\"},\"sameAs\":[\"https:\/\/www.facebook.com\/profile.php?id=61584344135075\"]}]}<\/script>\n<!-- \/ Yoast SEO plugin. -->","yoast_head_json":{"title":"Organizator de condimente cu suport rotativ,18 recipiente,Gonga\u00ae | ZOKO","robots":{"index":"index","follow":"follow","max-snippet":"max-snippet:-1","max-image-preview":"max-image-preview:large","max-video-preview":"max-video-preview:-1"},"canonical":"https:\/\/www.zoko.ro\/en\/p\/organizator-de-condimente-cu-suport-rotativ18-recipientegonga\/","og_locale":"en_GB","og_type":"article","og_title":"Organizator de condimente cu suport rotativ,18 recipiente,Gonga\u00ae | ZOKO","og_description":"Culoare: Negru Un organizator elegant \u0219i practic, ideal pentru a p\u0103stra condimentele la \u00eendem\u00e2n\u0103 pe blatul din buc\u0103t\u0103rie. Finisajul negru","og_url":"https:\/\/www.zoko.ro\/en\/p\/organizator-de-condimente-cu-suport-rotativ18-recipientegonga\/","og_site_name":"ZOKO","article_publisher":"https:\/\/www.facebook.com\/profile.php?id=61584344135075","og_image":[{"width":1024,"height":1024,"url":"https:\/\/www.zoko.ro\/wp-content\/uploads\/2025\/03\/organizator-de-condimente-cu-suport-rotativ18-recipientegonga.jpg","type":"image\/jpeg"}],"twitter_card":"summary_large_image","twitter_misc":{"Estimated reading time":"1 minute"},"schema":{"@context":"https:\/\/schema.org","@graph":[{"@type":"WebPage","@id":"https:\/\/www.zoko.ro\/p\/organizator-de-condimente-cu-suport-rotativ18-recipientegonga\/","url":"https:\/\/www.zoko.ro\/p\/organizator-de-condimente-cu-suport-rotativ18-recipientegonga\/","name":"Organizator de condimente cu suport rotativ,18 recipiente,Gonga\u00ae | ZOKO","isPartOf":{"@id":"https:\/\/www.zoko.ro\/#website"},"primaryImageOfPage":{"@id":"https:\/\/www.zoko.ro\/p\/organizator-de-condimente-cu-suport-rotativ18-recipientegonga\/#primaryimage"},"image":{"@id":"https:\/\/www.zoko.ro\/p\/organizator-de-condimente-cu-suport-rotativ18-recipientegonga\/#primaryimage"},"thumbnailUrl":"https:\/\/www.zoko.ro\/wp-content\/uploads\/2025\/03\/organizator-de-condimente-cu-suport-rotativ18-recipientegonga.jpg","datePublished":"2026-04-28T21:36:05+00:00","breadcrumb":{"@id":"https:\/\/www.zoko.ro\/p\/organizator-de-condimente-cu-suport-rotativ18-recipientegonga\/#breadcrumb"},"inLanguage":"en-GB","potentialAction":[{"@type":"ReadAction","target":["https:\/\/www.zoko.ro\/p\/organizator-de-condimente-cu-suport-rotativ18-recipientegonga\/"]}]},{"@type":"ImageObject","inLanguage":"en-GB","@id":"https:\/\/www.zoko.ro\/p\/organizator-de-condimente-cu-suport-rotativ18-recipientegonga\/#primaryimage","url":"https:\/\/www.zoko.ro\/wp-content\/uploads\/2025\/03\/organizator-de-condimente-cu-suport-rotativ18-recipientegonga.jpg","contentUrl":"https:\/\/www.zoko.ro\/wp-content\/uploads\/2025\/03\/organizator-de-condimente-cu-suport-rotativ18-recipientegonga.jpg","width":1024,"height":1024},{"@type":"BreadcrumbList","@id":"https:\/\/www.zoko.ro\/p\/organizator-de-condimente-cu-suport-rotativ18-recipientegonga\/#breadcrumb","itemListElement":[{"@type":"ListItem","position":1,"name":"Home","item":"https:\/\/www.zoko.ro\/"},{"@type":"ListItem","position":2,"name":"Magazin","item":"https:\/\/www.zoko.ro\/magazin\/"},{"@type":"ListItem","position":3,"name":"Organizator de condimente cu suport rotativ,18 recipiente,Gonga\u00ae"}]},{"@type":"WebSite","@id":"https:\/\/www.zoko.ro\/#website","url":"https:\/\/www.zoko.ro\/","name":"ZOKO.ro","description":"Cump\u0103r\u0103 inteligent","publisher":{"@id":"https:\/\/www.zoko.ro\/#organization"},"potentialAction":[{"@type":"SearchAction","target":{"@type":"EntryPoint","urlTemplate":"https:\/\/www.zoko.ro\/?s={search_term_string}"},"query-input":{"@type":"PropertyValueSpecification","valueRequired":true,"valueName":"search_term_string"}}],"inLanguage":"en-GB"},{"@type":"Organization","@id":"https:\/\/www.zoko.ro\/#organization","name":"ZOKO","url":"https:\/\/www.zoko.ro\/","logo":{"@type":"ImageObject","inLanguage":"en-GB","@id":"https:\/\/www.zoko.ro\/#\/schema\/logo\/image\/","url":"https:\/\/www.zoko.ro\/wp-content\/uploads\/2025\/03\/logo1.svg","contentUrl":"https:\/\/www.zoko.ro\/wp-content\/uploads\/2025\/03\/logo1.svg","width":799,"height":216,"caption":"ZOKO"},"image":{"@id":"https:\/\/www.zoko.ro\/#\/schema\/logo\/image\/"},"sameAs":["https:\/\/www.facebook.com\/profile.php?id=61584344135075"]}]}},"_links":{"self":[{"href":"https:\/\/www.zoko.ro\/en\/wp-json\/wp\/v2\/product\/12154","targetHints":{"allow":["GET"]}}],"collection":[{"href":"https:\/\/www.zoko.ro\/en\/wp-json\/wp\/v2\/product"}],"about":[{"href":"https:\/\/www.zoko.ro\/en\/wp-json\/wp\/v2\/types\/product"}],"replies":[{"embeddable":true,"href":"https:\/\/www.zoko.ro\/en\/wp-json\/wp\/v2\/comments?post=12154"}],"version-history":[{"count":11,"href":"https:\/\/www.zoko.ro\/en\/wp-json\/wp\/v2\/product\/12154\/revisions"}],"predecessor-version":[{"id":38383,"href":"https:\/\/www.zoko.ro\/en\/wp-json\/wp\/v2\/product\/12154\/revisions\/38383"}],"wp:featuredmedia":[{"embeddable":true,"href":"https:\/\/www.zoko.ro\/en\/wp-json\/wp\/v2\/media\/12156"}],"wp:attachment":[{"href":"https:\/\/www.zoko.ro\/en\/wp-json\/wp\/v2\/media?parent=12154"}],"wp:term":[{"taxonomy":"product_brand","embeddable":true,"href":"https:\/\/www.zoko.ro\/en\/wp-json\/wp\/v2\/product_brand?post=12154"},{"taxonomy":"product_cat","embeddable":true,"href":"https:\/\/www.zoko.ro\/en\/wp-json\/wp\/v2\/product_cat?post=12154"},{"taxonomy":"product_tag","embeddable":true,"href":"https:\/\/www.zoko.ro\/en\/wp-json\/wp\/v2\/product_tag?post=12154"}],"curies":[{"name":"wp","href":"https:\/\/api.w.org\/{rel}","templated":true}]}}