{"id":12166,"date":"2026-04-28T23:36:06","date_gmt":"2026-04-28T21:36:06","guid":{"rendered":"https:\/\/www.zoko.ro\/p\/cablu-prelungitor-15-m-8-prize-2-x-usb-gonga\/"},"modified":"2026-04-28T23:36:06","modified_gmt":"2026-04-28T21:36:06","slug":"cablu-prelungitor-15-m-8-prize-2-x-usb-gonga","status":"publish","type":"product","link":"https:\/\/www.zoko.ro\/en\/p\/cablu-prelungitor-15-m-8-prize-2-x-usb-gonga\/","title":{"rendered":"Cablu prelungitor 1,5 m 8 prize 2 x USB, Gonga\u00ae"},"content":{"rendered":"<p><strong>Culoare:<\/strong> Alb<\/p>\n<p>\u00cenc\u0103rc\u0103tor rapid USB integrat<\/p>\n<ul>\n<li>Curent de ie\u0219ire de 2,1 A \u0219i cip inteligent pentru identificare automat\u0103, asigur\u00e2nd cea mai rapid\u0103 \u00eenc\u0103rcare posibil\u0103 pentru telefon, iPad, tablet\u0103 \u0219i alte dispozitive cu baterie.<\/li>\n<li>Compatibil cu toate dispozitivele care se \u00eencarc\u0103 prin USB.<\/li>\n<\/ul>\n<p>Priz\u0103 multipl\u0103 cu comutator centralizat iluminat<\/p>\n<ul>\n<li>Permite pornirea \u0219i oprirea tuturor dispozitivelor conectate, av\u00e2nd o iluminare subtil\u0103 pentru utilizare u\u0219oar\u0103 \u00een \u00eentuneric.<\/li>\n<\/ul>\n<p>Design func\u021bional cu 8 prize rotite la 45\u00b0<\/p>\n<ul>\n<li>Potrivite pentru dispozitive cu \u0219techere \u00eenclinate.<\/li>\n<li>Ideal\u0103 pentru conectarea mai multor dispozitive electrice simultan.<\/li>\n<li>Sarcin\u0103 maxim\u0103: 3680 W.<\/li>\n<\/ul>\n<p>Design compact \u0219i cablu extra plat<\/p>\n<ul>\n<li>Perfect pentru spa\u021bii \u00eenguste, cum ar fi \u00een spatele unui dulap sau al unei mese TV.<\/li>\n<li>Cablul de conectare de 1,4 m cu muf\u0103 plat\u0103 faciliteaz\u0103 instalarea.<\/li>\n<\/ul>\n<p><strong>Specifica\u021bii:<\/strong><\/p>\n<p><strong><\/strong><\/p>\n<p>&#8211; Num\u0103r prize: 8 prize de re\u021bea \u0219i 2 porturi USB.<\/p>\n<p>&#8211; Material carcas\u0103: plastic ABS de \u00eenalt\u0103 calitate.<\/p>\n<p>&#8211; Curent nominal: 16A.<\/p>\n<p>&#8211; Sarcin\u0103 maxim\u0103: 3680 W.<\/p>\n<p>&#8211; Lungime cablu de alimentare: 1,4 m.<\/p>\n<p>&#8211; Protec\u021bie suplimentar\u0103: protec\u021bie la suprasarcin\u0103.<\/p>\n<p>&#8211; \u00centrerup\u0103tor iluminat: Da \u2013 previne oprirea accidental\u0103.<\/p>","protected":false},"excerpt":{"rendered":"<p>Culoare: Alb \u00cenc\u0103rc\u0103tor rapid USB integrat Curent de ie\u0219ire de 2,1 A \u0219i cip inteligent pentru identificare automat\u0103, asigur\u00e2nd cea<\/p>","protected":false},"featured_media":12168,"comment_status":"open","ping_status":"open","template":"","meta":[],"product_brand":[],"product_cat":[99,149,100,112],"product_tag":[104],"class_list":{"0":"post-12166","1":"product","2":"type-product","3":"status-publish","4":"has-post-thumbnail","6":"product_cat-acasa","7":"product_cat-accesorii-prize-si-intrerupatoare","8":"product_cat-casa-gradina","9":"product_cat-iluminat-electrice","10":"product_tag-in-stoc","11":"pa_culoare-alb","13":"first","14":"instock","15":"sale","16":"purchasable","17":"product-type-simple"},"yoast_head":"<!-- This site is optimized with the Yoast SEO plugin v27.2 - https:\/\/yoast.com\/product\/yoast-seo-wordpress\/ -->\n<title>Cablu prelungitor 1,5 m 8 prize 2 x USB, Gonga\u00ae | ZOKO<\/title>\n<meta name=\"robots\" content=\"index, follow, max-snippet:-1, max-image-preview:large, max-video-preview:-1\" \/>\n<link rel=\"canonical\" href=\"https:\/\/www.zoko.ro\/en\/p\/cablu-prelungitor-15-m-8-prize-2-x-usb-gonga\/\" \/>\n<meta property=\"og:locale\" content=\"en_GB\" \/>\n<meta property=\"og:type\" content=\"article\" \/>\n<meta property=\"og:title\" content=\"Cablu prelungitor 1,5 m 8 prize 2 x USB, Gonga\u00ae | ZOKO\" \/>\n<meta property=\"og:description\" content=\"Culoare: Alb \u00cenc\u0103rc\u0103tor rapid USB integrat Curent de ie\u0219ire de 2,1 A \u0219i cip inteligent pentru identificare automat\u0103, asigur\u00e2nd cea\" \/>\n<meta property=\"og:url\" content=\"https:\/\/www.zoko.ro\/en\/p\/cablu-prelungitor-15-m-8-prize-2-x-usb-gonga\/\" \/>\n<meta property=\"og:site_name\" content=\"ZOKO\" \/>\n<meta property=\"article:publisher\" content=\"https:\/\/www.facebook.com\/profile.php?id=61584344135075\" \/>\n<meta property=\"og:image\" content=\"https:\/\/www.zoko.ro\/wp-content\/uploads\/2025\/03\/cablu-prelungitor15-m-8-prize-2-x-usbgonga.jpg\" \/>\n\t<meta property=\"og:image:width\" content=\"700\" \/>\n\t<meta property=\"og:image:height\" content=\"700\" \/>\n\t<meta property=\"og:image:type\" content=\"image\/jpeg\" \/>\n<meta name=\"twitter:card\" content=\"summary_large_image\" \/>\n<meta name=\"twitter:label1\" content=\"Estimated reading time\" \/>\n\t<meta name=\"twitter:data1\" content=\"1 minute\" \/>\n<script type=\"application\/ld+json\" class=\"yoast-schema-graph\">{\"@context\":\"https:\/\/schema.org\",\"@graph\":[{\"@type\":\"WebPage\",\"@id\":\"https:\/\/www.zoko.ro\/p\/cablu-prelungitor-15-m-8-prize-2-x-usb-gonga\/\",\"url\":\"https:\/\/www.zoko.ro\/p\/cablu-prelungitor-15-m-8-prize-2-x-usb-gonga\/\",\"name\":\"Cablu prelungitor 1,5 m 8 prize 2 x USB, Gonga\u00ae | ZOKO\",\"isPartOf\":{\"@id\":\"https:\/\/www.zoko.ro\/#website\"},\"primaryImageOfPage\":{\"@id\":\"https:\/\/www.zoko.ro\/p\/cablu-prelungitor-15-m-8-prize-2-x-usb-gonga\/#primaryimage\"},\"image\":{\"@id\":\"https:\/\/www.zoko.ro\/p\/cablu-prelungitor-15-m-8-prize-2-x-usb-gonga\/#primaryimage\"},\"thumbnailUrl\":\"https:\/\/www.zoko.ro\/wp-content\/uploads\/2025\/03\/cablu-prelungitor15-m-8-prize-2-x-usbgonga.jpg\",\"datePublished\":\"2026-04-28T21:36:06+00:00\",\"breadcrumb\":{\"@id\":\"https:\/\/www.zoko.ro\/p\/cablu-prelungitor-15-m-8-prize-2-x-usb-gonga\/#breadcrumb\"},\"inLanguage\":\"en-GB\",\"potentialAction\":[{\"@type\":\"ReadAction\",\"target\":[\"https:\/\/www.zoko.ro\/p\/cablu-prelungitor-15-m-8-prize-2-x-usb-gonga\/\"]}]},{\"@type\":\"ImageObject\",\"inLanguage\":\"en-GB\",\"@id\":\"https:\/\/www.zoko.ro\/p\/cablu-prelungitor-15-m-8-prize-2-x-usb-gonga\/#primaryimage\",\"url\":\"https:\/\/www.zoko.ro\/wp-content\/uploads\/2025\/03\/cablu-prelungitor15-m-8-prize-2-x-usbgonga.jpg\",\"contentUrl\":\"https:\/\/www.zoko.ro\/wp-content\/uploads\/2025\/03\/cablu-prelungitor15-m-8-prize-2-x-usbgonga.jpg\",\"width\":700,\"height\":700},{\"@type\":\"BreadcrumbList\",\"@id\":\"https:\/\/www.zoko.ro\/p\/cablu-prelungitor-15-m-8-prize-2-x-usb-gonga\/#breadcrumb\",\"itemListElement\":[{\"@type\":\"ListItem\",\"position\":1,\"name\":\"Home\",\"item\":\"https:\/\/www.zoko.ro\/\"},{\"@type\":\"ListItem\",\"position\":2,\"name\":\"Magazin\",\"item\":\"https:\/\/www.zoko.ro\/magazin\/\"},{\"@type\":\"ListItem\",\"position\":3,\"name\":\"Cablu prelungitor 1,5 m 8 prize 2 x USB, Gonga\u00ae\"}]},{\"@type\":\"WebSite\",\"@id\":\"https:\/\/www.zoko.ro\/#website\",\"url\":\"https:\/\/www.zoko.ro\/\",\"name\":\"ZOKO.ro\",\"description\":\"Cump\u0103r\u0103 inteligent\",\"publisher\":{\"@id\":\"https:\/\/www.zoko.ro\/#organization\"},\"potentialAction\":[{\"@type\":\"SearchAction\",\"target\":{\"@type\":\"EntryPoint\",\"urlTemplate\":\"https:\/\/www.zoko.ro\/?s={search_term_string}\"},\"query-input\":{\"@type\":\"PropertyValueSpecification\",\"valueRequired\":true,\"valueName\":\"search_term_string\"}}],\"inLanguage\":\"en-GB\"},{\"@type\":\"Organization\",\"@id\":\"https:\/\/www.zoko.ro\/#organization\",\"name\":\"ZOKO\",\"url\":\"https:\/\/www.zoko.ro\/\",\"logo\":{\"@type\":\"ImageObject\",\"inLanguage\":\"en-GB\",\"@id\":\"https:\/\/www.zoko.ro\/#\/schema\/logo\/image\/\",\"url\":\"https:\/\/www.zoko.ro\/wp-content\/uploads\/2025\/03\/logo1.svg\",\"contentUrl\":\"https:\/\/www.zoko.ro\/wp-content\/uploads\/2025\/03\/logo1.svg\",\"width\":799,\"height\":216,\"caption\":\"ZOKO\"},\"image\":{\"@id\":\"https:\/\/www.zoko.ro\/#\/schema\/logo\/image\/\"},\"sameAs\":[\"https:\/\/www.facebook.com\/profile.php?id=61584344135075\"]}]}<\/script>\n<!-- \/ Yoast SEO plugin. -->","yoast_head_json":{"title":"Cablu prelungitor 1,5 m 8 prize 2 x USB, Gonga\u00ae | ZOKO","robots":{"index":"index","follow":"follow","max-snippet":"max-snippet:-1","max-image-preview":"max-image-preview:large","max-video-preview":"max-video-preview:-1"},"canonical":"https:\/\/www.zoko.ro\/en\/p\/cablu-prelungitor-15-m-8-prize-2-x-usb-gonga\/","og_locale":"en_GB","og_type":"article","og_title":"Cablu prelungitor 1,5 m 8 prize 2 x USB, Gonga\u00ae | ZOKO","og_description":"Culoare: Alb \u00cenc\u0103rc\u0103tor rapid USB integrat Curent de ie\u0219ire de 2,1 A \u0219i cip inteligent pentru identificare automat\u0103, asigur\u00e2nd cea","og_url":"https:\/\/www.zoko.ro\/en\/p\/cablu-prelungitor-15-m-8-prize-2-x-usb-gonga\/","og_site_name":"ZOKO","article_publisher":"https:\/\/www.facebook.com\/profile.php?id=61584344135075","og_image":[{"width":700,"height":700,"url":"https:\/\/www.zoko.ro\/wp-content\/uploads\/2025\/03\/cablu-prelungitor15-m-8-prize-2-x-usbgonga.jpg","type":"image\/jpeg"}],"twitter_card":"summary_large_image","twitter_misc":{"Estimated reading time":"1 minute"},"schema":{"@context":"https:\/\/schema.org","@graph":[{"@type":"WebPage","@id":"https:\/\/www.zoko.ro\/p\/cablu-prelungitor-15-m-8-prize-2-x-usb-gonga\/","url":"https:\/\/www.zoko.ro\/p\/cablu-prelungitor-15-m-8-prize-2-x-usb-gonga\/","name":"Cablu prelungitor 1,5 m 8 prize 2 x USB, Gonga\u00ae | ZOKO","isPartOf":{"@id":"https:\/\/www.zoko.ro\/#website"},"primaryImageOfPage":{"@id":"https:\/\/www.zoko.ro\/p\/cablu-prelungitor-15-m-8-prize-2-x-usb-gonga\/#primaryimage"},"image":{"@id":"https:\/\/www.zoko.ro\/p\/cablu-prelungitor-15-m-8-prize-2-x-usb-gonga\/#primaryimage"},"thumbnailUrl":"https:\/\/www.zoko.ro\/wp-content\/uploads\/2025\/03\/cablu-prelungitor15-m-8-prize-2-x-usbgonga.jpg","datePublished":"2026-04-28T21:36:06+00:00","breadcrumb":{"@id":"https:\/\/www.zoko.ro\/p\/cablu-prelungitor-15-m-8-prize-2-x-usb-gonga\/#breadcrumb"},"inLanguage":"en-GB","potentialAction":[{"@type":"ReadAction","target":["https:\/\/www.zoko.ro\/p\/cablu-prelungitor-15-m-8-prize-2-x-usb-gonga\/"]}]},{"@type":"ImageObject","inLanguage":"en-GB","@id":"https:\/\/www.zoko.ro\/p\/cablu-prelungitor-15-m-8-prize-2-x-usb-gonga\/#primaryimage","url":"https:\/\/www.zoko.ro\/wp-content\/uploads\/2025\/03\/cablu-prelungitor15-m-8-prize-2-x-usbgonga.jpg","contentUrl":"https:\/\/www.zoko.ro\/wp-content\/uploads\/2025\/03\/cablu-prelungitor15-m-8-prize-2-x-usbgonga.jpg","width":700,"height":700},{"@type":"BreadcrumbList","@id":"https:\/\/www.zoko.ro\/p\/cablu-prelungitor-15-m-8-prize-2-x-usb-gonga\/#breadcrumb","itemListElement":[{"@type":"ListItem","position":1,"name":"Home","item":"https:\/\/www.zoko.ro\/"},{"@type":"ListItem","position":2,"name":"Magazin","item":"https:\/\/www.zoko.ro\/magazin\/"},{"@type":"ListItem","position":3,"name":"Cablu prelungitor 1,5 m 8 prize 2 x USB, Gonga\u00ae"}]},{"@type":"WebSite","@id":"https:\/\/www.zoko.ro\/#website","url":"https:\/\/www.zoko.ro\/","name":"ZOKO.ro","description":"Cump\u0103r\u0103 inteligent","publisher":{"@id":"https:\/\/www.zoko.ro\/#organization"},"potentialAction":[{"@type":"SearchAction","target":{"@type":"EntryPoint","urlTemplate":"https:\/\/www.zoko.ro\/?s={search_term_string}"},"query-input":{"@type":"PropertyValueSpecification","valueRequired":true,"valueName":"search_term_string"}}],"inLanguage":"en-GB"},{"@type":"Organization","@id":"https:\/\/www.zoko.ro\/#organization","name":"ZOKO","url":"https:\/\/www.zoko.ro\/","logo":{"@type":"ImageObject","inLanguage":"en-GB","@id":"https:\/\/www.zoko.ro\/#\/schema\/logo\/image\/","url":"https:\/\/www.zoko.ro\/wp-content\/uploads\/2025\/03\/logo1.svg","contentUrl":"https:\/\/www.zoko.ro\/wp-content\/uploads\/2025\/03\/logo1.svg","width":799,"height":216,"caption":"ZOKO"},"image":{"@id":"https:\/\/www.zoko.ro\/#\/schema\/logo\/image\/"},"sameAs":["https:\/\/www.facebook.com\/profile.php?id=61584344135075"]}]}},"_links":{"self":[{"href":"https:\/\/www.zoko.ro\/en\/wp-json\/wp\/v2\/product\/12166","targetHints":{"allow":["GET"]}}],"collection":[{"href":"https:\/\/www.zoko.ro\/en\/wp-json\/wp\/v2\/product"}],"about":[{"href":"https:\/\/www.zoko.ro\/en\/wp-json\/wp\/v2\/types\/product"}],"replies":[{"embeddable":true,"href":"https:\/\/www.zoko.ro\/en\/wp-json\/wp\/v2\/comments?post=12166"}],"version-history":[{"count":1,"href":"https:\/\/www.zoko.ro\/en\/wp-json\/wp\/v2\/product\/12166\/revisions"}],"predecessor-version":[{"id":12167,"href":"https:\/\/www.zoko.ro\/en\/wp-json\/wp\/v2\/product\/12166\/revisions\/12167"}],"wp:featuredmedia":[{"embeddable":true,"href":"https:\/\/www.zoko.ro\/en\/wp-json\/wp\/v2\/media\/12168"}],"wp:attachment":[{"href":"https:\/\/www.zoko.ro\/en\/wp-json\/wp\/v2\/media?parent=12166"}],"wp:term":[{"taxonomy":"product_brand","embeddable":true,"href":"https:\/\/www.zoko.ro\/en\/wp-json\/wp\/v2\/product_brand?post=12166"},{"taxonomy":"product_cat","embeddable":true,"href":"https:\/\/www.zoko.ro\/en\/wp-json\/wp\/v2\/product_cat?post=12166"},{"taxonomy":"product_tag","embeddable":true,"href":"https:\/\/www.zoko.ro\/en\/wp-json\/wp\/v2\/product_tag?post=12166"}],"curies":[{"name":"wp","href":"https:\/\/api.w.org\/{rel}","templated":true}]}}