{"id":12245,"date":"2026-04-28T23:36:09","date_gmt":"2026-04-28T21:36:09","guid":{"rendered":"https:\/\/www.zoko.ro\/p\/branturi-pentru-pantofi-cu-gelortopedicereduc-oboseala-si-presiunea-gonga\/"},"modified":"2026-04-28T23:36:09","modified_gmt":"2026-04-28T21:36:09","slug":"branturi-pentru-pantofi-cu-gelortopedicereduc-oboseala-si-presiunea-gonga","status":"publish","type":"product","link":"https:\/\/www.zoko.ro\/en\/p\/branturi-pentru-pantofi-cu-gelortopedicereduc-oboseala-si-presiunea-gonga\/","title":{"rendered":"Branturi pentru pantofi cu gel,ortopedice,reduc oboseala si presiunea, Gonga\u00ae"},"content":{"rendered":"<p><strong>Culoare:<\/strong> Albastru<\/p>\n<p><strong>M\u0103rime:<\/strong> 42-46<\/p>\n<p>Bran\u021burile noastre sunt concepute pentru a v\u0103 oferi un nivel complet nou de sprijin moale pentru picioarele dumneavoastr\u0103. Tehnologia gelului nu numai c\u0103 ofer\u0103 o absorb\u021bie excelent\u0103 a \u0219ocurilor, dar ofer\u0103 \u0219i un efect de masaj lini\u0219titor \u00een timpul mersului, elimin\u00e2nd tensiunea \u0219i oboseala. Spune la revedere disconfortului \u0219i salut\u0103 o zi plin\u0103 de confort. Trateaz\u0103-\u021bi picioarele cu luxul pe care \u00eel merit\u0103 \u0219i intr\u0103 \u00eentr-o lume a relax\u0103rii \u0219i sus\u021binerii de neegalat cu bran\u021burile pentru pantofi de masaj cu gel.<\/p>\n<p>Structura bran\u021bului:<\/p>\n<ul>\n<li>\u021aes\u0103tur\u0103 superioar\u0103: \u021bes\u0103tura fin\u0103 din poliester confer\u0103 pantofilor un aspect interior elegant.<\/li>\n<li>\u00cent\u0103rirea p\u0103r\u021bii exterioare a c\u0103lc\u00e2iului: Partea din spate a bran\u021bului are pe margini un element de silicon de densitate mai mare, \u00een timp ce partea de mijloc con\u021bine un element de silicon de densitate mai mic\u0103. Acest lucru asigur\u0103 o distribu\u021bie uniform\u0103 a presiunii corpului peste zona c\u0103lc\u00e2iului, reduc\u00e2nd stresul asupra zonei mediale.<\/li>\n<li>Baza bran\u021bului: Inima insertului este un strat de gel care leag\u0103 componentele r\u0103mase, asigur\u00e2nd durabilitate \u0219i rezisten\u021b\u0103 la condi\u021bii dificile de utilizare.<\/li>\n<li>Linii pentru auto-t\u0103iere: Partea din fa\u021b\u0103 a inser\u021biei are linii marcate pentru auto-ajustarea lungimii, permi\u021b\u00e2ndu-v\u0103 s\u0103 personaliza\u021bi dimensiunea pentru a se potrivi nevoilor dumneavoastr\u0103 individuale.<\/li>\n<\/ul>","protected":false},"excerpt":{"rendered":"<p>Culoare: Albastru M\u0103rime: 42-46 Bran\u021burile noastre sunt concepute pentru a v\u0103 oferi un nivel complet nou de sprijin moale pentru<\/p>","protected":false},"featured_media":12247,"comment_status":"open","ping_status":"open","template":"","meta":[],"product_brand":[],"product_cat":[99,115,114],"product_tag":[104],"class_list":{"0":"post-12245","1":"product","2":"type-product","3":"status-publish","4":"has-post-thumbnail","6":"product_cat-acasa","7":"product_cat-aparate-accesorii-ingrijire-personala","8":"product_cat-ingrijire-personala-cosmetice","9":"product_tag-in-stoc","10":"pa_culoare-albastru","11":"pa_marime-42-46","13":"first","14":"instock","15":"sale","16":"purchasable","17":"product-type-simple"},"yoast_head":"<!-- This site is optimized with the Yoast SEO plugin v27.2 - https:\/\/yoast.com\/product\/yoast-seo-wordpress\/ -->\n<title>Branturi pentru pantofi cu gel,ortopedice,reduc oboseala si presiunea, Gonga\u00ae | ZOKO<\/title>\n<meta name=\"robots\" content=\"index, follow, max-snippet:-1, max-image-preview:large, max-video-preview:-1\" \/>\n<link rel=\"canonical\" href=\"https:\/\/www.zoko.ro\/en\/p\/branturi-pentru-pantofi-cu-gelortopedicereduc-oboseala-si-presiunea-gonga\/\" \/>\n<meta property=\"og:locale\" content=\"en_GB\" \/>\n<meta property=\"og:type\" content=\"article\" \/>\n<meta property=\"og:title\" content=\"Branturi pentru pantofi cu gel,ortopedice,reduc oboseala si presiunea, Gonga\u00ae | ZOKO\" \/>\n<meta property=\"og:description\" content=\"Culoare: Albastru M\u0103rime: 42-46 Bran\u021burile noastre sunt concepute pentru a v\u0103 oferi un nivel complet nou de sprijin moale pentru\" \/>\n<meta property=\"og:url\" content=\"https:\/\/www.zoko.ro\/en\/p\/branturi-pentru-pantofi-cu-gelortopedicereduc-oboseala-si-presiunea-gonga\/\" \/>\n<meta property=\"og:site_name\" content=\"ZOKO\" \/>\n<meta property=\"article:publisher\" content=\"https:\/\/www.facebook.com\/profile.php?id=61584344135075\" \/>\n<meta property=\"og:image\" content=\"https:\/\/www.zoko.ro\/wp-content\/uploads\/2025\/03\/branturi-pentru-pantofi-cu-gel-reduc-oboseala-si-presiunea-gonga.jpg\" \/>\n\t<meta property=\"og:image:width\" content=\"600\" \/>\n\t<meta property=\"og:image:height\" content=\"652\" \/>\n\t<meta property=\"og:image:type\" content=\"image\/jpeg\" \/>\n<meta name=\"twitter:card\" content=\"summary_large_image\" \/>\n<meta name=\"twitter:label1\" content=\"Estimated reading time\" \/>\n\t<meta name=\"twitter:data1\" content=\"1 minute\" \/>\n<script type=\"application\/ld+json\" class=\"yoast-schema-graph\">{\"@context\":\"https:\/\/schema.org\",\"@graph\":[{\"@type\":\"WebPage\",\"@id\":\"https:\/\/www.zoko.ro\/p\/branturi-pentru-pantofi-cu-gelortopedicereduc-oboseala-si-presiunea-gonga\/\",\"url\":\"https:\/\/www.zoko.ro\/p\/branturi-pentru-pantofi-cu-gelortopedicereduc-oboseala-si-presiunea-gonga\/\",\"name\":\"Branturi pentru pantofi cu gel,ortopedice,reduc oboseala si presiunea, Gonga\u00ae | ZOKO\",\"isPartOf\":{\"@id\":\"https:\/\/www.zoko.ro\/#website\"},\"primaryImageOfPage\":{\"@id\":\"https:\/\/www.zoko.ro\/p\/branturi-pentru-pantofi-cu-gelortopedicereduc-oboseala-si-presiunea-gonga\/#primaryimage\"},\"image\":{\"@id\":\"https:\/\/www.zoko.ro\/p\/branturi-pentru-pantofi-cu-gelortopedicereduc-oboseala-si-presiunea-gonga\/#primaryimage\"},\"thumbnailUrl\":\"https:\/\/www.zoko.ro\/wp-content\/uploads\/2025\/03\/branturi-pentru-pantofi-cu-gel-reduc-oboseala-si-presiunea-gonga.jpg\",\"datePublished\":\"2026-04-28T21:36:09+00:00\",\"breadcrumb\":{\"@id\":\"https:\/\/www.zoko.ro\/p\/branturi-pentru-pantofi-cu-gelortopedicereduc-oboseala-si-presiunea-gonga\/#breadcrumb\"},\"inLanguage\":\"en-GB\",\"potentialAction\":[{\"@type\":\"ReadAction\",\"target\":[\"https:\/\/www.zoko.ro\/p\/branturi-pentru-pantofi-cu-gelortopedicereduc-oboseala-si-presiunea-gonga\/\"]}]},{\"@type\":\"ImageObject\",\"inLanguage\":\"en-GB\",\"@id\":\"https:\/\/www.zoko.ro\/p\/branturi-pentru-pantofi-cu-gelortopedicereduc-oboseala-si-presiunea-gonga\/#primaryimage\",\"url\":\"https:\/\/www.zoko.ro\/wp-content\/uploads\/2025\/03\/branturi-pentru-pantofi-cu-gel-reduc-oboseala-si-presiunea-gonga.jpg\",\"contentUrl\":\"https:\/\/www.zoko.ro\/wp-content\/uploads\/2025\/03\/branturi-pentru-pantofi-cu-gel-reduc-oboseala-si-presiunea-gonga.jpg\",\"width\":600,\"height\":652},{\"@type\":\"BreadcrumbList\",\"@id\":\"https:\/\/www.zoko.ro\/p\/branturi-pentru-pantofi-cu-gelortopedicereduc-oboseala-si-presiunea-gonga\/#breadcrumb\",\"itemListElement\":[{\"@type\":\"ListItem\",\"position\":1,\"name\":\"Home\",\"item\":\"https:\/\/www.zoko.ro\/\"},{\"@type\":\"ListItem\",\"position\":2,\"name\":\"Magazin\",\"item\":\"https:\/\/www.zoko.ro\/magazin\/\"},{\"@type\":\"ListItem\",\"position\":3,\"name\":\"Branturi pentru pantofi cu gel,ortopedice,reduc oboseala si presiunea, Gonga\u00ae\"}]},{\"@type\":\"WebSite\",\"@id\":\"https:\/\/www.zoko.ro\/#website\",\"url\":\"https:\/\/www.zoko.ro\/\",\"name\":\"ZOKO.ro\",\"description\":\"Cump\u0103r\u0103 inteligent\",\"publisher\":{\"@id\":\"https:\/\/www.zoko.ro\/#organization\"},\"potentialAction\":[{\"@type\":\"SearchAction\",\"target\":{\"@type\":\"EntryPoint\",\"urlTemplate\":\"https:\/\/www.zoko.ro\/?s={search_term_string}\"},\"query-input\":{\"@type\":\"PropertyValueSpecification\",\"valueRequired\":true,\"valueName\":\"search_term_string\"}}],\"inLanguage\":\"en-GB\"},{\"@type\":\"Organization\",\"@id\":\"https:\/\/www.zoko.ro\/#organization\",\"name\":\"ZOKO\",\"url\":\"https:\/\/www.zoko.ro\/\",\"logo\":{\"@type\":\"ImageObject\",\"inLanguage\":\"en-GB\",\"@id\":\"https:\/\/www.zoko.ro\/#\/schema\/logo\/image\/\",\"url\":\"https:\/\/www.zoko.ro\/wp-content\/uploads\/2025\/03\/logo1.svg\",\"contentUrl\":\"https:\/\/www.zoko.ro\/wp-content\/uploads\/2025\/03\/logo1.svg\",\"width\":799,\"height\":216,\"caption\":\"ZOKO\"},\"image\":{\"@id\":\"https:\/\/www.zoko.ro\/#\/schema\/logo\/image\/\"},\"sameAs\":[\"https:\/\/www.facebook.com\/profile.php?id=61584344135075\"]}]}<\/script>\n<!-- \/ Yoast SEO plugin. -->","yoast_head_json":{"title":"Branturi pentru pantofi cu gel,ortopedice,reduc oboseala si presiunea, Gonga\u00ae | ZOKO","robots":{"index":"index","follow":"follow","max-snippet":"max-snippet:-1","max-image-preview":"max-image-preview:large","max-video-preview":"max-video-preview:-1"},"canonical":"https:\/\/www.zoko.ro\/en\/p\/branturi-pentru-pantofi-cu-gelortopedicereduc-oboseala-si-presiunea-gonga\/","og_locale":"en_GB","og_type":"article","og_title":"Branturi pentru pantofi cu gel,ortopedice,reduc oboseala si presiunea, Gonga\u00ae | ZOKO","og_description":"Culoare: Albastru M\u0103rime: 42-46 Bran\u021burile noastre sunt concepute pentru a v\u0103 oferi un nivel complet nou de sprijin moale pentru","og_url":"https:\/\/www.zoko.ro\/en\/p\/branturi-pentru-pantofi-cu-gelortopedicereduc-oboseala-si-presiunea-gonga\/","og_site_name":"ZOKO","article_publisher":"https:\/\/www.facebook.com\/profile.php?id=61584344135075","og_image":[{"width":600,"height":652,"url":"https:\/\/www.zoko.ro\/wp-content\/uploads\/2025\/03\/branturi-pentru-pantofi-cu-gel-reduc-oboseala-si-presiunea-gonga.jpg","type":"image\/jpeg"}],"twitter_card":"summary_large_image","twitter_misc":{"Estimated reading time":"1 minute"},"schema":{"@context":"https:\/\/schema.org","@graph":[{"@type":"WebPage","@id":"https:\/\/www.zoko.ro\/p\/branturi-pentru-pantofi-cu-gelortopedicereduc-oboseala-si-presiunea-gonga\/","url":"https:\/\/www.zoko.ro\/p\/branturi-pentru-pantofi-cu-gelortopedicereduc-oboseala-si-presiunea-gonga\/","name":"Branturi pentru pantofi cu gel,ortopedice,reduc oboseala si presiunea, Gonga\u00ae | ZOKO","isPartOf":{"@id":"https:\/\/www.zoko.ro\/#website"},"primaryImageOfPage":{"@id":"https:\/\/www.zoko.ro\/p\/branturi-pentru-pantofi-cu-gelortopedicereduc-oboseala-si-presiunea-gonga\/#primaryimage"},"image":{"@id":"https:\/\/www.zoko.ro\/p\/branturi-pentru-pantofi-cu-gelortopedicereduc-oboseala-si-presiunea-gonga\/#primaryimage"},"thumbnailUrl":"https:\/\/www.zoko.ro\/wp-content\/uploads\/2025\/03\/branturi-pentru-pantofi-cu-gel-reduc-oboseala-si-presiunea-gonga.jpg","datePublished":"2026-04-28T21:36:09+00:00","breadcrumb":{"@id":"https:\/\/www.zoko.ro\/p\/branturi-pentru-pantofi-cu-gelortopedicereduc-oboseala-si-presiunea-gonga\/#breadcrumb"},"inLanguage":"en-GB","potentialAction":[{"@type":"ReadAction","target":["https:\/\/www.zoko.ro\/p\/branturi-pentru-pantofi-cu-gelortopedicereduc-oboseala-si-presiunea-gonga\/"]}]},{"@type":"ImageObject","inLanguage":"en-GB","@id":"https:\/\/www.zoko.ro\/p\/branturi-pentru-pantofi-cu-gelortopedicereduc-oboseala-si-presiunea-gonga\/#primaryimage","url":"https:\/\/www.zoko.ro\/wp-content\/uploads\/2025\/03\/branturi-pentru-pantofi-cu-gel-reduc-oboseala-si-presiunea-gonga.jpg","contentUrl":"https:\/\/www.zoko.ro\/wp-content\/uploads\/2025\/03\/branturi-pentru-pantofi-cu-gel-reduc-oboseala-si-presiunea-gonga.jpg","width":600,"height":652},{"@type":"BreadcrumbList","@id":"https:\/\/www.zoko.ro\/p\/branturi-pentru-pantofi-cu-gelortopedicereduc-oboseala-si-presiunea-gonga\/#breadcrumb","itemListElement":[{"@type":"ListItem","position":1,"name":"Home","item":"https:\/\/www.zoko.ro\/"},{"@type":"ListItem","position":2,"name":"Magazin","item":"https:\/\/www.zoko.ro\/magazin\/"},{"@type":"ListItem","position":3,"name":"Branturi pentru pantofi cu gel,ortopedice,reduc oboseala si presiunea, Gonga\u00ae"}]},{"@type":"WebSite","@id":"https:\/\/www.zoko.ro\/#website","url":"https:\/\/www.zoko.ro\/","name":"ZOKO.ro","description":"Cump\u0103r\u0103 inteligent","publisher":{"@id":"https:\/\/www.zoko.ro\/#organization"},"potentialAction":[{"@type":"SearchAction","target":{"@type":"EntryPoint","urlTemplate":"https:\/\/www.zoko.ro\/?s={search_term_string}"},"query-input":{"@type":"PropertyValueSpecification","valueRequired":true,"valueName":"search_term_string"}}],"inLanguage":"en-GB"},{"@type":"Organization","@id":"https:\/\/www.zoko.ro\/#organization","name":"ZOKO","url":"https:\/\/www.zoko.ro\/","logo":{"@type":"ImageObject","inLanguage":"en-GB","@id":"https:\/\/www.zoko.ro\/#\/schema\/logo\/image\/","url":"https:\/\/www.zoko.ro\/wp-content\/uploads\/2025\/03\/logo1.svg","contentUrl":"https:\/\/www.zoko.ro\/wp-content\/uploads\/2025\/03\/logo1.svg","width":799,"height":216,"caption":"ZOKO"},"image":{"@id":"https:\/\/www.zoko.ro\/#\/schema\/logo\/image\/"},"sameAs":["https:\/\/www.facebook.com\/profile.php?id=61584344135075"]}]}},"_links":{"self":[{"href":"https:\/\/www.zoko.ro\/en\/wp-json\/wp\/v2\/product\/12245","targetHints":{"allow":["GET"]}}],"collection":[{"href":"https:\/\/www.zoko.ro\/en\/wp-json\/wp\/v2\/product"}],"about":[{"href":"https:\/\/www.zoko.ro\/en\/wp-json\/wp\/v2\/types\/product"}],"replies":[{"embeddable":true,"href":"https:\/\/www.zoko.ro\/en\/wp-json\/wp\/v2\/comments?post=12245"}],"version-history":[{"count":1,"href":"https:\/\/www.zoko.ro\/en\/wp-json\/wp\/v2\/product\/12245\/revisions"}],"predecessor-version":[{"id":12246,"href":"https:\/\/www.zoko.ro\/en\/wp-json\/wp\/v2\/product\/12245\/revisions\/12246"}],"wp:featuredmedia":[{"embeddable":true,"href":"https:\/\/www.zoko.ro\/en\/wp-json\/wp\/v2\/media\/12247"}],"wp:attachment":[{"href":"https:\/\/www.zoko.ro\/en\/wp-json\/wp\/v2\/media?parent=12245"}],"wp:term":[{"taxonomy":"product_brand","embeddable":true,"href":"https:\/\/www.zoko.ro\/en\/wp-json\/wp\/v2\/product_brand?post=12245"},{"taxonomy":"product_cat","embeddable":true,"href":"https:\/\/www.zoko.ro\/en\/wp-json\/wp\/v2\/product_cat?post=12245"},{"taxonomy":"product_tag","embeddable":true,"href":"https:\/\/www.zoko.ro\/en\/wp-json\/wp\/v2\/product_tag?post=12245"}],"curies":[{"name":"wp","href":"https:\/\/api.w.org\/{rel}","templated":true}]}}