{"id":12291,"date":"2026-04-28T23:36:11","date_gmt":"2026-04-28T21:36:11","guid":{"rendered":"https:\/\/www.zoko.ro\/p\/dispozitiv-pentru-stors-pasta-de-dinti-gonga\/"},"modified":"2026-04-28T23:36:11","modified_gmt":"2026-04-28T21:36:11","slug":"dispozitiv-pentru-stors-pasta-de-dinti-gonga","status":"publish","type":"product","link":"https:\/\/www.zoko.ro\/en\/p\/dispozitiv-pentru-stors-pasta-de-dinti-gonga\/","title":{"rendered":"Dispozitiv pentru stors pasta de dinti, Gonga\u00ae"},"content":{"rendered":"<p><strong>Culoare:<\/strong> Alb<\/p>\n<div class=\"flex max-w-full flex-col flex-grow\">\n<div class=\"min-h-8 text-message flex w-full flex-col items-end gap-2 whitespace-normal break-words text-start [.text-message+&amp;]:mt-5\">\n<div class=\"flex w-full flex-col gap-1 empty:hidden first:pt-[3px]\">\n<div class=\"markdown prose w-full break-words dark:prose-invert light\">\n<p>Utiliza\u021bi cu u\u0219urin\u021b\u0103 produse precum pasta de din\u021bi, crema de m\u00e2ini, detergentul facial \u0219i alte articole \u00een tuburi. De\u0219i par terminate, acestea mai con\u021bin adesea cantit\u0103\u021bi considerabile de produs. Cu ajutorul acestui extruder, tot ce trebuie s\u0103 face\u021bi este s\u0103 introduce\u021bi tubul, s\u0103 roti\u021bi butonul, \u0219i ve\u021bi extrage con\u021binutul complet, f\u0103r\u0103 risip\u0103. \u00cen plus, dispozitivul poate sta pe mas\u0103, av\u00e2nd un aspect ordonat \u0219i estetic.<\/p>\n<p><strong>Utilizare simpl\u0103:<\/strong><br \/>Acest stoarc\u0103tor este prev\u0103zut cu un m\u00e2ner rotativ. Introduce\u021bi tubul \u00een axul de rulare \u0219i roti\u021bi m\u00e2nerul. Procesul nu necesit\u0103 efort, fiind extrem de u\u0219or s\u0103 extrage\u021bi produsul din tuburi.<\/p>\n<p><strong>Materiale de calitate:<\/strong><br \/>Fabricat din plastic ABS rezistent, dispozitivul este durabil, sigur de utilizat \u0219i conceput pentru a rezista \u00een timp f\u0103r\u0103 s\u0103 se deterioreze.<\/p>\n<p><strong>Versatilitate:<\/strong><br \/>Ideal pentru tuburi de plastic cu l\u0103\u021bimea mai mic\u0103 de 2 inch (aproximativ 5 cm), acest stoarc\u0103tor este perfect pentru pasta de din\u021bi, creme, spume de cur\u0103\u021bare sau alte produse similare. Este un instrument multifunc\u021bional \u0219i practic, util \u00een buc\u0103t\u0103rie, baie sau spa\u021bii de hobby, asigur\u00e2nd c\u0103 nimic nu se irose\u0219te.<\/p>\n<\/div>\n<\/div>\n<\/div>\n<\/div>","protected":false},"excerpt":{"rendered":"<p>Culoare: Alb Utiliza\u021bi cu u\u0219urin\u021b\u0103 produse precum pasta de din\u021bi, crema de m\u00e2ini, detergentul facial \u0219i alte articole \u00een tuburi.<\/p>","protected":false},"featured_media":12293,"comment_status":"open","ping_status":"open","template":"","meta":[],"product_brand":[],"product_cat":[99,120,114],"product_tag":[104],"class_list":{"0":"post-12291","1":"product","2":"type-product","3":"status-publish","4":"has-post-thumbnail","6":"product_cat-acasa","7":"product_cat-igiena-dentara","8":"product_cat-ingrijire-personala-cosmetice","9":"product_tag-in-stoc","10":"pa_culoare-alb","12":"first","13":"instock","14":"sale","15":"purchasable","16":"product-type-simple"},"yoast_head":"<!-- This site is optimized with the Yoast SEO plugin v27.2 - https:\/\/yoast.com\/product\/yoast-seo-wordpress\/ -->\n<title>Dispozitiv pentru stors pasta de dinti, Gonga\u00ae | ZOKO<\/title>\n<meta name=\"robots\" content=\"index, follow, max-snippet:-1, max-image-preview:large, max-video-preview:-1\" \/>\n<link rel=\"canonical\" href=\"https:\/\/www.zoko.ro\/en\/p\/dispozitiv-pentru-stors-pasta-de-dinti-gonga\/\" \/>\n<meta property=\"og:locale\" content=\"en_GB\" \/>\n<meta property=\"og:type\" content=\"article\" \/>\n<meta property=\"og:title\" content=\"Dispozitiv pentru stors pasta de dinti, Gonga\u00ae | ZOKO\" \/>\n<meta property=\"og:description\" content=\"Culoare: Alb Utiliza\u021bi cu u\u0219urin\u021b\u0103 produse precum pasta de din\u021bi, crema de m\u00e2ini, detergentul facial \u0219i alte articole \u00een tuburi.\" \/>\n<meta property=\"og:url\" content=\"https:\/\/www.zoko.ro\/en\/p\/dispozitiv-pentru-stors-pasta-de-dinti-gonga\/\" \/>\n<meta property=\"og:site_name\" content=\"ZOKO\" \/>\n<meta property=\"article:publisher\" content=\"https:\/\/www.facebook.com\/profile.php?id=61584344135075\" \/>\n<meta property=\"og:image\" content=\"https:\/\/www.zoko.ro\/wp-content\/uploads\/2025\/03\/dispozitiv-pentru-stors-pasta-de-dinti-gonga.jpg\" \/>\n\t<meta property=\"og:image:width\" content=\"1200\" \/>\n\t<meta property=\"og:image:height\" content=\"983\" \/>\n\t<meta property=\"og:image:type\" content=\"image\/jpeg\" \/>\n<meta name=\"twitter:card\" content=\"summary_large_image\" \/>\n<meta name=\"twitter:label1\" content=\"Estimated reading time\" \/>\n\t<meta name=\"twitter:data1\" content=\"1 minute\" \/>\n<script type=\"application\/ld+json\" class=\"yoast-schema-graph\">{\"@context\":\"https:\/\/schema.org\",\"@graph\":[{\"@type\":\"WebPage\",\"@id\":\"https:\/\/www.zoko.ro\/p\/dispozitiv-pentru-stors-pasta-de-dinti-gonga\/\",\"url\":\"https:\/\/www.zoko.ro\/p\/dispozitiv-pentru-stors-pasta-de-dinti-gonga\/\",\"name\":\"Dispozitiv pentru stors pasta de dinti, Gonga\u00ae | ZOKO\",\"isPartOf\":{\"@id\":\"https:\/\/www.zoko.ro\/#website\"},\"primaryImageOfPage\":{\"@id\":\"https:\/\/www.zoko.ro\/p\/dispozitiv-pentru-stors-pasta-de-dinti-gonga\/#primaryimage\"},\"image\":{\"@id\":\"https:\/\/www.zoko.ro\/p\/dispozitiv-pentru-stors-pasta-de-dinti-gonga\/#primaryimage\"},\"thumbnailUrl\":\"https:\/\/www.zoko.ro\/wp-content\/uploads\/2025\/03\/dispozitiv-pentru-stors-pasta-de-dinti-gonga.jpg\",\"datePublished\":\"2026-04-28T21:36:11+00:00\",\"breadcrumb\":{\"@id\":\"https:\/\/www.zoko.ro\/p\/dispozitiv-pentru-stors-pasta-de-dinti-gonga\/#breadcrumb\"},\"inLanguage\":\"en-GB\",\"potentialAction\":[{\"@type\":\"ReadAction\",\"target\":[\"https:\/\/www.zoko.ro\/p\/dispozitiv-pentru-stors-pasta-de-dinti-gonga\/\"]}]},{\"@type\":\"ImageObject\",\"inLanguage\":\"en-GB\",\"@id\":\"https:\/\/www.zoko.ro\/p\/dispozitiv-pentru-stors-pasta-de-dinti-gonga\/#primaryimage\",\"url\":\"https:\/\/www.zoko.ro\/wp-content\/uploads\/2025\/03\/dispozitiv-pentru-stors-pasta-de-dinti-gonga.jpg\",\"contentUrl\":\"https:\/\/www.zoko.ro\/wp-content\/uploads\/2025\/03\/dispozitiv-pentru-stors-pasta-de-dinti-gonga.jpg\",\"width\":1200,\"height\":983},{\"@type\":\"BreadcrumbList\",\"@id\":\"https:\/\/www.zoko.ro\/p\/dispozitiv-pentru-stors-pasta-de-dinti-gonga\/#breadcrumb\",\"itemListElement\":[{\"@type\":\"ListItem\",\"position\":1,\"name\":\"Home\",\"item\":\"https:\/\/www.zoko.ro\/\"},{\"@type\":\"ListItem\",\"position\":2,\"name\":\"Magazin\",\"item\":\"https:\/\/www.zoko.ro\/magazin\/\"},{\"@type\":\"ListItem\",\"position\":3,\"name\":\"Dispozitiv pentru stors pasta de dinti, Gonga\u00ae\"}]},{\"@type\":\"WebSite\",\"@id\":\"https:\/\/www.zoko.ro\/#website\",\"url\":\"https:\/\/www.zoko.ro\/\",\"name\":\"ZOKO.ro\",\"description\":\"Cump\u0103r\u0103 inteligent\",\"publisher\":{\"@id\":\"https:\/\/www.zoko.ro\/#organization\"},\"potentialAction\":[{\"@type\":\"SearchAction\",\"target\":{\"@type\":\"EntryPoint\",\"urlTemplate\":\"https:\/\/www.zoko.ro\/?s={search_term_string}\"},\"query-input\":{\"@type\":\"PropertyValueSpecification\",\"valueRequired\":true,\"valueName\":\"search_term_string\"}}],\"inLanguage\":\"en-GB\"},{\"@type\":\"Organization\",\"@id\":\"https:\/\/www.zoko.ro\/#organization\",\"name\":\"ZOKO\",\"url\":\"https:\/\/www.zoko.ro\/\",\"logo\":{\"@type\":\"ImageObject\",\"inLanguage\":\"en-GB\",\"@id\":\"https:\/\/www.zoko.ro\/#\/schema\/logo\/image\/\",\"url\":\"https:\/\/www.zoko.ro\/wp-content\/uploads\/2025\/03\/logo1.svg\",\"contentUrl\":\"https:\/\/www.zoko.ro\/wp-content\/uploads\/2025\/03\/logo1.svg\",\"width\":799,\"height\":216,\"caption\":\"ZOKO\"},\"image\":{\"@id\":\"https:\/\/www.zoko.ro\/#\/schema\/logo\/image\/\"},\"sameAs\":[\"https:\/\/www.facebook.com\/profile.php?id=61584344135075\"]}]}<\/script>\n<!-- \/ Yoast SEO plugin. -->","yoast_head_json":{"title":"Dispozitiv pentru stors pasta de dinti, Gonga\u00ae | ZOKO","robots":{"index":"index","follow":"follow","max-snippet":"max-snippet:-1","max-image-preview":"max-image-preview:large","max-video-preview":"max-video-preview:-1"},"canonical":"https:\/\/www.zoko.ro\/en\/p\/dispozitiv-pentru-stors-pasta-de-dinti-gonga\/","og_locale":"en_GB","og_type":"article","og_title":"Dispozitiv pentru stors pasta de dinti, Gonga\u00ae | ZOKO","og_description":"Culoare: Alb Utiliza\u021bi cu u\u0219urin\u021b\u0103 produse precum pasta de din\u021bi, crema de m\u00e2ini, detergentul facial \u0219i alte articole \u00een tuburi.","og_url":"https:\/\/www.zoko.ro\/en\/p\/dispozitiv-pentru-stors-pasta-de-dinti-gonga\/","og_site_name":"ZOKO","article_publisher":"https:\/\/www.facebook.com\/profile.php?id=61584344135075","og_image":[{"width":1200,"height":983,"url":"https:\/\/www.zoko.ro\/wp-content\/uploads\/2025\/03\/dispozitiv-pentru-stors-pasta-de-dinti-gonga.jpg","type":"image\/jpeg"}],"twitter_card":"summary_large_image","twitter_misc":{"Estimated reading time":"1 minute"},"schema":{"@context":"https:\/\/schema.org","@graph":[{"@type":"WebPage","@id":"https:\/\/www.zoko.ro\/p\/dispozitiv-pentru-stors-pasta-de-dinti-gonga\/","url":"https:\/\/www.zoko.ro\/p\/dispozitiv-pentru-stors-pasta-de-dinti-gonga\/","name":"Dispozitiv pentru stors pasta de dinti, Gonga\u00ae | ZOKO","isPartOf":{"@id":"https:\/\/www.zoko.ro\/#website"},"primaryImageOfPage":{"@id":"https:\/\/www.zoko.ro\/p\/dispozitiv-pentru-stors-pasta-de-dinti-gonga\/#primaryimage"},"image":{"@id":"https:\/\/www.zoko.ro\/p\/dispozitiv-pentru-stors-pasta-de-dinti-gonga\/#primaryimage"},"thumbnailUrl":"https:\/\/www.zoko.ro\/wp-content\/uploads\/2025\/03\/dispozitiv-pentru-stors-pasta-de-dinti-gonga.jpg","datePublished":"2026-04-28T21:36:11+00:00","breadcrumb":{"@id":"https:\/\/www.zoko.ro\/p\/dispozitiv-pentru-stors-pasta-de-dinti-gonga\/#breadcrumb"},"inLanguage":"en-GB","potentialAction":[{"@type":"ReadAction","target":["https:\/\/www.zoko.ro\/p\/dispozitiv-pentru-stors-pasta-de-dinti-gonga\/"]}]},{"@type":"ImageObject","inLanguage":"en-GB","@id":"https:\/\/www.zoko.ro\/p\/dispozitiv-pentru-stors-pasta-de-dinti-gonga\/#primaryimage","url":"https:\/\/www.zoko.ro\/wp-content\/uploads\/2025\/03\/dispozitiv-pentru-stors-pasta-de-dinti-gonga.jpg","contentUrl":"https:\/\/www.zoko.ro\/wp-content\/uploads\/2025\/03\/dispozitiv-pentru-stors-pasta-de-dinti-gonga.jpg","width":1200,"height":983},{"@type":"BreadcrumbList","@id":"https:\/\/www.zoko.ro\/p\/dispozitiv-pentru-stors-pasta-de-dinti-gonga\/#breadcrumb","itemListElement":[{"@type":"ListItem","position":1,"name":"Home","item":"https:\/\/www.zoko.ro\/"},{"@type":"ListItem","position":2,"name":"Magazin","item":"https:\/\/www.zoko.ro\/magazin\/"},{"@type":"ListItem","position":3,"name":"Dispozitiv pentru stors pasta de dinti, Gonga\u00ae"}]},{"@type":"WebSite","@id":"https:\/\/www.zoko.ro\/#website","url":"https:\/\/www.zoko.ro\/","name":"ZOKO.ro","description":"Cump\u0103r\u0103 inteligent","publisher":{"@id":"https:\/\/www.zoko.ro\/#organization"},"potentialAction":[{"@type":"SearchAction","target":{"@type":"EntryPoint","urlTemplate":"https:\/\/www.zoko.ro\/?s={search_term_string}"},"query-input":{"@type":"PropertyValueSpecification","valueRequired":true,"valueName":"search_term_string"}}],"inLanguage":"en-GB"},{"@type":"Organization","@id":"https:\/\/www.zoko.ro\/#organization","name":"ZOKO","url":"https:\/\/www.zoko.ro\/","logo":{"@type":"ImageObject","inLanguage":"en-GB","@id":"https:\/\/www.zoko.ro\/#\/schema\/logo\/image\/","url":"https:\/\/www.zoko.ro\/wp-content\/uploads\/2025\/03\/logo1.svg","contentUrl":"https:\/\/www.zoko.ro\/wp-content\/uploads\/2025\/03\/logo1.svg","width":799,"height":216,"caption":"ZOKO"},"image":{"@id":"https:\/\/www.zoko.ro\/#\/schema\/logo\/image\/"},"sameAs":["https:\/\/www.facebook.com\/profile.php?id=61584344135075"]}]}},"_links":{"self":[{"href":"https:\/\/www.zoko.ro\/en\/wp-json\/wp\/v2\/product\/12291","targetHints":{"allow":["GET"]}}],"collection":[{"href":"https:\/\/www.zoko.ro\/en\/wp-json\/wp\/v2\/product"}],"about":[{"href":"https:\/\/www.zoko.ro\/en\/wp-json\/wp\/v2\/types\/product"}],"replies":[{"embeddable":true,"href":"https:\/\/www.zoko.ro\/en\/wp-json\/wp\/v2\/comments?post=12291"}],"version-history":[{"count":1,"href":"https:\/\/www.zoko.ro\/en\/wp-json\/wp\/v2\/product\/12291\/revisions"}],"predecessor-version":[{"id":12292,"href":"https:\/\/www.zoko.ro\/en\/wp-json\/wp\/v2\/product\/12291\/revisions\/12292"}],"wp:featuredmedia":[{"embeddable":true,"href":"https:\/\/www.zoko.ro\/en\/wp-json\/wp\/v2\/media\/12293"}],"wp:attachment":[{"href":"https:\/\/www.zoko.ro\/en\/wp-json\/wp\/v2\/media?parent=12291"}],"wp:term":[{"taxonomy":"product_brand","embeddable":true,"href":"https:\/\/www.zoko.ro\/en\/wp-json\/wp\/v2\/product_brand?post=12291"},{"taxonomy":"product_cat","embeddable":true,"href":"https:\/\/www.zoko.ro\/en\/wp-json\/wp\/v2\/product_cat?post=12291"},{"taxonomy":"product_tag","embeddable":true,"href":"https:\/\/www.zoko.ro\/en\/wp-json\/wp\/v2\/product_tag?post=12291"}],"curies":[{"name":"wp","href":"https:\/\/api.w.org\/{rel}","templated":true}]}}