{"id":12300,"date":"2026-04-28T23:36:11","date_gmt":"2026-04-28T21:36:11","guid":{"rendered":"https:\/\/www.zoko.ro\/p\/perie-pentru-curatarea-pantofilor-de-piele-intoarsa-si-nubuck-maner-din-lemn-material-cauciuc12-5x4-2x3-cm-gonga\/"},"modified":"2026-04-28T23:36:12","modified_gmt":"2026-04-28T21:36:12","slug":"perie-pentru-curatarea-pantofilor-de-piele-intoarsa-si-nubuck-maner-din-lemn-material-cauciuc12-5x4-2x3-cm-gonga","status":"publish","type":"product","link":"https:\/\/www.zoko.ro\/en\/p\/perie-pentru-curatarea-pantofilor-de-piele-intoarsa-si-nubuck-maner-din-lemn-material-cauciuc12-5x4-2x3-cm-gonga\/","title":{"rendered":"Perie pentru curatarea pantofilor de piele intoarsa si nubuck, maner din lemn, material cauciuc,12.5&#215;4.2&#215;3 cm, Gonga\u00ae"},"content":{"rendered":"<p><strong>Culoare:<\/strong> Alb<\/p>\n<p>Un instrument esen\u021bial pentru \u00eengrijirea pantofilor! Aceast\u0103 perie ofer\u0103 rezultate excelente \u00een cur\u0103\u021barea pielii cu textur\u0103 velur (piele \u00eentoars\u0103 sau nubuc). Este ideal\u0103 pentru \u00eendep\u0103rtarea petelor uscate non-uleioase \u0219i a murd\u0103riei acumulate pe pielea \u00eentoars\u0103 sau nubuc. Pentru performan\u021be maxime, folosi\u021bi peria \u00eempreun\u0103 cu o solu\u021bie dedicat\u0103 pentru \u00eendep\u0103rtarea petelor \u0219i lustrui\u021bi materialul p\u00e2n\u0103 la absorb\u021bia complet\u0103.<\/p>\n<p><strong>Perie pentru Piele \u00centoars\u0103 care Nu Deterioreaz\u0103<\/strong><br \/>Fabricat\u0103 din panglic\u0103 de cauciuc crep natural de \u00eenalt\u0103 calitate, peria noastr\u0103 \u00eendep\u0103rteaz\u0103 eficient praful \u0219i murd\u0103ria de pe suprafa\u021ba pielii \u00eentoarse sau a nubucului. Capul moale al periei asigur\u0103 o cur\u0103\u021bare delicat\u0103, f\u0103r\u0103 a deteriora hainele sau accesoriile din piele \u00eentoars\u0103. Aceasta este o investi\u021bie pe termen lung pentru \u00eengrijirea pantofilor \u0219i articolelor din piele.<\/p>\n<p><strong>M\u00e2ner Ergonomic \u00een Form\u0103 de Fluture cu Prindere Anti-Alunecare<\/strong><br \/>Designul elegant al periei include un m\u00e2ner din lemn de \u00eenalt\u0103 calitate, conceput ergonomic pentru o prindere confortabil\u0103 \u0219i u\u0219oar\u0103. Forma sa \u00een \u201efluture\u201d reduce oboseala m\u00e2inilor, iar canelurile laterale ofer\u0103 o prindere sigur\u0103, anti-alunecare.<\/p>\n<p><strong>U\u0219or de Folosit<\/strong><\/p>\n<ol>\n<li>Freca\u021bi u\u0219or peria peste zona afectat\u0103 pentru a \u00eendep\u0103rta murd\u0103ria \u0219i reziduurile.<\/li>\n<li>Dup\u0103 cur\u0103\u021bare, periati pielea \u00eentoars\u0103 cu mi\u0219c\u0103ri circulare pentru a reda textura catifelat\u0103 \u0219i aspectul natural al materialului.<\/li>\n<\/ol>\n<p><strong>Perie Multifunc\u021bional\u0103 pentru \u00cengrijirea Pielii \u00centoarse<\/strong><br \/>Aceast\u0103 perie este perfect\u0103 pentru o varietate de utiliz\u0103ri: pantofi, cizme, jachete, gen\u021bi, rucsacuri, mobilier din piele \u00eentoars\u0103, paltoane, curele \u0219i multe altele. Este potrivit\u0103 pentru toate culorile de piele \u00eentoars\u0103, oferindu-v\u0103 siguran\u021ba unei utiliz\u0103ri f\u0103r\u0103 riscuri.<\/p>","protected":false},"excerpt":{"rendered":"<p>Culoare: Alb Un instrument esen\u021bial pentru \u00eengrijirea pantofilor! Aceast\u0103 perie ofer\u0103 rezultate excelente \u00een cur\u0103\u021barea pielii cu textur\u0103 velur (piele<\/p>","protected":false},"featured_media":12302,"comment_status":"open","ping_status":"open","template":"","meta":[],"product_brand":[],"product_cat":[99,100,105],"product_tag":[104],"class_list":{"0":"post-12300","1":"product","2":"type-product","3":"status-publish","4":"has-post-thumbnail","6":"product_cat-acasa","7":"product_cat-casa-gradina","8":"product_cat-curatenie-intretinere-casa","9":"product_tag-in-stoc","10":"pa_culoare-alb","12":"first","13":"instock","14":"sale","15":"purchasable","16":"product-type-simple"},"yoast_head":"<!-- This site is optimized with the Yoast SEO plugin v27.2 - https:\/\/yoast.com\/product\/yoast-seo-wordpress\/ -->\n<title>Perie pentru curatarea pantofilor de piele intoarsa si nubuck, maner din lemn, material cauciuc,12.5x4.2x3 cm, Gonga\u00ae | ZOKO<\/title>\n<meta name=\"robots\" content=\"index, follow, max-snippet:-1, max-image-preview:large, max-video-preview:-1\" \/>\n<link rel=\"canonical\" href=\"https:\/\/www.zoko.ro\/en\/p\/perie-pentru-curatarea-pantofilor-de-piele-intoarsa-si-nubuck-maner-din-lemn-material-cauciuc12-5x4-2x3-cm-gonga\/\" \/>\n<meta property=\"og:locale\" content=\"en_GB\" \/>\n<meta property=\"og:type\" content=\"article\" \/>\n<meta property=\"og:title\" content=\"Perie pentru curatarea pantofilor de piele intoarsa si nubuck, maner din lemn, material cauciuc,12.5x4.2x3 cm, Gonga\u00ae | ZOKO\" \/>\n<meta property=\"og:description\" content=\"Culoare: Alb Un instrument esen\u021bial pentru \u00eengrijirea pantofilor! Aceast\u0103 perie ofer\u0103 rezultate excelente \u00een cur\u0103\u021barea pielii cu textur\u0103 velur (piele\" \/>\n<meta property=\"og:url\" content=\"https:\/\/www.zoko.ro\/en\/p\/perie-pentru-curatarea-pantofilor-de-piele-intoarsa-si-nubuck-maner-din-lemn-material-cauciuc12-5x4-2x3-cm-gonga\/\" \/>\n<meta property=\"og:site_name\" content=\"ZOKO\" \/>\n<meta property=\"article:publisher\" content=\"https:\/\/www.facebook.com\/profile.php?id=61584344135075\" \/>\n<meta property=\"article:modified_time\" content=\"2026-04-28T21:36:12+00:00\" \/>\n<meta property=\"og:image\" content=\"https:\/\/www.zoko.ro\/wp-content\/uploads\/2025\/03\/perie-pentru-curatarea-pantofilor-de-piele-intoarsa-si-nubuck-maner-din-lemn-material-cauciuc125x42x3-cm-gonga.jpg\" \/>\n\t<meta property=\"og:image:width\" content=\"1200\" \/>\n\t<meta property=\"og:image:height\" content=\"1082\" \/>\n\t<meta property=\"og:image:type\" content=\"image\/jpeg\" \/>\n<meta name=\"twitter:card\" content=\"summary_large_image\" \/>\n<meta name=\"twitter:label1\" content=\"Estimated reading time\" \/>\n\t<meta name=\"twitter:data1\" content=\"1 minute\" \/>\n<script type=\"application\/ld+json\" class=\"yoast-schema-graph\">{\"@context\":\"https:\/\/schema.org\",\"@graph\":[{\"@type\":\"WebPage\",\"@id\":\"https:\/\/www.zoko.ro\/p\/perie-pentru-curatarea-pantofilor-de-piele-intoarsa-si-nubuck-maner-din-lemn-material-cauciuc12-5x4-2x3-cm-gonga\/\",\"url\":\"https:\/\/www.zoko.ro\/p\/perie-pentru-curatarea-pantofilor-de-piele-intoarsa-si-nubuck-maner-din-lemn-material-cauciuc12-5x4-2x3-cm-gonga\/\",\"name\":\"Perie pentru curatarea pantofilor de piele intoarsa si nubuck, maner din lemn, material cauciuc,12.5x4.2x3 cm, Gonga\u00ae | ZOKO\",\"isPartOf\":{\"@id\":\"https:\/\/www.zoko.ro\/#website\"},\"primaryImageOfPage\":{\"@id\":\"https:\/\/www.zoko.ro\/p\/perie-pentru-curatarea-pantofilor-de-piele-intoarsa-si-nubuck-maner-din-lemn-material-cauciuc12-5x4-2x3-cm-gonga\/#primaryimage\"},\"image\":{\"@id\":\"https:\/\/www.zoko.ro\/p\/perie-pentru-curatarea-pantofilor-de-piele-intoarsa-si-nubuck-maner-din-lemn-material-cauciuc12-5x4-2x3-cm-gonga\/#primaryimage\"},\"thumbnailUrl\":\"https:\/\/www.zoko.ro\/wp-content\/uploads\/2025\/03\/perie-pentru-curatarea-pantofilor-de-piele-intoarsa-si-nubuck-maner-din-lemn-material-cauciuc125x42x3-cm-gonga.jpg\",\"datePublished\":\"2026-04-28T21:36:11+00:00\",\"dateModified\":\"2026-04-28T21:36:12+00:00\",\"breadcrumb\":{\"@id\":\"https:\/\/www.zoko.ro\/p\/perie-pentru-curatarea-pantofilor-de-piele-intoarsa-si-nubuck-maner-din-lemn-material-cauciuc12-5x4-2x3-cm-gonga\/#breadcrumb\"},\"inLanguage\":\"en-GB\",\"potentialAction\":[{\"@type\":\"ReadAction\",\"target\":[\"https:\/\/www.zoko.ro\/p\/perie-pentru-curatarea-pantofilor-de-piele-intoarsa-si-nubuck-maner-din-lemn-material-cauciuc12-5x4-2x3-cm-gonga\/\"]}]},{\"@type\":\"ImageObject\",\"inLanguage\":\"en-GB\",\"@id\":\"https:\/\/www.zoko.ro\/p\/perie-pentru-curatarea-pantofilor-de-piele-intoarsa-si-nubuck-maner-din-lemn-material-cauciuc12-5x4-2x3-cm-gonga\/#primaryimage\",\"url\":\"https:\/\/www.zoko.ro\/wp-content\/uploads\/2025\/03\/perie-pentru-curatarea-pantofilor-de-piele-intoarsa-si-nubuck-maner-din-lemn-material-cauciuc125x42x3-cm-gonga.jpg\",\"contentUrl\":\"https:\/\/www.zoko.ro\/wp-content\/uploads\/2025\/03\/perie-pentru-curatarea-pantofilor-de-piele-intoarsa-si-nubuck-maner-din-lemn-material-cauciuc125x42x3-cm-gonga.jpg\",\"width\":1200,\"height\":1082},{\"@type\":\"BreadcrumbList\",\"@id\":\"https:\/\/www.zoko.ro\/p\/perie-pentru-curatarea-pantofilor-de-piele-intoarsa-si-nubuck-maner-din-lemn-material-cauciuc12-5x4-2x3-cm-gonga\/#breadcrumb\",\"itemListElement\":[{\"@type\":\"ListItem\",\"position\":1,\"name\":\"Home\",\"item\":\"https:\/\/www.zoko.ro\/\"},{\"@type\":\"ListItem\",\"position\":2,\"name\":\"Magazin\",\"item\":\"https:\/\/www.zoko.ro\/magazin\/\"},{\"@type\":\"ListItem\",\"position\":3,\"name\":\"Perie pentru curatarea pantofilor de piele intoarsa si nubuck, maner din lemn, material cauciuc,12.5&#215;4.2&#215;3 cm, Gonga\u00ae\"}]},{\"@type\":\"WebSite\",\"@id\":\"https:\/\/www.zoko.ro\/#website\",\"url\":\"https:\/\/www.zoko.ro\/\",\"name\":\"ZOKO.ro\",\"description\":\"Cump\u0103r\u0103 inteligent\",\"publisher\":{\"@id\":\"https:\/\/www.zoko.ro\/#organization\"},\"potentialAction\":[{\"@type\":\"SearchAction\",\"target\":{\"@type\":\"EntryPoint\",\"urlTemplate\":\"https:\/\/www.zoko.ro\/?s={search_term_string}\"},\"query-input\":{\"@type\":\"PropertyValueSpecification\",\"valueRequired\":true,\"valueName\":\"search_term_string\"}}],\"inLanguage\":\"en-GB\"},{\"@type\":\"Organization\",\"@id\":\"https:\/\/www.zoko.ro\/#organization\",\"name\":\"ZOKO\",\"url\":\"https:\/\/www.zoko.ro\/\",\"logo\":{\"@type\":\"ImageObject\",\"inLanguage\":\"en-GB\",\"@id\":\"https:\/\/www.zoko.ro\/#\/schema\/logo\/image\/\",\"url\":\"https:\/\/www.zoko.ro\/wp-content\/uploads\/2025\/03\/logo1.svg\",\"contentUrl\":\"https:\/\/www.zoko.ro\/wp-content\/uploads\/2025\/03\/logo1.svg\",\"width\":799,\"height\":216,\"caption\":\"ZOKO\"},\"image\":{\"@id\":\"https:\/\/www.zoko.ro\/#\/schema\/logo\/image\/\"},\"sameAs\":[\"https:\/\/www.facebook.com\/profile.php?id=61584344135075\"]}]}<\/script>\n<!-- \/ Yoast SEO plugin. -->","yoast_head_json":{"title":"Perie pentru curatarea pantofilor de piele intoarsa si nubuck, maner din lemn, material cauciuc,12.5x4.2x3 cm, Gonga\u00ae | ZOKO","robots":{"index":"index","follow":"follow","max-snippet":"max-snippet:-1","max-image-preview":"max-image-preview:large","max-video-preview":"max-video-preview:-1"},"canonical":"https:\/\/www.zoko.ro\/en\/p\/perie-pentru-curatarea-pantofilor-de-piele-intoarsa-si-nubuck-maner-din-lemn-material-cauciuc12-5x4-2x3-cm-gonga\/","og_locale":"en_GB","og_type":"article","og_title":"Perie pentru curatarea pantofilor de piele intoarsa si nubuck, maner din lemn, material cauciuc,12.5x4.2x3 cm, Gonga\u00ae | ZOKO","og_description":"Culoare: Alb Un instrument esen\u021bial pentru \u00eengrijirea pantofilor! Aceast\u0103 perie ofer\u0103 rezultate excelente \u00een cur\u0103\u021barea pielii cu textur\u0103 velur (piele","og_url":"https:\/\/www.zoko.ro\/en\/p\/perie-pentru-curatarea-pantofilor-de-piele-intoarsa-si-nubuck-maner-din-lemn-material-cauciuc12-5x4-2x3-cm-gonga\/","og_site_name":"ZOKO","article_publisher":"https:\/\/www.facebook.com\/profile.php?id=61584344135075","article_modified_time":"2026-04-28T21:36:12+00:00","og_image":[{"width":1200,"height":1082,"url":"https:\/\/www.zoko.ro\/wp-content\/uploads\/2025\/03\/perie-pentru-curatarea-pantofilor-de-piele-intoarsa-si-nubuck-maner-din-lemn-material-cauciuc125x42x3-cm-gonga.jpg","type":"image\/jpeg"}],"twitter_card":"summary_large_image","twitter_misc":{"Estimated reading time":"1 minute"},"schema":{"@context":"https:\/\/schema.org","@graph":[{"@type":"WebPage","@id":"https:\/\/www.zoko.ro\/p\/perie-pentru-curatarea-pantofilor-de-piele-intoarsa-si-nubuck-maner-din-lemn-material-cauciuc12-5x4-2x3-cm-gonga\/","url":"https:\/\/www.zoko.ro\/p\/perie-pentru-curatarea-pantofilor-de-piele-intoarsa-si-nubuck-maner-din-lemn-material-cauciuc12-5x4-2x3-cm-gonga\/","name":"Perie pentru curatarea pantofilor de piele intoarsa si nubuck, maner din lemn, material cauciuc,12.5x4.2x3 cm, Gonga\u00ae | ZOKO","isPartOf":{"@id":"https:\/\/www.zoko.ro\/#website"},"primaryImageOfPage":{"@id":"https:\/\/www.zoko.ro\/p\/perie-pentru-curatarea-pantofilor-de-piele-intoarsa-si-nubuck-maner-din-lemn-material-cauciuc12-5x4-2x3-cm-gonga\/#primaryimage"},"image":{"@id":"https:\/\/www.zoko.ro\/p\/perie-pentru-curatarea-pantofilor-de-piele-intoarsa-si-nubuck-maner-din-lemn-material-cauciuc12-5x4-2x3-cm-gonga\/#primaryimage"},"thumbnailUrl":"https:\/\/www.zoko.ro\/wp-content\/uploads\/2025\/03\/perie-pentru-curatarea-pantofilor-de-piele-intoarsa-si-nubuck-maner-din-lemn-material-cauciuc125x42x3-cm-gonga.jpg","datePublished":"2026-04-28T21:36:11+00:00","dateModified":"2026-04-28T21:36:12+00:00","breadcrumb":{"@id":"https:\/\/www.zoko.ro\/p\/perie-pentru-curatarea-pantofilor-de-piele-intoarsa-si-nubuck-maner-din-lemn-material-cauciuc12-5x4-2x3-cm-gonga\/#breadcrumb"},"inLanguage":"en-GB","potentialAction":[{"@type":"ReadAction","target":["https:\/\/www.zoko.ro\/p\/perie-pentru-curatarea-pantofilor-de-piele-intoarsa-si-nubuck-maner-din-lemn-material-cauciuc12-5x4-2x3-cm-gonga\/"]}]},{"@type":"ImageObject","inLanguage":"en-GB","@id":"https:\/\/www.zoko.ro\/p\/perie-pentru-curatarea-pantofilor-de-piele-intoarsa-si-nubuck-maner-din-lemn-material-cauciuc12-5x4-2x3-cm-gonga\/#primaryimage","url":"https:\/\/www.zoko.ro\/wp-content\/uploads\/2025\/03\/perie-pentru-curatarea-pantofilor-de-piele-intoarsa-si-nubuck-maner-din-lemn-material-cauciuc125x42x3-cm-gonga.jpg","contentUrl":"https:\/\/www.zoko.ro\/wp-content\/uploads\/2025\/03\/perie-pentru-curatarea-pantofilor-de-piele-intoarsa-si-nubuck-maner-din-lemn-material-cauciuc125x42x3-cm-gonga.jpg","width":1200,"height":1082},{"@type":"BreadcrumbList","@id":"https:\/\/www.zoko.ro\/p\/perie-pentru-curatarea-pantofilor-de-piele-intoarsa-si-nubuck-maner-din-lemn-material-cauciuc12-5x4-2x3-cm-gonga\/#breadcrumb","itemListElement":[{"@type":"ListItem","position":1,"name":"Home","item":"https:\/\/www.zoko.ro\/"},{"@type":"ListItem","position":2,"name":"Magazin","item":"https:\/\/www.zoko.ro\/magazin\/"},{"@type":"ListItem","position":3,"name":"Perie pentru curatarea pantofilor de piele intoarsa si nubuck, maner din lemn, material cauciuc,12.5&#215;4.2&#215;3 cm, Gonga\u00ae"}]},{"@type":"WebSite","@id":"https:\/\/www.zoko.ro\/#website","url":"https:\/\/www.zoko.ro\/","name":"ZOKO.ro","description":"Cump\u0103r\u0103 inteligent","publisher":{"@id":"https:\/\/www.zoko.ro\/#organization"},"potentialAction":[{"@type":"SearchAction","target":{"@type":"EntryPoint","urlTemplate":"https:\/\/www.zoko.ro\/?s={search_term_string}"},"query-input":{"@type":"PropertyValueSpecification","valueRequired":true,"valueName":"search_term_string"}}],"inLanguage":"en-GB"},{"@type":"Organization","@id":"https:\/\/www.zoko.ro\/#organization","name":"ZOKO","url":"https:\/\/www.zoko.ro\/","logo":{"@type":"ImageObject","inLanguage":"en-GB","@id":"https:\/\/www.zoko.ro\/#\/schema\/logo\/image\/","url":"https:\/\/www.zoko.ro\/wp-content\/uploads\/2025\/03\/logo1.svg","contentUrl":"https:\/\/www.zoko.ro\/wp-content\/uploads\/2025\/03\/logo1.svg","width":799,"height":216,"caption":"ZOKO"},"image":{"@id":"https:\/\/www.zoko.ro\/#\/schema\/logo\/image\/"},"sameAs":["https:\/\/www.facebook.com\/profile.php?id=61584344135075"]}]}},"_links":{"self":[{"href":"https:\/\/www.zoko.ro\/en\/wp-json\/wp\/v2\/product\/12300","targetHints":{"allow":["GET"]}}],"collection":[{"href":"https:\/\/www.zoko.ro\/en\/wp-json\/wp\/v2\/product"}],"about":[{"href":"https:\/\/www.zoko.ro\/en\/wp-json\/wp\/v2\/types\/product"}],"replies":[{"embeddable":true,"href":"https:\/\/www.zoko.ro\/en\/wp-json\/wp\/v2\/comments?post=12300"}],"version-history":[{"count":1,"href":"https:\/\/www.zoko.ro\/en\/wp-json\/wp\/v2\/product\/12300\/revisions"}],"predecessor-version":[{"id":12301,"href":"https:\/\/www.zoko.ro\/en\/wp-json\/wp\/v2\/product\/12300\/revisions\/12301"}],"wp:featuredmedia":[{"embeddable":true,"href":"https:\/\/www.zoko.ro\/en\/wp-json\/wp\/v2\/media\/12302"}],"wp:attachment":[{"href":"https:\/\/www.zoko.ro\/en\/wp-json\/wp\/v2\/media?parent=12300"}],"wp:term":[{"taxonomy":"product_brand","embeddable":true,"href":"https:\/\/www.zoko.ro\/en\/wp-json\/wp\/v2\/product_brand?post=12300"},{"taxonomy":"product_cat","embeddable":true,"href":"https:\/\/www.zoko.ro\/en\/wp-json\/wp\/v2\/product_cat?post=12300"},{"taxonomy":"product_tag","embeddable":true,"href":"https:\/\/www.zoko.ro\/en\/wp-json\/wp\/v2\/product_tag?post=12300"}],"curies":[{"name":"wp","href":"https:\/\/api.w.org\/{rel}","templated":true}]}}