{"id":12314,"date":"2026-04-28T23:36:12","date_gmt":"2026-04-28T21:36:12","guid":{"rendered":"https:\/\/www.zoko.ro\/p\/geanta-termoizolanta-tip-rucsac-pentru-picnic-sau-camping-18l-impermeabil-gri-dimensiuni-42-x-29-x-19-cm-gonga\/"},"modified":"2026-04-28T23:36:12","modified_gmt":"2026-04-28T21:36:12","slug":"geanta-termoizolanta-tip-rucsac-pentru-picnic-sau-camping-18l-impermeabil-gri-dimensiuni-42-x-29-x-19-cm-gonga","status":"publish","type":"product","link":"https:\/\/www.zoko.ro\/en\/p\/geanta-termoizolanta-tip-rucsac-pentru-picnic-sau-camping-18l-impermeabil-gri-dimensiuni-42-x-29-x-19-cm-gonga\/","title":{"rendered":"Geanta termoizolanta tip rucsac pentru picnic sau camping, 18L, impermeabil, gri, dimensiuni 42 x 29 x 19 cm, Gonga\u00ae"},"content":{"rendered":"<p><strong>Culoare:<\/strong> Gri<\/p>\n<p>\u00cen c\u0103l\u0103torii lungi sau aventuri \u00een natur\u0103, este esen\u021bial s\u0103 ai la \u00eendem\u00e2n\u0103 un aliat de \u00eencredere pentru p\u0103strarea alimentelor \u0219i b\u0103uturilor la temperatura optim\u0103. Acest rucsac termoizolant este conceput special pentru a oferi confort \u0219i practicitate \u00een orice situa\u021bie.<\/p>\n<p>Realizat din materiale de \u00eenalt\u0103 calitate, rucsacul este durabil \u0219i rezistent, capabil s\u0103 fac\u0103 fa\u021b\u0103 condi\u021biilor dificile din mediul exterior. Exteriorul s\u0103u robust este proiectat s\u0103 reziste la zg\u00e2rieturi, ploaie \u0219i alte agresiuni ale naturii, asigur\u00e2nd protec\u021bia deplin\u0103 a con\u021binutului.<\/p>\n<p>Cu un design bine g\u00e2ndit, rucsacul dispune de compartimente \u0219i buzunare multiple, care permit organizarea eficient\u0103 \u0219i accesul rapid la alimente \u0219i b\u0103uturi. Compartimentul termoizolat men\u021bine produsele reci sau calde pentru o perioad\u0103 \u00eendelungat\u0103, astfel \u00eenc\u00e2t s\u0103 te po\u021bi bucura de m\u00e2ncare proasp\u0103t\u0103 \u0219i b\u0103uturi r\u0103coritoare oriunde.<\/p>\n<p>Designul ergonomic ofer\u0103 confort maxim chiar \u0219i \u00een timpul utiliz\u0103rii \u00eendelungate. Bretelele ajustabile \u0219i spuma moale din zona spatelui reduc tensiunea muscular\u0103 \u0219i oboseala, iar centura de sold distribuie greutatea uniform, f\u0103c\u00e2nd rucsacul u\u0219or de purtat.<\/p>\n<p>Indiferent dac\u0103 explorezi mun\u021bii, mergi \u00eentr-un picnic sau c\u0103l\u0103tore\u0219ti, acest rucsac termoizolant este partenerul perfect pentru p\u0103strarea alimentelor \u0219i b\u0103uturilor proaspete. Practic, rezistent \u0219i extrem de func\u021bional, este alegerea ideal\u0103 pentru orice aventur\u0103 \u00een aer liber!<\/p>","protected":false},"excerpt":{"rendered":"<p>Culoare: Gri \u00cen c\u0103l\u0103torii lungi sau aventuri \u00een natur\u0103, este esen\u021bial s\u0103 ai la \u00eendem\u00e2n\u0103 un aliat de \u00eencredere pentru<\/p>","protected":false},"featured_media":12316,"comment_status":"open","ping_status":"open","template":"","meta":[],"product_brand":[],"product_cat":[99,177,102],"product_tag":[104],"class_list":{"0":"post-12314","1":"product","2":"type-product","3":"status-publish","4":"has-post-thumbnail","6":"product_cat-acasa","7":"product_cat-genti-alimentare-genti-termo-izolante","8":"product_cat-sport-activitati-in-aer-liber","9":"product_tag-in-stoc","10":"pa_culoare-gri","12":"first","13":"instock","14":"sale","15":"purchasable","16":"product-type-simple"},"yoast_head":"<!-- This site is optimized with the Yoast SEO plugin v27.2 - https:\/\/yoast.com\/product\/yoast-seo-wordpress\/ -->\n<title>Geanta termoizolanta tip rucsac pentru picnic sau camping, 18L, impermeabil, gri, dimensiuni 42 x 29 x 19 cm, Gonga\u00ae | ZOKO<\/title>\n<meta name=\"robots\" content=\"index, follow, max-snippet:-1, max-image-preview:large, max-video-preview:-1\" \/>\n<link rel=\"canonical\" href=\"https:\/\/www.zoko.ro\/en\/p\/geanta-termoizolanta-tip-rucsac-pentru-picnic-sau-camping-18l-impermeabil-gri-dimensiuni-42-x-29-x-19-cm-gonga\/\" \/>\n<meta property=\"og:locale\" content=\"en_GB\" \/>\n<meta property=\"og:type\" content=\"article\" \/>\n<meta property=\"og:title\" content=\"Geanta termoizolanta tip rucsac pentru picnic sau camping, 18L, impermeabil, gri, dimensiuni 42 x 29 x 19 cm, Gonga\u00ae | ZOKO\" \/>\n<meta property=\"og:description\" content=\"Culoare: Gri \u00cen c\u0103l\u0103torii lungi sau aventuri \u00een natur\u0103, este esen\u021bial s\u0103 ai la \u00eendem\u00e2n\u0103 un aliat de \u00eencredere pentru\" \/>\n<meta property=\"og:url\" content=\"https:\/\/www.zoko.ro\/en\/p\/geanta-termoizolanta-tip-rucsac-pentru-picnic-sau-camping-18l-impermeabil-gri-dimensiuni-42-x-29-x-19-cm-gonga\/\" \/>\n<meta property=\"og:site_name\" content=\"ZOKO\" \/>\n<meta property=\"article:publisher\" content=\"https:\/\/www.facebook.com\/profile.php?id=61584344135075\" \/>\n<meta property=\"og:image\" content=\"https:\/\/www.zoko.ro\/wp-content\/uploads\/2025\/03\/geanta-termoizolanta-tip-rucsac-pentru-picnic-sau-camping-18l-impermeabil-gri-dimensiuni-42-x-29-x-19-cm-gonga.jpg\" \/>\n\t<meta property=\"og:image:width\" content=\"1200\" \/>\n\t<meta property=\"og:image:height\" content=\"1187\" \/>\n\t<meta property=\"og:image:type\" content=\"image\/jpeg\" \/>\n<meta name=\"twitter:card\" content=\"summary_large_image\" \/>\n<meta name=\"twitter:label1\" content=\"Estimated reading time\" \/>\n\t<meta name=\"twitter:data1\" content=\"1 minute\" \/>\n<script type=\"application\/ld+json\" class=\"yoast-schema-graph\">{\"@context\":\"https:\/\/schema.org\",\"@graph\":[{\"@type\":\"WebPage\",\"@id\":\"https:\/\/www.zoko.ro\/p\/geanta-termoizolanta-tip-rucsac-pentru-picnic-sau-camping-18l-impermeabil-gri-dimensiuni-42-x-29-x-19-cm-gonga\/\",\"url\":\"https:\/\/www.zoko.ro\/p\/geanta-termoizolanta-tip-rucsac-pentru-picnic-sau-camping-18l-impermeabil-gri-dimensiuni-42-x-29-x-19-cm-gonga\/\",\"name\":\"Geanta termoizolanta tip rucsac pentru picnic sau camping, 18L, impermeabil, gri, dimensiuni 42 x 29 x 19 cm, Gonga\u00ae | ZOKO\",\"isPartOf\":{\"@id\":\"https:\/\/www.zoko.ro\/#website\"},\"primaryImageOfPage\":{\"@id\":\"https:\/\/www.zoko.ro\/p\/geanta-termoizolanta-tip-rucsac-pentru-picnic-sau-camping-18l-impermeabil-gri-dimensiuni-42-x-29-x-19-cm-gonga\/#primaryimage\"},\"image\":{\"@id\":\"https:\/\/www.zoko.ro\/p\/geanta-termoizolanta-tip-rucsac-pentru-picnic-sau-camping-18l-impermeabil-gri-dimensiuni-42-x-29-x-19-cm-gonga\/#primaryimage\"},\"thumbnailUrl\":\"https:\/\/www.zoko.ro\/wp-content\/uploads\/2025\/03\/geanta-termoizolanta-tip-rucsac-pentru-picnic-sau-camping-18l-impermeabil-gri-dimensiuni-42-x-29-x-19-cm-gonga.jpg\",\"datePublished\":\"2026-04-28T21:36:12+00:00\",\"breadcrumb\":{\"@id\":\"https:\/\/www.zoko.ro\/p\/geanta-termoizolanta-tip-rucsac-pentru-picnic-sau-camping-18l-impermeabil-gri-dimensiuni-42-x-29-x-19-cm-gonga\/#breadcrumb\"},\"inLanguage\":\"en-GB\",\"potentialAction\":[{\"@type\":\"ReadAction\",\"target\":[\"https:\/\/www.zoko.ro\/p\/geanta-termoizolanta-tip-rucsac-pentru-picnic-sau-camping-18l-impermeabil-gri-dimensiuni-42-x-29-x-19-cm-gonga\/\"]}]},{\"@type\":\"ImageObject\",\"inLanguage\":\"en-GB\",\"@id\":\"https:\/\/www.zoko.ro\/p\/geanta-termoizolanta-tip-rucsac-pentru-picnic-sau-camping-18l-impermeabil-gri-dimensiuni-42-x-29-x-19-cm-gonga\/#primaryimage\",\"url\":\"https:\/\/www.zoko.ro\/wp-content\/uploads\/2025\/03\/geanta-termoizolanta-tip-rucsac-pentru-picnic-sau-camping-18l-impermeabil-gri-dimensiuni-42-x-29-x-19-cm-gonga.jpg\",\"contentUrl\":\"https:\/\/www.zoko.ro\/wp-content\/uploads\/2025\/03\/geanta-termoizolanta-tip-rucsac-pentru-picnic-sau-camping-18l-impermeabil-gri-dimensiuni-42-x-29-x-19-cm-gonga.jpg\",\"width\":1200,\"height\":1187},{\"@type\":\"BreadcrumbList\",\"@id\":\"https:\/\/www.zoko.ro\/p\/geanta-termoizolanta-tip-rucsac-pentru-picnic-sau-camping-18l-impermeabil-gri-dimensiuni-42-x-29-x-19-cm-gonga\/#breadcrumb\",\"itemListElement\":[{\"@type\":\"ListItem\",\"position\":1,\"name\":\"Home\",\"item\":\"https:\/\/www.zoko.ro\/\"},{\"@type\":\"ListItem\",\"position\":2,\"name\":\"Magazin\",\"item\":\"https:\/\/www.zoko.ro\/magazin\/\"},{\"@type\":\"ListItem\",\"position\":3,\"name\":\"Geanta termoizolanta tip rucsac pentru picnic sau camping, 18L, impermeabil, gri, dimensiuni 42 x 29 x 19 cm, Gonga\u00ae\"}]},{\"@type\":\"WebSite\",\"@id\":\"https:\/\/www.zoko.ro\/#website\",\"url\":\"https:\/\/www.zoko.ro\/\",\"name\":\"ZOKO.ro\",\"description\":\"Cump\u0103r\u0103 inteligent\",\"publisher\":{\"@id\":\"https:\/\/www.zoko.ro\/#organization\"},\"potentialAction\":[{\"@type\":\"SearchAction\",\"target\":{\"@type\":\"EntryPoint\",\"urlTemplate\":\"https:\/\/www.zoko.ro\/?s={search_term_string}\"},\"query-input\":{\"@type\":\"PropertyValueSpecification\",\"valueRequired\":true,\"valueName\":\"search_term_string\"}}],\"inLanguage\":\"en-GB\"},{\"@type\":\"Organization\",\"@id\":\"https:\/\/www.zoko.ro\/#organization\",\"name\":\"ZOKO\",\"url\":\"https:\/\/www.zoko.ro\/\",\"logo\":{\"@type\":\"ImageObject\",\"inLanguage\":\"en-GB\",\"@id\":\"https:\/\/www.zoko.ro\/#\/schema\/logo\/image\/\",\"url\":\"https:\/\/www.zoko.ro\/wp-content\/uploads\/2025\/03\/logo1.svg\",\"contentUrl\":\"https:\/\/www.zoko.ro\/wp-content\/uploads\/2025\/03\/logo1.svg\",\"width\":799,\"height\":216,\"caption\":\"ZOKO\"},\"image\":{\"@id\":\"https:\/\/www.zoko.ro\/#\/schema\/logo\/image\/\"},\"sameAs\":[\"https:\/\/www.facebook.com\/profile.php?id=61584344135075\"]}]}<\/script>\n<!-- \/ Yoast SEO plugin. -->","yoast_head_json":{"title":"Geanta termoizolanta tip rucsac pentru picnic sau camping, 18L, impermeabil, gri, dimensiuni 42 x 29 x 19 cm, Gonga\u00ae | ZOKO","robots":{"index":"index","follow":"follow","max-snippet":"max-snippet:-1","max-image-preview":"max-image-preview:large","max-video-preview":"max-video-preview:-1"},"canonical":"https:\/\/www.zoko.ro\/en\/p\/geanta-termoizolanta-tip-rucsac-pentru-picnic-sau-camping-18l-impermeabil-gri-dimensiuni-42-x-29-x-19-cm-gonga\/","og_locale":"en_GB","og_type":"article","og_title":"Geanta termoizolanta tip rucsac pentru picnic sau camping, 18L, impermeabil, gri, dimensiuni 42 x 29 x 19 cm, Gonga\u00ae | ZOKO","og_description":"Culoare: Gri \u00cen c\u0103l\u0103torii lungi sau aventuri \u00een natur\u0103, este esen\u021bial s\u0103 ai la \u00eendem\u00e2n\u0103 un aliat de \u00eencredere pentru","og_url":"https:\/\/www.zoko.ro\/en\/p\/geanta-termoizolanta-tip-rucsac-pentru-picnic-sau-camping-18l-impermeabil-gri-dimensiuni-42-x-29-x-19-cm-gonga\/","og_site_name":"ZOKO","article_publisher":"https:\/\/www.facebook.com\/profile.php?id=61584344135075","og_image":[{"width":1200,"height":1187,"url":"https:\/\/www.zoko.ro\/wp-content\/uploads\/2025\/03\/geanta-termoizolanta-tip-rucsac-pentru-picnic-sau-camping-18l-impermeabil-gri-dimensiuni-42-x-29-x-19-cm-gonga.jpg","type":"image\/jpeg"}],"twitter_card":"summary_large_image","twitter_misc":{"Estimated reading time":"1 minute"},"schema":{"@context":"https:\/\/schema.org","@graph":[{"@type":"WebPage","@id":"https:\/\/www.zoko.ro\/p\/geanta-termoizolanta-tip-rucsac-pentru-picnic-sau-camping-18l-impermeabil-gri-dimensiuni-42-x-29-x-19-cm-gonga\/","url":"https:\/\/www.zoko.ro\/p\/geanta-termoizolanta-tip-rucsac-pentru-picnic-sau-camping-18l-impermeabil-gri-dimensiuni-42-x-29-x-19-cm-gonga\/","name":"Geanta termoizolanta tip rucsac pentru picnic sau camping, 18L, impermeabil, gri, dimensiuni 42 x 29 x 19 cm, Gonga\u00ae | ZOKO","isPartOf":{"@id":"https:\/\/www.zoko.ro\/#website"},"primaryImageOfPage":{"@id":"https:\/\/www.zoko.ro\/p\/geanta-termoizolanta-tip-rucsac-pentru-picnic-sau-camping-18l-impermeabil-gri-dimensiuni-42-x-29-x-19-cm-gonga\/#primaryimage"},"image":{"@id":"https:\/\/www.zoko.ro\/p\/geanta-termoizolanta-tip-rucsac-pentru-picnic-sau-camping-18l-impermeabil-gri-dimensiuni-42-x-29-x-19-cm-gonga\/#primaryimage"},"thumbnailUrl":"https:\/\/www.zoko.ro\/wp-content\/uploads\/2025\/03\/geanta-termoizolanta-tip-rucsac-pentru-picnic-sau-camping-18l-impermeabil-gri-dimensiuni-42-x-29-x-19-cm-gonga.jpg","datePublished":"2026-04-28T21:36:12+00:00","breadcrumb":{"@id":"https:\/\/www.zoko.ro\/p\/geanta-termoizolanta-tip-rucsac-pentru-picnic-sau-camping-18l-impermeabil-gri-dimensiuni-42-x-29-x-19-cm-gonga\/#breadcrumb"},"inLanguage":"en-GB","potentialAction":[{"@type":"ReadAction","target":["https:\/\/www.zoko.ro\/p\/geanta-termoizolanta-tip-rucsac-pentru-picnic-sau-camping-18l-impermeabil-gri-dimensiuni-42-x-29-x-19-cm-gonga\/"]}]},{"@type":"ImageObject","inLanguage":"en-GB","@id":"https:\/\/www.zoko.ro\/p\/geanta-termoizolanta-tip-rucsac-pentru-picnic-sau-camping-18l-impermeabil-gri-dimensiuni-42-x-29-x-19-cm-gonga\/#primaryimage","url":"https:\/\/www.zoko.ro\/wp-content\/uploads\/2025\/03\/geanta-termoizolanta-tip-rucsac-pentru-picnic-sau-camping-18l-impermeabil-gri-dimensiuni-42-x-29-x-19-cm-gonga.jpg","contentUrl":"https:\/\/www.zoko.ro\/wp-content\/uploads\/2025\/03\/geanta-termoizolanta-tip-rucsac-pentru-picnic-sau-camping-18l-impermeabil-gri-dimensiuni-42-x-29-x-19-cm-gonga.jpg","width":1200,"height":1187},{"@type":"BreadcrumbList","@id":"https:\/\/www.zoko.ro\/p\/geanta-termoizolanta-tip-rucsac-pentru-picnic-sau-camping-18l-impermeabil-gri-dimensiuni-42-x-29-x-19-cm-gonga\/#breadcrumb","itemListElement":[{"@type":"ListItem","position":1,"name":"Home","item":"https:\/\/www.zoko.ro\/"},{"@type":"ListItem","position":2,"name":"Magazin","item":"https:\/\/www.zoko.ro\/magazin\/"},{"@type":"ListItem","position":3,"name":"Geanta termoizolanta tip rucsac pentru picnic sau camping, 18L, impermeabil, gri, dimensiuni 42 x 29 x 19 cm, Gonga\u00ae"}]},{"@type":"WebSite","@id":"https:\/\/www.zoko.ro\/#website","url":"https:\/\/www.zoko.ro\/","name":"ZOKO.ro","description":"Cump\u0103r\u0103 inteligent","publisher":{"@id":"https:\/\/www.zoko.ro\/#organization"},"potentialAction":[{"@type":"SearchAction","target":{"@type":"EntryPoint","urlTemplate":"https:\/\/www.zoko.ro\/?s={search_term_string}"},"query-input":{"@type":"PropertyValueSpecification","valueRequired":true,"valueName":"search_term_string"}}],"inLanguage":"en-GB"},{"@type":"Organization","@id":"https:\/\/www.zoko.ro\/#organization","name":"ZOKO","url":"https:\/\/www.zoko.ro\/","logo":{"@type":"ImageObject","inLanguage":"en-GB","@id":"https:\/\/www.zoko.ro\/#\/schema\/logo\/image\/","url":"https:\/\/www.zoko.ro\/wp-content\/uploads\/2025\/03\/logo1.svg","contentUrl":"https:\/\/www.zoko.ro\/wp-content\/uploads\/2025\/03\/logo1.svg","width":799,"height":216,"caption":"ZOKO"},"image":{"@id":"https:\/\/www.zoko.ro\/#\/schema\/logo\/image\/"},"sameAs":["https:\/\/www.facebook.com\/profile.php?id=61584344135075"]}]}},"_links":{"self":[{"href":"https:\/\/www.zoko.ro\/en\/wp-json\/wp\/v2\/product\/12314","targetHints":{"allow":["GET"]}}],"collection":[{"href":"https:\/\/www.zoko.ro\/en\/wp-json\/wp\/v2\/product"}],"about":[{"href":"https:\/\/www.zoko.ro\/en\/wp-json\/wp\/v2\/types\/product"}],"replies":[{"embeddable":true,"href":"https:\/\/www.zoko.ro\/en\/wp-json\/wp\/v2\/comments?post=12314"}],"version-history":[{"count":1,"href":"https:\/\/www.zoko.ro\/en\/wp-json\/wp\/v2\/product\/12314\/revisions"}],"predecessor-version":[{"id":12315,"href":"https:\/\/www.zoko.ro\/en\/wp-json\/wp\/v2\/product\/12314\/revisions\/12315"}],"wp:featuredmedia":[{"embeddable":true,"href":"https:\/\/www.zoko.ro\/en\/wp-json\/wp\/v2\/media\/12316"}],"wp:attachment":[{"href":"https:\/\/www.zoko.ro\/en\/wp-json\/wp\/v2\/media?parent=12314"}],"wp:term":[{"taxonomy":"product_brand","embeddable":true,"href":"https:\/\/www.zoko.ro\/en\/wp-json\/wp\/v2\/product_brand?post=12314"},{"taxonomy":"product_cat","embeddable":true,"href":"https:\/\/www.zoko.ro\/en\/wp-json\/wp\/v2\/product_cat?post=12314"},{"taxonomy":"product_tag","embeddable":true,"href":"https:\/\/www.zoko.ro\/en\/wp-json\/wp\/v2\/product_tag?post=12314"}],"curies":[{"name":"wp","href":"https:\/\/api.w.org\/{rel}","templated":true}]}}