{"id":12323,"date":"2026-04-28T23:36:12","date_gmt":"2026-04-28T21:36:12","guid":{"rendered":"https:\/\/www.zoko.ro\/p\/suport-organizator-pentru-frigider-capacitate-14-oua-dimensiuni-36x8-2x10-cm-gonga\/"},"modified":"2026-04-28T23:36:13","modified_gmt":"2026-04-28T21:36:13","slug":"suport-organizator-pentru-frigider-capacitate-14-oua-dimensiuni-36x8-2x10-cm-gonga","status":"publish","type":"product","link":"https:\/\/www.zoko.ro\/en\/p\/suport-organizator-pentru-frigider-capacitate-14-oua-dimensiuni-36x8-2x10-cm-gonga\/","title":{"rendered":"Suport organizator pentru frigider, capacitate 14 oua, dimensiuni 36&#215;8.2&#215;10 cm, Gonga\u00ae"},"content":{"rendered":"<p><strong>Culoare:<\/strong> Alb<\/p>\n<p>Acest suport inovativ pentru ou\u0103 este solu\u021bia ideal\u0103 pentru p\u0103strarea ordonat\u0103 \u0219i eficient\u0103 a ou\u0103lor \u00een frigider. Cu o capacitate de 14 ou\u0103, acest organizator permite un acces rapid \u0219i u\u0219or datorit\u0103 sistemului de rulare automat\u0103 pe dou\u0103 niveluri. Dimensiunile sale de 36&#215;8.2&#215;10 cm sunt perfect adaptate pentru a economisi spa\u021biu \u00een frigider, fiind compact \u0219i eficient.<\/p>\n<p>Designul inteligent permite ca ou\u0103le s\u0103 fie r\u00e2nduite pe dou\u0103 niveluri, iar pe m\u0103sur\u0103 ce folose\u0219ti ou\u0103le, cele din partea de sus se rostogolesc automat \u00een fa\u021b\u0103, pentru un acces convenabil. Este ideal pentru p\u0103strarea ou\u0103lor \u00eentr-un mod organizat, ajut\u00e2ndu-te s\u0103 economise\u0219ti timp \u0219i spa\u021biu. Perfect pentru orice frigider, acest organizator este un accesoriu practic \u0219i func\u021bional \u00een buc\u0103t\u0103rie!<\/p>","protected":false},"excerpt":{"rendered":"<p>Culoare: Alb Acest suport inovativ pentru ou\u0103 este solu\u021bia ideal\u0103 pentru p\u0103strarea ordonat\u0103 \u0219i eficient\u0103 a ou\u0103lor \u00een frigider. Cu<\/p>","protected":false},"featured_media":12325,"comment_status":"open","ping_status":"open","template":"","meta":[],"product_brand":[],"product_cat":[99,178,107,100],"product_tag":[104],"class_list":{"0":"post-12323","1":"product","2":"type-product","3":"status-publish","4":"has-post-thumbnail","6":"product_cat-acasa","7":"product_cat-accesorii-aparate-frigorifice","8":"product_cat-bucatarie-si-servire","9":"product_cat-casa-gradina","10":"product_tag-in-stoc","11":"pa_culoare-alb","13":"first","14":"instock","15":"sale","16":"purchasable","17":"product-type-simple"},"yoast_head":"<!-- This site is optimized with the Yoast SEO plugin v27.2 - https:\/\/yoast.com\/product\/yoast-seo-wordpress\/ -->\n<title>Suport organizator pentru frigider, capacitate 14 oua, dimensiuni 36x8.2x10 cm, Gonga\u00ae | ZOKO<\/title>\n<meta name=\"robots\" content=\"index, follow, max-snippet:-1, max-image-preview:large, max-video-preview:-1\" \/>\n<link rel=\"canonical\" href=\"https:\/\/www.zoko.ro\/en\/p\/suport-organizator-pentru-frigider-capacitate-14-oua-dimensiuni-36x8-2x10-cm-gonga\/\" \/>\n<meta property=\"og:locale\" content=\"en_GB\" \/>\n<meta property=\"og:type\" content=\"article\" \/>\n<meta property=\"og:title\" content=\"Suport organizator pentru frigider, capacitate 14 oua, dimensiuni 36x8.2x10 cm, Gonga\u00ae | ZOKO\" \/>\n<meta property=\"og:description\" content=\"Culoare: Alb Acest suport inovativ pentru ou\u0103 este solu\u021bia ideal\u0103 pentru p\u0103strarea ordonat\u0103 \u0219i eficient\u0103 a ou\u0103lor \u00een frigider. Cu\" \/>\n<meta property=\"og:url\" content=\"https:\/\/www.zoko.ro\/en\/p\/suport-organizator-pentru-frigider-capacitate-14-oua-dimensiuni-36x8-2x10-cm-gonga\/\" \/>\n<meta property=\"og:site_name\" content=\"ZOKO\" \/>\n<meta property=\"article:publisher\" content=\"https:\/\/www.facebook.com\/profile.php?id=61584344135075\" \/>\n<meta property=\"article:modified_time\" content=\"2026-04-28T21:36:13+00:00\" \/>\n<meta property=\"og:image\" content=\"https:\/\/www.zoko.ro\/wp-content\/uploads\/2025\/03\/suport-organizator-pentru-frigider-capacitate-14-oua-dimensiuni-36x82x10-cm-gonga.jpg\" \/>\n\t<meta property=\"og:image:width\" content=\"1200\" \/>\n\t<meta property=\"og:image:height\" content=\"1194\" \/>\n\t<meta property=\"og:image:type\" content=\"image\/jpeg\" \/>\n<meta name=\"twitter:card\" content=\"summary_large_image\" \/>\n<meta name=\"twitter:label1\" content=\"Estimated reading time\" \/>\n\t<meta name=\"twitter:data1\" content=\"1 minute\" \/>\n<script type=\"application\/ld+json\" class=\"yoast-schema-graph\">{\"@context\":\"https:\/\/schema.org\",\"@graph\":[{\"@type\":\"WebPage\",\"@id\":\"https:\/\/www.zoko.ro\/p\/suport-organizator-pentru-frigider-capacitate-14-oua-dimensiuni-36x8-2x10-cm-gonga\/\",\"url\":\"https:\/\/www.zoko.ro\/p\/suport-organizator-pentru-frigider-capacitate-14-oua-dimensiuni-36x8-2x10-cm-gonga\/\",\"name\":\"Suport organizator pentru frigider, capacitate 14 oua, dimensiuni 36x8.2x10 cm, Gonga\u00ae | ZOKO\",\"isPartOf\":{\"@id\":\"https:\/\/www.zoko.ro\/#website\"},\"primaryImageOfPage\":{\"@id\":\"https:\/\/www.zoko.ro\/p\/suport-organizator-pentru-frigider-capacitate-14-oua-dimensiuni-36x8-2x10-cm-gonga\/#primaryimage\"},\"image\":{\"@id\":\"https:\/\/www.zoko.ro\/p\/suport-organizator-pentru-frigider-capacitate-14-oua-dimensiuni-36x8-2x10-cm-gonga\/#primaryimage\"},\"thumbnailUrl\":\"https:\/\/www.zoko.ro\/wp-content\/uploads\/2025\/03\/suport-organizator-pentru-frigider-capacitate-14-oua-dimensiuni-36x82x10-cm-gonga.jpg\",\"datePublished\":\"2026-04-28T21:36:12+00:00\",\"dateModified\":\"2026-04-28T21:36:13+00:00\",\"breadcrumb\":{\"@id\":\"https:\/\/www.zoko.ro\/p\/suport-organizator-pentru-frigider-capacitate-14-oua-dimensiuni-36x8-2x10-cm-gonga\/#breadcrumb\"},\"inLanguage\":\"en-GB\",\"potentialAction\":[{\"@type\":\"ReadAction\",\"target\":[\"https:\/\/www.zoko.ro\/p\/suport-organizator-pentru-frigider-capacitate-14-oua-dimensiuni-36x8-2x10-cm-gonga\/\"]}]},{\"@type\":\"ImageObject\",\"inLanguage\":\"en-GB\",\"@id\":\"https:\/\/www.zoko.ro\/p\/suport-organizator-pentru-frigider-capacitate-14-oua-dimensiuni-36x8-2x10-cm-gonga\/#primaryimage\",\"url\":\"https:\/\/www.zoko.ro\/wp-content\/uploads\/2025\/03\/suport-organizator-pentru-frigider-capacitate-14-oua-dimensiuni-36x82x10-cm-gonga.jpg\",\"contentUrl\":\"https:\/\/www.zoko.ro\/wp-content\/uploads\/2025\/03\/suport-organizator-pentru-frigider-capacitate-14-oua-dimensiuni-36x82x10-cm-gonga.jpg\",\"width\":1200,\"height\":1194},{\"@type\":\"BreadcrumbList\",\"@id\":\"https:\/\/www.zoko.ro\/p\/suport-organizator-pentru-frigider-capacitate-14-oua-dimensiuni-36x8-2x10-cm-gonga\/#breadcrumb\",\"itemListElement\":[{\"@type\":\"ListItem\",\"position\":1,\"name\":\"Home\",\"item\":\"https:\/\/www.zoko.ro\/\"},{\"@type\":\"ListItem\",\"position\":2,\"name\":\"Magazin\",\"item\":\"https:\/\/www.zoko.ro\/magazin\/\"},{\"@type\":\"ListItem\",\"position\":3,\"name\":\"Suport organizator pentru frigider, capacitate 14 oua, dimensiuni 36&#215;8.2&#215;10 cm, Gonga\u00ae\"}]},{\"@type\":\"WebSite\",\"@id\":\"https:\/\/www.zoko.ro\/#website\",\"url\":\"https:\/\/www.zoko.ro\/\",\"name\":\"ZOKO.ro\",\"description\":\"Cump\u0103r\u0103 inteligent\",\"publisher\":{\"@id\":\"https:\/\/www.zoko.ro\/#organization\"},\"potentialAction\":[{\"@type\":\"SearchAction\",\"target\":{\"@type\":\"EntryPoint\",\"urlTemplate\":\"https:\/\/www.zoko.ro\/?s={search_term_string}\"},\"query-input\":{\"@type\":\"PropertyValueSpecification\",\"valueRequired\":true,\"valueName\":\"search_term_string\"}}],\"inLanguage\":\"en-GB\"},{\"@type\":\"Organization\",\"@id\":\"https:\/\/www.zoko.ro\/#organization\",\"name\":\"ZOKO\",\"url\":\"https:\/\/www.zoko.ro\/\",\"logo\":{\"@type\":\"ImageObject\",\"inLanguage\":\"en-GB\",\"@id\":\"https:\/\/www.zoko.ro\/#\/schema\/logo\/image\/\",\"url\":\"https:\/\/www.zoko.ro\/wp-content\/uploads\/2025\/03\/logo1.svg\",\"contentUrl\":\"https:\/\/www.zoko.ro\/wp-content\/uploads\/2025\/03\/logo1.svg\",\"width\":799,\"height\":216,\"caption\":\"ZOKO\"},\"image\":{\"@id\":\"https:\/\/www.zoko.ro\/#\/schema\/logo\/image\/\"},\"sameAs\":[\"https:\/\/www.facebook.com\/profile.php?id=61584344135075\"]}]}<\/script>\n<!-- \/ Yoast SEO plugin. -->","yoast_head_json":{"title":"Suport organizator pentru frigider, capacitate 14 oua, dimensiuni 36x8.2x10 cm, Gonga\u00ae | ZOKO","robots":{"index":"index","follow":"follow","max-snippet":"max-snippet:-1","max-image-preview":"max-image-preview:large","max-video-preview":"max-video-preview:-1"},"canonical":"https:\/\/www.zoko.ro\/en\/p\/suport-organizator-pentru-frigider-capacitate-14-oua-dimensiuni-36x8-2x10-cm-gonga\/","og_locale":"en_GB","og_type":"article","og_title":"Suport organizator pentru frigider, capacitate 14 oua, dimensiuni 36x8.2x10 cm, Gonga\u00ae | ZOKO","og_description":"Culoare: Alb Acest suport inovativ pentru ou\u0103 este solu\u021bia ideal\u0103 pentru p\u0103strarea ordonat\u0103 \u0219i eficient\u0103 a ou\u0103lor \u00een frigider. Cu","og_url":"https:\/\/www.zoko.ro\/en\/p\/suport-organizator-pentru-frigider-capacitate-14-oua-dimensiuni-36x8-2x10-cm-gonga\/","og_site_name":"ZOKO","article_publisher":"https:\/\/www.facebook.com\/profile.php?id=61584344135075","article_modified_time":"2026-04-28T21:36:13+00:00","og_image":[{"width":1200,"height":1194,"url":"https:\/\/www.zoko.ro\/wp-content\/uploads\/2025\/03\/suport-organizator-pentru-frigider-capacitate-14-oua-dimensiuni-36x82x10-cm-gonga.jpg","type":"image\/jpeg"}],"twitter_card":"summary_large_image","twitter_misc":{"Estimated reading time":"1 minute"},"schema":{"@context":"https:\/\/schema.org","@graph":[{"@type":"WebPage","@id":"https:\/\/www.zoko.ro\/p\/suport-organizator-pentru-frigider-capacitate-14-oua-dimensiuni-36x8-2x10-cm-gonga\/","url":"https:\/\/www.zoko.ro\/p\/suport-organizator-pentru-frigider-capacitate-14-oua-dimensiuni-36x8-2x10-cm-gonga\/","name":"Suport organizator pentru frigider, capacitate 14 oua, dimensiuni 36x8.2x10 cm, Gonga\u00ae | ZOKO","isPartOf":{"@id":"https:\/\/www.zoko.ro\/#website"},"primaryImageOfPage":{"@id":"https:\/\/www.zoko.ro\/p\/suport-organizator-pentru-frigider-capacitate-14-oua-dimensiuni-36x8-2x10-cm-gonga\/#primaryimage"},"image":{"@id":"https:\/\/www.zoko.ro\/p\/suport-organizator-pentru-frigider-capacitate-14-oua-dimensiuni-36x8-2x10-cm-gonga\/#primaryimage"},"thumbnailUrl":"https:\/\/www.zoko.ro\/wp-content\/uploads\/2025\/03\/suport-organizator-pentru-frigider-capacitate-14-oua-dimensiuni-36x82x10-cm-gonga.jpg","datePublished":"2026-04-28T21:36:12+00:00","dateModified":"2026-04-28T21:36:13+00:00","breadcrumb":{"@id":"https:\/\/www.zoko.ro\/p\/suport-organizator-pentru-frigider-capacitate-14-oua-dimensiuni-36x8-2x10-cm-gonga\/#breadcrumb"},"inLanguage":"en-GB","potentialAction":[{"@type":"ReadAction","target":["https:\/\/www.zoko.ro\/p\/suport-organizator-pentru-frigider-capacitate-14-oua-dimensiuni-36x8-2x10-cm-gonga\/"]}]},{"@type":"ImageObject","inLanguage":"en-GB","@id":"https:\/\/www.zoko.ro\/p\/suport-organizator-pentru-frigider-capacitate-14-oua-dimensiuni-36x8-2x10-cm-gonga\/#primaryimage","url":"https:\/\/www.zoko.ro\/wp-content\/uploads\/2025\/03\/suport-organizator-pentru-frigider-capacitate-14-oua-dimensiuni-36x82x10-cm-gonga.jpg","contentUrl":"https:\/\/www.zoko.ro\/wp-content\/uploads\/2025\/03\/suport-organizator-pentru-frigider-capacitate-14-oua-dimensiuni-36x82x10-cm-gonga.jpg","width":1200,"height":1194},{"@type":"BreadcrumbList","@id":"https:\/\/www.zoko.ro\/p\/suport-organizator-pentru-frigider-capacitate-14-oua-dimensiuni-36x8-2x10-cm-gonga\/#breadcrumb","itemListElement":[{"@type":"ListItem","position":1,"name":"Home","item":"https:\/\/www.zoko.ro\/"},{"@type":"ListItem","position":2,"name":"Magazin","item":"https:\/\/www.zoko.ro\/magazin\/"},{"@type":"ListItem","position":3,"name":"Suport organizator pentru frigider, capacitate 14 oua, dimensiuni 36&#215;8.2&#215;10 cm, Gonga\u00ae"}]},{"@type":"WebSite","@id":"https:\/\/www.zoko.ro\/#website","url":"https:\/\/www.zoko.ro\/","name":"ZOKO.ro","description":"Cump\u0103r\u0103 inteligent","publisher":{"@id":"https:\/\/www.zoko.ro\/#organization"},"potentialAction":[{"@type":"SearchAction","target":{"@type":"EntryPoint","urlTemplate":"https:\/\/www.zoko.ro\/?s={search_term_string}"},"query-input":{"@type":"PropertyValueSpecification","valueRequired":true,"valueName":"search_term_string"}}],"inLanguage":"en-GB"},{"@type":"Organization","@id":"https:\/\/www.zoko.ro\/#organization","name":"ZOKO","url":"https:\/\/www.zoko.ro\/","logo":{"@type":"ImageObject","inLanguage":"en-GB","@id":"https:\/\/www.zoko.ro\/#\/schema\/logo\/image\/","url":"https:\/\/www.zoko.ro\/wp-content\/uploads\/2025\/03\/logo1.svg","contentUrl":"https:\/\/www.zoko.ro\/wp-content\/uploads\/2025\/03\/logo1.svg","width":799,"height":216,"caption":"ZOKO"},"image":{"@id":"https:\/\/www.zoko.ro\/#\/schema\/logo\/image\/"},"sameAs":["https:\/\/www.facebook.com\/profile.php?id=61584344135075"]}]}},"_links":{"self":[{"href":"https:\/\/www.zoko.ro\/en\/wp-json\/wp\/v2\/product\/12323","targetHints":{"allow":["GET"]}}],"collection":[{"href":"https:\/\/www.zoko.ro\/en\/wp-json\/wp\/v2\/product"}],"about":[{"href":"https:\/\/www.zoko.ro\/en\/wp-json\/wp\/v2\/types\/product"}],"replies":[{"embeddable":true,"href":"https:\/\/www.zoko.ro\/en\/wp-json\/wp\/v2\/comments?post=12323"}],"version-history":[{"count":1,"href":"https:\/\/www.zoko.ro\/en\/wp-json\/wp\/v2\/product\/12323\/revisions"}],"predecessor-version":[{"id":12324,"href":"https:\/\/www.zoko.ro\/en\/wp-json\/wp\/v2\/product\/12323\/revisions\/12324"}],"wp:featuredmedia":[{"embeddable":true,"href":"https:\/\/www.zoko.ro\/en\/wp-json\/wp\/v2\/media\/12325"}],"wp:attachment":[{"href":"https:\/\/www.zoko.ro\/en\/wp-json\/wp\/v2\/media?parent=12323"}],"wp:term":[{"taxonomy":"product_brand","embeddable":true,"href":"https:\/\/www.zoko.ro\/en\/wp-json\/wp\/v2\/product_brand?post=12323"},{"taxonomy":"product_cat","embeddable":true,"href":"https:\/\/www.zoko.ro\/en\/wp-json\/wp\/v2\/product_cat?post=12323"},{"taxonomy":"product_tag","embeddable":true,"href":"https:\/\/www.zoko.ro\/en\/wp-json\/wp\/v2\/product_tag?post=12323"}],"curies":[{"name":"wp","href":"https:\/\/api.w.org\/{rel}","templated":true}]}}