{"id":12344,"date":"2026-04-28T23:36:17","date_gmt":"2026-04-28T21:36:17","guid":{"rendered":"https:\/\/www.zoko.ro\/p\/concentrat-sirop-pentru-soda-stream-lemon-zero-440-ml-gonga\/"},"modified":"2026-04-28T23:36:17","modified_gmt":"2026-04-28T21:36:17","slug":"concentrat-sirop-pentru-soda-stream-lemon-zero-440-ml-gonga","status":"publish","type":"product","link":"https:\/\/www.zoko.ro\/en\/p\/concentrat-sirop-pentru-soda-stream-lemon-zero-440-ml-gonga\/","title":{"rendered":"Concentrat sirop pentru Soda Stream Lemon Zero, 440 ml, Gonga\u00ae"},"content":{"rendered":"<p><strong>Culoare:<\/strong> Galben<\/p>\n<p>SodaStream Lemon Zero Sirop 440 ml<\/p>\n<p>Descoperi\u021bi c\u00e2t de simplu este s\u0103 prepara\u021bi b\u0103utura preferat\u0103 cu siropul Lemon Zero de la SodaStream, direct la dumneavoastr\u0103 acas\u0103! O singur\u0103 sticl\u0103 de concentrat v\u0103 ofer\u0103 posibilitatea de a prepara p\u00e2n\u0103 la 9 litri de b\u0103utur\u0103 r\u0103coritoare, savuroas\u0103 \u0219i revigorant\u0103. \u00cen plus, aceast\u0103 alegere contribuie la protejarea mediului, reduc\u00e2nd utilizarea de plastic \u2013 echivalentul a 36 de sticle de plastic nu vor mai ajunge \u00een de\u0219euri.<\/p>\n<\/p>\n<p>Bucura\u021bi-v\u0103 de gust, economii \u0219i un impact pozitiv asupra mediului!<\/p>","protected":false},"excerpt":{"rendered":"<p>Culoare: Galben SodaStream Lemon Zero Sirop 440 ml Descoperi\u021bi c\u00e2t de simplu este s\u0103 prepara\u021bi b\u0103utura preferat\u0103 cu siropul Lemon<\/p>","protected":false},"featured_media":12346,"comment_status":"open","ping_status":"open","template":"","meta":[],"product_brand":[],"product_cat":[99,108,107,100,173],"product_tag":[104],"class_list":{"0":"post-12344","1":"product","2":"type-product","3":"status-publish","4":"has-post-thumbnail","6":"product_cat-acasa","7":"product_cat-accesorii-bar","8":"product_cat-bucatarie-si-servire","9":"product_cat-casa-gradina","10":"product_cat-dozator-pentru-bauturi","11":"product_tag-in-stoc","12":"pa_culoare-galben","14":"first","15":"instock","16":"sale","17":"purchasable","18":"product-type-simple"},"yoast_head":"<!-- This site is optimized with the Yoast SEO plugin v27.2 - https:\/\/yoast.com\/product\/yoast-seo-wordpress\/ -->\n<title>Concentrat sirop pentru Soda Stream Lemon Zero, 440 ml, Gonga\u00ae | ZOKO<\/title>\n<meta name=\"robots\" content=\"index, follow, max-snippet:-1, max-image-preview:large, max-video-preview:-1\" \/>\n<link rel=\"canonical\" href=\"https:\/\/www.zoko.ro\/en\/p\/concentrat-sirop-pentru-soda-stream-lemon-zero-440-ml-gonga\/\" \/>\n<meta property=\"og:locale\" content=\"en_GB\" \/>\n<meta property=\"og:type\" content=\"article\" \/>\n<meta property=\"og:title\" content=\"Concentrat sirop pentru Soda Stream Lemon Zero, 440 ml, Gonga\u00ae | ZOKO\" \/>\n<meta property=\"og:description\" content=\"Culoare: Galben SodaStream Lemon Zero Sirop 440 ml Descoperi\u021bi c\u00e2t de simplu este s\u0103 prepara\u021bi b\u0103utura preferat\u0103 cu siropul Lemon\" \/>\n<meta property=\"og:url\" content=\"https:\/\/www.zoko.ro\/en\/p\/concentrat-sirop-pentru-soda-stream-lemon-zero-440-ml-gonga\/\" \/>\n<meta property=\"og:site_name\" content=\"ZOKO\" \/>\n<meta property=\"article:publisher\" content=\"https:\/\/www.facebook.com\/profile.php?id=61584344135075\" \/>\n<meta property=\"og:image\" content=\"https:\/\/www.zoko.ro\/wp-content\/uploads\/2025\/03\/concentrat-sirop-soda-stream-elderflower-zero-flavour-440-ml-gonga-2.jpg\" \/>\n\t<meta property=\"og:image:width\" content=\"1327\" \/>\n\t<meta property=\"og:image:height\" content=\"1327\" \/>\n\t<meta property=\"og:image:type\" content=\"image\/jpeg\" \/>\n<meta name=\"twitter:card\" content=\"summary_large_image\" \/>\n<script type=\"application\/ld+json\" class=\"yoast-schema-graph\">{\"@context\":\"https:\/\/schema.org\",\"@graph\":[{\"@type\":\"WebPage\",\"@id\":\"https:\/\/www.zoko.ro\/p\/concentrat-sirop-pentru-soda-stream-lemon-zero-440-ml-gonga\/\",\"url\":\"https:\/\/www.zoko.ro\/p\/concentrat-sirop-pentru-soda-stream-lemon-zero-440-ml-gonga\/\",\"name\":\"Concentrat sirop pentru Soda Stream Lemon Zero, 440 ml, Gonga\u00ae | ZOKO\",\"isPartOf\":{\"@id\":\"https:\/\/www.zoko.ro\/#website\"},\"primaryImageOfPage\":{\"@id\":\"https:\/\/www.zoko.ro\/p\/concentrat-sirop-pentru-soda-stream-lemon-zero-440-ml-gonga\/#primaryimage\"},\"image\":{\"@id\":\"https:\/\/www.zoko.ro\/p\/concentrat-sirop-pentru-soda-stream-lemon-zero-440-ml-gonga\/#primaryimage\"},\"thumbnailUrl\":\"https:\/\/www.zoko.ro\/wp-content\/uploads\/2025\/03\/concentrat-sirop-soda-stream-elderflower-zero-flavour-440-ml-gonga-2.jpg\",\"datePublished\":\"2026-04-28T21:36:17+00:00\",\"breadcrumb\":{\"@id\":\"https:\/\/www.zoko.ro\/p\/concentrat-sirop-pentru-soda-stream-lemon-zero-440-ml-gonga\/#breadcrumb\"},\"inLanguage\":\"en-GB\",\"potentialAction\":[{\"@type\":\"ReadAction\",\"target\":[\"https:\/\/www.zoko.ro\/p\/concentrat-sirop-pentru-soda-stream-lemon-zero-440-ml-gonga\/\"]}]},{\"@type\":\"ImageObject\",\"inLanguage\":\"en-GB\",\"@id\":\"https:\/\/www.zoko.ro\/p\/concentrat-sirop-pentru-soda-stream-lemon-zero-440-ml-gonga\/#primaryimage\",\"url\":\"https:\/\/www.zoko.ro\/wp-content\/uploads\/2025\/03\/concentrat-sirop-soda-stream-elderflower-zero-flavour-440-ml-gonga-2.jpg\",\"contentUrl\":\"https:\/\/www.zoko.ro\/wp-content\/uploads\/2025\/03\/concentrat-sirop-soda-stream-elderflower-zero-flavour-440-ml-gonga-2.jpg\",\"width\":1327,\"height\":1327},{\"@type\":\"BreadcrumbList\",\"@id\":\"https:\/\/www.zoko.ro\/p\/concentrat-sirop-pentru-soda-stream-lemon-zero-440-ml-gonga\/#breadcrumb\",\"itemListElement\":[{\"@type\":\"ListItem\",\"position\":1,\"name\":\"Home\",\"item\":\"https:\/\/www.zoko.ro\/\"},{\"@type\":\"ListItem\",\"position\":2,\"name\":\"Magazin\",\"item\":\"https:\/\/www.zoko.ro\/magazin\/\"},{\"@type\":\"ListItem\",\"position\":3,\"name\":\"Concentrat sirop pentru Soda Stream Lemon Zero, 440 ml, Gonga\u00ae\"}]},{\"@type\":\"WebSite\",\"@id\":\"https:\/\/www.zoko.ro\/#website\",\"url\":\"https:\/\/www.zoko.ro\/\",\"name\":\"ZOKO.ro\",\"description\":\"Cump\u0103r\u0103 inteligent\",\"publisher\":{\"@id\":\"https:\/\/www.zoko.ro\/#organization\"},\"potentialAction\":[{\"@type\":\"SearchAction\",\"target\":{\"@type\":\"EntryPoint\",\"urlTemplate\":\"https:\/\/www.zoko.ro\/?s={search_term_string}\"},\"query-input\":{\"@type\":\"PropertyValueSpecification\",\"valueRequired\":true,\"valueName\":\"search_term_string\"}}],\"inLanguage\":\"en-GB\"},{\"@type\":\"Organization\",\"@id\":\"https:\/\/www.zoko.ro\/#organization\",\"name\":\"ZOKO\",\"url\":\"https:\/\/www.zoko.ro\/\",\"logo\":{\"@type\":\"ImageObject\",\"inLanguage\":\"en-GB\",\"@id\":\"https:\/\/www.zoko.ro\/#\/schema\/logo\/image\/\",\"url\":\"https:\/\/www.zoko.ro\/wp-content\/uploads\/2025\/03\/logo1.svg\",\"contentUrl\":\"https:\/\/www.zoko.ro\/wp-content\/uploads\/2025\/03\/logo1.svg\",\"width\":799,\"height\":216,\"caption\":\"ZOKO\"},\"image\":{\"@id\":\"https:\/\/www.zoko.ro\/#\/schema\/logo\/image\/\"},\"sameAs\":[\"https:\/\/www.facebook.com\/profile.php?id=61584344135075\"]}]}<\/script>\n<!-- \/ Yoast SEO plugin. -->","yoast_head_json":{"title":"Concentrat sirop pentru Soda Stream Lemon Zero, 440 ml, Gonga\u00ae | ZOKO","robots":{"index":"index","follow":"follow","max-snippet":"max-snippet:-1","max-image-preview":"max-image-preview:large","max-video-preview":"max-video-preview:-1"},"canonical":"https:\/\/www.zoko.ro\/en\/p\/concentrat-sirop-pentru-soda-stream-lemon-zero-440-ml-gonga\/","og_locale":"en_GB","og_type":"article","og_title":"Concentrat sirop pentru Soda Stream Lemon Zero, 440 ml, Gonga\u00ae | ZOKO","og_description":"Culoare: Galben SodaStream Lemon Zero Sirop 440 ml Descoperi\u021bi c\u00e2t de simplu este s\u0103 prepara\u021bi b\u0103utura preferat\u0103 cu siropul Lemon","og_url":"https:\/\/www.zoko.ro\/en\/p\/concentrat-sirop-pentru-soda-stream-lemon-zero-440-ml-gonga\/","og_site_name":"ZOKO","article_publisher":"https:\/\/www.facebook.com\/profile.php?id=61584344135075","og_image":[{"width":1327,"height":1327,"url":"https:\/\/www.zoko.ro\/wp-content\/uploads\/2025\/03\/concentrat-sirop-soda-stream-elderflower-zero-flavour-440-ml-gonga-2.jpg","type":"image\/jpeg"}],"twitter_card":"summary_large_image","schema":{"@context":"https:\/\/schema.org","@graph":[{"@type":"WebPage","@id":"https:\/\/www.zoko.ro\/p\/concentrat-sirop-pentru-soda-stream-lemon-zero-440-ml-gonga\/","url":"https:\/\/www.zoko.ro\/p\/concentrat-sirop-pentru-soda-stream-lemon-zero-440-ml-gonga\/","name":"Concentrat sirop pentru Soda Stream Lemon Zero, 440 ml, Gonga\u00ae | ZOKO","isPartOf":{"@id":"https:\/\/www.zoko.ro\/#website"},"primaryImageOfPage":{"@id":"https:\/\/www.zoko.ro\/p\/concentrat-sirop-pentru-soda-stream-lemon-zero-440-ml-gonga\/#primaryimage"},"image":{"@id":"https:\/\/www.zoko.ro\/p\/concentrat-sirop-pentru-soda-stream-lemon-zero-440-ml-gonga\/#primaryimage"},"thumbnailUrl":"https:\/\/www.zoko.ro\/wp-content\/uploads\/2025\/03\/concentrat-sirop-soda-stream-elderflower-zero-flavour-440-ml-gonga-2.jpg","datePublished":"2026-04-28T21:36:17+00:00","breadcrumb":{"@id":"https:\/\/www.zoko.ro\/p\/concentrat-sirop-pentru-soda-stream-lemon-zero-440-ml-gonga\/#breadcrumb"},"inLanguage":"en-GB","potentialAction":[{"@type":"ReadAction","target":["https:\/\/www.zoko.ro\/p\/concentrat-sirop-pentru-soda-stream-lemon-zero-440-ml-gonga\/"]}]},{"@type":"ImageObject","inLanguage":"en-GB","@id":"https:\/\/www.zoko.ro\/p\/concentrat-sirop-pentru-soda-stream-lemon-zero-440-ml-gonga\/#primaryimage","url":"https:\/\/www.zoko.ro\/wp-content\/uploads\/2025\/03\/concentrat-sirop-soda-stream-elderflower-zero-flavour-440-ml-gonga-2.jpg","contentUrl":"https:\/\/www.zoko.ro\/wp-content\/uploads\/2025\/03\/concentrat-sirop-soda-stream-elderflower-zero-flavour-440-ml-gonga-2.jpg","width":1327,"height":1327},{"@type":"BreadcrumbList","@id":"https:\/\/www.zoko.ro\/p\/concentrat-sirop-pentru-soda-stream-lemon-zero-440-ml-gonga\/#breadcrumb","itemListElement":[{"@type":"ListItem","position":1,"name":"Home","item":"https:\/\/www.zoko.ro\/"},{"@type":"ListItem","position":2,"name":"Magazin","item":"https:\/\/www.zoko.ro\/magazin\/"},{"@type":"ListItem","position":3,"name":"Concentrat sirop pentru Soda Stream Lemon Zero, 440 ml, Gonga\u00ae"}]},{"@type":"WebSite","@id":"https:\/\/www.zoko.ro\/#website","url":"https:\/\/www.zoko.ro\/","name":"ZOKO.ro","description":"Cump\u0103r\u0103 inteligent","publisher":{"@id":"https:\/\/www.zoko.ro\/#organization"},"potentialAction":[{"@type":"SearchAction","target":{"@type":"EntryPoint","urlTemplate":"https:\/\/www.zoko.ro\/?s={search_term_string}"},"query-input":{"@type":"PropertyValueSpecification","valueRequired":true,"valueName":"search_term_string"}}],"inLanguage":"en-GB"},{"@type":"Organization","@id":"https:\/\/www.zoko.ro\/#organization","name":"ZOKO","url":"https:\/\/www.zoko.ro\/","logo":{"@type":"ImageObject","inLanguage":"en-GB","@id":"https:\/\/www.zoko.ro\/#\/schema\/logo\/image\/","url":"https:\/\/www.zoko.ro\/wp-content\/uploads\/2025\/03\/logo1.svg","contentUrl":"https:\/\/www.zoko.ro\/wp-content\/uploads\/2025\/03\/logo1.svg","width":799,"height":216,"caption":"ZOKO"},"image":{"@id":"https:\/\/www.zoko.ro\/#\/schema\/logo\/image\/"},"sameAs":["https:\/\/www.facebook.com\/profile.php?id=61584344135075"]}]}},"_links":{"self":[{"href":"https:\/\/www.zoko.ro\/en\/wp-json\/wp\/v2\/product\/12344","targetHints":{"allow":["GET"]}}],"collection":[{"href":"https:\/\/www.zoko.ro\/en\/wp-json\/wp\/v2\/product"}],"about":[{"href":"https:\/\/www.zoko.ro\/en\/wp-json\/wp\/v2\/types\/product"}],"replies":[{"embeddable":true,"href":"https:\/\/www.zoko.ro\/en\/wp-json\/wp\/v2\/comments?post=12344"}],"version-history":[{"count":1,"href":"https:\/\/www.zoko.ro\/en\/wp-json\/wp\/v2\/product\/12344\/revisions"}],"predecessor-version":[{"id":12345,"href":"https:\/\/www.zoko.ro\/en\/wp-json\/wp\/v2\/product\/12344\/revisions\/12345"}],"wp:featuredmedia":[{"embeddable":true,"href":"https:\/\/www.zoko.ro\/en\/wp-json\/wp\/v2\/media\/12346"}],"wp:attachment":[{"href":"https:\/\/www.zoko.ro\/en\/wp-json\/wp\/v2\/media?parent=12344"}],"wp:term":[{"taxonomy":"product_brand","embeddable":true,"href":"https:\/\/www.zoko.ro\/en\/wp-json\/wp\/v2\/product_brand?post=12344"},{"taxonomy":"product_cat","embeddable":true,"href":"https:\/\/www.zoko.ro\/en\/wp-json\/wp\/v2\/product_cat?post=12344"},{"taxonomy":"product_tag","embeddable":true,"href":"https:\/\/www.zoko.ro\/en\/wp-json\/wp\/v2\/product_tag?post=12344"}],"curies":[{"name":"wp","href":"https:\/\/api.w.org\/{rel}","templated":true}]}}