{"id":12407,"date":"2026-04-28T23:36:21","date_gmt":"2026-04-28T21:36:21","guid":{"rendered":"https:\/\/www.zoko.ro\/p\/coarda-pentru-sarituri-digitala-fara-fir-lungime-ajustabila-baterie-800-mah-reincarcare-usb-gonga\/"},"modified":"2026-04-28T23:36:21","modified_gmt":"2026-04-28T21:36:21","slug":"coarda-pentru-sarituri-digitala-fara-fir-lungime-ajustabila-baterie-800-mah-reincarcare-usb-gonga","status":"publish","type":"product","link":"https:\/\/www.zoko.ro\/en\/p\/coarda-pentru-sarituri-digitala-fara-fir-lungime-ajustabila-baterie-800-mah-reincarcare-usb-gonga\/","title":{"rendered":"Coarda pentru sarituri digitala fara fir, lungime ajustabila, Baterie 800 mAh, reincarcare USB, Gonga\u00ae"},"content":{"rendered":"<p><strong>Culoare:<\/strong> Negru<\/p>\n<p>Aceast\u0103 coard\u0103 de s\u0103rit modern\u0103 \u00ee\u021bi transform\u0103 antrenamentele prin func\u021bionalitate, precizie \u0219i versatilitate!<\/p>\n<p><strong>Caracteristici cheie:<\/strong><\/p>\n<ul>\n<li>Contor inteligent integrat:<\/li>\n<\/ul>\n<p>M\u0103soar\u0103 num\u0103rul de calorii arse, calcul\u00e2ndu-le pe baza greut\u0103\u021bii introduse de utilizator.<\/p>\n<p>Num\u0103r\u0103 s\u0103riturile efectuate \u0219i monitorizeaz\u0103 durata antrenamentului.<\/p>\n<ul>\n<li>Flexibilitate \u00een utilizare:<\/li>\n<\/ul>\n<p>Po\u021bi alege \u00eentre dou\u0103 moduri de antrenament: cu mingi c\u00e2nt\u0103rite (pentru spa\u021bii restr\u00e2nse) sau cu fr\u00e2nghie clasic\u0103.<\/p>\n<p>Lungimea fr\u00e2nghiei este reglabil\u0103, av\u00e2nd o lungime total\u0103 de 280 cm, adaptabil\u0103 oric\u0103rei \u00een\u0103l\u021bimi.<\/p>\n<ul>\n<li>Design practic \u0219i personalizabil:<\/li>\n<\/ul>\n<p>U\u0219or de asamblat: Schimbarea \u00eentre mingi \u0219i fr\u00e2nghie se face rapid \u0219i simplu.<\/p>\n<ul>\n<li>M\u0103sur\u0103tori precise \u0219i utilizare intuitiv\u0103<\/li>\n<\/ul>\n<p>Monitorizare \u00een timp real: Contorul \u00eencorporat porne\u0219te automat m\u0103sur\u0103torile odat\u0103 ce \u00eencepi s\u0103 sari.<\/p>\n<p>Setare \u021binte: Po\u021bi introduce un num\u0103r specific de s\u0103rituri pentru a-\u021bi urm\u0103ri progresul \u0219i a-\u021bi \u00eembun\u0103t\u0103\u021bi rezultatele.<\/p>\n<p>Resetare rapid\u0103: Apas\u0103 scurt butonul \u201eON\u201d pentru a reseta datele \u0219i a \u00eencepe un nou antrenament.<\/p>\n<ul>\n<li>Ecran cu iluminare de fundal<\/li>\n<\/ul>\n<p>\u00cen timpul set\u0103rii, afi\u0219ajul este iluminat \u00eentr-o nuan\u021b\u0103 de albastru pentru o vizibilitate clar\u0103.<\/p>\n<p>Lumina de fundal se diminueaz\u0103 automat pe parcursul antrenamentului pentru a economisi bateria.<\/p>\n<ul>\n<li>Antrenamente \u00een orice condi\u021bii<\/li>\n<\/ul>\n<p>Antrenament interior f\u0103r\u0103 zgomot: Utilizeaz\u0103 mingile c\u00e2nt\u0103rite pentru a evita deteriorarea obiectelor sau generarea zgomotelor, fiind ideal pentru camere mici.<\/p>\n<p>Fr\u00e2nghie clasic\u0103: Perfect\u0103 pentru antrenamente tradi\u021bionale, fr\u00e2nghia poate fi ajustat\u0103 \u00een func\u021bie de preferin\u021be.<\/p>\n<\/p>\n<p><strong>Specifica\u021bii:<\/strong><\/p>\n<p><strong><\/strong><\/p>\n<p>&#8211; Lungime coarda: 280 cm (ajustabil\u0103).<\/p>\n<p>&#8211; Moduri de utilizare: Cu mingi c\u00e2nt\u0103rite sau cu fr\u00e2nghie.<\/p>\n<p>&#8211; Culoare dominant\u0103: Negru\u00a0<\/p>\n<p>&#8211; Iluminare de fundal: Albastr\u0103, activ\u0103 \u00een timpul set\u0103rilor.<\/p>","protected":false},"excerpt":{"rendered":"<p>Culoare: Negru Aceast\u0103 coard\u0103 de s\u0103rit modern\u0103 \u00ee\u021bi transform\u0103 antrenamentele prin func\u021bionalitate, precizie \u0219i versatilitate! Caracteristici cheie: Contor inteligent integrat:<\/p>","protected":false},"featured_media":12409,"comment_status":"open","ping_status":"open","template":"","meta":[],"product_brand":[],"product_cat":[99,103,102],"product_tag":[104],"class_list":{"0":"post-12407","1":"product","2":"type-product","3":"status-publish","4":"has-post-thumbnail","6":"product_cat-acasa","7":"product_cat-accesorii-fitness","8":"product_cat-sport-activitati-in-aer-liber","9":"product_tag-in-stoc","10":"pa_culoare-negru","12":"first","13":"instock","14":"sale","15":"purchasable","16":"product-type-simple"},"yoast_head":"<!-- This site is optimized with the Yoast SEO plugin v27.2 - https:\/\/yoast.com\/product\/yoast-seo-wordpress\/ -->\n<title>Coarda pentru sarituri digitala fara fir, lungime ajustabila, Baterie 800 mAh, reincarcare USB, Gonga\u00ae | ZOKO<\/title>\n<meta name=\"robots\" content=\"index, follow, max-snippet:-1, max-image-preview:large, max-video-preview:-1\" \/>\n<link rel=\"canonical\" href=\"https:\/\/www.zoko.ro\/en\/p\/coarda-pentru-sarituri-digitala-fara-fir-lungime-ajustabila-baterie-800-mah-reincarcare-usb-gonga\/\" \/>\n<meta property=\"og:locale\" content=\"en_GB\" \/>\n<meta property=\"og:type\" content=\"article\" \/>\n<meta property=\"og:title\" content=\"Coarda pentru sarituri digitala fara fir, lungime ajustabila, Baterie 800 mAh, reincarcare USB, Gonga\u00ae | ZOKO\" \/>\n<meta property=\"og:description\" content=\"Culoare: Negru Aceast\u0103 coard\u0103 de s\u0103rit modern\u0103 \u00ee\u021bi transform\u0103 antrenamentele prin func\u021bionalitate, precizie \u0219i versatilitate! Caracteristici cheie: Contor inteligent integrat:\" \/>\n<meta property=\"og:url\" content=\"https:\/\/www.zoko.ro\/en\/p\/coarda-pentru-sarituri-digitala-fara-fir-lungime-ajustabila-baterie-800-mah-reincarcare-usb-gonga\/\" \/>\n<meta property=\"og:site_name\" content=\"ZOKO\" \/>\n<meta property=\"article:publisher\" content=\"https:\/\/www.facebook.com\/profile.php?id=61584344135075\" \/>\n<meta property=\"og:image\" content=\"https:\/\/www.zoko.ro\/wp-content\/uploads\/2025\/03\/coarda-pentru-sarituri-digitala-fara-fir-lungime-ajustabila-baterie-800-mah-reincarcare-usb-gonga.jpg\" \/>\n\t<meta property=\"og:image:width\" content=\"500\" \/>\n\t<meta property=\"og:image:height\" content=\"500\" \/>\n\t<meta property=\"og:image:type\" content=\"image\/jpeg\" \/>\n<meta name=\"twitter:card\" content=\"summary_large_image\" \/>\n<meta name=\"twitter:label1\" content=\"Estimated reading time\" \/>\n\t<meta name=\"twitter:data1\" content=\"1 minute\" \/>\n<script type=\"application\/ld+json\" class=\"yoast-schema-graph\">{\"@context\":\"https:\/\/schema.org\",\"@graph\":[{\"@type\":\"WebPage\",\"@id\":\"https:\/\/www.zoko.ro\/p\/coarda-pentru-sarituri-digitala-fara-fir-lungime-ajustabila-baterie-800-mah-reincarcare-usb-gonga\/\",\"url\":\"https:\/\/www.zoko.ro\/p\/coarda-pentru-sarituri-digitala-fara-fir-lungime-ajustabila-baterie-800-mah-reincarcare-usb-gonga\/\",\"name\":\"Coarda pentru sarituri digitala fara fir, lungime ajustabila, Baterie 800 mAh, reincarcare USB, Gonga\u00ae | ZOKO\",\"isPartOf\":{\"@id\":\"https:\/\/www.zoko.ro\/#website\"},\"primaryImageOfPage\":{\"@id\":\"https:\/\/www.zoko.ro\/p\/coarda-pentru-sarituri-digitala-fara-fir-lungime-ajustabila-baterie-800-mah-reincarcare-usb-gonga\/#primaryimage\"},\"image\":{\"@id\":\"https:\/\/www.zoko.ro\/p\/coarda-pentru-sarituri-digitala-fara-fir-lungime-ajustabila-baterie-800-mah-reincarcare-usb-gonga\/#primaryimage\"},\"thumbnailUrl\":\"https:\/\/www.zoko.ro\/wp-content\/uploads\/2025\/03\/coarda-pentru-sarituri-digitala-fara-fir-lungime-ajustabila-baterie-800-mah-reincarcare-usb-gonga.jpg\",\"datePublished\":\"2026-04-28T21:36:21+00:00\",\"breadcrumb\":{\"@id\":\"https:\/\/www.zoko.ro\/p\/coarda-pentru-sarituri-digitala-fara-fir-lungime-ajustabila-baterie-800-mah-reincarcare-usb-gonga\/#breadcrumb\"},\"inLanguage\":\"en-GB\",\"potentialAction\":[{\"@type\":\"ReadAction\",\"target\":[\"https:\/\/www.zoko.ro\/p\/coarda-pentru-sarituri-digitala-fara-fir-lungime-ajustabila-baterie-800-mah-reincarcare-usb-gonga\/\"]}]},{\"@type\":\"ImageObject\",\"inLanguage\":\"en-GB\",\"@id\":\"https:\/\/www.zoko.ro\/p\/coarda-pentru-sarituri-digitala-fara-fir-lungime-ajustabila-baterie-800-mah-reincarcare-usb-gonga\/#primaryimage\",\"url\":\"https:\/\/www.zoko.ro\/wp-content\/uploads\/2025\/03\/coarda-pentru-sarituri-digitala-fara-fir-lungime-ajustabila-baterie-800-mah-reincarcare-usb-gonga.jpg\",\"contentUrl\":\"https:\/\/www.zoko.ro\/wp-content\/uploads\/2025\/03\/coarda-pentru-sarituri-digitala-fara-fir-lungime-ajustabila-baterie-800-mah-reincarcare-usb-gonga.jpg\",\"width\":500,\"height\":500},{\"@type\":\"BreadcrumbList\",\"@id\":\"https:\/\/www.zoko.ro\/p\/coarda-pentru-sarituri-digitala-fara-fir-lungime-ajustabila-baterie-800-mah-reincarcare-usb-gonga\/#breadcrumb\",\"itemListElement\":[{\"@type\":\"ListItem\",\"position\":1,\"name\":\"Home\",\"item\":\"https:\/\/www.zoko.ro\/\"},{\"@type\":\"ListItem\",\"position\":2,\"name\":\"Magazin\",\"item\":\"https:\/\/www.zoko.ro\/magazin\/\"},{\"@type\":\"ListItem\",\"position\":3,\"name\":\"Coarda pentru sarituri digitala fara fir, lungime ajustabila, Baterie 800 mAh, reincarcare USB, Gonga\u00ae\"}]},{\"@type\":\"WebSite\",\"@id\":\"https:\/\/www.zoko.ro\/#website\",\"url\":\"https:\/\/www.zoko.ro\/\",\"name\":\"ZOKO.ro\",\"description\":\"Cump\u0103r\u0103 inteligent\",\"publisher\":{\"@id\":\"https:\/\/www.zoko.ro\/#organization\"},\"potentialAction\":[{\"@type\":\"SearchAction\",\"target\":{\"@type\":\"EntryPoint\",\"urlTemplate\":\"https:\/\/www.zoko.ro\/?s={search_term_string}\"},\"query-input\":{\"@type\":\"PropertyValueSpecification\",\"valueRequired\":true,\"valueName\":\"search_term_string\"}}],\"inLanguage\":\"en-GB\"},{\"@type\":\"Organization\",\"@id\":\"https:\/\/www.zoko.ro\/#organization\",\"name\":\"ZOKO\",\"url\":\"https:\/\/www.zoko.ro\/\",\"logo\":{\"@type\":\"ImageObject\",\"inLanguage\":\"en-GB\",\"@id\":\"https:\/\/www.zoko.ro\/#\/schema\/logo\/image\/\",\"url\":\"https:\/\/www.zoko.ro\/wp-content\/uploads\/2025\/03\/logo1.svg\",\"contentUrl\":\"https:\/\/www.zoko.ro\/wp-content\/uploads\/2025\/03\/logo1.svg\",\"width\":799,\"height\":216,\"caption\":\"ZOKO\"},\"image\":{\"@id\":\"https:\/\/www.zoko.ro\/#\/schema\/logo\/image\/\"},\"sameAs\":[\"https:\/\/www.facebook.com\/profile.php?id=61584344135075\"]}]}<\/script>\n<!-- \/ Yoast SEO plugin. -->","yoast_head_json":{"title":"Coarda pentru sarituri digitala fara fir, lungime ajustabila, Baterie 800 mAh, reincarcare USB, Gonga\u00ae | ZOKO","robots":{"index":"index","follow":"follow","max-snippet":"max-snippet:-1","max-image-preview":"max-image-preview:large","max-video-preview":"max-video-preview:-1"},"canonical":"https:\/\/www.zoko.ro\/en\/p\/coarda-pentru-sarituri-digitala-fara-fir-lungime-ajustabila-baterie-800-mah-reincarcare-usb-gonga\/","og_locale":"en_GB","og_type":"article","og_title":"Coarda pentru sarituri digitala fara fir, lungime ajustabila, Baterie 800 mAh, reincarcare USB, Gonga\u00ae | ZOKO","og_description":"Culoare: Negru Aceast\u0103 coard\u0103 de s\u0103rit modern\u0103 \u00ee\u021bi transform\u0103 antrenamentele prin func\u021bionalitate, precizie \u0219i versatilitate! Caracteristici cheie: Contor inteligent integrat:","og_url":"https:\/\/www.zoko.ro\/en\/p\/coarda-pentru-sarituri-digitala-fara-fir-lungime-ajustabila-baterie-800-mah-reincarcare-usb-gonga\/","og_site_name":"ZOKO","article_publisher":"https:\/\/www.facebook.com\/profile.php?id=61584344135075","og_image":[{"width":500,"height":500,"url":"https:\/\/www.zoko.ro\/wp-content\/uploads\/2025\/03\/coarda-pentru-sarituri-digitala-fara-fir-lungime-ajustabila-baterie-800-mah-reincarcare-usb-gonga.jpg","type":"image\/jpeg"}],"twitter_card":"summary_large_image","twitter_misc":{"Estimated reading time":"1 minute"},"schema":{"@context":"https:\/\/schema.org","@graph":[{"@type":"WebPage","@id":"https:\/\/www.zoko.ro\/p\/coarda-pentru-sarituri-digitala-fara-fir-lungime-ajustabila-baterie-800-mah-reincarcare-usb-gonga\/","url":"https:\/\/www.zoko.ro\/p\/coarda-pentru-sarituri-digitala-fara-fir-lungime-ajustabila-baterie-800-mah-reincarcare-usb-gonga\/","name":"Coarda pentru sarituri digitala fara fir, lungime ajustabila, Baterie 800 mAh, reincarcare USB, Gonga\u00ae | ZOKO","isPartOf":{"@id":"https:\/\/www.zoko.ro\/#website"},"primaryImageOfPage":{"@id":"https:\/\/www.zoko.ro\/p\/coarda-pentru-sarituri-digitala-fara-fir-lungime-ajustabila-baterie-800-mah-reincarcare-usb-gonga\/#primaryimage"},"image":{"@id":"https:\/\/www.zoko.ro\/p\/coarda-pentru-sarituri-digitala-fara-fir-lungime-ajustabila-baterie-800-mah-reincarcare-usb-gonga\/#primaryimage"},"thumbnailUrl":"https:\/\/www.zoko.ro\/wp-content\/uploads\/2025\/03\/coarda-pentru-sarituri-digitala-fara-fir-lungime-ajustabila-baterie-800-mah-reincarcare-usb-gonga.jpg","datePublished":"2026-04-28T21:36:21+00:00","breadcrumb":{"@id":"https:\/\/www.zoko.ro\/p\/coarda-pentru-sarituri-digitala-fara-fir-lungime-ajustabila-baterie-800-mah-reincarcare-usb-gonga\/#breadcrumb"},"inLanguage":"en-GB","potentialAction":[{"@type":"ReadAction","target":["https:\/\/www.zoko.ro\/p\/coarda-pentru-sarituri-digitala-fara-fir-lungime-ajustabila-baterie-800-mah-reincarcare-usb-gonga\/"]}]},{"@type":"ImageObject","inLanguage":"en-GB","@id":"https:\/\/www.zoko.ro\/p\/coarda-pentru-sarituri-digitala-fara-fir-lungime-ajustabila-baterie-800-mah-reincarcare-usb-gonga\/#primaryimage","url":"https:\/\/www.zoko.ro\/wp-content\/uploads\/2025\/03\/coarda-pentru-sarituri-digitala-fara-fir-lungime-ajustabila-baterie-800-mah-reincarcare-usb-gonga.jpg","contentUrl":"https:\/\/www.zoko.ro\/wp-content\/uploads\/2025\/03\/coarda-pentru-sarituri-digitala-fara-fir-lungime-ajustabila-baterie-800-mah-reincarcare-usb-gonga.jpg","width":500,"height":500},{"@type":"BreadcrumbList","@id":"https:\/\/www.zoko.ro\/p\/coarda-pentru-sarituri-digitala-fara-fir-lungime-ajustabila-baterie-800-mah-reincarcare-usb-gonga\/#breadcrumb","itemListElement":[{"@type":"ListItem","position":1,"name":"Home","item":"https:\/\/www.zoko.ro\/"},{"@type":"ListItem","position":2,"name":"Magazin","item":"https:\/\/www.zoko.ro\/magazin\/"},{"@type":"ListItem","position":3,"name":"Coarda pentru sarituri digitala fara fir, lungime ajustabila, Baterie 800 mAh, reincarcare USB, Gonga\u00ae"}]},{"@type":"WebSite","@id":"https:\/\/www.zoko.ro\/#website","url":"https:\/\/www.zoko.ro\/","name":"ZOKO.ro","description":"Cump\u0103r\u0103 inteligent","publisher":{"@id":"https:\/\/www.zoko.ro\/#organization"},"potentialAction":[{"@type":"SearchAction","target":{"@type":"EntryPoint","urlTemplate":"https:\/\/www.zoko.ro\/?s={search_term_string}"},"query-input":{"@type":"PropertyValueSpecification","valueRequired":true,"valueName":"search_term_string"}}],"inLanguage":"en-GB"},{"@type":"Organization","@id":"https:\/\/www.zoko.ro\/#organization","name":"ZOKO","url":"https:\/\/www.zoko.ro\/","logo":{"@type":"ImageObject","inLanguage":"en-GB","@id":"https:\/\/www.zoko.ro\/#\/schema\/logo\/image\/","url":"https:\/\/www.zoko.ro\/wp-content\/uploads\/2025\/03\/logo1.svg","contentUrl":"https:\/\/www.zoko.ro\/wp-content\/uploads\/2025\/03\/logo1.svg","width":799,"height":216,"caption":"ZOKO"},"image":{"@id":"https:\/\/www.zoko.ro\/#\/schema\/logo\/image\/"},"sameAs":["https:\/\/www.facebook.com\/profile.php?id=61584344135075"]}]}},"_links":{"self":[{"href":"https:\/\/www.zoko.ro\/en\/wp-json\/wp\/v2\/product\/12407","targetHints":{"allow":["GET"]}}],"collection":[{"href":"https:\/\/www.zoko.ro\/en\/wp-json\/wp\/v2\/product"}],"about":[{"href":"https:\/\/www.zoko.ro\/en\/wp-json\/wp\/v2\/types\/product"}],"replies":[{"embeddable":true,"href":"https:\/\/www.zoko.ro\/en\/wp-json\/wp\/v2\/comments?post=12407"}],"version-history":[{"count":1,"href":"https:\/\/www.zoko.ro\/en\/wp-json\/wp\/v2\/product\/12407\/revisions"}],"predecessor-version":[{"id":12408,"href":"https:\/\/www.zoko.ro\/en\/wp-json\/wp\/v2\/product\/12407\/revisions\/12408"}],"wp:featuredmedia":[{"embeddable":true,"href":"https:\/\/www.zoko.ro\/en\/wp-json\/wp\/v2\/media\/12409"}],"wp:attachment":[{"href":"https:\/\/www.zoko.ro\/en\/wp-json\/wp\/v2\/media?parent=12407"}],"wp:term":[{"taxonomy":"product_brand","embeddable":true,"href":"https:\/\/www.zoko.ro\/en\/wp-json\/wp\/v2\/product_brand?post=12407"},{"taxonomy":"product_cat","embeddable":true,"href":"https:\/\/www.zoko.ro\/en\/wp-json\/wp\/v2\/product_cat?post=12407"},{"taxonomy":"product_tag","embeddable":true,"href":"https:\/\/www.zoko.ro\/en\/wp-json\/wp\/v2\/product_tag?post=12407"}],"curies":[{"name":"wp","href":"https:\/\/api.w.org\/{rel}","templated":true}]}}