{"id":12428,"date":"2026-04-28T23:36:22","date_gmt":"2026-04-28T21:36:22","guid":{"rendered":"https:\/\/www.zoko.ro\/p\/rola-universala-inferioara-pentru-cabina-de-dus-2-3-x-4-5-cm-otel-si-pp-gonga\/"},"modified":"2026-04-28T23:36:22","modified_gmt":"2026-04-28T21:36:22","slug":"rola-universala-inferioara-pentru-cabina-de-dus-2-3-x-4-5-cm-otel-si-pp-gonga","status":"publish","type":"product","link":"https:\/\/www.zoko.ro\/en\/p\/rola-universala-inferioara-pentru-cabina-de-dus-2-3-x-4-5-cm-otel-si-pp-gonga\/","title":{"rendered":"Rola universala inferioara pentru cabina de dus, 2.3 x 4.5 cm, otel si PP, Gonga\u00ae"},"content":{"rendered":"<p><strong>Culoare:<\/strong> Gri<\/p>\n<p><strong>Materiale durabile: <\/strong><\/p>\n<p>Rolele noastre duble pentru u\u0219i de du\u0219 sunt fabricate din plastic de \u00eenalt\u0103 calitate. Durabile, impermeabile, rezistente la condi\u021bii de ploaie. Bucura\u021bi-v\u0103 de o durat\u0103 de via\u021b\u0103 \u00eendelungat\u0103 \u0219i performan\u021b\u0103 fiabil\u0103. Aceste role de \u00eenlocuire pentru u\u0219i de du\u0219 sunt potrivite pentru majoritatea cabinelor de du\u0219.<\/p>\n<p><img loading=\"lazy\" decoding=\"async\" src=\"https:\/\/gonga.ro\/img\/cms\/Rola%20universala%20inferioara%20pentru%20cabina%20de%20dus,%202-3%20x%204-5%20cm,%20otel%20si%20PP,%20Gonga%C2%AE.jpg\" width=\"500\" height=\"390\" alt=\"Rola%20universala%20inferioara%20pentru%20cabina%20de%20dus,%202-3%20x%204-5%20cm,%20otel%20si%20PP,%20Gonga%C2%AE.jpg\" \/><\/p>\n<p><strong>U\u0219or de instalat: <\/strong><\/p>\n<p>Potrivite pentru diferite tipuri de u\u0219i de du\u0219, creeaz\u0103 o u\u0219\u0103 glisant\u0103 confortabil\u0103 pentru nevoile tale, alunec\u0103 \u0219i se deplaseaz\u0103 cu u\u0219urin\u021b\u0103 \u00eenainte sau \u00eenapoi, permi\u021b\u00e2nd u\u0219ii s\u0103 gliseze cu un efort minim. Economise\u0219te spa\u021biu \u0219i \u00eembun\u0103t\u0103\u021be\u0219te estetica general\u0103.<\/p>\n<p><strong>Experien\u021b\u0103 de glisare lin\u0103: <\/strong><\/p>\n<p>\u00cembun\u0103t\u0103\u021be\u0219te-\u021bi du\u0219ul cu rolele noastre de \u00eenalt\u0103 calitate de 25 mm pentru u\u0219i de du\u0219. Gliseaz\u0103 f\u0103r\u0103 efort u\u0219a du\u0219ului pentru o experien\u021b\u0103 delicat\u0103 \u0219i silen\u021bioas\u0103, oferindu-\u021bi un du\u0219 cu adev\u0103rat revigorant. Setul include 8 role pentru u\u0219i de du\u0219 (4 superioare \u0219i 4 inferioare).<\/p>\n<p><img loading=\"lazy\" decoding=\"async\" src=\"https:\/\/gonga.ro\/img\/cms\/Rola%20universala%20inferioara%20pentru%20cabina%20de%20dus,%202-3%20x%204-5%20cm,%20otel%20si%20PP,%20Gonga%C2%AE3.jpg\" alt=\"\" width=\"500\" height=\"500\" \/><\/p>\n<p><strong>F\u0103r\u0103 zgomot: <\/strong><\/p>\n<p>Rolele cabinei de du\u0219 sunt fabricate din plastic, cu suport solid, rezistente la uzur\u0103 \u0219i potrivite pentru utilizare pe termen lung \u00eentr-un mediu umed. U\u0219a glisant\u0103 se poate deplasa cu u\u0219urin\u021b\u0103, f\u0103r\u0103 a produce zgomot.<\/p>\n<p><strong>Utilizare versatil\u0103: <\/strong><\/p>\n<p>Ro\u021bi pentru cabine de du\u0219, c\u0103zi de baie, jacuzzi \u0219i chiar mobilier. Asigur\u0103 o deschidere u\u0219oar\u0103 \u0219i lin\u0103 a u\u0219ii sau u\u0219ilor cu rolele noastre de \u00eenalt\u0103 calitate. \u00cenlocuie\u0219te rolele defecte din sistemul cabinei tale de du\u0219.<\/p>\n<p><img loading=\"lazy\" decoding=\"async\" src=\"https:\/\/gonga.ro\/img\/cms\/Rola%20universala%20inferioara%20pentru%20cabina%20de%20dus,%202-3%20x%204-5%20cm,%20otel%20si%20PP,%20Gonga%C2%AE6.jpg\" alt=\"\" width=\"500\" height=\"500\" \/><\/p>","protected":false},"excerpt":{"rendered":"<p>Culoare: Gri Materiale durabile: Rolele noastre duble pentru u\u0219i de du\u0219 sunt fabricate din plastic de \u00eenalt\u0103 calitate. Durabile, impermeabile,<\/p>","protected":false},"featured_media":12430,"comment_status":"open","ping_status":"open","template":"","meta":[],"product_brand":[],"product_cat":[99,101,155,100],"product_tag":[104],"class_list":{"0":"post-12428","1":"product","2":"type-product","3":"status-publish","4":"has-post-thumbnail","6":"product_cat-acasa","7":"product_cat-accesorii-baie","8":"product_cat-accesorii-cabina-de-dus","9":"product_cat-casa-gradina","10":"product_tag-in-stoc","11":"pa_culoare-gri","13":"first","14":"instock","15":"sale","16":"purchasable","17":"product-type-simple"},"yoast_head":"<!-- This site is optimized with the Yoast SEO plugin v27.2 - https:\/\/yoast.com\/product\/yoast-seo-wordpress\/ -->\n<title>Rola universala inferioara pentru cabina de dus, 2.3 x 4.5 cm, otel si PP, Gonga\u00ae | ZOKO<\/title>\n<meta name=\"robots\" content=\"index, follow, max-snippet:-1, max-image-preview:large, max-video-preview:-1\" \/>\n<link rel=\"canonical\" href=\"https:\/\/www.zoko.ro\/en\/p\/rola-universala-inferioara-pentru-cabina-de-dus-2-3-x-4-5-cm-otel-si-pp-gonga\/\" \/>\n<meta property=\"og:locale\" content=\"en_GB\" \/>\n<meta property=\"og:type\" content=\"article\" \/>\n<meta property=\"og:title\" content=\"Rola universala inferioara pentru cabina de dus, 2.3 x 4.5 cm, otel si PP, Gonga\u00ae | ZOKO\" \/>\n<meta property=\"og:description\" content=\"Culoare: Gri Materiale durabile: Rolele noastre duble pentru u\u0219i de du\u0219 sunt fabricate din plastic de \u00eenalt\u0103 calitate. Durabile, impermeabile,\" \/>\n<meta property=\"og:url\" content=\"https:\/\/www.zoko.ro\/en\/p\/rola-universala-inferioara-pentru-cabina-de-dus-2-3-x-4-5-cm-otel-si-pp-gonga\/\" \/>\n<meta property=\"og:site_name\" content=\"ZOKO\" \/>\n<meta property=\"article:publisher\" content=\"https:\/\/www.facebook.com\/profile.php?id=61584344135075\" \/>\n<meta property=\"og:image\" content=\"https:\/\/www.zoko.ro\/wp-content\/uploads\/2025\/03\/rola-universala-inferioara-pentru-cabina-de-dus-23-x-45-cm-otel-si-pp-gonga.jpg\" \/>\n\t<meta property=\"og:image:width\" content=\"993\" \/>\n\t<meta property=\"og:image:height\" content=\"1200\" \/>\n\t<meta property=\"og:image:type\" content=\"image\/jpeg\" \/>\n<meta name=\"twitter:card\" content=\"summary_large_image\" \/>\n<meta name=\"twitter:label1\" content=\"Estimated reading time\" \/>\n\t<meta name=\"twitter:data1\" content=\"1 minute\" \/>\n<script type=\"application\/ld+json\" class=\"yoast-schema-graph\">{\"@context\":\"https:\/\/schema.org\",\"@graph\":[{\"@type\":\"WebPage\",\"@id\":\"https:\/\/www.zoko.ro\/p\/rola-universala-inferioara-pentru-cabina-de-dus-2-3-x-4-5-cm-otel-si-pp-gonga\/\",\"url\":\"https:\/\/www.zoko.ro\/p\/rola-universala-inferioara-pentru-cabina-de-dus-2-3-x-4-5-cm-otel-si-pp-gonga\/\",\"name\":\"Rola universala inferioara pentru cabina de dus, 2.3 x 4.5 cm, otel si PP, Gonga\u00ae | ZOKO\",\"isPartOf\":{\"@id\":\"https:\/\/www.zoko.ro\/#website\"},\"primaryImageOfPage\":{\"@id\":\"https:\/\/www.zoko.ro\/p\/rola-universala-inferioara-pentru-cabina-de-dus-2-3-x-4-5-cm-otel-si-pp-gonga\/#primaryimage\"},\"image\":{\"@id\":\"https:\/\/www.zoko.ro\/p\/rola-universala-inferioara-pentru-cabina-de-dus-2-3-x-4-5-cm-otel-si-pp-gonga\/#primaryimage\"},\"thumbnailUrl\":\"https:\/\/www.zoko.ro\/wp-content\/uploads\/2025\/03\/rola-universala-inferioara-pentru-cabina-de-dus-23-x-45-cm-otel-si-pp-gonga.jpg\",\"datePublished\":\"2026-04-28T21:36:22+00:00\",\"breadcrumb\":{\"@id\":\"https:\/\/www.zoko.ro\/p\/rola-universala-inferioara-pentru-cabina-de-dus-2-3-x-4-5-cm-otel-si-pp-gonga\/#breadcrumb\"},\"inLanguage\":\"en-GB\",\"potentialAction\":[{\"@type\":\"ReadAction\",\"target\":[\"https:\/\/www.zoko.ro\/p\/rola-universala-inferioara-pentru-cabina-de-dus-2-3-x-4-5-cm-otel-si-pp-gonga\/\"]}]},{\"@type\":\"ImageObject\",\"inLanguage\":\"en-GB\",\"@id\":\"https:\/\/www.zoko.ro\/p\/rola-universala-inferioara-pentru-cabina-de-dus-2-3-x-4-5-cm-otel-si-pp-gonga\/#primaryimage\",\"url\":\"https:\/\/www.zoko.ro\/wp-content\/uploads\/2025\/03\/rola-universala-inferioara-pentru-cabina-de-dus-23-x-45-cm-otel-si-pp-gonga.jpg\",\"contentUrl\":\"https:\/\/www.zoko.ro\/wp-content\/uploads\/2025\/03\/rola-universala-inferioara-pentru-cabina-de-dus-23-x-45-cm-otel-si-pp-gonga.jpg\",\"width\":993,\"height\":1200},{\"@type\":\"BreadcrumbList\",\"@id\":\"https:\/\/www.zoko.ro\/p\/rola-universala-inferioara-pentru-cabina-de-dus-2-3-x-4-5-cm-otel-si-pp-gonga\/#breadcrumb\",\"itemListElement\":[{\"@type\":\"ListItem\",\"position\":1,\"name\":\"Home\",\"item\":\"https:\/\/www.zoko.ro\/\"},{\"@type\":\"ListItem\",\"position\":2,\"name\":\"Magazin\",\"item\":\"https:\/\/www.zoko.ro\/magazin\/\"},{\"@type\":\"ListItem\",\"position\":3,\"name\":\"Rola universala inferioara pentru cabina de dus, 2.3 x 4.5 cm, otel si PP, Gonga\u00ae\"}]},{\"@type\":\"WebSite\",\"@id\":\"https:\/\/www.zoko.ro\/#website\",\"url\":\"https:\/\/www.zoko.ro\/\",\"name\":\"ZOKO.ro\",\"description\":\"Cump\u0103r\u0103 inteligent\",\"publisher\":{\"@id\":\"https:\/\/www.zoko.ro\/#organization\"},\"potentialAction\":[{\"@type\":\"SearchAction\",\"target\":{\"@type\":\"EntryPoint\",\"urlTemplate\":\"https:\/\/www.zoko.ro\/?s={search_term_string}\"},\"query-input\":{\"@type\":\"PropertyValueSpecification\",\"valueRequired\":true,\"valueName\":\"search_term_string\"}}],\"inLanguage\":\"en-GB\"},{\"@type\":\"Organization\",\"@id\":\"https:\/\/www.zoko.ro\/#organization\",\"name\":\"ZOKO\",\"url\":\"https:\/\/www.zoko.ro\/\",\"logo\":{\"@type\":\"ImageObject\",\"inLanguage\":\"en-GB\",\"@id\":\"https:\/\/www.zoko.ro\/#\/schema\/logo\/image\/\",\"url\":\"https:\/\/www.zoko.ro\/wp-content\/uploads\/2025\/03\/logo1.svg\",\"contentUrl\":\"https:\/\/www.zoko.ro\/wp-content\/uploads\/2025\/03\/logo1.svg\",\"width\":799,\"height\":216,\"caption\":\"ZOKO\"},\"image\":{\"@id\":\"https:\/\/www.zoko.ro\/#\/schema\/logo\/image\/\"},\"sameAs\":[\"https:\/\/www.facebook.com\/profile.php?id=61584344135075\"]}]}<\/script>\n<!-- \/ Yoast SEO plugin. -->","yoast_head_json":{"title":"Rola universala inferioara pentru cabina de dus, 2.3 x 4.5 cm, otel si PP, Gonga\u00ae | ZOKO","robots":{"index":"index","follow":"follow","max-snippet":"max-snippet:-1","max-image-preview":"max-image-preview:large","max-video-preview":"max-video-preview:-1"},"canonical":"https:\/\/www.zoko.ro\/en\/p\/rola-universala-inferioara-pentru-cabina-de-dus-2-3-x-4-5-cm-otel-si-pp-gonga\/","og_locale":"en_GB","og_type":"article","og_title":"Rola universala inferioara pentru cabina de dus, 2.3 x 4.5 cm, otel si PP, Gonga\u00ae | ZOKO","og_description":"Culoare: Gri Materiale durabile: Rolele noastre duble pentru u\u0219i de du\u0219 sunt fabricate din plastic de \u00eenalt\u0103 calitate. Durabile, impermeabile,","og_url":"https:\/\/www.zoko.ro\/en\/p\/rola-universala-inferioara-pentru-cabina-de-dus-2-3-x-4-5-cm-otel-si-pp-gonga\/","og_site_name":"ZOKO","article_publisher":"https:\/\/www.facebook.com\/profile.php?id=61584344135075","og_image":[{"width":993,"height":1200,"url":"https:\/\/www.zoko.ro\/wp-content\/uploads\/2025\/03\/rola-universala-inferioara-pentru-cabina-de-dus-23-x-45-cm-otel-si-pp-gonga.jpg","type":"image\/jpeg"}],"twitter_card":"summary_large_image","twitter_misc":{"Estimated reading time":"1 minute"},"schema":{"@context":"https:\/\/schema.org","@graph":[{"@type":"WebPage","@id":"https:\/\/www.zoko.ro\/p\/rola-universala-inferioara-pentru-cabina-de-dus-2-3-x-4-5-cm-otel-si-pp-gonga\/","url":"https:\/\/www.zoko.ro\/p\/rola-universala-inferioara-pentru-cabina-de-dus-2-3-x-4-5-cm-otel-si-pp-gonga\/","name":"Rola universala inferioara pentru cabina de dus, 2.3 x 4.5 cm, otel si PP, Gonga\u00ae | ZOKO","isPartOf":{"@id":"https:\/\/www.zoko.ro\/#website"},"primaryImageOfPage":{"@id":"https:\/\/www.zoko.ro\/p\/rola-universala-inferioara-pentru-cabina-de-dus-2-3-x-4-5-cm-otel-si-pp-gonga\/#primaryimage"},"image":{"@id":"https:\/\/www.zoko.ro\/p\/rola-universala-inferioara-pentru-cabina-de-dus-2-3-x-4-5-cm-otel-si-pp-gonga\/#primaryimage"},"thumbnailUrl":"https:\/\/www.zoko.ro\/wp-content\/uploads\/2025\/03\/rola-universala-inferioara-pentru-cabina-de-dus-23-x-45-cm-otel-si-pp-gonga.jpg","datePublished":"2026-04-28T21:36:22+00:00","breadcrumb":{"@id":"https:\/\/www.zoko.ro\/p\/rola-universala-inferioara-pentru-cabina-de-dus-2-3-x-4-5-cm-otel-si-pp-gonga\/#breadcrumb"},"inLanguage":"en-GB","potentialAction":[{"@type":"ReadAction","target":["https:\/\/www.zoko.ro\/p\/rola-universala-inferioara-pentru-cabina-de-dus-2-3-x-4-5-cm-otel-si-pp-gonga\/"]}]},{"@type":"ImageObject","inLanguage":"en-GB","@id":"https:\/\/www.zoko.ro\/p\/rola-universala-inferioara-pentru-cabina-de-dus-2-3-x-4-5-cm-otel-si-pp-gonga\/#primaryimage","url":"https:\/\/www.zoko.ro\/wp-content\/uploads\/2025\/03\/rola-universala-inferioara-pentru-cabina-de-dus-23-x-45-cm-otel-si-pp-gonga.jpg","contentUrl":"https:\/\/www.zoko.ro\/wp-content\/uploads\/2025\/03\/rola-universala-inferioara-pentru-cabina-de-dus-23-x-45-cm-otel-si-pp-gonga.jpg","width":993,"height":1200},{"@type":"BreadcrumbList","@id":"https:\/\/www.zoko.ro\/p\/rola-universala-inferioara-pentru-cabina-de-dus-2-3-x-4-5-cm-otel-si-pp-gonga\/#breadcrumb","itemListElement":[{"@type":"ListItem","position":1,"name":"Home","item":"https:\/\/www.zoko.ro\/"},{"@type":"ListItem","position":2,"name":"Magazin","item":"https:\/\/www.zoko.ro\/magazin\/"},{"@type":"ListItem","position":3,"name":"Rola universala inferioara pentru cabina de dus, 2.3 x 4.5 cm, otel si PP, Gonga\u00ae"}]},{"@type":"WebSite","@id":"https:\/\/www.zoko.ro\/#website","url":"https:\/\/www.zoko.ro\/","name":"ZOKO.ro","description":"Cump\u0103r\u0103 inteligent","publisher":{"@id":"https:\/\/www.zoko.ro\/#organization"},"potentialAction":[{"@type":"SearchAction","target":{"@type":"EntryPoint","urlTemplate":"https:\/\/www.zoko.ro\/?s={search_term_string}"},"query-input":{"@type":"PropertyValueSpecification","valueRequired":true,"valueName":"search_term_string"}}],"inLanguage":"en-GB"},{"@type":"Organization","@id":"https:\/\/www.zoko.ro\/#organization","name":"ZOKO","url":"https:\/\/www.zoko.ro\/","logo":{"@type":"ImageObject","inLanguage":"en-GB","@id":"https:\/\/www.zoko.ro\/#\/schema\/logo\/image\/","url":"https:\/\/www.zoko.ro\/wp-content\/uploads\/2025\/03\/logo1.svg","contentUrl":"https:\/\/www.zoko.ro\/wp-content\/uploads\/2025\/03\/logo1.svg","width":799,"height":216,"caption":"ZOKO"},"image":{"@id":"https:\/\/www.zoko.ro\/#\/schema\/logo\/image\/"},"sameAs":["https:\/\/www.facebook.com\/profile.php?id=61584344135075"]}]}},"_links":{"self":[{"href":"https:\/\/www.zoko.ro\/en\/wp-json\/wp\/v2\/product\/12428","targetHints":{"allow":["GET"]}}],"collection":[{"href":"https:\/\/www.zoko.ro\/en\/wp-json\/wp\/v2\/product"}],"about":[{"href":"https:\/\/www.zoko.ro\/en\/wp-json\/wp\/v2\/types\/product"}],"replies":[{"embeddable":true,"href":"https:\/\/www.zoko.ro\/en\/wp-json\/wp\/v2\/comments?post=12428"}],"version-history":[{"count":1,"href":"https:\/\/www.zoko.ro\/en\/wp-json\/wp\/v2\/product\/12428\/revisions"}],"predecessor-version":[{"id":12429,"href":"https:\/\/www.zoko.ro\/en\/wp-json\/wp\/v2\/product\/12428\/revisions\/12429"}],"wp:featuredmedia":[{"embeddable":true,"href":"https:\/\/www.zoko.ro\/en\/wp-json\/wp\/v2\/media\/12430"}],"wp:attachment":[{"href":"https:\/\/www.zoko.ro\/en\/wp-json\/wp\/v2\/media?parent=12428"}],"wp:term":[{"taxonomy":"product_brand","embeddable":true,"href":"https:\/\/www.zoko.ro\/en\/wp-json\/wp\/v2\/product_brand?post=12428"},{"taxonomy":"product_cat","embeddable":true,"href":"https:\/\/www.zoko.ro\/en\/wp-json\/wp\/v2\/product_cat?post=12428"},{"taxonomy":"product_tag","embeddable":true,"href":"https:\/\/www.zoko.ro\/en\/wp-json\/wp\/v2\/product_tag?post=12428"}],"curies":[{"name":"wp","href":"https:\/\/api.w.org\/{rel}","templated":true}]}}