{"id":12443,"date":"2026-04-28T23:36:23","date_gmt":"2026-04-28T21:36:23","guid":{"rendered":"https:\/\/www.zoko.ro\/p\/kit-element-de-reparare-a-balamalelor-realizat-din-otel-inoxidabil-motaj-simplu-suruburi-incluse-gonga\/"},"modified":"2026-04-28T23:36:23","modified_gmt":"2026-04-28T21:36:23","slug":"kit-element-de-reparare-a-balamalelor-realizat-din-otel-inoxidabil-motaj-simplu-suruburi-incluse-gonga","status":"publish","type":"product","link":"https:\/\/www.zoko.ro\/en\/p\/kit-element-de-reparare-a-balamalelor-realizat-din-otel-inoxidabil-motaj-simplu-suruburi-incluse-gonga\/","title":{"rendered":"Kit element de reparare a balamalelor, realizat din otel inoxidabil, motaj simplu, suruburi incluse, Gonga\u00ae"},"content":{"rendered":"<p><strong>Culoare:<\/strong> Argintiu<\/p>\n<p>Kit Universal de Reparare a Balamalei<\/p>\n<p>Repar\u0103 rapid \u0219i eficient balamalele deteriorate cu acest kit universal de reparare a balamalei. Setul include o plac\u0103 special\u0103 de sus\u021binere, prev\u0103zut\u0103 cu fant\u0103 pentru balama \u0219i multiple orificii pentru \u0219uruburi, compatibile cu diverse dimensiuni \u0219i distan\u021be. O solu\u021bie practic\u0103 \u0219i accesibil\u0103 pentru restaurarea balamalelor defecte.<\/p>\n<\/p>\n<p><img loading=\"lazy\" decoding=\"async\" src=\"https:\/\/gonga.ro\/img\/cms\/Kit%20element%20de%20reparare%20a%20balamalelor,%20realizat%20din%20otel%20inoxidabil,%20motaj%20simplu,%20suruburi%20incluse,%20Gonga%C2%AE4.jpg\" alt=\"\" width=\"1200\" height=\"1200\" \/><\/p>\n<p><strong><\/strong><\/p>\n<p><strong>Caracteristici:<\/strong><\/p>\n<ul>\n<li>Universal \u2013 Potrivit pentru balamale montate pe partea st\u00e2ng\u0103 sau dreapt\u0103.<\/li>\n<li>Durabil \u0219i rezistent \u2013 Fabricat din o\u021bel inoxidabil, asigur\u0103 o fixare sigur\u0103 \u0219i de lung\u0103 durat\u0103.<\/li>\n<li>Dimensiuni optime \u2013 Plac\u0103 de 90 mm x 90 mm, compatibil\u0103 cu diverse tipuri de mobilier.<\/li>\n<li>Culoare elegant\u0103 \u2013 Argintiu, se integreaz\u0103 perfect \u00een orice decor.<\/li>\n<\/ul>\n<p>Alege acest kit de repara\u021bie pentru o solu\u021bie simpl\u0103 \u0219i eficient\u0103, f\u0103r\u0103 a \u00eenlocui \u00eentreaga balama!<\/p>\n<\/p>\n<p><img loading=\"lazy\" decoding=\"async\" src=\"https:\/\/gonga.ro\/img\/cms\/Kit%20element%20de%20reparare%20a%20balamalelor,%20realizat%20din%20otel%20inoxidabil,%20motaj%20simplu,%20suruburi%20incluse,%20Gonga%C2%AE3.jpg\" alt=\"\" width=\"1200\" height=\"1163\" \/><\/p>\n<\/p>\n<p><strong>Specificatii:<\/strong><\/p>\n<\/p>\n<p>&#8211; Material: otel inoxidabil<\/p>\n<p>&#8211; Dimensiuni (placa): 90 mm x 90 mm<\/p>\n<p>&#8211; Culoare: argintiu<\/p>","protected":false},"excerpt":{"rendered":"<p>Culoare: Argintiu Kit Universal de Reparare a Balamalei Repar\u0103 rapid \u0219i eficient balamalele deteriorate cu acest kit universal de reparare<\/p>","protected":false},"featured_media":12445,"comment_status":"open","ping_status":"open","template":"","meta":[],"product_brand":[],"product_cat":[99,100,110],"product_tag":[104],"class_list":{"0":"post-12443","1":"product","2":"type-product","3":"status-publish","4":"has-post-thumbnail","6":"product_cat-acasa","7":"product_cat-casa-gradina","8":"product_cat-scule-electrice-unelte","9":"product_tag-in-stoc","10":"pa_culoare-argintiu","12":"first","13":"instock","14":"sale","15":"purchasable","16":"product-type-simple"},"yoast_head":"<!-- This site is optimized with the Yoast SEO plugin v27.2 - https:\/\/yoast.com\/product\/yoast-seo-wordpress\/ -->\n<title>Kit element de reparare a balamalelor, realizat din otel inoxidabil, motaj simplu, suruburi incluse, Gonga\u00ae | ZOKO<\/title>\n<meta name=\"robots\" content=\"index, follow, max-snippet:-1, max-image-preview:large, max-video-preview:-1\" \/>\n<link rel=\"canonical\" href=\"https:\/\/www.zoko.ro\/en\/p\/kit-element-de-reparare-a-balamalelor-realizat-din-otel-inoxidabil-motaj-simplu-suruburi-incluse-gonga\/\" \/>\n<meta property=\"og:locale\" content=\"en_GB\" \/>\n<meta property=\"og:type\" content=\"article\" \/>\n<meta property=\"og:title\" content=\"Kit element de reparare a balamalelor, realizat din otel inoxidabil, motaj simplu, suruburi incluse, Gonga\u00ae | ZOKO\" \/>\n<meta property=\"og:description\" content=\"Culoare: Argintiu Kit Universal de Reparare a Balamalei Repar\u0103 rapid \u0219i eficient balamalele deteriorate cu acest kit universal de reparare\" \/>\n<meta property=\"og:url\" content=\"https:\/\/www.zoko.ro\/en\/p\/kit-element-de-reparare-a-balamalelor-realizat-din-otel-inoxidabil-motaj-simplu-suruburi-incluse-gonga\/\" \/>\n<meta property=\"og:site_name\" content=\"ZOKO\" \/>\n<meta property=\"article:publisher\" content=\"https:\/\/www.facebook.com\/profile.php?id=61584344135075\" \/>\n<meta property=\"og:image\" content=\"https:\/\/www.zoko.ro\/wp-content\/uploads\/2025\/03\/kit-element-de-reparare-a-balamalelor-realizat-din-otel-inoxidabil-motaj-simplu-suruburi-incluse-gonga.jpg\" \/>\n\t<meta property=\"og:image:width\" content=\"1200\" \/>\n\t<meta property=\"og:image:height\" content=\"1058\" \/>\n\t<meta property=\"og:image:type\" content=\"image\/jpeg\" \/>\n<meta name=\"twitter:card\" content=\"summary_large_image\" \/>\n<meta name=\"twitter:label1\" content=\"Estimated reading time\" \/>\n\t<meta name=\"twitter:data1\" content=\"1 minute\" \/>\n<script type=\"application\/ld+json\" class=\"yoast-schema-graph\">{\"@context\":\"https:\/\/schema.org\",\"@graph\":[{\"@type\":\"WebPage\",\"@id\":\"https:\/\/www.zoko.ro\/p\/kit-element-de-reparare-a-balamalelor-realizat-din-otel-inoxidabil-motaj-simplu-suruburi-incluse-gonga\/\",\"url\":\"https:\/\/www.zoko.ro\/p\/kit-element-de-reparare-a-balamalelor-realizat-din-otel-inoxidabil-motaj-simplu-suruburi-incluse-gonga\/\",\"name\":\"Kit element de reparare a balamalelor, realizat din otel inoxidabil, motaj simplu, suruburi incluse, Gonga\u00ae | ZOKO\",\"isPartOf\":{\"@id\":\"https:\/\/www.zoko.ro\/#website\"},\"primaryImageOfPage\":{\"@id\":\"https:\/\/www.zoko.ro\/p\/kit-element-de-reparare-a-balamalelor-realizat-din-otel-inoxidabil-motaj-simplu-suruburi-incluse-gonga\/#primaryimage\"},\"image\":{\"@id\":\"https:\/\/www.zoko.ro\/p\/kit-element-de-reparare-a-balamalelor-realizat-din-otel-inoxidabil-motaj-simplu-suruburi-incluse-gonga\/#primaryimage\"},\"thumbnailUrl\":\"https:\/\/www.zoko.ro\/wp-content\/uploads\/2025\/03\/kit-element-de-reparare-a-balamalelor-realizat-din-otel-inoxidabil-motaj-simplu-suruburi-incluse-gonga.jpg\",\"datePublished\":\"2026-04-28T21:36:23+00:00\",\"breadcrumb\":{\"@id\":\"https:\/\/www.zoko.ro\/p\/kit-element-de-reparare-a-balamalelor-realizat-din-otel-inoxidabil-motaj-simplu-suruburi-incluse-gonga\/#breadcrumb\"},\"inLanguage\":\"en-GB\",\"potentialAction\":[{\"@type\":\"ReadAction\",\"target\":[\"https:\/\/www.zoko.ro\/p\/kit-element-de-reparare-a-balamalelor-realizat-din-otel-inoxidabil-motaj-simplu-suruburi-incluse-gonga\/\"]}]},{\"@type\":\"ImageObject\",\"inLanguage\":\"en-GB\",\"@id\":\"https:\/\/www.zoko.ro\/p\/kit-element-de-reparare-a-balamalelor-realizat-din-otel-inoxidabil-motaj-simplu-suruburi-incluse-gonga\/#primaryimage\",\"url\":\"https:\/\/www.zoko.ro\/wp-content\/uploads\/2025\/03\/kit-element-de-reparare-a-balamalelor-realizat-din-otel-inoxidabil-motaj-simplu-suruburi-incluse-gonga.jpg\",\"contentUrl\":\"https:\/\/www.zoko.ro\/wp-content\/uploads\/2025\/03\/kit-element-de-reparare-a-balamalelor-realizat-din-otel-inoxidabil-motaj-simplu-suruburi-incluse-gonga.jpg\",\"width\":1200,\"height\":1058},{\"@type\":\"BreadcrumbList\",\"@id\":\"https:\/\/www.zoko.ro\/p\/kit-element-de-reparare-a-balamalelor-realizat-din-otel-inoxidabil-motaj-simplu-suruburi-incluse-gonga\/#breadcrumb\",\"itemListElement\":[{\"@type\":\"ListItem\",\"position\":1,\"name\":\"Home\",\"item\":\"https:\/\/www.zoko.ro\/\"},{\"@type\":\"ListItem\",\"position\":2,\"name\":\"Magazin\",\"item\":\"https:\/\/www.zoko.ro\/magazin\/\"},{\"@type\":\"ListItem\",\"position\":3,\"name\":\"Kit element de reparare a balamalelor, realizat din otel inoxidabil, motaj simplu, suruburi incluse, Gonga\u00ae\"}]},{\"@type\":\"WebSite\",\"@id\":\"https:\/\/www.zoko.ro\/#website\",\"url\":\"https:\/\/www.zoko.ro\/\",\"name\":\"ZOKO.ro\",\"description\":\"Cump\u0103r\u0103 inteligent\",\"publisher\":{\"@id\":\"https:\/\/www.zoko.ro\/#organization\"},\"potentialAction\":[{\"@type\":\"SearchAction\",\"target\":{\"@type\":\"EntryPoint\",\"urlTemplate\":\"https:\/\/www.zoko.ro\/?s={search_term_string}\"},\"query-input\":{\"@type\":\"PropertyValueSpecification\",\"valueRequired\":true,\"valueName\":\"search_term_string\"}}],\"inLanguage\":\"en-GB\"},{\"@type\":\"Organization\",\"@id\":\"https:\/\/www.zoko.ro\/#organization\",\"name\":\"ZOKO\",\"url\":\"https:\/\/www.zoko.ro\/\",\"logo\":{\"@type\":\"ImageObject\",\"inLanguage\":\"en-GB\",\"@id\":\"https:\/\/www.zoko.ro\/#\/schema\/logo\/image\/\",\"url\":\"https:\/\/www.zoko.ro\/wp-content\/uploads\/2025\/03\/logo1.svg\",\"contentUrl\":\"https:\/\/www.zoko.ro\/wp-content\/uploads\/2025\/03\/logo1.svg\",\"width\":799,\"height\":216,\"caption\":\"ZOKO\"},\"image\":{\"@id\":\"https:\/\/www.zoko.ro\/#\/schema\/logo\/image\/\"},\"sameAs\":[\"https:\/\/www.facebook.com\/profile.php?id=61584344135075\"]}]}<\/script>\n<!-- \/ Yoast SEO plugin. -->","yoast_head_json":{"title":"Kit element de reparare a balamalelor, realizat din otel inoxidabil, motaj simplu, suruburi incluse, Gonga\u00ae | ZOKO","robots":{"index":"index","follow":"follow","max-snippet":"max-snippet:-1","max-image-preview":"max-image-preview:large","max-video-preview":"max-video-preview:-1"},"canonical":"https:\/\/www.zoko.ro\/en\/p\/kit-element-de-reparare-a-balamalelor-realizat-din-otel-inoxidabil-motaj-simplu-suruburi-incluse-gonga\/","og_locale":"en_GB","og_type":"article","og_title":"Kit element de reparare a balamalelor, realizat din otel inoxidabil, motaj simplu, suruburi incluse, Gonga\u00ae | ZOKO","og_description":"Culoare: Argintiu Kit Universal de Reparare a Balamalei Repar\u0103 rapid \u0219i eficient balamalele deteriorate cu acest kit universal de reparare","og_url":"https:\/\/www.zoko.ro\/en\/p\/kit-element-de-reparare-a-balamalelor-realizat-din-otel-inoxidabil-motaj-simplu-suruburi-incluse-gonga\/","og_site_name":"ZOKO","article_publisher":"https:\/\/www.facebook.com\/profile.php?id=61584344135075","og_image":[{"width":1200,"height":1058,"url":"https:\/\/www.zoko.ro\/wp-content\/uploads\/2025\/03\/kit-element-de-reparare-a-balamalelor-realizat-din-otel-inoxidabil-motaj-simplu-suruburi-incluse-gonga.jpg","type":"image\/jpeg"}],"twitter_card":"summary_large_image","twitter_misc":{"Estimated reading time":"1 minute"},"schema":{"@context":"https:\/\/schema.org","@graph":[{"@type":"WebPage","@id":"https:\/\/www.zoko.ro\/p\/kit-element-de-reparare-a-balamalelor-realizat-din-otel-inoxidabil-motaj-simplu-suruburi-incluse-gonga\/","url":"https:\/\/www.zoko.ro\/p\/kit-element-de-reparare-a-balamalelor-realizat-din-otel-inoxidabil-motaj-simplu-suruburi-incluse-gonga\/","name":"Kit element de reparare a balamalelor, realizat din otel inoxidabil, motaj simplu, suruburi incluse, Gonga\u00ae | ZOKO","isPartOf":{"@id":"https:\/\/www.zoko.ro\/#website"},"primaryImageOfPage":{"@id":"https:\/\/www.zoko.ro\/p\/kit-element-de-reparare-a-balamalelor-realizat-din-otel-inoxidabil-motaj-simplu-suruburi-incluse-gonga\/#primaryimage"},"image":{"@id":"https:\/\/www.zoko.ro\/p\/kit-element-de-reparare-a-balamalelor-realizat-din-otel-inoxidabil-motaj-simplu-suruburi-incluse-gonga\/#primaryimage"},"thumbnailUrl":"https:\/\/www.zoko.ro\/wp-content\/uploads\/2025\/03\/kit-element-de-reparare-a-balamalelor-realizat-din-otel-inoxidabil-motaj-simplu-suruburi-incluse-gonga.jpg","datePublished":"2026-04-28T21:36:23+00:00","breadcrumb":{"@id":"https:\/\/www.zoko.ro\/p\/kit-element-de-reparare-a-balamalelor-realizat-din-otel-inoxidabil-motaj-simplu-suruburi-incluse-gonga\/#breadcrumb"},"inLanguage":"en-GB","potentialAction":[{"@type":"ReadAction","target":["https:\/\/www.zoko.ro\/p\/kit-element-de-reparare-a-balamalelor-realizat-din-otel-inoxidabil-motaj-simplu-suruburi-incluse-gonga\/"]}]},{"@type":"ImageObject","inLanguage":"en-GB","@id":"https:\/\/www.zoko.ro\/p\/kit-element-de-reparare-a-balamalelor-realizat-din-otel-inoxidabil-motaj-simplu-suruburi-incluse-gonga\/#primaryimage","url":"https:\/\/www.zoko.ro\/wp-content\/uploads\/2025\/03\/kit-element-de-reparare-a-balamalelor-realizat-din-otel-inoxidabil-motaj-simplu-suruburi-incluse-gonga.jpg","contentUrl":"https:\/\/www.zoko.ro\/wp-content\/uploads\/2025\/03\/kit-element-de-reparare-a-balamalelor-realizat-din-otel-inoxidabil-motaj-simplu-suruburi-incluse-gonga.jpg","width":1200,"height":1058},{"@type":"BreadcrumbList","@id":"https:\/\/www.zoko.ro\/p\/kit-element-de-reparare-a-balamalelor-realizat-din-otel-inoxidabil-motaj-simplu-suruburi-incluse-gonga\/#breadcrumb","itemListElement":[{"@type":"ListItem","position":1,"name":"Home","item":"https:\/\/www.zoko.ro\/"},{"@type":"ListItem","position":2,"name":"Magazin","item":"https:\/\/www.zoko.ro\/magazin\/"},{"@type":"ListItem","position":3,"name":"Kit element de reparare a balamalelor, realizat din otel inoxidabil, motaj simplu, suruburi incluse, Gonga\u00ae"}]},{"@type":"WebSite","@id":"https:\/\/www.zoko.ro\/#website","url":"https:\/\/www.zoko.ro\/","name":"ZOKO.ro","description":"Cump\u0103r\u0103 inteligent","publisher":{"@id":"https:\/\/www.zoko.ro\/#organization"},"potentialAction":[{"@type":"SearchAction","target":{"@type":"EntryPoint","urlTemplate":"https:\/\/www.zoko.ro\/?s={search_term_string}"},"query-input":{"@type":"PropertyValueSpecification","valueRequired":true,"valueName":"search_term_string"}}],"inLanguage":"en-GB"},{"@type":"Organization","@id":"https:\/\/www.zoko.ro\/#organization","name":"ZOKO","url":"https:\/\/www.zoko.ro\/","logo":{"@type":"ImageObject","inLanguage":"en-GB","@id":"https:\/\/www.zoko.ro\/#\/schema\/logo\/image\/","url":"https:\/\/www.zoko.ro\/wp-content\/uploads\/2025\/03\/logo1.svg","contentUrl":"https:\/\/www.zoko.ro\/wp-content\/uploads\/2025\/03\/logo1.svg","width":799,"height":216,"caption":"ZOKO"},"image":{"@id":"https:\/\/www.zoko.ro\/#\/schema\/logo\/image\/"},"sameAs":["https:\/\/www.facebook.com\/profile.php?id=61584344135075"]}]}},"_links":{"self":[{"href":"https:\/\/www.zoko.ro\/en\/wp-json\/wp\/v2\/product\/12443","targetHints":{"allow":["GET"]}}],"collection":[{"href":"https:\/\/www.zoko.ro\/en\/wp-json\/wp\/v2\/product"}],"about":[{"href":"https:\/\/www.zoko.ro\/en\/wp-json\/wp\/v2\/types\/product"}],"replies":[{"embeddable":true,"href":"https:\/\/www.zoko.ro\/en\/wp-json\/wp\/v2\/comments?post=12443"}],"version-history":[{"count":1,"href":"https:\/\/www.zoko.ro\/en\/wp-json\/wp\/v2\/product\/12443\/revisions"}],"predecessor-version":[{"id":12444,"href":"https:\/\/www.zoko.ro\/en\/wp-json\/wp\/v2\/product\/12443\/revisions\/12444"}],"wp:featuredmedia":[{"embeddable":true,"href":"https:\/\/www.zoko.ro\/en\/wp-json\/wp\/v2\/media\/12445"}],"wp:attachment":[{"href":"https:\/\/www.zoko.ro\/en\/wp-json\/wp\/v2\/media?parent=12443"}],"wp:term":[{"taxonomy":"product_brand","embeddable":true,"href":"https:\/\/www.zoko.ro\/en\/wp-json\/wp\/v2\/product_brand?post=12443"},{"taxonomy":"product_cat","embeddable":true,"href":"https:\/\/www.zoko.ro\/en\/wp-json\/wp\/v2\/product_cat?post=12443"},{"taxonomy":"product_tag","embeddable":true,"href":"https:\/\/www.zoko.ro\/en\/wp-json\/wp\/v2\/product_tag?post=12443"}],"curies":[{"name":"wp","href":"https:\/\/api.w.org\/{rel}","templated":true}]}}