{"id":12450,"date":"2026-04-28T23:36:23","date_gmt":"2026-04-28T21:36:23","guid":{"rendered":"https:\/\/www.zoko.ro\/p\/set-3-elemente-pentru-dus-para-de-dus-moderna-furtun-flexibil-suport-pentru-perete-gonga\/"},"modified":"2026-04-28T23:36:23","modified_gmt":"2026-04-28T21:36:23","slug":"set-3-elemente-pentru-dus-para-de-dus-moderna-furtun-flexibil-suport-pentru-perete-gonga","status":"publish","type":"product","link":"https:\/\/www.zoko.ro\/en\/p\/set-3-elemente-pentru-dus-para-de-dus-moderna-furtun-flexibil-suport-pentru-perete-gonga\/","title":{"rendered":"Set 3 elemente pentru dus, para de dus moderna + furtun flexibil + suport pentru perete, Gonga\u00ae"},"content":{"rendered":"<p><strong>Culoare:<\/strong> Alb<\/p>\n<p>Cap de du\u0219 premium \u2013 Func\u021bionalitate \u0219i design modern<\/p>\n<p>Transform\u0103-\u021bi experien\u021ba de du\u0219 cu acest cap de du\u0219 elegant, proiectat pentru instalare rapid\u0103 \u0219i u\u0219oar\u0103 pe orice furtun de du\u0219 standard. Cu un design modern \u0219i func\u021bii avansate, acest cap de du\u0219 ofer\u0103 confort \u0219i eficien\u021b\u0103, optimiz\u00e2nd consumul de ap\u0103 f\u0103r\u0103 a compromite presiunea jetului.<\/p>\n<\/p>\n<p><img loading=\"lazy\" decoding=\"async\" src=\"https:\/\/gonga.ro\/img\/cms\/Set%203%20elemente%20pentru%20dus,%20para%20de%20dus%20moderna%20+%20furtun%20flexibil%20+%20suport%20pentru%20perete,%20Gonga%C2%AE12.jpg\" alt=\"\" width=\"1200\" height=\"1196\" \/><\/p>\n<\/p>\n<p><strong>Caracteristici principale:<\/strong><\/p>\n<p>5 moduri de pulverizare \u2013 Alege dintr-o varietate de jeturi pentru o experien\u021b\u0103 personalizat\u0103: ploaie fin\u0103, masaj, combinat, jet puternic \u0219i spum\u0103.<\/p>\n<p>Func\u021bie STOP \u2013 Permite oprirea rapid\u0103 a apei direct de pe capul de du\u0219, f\u0103r\u0103 a \u00eenchide robinetul.<\/p>\n<p>Ventilator \u00eencorporat \u2013 Amplific\u0103 presiunea apei pentru un jet mai puternic, f\u0103r\u0103 a cre\u0219te consumul.<\/p>\n<p>Materiale premium \u2013 Fabricat din o\u021bel inoxidabil \u0219i ABS rezistent, ofer\u0103 durabilitate \u0219i aspect elegant.<\/p>\n<p>Instalare f\u0103r\u0103 efort \u2013 Se monteaz\u0103 simplu pe orice furtun de du\u0219 cu filet universal de 1\/2\u201d.<\/p>\n<\/p>\n<p><img loading=\"lazy\" decoding=\"async\" src=\"https:\/\/gonga.ro\/img\/cms\/Set%203%20elemente%20pentru%20dus,%20para%20de%20dus%20moderna%20+%20furtun%20flexibil%20+%20suport%20pentru%20perete,%20Gonga%C2%AE5.jpg\" alt=\"\" width=\"1200\" height=\"1180\" \/><\/p>\n<\/p>\n<p><strong>Setul include:<\/strong><\/p>\n<p>Cap de du\u0219 cu 5 func\u021bii \u0219i ventilator integrat<\/p>\n<p>Furtun de du\u0219 de 200 cm, flexibil \u0219i rezistent<\/p>\n<p>Suport de perete cu band\u0103 autoadeziv\u0103 pentru fixare rapid\u0103<\/p>\n<\/p>\n<p><img loading=\"lazy\" decoding=\"async\" src=\"https:\/\/gonga.ro\/img\/cms\/Set%203%20elemente%20pentru%20dus,%20para%20de%20dus%20moderna%20+%20furtun%20flexibil%20+%20suport%20pentru%20perete,%20Gonga%C2%AE7.jpg\" alt=\"\" width=\"1200\" height=\"1163\" \/><\/p>\n<\/p>\n<p><strong>Specifica\u021bii:<\/strong><\/p>\n<\/p>\n<p>&#8211; Lungimea total\u0103 a capului de du\u0219: 25,5 cm<\/p>\n<p>&#8211; Diametru sit\u0103: 9 cm<\/p>\n<p>&#8211; Diametru filet: 2 cm<\/p>\n<p>&#8211; Dimensiuni m\u00e2ner: 12 cm x 8 cm<\/p>\n<p>&#8211; Lungime furtun: 200 cm<\/p>","protected":false},"excerpt":{"rendered":"<p>Culoare: Alb Cap de du\u0219 premium \u2013 Func\u021bionalitate \u0219i design modern Transform\u0103-\u021bi experien\u021ba de du\u0219 cu acest cap de du\u0219<\/p>","protected":false},"featured_media":12452,"comment_status":"open","ping_status":"open","template":"","meta":[],"product_brand":[],"product_cat":[99,101,155,100],"product_tag":[104],"class_list":{"0":"post-12450","1":"product","2":"type-product","3":"status-publish","4":"has-post-thumbnail","6":"product_cat-acasa","7":"product_cat-accesorii-baie","8":"product_cat-accesorii-cabina-de-dus","9":"product_cat-casa-gradina","10":"product_tag-in-stoc","11":"pa_culoare-alb","13":"first","14":"instock","15":"sale","16":"purchasable","17":"product-type-simple"},"yoast_head":"<!-- This site is optimized with the Yoast SEO plugin v27.2 - https:\/\/yoast.com\/product\/yoast-seo-wordpress\/ -->\n<title>Set 3 elemente pentru dus, para de dus moderna + furtun flexibil + suport pentru perete, Gonga\u00ae | ZOKO<\/title>\n<meta name=\"robots\" content=\"index, follow, max-snippet:-1, max-image-preview:large, max-video-preview:-1\" \/>\n<link rel=\"canonical\" href=\"https:\/\/www.zoko.ro\/en\/p\/set-3-elemente-pentru-dus-para-de-dus-moderna-furtun-flexibil-suport-pentru-perete-gonga\/\" \/>\n<meta property=\"og:locale\" content=\"en_GB\" \/>\n<meta property=\"og:type\" content=\"article\" \/>\n<meta property=\"og:title\" content=\"Set 3 elemente pentru dus, para de dus moderna + furtun flexibil + suport pentru perete, Gonga\u00ae | ZOKO\" \/>\n<meta property=\"og:description\" content=\"Culoare: Alb Cap de du\u0219 premium \u2013 Func\u021bionalitate \u0219i design modern Transform\u0103-\u021bi experien\u021ba de du\u0219 cu acest cap de du\u0219\" \/>\n<meta property=\"og:url\" content=\"https:\/\/www.zoko.ro\/en\/p\/set-3-elemente-pentru-dus-para-de-dus-moderna-furtun-flexibil-suport-pentru-perete-gonga\/\" \/>\n<meta property=\"og:site_name\" content=\"ZOKO\" \/>\n<meta property=\"article:publisher\" content=\"https:\/\/www.facebook.com\/profile.php?id=61584344135075\" \/>\n<meta property=\"og:image\" content=\"https:\/\/www.zoko.ro\/wp-content\/uploads\/2025\/03\/set-3-elemente-pentru-dus-para-de-dus-moderna-furtun-flexibil-suport-pentru-perete-gonga.jpg\" \/>\n\t<meta property=\"og:image:width\" content=\"1200\" \/>\n\t<meta property=\"og:image:height\" content=\"1163\" \/>\n\t<meta property=\"og:image:type\" content=\"image\/jpeg\" \/>\n<meta name=\"twitter:card\" content=\"summary_large_image\" \/>\n<meta name=\"twitter:label1\" content=\"Estimated reading time\" \/>\n\t<meta name=\"twitter:data1\" content=\"1 minute\" \/>\n<script type=\"application\/ld+json\" class=\"yoast-schema-graph\">{\"@context\":\"https:\/\/schema.org\",\"@graph\":[{\"@type\":\"WebPage\",\"@id\":\"https:\/\/www.zoko.ro\/p\/set-3-elemente-pentru-dus-para-de-dus-moderna-furtun-flexibil-suport-pentru-perete-gonga\/\",\"url\":\"https:\/\/www.zoko.ro\/p\/set-3-elemente-pentru-dus-para-de-dus-moderna-furtun-flexibil-suport-pentru-perete-gonga\/\",\"name\":\"Set 3 elemente pentru dus, para de dus moderna + furtun flexibil + suport pentru perete, Gonga\u00ae | ZOKO\",\"isPartOf\":{\"@id\":\"https:\/\/www.zoko.ro\/#website\"},\"primaryImageOfPage\":{\"@id\":\"https:\/\/www.zoko.ro\/p\/set-3-elemente-pentru-dus-para-de-dus-moderna-furtun-flexibil-suport-pentru-perete-gonga\/#primaryimage\"},\"image\":{\"@id\":\"https:\/\/www.zoko.ro\/p\/set-3-elemente-pentru-dus-para-de-dus-moderna-furtun-flexibil-suport-pentru-perete-gonga\/#primaryimage\"},\"thumbnailUrl\":\"https:\/\/www.zoko.ro\/wp-content\/uploads\/2025\/03\/set-3-elemente-pentru-dus-para-de-dus-moderna-furtun-flexibil-suport-pentru-perete-gonga.jpg\",\"datePublished\":\"2026-04-28T21:36:23+00:00\",\"breadcrumb\":{\"@id\":\"https:\/\/www.zoko.ro\/p\/set-3-elemente-pentru-dus-para-de-dus-moderna-furtun-flexibil-suport-pentru-perete-gonga\/#breadcrumb\"},\"inLanguage\":\"en-GB\",\"potentialAction\":[{\"@type\":\"ReadAction\",\"target\":[\"https:\/\/www.zoko.ro\/p\/set-3-elemente-pentru-dus-para-de-dus-moderna-furtun-flexibil-suport-pentru-perete-gonga\/\"]}]},{\"@type\":\"ImageObject\",\"inLanguage\":\"en-GB\",\"@id\":\"https:\/\/www.zoko.ro\/p\/set-3-elemente-pentru-dus-para-de-dus-moderna-furtun-flexibil-suport-pentru-perete-gonga\/#primaryimage\",\"url\":\"https:\/\/www.zoko.ro\/wp-content\/uploads\/2025\/03\/set-3-elemente-pentru-dus-para-de-dus-moderna-furtun-flexibil-suport-pentru-perete-gonga.jpg\",\"contentUrl\":\"https:\/\/www.zoko.ro\/wp-content\/uploads\/2025\/03\/set-3-elemente-pentru-dus-para-de-dus-moderna-furtun-flexibil-suport-pentru-perete-gonga.jpg\",\"width\":1200,\"height\":1163},{\"@type\":\"BreadcrumbList\",\"@id\":\"https:\/\/www.zoko.ro\/p\/set-3-elemente-pentru-dus-para-de-dus-moderna-furtun-flexibil-suport-pentru-perete-gonga\/#breadcrumb\",\"itemListElement\":[{\"@type\":\"ListItem\",\"position\":1,\"name\":\"Home\",\"item\":\"https:\/\/www.zoko.ro\/\"},{\"@type\":\"ListItem\",\"position\":2,\"name\":\"Magazin\",\"item\":\"https:\/\/www.zoko.ro\/magazin\/\"},{\"@type\":\"ListItem\",\"position\":3,\"name\":\"Set 3 elemente pentru dus, para de dus moderna + furtun flexibil + suport pentru perete, Gonga\u00ae\"}]},{\"@type\":\"WebSite\",\"@id\":\"https:\/\/www.zoko.ro\/#website\",\"url\":\"https:\/\/www.zoko.ro\/\",\"name\":\"ZOKO.ro\",\"description\":\"Cump\u0103r\u0103 inteligent\",\"publisher\":{\"@id\":\"https:\/\/www.zoko.ro\/#organization\"},\"potentialAction\":[{\"@type\":\"SearchAction\",\"target\":{\"@type\":\"EntryPoint\",\"urlTemplate\":\"https:\/\/www.zoko.ro\/?s={search_term_string}\"},\"query-input\":{\"@type\":\"PropertyValueSpecification\",\"valueRequired\":true,\"valueName\":\"search_term_string\"}}],\"inLanguage\":\"en-GB\"},{\"@type\":\"Organization\",\"@id\":\"https:\/\/www.zoko.ro\/#organization\",\"name\":\"ZOKO\",\"url\":\"https:\/\/www.zoko.ro\/\",\"logo\":{\"@type\":\"ImageObject\",\"inLanguage\":\"en-GB\",\"@id\":\"https:\/\/www.zoko.ro\/#\/schema\/logo\/image\/\",\"url\":\"https:\/\/www.zoko.ro\/wp-content\/uploads\/2025\/03\/logo1.svg\",\"contentUrl\":\"https:\/\/www.zoko.ro\/wp-content\/uploads\/2025\/03\/logo1.svg\",\"width\":799,\"height\":216,\"caption\":\"ZOKO\"},\"image\":{\"@id\":\"https:\/\/www.zoko.ro\/#\/schema\/logo\/image\/\"},\"sameAs\":[\"https:\/\/www.facebook.com\/profile.php?id=61584344135075\"]}]}<\/script>\n<!-- \/ Yoast SEO plugin. -->","yoast_head_json":{"title":"Set 3 elemente pentru dus, para de dus moderna + furtun flexibil + suport pentru perete, Gonga\u00ae | ZOKO","robots":{"index":"index","follow":"follow","max-snippet":"max-snippet:-1","max-image-preview":"max-image-preview:large","max-video-preview":"max-video-preview:-1"},"canonical":"https:\/\/www.zoko.ro\/en\/p\/set-3-elemente-pentru-dus-para-de-dus-moderna-furtun-flexibil-suport-pentru-perete-gonga\/","og_locale":"en_GB","og_type":"article","og_title":"Set 3 elemente pentru dus, para de dus moderna + furtun flexibil + suport pentru perete, Gonga\u00ae | ZOKO","og_description":"Culoare: Alb Cap de du\u0219 premium \u2013 Func\u021bionalitate \u0219i design modern Transform\u0103-\u021bi experien\u021ba de du\u0219 cu acest cap de du\u0219","og_url":"https:\/\/www.zoko.ro\/en\/p\/set-3-elemente-pentru-dus-para-de-dus-moderna-furtun-flexibil-suport-pentru-perete-gonga\/","og_site_name":"ZOKO","article_publisher":"https:\/\/www.facebook.com\/profile.php?id=61584344135075","og_image":[{"width":1200,"height":1163,"url":"https:\/\/www.zoko.ro\/wp-content\/uploads\/2025\/03\/set-3-elemente-pentru-dus-para-de-dus-moderna-furtun-flexibil-suport-pentru-perete-gonga.jpg","type":"image\/jpeg"}],"twitter_card":"summary_large_image","twitter_misc":{"Estimated reading time":"1 minute"},"schema":{"@context":"https:\/\/schema.org","@graph":[{"@type":"WebPage","@id":"https:\/\/www.zoko.ro\/p\/set-3-elemente-pentru-dus-para-de-dus-moderna-furtun-flexibil-suport-pentru-perete-gonga\/","url":"https:\/\/www.zoko.ro\/p\/set-3-elemente-pentru-dus-para-de-dus-moderna-furtun-flexibil-suport-pentru-perete-gonga\/","name":"Set 3 elemente pentru dus, para de dus moderna + furtun flexibil + suport pentru perete, Gonga\u00ae | ZOKO","isPartOf":{"@id":"https:\/\/www.zoko.ro\/#website"},"primaryImageOfPage":{"@id":"https:\/\/www.zoko.ro\/p\/set-3-elemente-pentru-dus-para-de-dus-moderna-furtun-flexibil-suport-pentru-perete-gonga\/#primaryimage"},"image":{"@id":"https:\/\/www.zoko.ro\/p\/set-3-elemente-pentru-dus-para-de-dus-moderna-furtun-flexibil-suport-pentru-perete-gonga\/#primaryimage"},"thumbnailUrl":"https:\/\/www.zoko.ro\/wp-content\/uploads\/2025\/03\/set-3-elemente-pentru-dus-para-de-dus-moderna-furtun-flexibil-suport-pentru-perete-gonga.jpg","datePublished":"2026-04-28T21:36:23+00:00","breadcrumb":{"@id":"https:\/\/www.zoko.ro\/p\/set-3-elemente-pentru-dus-para-de-dus-moderna-furtun-flexibil-suport-pentru-perete-gonga\/#breadcrumb"},"inLanguage":"en-GB","potentialAction":[{"@type":"ReadAction","target":["https:\/\/www.zoko.ro\/p\/set-3-elemente-pentru-dus-para-de-dus-moderna-furtun-flexibil-suport-pentru-perete-gonga\/"]}]},{"@type":"ImageObject","inLanguage":"en-GB","@id":"https:\/\/www.zoko.ro\/p\/set-3-elemente-pentru-dus-para-de-dus-moderna-furtun-flexibil-suport-pentru-perete-gonga\/#primaryimage","url":"https:\/\/www.zoko.ro\/wp-content\/uploads\/2025\/03\/set-3-elemente-pentru-dus-para-de-dus-moderna-furtun-flexibil-suport-pentru-perete-gonga.jpg","contentUrl":"https:\/\/www.zoko.ro\/wp-content\/uploads\/2025\/03\/set-3-elemente-pentru-dus-para-de-dus-moderna-furtun-flexibil-suport-pentru-perete-gonga.jpg","width":1200,"height":1163},{"@type":"BreadcrumbList","@id":"https:\/\/www.zoko.ro\/p\/set-3-elemente-pentru-dus-para-de-dus-moderna-furtun-flexibil-suport-pentru-perete-gonga\/#breadcrumb","itemListElement":[{"@type":"ListItem","position":1,"name":"Home","item":"https:\/\/www.zoko.ro\/"},{"@type":"ListItem","position":2,"name":"Magazin","item":"https:\/\/www.zoko.ro\/magazin\/"},{"@type":"ListItem","position":3,"name":"Set 3 elemente pentru dus, para de dus moderna + furtun flexibil + suport pentru perete, Gonga\u00ae"}]},{"@type":"WebSite","@id":"https:\/\/www.zoko.ro\/#website","url":"https:\/\/www.zoko.ro\/","name":"ZOKO.ro","description":"Cump\u0103r\u0103 inteligent","publisher":{"@id":"https:\/\/www.zoko.ro\/#organization"},"potentialAction":[{"@type":"SearchAction","target":{"@type":"EntryPoint","urlTemplate":"https:\/\/www.zoko.ro\/?s={search_term_string}"},"query-input":{"@type":"PropertyValueSpecification","valueRequired":true,"valueName":"search_term_string"}}],"inLanguage":"en-GB"},{"@type":"Organization","@id":"https:\/\/www.zoko.ro\/#organization","name":"ZOKO","url":"https:\/\/www.zoko.ro\/","logo":{"@type":"ImageObject","inLanguage":"en-GB","@id":"https:\/\/www.zoko.ro\/#\/schema\/logo\/image\/","url":"https:\/\/www.zoko.ro\/wp-content\/uploads\/2025\/03\/logo1.svg","contentUrl":"https:\/\/www.zoko.ro\/wp-content\/uploads\/2025\/03\/logo1.svg","width":799,"height":216,"caption":"ZOKO"},"image":{"@id":"https:\/\/www.zoko.ro\/#\/schema\/logo\/image\/"},"sameAs":["https:\/\/www.facebook.com\/profile.php?id=61584344135075"]}]}},"_links":{"self":[{"href":"https:\/\/www.zoko.ro\/en\/wp-json\/wp\/v2\/product\/12450","targetHints":{"allow":["GET"]}}],"collection":[{"href":"https:\/\/www.zoko.ro\/en\/wp-json\/wp\/v2\/product"}],"about":[{"href":"https:\/\/www.zoko.ro\/en\/wp-json\/wp\/v2\/types\/product"}],"replies":[{"embeddable":true,"href":"https:\/\/www.zoko.ro\/en\/wp-json\/wp\/v2\/comments?post=12450"}],"version-history":[{"count":1,"href":"https:\/\/www.zoko.ro\/en\/wp-json\/wp\/v2\/product\/12450\/revisions"}],"predecessor-version":[{"id":12451,"href":"https:\/\/www.zoko.ro\/en\/wp-json\/wp\/v2\/product\/12450\/revisions\/12451"}],"wp:featuredmedia":[{"embeddable":true,"href":"https:\/\/www.zoko.ro\/en\/wp-json\/wp\/v2\/media\/12452"}],"wp:attachment":[{"href":"https:\/\/www.zoko.ro\/en\/wp-json\/wp\/v2\/media?parent=12450"}],"wp:term":[{"taxonomy":"product_brand","embeddable":true,"href":"https:\/\/www.zoko.ro\/en\/wp-json\/wp\/v2\/product_brand?post=12450"},{"taxonomy":"product_cat","embeddable":true,"href":"https:\/\/www.zoko.ro\/en\/wp-json\/wp\/v2\/product_cat?post=12450"},{"taxonomy":"product_tag","embeddable":true,"href":"https:\/\/www.zoko.ro\/en\/wp-json\/wp\/v2\/product_tag?post=12450"}],"curies":[{"name":"wp","href":"https:\/\/api.w.org\/{rel}","templated":true}]}}