{"id":12586,"date":"2026-04-28T23:36:33","date_gmt":"2026-04-28T21:36:33","guid":{"rendered":"https:\/\/www.zoko.ro\/p\/set-razatoare-legume-decozitor-maner-22-5-x-9-x-2-cm-gonga\/"},"modified":"2026-04-28T23:36:33","modified_gmt":"2026-04-28T21:36:33","slug":"set-razatoare-legume-decozitor-maner-22-5-x-9-x-2-cm-gonga","status":"publish","type":"product","link":"https:\/\/www.zoko.ro\/en\/p\/set-razatoare-legume-decozitor-maner-22-5-x-9-x-2-cm-gonga\/","title":{"rendered":"Set razatoare legume, decozitor, maner, 22.5 x 9 x 2 cm, Gonga\u00ae"},"content":{"rendered":"<p><strong>Culoare:<\/strong> Negru<\/p>\n<p><strong>Set Multifunc\u021bional pentru Cur\u0103\u021bare \u0219i T\u0103iere \u2013 Practic \u0219i Eficient<\/strong><\/p>\n<p>Simplific\u0103 preg\u0103tirea zilnic\u0103 a alimentelor cu acest set multifunc\u021bional, ideal at\u00e2t pentru buc\u0103tarii experimenta\u021bi, c\u00e2t \u0219i pentru \u00eencep\u0103tori. Cu un design inteligent, acest instrument combin\u0103 func\u021bia de decojire \u0219i tocare, economisind timp \u0219i efort \u00een buc\u0103t\u0103rie.<\/p>\n<\/p>\n<p><img loading=\"lazy\" decoding=\"async\" src=\"https:\/\/gonga.ro\/img\/cms\/Set%20razatoare%20legume,%20decozitor,%20maner,%2022-5%20x%209%20x%202%20cm,%20Gonga%C2%AE5.jpg\" alt=\"\" width=\"1000\" height=\"750\" \/><\/p>\n<\/p>\n<p><strong>Caracteristici principale:<\/strong><\/p>\n<p>Func\u021bie 2 \u00een 1 \u2013 cur\u0103\u021b\u0103 \u0219i taie rapid legumele \u0219i fructele.<\/p>\n<p>M\u00e2ner ergonomic \u2013 ofer\u0103 o prindere sigur\u0103 \u0219i confortabil\u0103.<\/p>\n<p>Lame ascu\u021bite \u2013 pentru t\u0103ieturi precise \u0219i eficiente.<\/p>\n<p>Design compact \u0219i u\u0219or de utilizat \u2013 perfect pentru orice buc\u0103t\u0103rie.<\/p>\n<\/p>\n<p><img loading=\"lazy\" decoding=\"async\" src=\"https:\/\/gonga.ro\/img\/cms\/Set%20razatoare%20legume,%20decozitor,%20maner,%2022-5%20x%209%20x%202%20cm,%20Gonga%C2%AE2.jpg\" alt=\"\" width=\"1000\" height=\"750\" \/><\/p>\n<\/p>\n<p><strong>Setul con\u021bine:<\/strong><\/p>\n<p>Toc\u0103tor multifunc\u021bional<\/p>\n<p>Peeler (decojitor)<\/p>\n<p>M\u00e2ner ergonomic<\/p>\n<\/p>\n<p><img loading=\"lazy\" decoding=\"async\" src=\"https:\/\/gonga.ro\/img\/cms\/Set%20razatoare%20legume,%20decozitor,%20maner,%2022-5%20x%209%20x%202%20cm,%20Gonga%C2%AE4.jpg\" alt=\"\" width=\"1000\" height=\"750\" \/><\/p>\n<\/p>\n<p><strong>Specifica\u021bii:<\/strong><\/p>\n<\/p>\n<p>&#8211; Material: plastic, o\u021bel inoxidabil<\/p>\n<p>&#8211; Dimensiuni r\u0103z\u0103toare: 22,5 cm x 9 cm x 2 cm<\/p>\n<p>&#8211; Dimensiuni decojitor: 17,5 cm x 9,5 cm x 2,5 cm<\/p>","protected":false},"excerpt":{"rendered":"<p>Culoare: Negru Set Multifunc\u021bional pentru Cur\u0103\u021bare \u0219i T\u0103iere \u2013 Practic \u0219i Eficient Simplific\u0103 preg\u0103tirea zilnic\u0103 a alimentelor cu acest set<\/p>","protected":false},"featured_media":12588,"comment_status":"open","ping_status":"open","template":"","meta":[],"product_brand":[],"product_cat":[99,107,100,130],"product_tag":[104],"class_list":{"0":"post-12586","1":"product","2":"type-product","3":"status-publish","4":"has-post-thumbnail","6":"product_cat-acasa","7":"product_cat-bucatarie-si-servire","8":"product_cat-casa-gradina","9":"product_cat-feliatoare","10":"product_tag-in-stoc","11":"pa_culoare-negru","13":"first","14":"instock","15":"sale","16":"purchasable","17":"product-type-simple"},"yoast_head":"<!-- This site is optimized with the Yoast SEO plugin v27.2 - https:\/\/yoast.com\/product\/yoast-seo-wordpress\/ -->\n<title>Set razatoare legume, decozitor, maner, 22.5 x 9 x 2 cm, Gonga\u00ae | ZOKO<\/title>\n<meta name=\"robots\" content=\"index, follow, max-snippet:-1, max-image-preview:large, max-video-preview:-1\" \/>\n<link rel=\"canonical\" href=\"https:\/\/www.zoko.ro\/en\/p\/set-razatoare-legume-decozitor-maner-22-5-x-9-x-2-cm-gonga\/\" \/>\n<meta property=\"og:locale\" content=\"en_GB\" \/>\n<meta property=\"og:type\" content=\"article\" \/>\n<meta property=\"og:title\" content=\"Set razatoare legume, decozitor, maner, 22.5 x 9 x 2 cm, Gonga\u00ae | ZOKO\" \/>\n<meta property=\"og:description\" content=\"Culoare: Negru Set Multifunc\u021bional pentru Cur\u0103\u021bare \u0219i T\u0103iere \u2013 Practic \u0219i Eficient Simplific\u0103 preg\u0103tirea zilnic\u0103 a alimentelor cu acest set\" \/>\n<meta property=\"og:url\" content=\"https:\/\/www.zoko.ro\/en\/p\/set-razatoare-legume-decozitor-maner-22-5-x-9-x-2-cm-gonga\/\" \/>\n<meta property=\"og:site_name\" content=\"ZOKO\" \/>\n<meta property=\"article:publisher\" content=\"https:\/\/www.facebook.com\/profile.php?id=61584344135075\" \/>\n<meta property=\"og:image\" content=\"https:\/\/www.zoko.ro\/wp-content\/uploads\/2025\/03\/set-razatoare-legume-decozitor-maner-225-x-9-x-2-cm-gonga.jpg\" \/>\n\t<meta property=\"og:image:width\" content=\"1000\" \/>\n\t<meta property=\"og:image:height\" content=\"1000\" \/>\n\t<meta property=\"og:image:type\" content=\"image\/jpeg\" \/>\n<meta name=\"twitter:card\" content=\"summary_large_image\" \/>\n<meta name=\"twitter:label1\" content=\"Estimated reading time\" \/>\n\t<meta name=\"twitter:data1\" content=\"1 minute\" \/>\n<script type=\"application\/ld+json\" class=\"yoast-schema-graph\">{\"@context\":\"https:\/\/schema.org\",\"@graph\":[{\"@type\":\"WebPage\",\"@id\":\"https:\/\/www.zoko.ro\/p\/set-razatoare-legume-decozitor-maner-22-5-x-9-x-2-cm-gonga\/\",\"url\":\"https:\/\/www.zoko.ro\/p\/set-razatoare-legume-decozitor-maner-22-5-x-9-x-2-cm-gonga\/\",\"name\":\"Set razatoare legume, decozitor, maner, 22.5 x 9 x 2 cm, Gonga\u00ae | ZOKO\",\"isPartOf\":{\"@id\":\"https:\/\/www.zoko.ro\/#website\"},\"primaryImageOfPage\":{\"@id\":\"https:\/\/www.zoko.ro\/p\/set-razatoare-legume-decozitor-maner-22-5-x-9-x-2-cm-gonga\/#primaryimage\"},\"image\":{\"@id\":\"https:\/\/www.zoko.ro\/p\/set-razatoare-legume-decozitor-maner-22-5-x-9-x-2-cm-gonga\/#primaryimage\"},\"thumbnailUrl\":\"https:\/\/www.zoko.ro\/wp-content\/uploads\/2025\/03\/set-razatoare-legume-decozitor-maner-225-x-9-x-2-cm-gonga.jpg\",\"datePublished\":\"2026-04-28T21:36:33+00:00\",\"breadcrumb\":{\"@id\":\"https:\/\/www.zoko.ro\/p\/set-razatoare-legume-decozitor-maner-22-5-x-9-x-2-cm-gonga\/#breadcrumb\"},\"inLanguage\":\"en-GB\",\"potentialAction\":[{\"@type\":\"ReadAction\",\"target\":[\"https:\/\/www.zoko.ro\/p\/set-razatoare-legume-decozitor-maner-22-5-x-9-x-2-cm-gonga\/\"]}]},{\"@type\":\"ImageObject\",\"inLanguage\":\"en-GB\",\"@id\":\"https:\/\/www.zoko.ro\/p\/set-razatoare-legume-decozitor-maner-22-5-x-9-x-2-cm-gonga\/#primaryimage\",\"url\":\"https:\/\/www.zoko.ro\/wp-content\/uploads\/2025\/03\/set-razatoare-legume-decozitor-maner-225-x-9-x-2-cm-gonga.jpg\",\"contentUrl\":\"https:\/\/www.zoko.ro\/wp-content\/uploads\/2025\/03\/set-razatoare-legume-decozitor-maner-225-x-9-x-2-cm-gonga.jpg\",\"width\":1000,\"height\":1000},{\"@type\":\"BreadcrumbList\",\"@id\":\"https:\/\/www.zoko.ro\/p\/set-razatoare-legume-decozitor-maner-22-5-x-9-x-2-cm-gonga\/#breadcrumb\",\"itemListElement\":[{\"@type\":\"ListItem\",\"position\":1,\"name\":\"Home\",\"item\":\"https:\/\/www.zoko.ro\/\"},{\"@type\":\"ListItem\",\"position\":2,\"name\":\"Magazin\",\"item\":\"https:\/\/www.zoko.ro\/magazin\/\"},{\"@type\":\"ListItem\",\"position\":3,\"name\":\"Set razatoare legume, decozitor, maner, 22.5 x 9 x 2 cm, Gonga\u00ae\"}]},{\"@type\":\"WebSite\",\"@id\":\"https:\/\/www.zoko.ro\/#website\",\"url\":\"https:\/\/www.zoko.ro\/\",\"name\":\"ZOKO.ro\",\"description\":\"Cump\u0103r\u0103 inteligent\",\"publisher\":{\"@id\":\"https:\/\/www.zoko.ro\/#organization\"},\"potentialAction\":[{\"@type\":\"SearchAction\",\"target\":{\"@type\":\"EntryPoint\",\"urlTemplate\":\"https:\/\/www.zoko.ro\/?s={search_term_string}\"},\"query-input\":{\"@type\":\"PropertyValueSpecification\",\"valueRequired\":true,\"valueName\":\"search_term_string\"}}],\"inLanguage\":\"en-GB\"},{\"@type\":\"Organization\",\"@id\":\"https:\/\/www.zoko.ro\/#organization\",\"name\":\"ZOKO\",\"url\":\"https:\/\/www.zoko.ro\/\",\"logo\":{\"@type\":\"ImageObject\",\"inLanguage\":\"en-GB\",\"@id\":\"https:\/\/www.zoko.ro\/#\/schema\/logo\/image\/\",\"url\":\"https:\/\/www.zoko.ro\/wp-content\/uploads\/2025\/03\/logo1.svg\",\"contentUrl\":\"https:\/\/www.zoko.ro\/wp-content\/uploads\/2025\/03\/logo1.svg\",\"width\":799,\"height\":216,\"caption\":\"ZOKO\"},\"image\":{\"@id\":\"https:\/\/www.zoko.ro\/#\/schema\/logo\/image\/\"},\"sameAs\":[\"https:\/\/www.facebook.com\/profile.php?id=61584344135075\"]}]}<\/script>\n<!-- \/ Yoast SEO plugin. -->","yoast_head_json":{"title":"Set razatoare legume, decozitor, maner, 22.5 x 9 x 2 cm, Gonga\u00ae | ZOKO","robots":{"index":"index","follow":"follow","max-snippet":"max-snippet:-1","max-image-preview":"max-image-preview:large","max-video-preview":"max-video-preview:-1"},"canonical":"https:\/\/www.zoko.ro\/en\/p\/set-razatoare-legume-decozitor-maner-22-5-x-9-x-2-cm-gonga\/","og_locale":"en_GB","og_type":"article","og_title":"Set razatoare legume, decozitor, maner, 22.5 x 9 x 2 cm, Gonga\u00ae | ZOKO","og_description":"Culoare: Negru Set Multifunc\u021bional pentru Cur\u0103\u021bare \u0219i T\u0103iere \u2013 Practic \u0219i Eficient Simplific\u0103 preg\u0103tirea zilnic\u0103 a alimentelor cu acest set","og_url":"https:\/\/www.zoko.ro\/en\/p\/set-razatoare-legume-decozitor-maner-22-5-x-9-x-2-cm-gonga\/","og_site_name":"ZOKO","article_publisher":"https:\/\/www.facebook.com\/profile.php?id=61584344135075","og_image":[{"width":1000,"height":1000,"url":"https:\/\/www.zoko.ro\/wp-content\/uploads\/2025\/03\/set-razatoare-legume-decozitor-maner-225-x-9-x-2-cm-gonga.jpg","type":"image\/jpeg"}],"twitter_card":"summary_large_image","twitter_misc":{"Estimated reading time":"1 minute"},"schema":{"@context":"https:\/\/schema.org","@graph":[{"@type":"WebPage","@id":"https:\/\/www.zoko.ro\/p\/set-razatoare-legume-decozitor-maner-22-5-x-9-x-2-cm-gonga\/","url":"https:\/\/www.zoko.ro\/p\/set-razatoare-legume-decozitor-maner-22-5-x-9-x-2-cm-gonga\/","name":"Set razatoare legume, decozitor, maner, 22.5 x 9 x 2 cm, Gonga\u00ae | ZOKO","isPartOf":{"@id":"https:\/\/www.zoko.ro\/#website"},"primaryImageOfPage":{"@id":"https:\/\/www.zoko.ro\/p\/set-razatoare-legume-decozitor-maner-22-5-x-9-x-2-cm-gonga\/#primaryimage"},"image":{"@id":"https:\/\/www.zoko.ro\/p\/set-razatoare-legume-decozitor-maner-22-5-x-9-x-2-cm-gonga\/#primaryimage"},"thumbnailUrl":"https:\/\/www.zoko.ro\/wp-content\/uploads\/2025\/03\/set-razatoare-legume-decozitor-maner-225-x-9-x-2-cm-gonga.jpg","datePublished":"2026-04-28T21:36:33+00:00","breadcrumb":{"@id":"https:\/\/www.zoko.ro\/p\/set-razatoare-legume-decozitor-maner-22-5-x-9-x-2-cm-gonga\/#breadcrumb"},"inLanguage":"en-GB","potentialAction":[{"@type":"ReadAction","target":["https:\/\/www.zoko.ro\/p\/set-razatoare-legume-decozitor-maner-22-5-x-9-x-2-cm-gonga\/"]}]},{"@type":"ImageObject","inLanguage":"en-GB","@id":"https:\/\/www.zoko.ro\/p\/set-razatoare-legume-decozitor-maner-22-5-x-9-x-2-cm-gonga\/#primaryimage","url":"https:\/\/www.zoko.ro\/wp-content\/uploads\/2025\/03\/set-razatoare-legume-decozitor-maner-225-x-9-x-2-cm-gonga.jpg","contentUrl":"https:\/\/www.zoko.ro\/wp-content\/uploads\/2025\/03\/set-razatoare-legume-decozitor-maner-225-x-9-x-2-cm-gonga.jpg","width":1000,"height":1000},{"@type":"BreadcrumbList","@id":"https:\/\/www.zoko.ro\/p\/set-razatoare-legume-decozitor-maner-22-5-x-9-x-2-cm-gonga\/#breadcrumb","itemListElement":[{"@type":"ListItem","position":1,"name":"Home","item":"https:\/\/www.zoko.ro\/"},{"@type":"ListItem","position":2,"name":"Magazin","item":"https:\/\/www.zoko.ro\/magazin\/"},{"@type":"ListItem","position":3,"name":"Set razatoare legume, decozitor, maner, 22.5 x 9 x 2 cm, Gonga\u00ae"}]},{"@type":"WebSite","@id":"https:\/\/www.zoko.ro\/#website","url":"https:\/\/www.zoko.ro\/","name":"ZOKO.ro","description":"Cump\u0103r\u0103 inteligent","publisher":{"@id":"https:\/\/www.zoko.ro\/#organization"},"potentialAction":[{"@type":"SearchAction","target":{"@type":"EntryPoint","urlTemplate":"https:\/\/www.zoko.ro\/?s={search_term_string}"},"query-input":{"@type":"PropertyValueSpecification","valueRequired":true,"valueName":"search_term_string"}}],"inLanguage":"en-GB"},{"@type":"Organization","@id":"https:\/\/www.zoko.ro\/#organization","name":"ZOKO","url":"https:\/\/www.zoko.ro\/","logo":{"@type":"ImageObject","inLanguage":"en-GB","@id":"https:\/\/www.zoko.ro\/#\/schema\/logo\/image\/","url":"https:\/\/www.zoko.ro\/wp-content\/uploads\/2025\/03\/logo1.svg","contentUrl":"https:\/\/www.zoko.ro\/wp-content\/uploads\/2025\/03\/logo1.svg","width":799,"height":216,"caption":"ZOKO"},"image":{"@id":"https:\/\/www.zoko.ro\/#\/schema\/logo\/image\/"},"sameAs":["https:\/\/www.facebook.com\/profile.php?id=61584344135075"]}]}},"_links":{"self":[{"href":"https:\/\/www.zoko.ro\/en\/wp-json\/wp\/v2\/product\/12586","targetHints":{"allow":["GET"]}}],"collection":[{"href":"https:\/\/www.zoko.ro\/en\/wp-json\/wp\/v2\/product"}],"about":[{"href":"https:\/\/www.zoko.ro\/en\/wp-json\/wp\/v2\/types\/product"}],"replies":[{"embeddable":true,"href":"https:\/\/www.zoko.ro\/en\/wp-json\/wp\/v2\/comments?post=12586"}],"version-history":[{"count":1,"href":"https:\/\/www.zoko.ro\/en\/wp-json\/wp\/v2\/product\/12586\/revisions"}],"predecessor-version":[{"id":12587,"href":"https:\/\/www.zoko.ro\/en\/wp-json\/wp\/v2\/product\/12586\/revisions\/12587"}],"wp:featuredmedia":[{"embeddable":true,"href":"https:\/\/www.zoko.ro\/en\/wp-json\/wp\/v2\/media\/12588"}],"wp:attachment":[{"href":"https:\/\/www.zoko.ro\/en\/wp-json\/wp\/v2\/media?parent=12586"}],"wp:term":[{"taxonomy":"product_brand","embeddable":true,"href":"https:\/\/www.zoko.ro\/en\/wp-json\/wp\/v2\/product_brand?post=12586"},{"taxonomy":"product_cat","embeddable":true,"href":"https:\/\/www.zoko.ro\/en\/wp-json\/wp\/v2\/product_cat?post=12586"},{"taxonomy":"product_tag","embeddable":true,"href":"https:\/\/www.zoko.ro\/en\/wp-json\/wp\/v2\/product_tag?post=12586"}],"curies":[{"name":"wp","href":"https:\/\/api.w.org\/{rel}","templated":true}]}}