{"id":12595,"date":"2026-04-28T23:36:33","date_gmt":"2026-04-28T21:36:33","guid":{"rendered":"https:\/\/www.zoko.ro\/p\/extensie-robinet-rotativa-adaptor-baterie-universal-rotatie-de-1080-functie-de-economisire-a-apei-gonga\/"},"modified":"2026-04-28T23:36:33","modified_gmt":"2026-04-28T21:36:33","slug":"extensie-robinet-rotativa-adaptor-baterie-universal-rotatie-de-1080-functie-de-economisire-a-apei-gonga","status":"publish","type":"product","link":"https:\/\/www.zoko.ro\/en\/p\/extensie-robinet-rotativa-adaptor-baterie-universal-rotatie-de-1080-functie-de-economisire-a-apei-gonga\/","title":{"rendered":"Extensie robinet rotativa, adaptor baterie, universal, rotatie de 1080 \u00b0, functie de economisire a apei, Gonga\u00ae"},"content":{"rendered":"<p><strong>Culoare:<\/strong> Argintiu<\/p>\n<p><strong>Extensie de Robinet Multifunc\u021bional\u0103 \u2013 Flexibilitate \u0219i Confort \u00een Buc\u0103t\u0103rie<\/strong><\/p>\n<p>Aceast\u0103 extensie de robinet este un accesoriu practic, compatibil cu majoritatea robinetelor, ideal pentru sp\u0103larea vaselor, cur\u0103\u021barea chiuvetei sau cl\u0103tirea fructelor \u0219i legumelor. De asemenea, faciliteaz\u0103 umplerea vaselor \u00eenalte, precum vaze sau g\u0103le\u021bi.<\/p>\n<\/p>\n<p><img loading=\"lazy\" decoding=\"async\" src=\"https:\/\/gonga.ro\/img\/cms\/Extensie%20robinet%20rotativa,%20adaptor%20baterie,%20universal,%20rotatie%20de%201080%20%C2%B0,%20functie%20de%20economisire%20a%20apei,%20Gonga%C2%AE2.jpg\" alt=\"\" width=\"1000\" height=\"750\" \/><\/p>\n<\/p>\n<p><strong>Caracteristici principale:<\/strong><\/p>\n<p>Rotire la 1080\u00b0 \u2013 permite ajustarea flexibil\u0103 \u00een orice unghi, oferind confort maxim.<\/p>\n<p>Dou\u0103 moduri de pulverizare \u2013 flux continuu sau difuz, adaptabil pentru diferite utiliz\u0103ri.<\/p>\n<p>Design pliabil \u2013 poate fi \u00eendoit cu u\u0219urin\u021b\u0103 pentru a economisi spa\u021biu.<\/p>\n<p>Montaj simplu \u2013 instalare rapid\u0103 \u0219i compatibilitate cu majoritatea robinetelor.<\/p>\n<\/p>\n<p><img loading=\"lazy\" decoding=\"async\" src=\"https:\/\/gonga.ro\/img\/cms\/Extensie%20robinet%20rotativa,%20adaptor%20baterie,%20universal,%20rotatie%20de%201080%20%C2%B0,%20functie%20de%20economisire%20a%20apei,%20Gonga%C2%AE6.jpg\" alt=\"\" width=\"1000\" height=\"750\" \/><\/p>\n<\/p>\n<p><strong>Specifica\u021bii:<\/strong><\/p>\n<\/p>\n<p>&#8211; Lungime extensie: 9,5 cm<\/p>\n<p>&#8211; Material: plastic \u0219i aliaj<\/p>\n<p>&#8211; Bra\u021b mobil pentru ajustare u\u0219oar\u0103<\/p>","protected":false},"excerpt":{"rendered":"<p>Culoare: Argintiu Extensie de Robinet Multifunc\u021bional\u0103 \u2013 Flexibilitate \u0219i Confort \u00een Buc\u0103t\u0103rie Aceast\u0103 extensie de robinet este un accesoriu practic,<\/p>","protected":false},"featured_media":12597,"comment_status":"open","ping_status":"open","template":"","meta":[],"product_brand":[],"product_cat":[99,101,100],"product_tag":[104],"class_list":{"0":"post-12595","1":"product","2":"type-product","3":"status-publish","4":"has-post-thumbnail","6":"product_cat-acasa","7":"product_cat-accesorii-baie","8":"product_cat-casa-gradina","9":"product_tag-in-stoc","10":"pa_culoare-argintiu","12":"first","13":"instock","14":"sale","15":"purchasable","16":"product-type-simple"},"yoast_head":"<!-- This site is optimized with the Yoast SEO plugin v27.2 - https:\/\/yoast.com\/product\/yoast-seo-wordpress\/ -->\n<title>Extensie robinet rotativa, adaptor baterie, universal, rotatie de 1080 \u00b0, functie de economisire a apei, Gonga\u00ae | ZOKO<\/title>\n<meta name=\"robots\" content=\"index, follow, max-snippet:-1, max-image-preview:large, max-video-preview:-1\" \/>\n<link rel=\"canonical\" href=\"https:\/\/www.zoko.ro\/en\/p\/extensie-robinet-rotativa-adaptor-baterie-universal-rotatie-de-1080-functie-de-economisire-a-apei-gonga\/\" \/>\n<meta property=\"og:locale\" content=\"en_GB\" \/>\n<meta property=\"og:type\" content=\"article\" \/>\n<meta property=\"og:title\" content=\"Extensie robinet rotativa, adaptor baterie, universal, rotatie de 1080 \u00b0, functie de economisire a apei, Gonga\u00ae | ZOKO\" \/>\n<meta property=\"og:description\" content=\"Culoare: Argintiu Extensie de Robinet Multifunc\u021bional\u0103 \u2013 Flexibilitate \u0219i Confort \u00een Buc\u0103t\u0103rie Aceast\u0103 extensie de robinet este un accesoriu practic,\" \/>\n<meta property=\"og:url\" content=\"https:\/\/www.zoko.ro\/en\/p\/extensie-robinet-rotativa-adaptor-baterie-universal-rotatie-de-1080-functie-de-economisire-a-apei-gonga\/\" \/>\n<meta property=\"og:site_name\" content=\"ZOKO\" \/>\n<meta property=\"article:publisher\" content=\"https:\/\/www.facebook.com\/profile.php?id=61584344135075\" \/>\n<meta property=\"og:image\" content=\"https:\/\/www.zoko.ro\/wp-content\/uploads\/2025\/03\/extensie-robinet-rotativa-adaptor-baterie-universal-rotatie-de-180-functie-de-economisire-a-apei-gonga.jpg\" \/>\n\t<meta property=\"og:image:width\" content=\"1000\" \/>\n\t<meta property=\"og:image:height\" content=\"750\" \/>\n\t<meta property=\"og:image:type\" content=\"image\/jpeg\" \/>\n<meta name=\"twitter:card\" content=\"summary_large_image\" \/>\n<meta name=\"twitter:label1\" content=\"Estimated reading time\" \/>\n\t<meta name=\"twitter:data1\" content=\"1 minute\" \/>\n<script type=\"application\/ld+json\" class=\"yoast-schema-graph\">{\"@context\":\"https:\/\/schema.org\",\"@graph\":[{\"@type\":\"WebPage\",\"@id\":\"https:\/\/www.zoko.ro\/p\/extensie-robinet-rotativa-adaptor-baterie-universal-rotatie-de-1080-functie-de-economisire-a-apei-gonga\/\",\"url\":\"https:\/\/www.zoko.ro\/p\/extensie-robinet-rotativa-adaptor-baterie-universal-rotatie-de-1080-functie-de-economisire-a-apei-gonga\/\",\"name\":\"Extensie robinet rotativa, adaptor baterie, universal, rotatie de 1080 \u00b0, functie de economisire a apei, Gonga\u00ae | ZOKO\",\"isPartOf\":{\"@id\":\"https:\/\/www.zoko.ro\/#website\"},\"primaryImageOfPage\":{\"@id\":\"https:\/\/www.zoko.ro\/p\/extensie-robinet-rotativa-adaptor-baterie-universal-rotatie-de-1080-functie-de-economisire-a-apei-gonga\/#primaryimage\"},\"image\":{\"@id\":\"https:\/\/www.zoko.ro\/p\/extensie-robinet-rotativa-adaptor-baterie-universal-rotatie-de-1080-functie-de-economisire-a-apei-gonga\/#primaryimage\"},\"thumbnailUrl\":\"https:\/\/www.zoko.ro\/wp-content\/uploads\/2025\/03\/extensie-robinet-rotativa-adaptor-baterie-universal-rotatie-de-180-functie-de-economisire-a-apei-gonga.jpg\",\"datePublished\":\"2026-04-28T21:36:33+00:00\",\"breadcrumb\":{\"@id\":\"https:\/\/www.zoko.ro\/p\/extensie-robinet-rotativa-adaptor-baterie-universal-rotatie-de-1080-functie-de-economisire-a-apei-gonga\/#breadcrumb\"},\"inLanguage\":\"en-GB\",\"potentialAction\":[{\"@type\":\"ReadAction\",\"target\":[\"https:\/\/www.zoko.ro\/p\/extensie-robinet-rotativa-adaptor-baterie-universal-rotatie-de-1080-functie-de-economisire-a-apei-gonga\/\"]}]},{\"@type\":\"ImageObject\",\"inLanguage\":\"en-GB\",\"@id\":\"https:\/\/www.zoko.ro\/p\/extensie-robinet-rotativa-adaptor-baterie-universal-rotatie-de-1080-functie-de-economisire-a-apei-gonga\/#primaryimage\",\"url\":\"https:\/\/www.zoko.ro\/wp-content\/uploads\/2025\/03\/extensie-robinet-rotativa-adaptor-baterie-universal-rotatie-de-180-functie-de-economisire-a-apei-gonga.jpg\",\"contentUrl\":\"https:\/\/www.zoko.ro\/wp-content\/uploads\/2025\/03\/extensie-robinet-rotativa-adaptor-baterie-universal-rotatie-de-180-functie-de-economisire-a-apei-gonga.jpg\",\"width\":1000,\"height\":750},{\"@type\":\"BreadcrumbList\",\"@id\":\"https:\/\/www.zoko.ro\/p\/extensie-robinet-rotativa-adaptor-baterie-universal-rotatie-de-1080-functie-de-economisire-a-apei-gonga\/#breadcrumb\",\"itemListElement\":[{\"@type\":\"ListItem\",\"position\":1,\"name\":\"Home\",\"item\":\"https:\/\/www.zoko.ro\/\"},{\"@type\":\"ListItem\",\"position\":2,\"name\":\"Magazin\",\"item\":\"https:\/\/www.zoko.ro\/magazin\/\"},{\"@type\":\"ListItem\",\"position\":3,\"name\":\"Extensie robinet rotativa, adaptor baterie, universal, rotatie de 1080 \u00b0, functie de economisire a apei, Gonga\u00ae\"}]},{\"@type\":\"WebSite\",\"@id\":\"https:\/\/www.zoko.ro\/#website\",\"url\":\"https:\/\/www.zoko.ro\/\",\"name\":\"ZOKO.ro\",\"description\":\"Cump\u0103r\u0103 inteligent\",\"publisher\":{\"@id\":\"https:\/\/www.zoko.ro\/#organization\"},\"potentialAction\":[{\"@type\":\"SearchAction\",\"target\":{\"@type\":\"EntryPoint\",\"urlTemplate\":\"https:\/\/www.zoko.ro\/?s={search_term_string}\"},\"query-input\":{\"@type\":\"PropertyValueSpecification\",\"valueRequired\":true,\"valueName\":\"search_term_string\"}}],\"inLanguage\":\"en-GB\"},{\"@type\":\"Organization\",\"@id\":\"https:\/\/www.zoko.ro\/#organization\",\"name\":\"ZOKO\",\"url\":\"https:\/\/www.zoko.ro\/\",\"logo\":{\"@type\":\"ImageObject\",\"inLanguage\":\"en-GB\",\"@id\":\"https:\/\/www.zoko.ro\/#\/schema\/logo\/image\/\",\"url\":\"https:\/\/www.zoko.ro\/wp-content\/uploads\/2025\/03\/logo1.svg\",\"contentUrl\":\"https:\/\/www.zoko.ro\/wp-content\/uploads\/2025\/03\/logo1.svg\",\"width\":799,\"height\":216,\"caption\":\"ZOKO\"},\"image\":{\"@id\":\"https:\/\/www.zoko.ro\/#\/schema\/logo\/image\/\"},\"sameAs\":[\"https:\/\/www.facebook.com\/profile.php?id=61584344135075\"]}]}<\/script>\n<!-- \/ Yoast SEO plugin. -->","yoast_head_json":{"title":"Extensie robinet rotativa, adaptor baterie, universal, rotatie de 1080 \u00b0, functie de economisire a apei, Gonga\u00ae | ZOKO","robots":{"index":"index","follow":"follow","max-snippet":"max-snippet:-1","max-image-preview":"max-image-preview:large","max-video-preview":"max-video-preview:-1"},"canonical":"https:\/\/www.zoko.ro\/en\/p\/extensie-robinet-rotativa-adaptor-baterie-universal-rotatie-de-1080-functie-de-economisire-a-apei-gonga\/","og_locale":"en_GB","og_type":"article","og_title":"Extensie robinet rotativa, adaptor baterie, universal, rotatie de 1080 \u00b0, functie de economisire a apei, Gonga\u00ae | ZOKO","og_description":"Culoare: Argintiu Extensie de Robinet Multifunc\u021bional\u0103 \u2013 Flexibilitate \u0219i Confort \u00een Buc\u0103t\u0103rie Aceast\u0103 extensie de robinet este un accesoriu practic,","og_url":"https:\/\/www.zoko.ro\/en\/p\/extensie-robinet-rotativa-adaptor-baterie-universal-rotatie-de-1080-functie-de-economisire-a-apei-gonga\/","og_site_name":"ZOKO","article_publisher":"https:\/\/www.facebook.com\/profile.php?id=61584344135075","og_image":[{"width":1000,"height":750,"url":"https:\/\/www.zoko.ro\/wp-content\/uploads\/2025\/03\/extensie-robinet-rotativa-adaptor-baterie-universal-rotatie-de-180-functie-de-economisire-a-apei-gonga.jpg","type":"image\/jpeg"}],"twitter_card":"summary_large_image","twitter_misc":{"Estimated reading time":"1 minute"},"schema":{"@context":"https:\/\/schema.org","@graph":[{"@type":"WebPage","@id":"https:\/\/www.zoko.ro\/p\/extensie-robinet-rotativa-adaptor-baterie-universal-rotatie-de-1080-functie-de-economisire-a-apei-gonga\/","url":"https:\/\/www.zoko.ro\/p\/extensie-robinet-rotativa-adaptor-baterie-universal-rotatie-de-1080-functie-de-economisire-a-apei-gonga\/","name":"Extensie robinet rotativa, adaptor baterie, universal, rotatie de 1080 \u00b0, functie de economisire a apei, Gonga\u00ae | ZOKO","isPartOf":{"@id":"https:\/\/www.zoko.ro\/#website"},"primaryImageOfPage":{"@id":"https:\/\/www.zoko.ro\/p\/extensie-robinet-rotativa-adaptor-baterie-universal-rotatie-de-1080-functie-de-economisire-a-apei-gonga\/#primaryimage"},"image":{"@id":"https:\/\/www.zoko.ro\/p\/extensie-robinet-rotativa-adaptor-baterie-universal-rotatie-de-1080-functie-de-economisire-a-apei-gonga\/#primaryimage"},"thumbnailUrl":"https:\/\/www.zoko.ro\/wp-content\/uploads\/2025\/03\/extensie-robinet-rotativa-adaptor-baterie-universal-rotatie-de-180-functie-de-economisire-a-apei-gonga.jpg","datePublished":"2026-04-28T21:36:33+00:00","breadcrumb":{"@id":"https:\/\/www.zoko.ro\/p\/extensie-robinet-rotativa-adaptor-baterie-universal-rotatie-de-1080-functie-de-economisire-a-apei-gonga\/#breadcrumb"},"inLanguage":"en-GB","potentialAction":[{"@type":"ReadAction","target":["https:\/\/www.zoko.ro\/p\/extensie-robinet-rotativa-adaptor-baterie-universal-rotatie-de-1080-functie-de-economisire-a-apei-gonga\/"]}]},{"@type":"ImageObject","inLanguage":"en-GB","@id":"https:\/\/www.zoko.ro\/p\/extensie-robinet-rotativa-adaptor-baterie-universal-rotatie-de-1080-functie-de-economisire-a-apei-gonga\/#primaryimage","url":"https:\/\/www.zoko.ro\/wp-content\/uploads\/2025\/03\/extensie-robinet-rotativa-adaptor-baterie-universal-rotatie-de-180-functie-de-economisire-a-apei-gonga.jpg","contentUrl":"https:\/\/www.zoko.ro\/wp-content\/uploads\/2025\/03\/extensie-robinet-rotativa-adaptor-baterie-universal-rotatie-de-180-functie-de-economisire-a-apei-gonga.jpg","width":1000,"height":750},{"@type":"BreadcrumbList","@id":"https:\/\/www.zoko.ro\/p\/extensie-robinet-rotativa-adaptor-baterie-universal-rotatie-de-1080-functie-de-economisire-a-apei-gonga\/#breadcrumb","itemListElement":[{"@type":"ListItem","position":1,"name":"Home","item":"https:\/\/www.zoko.ro\/"},{"@type":"ListItem","position":2,"name":"Magazin","item":"https:\/\/www.zoko.ro\/magazin\/"},{"@type":"ListItem","position":3,"name":"Extensie robinet rotativa, adaptor baterie, universal, rotatie de 1080 \u00b0, functie de economisire a apei, Gonga\u00ae"}]},{"@type":"WebSite","@id":"https:\/\/www.zoko.ro\/#website","url":"https:\/\/www.zoko.ro\/","name":"ZOKO.ro","description":"Cump\u0103r\u0103 inteligent","publisher":{"@id":"https:\/\/www.zoko.ro\/#organization"},"potentialAction":[{"@type":"SearchAction","target":{"@type":"EntryPoint","urlTemplate":"https:\/\/www.zoko.ro\/?s={search_term_string}"},"query-input":{"@type":"PropertyValueSpecification","valueRequired":true,"valueName":"search_term_string"}}],"inLanguage":"en-GB"},{"@type":"Organization","@id":"https:\/\/www.zoko.ro\/#organization","name":"ZOKO","url":"https:\/\/www.zoko.ro\/","logo":{"@type":"ImageObject","inLanguage":"en-GB","@id":"https:\/\/www.zoko.ro\/#\/schema\/logo\/image\/","url":"https:\/\/www.zoko.ro\/wp-content\/uploads\/2025\/03\/logo1.svg","contentUrl":"https:\/\/www.zoko.ro\/wp-content\/uploads\/2025\/03\/logo1.svg","width":799,"height":216,"caption":"ZOKO"},"image":{"@id":"https:\/\/www.zoko.ro\/#\/schema\/logo\/image\/"},"sameAs":["https:\/\/www.facebook.com\/profile.php?id=61584344135075"]}]}},"_links":{"self":[{"href":"https:\/\/www.zoko.ro\/en\/wp-json\/wp\/v2\/product\/12595","targetHints":{"allow":["GET"]}}],"collection":[{"href":"https:\/\/www.zoko.ro\/en\/wp-json\/wp\/v2\/product"}],"about":[{"href":"https:\/\/www.zoko.ro\/en\/wp-json\/wp\/v2\/types\/product"}],"replies":[{"embeddable":true,"href":"https:\/\/www.zoko.ro\/en\/wp-json\/wp\/v2\/comments?post=12595"}],"version-history":[{"count":1,"href":"https:\/\/www.zoko.ro\/en\/wp-json\/wp\/v2\/product\/12595\/revisions"}],"predecessor-version":[{"id":12596,"href":"https:\/\/www.zoko.ro\/en\/wp-json\/wp\/v2\/product\/12595\/revisions\/12596"}],"wp:featuredmedia":[{"embeddable":true,"href":"https:\/\/www.zoko.ro\/en\/wp-json\/wp\/v2\/media\/12597"}],"wp:attachment":[{"href":"https:\/\/www.zoko.ro\/en\/wp-json\/wp\/v2\/media?parent=12595"}],"wp:term":[{"taxonomy":"product_brand","embeddable":true,"href":"https:\/\/www.zoko.ro\/en\/wp-json\/wp\/v2\/product_brand?post=12595"},{"taxonomy":"product_cat","embeddable":true,"href":"https:\/\/www.zoko.ro\/en\/wp-json\/wp\/v2\/product_cat?post=12595"},{"taxonomy":"product_tag","embeddable":true,"href":"https:\/\/www.zoko.ro\/en\/wp-json\/wp\/v2\/product_tag?post=12595"}],"curies":[{"name":"wp","href":"https:\/\/api.w.org\/{rel}","templated":true}]}}