{"id":12608,"date":"2026-04-28T23:36:33","date_gmt":"2026-04-28T21:36:33","guid":{"rendered":"https:\/\/www.zoko.ro\/p\/set-2-linguri-de-masurare-pentru-bucatarie-reglabile-cu-gradatie-plastic-gonga\/"},"modified":"2026-04-28T23:36:33","modified_gmt":"2026-04-28T21:36:33","slug":"set-2-linguri-de-masurare-pentru-bucatarie-reglabile-cu-gradatie-plastic-gonga","status":"publish","type":"product","link":"https:\/\/www.zoko.ro\/en\/p\/set-2-linguri-de-masurare-pentru-bucatarie-reglabile-cu-gradatie-plastic-gonga\/","title":{"rendered":"Set 2 linguri de masurare pentru bucatarie, reglabile, cu gradatie, plastic, Gonga\u00ae"},"content":{"rendered":"<p><strong>Culoare:<\/strong> Albastru<\/p>\n<p><strong>Set 2 Linguri de M\u0103sur\u0103 Reglabile \u2013 Precizie \u00een Buc\u0103t\u0103ria Ta<\/strong><\/p>\n<p>Acest set de linguri de m\u0103sur\u0103 este ideal pentru dozarea ingredientelor lichide sau uscate, precum praful de copt, bicarbonatul de sodiu, laptele sau uleiul. Indispensabil \u00een orice buc\u0103t\u0103rie, acest accesoriu te ajut\u0103 s\u0103 ob\u021bii m\u0103sur\u0103tori exacte pentru re\u021betele tale preferate.<\/p>\n<\/p>\n<p><img loading=\"lazy\" decoding=\"async\" src=\"https:\/\/gonga.ro\/img\/cms\/Set%202%20linguri%20de%20masurare%20pentru%20bucatarie,%20reglabile,%20cu%20gradatie,%20plastic,%20Gonga%C2%AE8.jpg\" alt=\"\" width=\"1000\" height=\"750\" \/><\/p>\n<\/p>\n<p><strong>Caracteristici principale:<\/strong><\/p>\n<p>Set complet \u2013 include dou\u0103 linguri de m\u0103sur\u0103, una mic\u0103 \u0219i una mare.<\/p>\n<p>Capacitate reglabil\u0103 \u2013<\/p>\n<p>Lingura mic\u0103: 5 ml &#8211; 30 ml (1\/2 &#8211; 3 linguri\u021be, 1 &#8211; 2 linguri).<\/p>\n<p>Lingura mare: 30 ml &#8211; 130 ml (2 &#8211; 9 linguri\u021be, 1\/8 &#8211; 1\/2 pahar).<\/p>\n<p>Design ergonomic \u2013 u\u0219or de utilizat \u0219i cur\u0103\u021bat datorit\u0103 sistemului de m\u0103surare deta\u0219abil.<\/p>\n<p>Depozitare practic\u0103 \u2013 poate fi ag\u0103\u021bat\u0103 pe perete datorit\u0103 orificiului din m\u00e2ner.<\/p>\n<\/p>\n<p><img loading=\"lazy\" decoding=\"async\" src=\"https:\/\/gonga.ro\/img\/cms\/Set%202%20linguri%20de%20masurare%20pentru%20bucatarie,%20reglabile,%20cu%20gradatie,%20plastic,%20Gonga%C2%AE2.jpg\" alt=\"\" width=\"1000\" height=\"750\" \/><\/p>\n<\/p>\n<p><strong>Specifica\u021bii:<\/strong><\/p>\n<\/p>\n<p>&#8211; Material: plastic de \u00eenalt\u0103 calitate<\/p>\n<p>&#8211; Dimensiuni lingur\u0103 mic\u0103: 16 cm x 3,5 cm<\/p>\n<p>&#8211; Dimensiuni lingur\u0103 mare: 18 cm x 5,5 cm<\/p>\n<p>&#8211; Culoare: albastru<\/p>\n<p>&#8211; Num\u0103r de piese: 2<\/p>","protected":false},"excerpt":{"rendered":"<p>Culoare: Albastru Set 2 Linguri de M\u0103sur\u0103 Reglabile \u2013 Precizie \u00een Buc\u0103t\u0103ria Ta Acest set de linguri de m\u0103sur\u0103 este<\/p>","protected":false},"featured_media":12610,"comment_status":"open","ping_status":"open","template":"","meta":[],"product_brand":[],"product_cat":[99,107,100,131],"product_tag":[104],"class_list":{"0":"post-12608","1":"product","2":"type-product","3":"status-publish","4":"has-post-thumbnail","6":"product_cat-acasa","7":"product_cat-bucatarie-si-servire","8":"product_cat-casa-gradina","9":"product_cat-ustensile-gatit","10":"product_tag-in-stoc","11":"pa_culoare-albastru","13":"first","14":"instock","15":"sale","16":"purchasable","17":"product-type-simple"},"yoast_head":"<!-- This site is optimized with the Yoast SEO plugin v27.2 - https:\/\/yoast.com\/product\/yoast-seo-wordpress\/ -->\n<title>Set 2 linguri de masurare pentru bucatarie, reglabile, cu gradatie, plastic, Gonga\u00ae | ZOKO<\/title>\n<meta name=\"robots\" content=\"index, follow, max-snippet:-1, max-image-preview:large, max-video-preview:-1\" \/>\n<link rel=\"canonical\" href=\"https:\/\/www.zoko.ro\/en\/p\/set-2-linguri-de-masurare-pentru-bucatarie-reglabile-cu-gradatie-plastic-gonga\/\" \/>\n<meta property=\"og:locale\" content=\"en_GB\" \/>\n<meta property=\"og:type\" content=\"article\" \/>\n<meta property=\"og:title\" content=\"Set 2 linguri de masurare pentru bucatarie, reglabile, cu gradatie, plastic, Gonga\u00ae | ZOKO\" \/>\n<meta property=\"og:description\" content=\"Culoare: Albastru Set 2 Linguri de M\u0103sur\u0103 Reglabile \u2013 Precizie \u00een Buc\u0103t\u0103ria Ta Acest set de linguri de m\u0103sur\u0103 este\" \/>\n<meta property=\"og:url\" content=\"https:\/\/www.zoko.ro\/en\/p\/set-2-linguri-de-masurare-pentru-bucatarie-reglabile-cu-gradatie-plastic-gonga\/\" \/>\n<meta property=\"og:site_name\" content=\"ZOKO\" \/>\n<meta property=\"article:publisher\" content=\"https:\/\/www.facebook.com\/profile.php?id=61584344135075\" \/>\n<meta property=\"og:image\" content=\"https:\/\/www.zoko.ro\/wp-content\/uploads\/2025\/03\/set-2-linguri-de-masurare-pentru-bucatarie-reglabile-cu-gradatie-plastic-gonga.jpg\" \/>\n\t<meta property=\"og:image:width\" content=\"1000\" \/>\n\t<meta property=\"og:image:height\" content=\"750\" \/>\n\t<meta property=\"og:image:type\" content=\"image\/jpeg\" \/>\n<meta name=\"twitter:card\" content=\"summary_large_image\" \/>\n<meta name=\"twitter:label1\" content=\"Estimated reading time\" \/>\n\t<meta name=\"twitter:data1\" content=\"1 minute\" \/>\n<script type=\"application\/ld+json\" class=\"yoast-schema-graph\">{\"@context\":\"https:\/\/schema.org\",\"@graph\":[{\"@type\":\"WebPage\",\"@id\":\"https:\/\/www.zoko.ro\/p\/set-2-linguri-de-masurare-pentru-bucatarie-reglabile-cu-gradatie-plastic-gonga\/\",\"url\":\"https:\/\/www.zoko.ro\/p\/set-2-linguri-de-masurare-pentru-bucatarie-reglabile-cu-gradatie-plastic-gonga\/\",\"name\":\"Set 2 linguri de masurare pentru bucatarie, reglabile, cu gradatie, plastic, Gonga\u00ae | ZOKO\",\"isPartOf\":{\"@id\":\"https:\/\/www.zoko.ro\/#website\"},\"primaryImageOfPage\":{\"@id\":\"https:\/\/www.zoko.ro\/p\/set-2-linguri-de-masurare-pentru-bucatarie-reglabile-cu-gradatie-plastic-gonga\/#primaryimage\"},\"image\":{\"@id\":\"https:\/\/www.zoko.ro\/p\/set-2-linguri-de-masurare-pentru-bucatarie-reglabile-cu-gradatie-plastic-gonga\/#primaryimage\"},\"thumbnailUrl\":\"https:\/\/www.zoko.ro\/wp-content\/uploads\/2025\/03\/set-2-linguri-de-masurare-pentru-bucatarie-reglabile-cu-gradatie-plastic-gonga.jpg\",\"datePublished\":\"2026-04-28T21:36:33+00:00\",\"breadcrumb\":{\"@id\":\"https:\/\/www.zoko.ro\/p\/set-2-linguri-de-masurare-pentru-bucatarie-reglabile-cu-gradatie-plastic-gonga\/#breadcrumb\"},\"inLanguage\":\"en-GB\",\"potentialAction\":[{\"@type\":\"ReadAction\",\"target\":[\"https:\/\/www.zoko.ro\/p\/set-2-linguri-de-masurare-pentru-bucatarie-reglabile-cu-gradatie-plastic-gonga\/\"]}]},{\"@type\":\"ImageObject\",\"inLanguage\":\"en-GB\",\"@id\":\"https:\/\/www.zoko.ro\/p\/set-2-linguri-de-masurare-pentru-bucatarie-reglabile-cu-gradatie-plastic-gonga\/#primaryimage\",\"url\":\"https:\/\/www.zoko.ro\/wp-content\/uploads\/2025\/03\/set-2-linguri-de-masurare-pentru-bucatarie-reglabile-cu-gradatie-plastic-gonga.jpg\",\"contentUrl\":\"https:\/\/www.zoko.ro\/wp-content\/uploads\/2025\/03\/set-2-linguri-de-masurare-pentru-bucatarie-reglabile-cu-gradatie-plastic-gonga.jpg\",\"width\":1000,\"height\":750},{\"@type\":\"BreadcrumbList\",\"@id\":\"https:\/\/www.zoko.ro\/p\/set-2-linguri-de-masurare-pentru-bucatarie-reglabile-cu-gradatie-plastic-gonga\/#breadcrumb\",\"itemListElement\":[{\"@type\":\"ListItem\",\"position\":1,\"name\":\"Home\",\"item\":\"https:\/\/www.zoko.ro\/\"},{\"@type\":\"ListItem\",\"position\":2,\"name\":\"Magazin\",\"item\":\"https:\/\/www.zoko.ro\/magazin\/\"},{\"@type\":\"ListItem\",\"position\":3,\"name\":\"Set 2 linguri de masurare pentru bucatarie, reglabile, cu gradatie, plastic, Gonga\u00ae\"}]},{\"@type\":\"WebSite\",\"@id\":\"https:\/\/www.zoko.ro\/#website\",\"url\":\"https:\/\/www.zoko.ro\/\",\"name\":\"ZOKO.ro\",\"description\":\"Cump\u0103r\u0103 inteligent\",\"publisher\":{\"@id\":\"https:\/\/www.zoko.ro\/#organization\"},\"potentialAction\":[{\"@type\":\"SearchAction\",\"target\":{\"@type\":\"EntryPoint\",\"urlTemplate\":\"https:\/\/www.zoko.ro\/?s={search_term_string}\"},\"query-input\":{\"@type\":\"PropertyValueSpecification\",\"valueRequired\":true,\"valueName\":\"search_term_string\"}}],\"inLanguage\":\"en-GB\"},{\"@type\":\"Organization\",\"@id\":\"https:\/\/www.zoko.ro\/#organization\",\"name\":\"ZOKO\",\"url\":\"https:\/\/www.zoko.ro\/\",\"logo\":{\"@type\":\"ImageObject\",\"inLanguage\":\"en-GB\",\"@id\":\"https:\/\/www.zoko.ro\/#\/schema\/logo\/image\/\",\"url\":\"https:\/\/www.zoko.ro\/wp-content\/uploads\/2025\/03\/logo1.svg\",\"contentUrl\":\"https:\/\/www.zoko.ro\/wp-content\/uploads\/2025\/03\/logo1.svg\",\"width\":799,\"height\":216,\"caption\":\"ZOKO\"},\"image\":{\"@id\":\"https:\/\/www.zoko.ro\/#\/schema\/logo\/image\/\"},\"sameAs\":[\"https:\/\/www.facebook.com\/profile.php?id=61584344135075\"]}]}<\/script>\n<!-- \/ Yoast SEO plugin. -->","yoast_head_json":{"title":"Set 2 linguri de masurare pentru bucatarie, reglabile, cu gradatie, plastic, Gonga\u00ae | ZOKO","robots":{"index":"index","follow":"follow","max-snippet":"max-snippet:-1","max-image-preview":"max-image-preview:large","max-video-preview":"max-video-preview:-1"},"canonical":"https:\/\/www.zoko.ro\/en\/p\/set-2-linguri-de-masurare-pentru-bucatarie-reglabile-cu-gradatie-plastic-gonga\/","og_locale":"en_GB","og_type":"article","og_title":"Set 2 linguri de masurare pentru bucatarie, reglabile, cu gradatie, plastic, Gonga\u00ae | ZOKO","og_description":"Culoare: Albastru Set 2 Linguri de M\u0103sur\u0103 Reglabile \u2013 Precizie \u00een Buc\u0103t\u0103ria Ta Acest set de linguri de m\u0103sur\u0103 este","og_url":"https:\/\/www.zoko.ro\/en\/p\/set-2-linguri-de-masurare-pentru-bucatarie-reglabile-cu-gradatie-plastic-gonga\/","og_site_name":"ZOKO","article_publisher":"https:\/\/www.facebook.com\/profile.php?id=61584344135075","og_image":[{"width":1000,"height":750,"url":"https:\/\/www.zoko.ro\/wp-content\/uploads\/2025\/03\/set-2-linguri-de-masurare-pentru-bucatarie-reglabile-cu-gradatie-plastic-gonga.jpg","type":"image\/jpeg"}],"twitter_card":"summary_large_image","twitter_misc":{"Estimated reading time":"1 minute"},"schema":{"@context":"https:\/\/schema.org","@graph":[{"@type":"WebPage","@id":"https:\/\/www.zoko.ro\/p\/set-2-linguri-de-masurare-pentru-bucatarie-reglabile-cu-gradatie-plastic-gonga\/","url":"https:\/\/www.zoko.ro\/p\/set-2-linguri-de-masurare-pentru-bucatarie-reglabile-cu-gradatie-plastic-gonga\/","name":"Set 2 linguri de masurare pentru bucatarie, reglabile, cu gradatie, plastic, Gonga\u00ae | ZOKO","isPartOf":{"@id":"https:\/\/www.zoko.ro\/#website"},"primaryImageOfPage":{"@id":"https:\/\/www.zoko.ro\/p\/set-2-linguri-de-masurare-pentru-bucatarie-reglabile-cu-gradatie-plastic-gonga\/#primaryimage"},"image":{"@id":"https:\/\/www.zoko.ro\/p\/set-2-linguri-de-masurare-pentru-bucatarie-reglabile-cu-gradatie-plastic-gonga\/#primaryimage"},"thumbnailUrl":"https:\/\/www.zoko.ro\/wp-content\/uploads\/2025\/03\/set-2-linguri-de-masurare-pentru-bucatarie-reglabile-cu-gradatie-plastic-gonga.jpg","datePublished":"2026-04-28T21:36:33+00:00","breadcrumb":{"@id":"https:\/\/www.zoko.ro\/p\/set-2-linguri-de-masurare-pentru-bucatarie-reglabile-cu-gradatie-plastic-gonga\/#breadcrumb"},"inLanguage":"en-GB","potentialAction":[{"@type":"ReadAction","target":["https:\/\/www.zoko.ro\/p\/set-2-linguri-de-masurare-pentru-bucatarie-reglabile-cu-gradatie-plastic-gonga\/"]}]},{"@type":"ImageObject","inLanguage":"en-GB","@id":"https:\/\/www.zoko.ro\/p\/set-2-linguri-de-masurare-pentru-bucatarie-reglabile-cu-gradatie-plastic-gonga\/#primaryimage","url":"https:\/\/www.zoko.ro\/wp-content\/uploads\/2025\/03\/set-2-linguri-de-masurare-pentru-bucatarie-reglabile-cu-gradatie-plastic-gonga.jpg","contentUrl":"https:\/\/www.zoko.ro\/wp-content\/uploads\/2025\/03\/set-2-linguri-de-masurare-pentru-bucatarie-reglabile-cu-gradatie-plastic-gonga.jpg","width":1000,"height":750},{"@type":"BreadcrumbList","@id":"https:\/\/www.zoko.ro\/p\/set-2-linguri-de-masurare-pentru-bucatarie-reglabile-cu-gradatie-plastic-gonga\/#breadcrumb","itemListElement":[{"@type":"ListItem","position":1,"name":"Home","item":"https:\/\/www.zoko.ro\/"},{"@type":"ListItem","position":2,"name":"Magazin","item":"https:\/\/www.zoko.ro\/magazin\/"},{"@type":"ListItem","position":3,"name":"Set 2 linguri de masurare pentru bucatarie, reglabile, cu gradatie, plastic, Gonga\u00ae"}]},{"@type":"WebSite","@id":"https:\/\/www.zoko.ro\/#website","url":"https:\/\/www.zoko.ro\/","name":"ZOKO.ro","description":"Cump\u0103r\u0103 inteligent","publisher":{"@id":"https:\/\/www.zoko.ro\/#organization"},"potentialAction":[{"@type":"SearchAction","target":{"@type":"EntryPoint","urlTemplate":"https:\/\/www.zoko.ro\/?s={search_term_string}"},"query-input":{"@type":"PropertyValueSpecification","valueRequired":true,"valueName":"search_term_string"}}],"inLanguage":"en-GB"},{"@type":"Organization","@id":"https:\/\/www.zoko.ro\/#organization","name":"ZOKO","url":"https:\/\/www.zoko.ro\/","logo":{"@type":"ImageObject","inLanguage":"en-GB","@id":"https:\/\/www.zoko.ro\/#\/schema\/logo\/image\/","url":"https:\/\/www.zoko.ro\/wp-content\/uploads\/2025\/03\/logo1.svg","contentUrl":"https:\/\/www.zoko.ro\/wp-content\/uploads\/2025\/03\/logo1.svg","width":799,"height":216,"caption":"ZOKO"},"image":{"@id":"https:\/\/www.zoko.ro\/#\/schema\/logo\/image\/"},"sameAs":["https:\/\/www.facebook.com\/profile.php?id=61584344135075"]}]}},"_links":{"self":[{"href":"https:\/\/www.zoko.ro\/en\/wp-json\/wp\/v2\/product\/12608","targetHints":{"allow":["GET"]}}],"collection":[{"href":"https:\/\/www.zoko.ro\/en\/wp-json\/wp\/v2\/product"}],"about":[{"href":"https:\/\/www.zoko.ro\/en\/wp-json\/wp\/v2\/types\/product"}],"replies":[{"embeddable":true,"href":"https:\/\/www.zoko.ro\/en\/wp-json\/wp\/v2\/comments?post=12608"}],"version-history":[{"count":1,"href":"https:\/\/www.zoko.ro\/en\/wp-json\/wp\/v2\/product\/12608\/revisions"}],"predecessor-version":[{"id":12609,"href":"https:\/\/www.zoko.ro\/en\/wp-json\/wp\/v2\/product\/12608\/revisions\/12609"}],"wp:featuredmedia":[{"embeddable":true,"href":"https:\/\/www.zoko.ro\/en\/wp-json\/wp\/v2\/media\/12610"}],"wp:attachment":[{"href":"https:\/\/www.zoko.ro\/en\/wp-json\/wp\/v2\/media?parent=12608"}],"wp:term":[{"taxonomy":"product_brand","embeddable":true,"href":"https:\/\/www.zoko.ro\/en\/wp-json\/wp\/v2\/product_brand?post=12608"},{"taxonomy":"product_cat","embeddable":true,"href":"https:\/\/www.zoko.ro\/en\/wp-json\/wp\/v2\/product_cat?post=12608"},{"taxonomy":"product_tag","embeddable":true,"href":"https:\/\/www.zoko.ro\/en\/wp-json\/wp\/v2\/product_tag?post=12608"}],"curies":[{"name":"wp","href":"https:\/\/api.w.org\/{rel}","templated":true}]}}