{"id":12623,"date":"2026-04-28T23:36:33","date_gmt":"2026-04-28T21:36:33","guid":{"rendered":"https:\/\/www.zoko.ro\/p\/lanterna-pentru-cap-reglabila-cu-lumina-led-pe-acumulatori-gonga\/"},"modified":"2026-04-28T23:36:34","modified_gmt":"2026-04-28T21:36:34","slug":"lanterna-pentru-cap-reglabila-cu-lumina-led-pe-acumulatori-gonga","status":"publish","type":"product","link":"https:\/\/www.zoko.ro\/en\/p\/lanterna-pentru-cap-reglabila-cu-lumina-led-pe-acumulatori-gonga\/","title":{"rendered":"Lanterna pentru cap reglabila cu lumina LED pe acumulatori, Gonga\u00ae"},"content":{"rendered":"<p><strong>Culoare:<\/strong> Rosu<\/p>\n<p><strong>Lanterna pentru cap reglabila cu lumina LED<\/strong> este conceputa pentru utilizare tactic\u0103 \u0219i practic\u0103, fiind ideal pentru profesioni\u0219ti din domeniul militar, for\u021bele de ordine, v\u00e2n\u0103tori, pasiona\u021bi de activit\u0103\u021bi \u00een aer liber sau pentru uz casnic. Aceasta permite iluminarea eficient\u0103 \u00een condi\u021bii care necesit\u0103 eliberarea m\u00e2inilor.<\/p>\n<\/p>\n<p><img loading=\"lazy\" decoding=\"async\" src=\"https:\/\/gonga.ro\/img\/cms\/Lanterna%20pentru%20cap%20reglabila%20cu%20lumina%20LED%20pe%20acumulatori,%20Gonga%C2%AE.jpg\" alt=\"\" width=\"1000\" height=\"1000\" \/><\/p>\n<\/p>\n<p><strong>Caracteristici principale:<\/strong><\/p>\n<p>Putere \u0219i durabilitate \u2013 Echipat cu un LED XHP90 de \u00eenalt\u0103 performan\u021b\u0103, av\u00e2nd o durat\u0103 de via\u021b\u0103 de p\u00e2n\u0103 la 100.000 de ore.<\/p>\n<p>Unghi reglabil \u2013 Permite ajustarea luminii \u00een sus \u0219i \u00een jos pentru un control optim al fasciculului luminos.<\/p>\n<p>Fixare sigur\u0103 \u0219i confortabil\u0103 \u2013 Design ergonomic cu dou\u0103 bretele flexibile \u0219i reglabile, ce asigur\u0103 stabilitate \u0219i previn alunecarea lanternei de pe cap.Re\u00eenc\u0103rcabil\u0103 \u0219i u\u0219or de utilizat \u2013 Alimentat\u0103 de o baterie re\u00eenc\u0103rcabil\u0103 \u0219i compatibil\u0103 cu \u00eenc\u0103rcare prin cablu USB.<\/p>\n<\/p>\n<p><img loading=\"lazy\" decoding=\"async\" src=\"https:\/\/gonga.ro\/img\/cms\/Lanterna%20pentru%20cap%20reglabila%20cu%20lumina%20LED%20pe%20acumulatori,%20Gonga%C2%AE1.jpg\" alt=\"\" width=\"1000\" height=\"750\" \/><\/p>\n<\/p>\n<p><strong>Moduri de iluminare:<\/strong><\/p>\n<p>100% iluminare \u2013 Putere maxim\u0103 pentru vizibilitate optim\u0103.<\/p>\n<p>50% iluminare \u2013 Economisire de energie pentru utilizare \u00eendelungat\u0103.<\/p>\n<p>Stroboscop \u2013 Mod special pentru semnalizare sau autoap\u0103rare.<\/p>\n<\/p>\n<p><img loading=\"lazy\" decoding=\"async\" src=\"https:\/\/gonga.ro\/img\/cms\/Lanterna%20pentru%20cap%20reglabila%20cu%20lumina%20LED%20pe%20acumulatori,%20Gonga%C2%AE9.jpg\" alt=\"\" width=\"1000\" height=\"750\" \/><\/p>\n<\/p>\n<p><strong>Specifica\u021bii:<\/strong><\/p>\n<\/p>\n<p>&#8211; Material carcas\u0103: Plastic rezistent<\/p>\n<p>&#8211; Model LED: XHP50<\/p>\n<p>&#8211; Raz\u0103 de ac\u021biune: p\u00e2n\u0103 la 500 m<\/p>\n<p>&#8211; Rezistent la intemperii \u2013 Ideal pentru condi\u021bii dificile<\/p>\n<p>&#8211; Comutator cauciucat pentru utilizare u\u0219oar\u0103<\/p>\n<p>&#8211; Func\u021bie de zoom retractabil pentru ajustarea fasciculului luminos<\/p>\n<p>&#8211; Indicator luminos pentru nivelul bateriei<\/p>\n<p>&#8211; Dimensiuni: 8,2 cm x 5,7 cm x 3 cm<\/p>","protected":false},"excerpt":{"rendered":"<p>Culoare: Rosu Lanterna pentru cap reglabila cu lumina LED este conceputa pentru utilizare tactic\u0103 \u0219i practic\u0103, fiind ideal pentru profesioni\u0219ti<\/p>","protected":false},"featured_media":12625,"comment_status":"open","ping_status":"open","template":"","meta":[],"product_brand":[],"product_cat":[99,100,112,157],"product_tag":[104],"class_list":{"0":"post-12623","1":"product","2":"type-product","3":"status-publish","4":"has-post-thumbnail","6":"product_cat-acasa","7":"product_cat-casa-gradina","8":"product_cat-iluminat-electrice","9":"product_cat-lanterne","10":"product_tag-in-stoc","11":"pa_culoare-rosu","13":"first","14":"instock","15":"sale","16":"purchasable","17":"product-type-simple"},"yoast_head":"<!-- This site is optimized with the Yoast SEO plugin v27.2 - https:\/\/yoast.com\/product\/yoast-seo-wordpress\/ -->\n<title>Lanterna pentru cap reglabila cu lumina LED pe acumulatori, Gonga\u00ae | ZOKO<\/title>\n<meta name=\"robots\" content=\"index, follow, max-snippet:-1, max-image-preview:large, max-video-preview:-1\" \/>\n<link rel=\"canonical\" href=\"https:\/\/www.zoko.ro\/en\/p\/lanterna-pentru-cap-reglabila-cu-lumina-led-pe-acumulatori-gonga\/\" \/>\n<meta property=\"og:locale\" content=\"en_GB\" \/>\n<meta property=\"og:type\" content=\"article\" \/>\n<meta property=\"og:title\" content=\"Lanterna pentru cap reglabila cu lumina LED pe acumulatori, Gonga\u00ae | ZOKO\" \/>\n<meta property=\"og:description\" content=\"Culoare: Rosu Lanterna pentru cap reglabila cu lumina LED este conceputa pentru utilizare tactic\u0103 \u0219i practic\u0103, fiind ideal pentru profesioni\u0219ti\" \/>\n<meta property=\"og:url\" content=\"https:\/\/www.zoko.ro\/en\/p\/lanterna-pentru-cap-reglabila-cu-lumina-led-pe-acumulatori-gonga\/\" \/>\n<meta property=\"og:site_name\" content=\"ZOKO\" \/>\n<meta property=\"article:publisher\" content=\"https:\/\/www.facebook.com\/profile.php?id=61584344135075\" \/>\n<meta property=\"article:modified_time\" content=\"2026-04-28T21:36:34+00:00\" \/>\n<meta property=\"og:image\" content=\"https:\/\/www.zoko.ro\/wp-content\/uploads\/2025\/03\/lanterna-pentru-cap-reglabila-cu-lumina-led-pe-acumulatori-gonga.jpg\" \/>\n\t<meta property=\"og:image:width\" content=\"1000\" \/>\n\t<meta property=\"og:image:height\" content=\"750\" \/>\n\t<meta property=\"og:image:type\" content=\"image\/jpeg\" \/>\n<meta name=\"twitter:card\" content=\"summary_large_image\" \/>\n<meta name=\"twitter:label1\" content=\"Estimated reading time\" \/>\n\t<meta name=\"twitter:data1\" content=\"1 minute\" \/>\n<script type=\"application\/ld+json\" class=\"yoast-schema-graph\">{\"@context\":\"https:\/\/schema.org\",\"@graph\":[{\"@type\":\"WebPage\",\"@id\":\"https:\/\/www.zoko.ro\/p\/lanterna-pentru-cap-reglabila-cu-lumina-led-pe-acumulatori-gonga\/\",\"url\":\"https:\/\/www.zoko.ro\/p\/lanterna-pentru-cap-reglabila-cu-lumina-led-pe-acumulatori-gonga\/\",\"name\":\"Lanterna pentru cap reglabila cu lumina LED pe acumulatori, Gonga\u00ae | ZOKO\",\"isPartOf\":{\"@id\":\"https:\/\/www.zoko.ro\/#website\"},\"primaryImageOfPage\":{\"@id\":\"https:\/\/www.zoko.ro\/p\/lanterna-pentru-cap-reglabila-cu-lumina-led-pe-acumulatori-gonga\/#primaryimage\"},\"image\":{\"@id\":\"https:\/\/www.zoko.ro\/p\/lanterna-pentru-cap-reglabila-cu-lumina-led-pe-acumulatori-gonga\/#primaryimage\"},\"thumbnailUrl\":\"https:\/\/www.zoko.ro\/wp-content\/uploads\/2025\/03\/lanterna-pentru-cap-reglabila-cu-lumina-led-pe-acumulatori-gonga.jpg\",\"datePublished\":\"2026-04-28T21:36:33+00:00\",\"dateModified\":\"2026-04-28T21:36:34+00:00\",\"breadcrumb\":{\"@id\":\"https:\/\/www.zoko.ro\/p\/lanterna-pentru-cap-reglabila-cu-lumina-led-pe-acumulatori-gonga\/#breadcrumb\"},\"inLanguage\":\"en-GB\",\"potentialAction\":[{\"@type\":\"ReadAction\",\"target\":[\"https:\/\/www.zoko.ro\/p\/lanterna-pentru-cap-reglabila-cu-lumina-led-pe-acumulatori-gonga\/\"]}]},{\"@type\":\"ImageObject\",\"inLanguage\":\"en-GB\",\"@id\":\"https:\/\/www.zoko.ro\/p\/lanterna-pentru-cap-reglabila-cu-lumina-led-pe-acumulatori-gonga\/#primaryimage\",\"url\":\"https:\/\/www.zoko.ro\/wp-content\/uploads\/2025\/03\/lanterna-pentru-cap-reglabila-cu-lumina-led-pe-acumulatori-gonga.jpg\",\"contentUrl\":\"https:\/\/www.zoko.ro\/wp-content\/uploads\/2025\/03\/lanterna-pentru-cap-reglabila-cu-lumina-led-pe-acumulatori-gonga.jpg\",\"width\":1000,\"height\":750},{\"@type\":\"BreadcrumbList\",\"@id\":\"https:\/\/www.zoko.ro\/p\/lanterna-pentru-cap-reglabila-cu-lumina-led-pe-acumulatori-gonga\/#breadcrumb\",\"itemListElement\":[{\"@type\":\"ListItem\",\"position\":1,\"name\":\"Home\",\"item\":\"https:\/\/www.zoko.ro\/\"},{\"@type\":\"ListItem\",\"position\":2,\"name\":\"Magazin\",\"item\":\"https:\/\/www.zoko.ro\/magazin\/\"},{\"@type\":\"ListItem\",\"position\":3,\"name\":\"Lanterna pentru cap reglabila cu lumina LED pe acumulatori, Gonga\u00ae\"}]},{\"@type\":\"WebSite\",\"@id\":\"https:\/\/www.zoko.ro\/#website\",\"url\":\"https:\/\/www.zoko.ro\/\",\"name\":\"ZOKO.ro\",\"description\":\"Cump\u0103r\u0103 inteligent\",\"publisher\":{\"@id\":\"https:\/\/www.zoko.ro\/#organization\"},\"potentialAction\":[{\"@type\":\"SearchAction\",\"target\":{\"@type\":\"EntryPoint\",\"urlTemplate\":\"https:\/\/www.zoko.ro\/?s={search_term_string}\"},\"query-input\":{\"@type\":\"PropertyValueSpecification\",\"valueRequired\":true,\"valueName\":\"search_term_string\"}}],\"inLanguage\":\"en-GB\"},{\"@type\":\"Organization\",\"@id\":\"https:\/\/www.zoko.ro\/#organization\",\"name\":\"ZOKO\",\"url\":\"https:\/\/www.zoko.ro\/\",\"logo\":{\"@type\":\"ImageObject\",\"inLanguage\":\"en-GB\",\"@id\":\"https:\/\/www.zoko.ro\/#\/schema\/logo\/image\/\",\"url\":\"https:\/\/www.zoko.ro\/wp-content\/uploads\/2025\/03\/logo1.svg\",\"contentUrl\":\"https:\/\/www.zoko.ro\/wp-content\/uploads\/2025\/03\/logo1.svg\",\"width\":799,\"height\":216,\"caption\":\"ZOKO\"},\"image\":{\"@id\":\"https:\/\/www.zoko.ro\/#\/schema\/logo\/image\/\"},\"sameAs\":[\"https:\/\/www.facebook.com\/profile.php?id=61584344135075\"]}]}<\/script>\n<!-- \/ Yoast SEO plugin. -->","yoast_head_json":{"title":"Lanterna pentru cap reglabila cu lumina LED pe acumulatori, Gonga\u00ae | ZOKO","robots":{"index":"index","follow":"follow","max-snippet":"max-snippet:-1","max-image-preview":"max-image-preview:large","max-video-preview":"max-video-preview:-1"},"canonical":"https:\/\/www.zoko.ro\/en\/p\/lanterna-pentru-cap-reglabila-cu-lumina-led-pe-acumulatori-gonga\/","og_locale":"en_GB","og_type":"article","og_title":"Lanterna pentru cap reglabila cu lumina LED pe acumulatori, Gonga\u00ae | ZOKO","og_description":"Culoare: Rosu Lanterna pentru cap reglabila cu lumina LED este conceputa pentru utilizare tactic\u0103 \u0219i practic\u0103, fiind ideal pentru profesioni\u0219ti","og_url":"https:\/\/www.zoko.ro\/en\/p\/lanterna-pentru-cap-reglabila-cu-lumina-led-pe-acumulatori-gonga\/","og_site_name":"ZOKO","article_publisher":"https:\/\/www.facebook.com\/profile.php?id=61584344135075","article_modified_time":"2026-04-28T21:36:34+00:00","og_image":[{"width":1000,"height":750,"url":"https:\/\/www.zoko.ro\/wp-content\/uploads\/2025\/03\/lanterna-pentru-cap-reglabila-cu-lumina-led-pe-acumulatori-gonga.jpg","type":"image\/jpeg"}],"twitter_card":"summary_large_image","twitter_misc":{"Estimated reading time":"1 minute"},"schema":{"@context":"https:\/\/schema.org","@graph":[{"@type":"WebPage","@id":"https:\/\/www.zoko.ro\/p\/lanterna-pentru-cap-reglabila-cu-lumina-led-pe-acumulatori-gonga\/","url":"https:\/\/www.zoko.ro\/p\/lanterna-pentru-cap-reglabila-cu-lumina-led-pe-acumulatori-gonga\/","name":"Lanterna pentru cap reglabila cu lumina LED pe acumulatori, Gonga\u00ae | ZOKO","isPartOf":{"@id":"https:\/\/www.zoko.ro\/#website"},"primaryImageOfPage":{"@id":"https:\/\/www.zoko.ro\/p\/lanterna-pentru-cap-reglabila-cu-lumina-led-pe-acumulatori-gonga\/#primaryimage"},"image":{"@id":"https:\/\/www.zoko.ro\/p\/lanterna-pentru-cap-reglabila-cu-lumina-led-pe-acumulatori-gonga\/#primaryimage"},"thumbnailUrl":"https:\/\/www.zoko.ro\/wp-content\/uploads\/2025\/03\/lanterna-pentru-cap-reglabila-cu-lumina-led-pe-acumulatori-gonga.jpg","datePublished":"2026-04-28T21:36:33+00:00","dateModified":"2026-04-28T21:36:34+00:00","breadcrumb":{"@id":"https:\/\/www.zoko.ro\/p\/lanterna-pentru-cap-reglabila-cu-lumina-led-pe-acumulatori-gonga\/#breadcrumb"},"inLanguage":"en-GB","potentialAction":[{"@type":"ReadAction","target":["https:\/\/www.zoko.ro\/p\/lanterna-pentru-cap-reglabila-cu-lumina-led-pe-acumulatori-gonga\/"]}]},{"@type":"ImageObject","inLanguage":"en-GB","@id":"https:\/\/www.zoko.ro\/p\/lanterna-pentru-cap-reglabila-cu-lumina-led-pe-acumulatori-gonga\/#primaryimage","url":"https:\/\/www.zoko.ro\/wp-content\/uploads\/2025\/03\/lanterna-pentru-cap-reglabila-cu-lumina-led-pe-acumulatori-gonga.jpg","contentUrl":"https:\/\/www.zoko.ro\/wp-content\/uploads\/2025\/03\/lanterna-pentru-cap-reglabila-cu-lumina-led-pe-acumulatori-gonga.jpg","width":1000,"height":750},{"@type":"BreadcrumbList","@id":"https:\/\/www.zoko.ro\/p\/lanterna-pentru-cap-reglabila-cu-lumina-led-pe-acumulatori-gonga\/#breadcrumb","itemListElement":[{"@type":"ListItem","position":1,"name":"Home","item":"https:\/\/www.zoko.ro\/"},{"@type":"ListItem","position":2,"name":"Magazin","item":"https:\/\/www.zoko.ro\/magazin\/"},{"@type":"ListItem","position":3,"name":"Lanterna pentru cap reglabila cu lumina LED pe acumulatori, Gonga\u00ae"}]},{"@type":"WebSite","@id":"https:\/\/www.zoko.ro\/#website","url":"https:\/\/www.zoko.ro\/","name":"ZOKO.ro","description":"Cump\u0103r\u0103 inteligent","publisher":{"@id":"https:\/\/www.zoko.ro\/#organization"},"potentialAction":[{"@type":"SearchAction","target":{"@type":"EntryPoint","urlTemplate":"https:\/\/www.zoko.ro\/?s={search_term_string}"},"query-input":{"@type":"PropertyValueSpecification","valueRequired":true,"valueName":"search_term_string"}}],"inLanguage":"en-GB"},{"@type":"Organization","@id":"https:\/\/www.zoko.ro\/#organization","name":"ZOKO","url":"https:\/\/www.zoko.ro\/","logo":{"@type":"ImageObject","inLanguage":"en-GB","@id":"https:\/\/www.zoko.ro\/#\/schema\/logo\/image\/","url":"https:\/\/www.zoko.ro\/wp-content\/uploads\/2025\/03\/logo1.svg","contentUrl":"https:\/\/www.zoko.ro\/wp-content\/uploads\/2025\/03\/logo1.svg","width":799,"height":216,"caption":"ZOKO"},"image":{"@id":"https:\/\/www.zoko.ro\/#\/schema\/logo\/image\/"},"sameAs":["https:\/\/www.facebook.com\/profile.php?id=61584344135075"]}]}},"_links":{"self":[{"href":"https:\/\/www.zoko.ro\/en\/wp-json\/wp\/v2\/product\/12623","targetHints":{"allow":["GET"]}}],"collection":[{"href":"https:\/\/www.zoko.ro\/en\/wp-json\/wp\/v2\/product"}],"about":[{"href":"https:\/\/www.zoko.ro\/en\/wp-json\/wp\/v2\/types\/product"}],"replies":[{"embeddable":true,"href":"https:\/\/www.zoko.ro\/en\/wp-json\/wp\/v2\/comments?post=12623"}],"version-history":[{"count":1,"href":"https:\/\/www.zoko.ro\/en\/wp-json\/wp\/v2\/product\/12623\/revisions"}],"predecessor-version":[{"id":12624,"href":"https:\/\/www.zoko.ro\/en\/wp-json\/wp\/v2\/product\/12623\/revisions\/12624"}],"wp:featuredmedia":[{"embeddable":true,"href":"https:\/\/www.zoko.ro\/en\/wp-json\/wp\/v2\/media\/12625"}],"wp:attachment":[{"href":"https:\/\/www.zoko.ro\/en\/wp-json\/wp\/v2\/media?parent=12623"}],"wp:term":[{"taxonomy":"product_brand","embeddable":true,"href":"https:\/\/www.zoko.ro\/en\/wp-json\/wp\/v2\/product_brand?post=12623"},{"taxonomy":"product_cat","embeddable":true,"href":"https:\/\/www.zoko.ro\/en\/wp-json\/wp\/v2\/product_cat?post=12623"},{"taxonomy":"product_tag","embeddable":true,"href":"https:\/\/www.zoko.ro\/en\/wp-json\/wp\/v2\/product_tag?post=12623"}],"curies":[{"name":"wp","href":"https:\/\/api.w.org\/{rel}","templated":true}]}}