{"id":12665,"date":"2026-04-28T23:36:35","date_gmt":"2026-04-28T21:36:35","guid":{"rendered":"https:\/\/www.zoko.ro\/p\/perie-pentru-masaj-corporal-cu-maner-detasabil-lemn-45x6-5-cm-gonga\/"},"modified":"2026-04-28T23:36:35","modified_gmt":"2026-04-28T21:36:35","slug":"perie-pentru-masaj-corporal-cu-maner-detasabil-lemn-45x6-5-cm-gonga","status":"publish","type":"product","link":"https:\/\/www.zoko.ro\/en\/p\/perie-pentru-masaj-corporal-cu-maner-detasabil-lemn-45x6-5-cm-gonga\/","title":{"rendered":"Perie pentru masaj corporal cu maner detasabil, lemn, 45&#215;6.5 cm, Gonga\u00ae"},"content":{"rendered":"<p><strong>Culoare:<\/strong> Maro<\/p>\n<p><strong>Perie pentru masaj corporal cu maner detasabil<\/strong><\/p>\n<p>Periajul uscat este o tehnic\u0103 dovedit\u0103 de masaj exfoliant. Aceast\u0103 metod\u0103 ajut\u0103 la \u00eendep\u0103rtarea celulelor moarte ale pielii de pe suprafa\u021ba acesteia, spre deosebire de exfolierea tradi\u021bional\u0103, care se realizeaz\u0103 cu ap\u0103 \u0219i scruburi.<\/p>\n<p>Scopul este de a elimina c\u00e2t mai multe celule moarte \u0219i uscate f\u0103r\u0103 a irita sau deteriora pielea.<\/p>\n<\/p>\n<p><img loading=\"lazy\" decoding=\"async\" src=\"https:\/\/gonga.ro\/img\/cms\/Perie%20pentru%20masaj%20corporal%20cu%20maner%20detasabil,%20lemn,%2045x6-5%20cm,%20Gonga%C2%AE6.jpg\" alt=\"\" width=\"1000\" height=\"750\" \/><\/p>\n<\/p>\n<p>Pentru un tratament eficient, este necesar\u0103 o perie special\u0103 cu peri naturali. Tehnica de masaj trebuie s\u0103 fie vigoros aplicat\u0103, dar suficient de delicat\u0103 pentru a preveni irita\u021biile.<\/p>\n<p>Toate mi\u0219c\u0103rile de masaj ar trebui s\u0103 fie efectuate \u00een direc\u021bia inimii \u0219i repetate de mai multe ori pe fiecare zon\u0103.<\/p>\n<p>Dup\u0103 o sesiune de periaj uscat, este normal s\u0103 apar\u0103 o u\u0219oar\u0103 ro\u0219ea\u021b\u0103, \u00eens\u0103 aceasta trebuie s\u0103 fie cauzat\u0103 de stimularea circula\u021biei sanguine, nu de irita\u021bia pielii.<\/p>\n<\/p>\n<p><img loading=\"lazy\" decoding=\"async\" src=\"https:\/\/gonga.ro\/img\/cms\/Perie%20pentru%20masaj%20corporal%20cu%20maner%20detasabil,%20lemn,%2045x6-5%20cm,%20Gonga%C2%AE8.jpg\" alt=\"\" width=\"1000\" height=\"1000\" \/><\/p>\n<\/p>\n<p><strong>Cum s\u0103 efectua\u021bi periajul uscat acas\u0103?<\/strong><\/p>\n<p>Iat\u0103 c\u00e2\u021biva pa\u0219i \u0219i aspecte importante de care trebuie s\u0103 \u021bine\u021bi cont:<\/p>\n<p>Asigura\u021bi-v\u0103 c\u0103 pielea este complet uscat\u0103 (unii prefer\u0103 s\u0103 aplice pu\u021bin ulei pe perie).<\/p>\n<p>Urma\u021bi traseul sistemului circulator cu peria \u2013 \u00eencepe\u021bi de la picioare \u0219i masa\u021bi zona sec\u021biune cu sec\u021biune, urc\u00e2nd treptat p\u00e2n\u0103 la sacrum.<\/p>\n<p>Exfolia\u021bi apoi bra\u021bele, periajul realiz\u00e2ndu-se dinspre m\u00e2ini c\u0103tre inim\u0103. Acorda\u021bi o aten\u021bie special\u0103 pielii de sub bra\u021be \u0219i zonelor cu ganglioni limfatici.<\/p>\n<p>Pentru abdomen, folosi\u021bi mi\u0219c\u0103ri lungi \u00een sus spre inim\u0103 sau mi\u0219c\u0103ri circulare bl\u00e2nde.<\/p>\n<p>Pentru g\u00e2t \u0219i decolteu, \u00eencepe\u021bi de la linia maxilarului \u0219i cobor\u00e2\u021bi. Aceste zone trebuie tratate cu \u0219i mai mult\u0103 delicate\u021be.<\/p>\n<p>Masa\u021bi fiecare zon\u0103 \u00eentre 2 \u0219i 10 ori. Presiunea trebuie s\u0103 fie ferm\u0103, dar controlat\u0103, cu mi\u0219c\u0103ri lungi, line \u0219i ritmice. Pe zonele mai mici, cum ar fi articula\u021biile, pot fi utilizate mi\u0219c\u0103ri mai scurte \u0219i mai rapide.<\/p>\n<p>Dup\u0103 periajul uscat, face\u021bi un du\u0219 pentru a \u00eendep\u0103rta celulele moarte. Evita\u021bi utilizarea exfolian\u021bilor sau a altor produse cosmetice iritante.<\/p>\n<p>Dup\u0103 du\u0219, aplica\u021bi un ulei sau o lo\u021biune hidratant\u0103 pentru a hr\u0103ni pielea.<\/p>\n<p>Frecven\u021ba periajului uscat trebuie aleas\u0103 individual, \u00een func\u021bie de toleran\u021ba pielii. Unii oameni \u00eel pot face zilnic, \u00een timp ce persoanele cu piele sensibil\u0103 ar trebui s\u0103 se perieze o dat\u0103 sau de dou\u0103 ori pe s\u0103pt\u0103m\u00e2n\u0103.<\/p>\n<p>Nu utiliza\u021bi aceast\u0103 metod\u0103 pe r\u0103ni deschise, arsuri solare, erup\u021bii cutanate, eczeme, psoriazis sau piele iritat\u0103.<\/p>\n<\/p>\n<p><img loading=\"lazy\" decoding=\"async\" src=\"https:\/\/gonga.ro\/img\/cms\/Perie%20pentru%20masaj%20corporal%20cu%20maner%20detasabil,%20lemn,%2045x6-5%20cm,%20Gonga%C2%AE4.jpg\" alt=\"\" width=\"1000\" height=\"750\" \/><\/p>\n<\/p>\n<p><strong>Dimensiuni:<\/strong><\/p>\n<p>Lungime perie: 42 cm<\/p>\n<p>\u00cen\u0103l\u021bimea periei: 7 cm<\/p>\n<\/p>\n<p><img loading=\"lazy\" decoding=\"async\" src=\"https:\/\/gonga.ro\/img\/cms\/Perie%20pentru%20masaj%20corporal%20cu%20maner%20detasabil,%20lemn,%2045x6-5%20cm,%20Gonga%C2%AE7.jpg\" alt=\"\" width=\"1000\" height=\"750\" \/><\/p>\n<\/p>\n<p><strong>Specificatii:<\/strong><\/p>\n<\/p>\n<p>&#8211; Material: Lemn, peri naturali<\/p>\n<p>&#8211; Ideal pentru masajul \u00eentregului corp<\/p>\n<p>&#8211; Stimuleaz\u0103 circula\u021bia s\u00e2ngelui<\/p>\n<p>&#8211; Exfoliaz\u0103 \u0219i re\u00eennoie\u0219te pielea<\/p>\n<p>&#8211; Potrivit pentru toate tipurile de piele<\/p>\n<p>&#8211; Relaxeaz\u0103 \u0219i calmeaz\u0103<\/p>\n<p>&#8211; Ideal pentru cur\u0103\u021barea spatelui<\/p>\n<p>&#8211; Culoare: Maro<\/p>","protected":false},"excerpt":{"rendered":"<p>Culoare: Maro Perie pentru masaj corporal cu maner detasabil Periajul uscat este o tehnic\u0103 dovedit\u0103 de masaj exfoliant. Aceast\u0103 metod\u0103<\/p>","protected":false},"featured_media":12667,"comment_status":"open","ping_status":"open","template":"","meta":[],"product_brand":[],"product_cat":[99,115,182,114],"product_tag":[104],"class_list":{"0":"post-12665","1":"product","2":"type-product","3":"status-publish","4":"has-post-thumbnail","6":"product_cat-acasa","7":"product_cat-aparate-accesorii-ingrijire-personala","8":"product_cat-aparate-si-instrumente-de-masaj","9":"product_cat-ingrijire-personala-cosmetice","10":"product_tag-in-stoc","11":"pa_culoare-maro","13":"first","14":"instock","15":"sale","16":"purchasable","17":"product-type-simple"},"yoast_head":"<!-- This site is optimized with the Yoast SEO plugin v27.2 - https:\/\/yoast.com\/product\/yoast-seo-wordpress\/ -->\n<title>Perie pentru masaj corporal cu maner detasabil, lemn, 45x6.5 cm, Gonga\u00ae | ZOKO<\/title>\n<meta name=\"robots\" content=\"index, follow, max-snippet:-1, max-image-preview:large, max-video-preview:-1\" \/>\n<link rel=\"canonical\" href=\"https:\/\/www.zoko.ro\/en\/p\/perie-pentru-masaj-corporal-cu-maner-detasabil-lemn-45x6-5-cm-gonga\/\" \/>\n<meta property=\"og:locale\" content=\"en_GB\" \/>\n<meta property=\"og:type\" content=\"article\" \/>\n<meta property=\"og:title\" content=\"Perie pentru masaj corporal cu maner detasabil, lemn, 45x6.5 cm, Gonga\u00ae | ZOKO\" \/>\n<meta property=\"og:description\" content=\"Culoare: Maro Perie pentru masaj corporal cu maner detasabil Periajul uscat este o tehnic\u0103 dovedit\u0103 de masaj exfoliant. Aceast\u0103 metod\u0103\" \/>\n<meta property=\"og:url\" content=\"https:\/\/www.zoko.ro\/en\/p\/perie-pentru-masaj-corporal-cu-maner-detasabil-lemn-45x6-5-cm-gonga\/\" \/>\n<meta property=\"og:site_name\" content=\"ZOKO\" \/>\n<meta property=\"article:publisher\" content=\"https:\/\/www.facebook.com\/profile.php?id=61584344135075\" \/>\n<meta property=\"og:image\" content=\"https:\/\/www.zoko.ro\/wp-content\/uploads\/2025\/03\/perie-pentru-masaj-corporal-cu-maner-detasabil-lemn-45x65-cm-gonga.jpg\" \/>\n\t<meta property=\"og:image:width\" content=\"1000\" \/>\n\t<meta property=\"og:image:height\" content=\"750\" \/>\n\t<meta property=\"og:image:type\" content=\"image\/jpeg\" \/>\n<meta name=\"twitter:card\" content=\"summary_large_image\" \/>\n<meta name=\"twitter:label1\" content=\"Estimated reading time\" \/>\n\t<meta name=\"twitter:data1\" content=\"2 minutes\" \/>\n<script type=\"application\/ld+json\" class=\"yoast-schema-graph\">{\"@context\":\"https:\/\/schema.org\",\"@graph\":[{\"@type\":\"WebPage\",\"@id\":\"https:\/\/www.zoko.ro\/p\/perie-pentru-masaj-corporal-cu-maner-detasabil-lemn-45x6-5-cm-gonga\/\",\"url\":\"https:\/\/www.zoko.ro\/p\/perie-pentru-masaj-corporal-cu-maner-detasabil-lemn-45x6-5-cm-gonga\/\",\"name\":\"Perie pentru masaj corporal cu maner detasabil, lemn, 45x6.5 cm, Gonga\u00ae | ZOKO\",\"isPartOf\":{\"@id\":\"https:\/\/www.zoko.ro\/#website\"},\"primaryImageOfPage\":{\"@id\":\"https:\/\/www.zoko.ro\/p\/perie-pentru-masaj-corporal-cu-maner-detasabil-lemn-45x6-5-cm-gonga\/#primaryimage\"},\"image\":{\"@id\":\"https:\/\/www.zoko.ro\/p\/perie-pentru-masaj-corporal-cu-maner-detasabil-lemn-45x6-5-cm-gonga\/#primaryimage\"},\"thumbnailUrl\":\"https:\/\/www.zoko.ro\/wp-content\/uploads\/2025\/03\/perie-pentru-masaj-corporal-cu-maner-detasabil-lemn-45x65-cm-gonga.jpg\",\"datePublished\":\"2026-04-28T21:36:35+00:00\",\"breadcrumb\":{\"@id\":\"https:\/\/www.zoko.ro\/p\/perie-pentru-masaj-corporal-cu-maner-detasabil-lemn-45x6-5-cm-gonga\/#breadcrumb\"},\"inLanguage\":\"en-GB\",\"potentialAction\":[{\"@type\":\"ReadAction\",\"target\":[\"https:\/\/www.zoko.ro\/p\/perie-pentru-masaj-corporal-cu-maner-detasabil-lemn-45x6-5-cm-gonga\/\"]}]},{\"@type\":\"ImageObject\",\"inLanguage\":\"en-GB\",\"@id\":\"https:\/\/www.zoko.ro\/p\/perie-pentru-masaj-corporal-cu-maner-detasabil-lemn-45x6-5-cm-gonga\/#primaryimage\",\"url\":\"https:\/\/www.zoko.ro\/wp-content\/uploads\/2025\/03\/perie-pentru-masaj-corporal-cu-maner-detasabil-lemn-45x65-cm-gonga.jpg\",\"contentUrl\":\"https:\/\/www.zoko.ro\/wp-content\/uploads\/2025\/03\/perie-pentru-masaj-corporal-cu-maner-detasabil-lemn-45x65-cm-gonga.jpg\",\"width\":1000,\"height\":750},{\"@type\":\"BreadcrumbList\",\"@id\":\"https:\/\/www.zoko.ro\/p\/perie-pentru-masaj-corporal-cu-maner-detasabil-lemn-45x6-5-cm-gonga\/#breadcrumb\",\"itemListElement\":[{\"@type\":\"ListItem\",\"position\":1,\"name\":\"Home\",\"item\":\"https:\/\/www.zoko.ro\/\"},{\"@type\":\"ListItem\",\"position\":2,\"name\":\"Magazin\",\"item\":\"https:\/\/www.zoko.ro\/magazin\/\"},{\"@type\":\"ListItem\",\"position\":3,\"name\":\"Perie pentru masaj corporal cu maner detasabil, lemn, 45&#215;6.5 cm, Gonga\u00ae\"}]},{\"@type\":\"WebSite\",\"@id\":\"https:\/\/www.zoko.ro\/#website\",\"url\":\"https:\/\/www.zoko.ro\/\",\"name\":\"ZOKO.ro\",\"description\":\"Cump\u0103r\u0103 inteligent\",\"publisher\":{\"@id\":\"https:\/\/www.zoko.ro\/#organization\"},\"potentialAction\":[{\"@type\":\"SearchAction\",\"target\":{\"@type\":\"EntryPoint\",\"urlTemplate\":\"https:\/\/www.zoko.ro\/?s={search_term_string}\"},\"query-input\":{\"@type\":\"PropertyValueSpecification\",\"valueRequired\":true,\"valueName\":\"search_term_string\"}}],\"inLanguage\":\"en-GB\"},{\"@type\":\"Organization\",\"@id\":\"https:\/\/www.zoko.ro\/#organization\",\"name\":\"ZOKO\",\"url\":\"https:\/\/www.zoko.ro\/\",\"logo\":{\"@type\":\"ImageObject\",\"inLanguage\":\"en-GB\",\"@id\":\"https:\/\/www.zoko.ro\/#\/schema\/logo\/image\/\",\"url\":\"https:\/\/www.zoko.ro\/wp-content\/uploads\/2025\/03\/logo1.svg\",\"contentUrl\":\"https:\/\/www.zoko.ro\/wp-content\/uploads\/2025\/03\/logo1.svg\",\"width\":799,\"height\":216,\"caption\":\"ZOKO\"},\"image\":{\"@id\":\"https:\/\/www.zoko.ro\/#\/schema\/logo\/image\/\"},\"sameAs\":[\"https:\/\/www.facebook.com\/profile.php?id=61584344135075\"]}]}<\/script>\n<!-- \/ Yoast SEO plugin. -->","yoast_head_json":{"title":"Perie pentru masaj corporal cu maner detasabil, lemn, 45x6.5 cm, Gonga\u00ae | ZOKO","robots":{"index":"index","follow":"follow","max-snippet":"max-snippet:-1","max-image-preview":"max-image-preview:large","max-video-preview":"max-video-preview:-1"},"canonical":"https:\/\/www.zoko.ro\/en\/p\/perie-pentru-masaj-corporal-cu-maner-detasabil-lemn-45x6-5-cm-gonga\/","og_locale":"en_GB","og_type":"article","og_title":"Perie pentru masaj corporal cu maner detasabil, lemn, 45x6.5 cm, Gonga\u00ae | ZOKO","og_description":"Culoare: Maro Perie pentru masaj corporal cu maner detasabil Periajul uscat este o tehnic\u0103 dovedit\u0103 de masaj exfoliant. Aceast\u0103 metod\u0103","og_url":"https:\/\/www.zoko.ro\/en\/p\/perie-pentru-masaj-corporal-cu-maner-detasabil-lemn-45x6-5-cm-gonga\/","og_site_name":"ZOKO","article_publisher":"https:\/\/www.facebook.com\/profile.php?id=61584344135075","og_image":[{"width":1000,"height":750,"url":"https:\/\/www.zoko.ro\/wp-content\/uploads\/2025\/03\/perie-pentru-masaj-corporal-cu-maner-detasabil-lemn-45x65-cm-gonga.jpg","type":"image\/jpeg"}],"twitter_card":"summary_large_image","twitter_misc":{"Estimated reading time":"2 minutes"},"schema":{"@context":"https:\/\/schema.org","@graph":[{"@type":"WebPage","@id":"https:\/\/www.zoko.ro\/p\/perie-pentru-masaj-corporal-cu-maner-detasabil-lemn-45x6-5-cm-gonga\/","url":"https:\/\/www.zoko.ro\/p\/perie-pentru-masaj-corporal-cu-maner-detasabil-lemn-45x6-5-cm-gonga\/","name":"Perie pentru masaj corporal cu maner detasabil, lemn, 45x6.5 cm, Gonga\u00ae | ZOKO","isPartOf":{"@id":"https:\/\/www.zoko.ro\/#website"},"primaryImageOfPage":{"@id":"https:\/\/www.zoko.ro\/p\/perie-pentru-masaj-corporal-cu-maner-detasabil-lemn-45x6-5-cm-gonga\/#primaryimage"},"image":{"@id":"https:\/\/www.zoko.ro\/p\/perie-pentru-masaj-corporal-cu-maner-detasabil-lemn-45x6-5-cm-gonga\/#primaryimage"},"thumbnailUrl":"https:\/\/www.zoko.ro\/wp-content\/uploads\/2025\/03\/perie-pentru-masaj-corporal-cu-maner-detasabil-lemn-45x65-cm-gonga.jpg","datePublished":"2026-04-28T21:36:35+00:00","breadcrumb":{"@id":"https:\/\/www.zoko.ro\/p\/perie-pentru-masaj-corporal-cu-maner-detasabil-lemn-45x6-5-cm-gonga\/#breadcrumb"},"inLanguage":"en-GB","potentialAction":[{"@type":"ReadAction","target":["https:\/\/www.zoko.ro\/p\/perie-pentru-masaj-corporal-cu-maner-detasabil-lemn-45x6-5-cm-gonga\/"]}]},{"@type":"ImageObject","inLanguage":"en-GB","@id":"https:\/\/www.zoko.ro\/p\/perie-pentru-masaj-corporal-cu-maner-detasabil-lemn-45x6-5-cm-gonga\/#primaryimage","url":"https:\/\/www.zoko.ro\/wp-content\/uploads\/2025\/03\/perie-pentru-masaj-corporal-cu-maner-detasabil-lemn-45x65-cm-gonga.jpg","contentUrl":"https:\/\/www.zoko.ro\/wp-content\/uploads\/2025\/03\/perie-pentru-masaj-corporal-cu-maner-detasabil-lemn-45x65-cm-gonga.jpg","width":1000,"height":750},{"@type":"BreadcrumbList","@id":"https:\/\/www.zoko.ro\/p\/perie-pentru-masaj-corporal-cu-maner-detasabil-lemn-45x6-5-cm-gonga\/#breadcrumb","itemListElement":[{"@type":"ListItem","position":1,"name":"Home","item":"https:\/\/www.zoko.ro\/"},{"@type":"ListItem","position":2,"name":"Magazin","item":"https:\/\/www.zoko.ro\/magazin\/"},{"@type":"ListItem","position":3,"name":"Perie pentru masaj corporal cu maner detasabil, lemn, 45&#215;6.5 cm, Gonga\u00ae"}]},{"@type":"WebSite","@id":"https:\/\/www.zoko.ro\/#website","url":"https:\/\/www.zoko.ro\/","name":"ZOKO.ro","description":"Cump\u0103r\u0103 inteligent","publisher":{"@id":"https:\/\/www.zoko.ro\/#organization"},"potentialAction":[{"@type":"SearchAction","target":{"@type":"EntryPoint","urlTemplate":"https:\/\/www.zoko.ro\/?s={search_term_string}"},"query-input":{"@type":"PropertyValueSpecification","valueRequired":true,"valueName":"search_term_string"}}],"inLanguage":"en-GB"},{"@type":"Organization","@id":"https:\/\/www.zoko.ro\/#organization","name":"ZOKO","url":"https:\/\/www.zoko.ro\/","logo":{"@type":"ImageObject","inLanguage":"en-GB","@id":"https:\/\/www.zoko.ro\/#\/schema\/logo\/image\/","url":"https:\/\/www.zoko.ro\/wp-content\/uploads\/2025\/03\/logo1.svg","contentUrl":"https:\/\/www.zoko.ro\/wp-content\/uploads\/2025\/03\/logo1.svg","width":799,"height":216,"caption":"ZOKO"},"image":{"@id":"https:\/\/www.zoko.ro\/#\/schema\/logo\/image\/"},"sameAs":["https:\/\/www.facebook.com\/profile.php?id=61584344135075"]}]}},"_links":{"self":[{"href":"https:\/\/www.zoko.ro\/en\/wp-json\/wp\/v2\/product\/12665","targetHints":{"allow":["GET"]}}],"collection":[{"href":"https:\/\/www.zoko.ro\/en\/wp-json\/wp\/v2\/product"}],"about":[{"href":"https:\/\/www.zoko.ro\/en\/wp-json\/wp\/v2\/types\/product"}],"replies":[{"embeddable":true,"href":"https:\/\/www.zoko.ro\/en\/wp-json\/wp\/v2\/comments?post=12665"}],"version-history":[{"count":1,"href":"https:\/\/www.zoko.ro\/en\/wp-json\/wp\/v2\/product\/12665\/revisions"}],"predecessor-version":[{"id":12666,"href":"https:\/\/www.zoko.ro\/en\/wp-json\/wp\/v2\/product\/12665\/revisions\/12666"}],"wp:featuredmedia":[{"embeddable":true,"href":"https:\/\/www.zoko.ro\/en\/wp-json\/wp\/v2\/media\/12667"}],"wp:attachment":[{"href":"https:\/\/www.zoko.ro\/en\/wp-json\/wp\/v2\/media?parent=12665"}],"wp:term":[{"taxonomy":"product_brand","embeddable":true,"href":"https:\/\/www.zoko.ro\/en\/wp-json\/wp\/v2\/product_brand?post=12665"},{"taxonomy":"product_cat","embeddable":true,"href":"https:\/\/www.zoko.ro\/en\/wp-json\/wp\/v2\/product_cat?post=12665"},{"taxonomy":"product_tag","embeddable":true,"href":"https:\/\/www.zoko.ro\/en\/wp-json\/wp\/v2\/product_tag?post=12665"}],"curies":[{"name":"wp","href":"https:\/\/api.w.org\/{rel}","templated":true}]}}