{"id":12771,"date":"2026-04-28T23:36:38","date_gmt":"2026-04-28T21:36:38","guid":{"rendered":"https:\/\/www.zoko.ro\/p\/banda-kinesiologica-kinesio-tape-recuperari-kinesiologice-adeziv-prietenos-cu-pielea-impermeabil-gonga-3\/"},"modified":"2026-04-28T23:36:38","modified_gmt":"2026-04-28T21:36:38","slug":"banda-kinesiologica-kinesio-tape-recuperari-kinesiologice-adeziv-prietenos-cu-pielea-impermeabil-gonga-3","status":"publish","type":"product","link":"https:\/\/www.zoko.ro\/en\/p\/banda-kinesiologica-kinesio-tape-recuperari-kinesiologice-adeziv-prietenos-cu-pielea-impermeabil-gonga-3\/","title":{"rendered":"Banda Kinesiologica, Kinesio tape, recuperari kinesiologice, adeziv prietenos cu pielea, impermeabil, Gonga\u00ae"},"content":{"rendered":"<p><strong>Culoare:<\/strong> Crem<\/p>\n<p><strong>Banda Kinesiologic\u0103 Sportiv\u0103 PRO 5m x 5cm<\/strong><\/p>\n<p>Indiferent dac\u0103 e\u0219ti un atlet profesionist, un amator sau pur \u0219i simplu cineva care dore\u0219te un suport suplimentar \u00een activit\u0103\u021bile fizice de zi cu zi, banda de kinesiologie este solu\u021bia ideal\u0103 pentru tine. Aceasta poate fi utilizat\u0103 pentru ameliorarea durerii, \u00eembun\u0103t\u0103\u021birea mobilit\u0103\u021bii, stabilizarea articula\u021biilor \u0219i multe alte aplica\u021bii.<\/p>\n<\/p>\n<p><img loading=\"lazy\" decoding=\"async\" src=\"https:\/\/gonga.ro\/img\/cms\/Banda%20Kinesiologica,%20Kinesio%20tape,%20recuperari%20kinesiologice,%20adeziv%20prietenos%20cu%20pielea,%20impermeabil,%20Gonga%C2%AE18.jpg\" alt=\"\" width=\"1000\" height=\"750\" \/><\/p>\n<\/p>\n<p>Fabricat\u0103 dintr-un material durabil \u0219i flexibil, banda ofer\u0103 confort pe toat\u0103 durata purt\u0103rii, asigur\u00e2ndu-\u021bi astfel un efect de lung\u0103 durat\u0103 \u0219i siguran\u021ba c\u0103 nu te va dezam\u0103gi chiar \u0219i \u00een momentele cele mai intense.<\/p>\n<\/p>\n<p><img loading=\"lazy\" decoding=\"async\" src=\"https:\/\/gonga.ro\/img\/cms\/Banda%20Kinesiologica,%20Kinesio%20tape,%20recuperari%20kinesiologice,%20adeziv%20prietenos%20cu%20pielea,%20impermeabil,%20Gonga%C2%AE3.jpg\" alt=\"\" width=\"1000\" height=\"750\" \/><\/p>\n<\/p>\n<p>Benzile sportive sunt un instrument de \u00eencredere pentru \u00eengrijirea s\u0103n\u0103t\u0103\u021bii mu\u0219chilor \u0219i articula\u021biilor tale. Pe l\u00e2ng\u0103 protec\u021bia eficient\u0103 oferit\u0103 zonelor afectate, aceste benzi contribuie \u0219i la un proces de recuperare rapid \u0219i eficient. Sunt versatile \u0219i pot fi utilizate \u00een diverse domenii medicale, inclusiv ortopedie \u0219i reumatologie, pentru a sprijini recuperarea biologic\u0103 a organismului.<\/p>\n<\/p>\n<p><img loading=\"lazy\" decoding=\"async\" src=\"https:\/\/gonga.ro\/img\/cms\/Banda%20Kinesiologica,%20Kinesio%20tape,%20recuperari%20kinesiologice,%20adeziv%20prietenos%20cu%20pielea,%20impermeabil,%20Gonga%C2%AE12.jpg\" alt=\"\" width=\"1000\" height=\"750\" \/><\/p>\n<\/p>\n<p><strong>Specificatii:<\/strong><\/p>\n<\/p>\n<p>&#8211; Design de \u00eenalt\u0103 calitate<\/p>\n<p>&#8211; Adeziv puternic<\/p>\n<p>&#8211; Aplicabilitate universal\u0103<\/p>\n<p>&#8211; Potrivit\u0103 pentru piele<\/p>\n<p>&#8211; \u00cembun\u0103t\u0103\u021be\u0219te circula\u021bia<\/p>\n<p>&#8211; L\u0103\u021bime: 5 cm<\/p>\n<p>&#8211; Lungime: 5 m<\/p>","protected":false},"excerpt":{"rendered":"<p>Culoare: Crem Banda Kinesiologic\u0103 Sportiv\u0103 PRO 5m x 5cm Indiferent dac\u0103 e\u0219ti un atlet profesionist, un amator sau pur \u0219i<\/p>","protected":false},"featured_media":12773,"comment_status":"open","ping_status":"open","template":"","meta":[],"product_brand":[],"product_cat":[99,115,114],"product_tag":[],"class_list":{"0":"post-12771","1":"product","2":"type-product","3":"status-publish","4":"has-post-thumbnail","6":"product_cat-acasa","7":"product_cat-aparate-accesorii-ingrijire-personala","8":"product_cat-ingrijire-personala-cosmetice","9":"pa_culoare-crem","11":"first","12":"outofstock","13":"sale","14":"purchasable","15":"product-type-simple"},"yoast_head":"<!-- This site is optimized with the Yoast SEO plugin v27.2 - https:\/\/yoast.com\/product\/yoast-seo-wordpress\/ -->\n<title>Banda Kinesiologica, Kinesio tape, recuperari kinesiologice, adeziv prietenos cu pielea, impermeabil, Gonga\u00ae | ZOKO<\/title>\n<meta name=\"robots\" content=\"index, follow, max-snippet:-1, max-image-preview:large, max-video-preview:-1\" \/>\n<link rel=\"canonical\" href=\"https:\/\/www.zoko.ro\/en\/p\/banda-kinesiologica-kinesio-tape-recuperari-kinesiologice-adeziv-prietenos-cu-pielea-impermeabil-gonga-3\/\" \/>\n<meta property=\"og:locale\" content=\"en_GB\" \/>\n<meta property=\"og:type\" content=\"article\" \/>\n<meta property=\"og:title\" content=\"Banda Kinesiologica, Kinesio tape, recuperari kinesiologice, adeziv prietenos cu pielea, impermeabil, Gonga\u00ae | ZOKO\" \/>\n<meta property=\"og:description\" content=\"Culoare: Crem Banda Kinesiologic\u0103 Sportiv\u0103 PRO 5m x 5cm Indiferent dac\u0103 e\u0219ti un atlet profesionist, un amator sau pur \u0219i\" \/>\n<meta property=\"og:url\" content=\"https:\/\/www.zoko.ro\/en\/p\/banda-kinesiologica-kinesio-tape-recuperari-kinesiologice-adeziv-prietenos-cu-pielea-impermeabil-gonga-3\/\" \/>\n<meta property=\"og:site_name\" content=\"ZOKO\" \/>\n<meta property=\"article:publisher\" content=\"https:\/\/www.facebook.com\/profile.php?id=61584344135075\" \/>\n<meta property=\"og:image\" content=\"https:\/\/www.zoko.ro\/wp-content\/uploads\/2025\/03\/banda-kinesiologica-kinesio-tape-recuperari-kinesiologice-adeziv-prietenos-cu-pielea-impermeabil-gonga-15.jpg\" \/>\n\t<meta property=\"og:image:width\" content=\"1500\" \/>\n\t<meta property=\"og:image:height\" content=\"1048\" \/>\n\t<meta property=\"og:image:type\" content=\"image\/jpeg\" \/>\n<meta name=\"twitter:card\" content=\"summary_large_image\" \/>\n<meta name=\"twitter:label1\" content=\"Estimated reading time\" \/>\n\t<meta name=\"twitter:data1\" content=\"1 minute\" \/>\n<script type=\"application\/ld+json\" class=\"yoast-schema-graph\">{\"@context\":\"https:\/\/schema.org\",\"@graph\":[{\"@type\":\"WebPage\",\"@id\":\"https:\/\/www.zoko.ro\/p\/banda-kinesiologica-kinesio-tape-recuperari-kinesiologice-adeziv-prietenos-cu-pielea-impermeabil-gonga-3\/\",\"url\":\"https:\/\/www.zoko.ro\/p\/banda-kinesiologica-kinesio-tape-recuperari-kinesiologice-adeziv-prietenos-cu-pielea-impermeabil-gonga-3\/\",\"name\":\"Banda Kinesiologica, Kinesio tape, recuperari kinesiologice, adeziv prietenos cu pielea, impermeabil, Gonga\u00ae | ZOKO\",\"isPartOf\":{\"@id\":\"https:\/\/www.zoko.ro\/#website\"},\"primaryImageOfPage\":{\"@id\":\"https:\/\/www.zoko.ro\/p\/banda-kinesiologica-kinesio-tape-recuperari-kinesiologice-adeziv-prietenos-cu-pielea-impermeabil-gonga-3\/#primaryimage\"},\"image\":{\"@id\":\"https:\/\/www.zoko.ro\/p\/banda-kinesiologica-kinesio-tape-recuperari-kinesiologice-adeziv-prietenos-cu-pielea-impermeabil-gonga-3\/#primaryimage\"},\"thumbnailUrl\":\"https:\/\/www.zoko.ro\/wp-content\/uploads\/2025\/03\/banda-kinesiologica-kinesio-tape-recuperari-kinesiologice-adeziv-prietenos-cu-pielea-impermeabil-gonga-15.jpg\",\"datePublished\":\"2026-04-28T21:36:38+00:00\",\"breadcrumb\":{\"@id\":\"https:\/\/www.zoko.ro\/p\/banda-kinesiologica-kinesio-tape-recuperari-kinesiologice-adeziv-prietenos-cu-pielea-impermeabil-gonga-3\/#breadcrumb\"},\"inLanguage\":\"en-GB\",\"potentialAction\":[{\"@type\":\"ReadAction\",\"target\":[\"https:\/\/www.zoko.ro\/p\/banda-kinesiologica-kinesio-tape-recuperari-kinesiologice-adeziv-prietenos-cu-pielea-impermeabil-gonga-3\/\"]}]},{\"@type\":\"ImageObject\",\"inLanguage\":\"en-GB\",\"@id\":\"https:\/\/www.zoko.ro\/p\/banda-kinesiologica-kinesio-tape-recuperari-kinesiologice-adeziv-prietenos-cu-pielea-impermeabil-gonga-3\/#primaryimage\",\"url\":\"https:\/\/www.zoko.ro\/wp-content\/uploads\/2025\/03\/banda-kinesiologica-kinesio-tape-recuperari-kinesiologice-adeziv-prietenos-cu-pielea-impermeabil-gonga-15.jpg\",\"contentUrl\":\"https:\/\/www.zoko.ro\/wp-content\/uploads\/2025\/03\/banda-kinesiologica-kinesio-tape-recuperari-kinesiologice-adeziv-prietenos-cu-pielea-impermeabil-gonga-15.jpg\",\"width\":1500,\"height\":1048},{\"@type\":\"BreadcrumbList\",\"@id\":\"https:\/\/www.zoko.ro\/p\/banda-kinesiologica-kinesio-tape-recuperari-kinesiologice-adeziv-prietenos-cu-pielea-impermeabil-gonga-3\/#breadcrumb\",\"itemListElement\":[{\"@type\":\"ListItem\",\"position\":1,\"name\":\"Home\",\"item\":\"https:\/\/www.zoko.ro\/\"},{\"@type\":\"ListItem\",\"position\":2,\"name\":\"Magazin\",\"item\":\"https:\/\/www.zoko.ro\/magazin\/\"},{\"@type\":\"ListItem\",\"position\":3,\"name\":\"Banda Kinesiologica, Kinesio tape, recuperari kinesiologice, adeziv prietenos cu pielea, impermeabil, Gonga\u00ae\"}]},{\"@type\":\"WebSite\",\"@id\":\"https:\/\/www.zoko.ro\/#website\",\"url\":\"https:\/\/www.zoko.ro\/\",\"name\":\"ZOKO.ro\",\"description\":\"Cump\u0103r\u0103 inteligent\",\"publisher\":{\"@id\":\"https:\/\/www.zoko.ro\/#organization\"},\"potentialAction\":[{\"@type\":\"SearchAction\",\"target\":{\"@type\":\"EntryPoint\",\"urlTemplate\":\"https:\/\/www.zoko.ro\/?s={search_term_string}\"},\"query-input\":{\"@type\":\"PropertyValueSpecification\",\"valueRequired\":true,\"valueName\":\"search_term_string\"}}],\"inLanguage\":\"en-GB\"},{\"@type\":\"Organization\",\"@id\":\"https:\/\/www.zoko.ro\/#organization\",\"name\":\"ZOKO\",\"url\":\"https:\/\/www.zoko.ro\/\",\"logo\":{\"@type\":\"ImageObject\",\"inLanguage\":\"en-GB\",\"@id\":\"https:\/\/www.zoko.ro\/#\/schema\/logo\/image\/\",\"url\":\"https:\/\/www.zoko.ro\/wp-content\/uploads\/2025\/03\/logo1.svg\",\"contentUrl\":\"https:\/\/www.zoko.ro\/wp-content\/uploads\/2025\/03\/logo1.svg\",\"width\":799,\"height\":216,\"caption\":\"ZOKO\"},\"image\":{\"@id\":\"https:\/\/www.zoko.ro\/#\/schema\/logo\/image\/\"},\"sameAs\":[\"https:\/\/www.facebook.com\/profile.php?id=61584344135075\"]}]}<\/script>\n<!-- \/ Yoast SEO plugin. -->","yoast_head_json":{"title":"Banda Kinesiologica, Kinesio tape, recuperari kinesiologice, adeziv prietenos cu pielea, impermeabil, Gonga\u00ae | ZOKO","robots":{"index":"index","follow":"follow","max-snippet":"max-snippet:-1","max-image-preview":"max-image-preview:large","max-video-preview":"max-video-preview:-1"},"canonical":"https:\/\/www.zoko.ro\/en\/p\/banda-kinesiologica-kinesio-tape-recuperari-kinesiologice-adeziv-prietenos-cu-pielea-impermeabil-gonga-3\/","og_locale":"en_GB","og_type":"article","og_title":"Banda Kinesiologica, Kinesio tape, recuperari kinesiologice, adeziv prietenos cu pielea, impermeabil, Gonga\u00ae | ZOKO","og_description":"Culoare: Crem Banda Kinesiologic\u0103 Sportiv\u0103 PRO 5m x 5cm Indiferent dac\u0103 e\u0219ti un atlet profesionist, un amator sau pur \u0219i","og_url":"https:\/\/www.zoko.ro\/en\/p\/banda-kinesiologica-kinesio-tape-recuperari-kinesiologice-adeziv-prietenos-cu-pielea-impermeabil-gonga-3\/","og_site_name":"ZOKO","article_publisher":"https:\/\/www.facebook.com\/profile.php?id=61584344135075","og_image":[{"width":1500,"height":1048,"url":"https:\/\/www.zoko.ro\/wp-content\/uploads\/2025\/03\/banda-kinesiologica-kinesio-tape-recuperari-kinesiologice-adeziv-prietenos-cu-pielea-impermeabil-gonga-15.jpg","type":"image\/jpeg"}],"twitter_card":"summary_large_image","twitter_misc":{"Estimated reading time":"1 minute"},"schema":{"@context":"https:\/\/schema.org","@graph":[{"@type":"WebPage","@id":"https:\/\/www.zoko.ro\/p\/banda-kinesiologica-kinesio-tape-recuperari-kinesiologice-adeziv-prietenos-cu-pielea-impermeabil-gonga-3\/","url":"https:\/\/www.zoko.ro\/p\/banda-kinesiologica-kinesio-tape-recuperari-kinesiologice-adeziv-prietenos-cu-pielea-impermeabil-gonga-3\/","name":"Banda Kinesiologica, Kinesio tape, recuperari kinesiologice, adeziv prietenos cu pielea, impermeabil, Gonga\u00ae | ZOKO","isPartOf":{"@id":"https:\/\/www.zoko.ro\/#website"},"primaryImageOfPage":{"@id":"https:\/\/www.zoko.ro\/p\/banda-kinesiologica-kinesio-tape-recuperari-kinesiologice-adeziv-prietenos-cu-pielea-impermeabil-gonga-3\/#primaryimage"},"image":{"@id":"https:\/\/www.zoko.ro\/p\/banda-kinesiologica-kinesio-tape-recuperari-kinesiologice-adeziv-prietenos-cu-pielea-impermeabil-gonga-3\/#primaryimage"},"thumbnailUrl":"https:\/\/www.zoko.ro\/wp-content\/uploads\/2025\/03\/banda-kinesiologica-kinesio-tape-recuperari-kinesiologice-adeziv-prietenos-cu-pielea-impermeabil-gonga-15.jpg","datePublished":"2026-04-28T21:36:38+00:00","breadcrumb":{"@id":"https:\/\/www.zoko.ro\/p\/banda-kinesiologica-kinesio-tape-recuperari-kinesiologice-adeziv-prietenos-cu-pielea-impermeabil-gonga-3\/#breadcrumb"},"inLanguage":"en-GB","potentialAction":[{"@type":"ReadAction","target":["https:\/\/www.zoko.ro\/p\/banda-kinesiologica-kinesio-tape-recuperari-kinesiologice-adeziv-prietenos-cu-pielea-impermeabil-gonga-3\/"]}]},{"@type":"ImageObject","inLanguage":"en-GB","@id":"https:\/\/www.zoko.ro\/p\/banda-kinesiologica-kinesio-tape-recuperari-kinesiologice-adeziv-prietenos-cu-pielea-impermeabil-gonga-3\/#primaryimage","url":"https:\/\/www.zoko.ro\/wp-content\/uploads\/2025\/03\/banda-kinesiologica-kinesio-tape-recuperari-kinesiologice-adeziv-prietenos-cu-pielea-impermeabil-gonga-15.jpg","contentUrl":"https:\/\/www.zoko.ro\/wp-content\/uploads\/2025\/03\/banda-kinesiologica-kinesio-tape-recuperari-kinesiologice-adeziv-prietenos-cu-pielea-impermeabil-gonga-15.jpg","width":1500,"height":1048},{"@type":"BreadcrumbList","@id":"https:\/\/www.zoko.ro\/p\/banda-kinesiologica-kinesio-tape-recuperari-kinesiologice-adeziv-prietenos-cu-pielea-impermeabil-gonga-3\/#breadcrumb","itemListElement":[{"@type":"ListItem","position":1,"name":"Home","item":"https:\/\/www.zoko.ro\/"},{"@type":"ListItem","position":2,"name":"Magazin","item":"https:\/\/www.zoko.ro\/magazin\/"},{"@type":"ListItem","position":3,"name":"Banda Kinesiologica, Kinesio tape, recuperari kinesiologice, adeziv prietenos cu pielea, impermeabil, Gonga\u00ae"}]},{"@type":"WebSite","@id":"https:\/\/www.zoko.ro\/#website","url":"https:\/\/www.zoko.ro\/","name":"ZOKO.ro","description":"Cump\u0103r\u0103 inteligent","publisher":{"@id":"https:\/\/www.zoko.ro\/#organization"},"potentialAction":[{"@type":"SearchAction","target":{"@type":"EntryPoint","urlTemplate":"https:\/\/www.zoko.ro\/?s={search_term_string}"},"query-input":{"@type":"PropertyValueSpecification","valueRequired":true,"valueName":"search_term_string"}}],"inLanguage":"en-GB"},{"@type":"Organization","@id":"https:\/\/www.zoko.ro\/#organization","name":"ZOKO","url":"https:\/\/www.zoko.ro\/","logo":{"@type":"ImageObject","inLanguage":"en-GB","@id":"https:\/\/www.zoko.ro\/#\/schema\/logo\/image\/","url":"https:\/\/www.zoko.ro\/wp-content\/uploads\/2025\/03\/logo1.svg","contentUrl":"https:\/\/www.zoko.ro\/wp-content\/uploads\/2025\/03\/logo1.svg","width":799,"height":216,"caption":"ZOKO"},"image":{"@id":"https:\/\/www.zoko.ro\/#\/schema\/logo\/image\/"},"sameAs":["https:\/\/www.facebook.com\/profile.php?id=61584344135075"]}]}},"_links":{"self":[{"href":"https:\/\/www.zoko.ro\/en\/wp-json\/wp\/v2\/product\/12771","targetHints":{"allow":["GET"]}}],"collection":[{"href":"https:\/\/www.zoko.ro\/en\/wp-json\/wp\/v2\/product"}],"about":[{"href":"https:\/\/www.zoko.ro\/en\/wp-json\/wp\/v2\/types\/product"}],"replies":[{"embeddable":true,"href":"https:\/\/www.zoko.ro\/en\/wp-json\/wp\/v2\/comments?post=12771"}],"version-history":[{"count":1,"href":"https:\/\/www.zoko.ro\/en\/wp-json\/wp\/v2\/product\/12771\/revisions"}],"predecessor-version":[{"id":12772,"href":"https:\/\/www.zoko.ro\/en\/wp-json\/wp\/v2\/product\/12771\/revisions\/12772"}],"wp:featuredmedia":[{"embeddable":true,"href":"https:\/\/www.zoko.ro\/en\/wp-json\/wp\/v2\/media\/12773"}],"wp:attachment":[{"href":"https:\/\/www.zoko.ro\/en\/wp-json\/wp\/v2\/media?parent=12771"}],"wp:term":[{"taxonomy":"product_brand","embeddable":true,"href":"https:\/\/www.zoko.ro\/en\/wp-json\/wp\/v2\/product_brand?post=12771"},{"taxonomy":"product_cat","embeddable":true,"href":"https:\/\/www.zoko.ro\/en\/wp-json\/wp\/v2\/product_cat?post=12771"},{"taxonomy":"product_tag","embeddable":true,"href":"https:\/\/www.zoko.ro\/en\/wp-json\/wp\/v2\/product_tag?post=12771"}],"curies":[{"name":"wp","href":"https:\/\/api.w.org\/{rel}","templated":true}]}}