{"id":12845,"date":"2026-04-28T23:36:40","date_gmt":"2026-04-28T21:36:40","guid":{"rendered":"https:\/\/www.zoko.ro\/p\/recuperator-flexibil-pentru-obiecte-mici-cu-arc-si-gheara-pentru-prindere-din-plastic-metal-lungime-60-cm-gonga\/"},"modified":"2026-04-28T23:36:40","modified_gmt":"2026-04-28T21:36:40","slug":"recuperator-flexibil-pentru-obiecte-mici-cu-arc-si-gheara-pentru-prindere-din-plastic-metal-lungime-60-cm-gonga","status":"publish","type":"product","link":"https:\/\/www.zoko.ro\/en\/p\/recuperator-flexibil-pentru-obiecte-mici-cu-arc-si-gheara-pentru-prindere-din-plastic-metal-lungime-60-cm-gonga\/","title":{"rendered":"Recuperator flexibil pentru obiecte mici, cu arc si gheara pentru prindere, din plastic\/metal, lungime 60 cm, Gonga\u00ae"},"content":{"rendered":"<p><strong>Culoare:<\/strong> Argintiu<\/p>\n<p>Recuperatorul flexibil pentru obiecte mici, cu arc \u0219i ghear\u0103 pentru prindere, este un instrument indispensabil \u00een orice atelier, garaj sau spa\u021biu de lucru. Acesta este proiectat pentru a facilita manipularea \u0219i recuperarea pieselor mici, cum ar fi \u0219uruburi, piuli\u021be sau alte componente greu accesibile. Sistemul cu arc flexibil permite comprimarea ghearei, iar dup\u0103 eliberarea acestuia, labele se extind \u0219i se prind eficient de obiectele dorite, oferindu-\u021bi un control excelent.<\/p>\n<p><img loading=\"lazy\" decoding=\"async\" src=\"https:\/\/gonga.ro\/img\/cms\/Recuperator%20flexibil%20pentru%20obiecte%20mici,%20cu%20arc%20si%20gheara%20pentru%20prindere,%20din%20plastic5.jpg\" alt=\"\" width=\"1001\" height=\"1001\" \/><\/p>\n<p>Datorit\u0103 flexibilit\u0103\u021bii sale, recuperatorul poate ajunge chiar \u0219i \u00een cele mai \u00eenguste sau inaccesibile col\u021buri, economisind timp \u0219i efort. Este u\u0219or de utilizat \u0219i \u00ee\u021bi va transforma munca \u00eentr-un proces mult mai rapid \u0219i mai eficient, \u00een special atunci c\u00e2nd vine vorba de extragerea pieselor pierdute sau de recuperarea obiectelor din locuri greu accesibile.<\/p>\n<p><img loading=\"lazy\" decoding=\"async\" src=\"https:\/\/gonga.ro\/img\/cms\/Recuperator%20flexibil%20pentru%20obiecte%20mici,%20cu%20arc%20si%20gheara%20pentru%20prindere,%20din%20plastic4.jpg\" alt=\"\" width=\"1000\" height=\"999\" \/><\/p>\n<p>Fabricat dintr-un mix de plastic \u0219i metal, acest recuperator este at\u00e2t durabil, c\u00e2t \u0219i rezistent. Lungimea de 60 cm \u00ee\u021bi ofer\u0103 suficient\u0103 raz\u0103 de ac\u021biune pentru a ajunge la piesele dorite. Fie c\u0103 lucrezi la repararea unui automobil, fie c\u0103 efectuezi diverse lucr\u0103ri de mentenan\u021b\u0103, acest instrument va deveni rapid un aliat de n\u0103dejde.<\/p>\n<p><img loading=\"lazy\" decoding=\"async\" src=\"https:\/\/gonga.ro\/img\/cms\/Recuperator%20flexibil%20pentru%20obiecte%20mici,%20cu%20arc%20si%20gheara%20pentru%20prindere,%20din%20plastic2.jpg\" alt=\"\" width=\"1200\" height=\"1200\" \/><\/p>\n<\/p>\n<p><strong>Specificatii:<\/strong><\/p>\n<\/p>\n<p>&#8211; Material: Metal, Plastic<\/p>\n<p>&#8211; Culoare: Argintiu<\/p>\n<p>&#8211; Lungime: 60 cm<\/p>","protected":false},"excerpt":{"rendered":"<p>Culoare: Argintiu Recuperatorul flexibil pentru obiecte mici, cu arc \u0219i ghear\u0103 pentru prindere, este un instrument indispensabil \u00een orice atelier,<\/p>","protected":false},"featured_media":12847,"comment_status":"open","ping_status":"open","template":"","meta":[],"product_brand":[],"product_cat":[99,100,110],"product_tag":[104],"class_list":{"0":"post-12845","1":"product","2":"type-product","3":"status-publish","4":"has-post-thumbnail","6":"product_cat-acasa","7":"product_cat-casa-gradina","8":"product_cat-scule-electrice-unelte","9":"product_tag-in-stoc","10":"pa_culoare-argintiu","12":"first","13":"instock","14":"sale","15":"purchasable","16":"product-type-simple"},"yoast_head":"<!-- This site is optimized with the Yoast SEO plugin v27.2 - https:\/\/yoast.com\/product\/yoast-seo-wordpress\/ -->\n<title>Recuperator flexibil pentru obiecte mici, cu arc si gheara pentru prindere, din plastic\/metal, lungime 60 cm, Gonga\u00ae | ZOKO<\/title>\n<meta name=\"robots\" content=\"index, follow, max-snippet:-1, max-image-preview:large, max-video-preview:-1\" \/>\n<link rel=\"canonical\" href=\"https:\/\/www.zoko.ro\/en\/p\/recuperator-flexibil-pentru-obiecte-mici-cu-arc-si-gheara-pentru-prindere-din-plastic-metal-lungime-60-cm-gonga\/\" \/>\n<meta property=\"og:locale\" content=\"en_GB\" \/>\n<meta property=\"og:type\" content=\"article\" \/>\n<meta property=\"og:title\" content=\"Recuperator flexibil pentru obiecte mici, cu arc si gheara pentru prindere, din plastic\/metal, lungime 60 cm, Gonga\u00ae | ZOKO\" \/>\n<meta property=\"og:description\" content=\"Culoare: Argintiu Recuperatorul flexibil pentru obiecte mici, cu arc \u0219i ghear\u0103 pentru prindere, este un instrument indispensabil \u00een orice atelier,\" \/>\n<meta property=\"og:url\" content=\"https:\/\/www.zoko.ro\/en\/p\/recuperator-flexibil-pentru-obiecte-mici-cu-arc-si-gheara-pentru-prindere-din-plastic-metal-lungime-60-cm-gonga\/\" \/>\n<meta property=\"og:site_name\" content=\"ZOKO\" \/>\n<meta property=\"article:publisher\" content=\"https:\/\/www.facebook.com\/profile.php?id=61584344135075\" \/>\n<meta property=\"og:image\" content=\"https:\/\/www.zoko.ro\/wp-content\/uploads\/2025\/03\/recuperator-flexibil-pentru-obiecte-mici-cu-arc-si-gheara-pentru-prindere-din-plasticmetal-lungime-60-cm-gonga.jpg\" \/>\n\t<meta property=\"og:image:width\" content=\"1200\" \/>\n\t<meta property=\"og:image:height\" content=\"1505\" \/>\n\t<meta property=\"og:image:type\" content=\"image\/jpeg\" \/>\n<meta name=\"twitter:card\" content=\"summary_large_image\" \/>\n<meta name=\"twitter:label1\" content=\"Estimated reading time\" \/>\n\t<meta name=\"twitter:data1\" content=\"1 minute\" \/>\n<script type=\"application\/ld+json\" class=\"yoast-schema-graph\">{\"@context\":\"https:\/\/schema.org\",\"@graph\":[{\"@type\":\"WebPage\",\"@id\":\"https:\/\/www.zoko.ro\/p\/recuperator-flexibil-pentru-obiecte-mici-cu-arc-si-gheara-pentru-prindere-din-plastic-metal-lungime-60-cm-gonga\/\",\"url\":\"https:\/\/www.zoko.ro\/p\/recuperator-flexibil-pentru-obiecte-mici-cu-arc-si-gheara-pentru-prindere-din-plastic-metal-lungime-60-cm-gonga\/\",\"name\":\"Recuperator flexibil pentru obiecte mici, cu arc si gheara pentru prindere, din plastic\/metal, lungime 60 cm, Gonga\u00ae | ZOKO\",\"isPartOf\":{\"@id\":\"https:\/\/www.zoko.ro\/#website\"},\"primaryImageOfPage\":{\"@id\":\"https:\/\/www.zoko.ro\/p\/recuperator-flexibil-pentru-obiecte-mici-cu-arc-si-gheara-pentru-prindere-din-plastic-metal-lungime-60-cm-gonga\/#primaryimage\"},\"image\":{\"@id\":\"https:\/\/www.zoko.ro\/p\/recuperator-flexibil-pentru-obiecte-mici-cu-arc-si-gheara-pentru-prindere-din-plastic-metal-lungime-60-cm-gonga\/#primaryimage\"},\"thumbnailUrl\":\"https:\/\/www.zoko.ro\/wp-content\/uploads\/2025\/03\/recuperator-flexibil-pentru-obiecte-mici-cu-arc-si-gheara-pentru-prindere-din-plasticmetal-lungime-60-cm-gonga.jpg\",\"datePublished\":\"2026-04-28T21:36:40+00:00\",\"breadcrumb\":{\"@id\":\"https:\/\/www.zoko.ro\/p\/recuperator-flexibil-pentru-obiecte-mici-cu-arc-si-gheara-pentru-prindere-din-plastic-metal-lungime-60-cm-gonga\/#breadcrumb\"},\"inLanguage\":\"en-GB\",\"potentialAction\":[{\"@type\":\"ReadAction\",\"target\":[\"https:\/\/www.zoko.ro\/p\/recuperator-flexibil-pentru-obiecte-mici-cu-arc-si-gheara-pentru-prindere-din-plastic-metal-lungime-60-cm-gonga\/\"]}]},{\"@type\":\"ImageObject\",\"inLanguage\":\"en-GB\",\"@id\":\"https:\/\/www.zoko.ro\/p\/recuperator-flexibil-pentru-obiecte-mici-cu-arc-si-gheara-pentru-prindere-din-plastic-metal-lungime-60-cm-gonga\/#primaryimage\",\"url\":\"https:\/\/www.zoko.ro\/wp-content\/uploads\/2025\/03\/recuperator-flexibil-pentru-obiecte-mici-cu-arc-si-gheara-pentru-prindere-din-plasticmetal-lungime-60-cm-gonga.jpg\",\"contentUrl\":\"https:\/\/www.zoko.ro\/wp-content\/uploads\/2025\/03\/recuperator-flexibil-pentru-obiecte-mici-cu-arc-si-gheara-pentru-prindere-din-plasticmetal-lungime-60-cm-gonga.jpg\",\"width\":1200,\"height\":1505},{\"@type\":\"BreadcrumbList\",\"@id\":\"https:\/\/www.zoko.ro\/p\/recuperator-flexibil-pentru-obiecte-mici-cu-arc-si-gheara-pentru-prindere-din-plastic-metal-lungime-60-cm-gonga\/#breadcrumb\",\"itemListElement\":[{\"@type\":\"ListItem\",\"position\":1,\"name\":\"Home\",\"item\":\"https:\/\/www.zoko.ro\/\"},{\"@type\":\"ListItem\",\"position\":2,\"name\":\"Magazin\",\"item\":\"https:\/\/www.zoko.ro\/magazin\/\"},{\"@type\":\"ListItem\",\"position\":3,\"name\":\"Recuperator flexibil pentru obiecte mici, cu arc si gheara pentru prindere, din plastic\/metal, lungime 60 cm, Gonga\u00ae\"}]},{\"@type\":\"WebSite\",\"@id\":\"https:\/\/www.zoko.ro\/#website\",\"url\":\"https:\/\/www.zoko.ro\/\",\"name\":\"ZOKO.ro\",\"description\":\"Cump\u0103r\u0103 inteligent\",\"publisher\":{\"@id\":\"https:\/\/www.zoko.ro\/#organization\"},\"potentialAction\":[{\"@type\":\"SearchAction\",\"target\":{\"@type\":\"EntryPoint\",\"urlTemplate\":\"https:\/\/www.zoko.ro\/?s={search_term_string}\"},\"query-input\":{\"@type\":\"PropertyValueSpecification\",\"valueRequired\":true,\"valueName\":\"search_term_string\"}}],\"inLanguage\":\"en-GB\"},{\"@type\":\"Organization\",\"@id\":\"https:\/\/www.zoko.ro\/#organization\",\"name\":\"ZOKO\",\"url\":\"https:\/\/www.zoko.ro\/\",\"logo\":{\"@type\":\"ImageObject\",\"inLanguage\":\"en-GB\",\"@id\":\"https:\/\/www.zoko.ro\/#\/schema\/logo\/image\/\",\"url\":\"https:\/\/www.zoko.ro\/wp-content\/uploads\/2025\/03\/logo1.svg\",\"contentUrl\":\"https:\/\/www.zoko.ro\/wp-content\/uploads\/2025\/03\/logo1.svg\",\"width\":799,\"height\":216,\"caption\":\"ZOKO\"},\"image\":{\"@id\":\"https:\/\/www.zoko.ro\/#\/schema\/logo\/image\/\"},\"sameAs\":[\"https:\/\/www.facebook.com\/profile.php?id=61584344135075\"]}]}<\/script>\n<!-- \/ Yoast SEO plugin. -->","yoast_head_json":{"title":"Recuperator flexibil pentru obiecte mici, cu arc si gheara pentru prindere, din plastic\/metal, lungime 60 cm, Gonga\u00ae | ZOKO","robots":{"index":"index","follow":"follow","max-snippet":"max-snippet:-1","max-image-preview":"max-image-preview:large","max-video-preview":"max-video-preview:-1"},"canonical":"https:\/\/www.zoko.ro\/en\/p\/recuperator-flexibil-pentru-obiecte-mici-cu-arc-si-gheara-pentru-prindere-din-plastic-metal-lungime-60-cm-gonga\/","og_locale":"en_GB","og_type":"article","og_title":"Recuperator flexibil pentru obiecte mici, cu arc si gheara pentru prindere, din plastic\/metal, lungime 60 cm, Gonga\u00ae | ZOKO","og_description":"Culoare: Argintiu Recuperatorul flexibil pentru obiecte mici, cu arc \u0219i ghear\u0103 pentru prindere, este un instrument indispensabil \u00een orice atelier,","og_url":"https:\/\/www.zoko.ro\/en\/p\/recuperator-flexibil-pentru-obiecte-mici-cu-arc-si-gheara-pentru-prindere-din-plastic-metal-lungime-60-cm-gonga\/","og_site_name":"ZOKO","article_publisher":"https:\/\/www.facebook.com\/profile.php?id=61584344135075","og_image":[{"width":1200,"height":1505,"url":"https:\/\/www.zoko.ro\/wp-content\/uploads\/2025\/03\/recuperator-flexibil-pentru-obiecte-mici-cu-arc-si-gheara-pentru-prindere-din-plasticmetal-lungime-60-cm-gonga.jpg","type":"image\/jpeg"}],"twitter_card":"summary_large_image","twitter_misc":{"Estimated reading time":"1 minute"},"schema":{"@context":"https:\/\/schema.org","@graph":[{"@type":"WebPage","@id":"https:\/\/www.zoko.ro\/p\/recuperator-flexibil-pentru-obiecte-mici-cu-arc-si-gheara-pentru-prindere-din-plastic-metal-lungime-60-cm-gonga\/","url":"https:\/\/www.zoko.ro\/p\/recuperator-flexibil-pentru-obiecte-mici-cu-arc-si-gheara-pentru-prindere-din-plastic-metal-lungime-60-cm-gonga\/","name":"Recuperator flexibil pentru obiecte mici, cu arc si gheara pentru prindere, din plastic\/metal, lungime 60 cm, Gonga\u00ae | ZOKO","isPartOf":{"@id":"https:\/\/www.zoko.ro\/#website"},"primaryImageOfPage":{"@id":"https:\/\/www.zoko.ro\/p\/recuperator-flexibil-pentru-obiecte-mici-cu-arc-si-gheara-pentru-prindere-din-plastic-metal-lungime-60-cm-gonga\/#primaryimage"},"image":{"@id":"https:\/\/www.zoko.ro\/p\/recuperator-flexibil-pentru-obiecte-mici-cu-arc-si-gheara-pentru-prindere-din-plastic-metal-lungime-60-cm-gonga\/#primaryimage"},"thumbnailUrl":"https:\/\/www.zoko.ro\/wp-content\/uploads\/2025\/03\/recuperator-flexibil-pentru-obiecte-mici-cu-arc-si-gheara-pentru-prindere-din-plasticmetal-lungime-60-cm-gonga.jpg","datePublished":"2026-04-28T21:36:40+00:00","breadcrumb":{"@id":"https:\/\/www.zoko.ro\/p\/recuperator-flexibil-pentru-obiecte-mici-cu-arc-si-gheara-pentru-prindere-din-plastic-metal-lungime-60-cm-gonga\/#breadcrumb"},"inLanguage":"en-GB","potentialAction":[{"@type":"ReadAction","target":["https:\/\/www.zoko.ro\/p\/recuperator-flexibil-pentru-obiecte-mici-cu-arc-si-gheara-pentru-prindere-din-plastic-metal-lungime-60-cm-gonga\/"]}]},{"@type":"ImageObject","inLanguage":"en-GB","@id":"https:\/\/www.zoko.ro\/p\/recuperator-flexibil-pentru-obiecte-mici-cu-arc-si-gheara-pentru-prindere-din-plastic-metal-lungime-60-cm-gonga\/#primaryimage","url":"https:\/\/www.zoko.ro\/wp-content\/uploads\/2025\/03\/recuperator-flexibil-pentru-obiecte-mici-cu-arc-si-gheara-pentru-prindere-din-plasticmetal-lungime-60-cm-gonga.jpg","contentUrl":"https:\/\/www.zoko.ro\/wp-content\/uploads\/2025\/03\/recuperator-flexibil-pentru-obiecte-mici-cu-arc-si-gheara-pentru-prindere-din-plasticmetal-lungime-60-cm-gonga.jpg","width":1200,"height":1505},{"@type":"BreadcrumbList","@id":"https:\/\/www.zoko.ro\/p\/recuperator-flexibil-pentru-obiecte-mici-cu-arc-si-gheara-pentru-prindere-din-plastic-metal-lungime-60-cm-gonga\/#breadcrumb","itemListElement":[{"@type":"ListItem","position":1,"name":"Home","item":"https:\/\/www.zoko.ro\/"},{"@type":"ListItem","position":2,"name":"Magazin","item":"https:\/\/www.zoko.ro\/magazin\/"},{"@type":"ListItem","position":3,"name":"Recuperator flexibil pentru obiecte mici, cu arc si gheara pentru prindere, din plastic\/metal, lungime 60 cm, Gonga\u00ae"}]},{"@type":"WebSite","@id":"https:\/\/www.zoko.ro\/#website","url":"https:\/\/www.zoko.ro\/","name":"ZOKO.ro","description":"Cump\u0103r\u0103 inteligent","publisher":{"@id":"https:\/\/www.zoko.ro\/#organization"},"potentialAction":[{"@type":"SearchAction","target":{"@type":"EntryPoint","urlTemplate":"https:\/\/www.zoko.ro\/?s={search_term_string}"},"query-input":{"@type":"PropertyValueSpecification","valueRequired":true,"valueName":"search_term_string"}}],"inLanguage":"en-GB"},{"@type":"Organization","@id":"https:\/\/www.zoko.ro\/#organization","name":"ZOKO","url":"https:\/\/www.zoko.ro\/","logo":{"@type":"ImageObject","inLanguage":"en-GB","@id":"https:\/\/www.zoko.ro\/#\/schema\/logo\/image\/","url":"https:\/\/www.zoko.ro\/wp-content\/uploads\/2025\/03\/logo1.svg","contentUrl":"https:\/\/www.zoko.ro\/wp-content\/uploads\/2025\/03\/logo1.svg","width":799,"height":216,"caption":"ZOKO"},"image":{"@id":"https:\/\/www.zoko.ro\/#\/schema\/logo\/image\/"},"sameAs":["https:\/\/www.facebook.com\/profile.php?id=61584344135075"]}]}},"_links":{"self":[{"href":"https:\/\/www.zoko.ro\/en\/wp-json\/wp\/v2\/product\/12845","targetHints":{"allow":["GET"]}}],"collection":[{"href":"https:\/\/www.zoko.ro\/en\/wp-json\/wp\/v2\/product"}],"about":[{"href":"https:\/\/www.zoko.ro\/en\/wp-json\/wp\/v2\/types\/product"}],"replies":[{"embeddable":true,"href":"https:\/\/www.zoko.ro\/en\/wp-json\/wp\/v2\/comments?post=12845"}],"version-history":[{"count":1,"href":"https:\/\/www.zoko.ro\/en\/wp-json\/wp\/v2\/product\/12845\/revisions"}],"predecessor-version":[{"id":12846,"href":"https:\/\/www.zoko.ro\/en\/wp-json\/wp\/v2\/product\/12845\/revisions\/12846"}],"wp:featuredmedia":[{"embeddable":true,"href":"https:\/\/www.zoko.ro\/en\/wp-json\/wp\/v2\/media\/12847"}],"wp:attachment":[{"href":"https:\/\/www.zoko.ro\/en\/wp-json\/wp\/v2\/media?parent=12845"}],"wp:term":[{"taxonomy":"product_brand","embeddable":true,"href":"https:\/\/www.zoko.ro\/en\/wp-json\/wp\/v2\/product_brand?post=12845"},{"taxonomy":"product_cat","embeddable":true,"href":"https:\/\/www.zoko.ro\/en\/wp-json\/wp\/v2\/product_cat?post=12845"},{"taxonomy":"product_tag","embeddable":true,"href":"https:\/\/www.zoko.ro\/en\/wp-json\/wp\/v2\/product_tag?post=12845"}],"curies":[{"name":"wp","href":"https:\/\/api.w.org\/{rel}","templated":true}]}}