{"id":12860,"date":"2026-04-28T23:36:41","date_gmt":"2026-04-28T21:36:41","guid":{"rendered":"https:\/\/www.zoko.ro\/p\/lampa-dubla-led-cu-baterii-pentru-birou-sau-citit-clema-prindere-gonga\/"},"modified":"2026-04-28T23:36:41","modified_gmt":"2026-04-28T21:36:41","slug":"lampa-dubla-led-cu-baterii-pentru-birou-sau-citit-clema-prindere-gonga","status":"publish","type":"product","link":"https:\/\/www.zoko.ro\/en\/p\/lampa-dubla-led-cu-baterii-pentru-birou-sau-citit-clema-prindere-gonga\/","title":{"rendered":"Lampa dubla led cu baterii pentru birou sau citit, clema prindere, Gonga\u00ae"},"content":{"rendered":"<p><strong>Culoare:<\/strong> Negru<\/p>\n<p>Lamp\u0103 LED f\u0103r\u0103 fir, perfect\u0103 pentru a ilumina paginile c\u0103r\u021bilor sau pentru a lucra la laptop! Aceasta este echipat\u0103 cu 4 diode LED puternice, care ofer\u0103 o lumin\u0103 alb\u0103 str\u0103lucitoare, iar intensitatea luminii poate fi reglat\u0103 \u00een func\u021bie de preferin\u021bele tale. Designul flexibil \u0219i clipul u\u0219or de utilizat \u00ee\u021bi permit s\u0103 ata\u0219ezi lampa pe orice suprafa\u021b\u0103 \u0219i s\u0103 o pozi\u021bionezi cu precizie, pentru a ob\u021bine iluminarea dorit\u0103.<\/p>","protected":false},"excerpt":{"rendered":"<p>Culoare: Negru Lamp\u0103 LED f\u0103r\u0103 fir, perfect\u0103 pentru a ilumina paginile c\u0103r\u021bilor sau pentru a lucra la laptop! Aceasta este<\/p>","protected":false},"featured_media":12862,"comment_status":"open","ping_status":"open","template":"","meta":[],"product_brand":[],"product_cat":[99,100,138,112,139],"product_tag":[104],"class_list":{"0":"post-12860","1":"product","2":"type-product","3":"status-publish","4":"has-post-thumbnail","6":"product_cat-acasa","7":"product_cat-casa-gradina","8":"product_cat-corpuri-de-iluminat","9":"product_cat-iluminat-electrice","10":"product_cat-lampi-si-veioze","11":"product_tag-in-stoc","12":"pa_culoare-negru","14":"first","15":"instock","16":"sale","17":"purchasable","18":"product-type-simple"},"yoast_head":"<!-- This site is optimized with the Yoast SEO plugin v27.2 - https:\/\/yoast.com\/product\/yoast-seo-wordpress\/ -->\n<title>Lampa dubla led cu baterii pentru birou sau citit, clema prindere, Gonga\u00ae | ZOKO<\/title>\n<meta name=\"robots\" content=\"index, follow, max-snippet:-1, max-image-preview:large, max-video-preview:-1\" \/>\n<link rel=\"canonical\" href=\"https:\/\/www.zoko.ro\/en\/p\/lampa-dubla-led-cu-baterii-pentru-birou-sau-citit-clema-prindere-gonga\/\" \/>\n<meta property=\"og:locale\" content=\"en_GB\" \/>\n<meta property=\"og:type\" content=\"article\" \/>\n<meta property=\"og:title\" content=\"Lampa dubla led cu baterii pentru birou sau citit, clema prindere, Gonga\u00ae | ZOKO\" \/>\n<meta property=\"og:description\" content=\"Culoare: Negru Lamp\u0103 LED f\u0103r\u0103 fir, perfect\u0103 pentru a ilumina paginile c\u0103r\u021bilor sau pentru a lucra la laptop! Aceasta este\" \/>\n<meta property=\"og:url\" content=\"https:\/\/www.zoko.ro\/en\/p\/lampa-dubla-led-cu-baterii-pentru-birou-sau-citit-clema-prindere-gonga\/\" \/>\n<meta property=\"og:site_name\" content=\"ZOKO\" \/>\n<meta property=\"article:publisher\" content=\"https:\/\/www.facebook.com\/profile.php?id=61584344135075\" \/>\n<meta property=\"og:image\" content=\"https:\/\/www.zoko.ro\/wp-content\/uploads\/2025\/03\/lampa-dubla-led-cu-baterii-pentru-birou-sau-citit-clema-prindere-gonga.jpg\" \/>\n\t<meta property=\"og:image:width\" content=\"948\" \/>\n\t<meta property=\"og:image:height\" content=\"1200\" \/>\n\t<meta property=\"og:image:type\" content=\"image\/jpeg\" \/>\n<meta name=\"twitter:card\" content=\"summary_large_image\" \/>\n<script type=\"application\/ld+json\" class=\"yoast-schema-graph\">{\"@context\":\"https:\/\/schema.org\",\"@graph\":[{\"@type\":\"WebPage\",\"@id\":\"https:\/\/www.zoko.ro\/p\/lampa-dubla-led-cu-baterii-pentru-birou-sau-citit-clema-prindere-gonga\/\",\"url\":\"https:\/\/www.zoko.ro\/p\/lampa-dubla-led-cu-baterii-pentru-birou-sau-citit-clema-prindere-gonga\/\",\"name\":\"Lampa dubla led cu baterii pentru birou sau citit, clema prindere, Gonga\u00ae | ZOKO\",\"isPartOf\":{\"@id\":\"https:\/\/www.zoko.ro\/#website\"},\"primaryImageOfPage\":{\"@id\":\"https:\/\/www.zoko.ro\/p\/lampa-dubla-led-cu-baterii-pentru-birou-sau-citit-clema-prindere-gonga\/#primaryimage\"},\"image\":{\"@id\":\"https:\/\/www.zoko.ro\/p\/lampa-dubla-led-cu-baterii-pentru-birou-sau-citit-clema-prindere-gonga\/#primaryimage\"},\"thumbnailUrl\":\"https:\/\/www.zoko.ro\/wp-content\/uploads\/2025\/03\/lampa-dubla-led-cu-baterii-pentru-birou-sau-citit-clema-prindere-gonga.jpg\",\"datePublished\":\"2026-04-28T21:36:41+00:00\",\"breadcrumb\":{\"@id\":\"https:\/\/www.zoko.ro\/p\/lampa-dubla-led-cu-baterii-pentru-birou-sau-citit-clema-prindere-gonga\/#breadcrumb\"},\"inLanguage\":\"en-GB\",\"potentialAction\":[{\"@type\":\"ReadAction\",\"target\":[\"https:\/\/www.zoko.ro\/p\/lampa-dubla-led-cu-baterii-pentru-birou-sau-citit-clema-prindere-gonga\/\"]}]},{\"@type\":\"ImageObject\",\"inLanguage\":\"en-GB\",\"@id\":\"https:\/\/www.zoko.ro\/p\/lampa-dubla-led-cu-baterii-pentru-birou-sau-citit-clema-prindere-gonga\/#primaryimage\",\"url\":\"https:\/\/www.zoko.ro\/wp-content\/uploads\/2025\/03\/lampa-dubla-led-cu-baterii-pentru-birou-sau-citit-clema-prindere-gonga.jpg\",\"contentUrl\":\"https:\/\/www.zoko.ro\/wp-content\/uploads\/2025\/03\/lampa-dubla-led-cu-baterii-pentru-birou-sau-citit-clema-prindere-gonga.jpg\",\"width\":948,\"height\":1200},{\"@type\":\"BreadcrumbList\",\"@id\":\"https:\/\/www.zoko.ro\/p\/lampa-dubla-led-cu-baterii-pentru-birou-sau-citit-clema-prindere-gonga\/#breadcrumb\",\"itemListElement\":[{\"@type\":\"ListItem\",\"position\":1,\"name\":\"Home\",\"item\":\"https:\/\/www.zoko.ro\/\"},{\"@type\":\"ListItem\",\"position\":2,\"name\":\"Magazin\",\"item\":\"https:\/\/www.zoko.ro\/magazin\/\"},{\"@type\":\"ListItem\",\"position\":3,\"name\":\"Lampa dubla led cu baterii pentru birou sau citit, clema prindere, Gonga\u00ae\"}]},{\"@type\":\"WebSite\",\"@id\":\"https:\/\/www.zoko.ro\/#website\",\"url\":\"https:\/\/www.zoko.ro\/\",\"name\":\"ZOKO.ro\",\"description\":\"Cump\u0103r\u0103 inteligent\",\"publisher\":{\"@id\":\"https:\/\/www.zoko.ro\/#organization\"},\"potentialAction\":[{\"@type\":\"SearchAction\",\"target\":{\"@type\":\"EntryPoint\",\"urlTemplate\":\"https:\/\/www.zoko.ro\/?s={search_term_string}\"},\"query-input\":{\"@type\":\"PropertyValueSpecification\",\"valueRequired\":true,\"valueName\":\"search_term_string\"}}],\"inLanguage\":\"en-GB\"},{\"@type\":\"Organization\",\"@id\":\"https:\/\/www.zoko.ro\/#organization\",\"name\":\"ZOKO\",\"url\":\"https:\/\/www.zoko.ro\/\",\"logo\":{\"@type\":\"ImageObject\",\"inLanguage\":\"en-GB\",\"@id\":\"https:\/\/www.zoko.ro\/#\/schema\/logo\/image\/\",\"url\":\"https:\/\/www.zoko.ro\/wp-content\/uploads\/2025\/03\/logo1.svg\",\"contentUrl\":\"https:\/\/www.zoko.ro\/wp-content\/uploads\/2025\/03\/logo1.svg\",\"width\":799,\"height\":216,\"caption\":\"ZOKO\"},\"image\":{\"@id\":\"https:\/\/www.zoko.ro\/#\/schema\/logo\/image\/\"},\"sameAs\":[\"https:\/\/www.facebook.com\/profile.php?id=61584344135075\"]}]}<\/script>\n<!-- \/ Yoast SEO plugin. -->","yoast_head_json":{"title":"Lampa dubla led cu baterii pentru birou sau citit, clema prindere, Gonga\u00ae | ZOKO","robots":{"index":"index","follow":"follow","max-snippet":"max-snippet:-1","max-image-preview":"max-image-preview:large","max-video-preview":"max-video-preview:-1"},"canonical":"https:\/\/www.zoko.ro\/en\/p\/lampa-dubla-led-cu-baterii-pentru-birou-sau-citit-clema-prindere-gonga\/","og_locale":"en_GB","og_type":"article","og_title":"Lampa dubla led cu baterii pentru birou sau citit, clema prindere, Gonga\u00ae | ZOKO","og_description":"Culoare: Negru Lamp\u0103 LED f\u0103r\u0103 fir, perfect\u0103 pentru a ilumina paginile c\u0103r\u021bilor sau pentru a lucra la laptop! Aceasta este","og_url":"https:\/\/www.zoko.ro\/en\/p\/lampa-dubla-led-cu-baterii-pentru-birou-sau-citit-clema-prindere-gonga\/","og_site_name":"ZOKO","article_publisher":"https:\/\/www.facebook.com\/profile.php?id=61584344135075","og_image":[{"width":948,"height":1200,"url":"https:\/\/www.zoko.ro\/wp-content\/uploads\/2025\/03\/lampa-dubla-led-cu-baterii-pentru-birou-sau-citit-clema-prindere-gonga.jpg","type":"image\/jpeg"}],"twitter_card":"summary_large_image","schema":{"@context":"https:\/\/schema.org","@graph":[{"@type":"WebPage","@id":"https:\/\/www.zoko.ro\/p\/lampa-dubla-led-cu-baterii-pentru-birou-sau-citit-clema-prindere-gonga\/","url":"https:\/\/www.zoko.ro\/p\/lampa-dubla-led-cu-baterii-pentru-birou-sau-citit-clema-prindere-gonga\/","name":"Lampa dubla led cu baterii pentru birou sau citit, clema prindere, Gonga\u00ae | ZOKO","isPartOf":{"@id":"https:\/\/www.zoko.ro\/#website"},"primaryImageOfPage":{"@id":"https:\/\/www.zoko.ro\/p\/lampa-dubla-led-cu-baterii-pentru-birou-sau-citit-clema-prindere-gonga\/#primaryimage"},"image":{"@id":"https:\/\/www.zoko.ro\/p\/lampa-dubla-led-cu-baterii-pentru-birou-sau-citit-clema-prindere-gonga\/#primaryimage"},"thumbnailUrl":"https:\/\/www.zoko.ro\/wp-content\/uploads\/2025\/03\/lampa-dubla-led-cu-baterii-pentru-birou-sau-citit-clema-prindere-gonga.jpg","datePublished":"2026-04-28T21:36:41+00:00","breadcrumb":{"@id":"https:\/\/www.zoko.ro\/p\/lampa-dubla-led-cu-baterii-pentru-birou-sau-citit-clema-prindere-gonga\/#breadcrumb"},"inLanguage":"en-GB","potentialAction":[{"@type":"ReadAction","target":["https:\/\/www.zoko.ro\/p\/lampa-dubla-led-cu-baterii-pentru-birou-sau-citit-clema-prindere-gonga\/"]}]},{"@type":"ImageObject","inLanguage":"en-GB","@id":"https:\/\/www.zoko.ro\/p\/lampa-dubla-led-cu-baterii-pentru-birou-sau-citit-clema-prindere-gonga\/#primaryimage","url":"https:\/\/www.zoko.ro\/wp-content\/uploads\/2025\/03\/lampa-dubla-led-cu-baterii-pentru-birou-sau-citit-clema-prindere-gonga.jpg","contentUrl":"https:\/\/www.zoko.ro\/wp-content\/uploads\/2025\/03\/lampa-dubla-led-cu-baterii-pentru-birou-sau-citit-clema-prindere-gonga.jpg","width":948,"height":1200},{"@type":"BreadcrumbList","@id":"https:\/\/www.zoko.ro\/p\/lampa-dubla-led-cu-baterii-pentru-birou-sau-citit-clema-prindere-gonga\/#breadcrumb","itemListElement":[{"@type":"ListItem","position":1,"name":"Home","item":"https:\/\/www.zoko.ro\/"},{"@type":"ListItem","position":2,"name":"Magazin","item":"https:\/\/www.zoko.ro\/magazin\/"},{"@type":"ListItem","position":3,"name":"Lampa dubla led cu baterii pentru birou sau citit, clema prindere, Gonga\u00ae"}]},{"@type":"WebSite","@id":"https:\/\/www.zoko.ro\/#website","url":"https:\/\/www.zoko.ro\/","name":"ZOKO.ro","description":"Cump\u0103r\u0103 inteligent","publisher":{"@id":"https:\/\/www.zoko.ro\/#organization"},"potentialAction":[{"@type":"SearchAction","target":{"@type":"EntryPoint","urlTemplate":"https:\/\/www.zoko.ro\/?s={search_term_string}"},"query-input":{"@type":"PropertyValueSpecification","valueRequired":true,"valueName":"search_term_string"}}],"inLanguage":"en-GB"},{"@type":"Organization","@id":"https:\/\/www.zoko.ro\/#organization","name":"ZOKO","url":"https:\/\/www.zoko.ro\/","logo":{"@type":"ImageObject","inLanguage":"en-GB","@id":"https:\/\/www.zoko.ro\/#\/schema\/logo\/image\/","url":"https:\/\/www.zoko.ro\/wp-content\/uploads\/2025\/03\/logo1.svg","contentUrl":"https:\/\/www.zoko.ro\/wp-content\/uploads\/2025\/03\/logo1.svg","width":799,"height":216,"caption":"ZOKO"},"image":{"@id":"https:\/\/www.zoko.ro\/#\/schema\/logo\/image\/"},"sameAs":["https:\/\/www.facebook.com\/profile.php?id=61584344135075"]}]}},"_links":{"self":[{"href":"https:\/\/www.zoko.ro\/en\/wp-json\/wp\/v2\/product\/12860","targetHints":{"allow":["GET"]}}],"collection":[{"href":"https:\/\/www.zoko.ro\/en\/wp-json\/wp\/v2\/product"}],"about":[{"href":"https:\/\/www.zoko.ro\/en\/wp-json\/wp\/v2\/types\/product"}],"replies":[{"embeddable":true,"href":"https:\/\/www.zoko.ro\/en\/wp-json\/wp\/v2\/comments?post=12860"}],"version-history":[{"count":1,"href":"https:\/\/www.zoko.ro\/en\/wp-json\/wp\/v2\/product\/12860\/revisions"}],"predecessor-version":[{"id":12861,"href":"https:\/\/www.zoko.ro\/en\/wp-json\/wp\/v2\/product\/12860\/revisions\/12861"}],"wp:featuredmedia":[{"embeddable":true,"href":"https:\/\/www.zoko.ro\/en\/wp-json\/wp\/v2\/media\/12862"}],"wp:attachment":[{"href":"https:\/\/www.zoko.ro\/en\/wp-json\/wp\/v2\/media?parent=12860"}],"wp:term":[{"taxonomy":"product_brand","embeddable":true,"href":"https:\/\/www.zoko.ro\/en\/wp-json\/wp\/v2\/product_brand?post=12860"},{"taxonomy":"product_cat","embeddable":true,"href":"https:\/\/www.zoko.ro\/en\/wp-json\/wp\/v2\/product_cat?post=12860"},{"taxonomy":"product_tag","embeddable":true,"href":"https:\/\/www.zoko.ro\/en\/wp-json\/wp\/v2\/product_tag?post=12860"}],"curies":[{"name":"wp","href":"https:\/\/api.w.org\/{rel}","templated":true}]}}