{"id":12936,"date":"2026-04-28T23:36:43","date_gmt":"2026-04-28T21:36:43","guid":{"rendered":"https:\/\/www.zoko.ro\/p\/presa-pentru-stoarcerea-cartofilor-legumelor-si-fructelor-din-otel-inoxidabil-gonga\/"},"modified":"2026-04-28T23:36:44","modified_gmt":"2026-04-28T21:36:44","slug":"presa-pentru-stoarcerea-cartofilor-legumelor-si-fructelor-din-otel-inoxidabil-gonga","status":"publish","type":"product","link":"https:\/\/www.zoko.ro\/en\/p\/presa-pentru-stoarcerea-cartofilor-legumelor-si-fructelor-din-otel-inoxidabil-gonga\/","title":{"rendered":"Presa pentru stoarcerea cartofilor, legumelor si fructelor, din otel inoxidabil, Gonga\u00ae"},"content":{"rendered":"<p><strong>Culoare:<\/strong> Argintiu<\/p>\n<p><strong>Pres\u0103 pentru stoarcerea cartofilor, legumelor \u0219i fructelor, din o\u021bel inoxidabil<\/strong><\/p>\n<p>Transform\u0103 g\u0103titul \u00eentr-o experien\u021b\u0103 mai u\u0219oar\u0103 \u0219i mai eficient\u0103 cu aceast\u0103 pres\u0103 din o\u021bel inoxidabil, ideal\u0103 pentru pasarea cartofilor, stoarcerea legumelor \u0219i fructelor. Designul robust \u0219i materialele de \u00eenalt\u0103 calitate asigur\u0103 durabilitate \u0219i rezisten\u021b\u0103 la coroziune, fiind perfect\u0103 pentru utilizare \u00eendelungat\u0103 \u00een buc\u0103t\u0103ria ta.<\/p>\n<p><img loading=\"lazy\" decoding=\"async\" src=\"https:\/\/gonga.ro\/img\/cms\/Presa%20pentru%20stoarcerea%20cartofilor,%20legumelor%20si%20fructelor,%20din%20otel%20inoxidabil,%20Gonga%C2%AE4.jpeg\" alt=\"\" width=\"720\" height=\"720\" \/><\/p>\n<p>Versatilitate maxim\u0103 \u2013 Ideal\u0103 pentru piureuri fine de cartofi, legume moi sau sucuri proaspete din fructe.<\/p>\n<p>Construc\u021bie din o\u021bel inoxidabil \u2013 Rezistent\u0103, u\u0219or de cur\u0103\u021bat \u0219i igienic\u0103.<\/p>\n<p>Mecanism eficient \u2013 Permite stoarcerea rapid\u0103 cu un efort minim.<\/p>\n<p>M\u00e2ner ergonomic \u2013 Ofer\u0103 confort \u0219i aderen\u021b\u0103 bun\u0103 \u00een timpul utiliz\u0103rii.<\/p>\n<p>U\u0219or de \u00eentre\u021binut \u2013 Se spal\u0103 rapid manual sau \u00een ma\u0219ina de sp\u0103lat vase.<\/p>\n<p><img loading=\"lazy\" decoding=\"async\" src=\"https:\/\/gonga.ro\/img\/cms\/Presa%20pentru%20stoarcerea%20cartofilor,%20legumelor%20si%20fructelor,%20din%20otel%20inoxidabil,%20Gonga%C2%AE6.jpeg\" alt=\"\" width=\"720\" height=\"720\" \/><\/p>\n<p>Perfect\u0103 pentru orice buc\u0103t\u0103rie, aceast\u0103 pres\u0103 \u00ee\u021bi va economisi timp \u0219i \u00ee\u021bi va oferi preparate fine \u0219i delicioase cu efort minim!\u00a0<\/p>\n<p><img loading=\"lazy\" decoding=\"async\" src=\"https:\/\/gonga.ro\/img\/cms\/Presa%20pentru%20stoarcerea%20cartofilor,%20legumelor%20si%20fructelor,%20din%20otel%20inoxidabil,%20Gonga%C2%AE7.jpeg\" alt=\"\" width=\"720\" height=\"720\" \/><\/p>\n<\/p>\n<p><strong>Specificatii:<\/strong><\/p>\n<\/p>\n<p>&#8211; Material: Otel inoxidabil<\/p>\n<p>&#8211; Lungime totala: 27,3 cm<\/p>\n<p>&#8211; Dimensiuni container: 8,3 x 8 x 10,5 cm<\/p>\n<p>&#8211; Greutate: 0,64 kg<\/p>","protected":false},"excerpt":{"rendered":"<p>Culoare: Argintiu Pres\u0103 pentru stoarcerea cartofilor, legumelor \u0219i fructelor, din o\u021bel inoxidabil Transform\u0103 g\u0103titul \u00eentr-o experien\u021b\u0103 mai u\u0219oar\u0103 \u0219i mai<\/p>","protected":false},"featured_media":12938,"comment_status":"open","ping_status":"open","template":"","meta":[],"product_brand":[],"product_cat":[99,107,100,131],"product_tag":[],"class_list":{"0":"post-12936","1":"product","2":"type-product","3":"status-publish","4":"has-post-thumbnail","6":"product_cat-acasa","7":"product_cat-bucatarie-si-servire","8":"product_cat-casa-gradina","9":"product_cat-ustensile-gatit","10":"pa_culoare-argintiu","12":"first","13":"outofstock","14":"sale","15":"purchasable","16":"product-type-simple"},"yoast_head":"<!-- This site is optimized with the Yoast SEO plugin v27.2 - https:\/\/yoast.com\/product\/yoast-seo-wordpress\/ -->\n<title>Presa pentru stoarcerea cartofilor, legumelor si fructelor, din otel inoxidabil, Gonga\u00ae | ZOKO<\/title>\n<meta name=\"robots\" content=\"index, follow, max-snippet:-1, max-image-preview:large, max-video-preview:-1\" \/>\n<link rel=\"canonical\" href=\"https:\/\/www.zoko.ro\/en\/p\/presa-pentru-stoarcerea-cartofilor-legumelor-si-fructelor-din-otel-inoxidabil-gonga\/\" \/>\n<meta property=\"og:locale\" content=\"en_GB\" \/>\n<meta property=\"og:type\" content=\"article\" \/>\n<meta property=\"og:title\" content=\"Presa pentru stoarcerea cartofilor, legumelor si fructelor, din otel inoxidabil, Gonga\u00ae | ZOKO\" \/>\n<meta property=\"og:description\" content=\"Culoare: Argintiu Pres\u0103 pentru stoarcerea cartofilor, legumelor \u0219i fructelor, din o\u021bel inoxidabil Transform\u0103 g\u0103titul \u00eentr-o experien\u021b\u0103 mai u\u0219oar\u0103 \u0219i mai\" \/>\n<meta property=\"og:url\" content=\"https:\/\/www.zoko.ro\/en\/p\/presa-pentru-stoarcerea-cartofilor-legumelor-si-fructelor-din-otel-inoxidabil-gonga\/\" \/>\n<meta property=\"og:site_name\" content=\"ZOKO\" \/>\n<meta property=\"article:publisher\" content=\"https:\/\/www.facebook.com\/profile.php?id=61584344135075\" \/>\n<meta property=\"article:modified_time\" content=\"2026-04-28T21:36:44+00:00\" \/>\n<meta property=\"og:image\" content=\"https:\/\/www.zoko.ro\/wp-content\/uploads\/2025\/03\/presa-pentru-stoarcerea-cartofilor-legumelor-si-fructelor-din-otel-inoxidabil-gonga.jpg\" \/>\n\t<meta property=\"og:image:width\" content=\"1600\" \/>\n\t<meta property=\"og:image:height\" content=\"1600\" \/>\n\t<meta property=\"og:image:type\" content=\"image\/jpeg\" \/>\n<meta name=\"twitter:card\" content=\"summary_large_image\" \/>\n<meta name=\"twitter:label1\" content=\"Estimated reading time\" \/>\n\t<meta name=\"twitter:data1\" content=\"1 minute\" \/>\n<script type=\"application\/ld+json\" class=\"yoast-schema-graph\">{\"@context\":\"https:\/\/schema.org\",\"@graph\":[{\"@type\":\"WebPage\",\"@id\":\"https:\/\/www.zoko.ro\/p\/presa-pentru-stoarcerea-cartofilor-legumelor-si-fructelor-din-otel-inoxidabil-gonga\/\",\"url\":\"https:\/\/www.zoko.ro\/p\/presa-pentru-stoarcerea-cartofilor-legumelor-si-fructelor-din-otel-inoxidabil-gonga\/\",\"name\":\"Presa pentru stoarcerea cartofilor, legumelor si fructelor, din otel inoxidabil, Gonga\u00ae | ZOKO\",\"isPartOf\":{\"@id\":\"https:\/\/www.zoko.ro\/#website\"},\"primaryImageOfPage\":{\"@id\":\"https:\/\/www.zoko.ro\/p\/presa-pentru-stoarcerea-cartofilor-legumelor-si-fructelor-din-otel-inoxidabil-gonga\/#primaryimage\"},\"image\":{\"@id\":\"https:\/\/www.zoko.ro\/p\/presa-pentru-stoarcerea-cartofilor-legumelor-si-fructelor-din-otel-inoxidabil-gonga\/#primaryimage\"},\"thumbnailUrl\":\"https:\/\/www.zoko.ro\/wp-content\/uploads\/2025\/03\/presa-pentru-stoarcerea-cartofilor-legumelor-si-fructelor-din-otel-inoxidabil-gonga.jpg\",\"datePublished\":\"2026-04-28T21:36:43+00:00\",\"dateModified\":\"2026-04-28T21:36:44+00:00\",\"breadcrumb\":{\"@id\":\"https:\/\/www.zoko.ro\/p\/presa-pentru-stoarcerea-cartofilor-legumelor-si-fructelor-din-otel-inoxidabil-gonga\/#breadcrumb\"},\"inLanguage\":\"en-GB\",\"potentialAction\":[{\"@type\":\"ReadAction\",\"target\":[\"https:\/\/www.zoko.ro\/p\/presa-pentru-stoarcerea-cartofilor-legumelor-si-fructelor-din-otel-inoxidabil-gonga\/\"]}]},{\"@type\":\"ImageObject\",\"inLanguage\":\"en-GB\",\"@id\":\"https:\/\/www.zoko.ro\/p\/presa-pentru-stoarcerea-cartofilor-legumelor-si-fructelor-din-otel-inoxidabil-gonga\/#primaryimage\",\"url\":\"https:\/\/www.zoko.ro\/wp-content\/uploads\/2025\/03\/presa-pentru-stoarcerea-cartofilor-legumelor-si-fructelor-din-otel-inoxidabil-gonga.jpg\",\"contentUrl\":\"https:\/\/www.zoko.ro\/wp-content\/uploads\/2025\/03\/presa-pentru-stoarcerea-cartofilor-legumelor-si-fructelor-din-otel-inoxidabil-gonga.jpg\",\"width\":1600,\"height\":1600},{\"@type\":\"BreadcrumbList\",\"@id\":\"https:\/\/www.zoko.ro\/p\/presa-pentru-stoarcerea-cartofilor-legumelor-si-fructelor-din-otel-inoxidabil-gonga\/#breadcrumb\",\"itemListElement\":[{\"@type\":\"ListItem\",\"position\":1,\"name\":\"Home\",\"item\":\"https:\/\/www.zoko.ro\/\"},{\"@type\":\"ListItem\",\"position\":2,\"name\":\"Magazin\",\"item\":\"https:\/\/www.zoko.ro\/magazin\/\"},{\"@type\":\"ListItem\",\"position\":3,\"name\":\"Presa pentru stoarcerea cartofilor, legumelor si fructelor, din otel inoxidabil, Gonga\u00ae\"}]},{\"@type\":\"WebSite\",\"@id\":\"https:\/\/www.zoko.ro\/#website\",\"url\":\"https:\/\/www.zoko.ro\/\",\"name\":\"ZOKO.ro\",\"description\":\"Cump\u0103r\u0103 inteligent\",\"publisher\":{\"@id\":\"https:\/\/www.zoko.ro\/#organization\"},\"potentialAction\":[{\"@type\":\"SearchAction\",\"target\":{\"@type\":\"EntryPoint\",\"urlTemplate\":\"https:\/\/www.zoko.ro\/?s={search_term_string}\"},\"query-input\":{\"@type\":\"PropertyValueSpecification\",\"valueRequired\":true,\"valueName\":\"search_term_string\"}}],\"inLanguage\":\"en-GB\"},{\"@type\":\"Organization\",\"@id\":\"https:\/\/www.zoko.ro\/#organization\",\"name\":\"ZOKO\",\"url\":\"https:\/\/www.zoko.ro\/\",\"logo\":{\"@type\":\"ImageObject\",\"inLanguage\":\"en-GB\",\"@id\":\"https:\/\/www.zoko.ro\/#\/schema\/logo\/image\/\",\"url\":\"https:\/\/www.zoko.ro\/wp-content\/uploads\/2025\/03\/logo1.svg\",\"contentUrl\":\"https:\/\/www.zoko.ro\/wp-content\/uploads\/2025\/03\/logo1.svg\",\"width\":799,\"height\":216,\"caption\":\"ZOKO\"},\"image\":{\"@id\":\"https:\/\/www.zoko.ro\/#\/schema\/logo\/image\/\"},\"sameAs\":[\"https:\/\/www.facebook.com\/profile.php?id=61584344135075\"]}]}<\/script>\n<!-- \/ Yoast SEO plugin. -->","yoast_head_json":{"title":"Presa pentru stoarcerea cartofilor, legumelor si fructelor, din otel inoxidabil, Gonga\u00ae | ZOKO","robots":{"index":"index","follow":"follow","max-snippet":"max-snippet:-1","max-image-preview":"max-image-preview:large","max-video-preview":"max-video-preview:-1"},"canonical":"https:\/\/www.zoko.ro\/en\/p\/presa-pentru-stoarcerea-cartofilor-legumelor-si-fructelor-din-otel-inoxidabil-gonga\/","og_locale":"en_GB","og_type":"article","og_title":"Presa pentru stoarcerea cartofilor, legumelor si fructelor, din otel inoxidabil, Gonga\u00ae | ZOKO","og_description":"Culoare: Argintiu Pres\u0103 pentru stoarcerea cartofilor, legumelor \u0219i fructelor, din o\u021bel inoxidabil Transform\u0103 g\u0103titul \u00eentr-o experien\u021b\u0103 mai u\u0219oar\u0103 \u0219i mai","og_url":"https:\/\/www.zoko.ro\/en\/p\/presa-pentru-stoarcerea-cartofilor-legumelor-si-fructelor-din-otel-inoxidabil-gonga\/","og_site_name":"ZOKO","article_publisher":"https:\/\/www.facebook.com\/profile.php?id=61584344135075","article_modified_time":"2026-04-28T21:36:44+00:00","og_image":[{"width":1600,"height":1600,"url":"https:\/\/www.zoko.ro\/wp-content\/uploads\/2025\/03\/presa-pentru-stoarcerea-cartofilor-legumelor-si-fructelor-din-otel-inoxidabil-gonga.jpg","type":"image\/jpeg"}],"twitter_card":"summary_large_image","twitter_misc":{"Estimated reading time":"1 minute"},"schema":{"@context":"https:\/\/schema.org","@graph":[{"@type":"WebPage","@id":"https:\/\/www.zoko.ro\/p\/presa-pentru-stoarcerea-cartofilor-legumelor-si-fructelor-din-otel-inoxidabil-gonga\/","url":"https:\/\/www.zoko.ro\/p\/presa-pentru-stoarcerea-cartofilor-legumelor-si-fructelor-din-otel-inoxidabil-gonga\/","name":"Presa pentru stoarcerea cartofilor, legumelor si fructelor, din otel inoxidabil, Gonga\u00ae | ZOKO","isPartOf":{"@id":"https:\/\/www.zoko.ro\/#website"},"primaryImageOfPage":{"@id":"https:\/\/www.zoko.ro\/p\/presa-pentru-stoarcerea-cartofilor-legumelor-si-fructelor-din-otel-inoxidabil-gonga\/#primaryimage"},"image":{"@id":"https:\/\/www.zoko.ro\/p\/presa-pentru-stoarcerea-cartofilor-legumelor-si-fructelor-din-otel-inoxidabil-gonga\/#primaryimage"},"thumbnailUrl":"https:\/\/www.zoko.ro\/wp-content\/uploads\/2025\/03\/presa-pentru-stoarcerea-cartofilor-legumelor-si-fructelor-din-otel-inoxidabil-gonga.jpg","datePublished":"2026-04-28T21:36:43+00:00","dateModified":"2026-04-28T21:36:44+00:00","breadcrumb":{"@id":"https:\/\/www.zoko.ro\/p\/presa-pentru-stoarcerea-cartofilor-legumelor-si-fructelor-din-otel-inoxidabil-gonga\/#breadcrumb"},"inLanguage":"en-GB","potentialAction":[{"@type":"ReadAction","target":["https:\/\/www.zoko.ro\/p\/presa-pentru-stoarcerea-cartofilor-legumelor-si-fructelor-din-otel-inoxidabil-gonga\/"]}]},{"@type":"ImageObject","inLanguage":"en-GB","@id":"https:\/\/www.zoko.ro\/p\/presa-pentru-stoarcerea-cartofilor-legumelor-si-fructelor-din-otel-inoxidabil-gonga\/#primaryimage","url":"https:\/\/www.zoko.ro\/wp-content\/uploads\/2025\/03\/presa-pentru-stoarcerea-cartofilor-legumelor-si-fructelor-din-otel-inoxidabil-gonga.jpg","contentUrl":"https:\/\/www.zoko.ro\/wp-content\/uploads\/2025\/03\/presa-pentru-stoarcerea-cartofilor-legumelor-si-fructelor-din-otel-inoxidabil-gonga.jpg","width":1600,"height":1600},{"@type":"BreadcrumbList","@id":"https:\/\/www.zoko.ro\/p\/presa-pentru-stoarcerea-cartofilor-legumelor-si-fructelor-din-otel-inoxidabil-gonga\/#breadcrumb","itemListElement":[{"@type":"ListItem","position":1,"name":"Home","item":"https:\/\/www.zoko.ro\/"},{"@type":"ListItem","position":2,"name":"Magazin","item":"https:\/\/www.zoko.ro\/magazin\/"},{"@type":"ListItem","position":3,"name":"Presa pentru stoarcerea cartofilor, legumelor si fructelor, din otel inoxidabil, Gonga\u00ae"}]},{"@type":"WebSite","@id":"https:\/\/www.zoko.ro\/#website","url":"https:\/\/www.zoko.ro\/","name":"ZOKO.ro","description":"Cump\u0103r\u0103 inteligent","publisher":{"@id":"https:\/\/www.zoko.ro\/#organization"},"potentialAction":[{"@type":"SearchAction","target":{"@type":"EntryPoint","urlTemplate":"https:\/\/www.zoko.ro\/?s={search_term_string}"},"query-input":{"@type":"PropertyValueSpecification","valueRequired":true,"valueName":"search_term_string"}}],"inLanguage":"en-GB"},{"@type":"Organization","@id":"https:\/\/www.zoko.ro\/#organization","name":"ZOKO","url":"https:\/\/www.zoko.ro\/","logo":{"@type":"ImageObject","inLanguage":"en-GB","@id":"https:\/\/www.zoko.ro\/#\/schema\/logo\/image\/","url":"https:\/\/www.zoko.ro\/wp-content\/uploads\/2025\/03\/logo1.svg","contentUrl":"https:\/\/www.zoko.ro\/wp-content\/uploads\/2025\/03\/logo1.svg","width":799,"height":216,"caption":"ZOKO"},"image":{"@id":"https:\/\/www.zoko.ro\/#\/schema\/logo\/image\/"},"sameAs":["https:\/\/www.facebook.com\/profile.php?id=61584344135075"]}]}},"_links":{"self":[{"href":"https:\/\/www.zoko.ro\/en\/wp-json\/wp\/v2\/product\/12936","targetHints":{"allow":["GET"]}}],"collection":[{"href":"https:\/\/www.zoko.ro\/en\/wp-json\/wp\/v2\/product"}],"about":[{"href":"https:\/\/www.zoko.ro\/en\/wp-json\/wp\/v2\/types\/product"}],"replies":[{"embeddable":true,"href":"https:\/\/www.zoko.ro\/en\/wp-json\/wp\/v2\/comments?post=12936"}],"version-history":[{"count":1,"href":"https:\/\/www.zoko.ro\/en\/wp-json\/wp\/v2\/product\/12936\/revisions"}],"predecessor-version":[{"id":12937,"href":"https:\/\/www.zoko.ro\/en\/wp-json\/wp\/v2\/product\/12936\/revisions\/12937"}],"wp:featuredmedia":[{"embeddable":true,"href":"https:\/\/www.zoko.ro\/en\/wp-json\/wp\/v2\/media\/12938"}],"wp:attachment":[{"href":"https:\/\/www.zoko.ro\/en\/wp-json\/wp\/v2\/media?parent=12936"}],"wp:term":[{"taxonomy":"product_brand","embeddable":true,"href":"https:\/\/www.zoko.ro\/en\/wp-json\/wp\/v2\/product_brand?post=12936"},{"taxonomy":"product_cat","embeddable":true,"href":"https:\/\/www.zoko.ro\/en\/wp-json\/wp\/v2\/product_cat?post=12936"},{"taxonomy":"product_tag","embeddable":true,"href":"https:\/\/www.zoko.ro\/en\/wp-json\/wp\/v2\/product_tag?post=12936"}],"curies":[{"name":"wp","href":"https:\/\/api.w.org\/{rel}","templated":true}]}}