{"id":13042,"date":"2026-04-28T23:36:50","date_gmt":"2026-04-28T21:36:50","guid":{"rendered":"https:\/\/www.zoko.ro\/p\/desfacator-cu-etansare-din-cauciu-otel-nichelat-gonga\/"},"modified":"2026-04-28T23:36:50","modified_gmt":"2026-04-28T21:36:50","slug":"desfacator-cu-etansare-din-cauciu-otel-nichelat-gonga","status":"publish","type":"product","link":"https:\/\/www.zoko.ro\/en\/p\/desfacator-cu-etansare-din-cauciu-otel-nichelat-gonga\/","title":{"rendered":"Desfacator cu etansare din cauciu, o\u021bel nichelat, Gonga\u00ae"},"content":{"rendered":"<p><strong>Culoare:<\/strong> Verde<\/p>\n<p><strong>Desf\u0103c\u0103tor de sticle cu etan\u0219are din cauciuc, o\u021bel nichelat<\/strong><\/p>\n<p>Acest desf\u0103c\u0103tor de sticle cu etan\u0219are din cauciuc este un accesoriu practic \u0219i durabil, ideal pentru deschiderea \u0219i sigilarea sticlelor cu b\u0103uturi. Fabricat din o\u021bel nichelat rezistent, acest desf\u0103c\u0103tor asigur\u0103 o utilizare \u00eendelungat\u0103, iar etan\u0219area din cauciuc ajut\u0103 la p\u0103strarea prospe\u021bimii lichidelor pentru mai mult timp. Designul ergonomic \u00eel face u\u0219or de folosit, fiind perfect at\u00e2t pentru uz casnic, c\u00e2t \u0219i pentru baruri sau restaurante.<\/p>\n<p><img loading=\"lazy\" decoding=\"async\" src=\"https:\/\/gonga.ro\/img\/cms\/Desfacator%20cu%20etansare%20din%20cauciu,%20o%C8%9Bel%20nichelat,%20Gonga%C2%AE.jpg\" alt=\"\" width=\"1600\" height=\"1600\" \/><\/p>\n<p>Material premium \u2013 O\u021bel nichelat rezistent la coroziune<\/p>\n<p>Etan\u0219are eficient\u0103 \u2013 Cauciucul men\u021bine b\u0103uturile proaspete mai mult timp<\/p>\n<p>Utilizare 2 \u00een 1 \u2013 Deschide \u0219i sigileaz\u0103 sticlele rapid \u0219i u\u0219or<\/p>\n<p>Design ergonomic \u2013 Confortabil \u0219i simplu de manevrat<\/p>\n<p>Un accesoriu esen\u021bial pentru orice iubitor de b\u0103uturi r\u0103coritoare sau alcoolice!<\/p>\n<p><img loading=\"lazy\" decoding=\"async\" src=\"https:\/\/gonga.ro\/img\/cms\/Desfacator%20cu%20etansare%20din%20cauciu,%20o%C8%9Bel%20nichelat,%20Gonga%C2%AE1.jpg\" alt=\"\" width=\"1600\" height=\"1600\" \/><\/p>\n<\/p>\n<p><strong>Specificatii:<\/strong><\/p>\n<\/p>\n<p>&#8211; Culoare: verde<\/p>\n<p>&#8211; Material: otel cromat, cauciuc<\/p>\n<p>&#8211; Dimensiuni totale: 7,6 x 3,5 x 1,2 cm<\/p>\n<p>&#8211; Greutate: 0,04 kg<\/p>","protected":false},"excerpt":{"rendered":"<p>Culoare: Verde Desf\u0103c\u0103tor de sticle cu etan\u0219are din cauciuc, o\u021bel nichelat Acest desf\u0103c\u0103tor de sticle cu etan\u0219are din cauciuc este<\/p>","protected":false},"featured_media":13044,"comment_status":"open","ping_status":"open","template":"","meta":[],"product_brand":[],"product_cat":[99,108,107,100,163],"product_tag":[104],"class_list":{"0":"post-13042","1":"product","2":"type-product","3":"status-publish","4":"has-post-thumbnail","6":"product_cat-acasa","7":"product_cat-accesorii-bar","8":"product_cat-bucatarie-si-servire","9":"product_cat-casa-gradina","10":"product_cat-tirbusoane-si-picuratoare-sticle","11":"product_tag-in-stoc","12":"pa_culoare-verde","14":"first","15":"instock","16":"sale","17":"purchasable","18":"product-type-simple"},"yoast_head":"<!-- This site is optimized with the Yoast SEO plugin v27.2 - https:\/\/yoast.com\/product\/yoast-seo-wordpress\/ -->\n<title>Desfacator cu etansare din cauciu, o\u021bel nichelat, Gonga\u00ae | ZOKO<\/title>\n<meta name=\"robots\" content=\"index, follow, max-snippet:-1, max-image-preview:large, max-video-preview:-1\" \/>\n<link rel=\"canonical\" href=\"https:\/\/www.zoko.ro\/en\/p\/desfacator-cu-etansare-din-cauciu-otel-nichelat-gonga\/\" \/>\n<meta property=\"og:locale\" content=\"en_GB\" \/>\n<meta property=\"og:type\" content=\"article\" \/>\n<meta property=\"og:title\" content=\"Desfacator cu etansare din cauciu, o\u021bel nichelat, Gonga\u00ae | ZOKO\" \/>\n<meta property=\"og:description\" content=\"Culoare: Verde Desf\u0103c\u0103tor de sticle cu etan\u0219are din cauciuc, o\u021bel nichelat Acest desf\u0103c\u0103tor de sticle cu etan\u0219are din cauciuc este\" \/>\n<meta property=\"og:url\" content=\"https:\/\/www.zoko.ro\/en\/p\/desfacator-cu-etansare-din-cauciu-otel-nichelat-gonga\/\" \/>\n<meta property=\"og:site_name\" content=\"ZOKO\" \/>\n<meta property=\"article:publisher\" content=\"https:\/\/www.facebook.com\/profile.php?id=61584344135075\" \/>\n<meta property=\"og:image\" content=\"https:\/\/www.zoko.ro\/wp-content\/uploads\/2025\/03\/desfacator-cu-etansare-din-cauciu-oel-nichelat-gonga.jpg\" \/>\n\t<meta property=\"og:image:width\" content=\"1600\" \/>\n\t<meta property=\"og:image:height\" content=\"1600\" \/>\n\t<meta property=\"og:image:type\" content=\"image\/jpeg\" \/>\n<meta name=\"twitter:card\" content=\"summary_large_image\" \/>\n<meta name=\"twitter:label1\" content=\"Estimated reading time\" \/>\n\t<meta name=\"twitter:data1\" content=\"1 minute\" \/>\n<script type=\"application\/ld+json\" class=\"yoast-schema-graph\">{\"@context\":\"https:\/\/schema.org\",\"@graph\":[{\"@type\":\"WebPage\",\"@id\":\"https:\/\/www.zoko.ro\/p\/desfacator-cu-etansare-din-cauciu-otel-nichelat-gonga\/\",\"url\":\"https:\/\/www.zoko.ro\/p\/desfacator-cu-etansare-din-cauciu-otel-nichelat-gonga\/\",\"name\":\"Desfacator cu etansare din cauciu, o\u021bel nichelat, Gonga\u00ae | ZOKO\",\"isPartOf\":{\"@id\":\"https:\/\/www.zoko.ro\/#website\"},\"primaryImageOfPage\":{\"@id\":\"https:\/\/www.zoko.ro\/p\/desfacator-cu-etansare-din-cauciu-otel-nichelat-gonga\/#primaryimage\"},\"image\":{\"@id\":\"https:\/\/www.zoko.ro\/p\/desfacator-cu-etansare-din-cauciu-otel-nichelat-gonga\/#primaryimage\"},\"thumbnailUrl\":\"https:\/\/www.zoko.ro\/wp-content\/uploads\/2025\/03\/desfacator-cu-etansare-din-cauciu-oel-nichelat-gonga.jpg\",\"datePublished\":\"2026-04-28T21:36:50+00:00\",\"breadcrumb\":{\"@id\":\"https:\/\/www.zoko.ro\/p\/desfacator-cu-etansare-din-cauciu-otel-nichelat-gonga\/#breadcrumb\"},\"inLanguage\":\"en-GB\",\"potentialAction\":[{\"@type\":\"ReadAction\",\"target\":[\"https:\/\/www.zoko.ro\/p\/desfacator-cu-etansare-din-cauciu-otel-nichelat-gonga\/\"]}]},{\"@type\":\"ImageObject\",\"inLanguage\":\"en-GB\",\"@id\":\"https:\/\/www.zoko.ro\/p\/desfacator-cu-etansare-din-cauciu-otel-nichelat-gonga\/#primaryimage\",\"url\":\"https:\/\/www.zoko.ro\/wp-content\/uploads\/2025\/03\/desfacator-cu-etansare-din-cauciu-oel-nichelat-gonga.jpg\",\"contentUrl\":\"https:\/\/www.zoko.ro\/wp-content\/uploads\/2025\/03\/desfacator-cu-etansare-din-cauciu-oel-nichelat-gonga.jpg\",\"width\":1600,\"height\":1600},{\"@type\":\"BreadcrumbList\",\"@id\":\"https:\/\/www.zoko.ro\/p\/desfacator-cu-etansare-din-cauciu-otel-nichelat-gonga\/#breadcrumb\",\"itemListElement\":[{\"@type\":\"ListItem\",\"position\":1,\"name\":\"Home\",\"item\":\"https:\/\/www.zoko.ro\/\"},{\"@type\":\"ListItem\",\"position\":2,\"name\":\"Magazin\",\"item\":\"https:\/\/www.zoko.ro\/magazin\/\"},{\"@type\":\"ListItem\",\"position\":3,\"name\":\"Desfacator cu etansare din cauciu, o\u021bel nichelat, Gonga\u00ae\"}]},{\"@type\":\"WebSite\",\"@id\":\"https:\/\/www.zoko.ro\/#website\",\"url\":\"https:\/\/www.zoko.ro\/\",\"name\":\"ZOKO.ro\",\"description\":\"Cump\u0103r\u0103 inteligent\",\"publisher\":{\"@id\":\"https:\/\/www.zoko.ro\/#organization\"},\"potentialAction\":[{\"@type\":\"SearchAction\",\"target\":{\"@type\":\"EntryPoint\",\"urlTemplate\":\"https:\/\/www.zoko.ro\/?s={search_term_string}\"},\"query-input\":{\"@type\":\"PropertyValueSpecification\",\"valueRequired\":true,\"valueName\":\"search_term_string\"}}],\"inLanguage\":\"en-GB\"},{\"@type\":\"Organization\",\"@id\":\"https:\/\/www.zoko.ro\/#organization\",\"name\":\"ZOKO\",\"url\":\"https:\/\/www.zoko.ro\/\",\"logo\":{\"@type\":\"ImageObject\",\"inLanguage\":\"en-GB\",\"@id\":\"https:\/\/www.zoko.ro\/#\/schema\/logo\/image\/\",\"url\":\"https:\/\/www.zoko.ro\/wp-content\/uploads\/2025\/03\/logo1.svg\",\"contentUrl\":\"https:\/\/www.zoko.ro\/wp-content\/uploads\/2025\/03\/logo1.svg\",\"width\":799,\"height\":216,\"caption\":\"ZOKO\"},\"image\":{\"@id\":\"https:\/\/www.zoko.ro\/#\/schema\/logo\/image\/\"},\"sameAs\":[\"https:\/\/www.facebook.com\/profile.php?id=61584344135075\"]}]}<\/script>\n<!-- \/ Yoast SEO plugin. -->","yoast_head_json":{"title":"Desfacator cu etansare din cauciu, o\u021bel nichelat, Gonga\u00ae | ZOKO","robots":{"index":"index","follow":"follow","max-snippet":"max-snippet:-1","max-image-preview":"max-image-preview:large","max-video-preview":"max-video-preview:-1"},"canonical":"https:\/\/www.zoko.ro\/en\/p\/desfacator-cu-etansare-din-cauciu-otel-nichelat-gonga\/","og_locale":"en_GB","og_type":"article","og_title":"Desfacator cu etansare din cauciu, o\u021bel nichelat, Gonga\u00ae | ZOKO","og_description":"Culoare: Verde Desf\u0103c\u0103tor de sticle cu etan\u0219are din cauciuc, o\u021bel nichelat Acest desf\u0103c\u0103tor de sticle cu etan\u0219are din cauciuc este","og_url":"https:\/\/www.zoko.ro\/en\/p\/desfacator-cu-etansare-din-cauciu-otel-nichelat-gonga\/","og_site_name":"ZOKO","article_publisher":"https:\/\/www.facebook.com\/profile.php?id=61584344135075","og_image":[{"width":1600,"height":1600,"url":"https:\/\/www.zoko.ro\/wp-content\/uploads\/2025\/03\/desfacator-cu-etansare-din-cauciu-oel-nichelat-gonga.jpg","type":"image\/jpeg"}],"twitter_card":"summary_large_image","twitter_misc":{"Estimated reading time":"1 minute"},"schema":{"@context":"https:\/\/schema.org","@graph":[{"@type":"WebPage","@id":"https:\/\/www.zoko.ro\/p\/desfacator-cu-etansare-din-cauciu-otel-nichelat-gonga\/","url":"https:\/\/www.zoko.ro\/p\/desfacator-cu-etansare-din-cauciu-otel-nichelat-gonga\/","name":"Desfacator cu etansare din cauciu, o\u021bel nichelat, Gonga\u00ae | ZOKO","isPartOf":{"@id":"https:\/\/www.zoko.ro\/#website"},"primaryImageOfPage":{"@id":"https:\/\/www.zoko.ro\/p\/desfacator-cu-etansare-din-cauciu-otel-nichelat-gonga\/#primaryimage"},"image":{"@id":"https:\/\/www.zoko.ro\/p\/desfacator-cu-etansare-din-cauciu-otel-nichelat-gonga\/#primaryimage"},"thumbnailUrl":"https:\/\/www.zoko.ro\/wp-content\/uploads\/2025\/03\/desfacator-cu-etansare-din-cauciu-oel-nichelat-gonga.jpg","datePublished":"2026-04-28T21:36:50+00:00","breadcrumb":{"@id":"https:\/\/www.zoko.ro\/p\/desfacator-cu-etansare-din-cauciu-otel-nichelat-gonga\/#breadcrumb"},"inLanguage":"en-GB","potentialAction":[{"@type":"ReadAction","target":["https:\/\/www.zoko.ro\/p\/desfacator-cu-etansare-din-cauciu-otel-nichelat-gonga\/"]}]},{"@type":"ImageObject","inLanguage":"en-GB","@id":"https:\/\/www.zoko.ro\/p\/desfacator-cu-etansare-din-cauciu-otel-nichelat-gonga\/#primaryimage","url":"https:\/\/www.zoko.ro\/wp-content\/uploads\/2025\/03\/desfacator-cu-etansare-din-cauciu-oel-nichelat-gonga.jpg","contentUrl":"https:\/\/www.zoko.ro\/wp-content\/uploads\/2025\/03\/desfacator-cu-etansare-din-cauciu-oel-nichelat-gonga.jpg","width":1600,"height":1600},{"@type":"BreadcrumbList","@id":"https:\/\/www.zoko.ro\/p\/desfacator-cu-etansare-din-cauciu-otel-nichelat-gonga\/#breadcrumb","itemListElement":[{"@type":"ListItem","position":1,"name":"Home","item":"https:\/\/www.zoko.ro\/"},{"@type":"ListItem","position":2,"name":"Magazin","item":"https:\/\/www.zoko.ro\/magazin\/"},{"@type":"ListItem","position":3,"name":"Desfacator cu etansare din cauciu, o\u021bel nichelat, Gonga\u00ae"}]},{"@type":"WebSite","@id":"https:\/\/www.zoko.ro\/#website","url":"https:\/\/www.zoko.ro\/","name":"ZOKO.ro","description":"Cump\u0103r\u0103 inteligent","publisher":{"@id":"https:\/\/www.zoko.ro\/#organization"},"potentialAction":[{"@type":"SearchAction","target":{"@type":"EntryPoint","urlTemplate":"https:\/\/www.zoko.ro\/?s={search_term_string}"},"query-input":{"@type":"PropertyValueSpecification","valueRequired":true,"valueName":"search_term_string"}}],"inLanguage":"en-GB"},{"@type":"Organization","@id":"https:\/\/www.zoko.ro\/#organization","name":"ZOKO","url":"https:\/\/www.zoko.ro\/","logo":{"@type":"ImageObject","inLanguage":"en-GB","@id":"https:\/\/www.zoko.ro\/#\/schema\/logo\/image\/","url":"https:\/\/www.zoko.ro\/wp-content\/uploads\/2025\/03\/logo1.svg","contentUrl":"https:\/\/www.zoko.ro\/wp-content\/uploads\/2025\/03\/logo1.svg","width":799,"height":216,"caption":"ZOKO"},"image":{"@id":"https:\/\/www.zoko.ro\/#\/schema\/logo\/image\/"},"sameAs":["https:\/\/www.facebook.com\/profile.php?id=61584344135075"]}]}},"_links":{"self":[{"href":"https:\/\/www.zoko.ro\/en\/wp-json\/wp\/v2\/product\/13042","targetHints":{"allow":["GET"]}}],"collection":[{"href":"https:\/\/www.zoko.ro\/en\/wp-json\/wp\/v2\/product"}],"about":[{"href":"https:\/\/www.zoko.ro\/en\/wp-json\/wp\/v2\/types\/product"}],"replies":[{"embeddable":true,"href":"https:\/\/www.zoko.ro\/en\/wp-json\/wp\/v2\/comments?post=13042"}],"version-history":[{"count":1,"href":"https:\/\/www.zoko.ro\/en\/wp-json\/wp\/v2\/product\/13042\/revisions"}],"predecessor-version":[{"id":13043,"href":"https:\/\/www.zoko.ro\/en\/wp-json\/wp\/v2\/product\/13042\/revisions\/13043"}],"wp:featuredmedia":[{"embeddable":true,"href":"https:\/\/www.zoko.ro\/en\/wp-json\/wp\/v2\/media\/13044"}],"wp:attachment":[{"href":"https:\/\/www.zoko.ro\/en\/wp-json\/wp\/v2\/media?parent=13042"}],"wp:term":[{"taxonomy":"product_brand","embeddable":true,"href":"https:\/\/www.zoko.ro\/en\/wp-json\/wp\/v2\/product_brand?post=13042"},{"taxonomy":"product_cat","embeddable":true,"href":"https:\/\/www.zoko.ro\/en\/wp-json\/wp\/v2\/product_cat?post=13042"},{"taxonomy":"product_tag","embeddable":true,"href":"https:\/\/www.zoko.ro\/en\/wp-json\/wp\/v2\/product_tag?post=13042"}],"curies":[{"name":"wp","href":"https:\/\/api.w.org\/{rel}","templated":true}]}}