{"id":13046,"date":"2026-04-28T23:36:50","date_gmt":"2026-04-28T21:36:50","guid":{"rendered":"https:\/\/www.zoko.ro\/p\/set-7-perii-de-curatare-pentru-sticle-utile-in-bucatarie-gonga\/"},"modified":"2026-04-28T23:36:50","modified_gmt":"2026-04-28T21:36:50","slug":"set-7-perii-de-curatare-pentru-sticle-utile-in-bucatarie-gonga","status":"publish","type":"product","link":"https:\/\/www.zoko.ro\/en\/p\/set-7-perii-de-curatare-pentru-sticle-utile-in-bucatarie-gonga\/","title":{"rendered":"Set 7 perii de curatare pentru sticle, utile in buc\u0103t\u0103rie, Gonga\u00ae"},"content":{"rendered":"<p><strong>Culoare:<\/strong> Albastru<\/p>\n<p><strong>Set 7 perii de cur\u0103\u021bare pentru sticle, utile \u00een buc\u0103t\u0103rie<\/strong><\/p>\n<p>Acest set de 7 perii este solu\u021bia ideal\u0103 pentru cur\u0103\u021barea eficient\u0103 \u0219i delicat\u0103 a sticlelor de carbonator, paielor \u0219i altor recipiente care necesit\u0103 o \u00eengrijire special\u0103. Proiectate pentru a \u00eendep\u0103rta chiar \u0219i cele mai persistente reziduuri, periile sunt suficient de bl\u00e2nde pentru a proteja suprafa\u021ba sticlelor din plastic, f\u0103r\u0103 a le zg\u00e2ria.<\/p>\n<p><img loading=\"lazy\" decoding=\"async\" src=\"https:\/\/gonga.ro\/img\/cms\/Set%207%20perii%20de%20curatare%20pentru%20sticle,%20utile%20in%20buc%C4%83t%C4%83rie,%20Gonga%C2%AE2.jpg\" alt=\"\" width=\"1416\" height=\"957\" \/><\/p>\n<p>Design ergonomic \u2013 m\u00e2ner confortabil pentru o utilizare u\u0219oar\u0103<\/p>\n<p>Form\u0103 optimizat\u0103 \u2013 conceput\u0103 pentru a se potrivi celor mai populare sticle de carbonator<\/p>\n<p>Peri moi \u0219i flexibili \u2013 \u00eendep\u0103rteaz\u0103 murd\u0103ria f\u0103r\u0103 a deteriora recipientele<\/p>\n<p>Multifunc\u021bionale \u2013 datorit\u0103 dimensiunilor variate, sunt potrivite pentru diverse tipuri de sticle \u0219i vase<\/p>\n<p>Accesibilitate maxim\u0103 \u2013 m\u00e2nerele de s\u00e2rm\u0103 pot fi \u00eendoite pentru a ajunge \u00een col\u021burile greu accesibile<\/p>\n<p>Materiale de calitate \u2013 fabricate din metal durabil \u0219i plastic f\u0103r\u0103 BPA, sigure \u0219i rezistente \u00een timp<\/p>\n<p><img loading=\"lazy\" decoding=\"async\" src=\"https:\/\/gonga.ro\/img\/cms\/Set%207%20perii%20de%20curatare%20pentru%20sticle,%20utile%20in%20buc%C4%83t%C4%83rie,%20Gonga%C2%AE3.jpg\" alt=\"\" width=\"1421\" height=\"1500\" \/><\/p>\n<p>Acest set este perfect pentru cur\u0103\u021barea temeinic\u0103 a recipientelor utilizate zilnic \u00een buc\u0103t\u0103rie, asigur\u00e2nd igien\u0103 \u0219i \u00eentre\u021binere f\u0103r\u0103 efort!<\/p>","protected":false},"excerpt":{"rendered":"<p>Culoare: Albastru Set 7 perii de cur\u0103\u021bare pentru sticle, utile \u00een buc\u0103t\u0103rie Acest set de 7 perii este solu\u021bia ideal\u0103<\/p>","protected":false},"featured_media":13048,"comment_status":"open","ping_status":"open","template":"","meta":[],"product_brand":[],"product_cat":[99,181,100,105],"product_tag":[104],"class_list":{"0":"post-13046","1":"product","2":"type-product","3":"status-publish","4":"has-post-thumbnail","6":"product_cat-acasa","7":"product_cat-bureti-vase-si-lavete","8":"product_cat-casa-gradina","9":"product_cat-curatenie-intretinere-casa","10":"product_tag-in-stoc","11":"pa_culoare-albastru","13":"first","14":"instock","15":"sale","16":"purchasable","17":"product-type-simple"},"yoast_head":"<!-- This site is optimized with the Yoast SEO plugin v27.2 - https:\/\/yoast.com\/product\/yoast-seo-wordpress\/ -->\n<title>Set 7 perii de curatare pentru sticle, utile in buc\u0103t\u0103rie, Gonga\u00ae | ZOKO<\/title>\n<meta name=\"robots\" content=\"index, follow, max-snippet:-1, max-image-preview:large, max-video-preview:-1\" \/>\n<link rel=\"canonical\" href=\"https:\/\/www.zoko.ro\/en\/p\/set-7-perii-de-curatare-pentru-sticle-utile-in-bucatarie-gonga\/\" \/>\n<meta property=\"og:locale\" content=\"en_GB\" \/>\n<meta property=\"og:type\" content=\"article\" \/>\n<meta property=\"og:title\" content=\"Set 7 perii de curatare pentru sticle, utile in buc\u0103t\u0103rie, Gonga\u00ae | ZOKO\" \/>\n<meta property=\"og:description\" content=\"Culoare: Albastru Set 7 perii de cur\u0103\u021bare pentru sticle, utile \u00een buc\u0103t\u0103rie Acest set de 7 perii este solu\u021bia ideal\u0103\" \/>\n<meta property=\"og:url\" content=\"https:\/\/www.zoko.ro\/en\/p\/set-7-perii-de-curatare-pentru-sticle-utile-in-bucatarie-gonga\/\" \/>\n<meta property=\"og:site_name\" content=\"ZOKO\" \/>\n<meta property=\"article:publisher\" content=\"https:\/\/www.facebook.com\/profile.php?id=61584344135075\" \/>\n<meta property=\"og:image\" content=\"https:\/\/www.zoko.ro\/wp-content\/uploads\/2025\/03\/set-7-perii-de-curatare-pentru-sticle-utile-in-bucatarie-gonga.jpg\" \/>\n\t<meta property=\"og:image:width\" content=\"703\" \/>\n\t<meta property=\"og:image:height\" content=\"720\" \/>\n\t<meta property=\"og:image:type\" content=\"image\/jpeg\" \/>\n<meta name=\"twitter:card\" content=\"summary_large_image\" \/>\n<meta name=\"twitter:label1\" content=\"Estimated reading time\" \/>\n\t<meta name=\"twitter:data1\" content=\"1 minute\" \/>\n<script type=\"application\/ld+json\" class=\"yoast-schema-graph\">{\"@context\":\"https:\/\/schema.org\",\"@graph\":[{\"@type\":\"WebPage\",\"@id\":\"https:\/\/www.zoko.ro\/p\/set-7-perii-de-curatare-pentru-sticle-utile-in-bucatarie-gonga\/\",\"url\":\"https:\/\/www.zoko.ro\/p\/set-7-perii-de-curatare-pentru-sticle-utile-in-bucatarie-gonga\/\",\"name\":\"Set 7 perii de curatare pentru sticle, utile in buc\u0103t\u0103rie, Gonga\u00ae | ZOKO\",\"isPartOf\":{\"@id\":\"https:\/\/www.zoko.ro\/#website\"},\"primaryImageOfPage\":{\"@id\":\"https:\/\/www.zoko.ro\/p\/set-7-perii-de-curatare-pentru-sticle-utile-in-bucatarie-gonga\/#primaryimage\"},\"image\":{\"@id\":\"https:\/\/www.zoko.ro\/p\/set-7-perii-de-curatare-pentru-sticle-utile-in-bucatarie-gonga\/#primaryimage\"},\"thumbnailUrl\":\"https:\/\/www.zoko.ro\/wp-content\/uploads\/2025\/03\/set-7-perii-de-curatare-pentru-sticle-utile-in-bucatarie-gonga.jpg\",\"datePublished\":\"2026-04-28T21:36:50+00:00\",\"breadcrumb\":{\"@id\":\"https:\/\/www.zoko.ro\/p\/set-7-perii-de-curatare-pentru-sticle-utile-in-bucatarie-gonga\/#breadcrumb\"},\"inLanguage\":\"en-GB\",\"potentialAction\":[{\"@type\":\"ReadAction\",\"target\":[\"https:\/\/www.zoko.ro\/p\/set-7-perii-de-curatare-pentru-sticle-utile-in-bucatarie-gonga\/\"]}]},{\"@type\":\"ImageObject\",\"inLanguage\":\"en-GB\",\"@id\":\"https:\/\/www.zoko.ro\/p\/set-7-perii-de-curatare-pentru-sticle-utile-in-bucatarie-gonga\/#primaryimage\",\"url\":\"https:\/\/www.zoko.ro\/wp-content\/uploads\/2025\/03\/set-7-perii-de-curatare-pentru-sticle-utile-in-bucatarie-gonga.jpg\",\"contentUrl\":\"https:\/\/www.zoko.ro\/wp-content\/uploads\/2025\/03\/set-7-perii-de-curatare-pentru-sticle-utile-in-bucatarie-gonga.jpg\",\"width\":703,\"height\":720},{\"@type\":\"BreadcrumbList\",\"@id\":\"https:\/\/www.zoko.ro\/p\/set-7-perii-de-curatare-pentru-sticle-utile-in-bucatarie-gonga\/#breadcrumb\",\"itemListElement\":[{\"@type\":\"ListItem\",\"position\":1,\"name\":\"Home\",\"item\":\"https:\/\/www.zoko.ro\/\"},{\"@type\":\"ListItem\",\"position\":2,\"name\":\"Magazin\",\"item\":\"https:\/\/www.zoko.ro\/magazin\/\"},{\"@type\":\"ListItem\",\"position\":3,\"name\":\"Set 7 perii de curatare pentru sticle, utile in buc\u0103t\u0103rie, Gonga\u00ae\"}]},{\"@type\":\"WebSite\",\"@id\":\"https:\/\/www.zoko.ro\/#website\",\"url\":\"https:\/\/www.zoko.ro\/\",\"name\":\"ZOKO.ro\",\"description\":\"Cump\u0103r\u0103 inteligent\",\"publisher\":{\"@id\":\"https:\/\/www.zoko.ro\/#organization\"},\"potentialAction\":[{\"@type\":\"SearchAction\",\"target\":{\"@type\":\"EntryPoint\",\"urlTemplate\":\"https:\/\/www.zoko.ro\/?s={search_term_string}\"},\"query-input\":{\"@type\":\"PropertyValueSpecification\",\"valueRequired\":true,\"valueName\":\"search_term_string\"}}],\"inLanguage\":\"en-GB\"},{\"@type\":\"Organization\",\"@id\":\"https:\/\/www.zoko.ro\/#organization\",\"name\":\"ZOKO\",\"url\":\"https:\/\/www.zoko.ro\/\",\"logo\":{\"@type\":\"ImageObject\",\"inLanguage\":\"en-GB\",\"@id\":\"https:\/\/www.zoko.ro\/#\/schema\/logo\/image\/\",\"url\":\"https:\/\/www.zoko.ro\/wp-content\/uploads\/2025\/03\/logo1.svg\",\"contentUrl\":\"https:\/\/www.zoko.ro\/wp-content\/uploads\/2025\/03\/logo1.svg\",\"width\":799,\"height\":216,\"caption\":\"ZOKO\"},\"image\":{\"@id\":\"https:\/\/www.zoko.ro\/#\/schema\/logo\/image\/\"},\"sameAs\":[\"https:\/\/www.facebook.com\/profile.php?id=61584344135075\"]}]}<\/script>\n<!-- \/ Yoast SEO plugin. -->","yoast_head_json":{"title":"Set 7 perii de curatare pentru sticle, utile in buc\u0103t\u0103rie, Gonga\u00ae | ZOKO","robots":{"index":"index","follow":"follow","max-snippet":"max-snippet:-1","max-image-preview":"max-image-preview:large","max-video-preview":"max-video-preview:-1"},"canonical":"https:\/\/www.zoko.ro\/en\/p\/set-7-perii-de-curatare-pentru-sticle-utile-in-bucatarie-gonga\/","og_locale":"en_GB","og_type":"article","og_title":"Set 7 perii de curatare pentru sticle, utile in buc\u0103t\u0103rie, Gonga\u00ae | ZOKO","og_description":"Culoare: Albastru Set 7 perii de cur\u0103\u021bare pentru sticle, utile \u00een buc\u0103t\u0103rie Acest set de 7 perii este solu\u021bia ideal\u0103","og_url":"https:\/\/www.zoko.ro\/en\/p\/set-7-perii-de-curatare-pentru-sticle-utile-in-bucatarie-gonga\/","og_site_name":"ZOKO","article_publisher":"https:\/\/www.facebook.com\/profile.php?id=61584344135075","og_image":[{"width":703,"height":720,"url":"https:\/\/www.zoko.ro\/wp-content\/uploads\/2025\/03\/set-7-perii-de-curatare-pentru-sticle-utile-in-bucatarie-gonga.jpg","type":"image\/jpeg"}],"twitter_card":"summary_large_image","twitter_misc":{"Estimated reading time":"1 minute"},"schema":{"@context":"https:\/\/schema.org","@graph":[{"@type":"WebPage","@id":"https:\/\/www.zoko.ro\/p\/set-7-perii-de-curatare-pentru-sticle-utile-in-bucatarie-gonga\/","url":"https:\/\/www.zoko.ro\/p\/set-7-perii-de-curatare-pentru-sticle-utile-in-bucatarie-gonga\/","name":"Set 7 perii de curatare pentru sticle, utile in buc\u0103t\u0103rie, Gonga\u00ae | ZOKO","isPartOf":{"@id":"https:\/\/www.zoko.ro\/#website"},"primaryImageOfPage":{"@id":"https:\/\/www.zoko.ro\/p\/set-7-perii-de-curatare-pentru-sticle-utile-in-bucatarie-gonga\/#primaryimage"},"image":{"@id":"https:\/\/www.zoko.ro\/p\/set-7-perii-de-curatare-pentru-sticle-utile-in-bucatarie-gonga\/#primaryimage"},"thumbnailUrl":"https:\/\/www.zoko.ro\/wp-content\/uploads\/2025\/03\/set-7-perii-de-curatare-pentru-sticle-utile-in-bucatarie-gonga.jpg","datePublished":"2026-04-28T21:36:50+00:00","breadcrumb":{"@id":"https:\/\/www.zoko.ro\/p\/set-7-perii-de-curatare-pentru-sticle-utile-in-bucatarie-gonga\/#breadcrumb"},"inLanguage":"en-GB","potentialAction":[{"@type":"ReadAction","target":["https:\/\/www.zoko.ro\/p\/set-7-perii-de-curatare-pentru-sticle-utile-in-bucatarie-gonga\/"]}]},{"@type":"ImageObject","inLanguage":"en-GB","@id":"https:\/\/www.zoko.ro\/p\/set-7-perii-de-curatare-pentru-sticle-utile-in-bucatarie-gonga\/#primaryimage","url":"https:\/\/www.zoko.ro\/wp-content\/uploads\/2025\/03\/set-7-perii-de-curatare-pentru-sticle-utile-in-bucatarie-gonga.jpg","contentUrl":"https:\/\/www.zoko.ro\/wp-content\/uploads\/2025\/03\/set-7-perii-de-curatare-pentru-sticle-utile-in-bucatarie-gonga.jpg","width":703,"height":720},{"@type":"BreadcrumbList","@id":"https:\/\/www.zoko.ro\/p\/set-7-perii-de-curatare-pentru-sticle-utile-in-bucatarie-gonga\/#breadcrumb","itemListElement":[{"@type":"ListItem","position":1,"name":"Home","item":"https:\/\/www.zoko.ro\/"},{"@type":"ListItem","position":2,"name":"Magazin","item":"https:\/\/www.zoko.ro\/magazin\/"},{"@type":"ListItem","position":3,"name":"Set 7 perii de curatare pentru sticle, utile in buc\u0103t\u0103rie, Gonga\u00ae"}]},{"@type":"WebSite","@id":"https:\/\/www.zoko.ro\/#website","url":"https:\/\/www.zoko.ro\/","name":"ZOKO.ro","description":"Cump\u0103r\u0103 inteligent","publisher":{"@id":"https:\/\/www.zoko.ro\/#organization"},"potentialAction":[{"@type":"SearchAction","target":{"@type":"EntryPoint","urlTemplate":"https:\/\/www.zoko.ro\/?s={search_term_string}"},"query-input":{"@type":"PropertyValueSpecification","valueRequired":true,"valueName":"search_term_string"}}],"inLanguage":"en-GB"},{"@type":"Organization","@id":"https:\/\/www.zoko.ro\/#organization","name":"ZOKO","url":"https:\/\/www.zoko.ro\/","logo":{"@type":"ImageObject","inLanguage":"en-GB","@id":"https:\/\/www.zoko.ro\/#\/schema\/logo\/image\/","url":"https:\/\/www.zoko.ro\/wp-content\/uploads\/2025\/03\/logo1.svg","contentUrl":"https:\/\/www.zoko.ro\/wp-content\/uploads\/2025\/03\/logo1.svg","width":799,"height":216,"caption":"ZOKO"},"image":{"@id":"https:\/\/www.zoko.ro\/#\/schema\/logo\/image\/"},"sameAs":["https:\/\/www.facebook.com\/profile.php?id=61584344135075"]}]}},"_links":{"self":[{"href":"https:\/\/www.zoko.ro\/en\/wp-json\/wp\/v2\/product\/13046","targetHints":{"allow":["GET"]}}],"collection":[{"href":"https:\/\/www.zoko.ro\/en\/wp-json\/wp\/v2\/product"}],"about":[{"href":"https:\/\/www.zoko.ro\/en\/wp-json\/wp\/v2\/types\/product"}],"replies":[{"embeddable":true,"href":"https:\/\/www.zoko.ro\/en\/wp-json\/wp\/v2\/comments?post=13046"}],"version-history":[{"count":1,"href":"https:\/\/www.zoko.ro\/en\/wp-json\/wp\/v2\/product\/13046\/revisions"}],"predecessor-version":[{"id":13047,"href":"https:\/\/www.zoko.ro\/en\/wp-json\/wp\/v2\/product\/13046\/revisions\/13047"}],"wp:featuredmedia":[{"embeddable":true,"href":"https:\/\/www.zoko.ro\/en\/wp-json\/wp\/v2\/media\/13048"}],"wp:attachment":[{"href":"https:\/\/www.zoko.ro\/en\/wp-json\/wp\/v2\/media?parent=13046"}],"wp:term":[{"taxonomy":"product_brand","embeddable":true,"href":"https:\/\/www.zoko.ro\/en\/wp-json\/wp\/v2\/product_brand?post=13046"},{"taxonomy":"product_cat","embeddable":true,"href":"https:\/\/www.zoko.ro\/en\/wp-json\/wp\/v2\/product_cat?post=13046"},{"taxonomy":"product_tag","embeddable":true,"href":"https:\/\/www.zoko.ro\/en\/wp-json\/wp\/v2\/product_tag?post=13046"}],"curies":[{"name":"wp","href":"https:\/\/api.w.org\/{rel}","templated":true}]}}