{"id":13074,"date":"2026-04-28T23:36:51","date_gmt":"2026-04-28T21:36:51","guid":{"rendered":"https:\/\/www.zoko.ro\/p\/suport-cilindric-pentru-bratari-expunere-eleganta-din-catifea-inaltime-15-cm-gonga\/"},"modified":"2026-04-28T23:36:51","modified_gmt":"2026-04-28T21:36:51","slug":"suport-cilindric-pentru-bratari-expunere-eleganta-din-catifea-inaltime-15-cm-gonga","status":"publish","type":"product","link":"https:\/\/www.zoko.ro\/en\/p\/suport-cilindric-pentru-bratari-expunere-eleganta-din-catifea-inaltime-15-cm-gonga\/","title":{"rendered":"Suport cilindric pentru br\u0103\u021b\u0103ri, expunere elegant\u0103 din catifea, \u00een\u0103l\u021bime 15 cm, Gonga\u00ae"},"content":{"rendered":"<p><strong>Culoare:<\/strong> Negru<\/p>\n<p><strong>Suport cilindric pentru br\u0103\u021b\u0103ri, expunere elegant\u0103 din catifea neagr\u0103, \u00een\u0103l\u021bime 15 cm<\/strong><\/p>\n<p>Acest suport cilindric pentru br\u0103\u021b\u0103ri este solu\u021bia perfect\u0103 pentru expunerea elegant\u0103 a accesoriilor tale preferate. Realizat din catifea neagr\u0103 de \u00eenalt\u0103 calitate, suportul adaug\u0103 un plus de rafinament \u0219i sofisticare oric\u0103rui spa\u021biu. Cu o \u00een\u0103l\u021bime de 15 cm, este ideal pentru a afi\u0219a br\u0103\u021b\u0103ri de diferite dimensiuni, iar materialul delicat protejeaz\u0103 bijuteriile de zg\u00e2rieturi sau deterior\u0103ri.<\/p>\n<p><img loading=\"lazy\" decoding=\"async\" src=\"https:\/\/gonga.ro\/img\/cms\/Suport%20cilindric%20pentru%20br%C4%83%C8%9B%C4%83ri,%20expunere%20elegant%C4%83%20din%20catifea%20neagr%C4%83,%20%C3%AEn%C4%83l%C8%9Bime%2015%20cm,%20Gonga%C2%AE2.jpg\" alt=\"\" width=\"1000\" height=\"1000\" \/><\/p>\n<p>Designul s\u0103u simplu \u0219i elegant \u00eel face potrivit pentru vitrine, birouri sau pentru a ad\u0103uga un accent de lux \u00een orice camer\u0103. Perfect pentru utilizarea \u00een magazinele de bijuterii sau pentru a organiza br\u0103\u021b\u0103rile acas\u0103 \u00eentr-un mod ordonat \u0219i estetic.<\/p>\n<p><img loading=\"lazy\" decoding=\"async\" src=\"https:\/\/gonga.ro\/img\/cms\/Suport%20cilindric%20pentru%20br%C4%83%C8%9B%C4%83ri,%20expunere%20elegant%C4%83%20din%20catifea%20neagr%C4%83,%20%C3%AEn%C4%83l%C8%9Bime%2015%20cm,%20Gonga%C2%AE4.jpg\" alt=\"\" width=\"1500\" height=\"1093\" \/><\/p>","protected":false},"excerpt":{"rendered":"<p>Culoare: Negru Suport cilindric pentru br\u0103\u021b\u0103ri, expunere elegant\u0103 din catifea neagr\u0103, \u00een\u0103l\u021bime 15 cm Acest suport cilindric pentru br\u0103\u021b\u0103ri este<\/p>","protected":false},"featured_media":13076,"comment_status":"open","ping_status":"open","template":"","meta":[],"product_brand":[],"product_cat":[99,186,106],"product_tag":[104],"class_list":{"0":"post-13074","1":"product","2":"type-product","3":"status-publish","4":"has-post-thumbnail","6":"product_cat-acasa","7":"product_cat-bratari-si-bijuterii","8":"product_cat-fashion-accesorii","9":"product_tag-in-stoc","10":"pa_culoare-negru","12":"first","13":"instock","14":"sale","15":"purchasable","16":"product-type-simple"},"yoast_head":"<!-- This site is optimized with the Yoast SEO plugin v27.2 - https:\/\/yoast.com\/product\/yoast-seo-wordpress\/ -->\n<title>Suport cilindric pentru br\u0103\u021b\u0103ri, expunere elegant\u0103 din catifea, \u00een\u0103l\u021bime 15 cm, Gonga\u00ae | ZOKO<\/title>\n<meta name=\"robots\" content=\"index, follow, max-snippet:-1, max-image-preview:large, max-video-preview:-1\" \/>\n<link rel=\"canonical\" href=\"https:\/\/www.zoko.ro\/en\/p\/suport-cilindric-pentru-bratari-expunere-eleganta-din-catifea-inaltime-15-cm-gonga\/\" \/>\n<meta property=\"og:locale\" content=\"en_GB\" \/>\n<meta property=\"og:type\" content=\"article\" \/>\n<meta property=\"og:title\" content=\"Suport cilindric pentru br\u0103\u021b\u0103ri, expunere elegant\u0103 din catifea, \u00een\u0103l\u021bime 15 cm, Gonga\u00ae | ZOKO\" \/>\n<meta property=\"og:description\" content=\"Culoare: Negru Suport cilindric pentru br\u0103\u021b\u0103ri, expunere elegant\u0103 din catifea neagr\u0103, \u00een\u0103l\u021bime 15 cm Acest suport cilindric pentru br\u0103\u021b\u0103ri este\" \/>\n<meta property=\"og:url\" content=\"https:\/\/www.zoko.ro\/en\/p\/suport-cilindric-pentru-bratari-expunere-eleganta-din-catifea-inaltime-15-cm-gonga\/\" \/>\n<meta property=\"og:site_name\" content=\"ZOKO\" \/>\n<meta property=\"article:publisher\" content=\"https:\/\/www.facebook.com\/profile.php?id=61584344135075\" \/>\n<meta property=\"og:image\" content=\"https:\/\/www.zoko.ro\/wp-content\/uploads\/2025\/03\/suport-cilindric-pentru-braari-expunere-eleganta-din-catifea-neagra-inalime-15-cm-gonga.jpg\" \/>\n\t<meta property=\"og:image:width\" content=\"968\" \/>\n\t<meta property=\"og:image:height\" content=\"989\" \/>\n\t<meta property=\"og:image:type\" content=\"image\/jpeg\" \/>\n<meta name=\"twitter:card\" content=\"summary_large_image\" \/>\n<meta name=\"twitter:label1\" content=\"Estimated reading time\" \/>\n\t<meta name=\"twitter:data1\" content=\"1 minute\" \/>\n<script type=\"application\/ld+json\" class=\"yoast-schema-graph\">{\"@context\":\"https:\/\/schema.org\",\"@graph\":[{\"@type\":\"WebPage\",\"@id\":\"https:\/\/www.zoko.ro\/p\/suport-cilindric-pentru-bratari-expunere-eleganta-din-catifea-inaltime-15-cm-gonga\/\",\"url\":\"https:\/\/www.zoko.ro\/p\/suport-cilindric-pentru-bratari-expunere-eleganta-din-catifea-inaltime-15-cm-gonga\/\",\"name\":\"Suport cilindric pentru br\u0103\u021b\u0103ri, expunere elegant\u0103 din catifea, \u00een\u0103l\u021bime 15 cm, Gonga\u00ae | ZOKO\",\"isPartOf\":{\"@id\":\"https:\/\/www.zoko.ro\/#website\"},\"primaryImageOfPage\":{\"@id\":\"https:\/\/www.zoko.ro\/p\/suport-cilindric-pentru-bratari-expunere-eleganta-din-catifea-inaltime-15-cm-gonga\/#primaryimage\"},\"image\":{\"@id\":\"https:\/\/www.zoko.ro\/p\/suport-cilindric-pentru-bratari-expunere-eleganta-din-catifea-inaltime-15-cm-gonga\/#primaryimage\"},\"thumbnailUrl\":\"https:\/\/www.zoko.ro\/wp-content\/uploads\/2025\/03\/suport-cilindric-pentru-braari-expunere-eleganta-din-catifea-neagra-inalime-15-cm-gonga.jpg\",\"datePublished\":\"2026-04-28T21:36:51+00:00\",\"breadcrumb\":{\"@id\":\"https:\/\/www.zoko.ro\/p\/suport-cilindric-pentru-bratari-expunere-eleganta-din-catifea-inaltime-15-cm-gonga\/#breadcrumb\"},\"inLanguage\":\"en-GB\",\"potentialAction\":[{\"@type\":\"ReadAction\",\"target\":[\"https:\/\/www.zoko.ro\/p\/suport-cilindric-pentru-bratari-expunere-eleganta-din-catifea-inaltime-15-cm-gonga\/\"]}]},{\"@type\":\"ImageObject\",\"inLanguage\":\"en-GB\",\"@id\":\"https:\/\/www.zoko.ro\/p\/suport-cilindric-pentru-bratari-expunere-eleganta-din-catifea-inaltime-15-cm-gonga\/#primaryimage\",\"url\":\"https:\/\/www.zoko.ro\/wp-content\/uploads\/2025\/03\/suport-cilindric-pentru-braari-expunere-eleganta-din-catifea-neagra-inalime-15-cm-gonga.jpg\",\"contentUrl\":\"https:\/\/www.zoko.ro\/wp-content\/uploads\/2025\/03\/suport-cilindric-pentru-braari-expunere-eleganta-din-catifea-neagra-inalime-15-cm-gonga.jpg\",\"width\":968,\"height\":989},{\"@type\":\"BreadcrumbList\",\"@id\":\"https:\/\/www.zoko.ro\/p\/suport-cilindric-pentru-bratari-expunere-eleganta-din-catifea-inaltime-15-cm-gonga\/#breadcrumb\",\"itemListElement\":[{\"@type\":\"ListItem\",\"position\":1,\"name\":\"Home\",\"item\":\"https:\/\/www.zoko.ro\/\"},{\"@type\":\"ListItem\",\"position\":2,\"name\":\"Magazin\",\"item\":\"https:\/\/www.zoko.ro\/magazin\/\"},{\"@type\":\"ListItem\",\"position\":3,\"name\":\"Suport cilindric pentru br\u0103\u021b\u0103ri, expunere elegant\u0103 din catifea, \u00een\u0103l\u021bime 15 cm, Gonga\u00ae\"}]},{\"@type\":\"WebSite\",\"@id\":\"https:\/\/www.zoko.ro\/#website\",\"url\":\"https:\/\/www.zoko.ro\/\",\"name\":\"ZOKO.ro\",\"description\":\"Cump\u0103r\u0103 inteligent\",\"publisher\":{\"@id\":\"https:\/\/www.zoko.ro\/#organization\"},\"potentialAction\":[{\"@type\":\"SearchAction\",\"target\":{\"@type\":\"EntryPoint\",\"urlTemplate\":\"https:\/\/www.zoko.ro\/?s={search_term_string}\"},\"query-input\":{\"@type\":\"PropertyValueSpecification\",\"valueRequired\":true,\"valueName\":\"search_term_string\"}}],\"inLanguage\":\"en-GB\"},{\"@type\":\"Organization\",\"@id\":\"https:\/\/www.zoko.ro\/#organization\",\"name\":\"ZOKO\",\"url\":\"https:\/\/www.zoko.ro\/\",\"logo\":{\"@type\":\"ImageObject\",\"inLanguage\":\"en-GB\",\"@id\":\"https:\/\/www.zoko.ro\/#\/schema\/logo\/image\/\",\"url\":\"https:\/\/www.zoko.ro\/wp-content\/uploads\/2025\/03\/logo1.svg\",\"contentUrl\":\"https:\/\/www.zoko.ro\/wp-content\/uploads\/2025\/03\/logo1.svg\",\"width\":799,\"height\":216,\"caption\":\"ZOKO\"},\"image\":{\"@id\":\"https:\/\/www.zoko.ro\/#\/schema\/logo\/image\/\"},\"sameAs\":[\"https:\/\/www.facebook.com\/profile.php?id=61584344135075\"]}]}<\/script>\n<!-- \/ Yoast SEO plugin. -->","yoast_head_json":{"title":"Suport cilindric pentru br\u0103\u021b\u0103ri, expunere elegant\u0103 din catifea, \u00een\u0103l\u021bime 15 cm, Gonga\u00ae | ZOKO","robots":{"index":"index","follow":"follow","max-snippet":"max-snippet:-1","max-image-preview":"max-image-preview:large","max-video-preview":"max-video-preview:-1"},"canonical":"https:\/\/www.zoko.ro\/en\/p\/suport-cilindric-pentru-bratari-expunere-eleganta-din-catifea-inaltime-15-cm-gonga\/","og_locale":"en_GB","og_type":"article","og_title":"Suport cilindric pentru br\u0103\u021b\u0103ri, expunere elegant\u0103 din catifea, \u00een\u0103l\u021bime 15 cm, Gonga\u00ae | ZOKO","og_description":"Culoare: Negru Suport cilindric pentru br\u0103\u021b\u0103ri, expunere elegant\u0103 din catifea neagr\u0103, \u00een\u0103l\u021bime 15 cm Acest suport cilindric pentru br\u0103\u021b\u0103ri este","og_url":"https:\/\/www.zoko.ro\/en\/p\/suport-cilindric-pentru-bratari-expunere-eleganta-din-catifea-inaltime-15-cm-gonga\/","og_site_name":"ZOKO","article_publisher":"https:\/\/www.facebook.com\/profile.php?id=61584344135075","og_image":[{"width":968,"height":989,"url":"https:\/\/www.zoko.ro\/wp-content\/uploads\/2025\/03\/suport-cilindric-pentru-braari-expunere-eleganta-din-catifea-neagra-inalime-15-cm-gonga.jpg","type":"image\/jpeg"}],"twitter_card":"summary_large_image","twitter_misc":{"Estimated reading time":"1 minute"},"schema":{"@context":"https:\/\/schema.org","@graph":[{"@type":"WebPage","@id":"https:\/\/www.zoko.ro\/p\/suport-cilindric-pentru-bratari-expunere-eleganta-din-catifea-inaltime-15-cm-gonga\/","url":"https:\/\/www.zoko.ro\/p\/suport-cilindric-pentru-bratari-expunere-eleganta-din-catifea-inaltime-15-cm-gonga\/","name":"Suport cilindric pentru br\u0103\u021b\u0103ri, expunere elegant\u0103 din catifea, \u00een\u0103l\u021bime 15 cm, Gonga\u00ae | ZOKO","isPartOf":{"@id":"https:\/\/www.zoko.ro\/#website"},"primaryImageOfPage":{"@id":"https:\/\/www.zoko.ro\/p\/suport-cilindric-pentru-bratari-expunere-eleganta-din-catifea-inaltime-15-cm-gonga\/#primaryimage"},"image":{"@id":"https:\/\/www.zoko.ro\/p\/suport-cilindric-pentru-bratari-expunere-eleganta-din-catifea-inaltime-15-cm-gonga\/#primaryimage"},"thumbnailUrl":"https:\/\/www.zoko.ro\/wp-content\/uploads\/2025\/03\/suport-cilindric-pentru-braari-expunere-eleganta-din-catifea-neagra-inalime-15-cm-gonga.jpg","datePublished":"2026-04-28T21:36:51+00:00","breadcrumb":{"@id":"https:\/\/www.zoko.ro\/p\/suport-cilindric-pentru-bratari-expunere-eleganta-din-catifea-inaltime-15-cm-gonga\/#breadcrumb"},"inLanguage":"en-GB","potentialAction":[{"@type":"ReadAction","target":["https:\/\/www.zoko.ro\/p\/suport-cilindric-pentru-bratari-expunere-eleganta-din-catifea-inaltime-15-cm-gonga\/"]}]},{"@type":"ImageObject","inLanguage":"en-GB","@id":"https:\/\/www.zoko.ro\/p\/suport-cilindric-pentru-bratari-expunere-eleganta-din-catifea-inaltime-15-cm-gonga\/#primaryimage","url":"https:\/\/www.zoko.ro\/wp-content\/uploads\/2025\/03\/suport-cilindric-pentru-braari-expunere-eleganta-din-catifea-neagra-inalime-15-cm-gonga.jpg","contentUrl":"https:\/\/www.zoko.ro\/wp-content\/uploads\/2025\/03\/suport-cilindric-pentru-braari-expunere-eleganta-din-catifea-neagra-inalime-15-cm-gonga.jpg","width":968,"height":989},{"@type":"BreadcrumbList","@id":"https:\/\/www.zoko.ro\/p\/suport-cilindric-pentru-bratari-expunere-eleganta-din-catifea-inaltime-15-cm-gonga\/#breadcrumb","itemListElement":[{"@type":"ListItem","position":1,"name":"Home","item":"https:\/\/www.zoko.ro\/"},{"@type":"ListItem","position":2,"name":"Magazin","item":"https:\/\/www.zoko.ro\/magazin\/"},{"@type":"ListItem","position":3,"name":"Suport cilindric pentru br\u0103\u021b\u0103ri, expunere elegant\u0103 din catifea, \u00een\u0103l\u021bime 15 cm, Gonga\u00ae"}]},{"@type":"WebSite","@id":"https:\/\/www.zoko.ro\/#website","url":"https:\/\/www.zoko.ro\/","name":"ZOKO.ro","description":"Cump\u0103r\u0103 inteligent","publisher":{"@id":"https:\/\/www.zoko.ro\/#organization"},"potentialAction":[{"@type":"SearchAction","target":{"@type":"EntryPoint","urlTemplate":"https:\/\/www.zoko.ro\/?s={search_term_string}"},"query-input":{"@type":"PropertyValueSpecification","valueRequired":true,"valueName":"search_term_string"}}],"inLanguage":"en-GB"},{"@type":"Organization","@id":"https:\/\/www.zoko.ro\/#organization","name":"ZOKO","url":"https:\/\/www.zoko.ro\/","logo":{"@type":"ImageObject","inLanguage":"en-GB","@id":"https:\/\/www.zoko.ro\/#\/schema\/logo\/image\/","url":"https:\/\/www.zoko.ro\/wp-content\/uploads\/2025\/03\/logo1.svg","contentUrl":"https:\/\/www.zoko.ro\/wp-content\/uploads\/2025\/03\/logo1.svg","width":799,"height":216,"caption":"ZOKO"},"image":{"@id":"https:\/\/www.zoko.ro\/#\/schema\/logo\/image\/"},"sameAs":["https:\/\/www.facebook.com\/profile.php?id=61584344135075"]}]}},"_links":{"self":[{"href":"https:\/\/www.zoko.ro\/en\/wp-json\/wp\/v2\/product\/13074","targetHints":{"allow":["GET"]}}],"collection":[{"href":"https:\/\/www.zoko.ro\/en\/wp-json\/wp\/v2\/product"}],"about":[{"href":"https:\/\/www.zoko.ro\/en\/wp-json\/wp\/v2\/types\/product"}],"replies":[{"embeddable":true,"href":"https:\/\/www.zoko.ro\/en\/wp-json\/wp\/v2\/comments?post=13074"}],"version-history":[{"count":1,"href":"https:\/\/www.zoko.ro\/en\/wp-json\/wp\/v2\/product\/13074\/revisions"}],"predecessor-version":[{"id":13075,"href":"https:\/\/www.zoko.ro\/en\/wp-json\/wp\/v2\/product\/13074\/revisions\/13075"}],"wp:featuredmedia":[{"embeddable":true,"href":"https:\/\/www.zoko.ro\/en\/wp-json\/wp\/v2\/media\/13076"}],"wp:attachment":[{"href":"https:\/\/www.zoko.ro\/en\/wp-json\/wp\/v2\/media?parent=13074"}],"wp:term":[{"taxonomy":"product_brand","embeddable":true,"href":"https:\/\/www.zoko.ro\/en\/wp-json\/wp\/v2\/product_brand?post=13074"},{"taxonomy":"product_cat","embeddable":true,"href":"https:\/\/www.zoko.ro\/en\/wp-json\/wp\/v2\/product_cat?post=13074"},{"taxonomy":"product_tag","embeddable":true,"href":"https:\/\/www.zoko.ro\/en\/wp-json\/wp\/v2\/product_tag?post=13074"}],"curies":[{"name":"wp","href":"https:\/\/api.w.org\/{rel}","templated":true}]}}