{"id":13183,"date":"2026-04-28T23:36:55","date_gmt":"2026-04-28T21:36:55","guid":{"rendered":"https:\/\/www.zoko.ro\/p\/set-4-pahare-design-deosebit-pentru-cafea-latte-si-long-drinkuri-270-ml-gonga\/"},"modified":"2026-04-28T23:36:55","modified_gmt":"2026-04-28T21:36:55","slug":"set-4-pahare-design-deosebit-pentru-cafea-latte-si-long-drinkuri-270-ml-gonga","status":"publish","type":"product","link":"https:\/\/www.zoko.ro\/en\/p\/set-4-pahare-design-deosebit-pentru-cafea-latte-si-long-drinkuri-270-ml-gonga\/","title":{"rendered":"Set 4 pahare design deosebit, pentru cafea latte \u0219i long drinkuri, 270 ml, Gonga\u00ae"},"content":{"rendered":"<p><strong>Culoare:<\/strong> Transparent<\/p>\n<p><strong>Set 4 pahare cu design deosebit, pentru cafea latte \u0219i long drinks, 270 ml<\/strong><\/p>\n<p>Acest set de 4 pahare elegante este alegerea perfect\u0103 pentru servirea cafelei latte, a b\u0103uturilor r\u0103coritoare sau a long drink-urilor preferate. Fabricate din sticl\u0103 c\u0103lit\u0103 de \u00eenalt\u0103 calitate, paharele sunt rezistente la deteriorare \u0219i zg\u00e2rieturi, asigur\u00e2nd durabilitate \u0219i un aspect impecabil \u00een timp.<\/p>\n<p><img loading=\"lazy\" decoding=\"async\" src=\"https:\/\/gonga.ro\/img\/cms\/Set%204%20pahare%20design%20deosebit,%20pentru%20cafea%20latte%20%C8%99i%20long%20drinkuri,%20270%20ml,%20Gonga%C2%AE8.jpg\" alt=\"\" width=\"1001\" height=\"1001\" \/><\/p>\n<p>Cu un design rafinat \u0219i suprafa\u021b\u0103 canelat\u0103, aceste pahare nu doar c\u0103 ofer\u0103 un plus de elegan\u021b\u0103 meselor tale, dar \u0219i se a\u0219az\u0103 perfect \u00een m\u00e2n\u0103, oferindu-\u021bi confort la utilizare. Fie c\u0103 sunt folosite zilnic sau expuse \u00eentr-o vitrin\u0103, ele \u00ee\u0219i p\u0103streaz\u0103 farmecul \u0219i rafinamentul.<\/p>\n<p><img loading=\"lazy\" decoding=\"async\" src=\"https:\/\/gonga.ro\/img\/cms\/Set%204%20pahare%20design%20deosebit,%20pentru%20cafea%20latte%20%C8%99i%20long%20drinkuri,%20270%20ml,%20Gonga%C2%AE9.jpg\" alt=\"\" width=\"1001\" height=\"1001\" \/><\/p>\n<p>Rezistente \u0219i durabile \u2013 fabricate din sticl\u0103 c\u0103lit\u0103<\/p>\n<p>Design sofisticat \u2013 potrivite pentru orice ocazie<\/p>\n<p>U\u0219or de \u00eentre\u021binut \u2013 compatibile cu ma\u0219ina de sp\u0103lat vase (max. 30\u00b0C, raft superior)<\/p>\n<p>Ambalate \u00eentr-o cutie elegant\u0103, fiind ideale \u0219i pentru cadou<\/p>\n<p>Transform\u0103 fiecare moment de relaxare \u00eentr-o experien\u021b\u0103 stilat\u0103 cu aceste pahare cu design deosebit!<\/p>\n<p><img loading=\"lazy\" decoding=\"async\" src=\"https:\/\/gonga.ro\/img\/cms\/Set%204%20pahare%20design%20deosebit,%20pentru%20cafea%20latte%20%C8%99i%20long%20drinkuri,%20270%20ml,%20Gonga%C2%AE6_1.jpg\" alt=\"\" width=\"1001\" height=\"1001\" \/><\/p>\n<\/p>\n<p><strong>Specificatii:<\/strong><\/p>\n<\/p>\n<p>&#8211; Material: sticla borosilicata<\/p>\n<p>&#8211; Dimensiune pahar: 14 x 6.9 cm<\/p>\n<p>&#8211; Dimensiune set: 35 cm x 18 cm x 11 cm<\/p>\n<p>&#8211; Greutate pahar: 340 g<\/p>","protected":false},"excerpt":{"rendered":"<p>Culoare: Transparent Set 4 pahare cu design deosebit, pentru cafea latte \u0219i long drinks, 270 ml Acest set de 4<\/p>","protected":false},"featured_media":13185,"comment_status":"open","ping_status":"open","template":"","meta":[],"product_brand":[],"product_cat":[99,108,107,100,189],"product_tag":[104],"class_list":{"0":"post-13183","1":"product","2":"type-product","3":"status-publish","4":"has-post-thumbnail","6":"product_cat-acasa","7":"product_cat-accesorii-bar","8":"product_cat-bucatarie-si-servire","9":"product_cat-casa-gradina","10":"product_cat-seturi-pahare","11":"product_tag-in-stoc","12":"pa_culoare-transparent","14":"first","15":"instock","16":"sale","17":"purchasable","18":"product-type-simple"},"yoast_head":"<!-- This site is optimized with the Yoast SEO plugin v27.2 - https:\/\/yoast.com\/product\/yoast-seo-wordpress\/ -->\n<title>Set 4 pahare design deosebit, pentru cafea latte \u0219i long drinkuri, 270 ml, Gonga\u00ae | ZOKO<\/title>\n<meta name=\"robots\" content=\"index, follow, max-snippet:-1, max-image-preview:large, max-video-preview:-1\" \/>\n<link rel=\"canonical\" href=\"https:\/\/www.zoko.ro\/en\/p\/set-4-pahare-design-deosebit-pentru-cafea-latte-si-long-drinkuri-270-ml-gonga\/\" \/>\n<meta property=\"og:locale\" content=\"en_GB\" \/>\n<meta property=\"og:type\" content=\"article\" \/>\n<meta property=\"og:title\" content=\"Set 4 pahare design deosebit, pentru cafea latte \u0219i long drinkuri, 270 ml, Gonga\u00ae | ZOKO\" \/>\n<meta property=\"og:description\" content=\"Culoare: Transparent Set 4 pahare cu design deosebit, pentru cafea latte \u0219i long drinks, 270 ml Acest set de 4\" \/>\n<meta property=\"og:url\" content=\"https:\/\/www.zoko.ro\/en\/p\/set-4-pahare-design-deosebit-pentru-cafea-latte-si-long-drinkuri-270-ml-gonga\/\" \/>\n<meta property=\"og:site_name\" content=\"ZOKO\" \/>\n<meta property=\"article:publisher\" content=\"https:\/\/www.facebook.com\/profile.php?id=61584344135075\" \/>\n<meta property=\"og:image\" content=\"https:\/\/www.zoko.ro\/wp-content\/uploads\/2025\/03\/set-4-pahare-design-deosebit-pentru-cafea-latte-i-long-drinkuri-270-ml-gonga.jpg\" \/>\n\t<meta property=\"og:image:width\" content=\"800\" \/>\n\t<meta property=\"og:image:height\" content=\"800\" \/>\n\t<meta property=\"og:image:type\" content=\"image\/jpeg\" \/>\n<meta name=\"twitter:card\" content=\"summary_large_image\" \/>\n<meta name=\"twitter:label1\" content=\"Estimated reading time\" \/>\n\t<meta name=\"twitter:data1\" content=\"1 minute\" \/>\n<script type=\"application\/ld+json\" class=\"yoast-schema-graph\">{\"@context\":\"https:\/\/schema.org\",\"@graph\":[{\"@type\":\"WebPage\",\"@id\":\"https:\/\/www.zoko.ro\/p\/set-4-pahare-design-deosebit-pentru-cafea-latte-si-long-drinkuri-270-ml-gonga\/\",\"url\":\"https:\/\/www.zoko.ro\/p\/set-4-pahare-design-deosebit-pentru-cafea-latte-si-long-drinkuri-270-ml-gonga\/\",\"name\":\"Set 4 pahare design deosebit, pentru cafea latte \u0219i long drinkuri, 270 ml, Gonga\u00ae | ZOKO\",\"isPartOf\":{\"@id\":\"https:\/\/www.zoko.ro\/#website\"},\"primaryImageOfPage\":{\"@id\":\"https:\/\/www.zoko.ro\/p\/set-4-pahare-design-deosebit-pentru-cafea-latte-si-long-drinkuri-270-ml-gonga\/#primaryimage\"},\"image\":{\"@id\":\"https:\/\/www.zoko.ro\/p\/set-4-pahare-design-deosebit-pentru-cafea-latte-si-long-drinkuri-270-ml-gonga\/#primaryimage\"},\"thumbnailUrl\":\"https:\/\/www.zoko.ro\/wp-content\/uploads\/2025\/03\/set-4-pahare-design-deosebit-pentru-cafea-latte-i-long-drinkuri-270-ml-gonga.jpg\",\"datePublished\":\"2026-04-28T21:36:55+00:00\",\"breadcrumb\":{\"@id\":\"https:\/\/www.zoko.ro\/p\/set-4-pahare-design-deosebit-pentru-cafea-latte-si-long-drinkuri-270-ml-gonga\/#breadcrumb\"},\"inLanguage\":\"en-GB\",\"potentialAction\":[{\"@type\":\"ReadAction\",\"target\":[\"https:\/\/www.zoko.ro\/p\/set-4-pahare-design-deosebit-pentru-cafea-latte-si-long-drinkuri-270-ml-gonga\/\"]}]},{\"@type\":\"ImageObject\",\"inLanguage\":\"en-GB\",\"@id\":\"https:\/\/www.zoko.ro\/p\/set-4-pahare-design-deosebit-pentru-cafea-latte-si-long-drinkuri-270-ml-gonga\/#primaryimage\",\"url\":\"https:\/\/www.zoko.ro\/wp-content\/uploads\/2025\/03\/set-4-pahare-design-deosebit-pentru-cafea-latte-i-long-drinkuri-270-ml-gonga.jpg\",\"contentUrl\":\"https:\/\/www.zoko.ro\/wp-content\/uploads\/2025\/03\/set-4-pahare-design-deosebit-pentru-cafea-latte-i-long-drinkuri-270-ml-gonga.jpg\",\"width\":800,\"height\":800},{\"@type\":\"BreadcrumbList\",\"@id\":\"https:\/\/www.zoko.ro\/p\/set-4-pahare-design-deosebit-pentru-cafea-latte-si-long-drinkuri-270-ml-gonga\/#breadcrumb\",\"itemListElement\":[{\"@type\":\"ListItem\",\"position\":1,\"name\":\"Home\",\"item\":\"https:\/\/www.zoko.ro\/\"},{\"@type\":\"ListItem\",\"position\":2,\"name\":\"Magazin\",\"item\":\"https:\/\/www.zoko.ro\/magazin\/\"},{\"@type\":\"ListItem\",\"position\":3,\"name\":\"Set 4 pahare design deosebit, pentru cafea latte \u0219i long drinkuri, 270 ml, Gonga\u00ae\"}]},{\"@type\":\"WebSite\",\"@id\":\"https:\/\/www.zoko.ro\/#website\",\"url\":\"https:\/\/www.zoko.ro\/\",\"name\":\"ZOKO.ro\",\"description\":\"Cump\u0103r\u0103 inteligent\",\"publisher\":{\"@id\":\"https:\/\/www.zoko.ro\/#organization\"},\"potentialAction\":[{\"@type\":\"SearchAction\",\"target\":{\"@type\":\"EntryPoint\",\"urlTemplate\":\"https:\/\/www.zoko.ro\/?s={search_term_string}\"},\"query-input\":{\"@type\":\"PropertyValueSpecification\",\"valueRequired\":true,\"valueName\":\"search_term_string\"}}],\"inLanguage\":\"en-GB\"},{\"@type\":\"Organization\",\"@id\":\"https:\/\/www.zoko.ro\/#organization\",\"name\":\"ZOKO\",\"url\":\"https:\/\/www.zoko.ro\/\",\"logo\":{\"@type\":\"ImageObject\",\"inLanguage\":\"en-GB\",\"@id\":\"https:\/\/www.zoko.ro\/#\/schema\/logo\/image\/\",\"url\":\"https:\/\/www.zoko.ro\/wp-content\/uploads\/2025\/03\/logo1.svg\",\"contentUrl\":\"https:\/\/www.zoko.ro\/wp-content\/uploads\/2025\/03\/logo1.svg\",\"width\":799,\"height\":216,\"caption\":\"ZOKO\"},\"image\":{\"@id\":\"https:\/\/www.zoko.ro\/#\/schema\/logo\/image\/\"},\"sameAs\":[\"https:\/\/www.facebook.com\/profile.php?id=61584344135075\"]}]}<\/script>\n<!-- \/ Yoast SEO plugin. -->","yoast_head_json":{"title":"Set 4 pahare design deosebit, pentru cafea latte \u0219i long drinkuri, 270 ml, Gonga\u00ae | ZOKO","robots":{"index":"index","follow":"follow","max-snippet":"max-snippet:-1","max-image-preview":"max-image-preview:large","max-video-preview":"max-video-preview:-1"},"canonical":"https:\/\/www.zoko.ro\/en\/p\/set-4-pahare-design-deosebit-pentru-cafea-latte-si-long-drinkuri-270-ml-gonga\/","og_locale":"en_GB","og_type":"article","og_title":"Set 4 pahare design deosebit, pentru cafea latte \u0219i long drinkuri, 270 ml, Gonga\u00ae | ZOKO","og_description":"Culoare: Transparent Set 4 pahare cu design deosebit, pentru cafea latte \u0219i long drinks, 270 ml Acest set de 4","og_url":"https:\/\/www.zoko.ro\/en\/p\/set-4-pahare-design-deosebit-pentru-cafea-latte-si-long-drinkuri-270-ml-gonga\/","og_site_name":"ZOKO","article_publisher":"https:\/\/www.facebook.com\/profile.php?id=61584344135075","og_image":[{"width":800,"height":800,"url":"https:\/\/www.zoko.ro\/wp-content\/uploads\/2025\/03\/set-4-pahare-design-deosebit-pentru-cafea-latte-i-long-drinkuri-270-ml-gonga.jpg","type":"image\/jpeg"}],"twitter_card":"summary_large_image","twitter_misc":{"Estimated reading time":"1 minute"},"schema":{"@context":"https:\/\/schema.org","@graph":[{"@type":"WebPage","@id":"https:\/\/www.zoko.ro\/p\/set-4-pahare-design-deosebit-pentru-cafea-latte-si-long-drinkuri-270-ml-gonga\/","url":"https:\/\/www.zoko.ro\/p\/set-4-pahare-design-deosebit-pentru-cafea-latte-si-long-drinkuri-270-ml-gonga\/","name":"Set 4 pahare design deosebit, pentru cafea latte \u0219i long drinkuri, 270 ml, Gonga\u00ae | ZOKO","isPartOf":{"@id":"https:\/\/www.zoko.ro\/#website"},"primaryImageOfPage":{"@id":"https:\/\/www.zoko.ro\/p\/set-4-pahare-design-deosebit-pentru-cafea-latte-si-long-drinkuri-270-ml-gonga\/#primaryimage"},"image":{"@id":"https:\/\/www.zoko.ro\/p\/set-4-pahare-design-deosebit-pentru-cafea-latte-si-long-drinkuri-270-ml-gonga\/#primaryimage"},"thumbnailUrl":"https:\/\/www.zoko.ro\/wp-content\/uploads\/2025\/03\/set-4-pahare-design-deosebit-pentru-cafea-latte-i-long-drinkuri-270-ml-gonga.jpg","datePublished":"2026-04-28T21:36:55+00:00","breadcrumb":{"@id":"https:\/\/www.zoko.ro\/p\/set-4-pahare-design-deosebit-pentru-cafea-latte-si-long-drinkuri-270-ml-gonga\/#breadcrumb"},"inLanguage":"en-GB","potentialAction":[{"@type":"ReadAction","target":["https:\/\/www.zoko.ro\/p\/set-4-pahare-design-deosebit-pentru-cafea-latte-si-long-drinkuri-270-ml-gonga\/"]}]},{"@type":"ImageObject","inLanguage":"en-GB","@id":"https:\/\/www.zoko.ro\/p\/set-4-pahare-design-deosebit-pentru-cafea-latte-si-long-drinkuri-270-ml-gonga\/#primaryimage","url":"https:\/\/www.zoko.ro\/wp-content\/uploads\/2025\/03\/set-4-pahare-design-deosebit-pentru-cafea-latte-i-long-drinkuri-270-ml-gonga.jpg","contentUrl":"https:\/\/www.zoko.ro\/wp-content\/uploads\/2025\/03\/set-4-pahare-design-deosebit-pentru-cafea-latte-i-long-drinkuri-270-ml-gonga.jpg","width":800,"height":800},{"@type":"BreadcrumbList","@id":"https:\/\/www.zoko.ro\/p\/set-4-pahare-design-deosebit-pentru-cafea-latte-si-long-drinkuri-270-ml-gonga\/#breadcrumb","itemListElement":[{"@type":"ListItem","position":1,"name":"Home","item":"https:\/\/www.zoko.ro\/"},{"@type":"ListItem","position":2,"name":"Magazin","item":"https:\/\/www.zoko.ro\/magazin\/"},{"@type":"ListItem","position":3,"name":"Set 4 pahare design deosebit, pentru cafea latte \u0219i long drinkuri, 270 ml, Gonga\u00ae"}]},{"@type":"WebSite","@id":"https:\/\/www.zoko.ro\/#website","url":"https:\/\/www.zoko.ro\/","name":"ZOKO.ro","description":"Cump\u0103r\u0103 inteligent","publisher":{"@id":"https:\/\/www.zoko.ro\/#organization"},"potentialAction":[{"@type":"SearchAction","target":{"@type":"EntryPoint","urlTemplate":"https:\/\/www.zoko.ro\/?s={search_term_string}"},"query-input":{"@type":"PropertyValueSpecification","valueRequired":true,"valueName":"search_term_string"}}],"inLanguage":"en-GB"},{"@type":"Organization","@id":"https:\/\/www.zoko.ro\/#organization","name":"ZOKO","url":"https:\/\/www.zoko.ro\/","logo":{"@type":"ImageObject","inLanguage":"en-GB","@id":"https:\/\/www.zoko.ro\/#\/schema\/logo\/image\/","url":"https:\/\/www.zoko.ro\/wp-content\/uploads\/2025\/03\/logo1.svg","contentUrl":"https:\/\/www.zoko.ro\/wp-content\/uploads\/2025\/03\/logo1.svg","width":799,"height":216,"caption":"ZOKO"},"image":{"@id":"https:\/\/www.zoko.ro\/#\/schema\/logo\/image\/"},"sameAs":["https:\/\/www.facebook.com\/profile.php?id=61584344135075"]}]}},"_links":{"self":[{"href":"https:\/\/www.zoko.ro\/en\/wp-json\/wp\/v2\/product\/13183","targetHints":{"allow":["GET"]}}],"collection":[{"href":"https:\/\/www.zoko.ro\/en\/wp-json\/wp\/v2\/product"}],"about":[{"href":"https:\/\/www.zoko.ro\/en\/wp-json\/wp\/v2\/types\/product"}],"replies":[{"embeddable":true,"href":"https:\/\/www.zoko.ro\/en\/wp-json\/wp\/v2\/comments?post=13183"}],"version-history":[{"count":1,"href":"https:\/\/www.zoko.ro\/en\/wp-json\/wp\/v2\/product\/13183\/revisions"}],"predecessor-version":[{"id":13184,"href":"https:\/\/www.zoko.ro\/en\/wp-json\/wp\/v2\/product\/13183\/revisions\/13184"}],"wp:featuredmedia":[{"embeddable":true,"href":"https:\/\/www.zoko.ro\/en\/wp-json\/wp\/v2\/media\/13185"}],"wp:attachment":[{"href":"https:\/\/www.zoko.ro\/en\/wp-json\/wp\/v2\/media?parent=13183"}],"wp:term":[{"taxonomy":"product_brand","embeddable":true,"href":"https:\/\/www.zoko.ro\/en\/wp-json\/wp\/v2\/product_brand?post=13183"},{"taxonomy":"product_cat","embeddable":true,"href":"https:\/\/www.zoko.ro\/en\/wp-json\/wp\/v2\/product_cat?post=13183"},{"taxonomy":"product_tag","embeddable":true,"href":"https:\/\/www.zoko.ro\/en\/wp-json\/wp\/v2\/product_tag?post=13183"}],"curies":[{"name":"wp","href":"https:\/\/api.w.org\/{rel}","templated":true}]}}